{"id":124,"date":"2022-06-28T22:59:15","date_gmt":"2022-06-28T20:59:15","guid":{"rendered":"https:\/\/naturvernforbundet.no\/agder\/?page_id=124"},"modified":"2022-10-22T10:39:54","modified_gmt":"2022-10-22T08:39:54","slug":"sorlandsbanen","status":"publish","type":"page","link":"https:\/\/naturvernforbundet.no\/agder\/sorlandsbanen\/","title":{"rendered":"S\u00f8rlandsbanen"},"content":{"rendered":"\t<div class=\"template-page has-media alignfull wp-block-naturvern-hero\">\n\t\t<div class=\"hero__inner\">\n\t\t\t<div class=\"hero__inner_blocks\">\n\t\t\t\t\t\t\t\t\n<h1 class=\"wp-block-post-title\">S\u00f8rlandsbanen<\/h1>\n\n\n<p><\/p>\n\n\n\n<div class=\"wp-block-buttons is-layout-flex wp-block-buttons-is-layout-flex\"><\/div>\n\n\t\t\t<\/div>\n\t\t\t\t\t<\/div>\n\t\t\t\t\t<div class=\"hero__image\">\n\t\t\t\t\t\t\t\t\t\t<img fetchpriority=\"high\" decoding=\"async\" width=\"950\" height=\"632\" src=\"https:\/\/naturvernforbundet.no\/content\/uploads\/sites\/2\/2022\/10\/sorlandsbanen-over-Gjerstadelva-foto-holger-schlaupitz.jpg-fullscreen.jpg\" class=\"attachment-ultra size-ultra\" alt=\"\" style=\"object-position: 50% 50%;\" loading=\"eager\" srcset=\"https:\/\/naturvernforbundet.no\/content\/uploads\/sites\/2\/2022\/10\/sorlandsbanen-over-Gjerstadelva-foto-holger-schlaupitz.jpg-fullscreen.jpg 950w, https:\/\/naturvernforbundet.no\/content\/uploads\/sites\/2\/2022\/10\/sorlandsbanen-over-Gjerstadelva-foto-holger-schlaupitz.jpg-fullscreen-300x200.jpg 300w, https:\/\/naturvernforbundet.no\/content\/uploads\/sites\/2\/2022\/10\/sorlandsbanen-over-Gjerstadelva-foto-holger-schlaupitz.jpg-fullscreen-768x511.jpg 768w\" sizes=\"(max-width: 950px) 100vw, 950px\" \/>\t\t\t\t\t\t<\/div>\n\t\t\t<\/div>\n\t\n\n\n<p>For at flere reisende skal velge det milj\u00f8vennlige toget m\u00e5 Norge prioritere toginvesteringer framfor nye motorveiutbygginger. Naturvernforbundet i Vest-Agder jobber for en sammenkobling av S\u00f8rlandsbanen og Vestfoldbanen fra Gjerstad via Krager\u00f8d (Tangen) til Porsgrunn. Denne sammenkoblingen vil gi betydelig kortere reisetid til Oslo og i tillegg bedre kollektivforbindelse mellom S\u00f8rlandet og Grenland samt Vestfoldbyene. P\u00e5 sikt \u00f8nsker vi utbygging av en moderne kystjernbane.<\/p>\n\n\n\n<h2 class=\"has-text-align-center wp-block-heading\">Les de siste sakene her:<\/h2>\n\n\n<div class=\"t2-featured-content-layout alignwide alignwide wp-block-t2-featured-content-layout\">\n<div class=\"t2-featured-query-post t2-featured-content is-post-type-page category-innlegg wp-block-t2-featured-query-post\"><a class=\"t2-post-link wp-block-t2-post-link\" href=\"https:\/\/naturvernforbundet.no\/agder\/laer-mer-om-fremmedarter\/\">\n<figure class=\"t2-post-featured-image has-image-ratio-4-3 wp-block-t2-post-featured-image\"><div class=\"t2-post-featured-image__fallback\">L<\/div><\/figure>\n\n<div class=\"wp-block-group alignfull is-layout-flow wp-block-group-is-layout-flow\">\n\t<h2 class=\"t2-post-title wp-block-t2-post-title\">L\u00e6r mer om fremmedarter<\/h2>\n\t<p class=\"wp-block-naturvern-post-excerpt\"><\/p>\n\t\t<div class=\"wp-block-naturvern-post-meta\">\n\t\t\t\t\t<span class=\"cat\">\n\t\t\t\t\t\t\t\t\t<span><span class=\"tag-link\" data-href=\"https:\/\/naturvernforbundet.no\/agder\/category\/innlegg\/\">Innlegg<\/span><\/span>\n\t\t\t\t\t\t\t<\/span>\n\t\t\t\t\t<\/div>\n\t\n<\/div>\n\n<\/a>\n<\/div>\n\n<div class=\"t2-featured-query-post t2-featured-content is-post-type-page category-debattinnlegg category-horingsuttalelse category-innlegg category-nyhet category-ukategorisert wp-block-t2-featured-query-post\"><a class=\"t2-post-link wp-block-t2-post-link\" href=\"https:\/\/naturvernforbundet.no\/agder\/lyngdal-2\/\">\n<figure class=\"t2-post-featured-image has-image-ratio-4-3 wp-block-t2-post-featured-image\"><div class=\"t2-post-featured-image__fallback\">L<\/div><\/figure>\n\n<div class=\"wp-block-group alignfull is-layout-flow wp-block-group-is-layout-flow\">\n\t<h2 class=\"t2-post-title wp-block-t2-post-title\">Lyngdal<\/h2>\n\t<p class=\"wp-block-naturvern-post-excerpt\"><\/p>\n\t\t<div class=\"wp-block-naturvern-post-meta\">\n\t\t\t\t\t<span class=\"cat\">\n\t\t\t\t\t\t\t\t\t<span><span class=\"tag-link\" data-href=\"https:\/\/naturvernforbundet.no\/agder\/category\/debattinnlegg\/\">Debattinnlegg<\/span><\/span>\n\t\t\t\t\t\t\t\t\t<span><span class=\"tag-link\" data-href=\"https:\/\/naturvernforbundet.no\/agder\/category\/horingsuttalelse\/\">H\u00f8ringsuttalelse<\/span><\/span>\n\t\t\t\t\t\t\t\t\t<span><span class=\"tag-link\" data-href=\"https:\/\/naturvernforbundet.no\/agder\/category\/innlegg\/\">Innlegg<\/span><\/span>\n\t\t\t\t\t\t\t\t\t<span><span class=\"tag-link\" data-href=\"https:\/\/naturvernforbundet.no\/agder\/category\/nyhet\/\">Nyhet<\/span><\/span>\n\t\t\t\t\t\t\t\t\t<span><span class=\"tag-link\" data-href=\"https:\/\/naturvernforbundet.no\/agder\/category\/ukategorisert\/\">Ukategorisert<\/span><\/span>\n\t\t\t\t\t\t\t<\/span>\n\t\t\t\t\t<\/div>\n\t\n<\/div>\n\n<\/a>\n<\/div>\n\n<div class=\"t2-featured-query-post t2-featured-content is-post-type-page category-debattinnlegg category-horingsuttalelse category-innlegg category-nyhet category-ukategorisert wp-block-t2-featured-query-post\"><a class=\"t2-post-link wp-block-t2-post-link\" href=\"https:\/\/naturvernforbundet.no\/agder\/lokallag\/\">\n<figure class=\"t2-post-featured-image has-image-ratio-4-3 wp-block-t2-post-featured-image\"><div class=\"t2-post-featured-image__fallback\">L<\/div><\/figure>\n\n<div class=\"wp-block-group alignfull is-layout-flow wp-block-group-is-layout-flow\">\n\t<h2 class=\"t2-post-title wp-block-t2-post-title\">Lokallag<\/h2>\n\t<p class=\"wp-block-naturvern-post-excerpt\"><\/p>\n\t\t<div class=\"wp-block-naturvern-post-meta\">\n\t\t\t\t\t<span class=\"cat\">\n\t\t\t\t\t\t\t\t\t<span><span class=\"tag-link\" data-href=\"https:\/\/naturvernforbundet.no\/agder\/category\/debattinnlegg\/\">Debattinnlegg<\/span><\/span>\n\t\t\t\t\t\t\t\t\t<span><span class=\"tag-link\" data-href=\"https:\/\/naturvernforbundet.no\/agder\/category\/horingsuttalelse\/\">H\u00f8ringsuttalelse<\/span><\/span>\n\t\t\t\t\t\t\t\t\t<span><span class=\"tag-link\" data-href=\"https:\/\/naturvernforbundet.no\/agder\/category\/innlegg\/\">Innlegg<\/span><\/span>\n\t\t\t\t\t\t\t\t\t<span><span class=\"tag-link\" data-href=\"https:\/\/naturvernforbundet.no\/agder\/category\/nyhet\/\">Nyhet<\/span><\/span>\n\t\t\t\t\t\t\t\t\t<span><span class=\"tag-link\" data-href=\"https:\/\/naturvernforbundet.no\/agder\/category\/ukategorisert\/\">Ukategorisert<\/span><\/span>\n\t\t\t\t\t\t\t<\/span>\n\t\t\t\t\t<\/div>\n\t\n<\/div>\n\n<\/a>\n<\/div>\n<\/div>","protected":false},"excerpt":{"rendered":"","protected":false},"author":1,"featured_media":0,"parent":0,"menu_order":0,"comment_status":"closed","ping_status":"closed","template":"","meta":{"_relevanssi_hide_post":"","_relevanssi_hide_content":"","_relevanssi_pin_for_all":"","_relevanssi_pin_keywords":"","_relevanssi_unpin_keywords":"","_relevanssi_related_keywords":"","_relevanssi_related_include_ids":"","_relevanssi_related_exclude_ids":"","_relevanssi_related_no_append":"","_relevanssi_related_not_related":"","_relevanssi_related_posts":"522,430,88,324,40,635","_relevanssi_noindex_reason":"","hide_logo":false,"footnotes":""},"categories":[],"class_list":["post-124","page","type-page","status-publish","hentry"],"acf":[],"yoast_head":"<!-- This site is optimized with the Yoast SEO plugin v24.9 - https:\/\/yoast.com\/wordpress\/plugins\/seo\/ -->\n<title>S\u00f8rlandsbanen - Agder<\/title>\n<meta name=\"robots\" content=\"index, follow, max-snippet:-1, max-image-preview:large, max-video-preview:-1\" \/>\n<link rel=\"canonical\" href=\"https:\/\/naturvernforbundet.no\/agder\/sorlandsbanen\/\" \/>\n<meta property=\"og:locale\" content=\"nb_NO\" \/>\n<meta property=\"og:type\" content=\"article\" \/>\n<meta property=\"og:title\" content=\"S\u00f8rlandsbanen - Agder\" \/>\n<meta property=\"og:url\" content=\"https:\/\/naturvernforbundet.no\/agder\/sorlandsbanen\/\" \/>\n<meta property=\"og:site_name\" content=\"Agder\" \/>\n<meta property=\"article:modified_time\" content=\"2022-10-22T08:39:54+00:00\" \/>\n<meta name=\"twitter:card\" content=\"summary_large_image\" \/>\n<script type=\"application\/ld+json\" class=\"yoast-schema-graph\">{\"@context\":\"https:\/\/schema.org\",\"@graph\":[{\"@type\":\"WebPage\",\"@id\":\"https:\/\/naturvernforbundet.no\/agder\/sorlandsbanen\/\",\"url\":\"https:\/\/naturvernforbundet.no\/agder\/sorlandsbanen\/\",\"name\":\"S\u00f8rlandsbanen - Agder\",\"isPartOf\":{\"@id\":\"https:\/\/naturvernforbundet.no\/agder\/#website\"},\"datePublished\":\"2022-06-28T20:59:15+00:00\",\"dateModified\":\"2022-10-22T08:39:54+00:00\",\"breadcrumb\":{\"@id\":\"https:\/\/naturvernforbundet.no\/agder\/sorlandsbanen\/#breadcrumb\"},\"inLanguage\":\"nb-NO\",\"potentialAction\":[{\"@type\":\"ReadAction\",\"target\":[\"https:\/\/naturvernforbundet.no\/agder\/sorlandsbanen\/\"]}]},{\"@type\":\"BreadcrumbList\",\"@id\":\"https:\/\/naturvernforbundet.no\/agder\/sorlandsbanen\/#breadcrumb\",\"itemListElement\":[{\"@type\":\"ListItem\",\"position\":1,\"name\":\"Till naturvernforbundet.no\",\"item\":\"https:\/\/naturvernforbundet.no\/\"},{\"@type\":\"ListItem\",\"position\":2,\"name\":\"Agder\",\"item\":\"https:\/\/naturvernforbundet.no\/agder\/\"},{\"@type\":\"ListItem\",\"position\":3,\"name\":\"S\u00f8rlandsbanen\"}]},{\"@type\":\"WebSite\",\"@id\":\"https:\/\/naturvernforbundet.no\/agder\/#website\",\"url\":\"https:\/\/naturvernforbundet.no\/agder\/\",\"name\":\"Agder\",\"description\":\"Bare enda et Naturvernforbundet Sites-nettsted\",\"publisher\":{\"@id\":\"https:\/\/naturvernforbundet.no\/agder\/#organization\"},\"potentialAction\":[{\"@type\":\"SearchAction\",\"target\":{\"@type\":\"EntryPoint\",\"urlTemplate\":\"https:\/\/naturvernforbundet.no\/agder\/?s={search_term_string}\"},\"query-input\":{\"@type\":\"PropertyValueSpecification\",\"valueRequired\":true,\"valueName\":\"search_term_string\"}}],\"inLanguage\":\"nb-NO\"},{\"@type\":\"Organization\",\"@id\":\"https:\/\/naturvernforbundet.no\/agder\/#organization\",\"name\":\"Agder\",\"url\":\"https:\/\/naturvernforbundet.no\/agder\/\",\"logo\":{\"@type\":\"ImageObject\",\"inLanguage\":\"nb-NO\",\"@id\":\"https:\/\/naturvernforbundet.no\/agder\/#\/schema\/logo\/image\/\",\"url\":\"https:\/\/naturvernforbundet.no\/content\/uploads\/sites\/2\/2022\/08\/logo.png\",\"contentUrl\":\"https:\/\/naturvernforbundet.no\/content\/uploads\/sites\/2\/2022\/08\/logo.png\",\"width\":301,\"height\":33,\"caption\":\"Agder\"},\"image\":{\"@id\":\"https:\/\/naturvernforbundet.no\/agder\/#\/schema\/logo\/image\/\"}}]}<\/script>\n<!-- \/ Yoast SEO plugin. -->","yoast_head_json":{"title":"S\u00f8rlandsbanen - Agder","robots":{"index":"index","follow":"follow","max-snippet":"max-snippet:-1","max-image-preview":"max-image-preview:large","max-video-preview":"max-video-preview:-1"},"canonical":"https:\/\/naturvernforbundet.no\/agder\/sorlandsbanen\/","og_locale":"nb_NO","og_type":"article","og_title":"S\u00f8rlandsbanen - Agder","og_url":"https:\/\/naturvernforbundet.no\/agder\/sorlandsbanen\/","og_site_name":"Agder","article_modified_time":"2022-10-22T08:39:54+00:00","twitter_card":"summary_large_image","schema":{"@context":"https:\/\/schema.org","@graph":[{"@type":"WebPage","@id":"https:\/\/naturvernforbundet.no\/agder\/sorlandsbanen\/","url":"https:\/\/naturvernforbundet.no\/agder\/sorlandsbanen\/","name":"S\u00f8rlandsbanen - Agder","isPartOf":{"@id":"https:\/\/naturvernforbundet.no\/agder\/#website"},"datePublished":"2022-06-28T20:59:15+00:00","dateModified":"2022-10-22T08:39:54+00:00","breadcrumb":{"@id":"https:\/\/naturvernforbundet.no\/agder\/sorlandsbanen\/#breadcrumb"},"inLanguage":"nb-NO","potentialAction":[{"@type":"ReadAction","target":["https:\/\/naturvernforbundet.no\/agder\/sorlandsbanen\/"]}]},{"@type":"BreadcrumbList","@id":"https:\/\/naturvernforbundet.no\/agder\/sorlandsbanen\/#breadcrumb","itemListElement":[{"@type":"ListItem","position":1,"name":"Till naturvernforbundet.no","item":"https:\/\/naturvernforbundet.no\/"},{"@type":"ListItem","position":2,"name":"Agder","item":"https:\/\/naturvernforbundet.no\/agder\/"},{"@type":"ListItem","position":3,"name":"S\u00f8rlandsbanen"}]},{"@type":"WebSite","@id":"https:\/\/naturvernforbundet.no\/agder\/#website","url":"https:\/\/naturvernforbundet.no\/agder\/","name":"Agder","description":"Bare enda et Naturvernforbundet Sites-nettsted","publisher":{"@id":"https:\/\/naturvernforbundet.no\/agder\/#organization"},"potentialAction":[{"@type":"SearchAction","target":{"@type":"EntryPoint","urlTemplate":"https:\/\/naturvernforbundet.no\/agder\/?s={search_term_string}"},"query-input":{"@type":"PropertyValueSpecification","valueRequired":true,"valueName":"search_term_string"}}],"inLanguage":"nb-NO"},{"@type":"Organization","@id":"https:\/\/naturvernforbundet.no\/agder\/#organization","name":"Agder","url":"https:\/\/naturvernforbundet.no\/agder\/","logo":{"@type":"ImageObject","inLanguage":"nb-NO","@id":"https:\/\/naturvernforbundet.no\/agder\/#\/schema\/logo\/image\/","url":"https:\/\/naturvernforbundet.no\/content\/uploads\/sites\/2\/2022\/08\/logo.png","contentUrl":"https:\/\/naturvernforbundet.no\/content\/uploads\/sites\/2\/2022\/08\/logo.png","width":301,"height":33,"caption":"Agder"},"image":{"@id":"https:\/\/naturvernforbundet.no\/agder\/#\/schema\/logo\/image\/"}}]}},"_links":{"self":[{"href":"https:\/\/naturvernforbundet.no\/agder\/wp-json\/wp\/v2\/pages\/124","targetHints":{"allow":["GET"]}}],"collection":[{"href":"https:\/\/naturvernforbundet.no\/agder\/wp-json\/wp\/v2\/pages"}],"about":[{"href":"https:\/\/naturvernforbundet.no\/agder\/wp-json\/wp\/v2\/types\/page"}],"author":[{"embeddable":true,"href":"https:\/\/naturvernforbundet.no\/agder\/wp-json\/wp\/v2\/users\/1"}],"replies":[{"embeddable":true,"href":"https:\/\/naturvernforbundet.no\/agder\/wp-json\/wp\/v2\/comments?post=124"}],"version-history":[{"count":3,"href":"https:\/\/naturvernforbundet.no\/agder\/wp-json\/wp\/v2\/pages\/124\/revisions"}],"predecessor-version":[{"id":863,"href":"https:\/\/naturvernforbundet.no\/agder\/wp-json\/wp\/v2\/pages\/124\/revisions\/863"}],"wp:attachment":[{"href":"https:\/\/naturvernforbundet.no\/agder\/wp-json\/wp\/v2\/media?parent=124"}],"wp:term":[{"taxonomy":"category","embeddable":true,"href":"https:\/\/naturvernforbundet.no\/agder\/wp-json\/wp\/v2\/categories?post=124"}],"curies":[{"name":"wp","href":"https:\/\/api.w.org\/{rel}","templated":true}]}}