{"id":28,"date":"2022-06-28T21:19:09","date_gmt":"2022-06-28T19:19:09","guid":{"rendered":"https:\/\/naturvernforbundet.no\/agder\/?page_id=28"},"modified":"2025-10-21T17:43:39","modified_gmt":"2025-10-21T15:43:39","slug":"lindensnes","status":"publish","type":"page","link":"https:\/\/naturvernforbundet.no\/agder\/lindensnes\/","title":{"rendered":"Lindesnes"},"content":{"rendered":"<ul class=\"t2-link-list has-3-items has-auto-columns alignwide wp-block-t2-link-list\">\n\t<li class=\"t2-link-list-item wp-block-t2-link-list-item\">\n\t\t<a\n\t\t\thref=\"https:\/\/naturvernforbundet.no\/agder\/lindensnes\/om-oss\/\"\n\t\t\tclass=\"t2-link-list-item__link t2-link-list__icon--left\"\n\t\t\t\t\t>\n\t\t\t<span class=\"t2-link-list-item__icon\"><span class=\"t2-link-list-item__icon-box\"><\/span><svg xmlns=\"http:\/\/www.w3.org\/2000\/svg\" viewBox=\"0 0 24 24\" height=\"24\" width=\"24\" class=\"t2-icon t2-icon-arrowforward\" aria-hidden=\"true\" focusable=\"false\"><path d=\"M11.3 19.3c-.2-.2-.3-.4-.3-.7 0-.3.1-.5.3-.7l4.9-4.9H5c-.3 0-.5-.1-.7-.3-.2-.2-.3-.4-.3-.7s.1-.5.3-.7c.2-.2.4-.3.7-.3h11.2l-4.9-4.9c-.2-.2-.3-.4-.3-.7 0-.3.1-.5.3-.7.2-.2.4-.3.7-.3s.5.1.7.3l6.6 6.6c.1.1.2.2.2.3 0 .1.1.3.1.4 0 .1 0 .3-.1.4 0 .1-.1.2-.2.3l-6.6 6.6c-.2.2-.4.3-.7.3s-.5-.1-.7-.3z\"\/><\/svg><\/span>\t\t\t<div class=\"t2-link-list-item__content\">\n\n\t\t\t\t\n\t\t\t\t<span class=\"t2-link-list-item__text\">\n\t\t\t\t\tOm oss\t\t\t\t<\/span>\n\t\t\t\t\t\t\t<\/div>\n\t\t<\/a>\n\t<\/li>\n\t\n\n\t<li class=\"t2-link-list-item wp-block-t2-link-list-item\">\n\t\t<a\n\t\t\thref=\"\"\n\t\t\tclass=\"t2-link-list-item__link t2-link-list__icon--left\"\n\t\t\t\t\t>\n\t\t\t<span class=\"t2-link-list-item__icon\"><span class=\"t2-link-list-item__icon-box\"><\/span><svg xmlns=\"http:\/\/www.w3.org\/2000\/svg\" viewBox=\"0 0 24 24\" height=\"24\" width=\"24\" class=\"t2-icon t2-icon-arrowforward\" aria-hidden=\"true\" focusable=\"false\"><path d=\"M11.3 19.3c-.2-.2-.3-.4-.3-.7 0-.3.1-.5.3-.7l4.9-4.9H5c-.3 0-.5-.1-.7-.3-.2-.2-.3-.4-.3-.7s.1-.5.3-.7c.2-.2.4-.3.7-.3h11.2l-4.9-4.9c-.2-.2-.3-.4-.3-.7 0-.3.1-.5.3-.7.2-.2.4-.3.7-.3s.5.1.7.3l6.6 6.6c.1.1.2.2.2.3 0 .1.1.3.1.4 0 .1 0 .3-.1.4 0 .1-.1.2-.2.3l-6.6 6.6c-.2.2-.4.3-.7.3s-.5-.1-.7-.3z\"\/><\/svg><\/span>\t\t\t<div class=\"t2-link-list-item__content\">\n\n\t\t\t\t\n\t\t\t\t<span class=\"t2-link-list-item__text\">\n\t\t\t\t\tAktuelt\t\t\t\t<\/span>\n\t\t\t\t\t\t\t<\/div>\n\t\t<\/a>\n\t<\/li>\n\t\n\n\t<li class=\"t2-link-list-item wp-block-t2-link-list-item\">\n\t\t<a\n\t\t\thref=\"https:\/\/naturvernforbundet.no\/agder\/lindensnes\/kontakt-oss\/\"\n\t\t\tclass=\"t2-link-list-item__link t2-link-list__icon--left\"\n\t\t\t\t\t>\n\t\t\t<span class=\"t2-link-list-item__icon\"><span class=\"t2-link-list-item__icon-box\"><\/span><svg xmlns=\"http:\/\/www.w3.org\/2000\/svg\" viewBox=\"0 0 24 24\" height=\"24\" width=\"24\" class=\"t2-icon t2-icon-arrowforward\" aria-hidden=\"true\" focusable=\"false\"><path d=\"M11.3 19.3c-.2-.2-.3-.4-.3-.7 0-.3.1-.5.3-.7l4.9-4.9H5c-.3 0-.5-.1-.7-.3-.2-.2-.3-.4-.3-.7s.1-.5.3-.7c.2-.2.4-.3.7-.3h11.2l-4.9-4.9c-.2-.2-.3-.4-.3-.7 0-.3.1-.5.3-.7.2-.2.4-.3.7-.3s.5.1.7.3l6.6 6.6c.1.1.2.2.2.3 0 .1.1.3.1.4 0 .1 0 .3-.1.4 0 .1-.1.2-.2.3l-6.6 6.6c-.2.2-.4.3-.7.3s-.5-.1-.7-.3z\"\/><\/svg><\/span>\t\t\t<div class=\"t2-link-list-item__content\">\n\n\t\t\t\t\n\t\t\t\t<span class=\"t2-link-list-item__text\">\n\t\t\t\t\tKontakt\t\t\t\t<\/span>\n\t\t\t\t\t\t\t<\/div>\n\t\t<\/a>\n\t<\/li>\n\t\n<\/ul>\n\n\n<div class=\"wp-block-media-text alignwide is-stacked-on-mobile\"><figure class=\"wp-block-media-text__media\"><img loading=\"lazy\" decoding=\"async\" width=\"1024\" height=\"765\" src=\"https:\/\/naturvernforbundet.no\/content\/uploads\/sites\/2\/2022\/04\/photo1jpg-1024x765.jpg\" alt=\"Fossefall\" class=\"wp-image-11 size-full\" srcset=\"https:\/\/naturvernforbundet.no\/content\/uploads\/sites\/2\/2022\/04\/photo1jpg-1024x765.jpg 1024w, https:\/\/naturvernforbundet.no\/content\/uploads\/sites\/2\/2022\/04\/photo1jpg-300x224.jpg 300w, https:\/\/naturvernforbundet.no\/content\/uploads\/sites\/2\/2022\/04\/photo1jpg-768x574.jpg 768w, https:\/\/naturvernforbundet.no\/content\/uploads\/sites\/2\/2022\/04\/photo1jpg-1536x1148.jpg 1536w, https:\/\/naturvernforbundet.no\/content\/uploads\/sites\/2\/2022\/04\/photo1jpg-2048x1530.jpg 2048w, https:\/\/naturvernforbundet.no\/content\/uploads\/sites\/2\/2022\/04\/photo1jpg-1920x1435.jpg 1920w\" sizes=\"auto, (max-width: 1024px) 100vw, 1024px\" \/><\/figure><div class=\"wp-block-media-text__content\">\n<p class=\"is-style-default has-large-font-size\">Vil du bli aktiv i Naturvernforbundet i Lindesnes?<\/p>\n\n\n\n<p>Vil du jobbe for at kommunen din og fylket ditt skal bli mer milj\u00f8vennlig? Er det naturomr\u00e5der rundt deg du vil jobbe for \u00e5 ta vare p\u00e5?<\/p>\n\n\n\n<div class=\"wp-block-buttons is-layout-flex wp-block-buttons-is-layout-flex\">\n<div class=\"wp-block-button\"><a class=\"wp-block-button__link wp-element-button\" href=\"mailto:lindesnes@naturvernforbundet.no\">Kontakt oss gjerne!<\/a><\/div>\n<\/div>\n<\/div><\/div>\n","protected":false},"excerpt":{"rendered":"","protected":false},"author":1,"featured_media":1350,"parent":0,"menu_order":0,"comment_status":"closed","ping_status":"closed","template":"","meta":{"_relevanssi_hide_post":"","_relevanssi_hide_content":"","_relevanssi_pin_for_all":"","_relevanssi_pin_keywords":"","_relevanssi_unpin_keywords":"","_relevanssi_related_keywords":"","_relevanssi_related_include_ids":"","_relevanssi_related_exclude_ids":"","_relevanssi_related_no_append":"","_relevanssi_related_not_related":"","_relevanssi_related_posts":"561,430,334,52,522,1344","_relevanssi_noindex_reason":"","hide_logo":true,"footnotes":""},"categories":[],"class_list":["post-28","page","type-page","status-publish","has-post-thumbnail","hentry"],"acf":[],"yoast_head":"<!-- This site is optimized with the Yoast SEO plugin v24.9 - https:\/\/yoast.com\/wordpress\/plugins\/seo\/ -->\n<title>Lindesnes - Agder<\/title>\n<meta name=\"robots\" content=\"index, follow, max-snippet:-1, max-image-preview:large, max-video-preview:-1\" \/>\n<link rel=\"canonical\" href=\"https:\/\/naturvernforbundet.no\/agder\/lindensnes\/\" \/>\n<meta property=\"og:locale\" content=\"nb_NO\" \/>\n<meta property=\"og:type\" content=\"article\" \/>\n<meta property=\"og:title\" content=\"Lindesnes - Agder\" \/>\n<meta property=\"og:url\" content=\"https:\/\/naturvernforbundet.no\/agder\/lindensnes\/\" \/>\n<meta property=\"og:site_name\" content=\"Agder\" \/>\n<meta property=\"article:modified_time\" content=\"2025-10-21T15:43:39+00:00\" \/>\n<meta property=\"og:image\" content=\"https:\/\/naturvernforbundet.no\/content\/uploads\/sites\/2\/2025\/10\/Dronefoto-Faedrelandsvennen-fakkeltog-mot-Sodevika2.png\" \/>\n\t<meta property=\"og:image:width\" content=\"1246\" \/>\n\t<meta property=\"og:image:height\" content=\"832\" \/>\n\t<meta property=\"og:image:type\" content=\"image\/png\" \/>\n<meta name=\"twitter:card\" content=\"summary_large_image\" \/>\n<meta name=\"twitter:label1\" content=\"Ansl. lesetid\" \/>\n\t<meta name=\"twitter:data1\" content=\"1 minutt\" \/>\n<script type=\"application\/ld+json\" class=\"yoast-schema-graph\">{\"@context\":\"https:\/\/schema.org\",\"@graph\":[{\"@type\":\"WebPage\",\"@id\":\"https:\/\/naturvernforbundet.no\/agder\/lindensnes\/\",\"url\":\"https:\/\/naturvernforbundet.no\/agder\/lindensnes\/\",\"name\":\"Lindesnes - Agder\",\"isPartOf\":{\"@id\":\"https:\/\/naturvernforbundet.no\/agder\/#website\"},\"primaryImageOfPage\":{\"@id\":\"https:\/\/naturvernforbundet.no\/agder\/lindensnes\/#primaryimage\"},\"image\":{\"@id\":\"https:\/\/naturvernforbundet.no\/agder\/lindensnes\/#primaryimage\"},\"thumbnailUrl\":\"https:\/\/naturvernforbundet.no\/content\/uploads\/sites\/2\/2025\/10\/Dronefoto-Faedrelandsvennen-fakkeltog-mot-Sodevika2-e1761211063223.png\",\"datePublished\":\"2022-06-28T19:19:09+00:00\",\"dateModified\":\"2025-10-21T15:43:39+00:00\",\"breadcrumb\":{\"@id\":\"https:\/\/naturvernforbundet.no\/agder\/lindensnes\/#breadcrumb\"},\"inLanguage\":\"nb-NO\",\"potentialAction\":[{\"@type\":\"ReadAction\",\"target\":[\"https:\/\/naturvernforbundet.no\/agder\/lindensnes\/\"]}]},{\"@type\":\"ImageObject\",\"inLanguage\":\"nb-NO\",\"@id\":\"https:\/\/naturvernforbundet.no\/agder\/lindensnes\/#primaryimage\",\"url\":\"https:\/\/naturvernforbundet.no\/content\/uploads\/sites\/2\/2025\/10\/Dronefoto-Faedrelandsvennen-fakkeltog-mot-Sodevika2-e1761211063223.png\",\"contentUrl\":\"https:\/\/naturvernforbundet.no\/content\/uploads\/sites\/2\/2025\/10\/Dronefoto-Faedrelandsvennen-fakkeltog-mot-Sodevika2-e1761211063223.png\",\"width\":1246,\"height\":600,\"caption\":\"Fakkeltog mot Sodevika\"},{\"@type\":\"BreadcrumbList\",\"@id\":\"https:\/\/naturvernforbundet.no\/agder\/lindensnes\/#breadcrumb\",\"itemListElement\":[{\"@type\":\"ListItem\",\"position\":1,\"name\":\"Till naturvernforbundet.no\",\"item\":\"https:\/\/naturvernforbundet.no\/\"},{\"@type\":\"ListItem\",\"position\":2,\"name\":\"Agder\",\"item\":\"https:\/\/naturvernforbundet.no\/agder\/\"},{\"@type\":\"ListItem\",\"position\":3,\"name\":\"Lindesnes\"}]},{\"@type\":\"WebSite\",\"@id\":\"https:\/\/naturvernforbundet.no\/agder\/#website\",\"url\":\"https:\/\/naturvernforbundet.no\/agder\/\",\"name\":\"Agder\",\"description\":\"Bare enda et Naturvernforbundet Sites-nettsted\",\"publisher\":{\"@id\":\"https:\/\/naturvernforbundet.no\/agder\/#organization\"},\"potentialAction\":[{\"@type\":\"SearchAction\",\"target\":{\"@type\":\"EntryPoint\",\"urlTemplate\":\"https:\/\/naturvernforbundet.no\/agder\/?s={search_term_string}\"},\"query-input\":{\"@type\":\"PropertyValueSpecification\",\"valueRequired\":true,\"valueName\":\"search_term_string\"}}],\"inLanguage\":\"nb-NO\"},{\"@type\":\"Organization\",\"@id\":\"https:\/\/naturvernforbundet.no\/agder\/#organization\",\"name\":\"Agder\",\"url\":\"https:\/\/naturvernforbundet.no\/agder\/\",\"logo\":{\"@type\":\"ImageObject\",\"inLanguage\":\"nb-NO\",\"@id\":\"https:\/\/naturvernforbundet.no\/agder\/#\/schema\/logo\/image\/\",\"url\":\"https:\/\/naturvernforbundet.no\/content\/uploads\/sites\/2\/2022\/08\/logo.png\",\"contentUrl\":\"https:\/\/naturvernforbundet.no\/content\/uploads\/sites\/2\/2022\/08\/logo.png\",\"width\":301,\"height\":33,\"caption\":\"Agder\"},\"image\":{\"@id\":\"https:\/\/naturvernforbundet.no\/agder\/#\/schema\/logo\/image\/\"}}]}<\/script>\n<!-- \/ Yoast SEO plugin. -->","yoast_head_json":{"title":"Lindesnes - Agder","robots":{"index":"index","follow":"follow","max-snippet":"max-snippet:-1","max-image-preview":"max-image-preview:large","max-video-preview":"max-video-preview:-1"},"canonical":"https:\/\/naturvernforbundet.no\/agder\/lindensnes\/","og_locale":"nb_NO","og_type":"article","og_title":"Lindesnes - Agder","og_url":"https:\/\/naturvernforbundet.no\/agder\/lindensnes\/","og_site_name":"Agder","article_modified_time":"2025-10-21T15:43:39+00:00","og_image":[{"width":1246,"height":832,"url":"https:\/\/naturvernforbundet.no\/content\/uploads\/sites\/2\/2025\/10\/Dronefoto-Faedrelandsvennen-fakkeltog-mot-Sodevika2.png","type":"image\/png"}],"twitter_card":"summary_large_image","twitter_misc":{"Ansl. lesetid":"1 minutt"},"schema":{"@context":"https:\/\/schema.org","@graph":[{"@type":"WebPage","@id":"https:\/\/naturvernforbundet.no\/agder\/lindensnes\/","url":"https:\/\/naturvernforbundet.no\/agder\/lindensnes\/","name":"Lindesnes - Agder","isPartOf":{"@id":"https:\/\/naturvernforbundet.no\/agder\/#website"},"primaryImageOfPage":{"@id":"https:\/\/naturvernforbundet.no\/agder\/lindensnes\/#primaryimage"},"image":{"@id":"https:\/\/naturvernforbundet.no\/agder\/lindensnes\/#primaryimage"},"thumbnailUrl":"https:\/\/naturvernforbundet.no\/content\/uploads\/sites\/2\/2025\/10\/Dronefoto-Faedrelandsvennen-fakkeltog-mot-Sodevika2-e1761211063223.png","datePublished":"2022-06-28T19:19:09+00:00","dateModified":"2025-10-21T15:43:39+00:00","breadcrumb":{"@id":"https:\/\/naturvernforbundet.no\/agder\/lindensnes\/#breadcrumb"},"inLanguage":"nb-NO","potentialAction":[{"@type":"ReadAction","target":["https:\/\/naturvernforbundet.no\/agder\/lindensnes\/"]}]},{"@type":"ImageObject","inLanguage":"nb-NO","@id":"https:\/\/naturvernforbundet.no\/agder\/lindensnes\/#primaryimage","url":"https:\/\/naturvernforbundet.no\/content\/uploads\/sites\/2\/2025\/10\/Dronefoto-Faedrelandsvennen-fakkeltog-mot-Sodevika2-e1761211063223.png","contentUrl":"https:\/\/naturvernforbundet.no\/content\/uploads\/sites\/2\/2025\/10\/Dronefoto-Faedrelandsvennen-fakkeltog-mot-Sodevika2-e1761211063223.png","width":1246,"height":600,"caption":"Fakkeltog mot Sodevika"},{"@type":"BreadcrumbList","@id":"https:\/\/naturvernforbundet.no\/agder\/lindensnes\/#breadcrumb","itemListElement":[{"@type":"ListItem","position":1,"name":"Till naturvernforbundet.no","item":"https:\/\/naturvernforbundet.no\/"},{"@type":"ListItem","position":2,"name":"Agder","item":"https:\/\/naturvernforbundet.no\/agder\/"},{"@type":"ListItem","position":3,"name":"Lindesnes"}]},{"@type":"WebSite","@id":"https:\/\/naturvernforbundet.no\/agder\/#website","url":"https:\/\/naturvernforbundet.no\/agder\/","name":"Agder","description":"Bare enda et Naturvernforbundet Sites-nettsted","publisher":{"@id":"https:\/\/naturvernforbundet.no\/agder\/#organization"},"potentialAction":[{"@type":"SearchAction","target":{"@type":"EntryPoint","urlTemplate":"https:\/\/naturvernforbundet.no\/agder\/?s={search_term_string}"},"query-input":{"@type":"PropertyValueSpecification","valueRequired":true,"valueName":"search_term_string"}}],"inLanguage":"nb-NO"},{"@type":"Organization","@id":"https:\/\/naturvernforbundet.no\/agder\/#organization","name":"Agder","url":"https:\/\/naturvernforbundet.no\/agder\/","logo":{"@type":"ImageObject","inLanguage":"nb-NO","@id":"https:\/\/naturvernforbundet.no\/agder\/#\/schema\/logo\/image\/","url":"https:\/\/naturvernforbundet.no\/content\/uploads\/sites\/2\/2022\/08\/logo.png","contentUrl":"https:\/\/naturvernforbundet.no\/content\/uploads\/sites\/2\/2022\/08\/logo.png","width":301,"height":33,"caption":"Agder"},"image":{"@id":"https:\/\/naturvernforbundet.no\/agder\/#\/schema\/logo\/image\/"}}]}},"_links":{"self":[{"href":"https:\/\/naturvernforbundet.no\/agder\/wp-json\/wp\/v2\/pages\/28","targetHints":{"allow":["GET"]}}],"collection":[{"href":"https:\/\/naturvernforbundet.no\/agder\/wp-json\/wp\/v2\/pages"}],"about":[{"href":"https:\/\/naturvernforbundet.no\/agder\/wp-json\/wp\/v2\/types\/page"}],"author":[{"embeddable":true,"href":"https:\/\/naturvernforbundet.no\/agder\/wp-json\/wp\/v2\/users\/1"}],"replies":[{"embeddable":true,"href":"https:\/\/naturvernforbundet.no\/agder\/wp-json\/wp\/v2\/comments?post=28"}],"version-history":[{"count":24,"href":"https:\/\/naturvernforbundet.no\/agder\/wp-json\/wp\/v2\/pages\/28\/revisions"}],"predecessor-version":[{"id":1354,"href":"https:\/\/naturvernforbundet.no\/agder\/wp-json\/wp\/v2\/pages\/28\/revisions\/1354"}],"wp:featuredmedia":[{"embeddable":true,"href":"https:\/\/naturvernforbundet.no\/agder\/wp-json\/wp\/v2\/media\/1350"}],"wp:attachment":[{"href":"https:\/\/naturvernforbundet.no\/agder\/wp-json\/wp\/v2\/media?parent=28"}],"wp:term":[{"taxonomy":"category","embeddable":true,"href":"https:\/\/naturvernforbundet.no\/agder\/wp-json\/wp\/v2\/categories?post=28"}],"curies":[{"name":"wp","href":"https:\/\/api.w.org\/{rel}","templated":true}]}}