{"id":34,"date":"2022-06-28T21:27:09","date_gmt":"2022-06-28T19:27:09","guid":{"rendered":"https:\/\/naturvernforbundet.no\/agder\/?page_id=34"},"modified":"2022-06-28T21:27:40","modified_gmt":"2022-06-28T19:27:40","slug":"om-oss","status":"publish","type":"page","link":"https:\/\/naturvernforbundet.no\/agder\/lindensnes\/om-oss\/","title":{"rendered":"Om oss"},"content":{"rendered":"\t<div class=\"template-page alignfull wp-block-naturvern-hero\">\n\t\t<div class=\"hero__inner\">\n\t\t\t<div class=\"hero__inner_blocks\">\n\t\t\t\t\t\t\t\t\n<h1 class=\"wp-block-post-title\">Om oss<\/h1>\n\n\n<p><\/p>\n\n\n\n<div class=\"wp-block-buttons is-layout-flex wp-block-buttons-is-layout-flex\"><\/div>\n\n\t\t\t<\/div>\n\t\t\t\t\t<\/div>\n\t\t\t<\/div>\n\t\n\n\n<h2 class=\"wp-block-heading\">Kort historikk<\/h2>\n\n\n\n<p>Mandal naturvernforening ble startet h\u00f8sten 1973.&nbsp;I et interimsstyre ble Torbj\u00f8rn Fredriksen valgt til foreningens f\u00f8rste leder.<\/p>\n\n\n\n<p>De f\u00f8rste \u00e5r dreiet lagets lokale arbeid seg vesentlig om anlegging av ny s\u00f8ppelfylling, vern av kystsonen og opprettelse av sj\u00f8fuglreservater.<\/p>\n\n\n\n<p>I mars 1980 ble det ved Kgl. res. opprettet 83 verneomr\u00e5der for sj\u00f8fugl, herav ni i&nbsp;Mandal kommune. P\u00e5 1980-tallet ble det p\u00e5 nasjonalt plan satt i gang et storstilt arbeid&nbsp;for utbygging av vannkraftresursene. Lokalt gav dette seg utslag i planer om utbygging&nbsp;av Kos\u00e5na og Litl\u00e5na, begge sidevassdrag til Mandalsvassdraget, og&nbsp;oppdemming av Haugefossen. Dette engasjerte lokallaget seg sterkt i, og at begge&nbsp;vassdrag ble vernet i 2003 m\u00e5 vel kunne sies \u00e5 v\u00e6re lokallagets st\u00f8rste&nbsp;enkeltseier s\u00e5 langt. &nbsp;<\/p>\n\n\n\n<p>P\u00e5 2000-tallet har den st\u00f8rste saken lokallaget har jobbet med v\u00e6rt vern av deler av&nbsp;Gismer\u00f8ya. Denne saken er ikke helt avsluttet, men kommunen har vedtatt \u00e5 ikke g\u00e5&nbsp;lenger mot vest og s\u00f8r i arbeidet med tilrettelegging av omr\u00e5det for industri. Dette&nbsp;noterer vi derfor som en delvis seier, selv om vi gjerne skulle ha sett at en st\u00f8rre del av&nbsp;\u00f8ya hadde blitt bevart.<\/p>\n\n\n\n<p>I 2019 endret Naturvernforbundet i Mandal navn til Naturvernforbundet i Lindesnes.<\/p>\n","protected":false},"excerpt":{"rendered":"","protected":false},"author":1,"featured_media":0,"parent":28,"menu_order":0,"comment_status":"closed","ping_status":"closed","template":"","meta":{"_relevanssi_hide_post":"","_relevanssi_hide_content":"","_relevanssi_pin_for_all":"","_relevanssi_pin_keywords":"","_relevanssi_unpin_keywords":"","_relevanssi_related_keywords":"","_relevanssi_related_include_ids":"","_relevanssi_related_exclude_ids":"","_relevanssi_related_no_append":"","_relevanssi_related_not_related":"","_relevanssi_related_posts":"","_relevanssi_noindex_reason":"","hide_logo":false,"footnotes":""},"categories":[],"class_list":["post-34","page","type-page","status-publish","hentry"],"acf":[],"yoast_head":"<!-- This site is optimized with the Yoast SEO plugin v24.9 - https:\/\/yoast.com\/wordpress\/plugins\/seo\/ -->\n<title>Om oss - Agder<\/title>\n<meta name=\"robots\" content=\"index, follow, max-snippet:-1, max-image-preview:large, max-video-preview:-1\" \/>\n<link rel=\"canonical\" href=\"https:\/\/naturvernforbundet.no\/agder\/lindensnes\/om-oss\/\" \/>\n<meta property=\"og:locale\" content=\"nb_NO\" \/>\n<meta property=\"og:type\" content=\"article\" \/>\n<meta property=\"og:title\" content=\"Om oss - Agder\" \/>\n<meta property=\"og:url\" content=\"https:\/\/naturvernforbundet.no\/agder\/lindensnes\/om-oss\/\" \/>\n<meta property=\"og:site_name\" content=\"Agder\" \/>\n<meta property=\"article:modified_time\" content=\"2022-06-28T19:27:40+00:00\" \/>\n<meta name=\"twitter:card\" content=\"summary_large_image\" \/>\n<meta name=\"twitter:label1\" content=\"Ansl. lesetid\" \/>\n\t<meta name=\"twitter:data1\" content=\"1 minutt\" \/>\n<script type=\"application\/ld+json\" class=\"yoast-schema-graph\">{\"@context\":\"https:\/\/schema.org\",\"@graph\":[{\"@type\":\"WebPage\",\"@id\":\"https:\/\/naturvernforbundet.no\/agder\/lindensnes\/om-oss\/\",\"url\":\"https:\/\/naturvernforbundet.no\/agder\/lindensnes\/om-oss\/\",\"name\":\"Om oss - Agder\",\"isPartOf\":{\"@id\":\"https:\/\/naturvernforbundet.no\/agder\/#website\"},\"datePublished\":\"2022-06-28T19:27:09+00:00\",\"dateModified\":\"2022-06-28T19:27:40+00:00\",\"breadcrumb\":{\"@id\":\"https:\/\/naturvernforbundet.no\/agder\/lindensnes\/om-oss\/#breadcrumb\"},\"inLanguage\":\"nb-NO\",\"potentialAction\":[{\"@type\":\"ReadAction\",\"target\":[\"https:\/\/naturvernforbundet.no\/agder\/lindensnes\/om-oss\/\"]}]},{\"@type\":\"BreadcrumbList\",\"@id\":\"https:\/\/naturvernforbundet.no\/agder\/lindensnes\/om-oss\/#breadcrumb\",\"itemListElement\":[{\"@type\":\"ListItem\",\"position\":1,\"name\":\"Till naturvernforbundet.no\",\"item\":\"https:\/\/naturvernforbundet.no\/\"},{\"@type\":\"ListItem\",\"position\":2,\"name\":\"Agder\",\"item\":\"https:\/\/naturvernforbundet.no\/agder\/\"},{\"@type\":\"ListItem\",\"position\":3,\"name\":\"Lindesnes\",\"item\":\"https:\/\/naturvernforbundet.no\/agder\/lindensnes\/\"},{\"@type\":\"ListItem\",\"position\":4,\"name\":\"Om oss\"}]},{\"@type\":\"WebSite\",\"@id\":\"https:\/\/naturvernforbundet.no\/agder\/#website\",\"url\":\"https:\/\/naturvernforbundet.no\/agder\/\",\"name\":\"Agder\",\"description\":\"Bare enda et Naturvernforbundet Sites-nettsted\",\"publisher\":{\"@id\":\"https:\/\/naturvernforbundet.no\/agder\/#organization\"},\"potentialAction\":[{\"@type\":\"SearchAction\",\"target\":{\"@type\":\"EntryPoint\",\"urlTemplate\":\"https:\/\/naturvernforbundet.no\/agder\/?s={search_term_string}\"},\"query-input\":{\"@type\":\"PropertyValueSpecification\",\"valueRequired\":true,\"valueName\":\"search_term_string\"}}],\"inLanguage\":\"nb-NO\"},{\"@type\":\"Organization\",\"@id\":\"https:\/\/naturvernforbundet.no\/agder\/#organization\",\"name\":\"Agder\",\"url\":\"https:\/\/naturvernforbundet.no\/agder\/\",\"logo\":{\"@type\":\"ImageObject\",\"inLanguage\":\"nb-NO\",\"@id\":\"https:\/\/naturvernforbundet.no\/agder\/#\/schema\/logo\/image\/\",\"url\":\"https:\/\/naturvernforbundet.no\/content\/uploads\/sites\/2\/2022\/08\/logo.png\",\"contentUrl\":\"https:\/\/naturvernforbundet.no\/content\/uploads\/sites\/2\/2022\/08\/logo.png\",\"width\":301,\"height\":33,\"caption\":\"Agder\"},\"image\":{\"@id\":\"https:\/\/naturvernforbundet.no\/agder\/#\/schema\/logo\/image\/\"}}]}<\/script>\n<!-- \/ Yoast SEO plugin. -->","yoast_head_json":{"title":"Om oss - Agder","robots":{"index":"index","follow":"follow","max-snippet":"max-snippet:-1","max-image-preview":"max-image-preview:large","max-video-preview":"max-video-preview:-1"},"canonical":"https:\/\/naturvernforbundet.no\/agder\/lindensnes\/om-oss\/","og_locale":"nb_NO","og_type":"article","og_title":"Om oss - Agder","og_url":"https:\/\/naturvernforbundet.no\/agder\/lindensnes\/om-oss\/","og_site_name":"Agder","article_modified_time":"2022-06-28T19:27:40+00:00","twitter_card":"summary_large_image","twitter_misc":{"Ansl. lesetid":"1 minutt"},"schema":{"@context":"https:\/\/schema.org","@graph":[{"@type":"WebPage","@id":"https:\/\/naturvernforbundet.no\/agder\/lindensnes\/om-oss\/","url":"https:\/\/naturvernforbundet.no\/agder\/lindensnes\/om-oss\/","name":"Om oss - Agder","isPartOf":{"@id":"https:\/\/naturvernforbundet.no\/agder\/#website"},"datePublished":"2022-06-28T19:27:09+00:00","dateModified":"2022-06-28T19:27:40+00:00","breadcrumb":{"@id":"https:\/\/naturvernforbundet.no\/agder\/lindensnes\/om-oss\/#breadcrumb"},"inLanguage":"nb-NO","potentialAction":[{"@type":"ReadAction","target":["https:\/\/naturvernforbundet.no\/agder\/lindensnes\/om-oss\/"]}]},{"@type":"BreadcrumbList","@id":"https:\/\/naturvernforbundet.no\/agder\/lindensnes\/om-oss\/#breadcrumb","itemListElement":[{"@type":"ListItem","position":1,"name":"Till naturvernforbundet.no","item":"https:\/\/naturvernforbundet.no\/"},{"@type":"ListItem","position":2,"name":"Agder","item":"https:\/\/naturvernforbundet.no\/agder\/"},{"@type":"ListItem","position":3,"name":"Lindesnes","item":"https:\/\/naturvernforbundet.no\/agder\/lindensnes\/"},{"@type":"ListItem","position":4,"name":"Om oss"}]},{"@type":"WebSite","@id":"https:\/\/naturvernforbundet.no\/agder\/#website","url":"https:\/\/naturvernforbundet.no\/agder\/","name":"Agder","description":"Bare enda et Naturvernforbundet Sites-nettsted","publisher":{"@id":"https:\/\/naturvernforbundet.no\/agder\/#organization"},"potentialAction":[{"@type":"SearchAction","target":{"@type":"EntryPoint","urlTemplate":"https:\/\/naturvernforbundet.no\/agder\/?s={search_term_string}"},"query-input":{"@type":"PropertyValueSpecification","valueRequired":true,"valueName":"search_term_string"}}],"inLanguage":"nb-NO"},{"@type":"Organization","@id":"https:\/\/naturvernforbundet.no\/agder\/#organization","name":"Agder","url":"https:\/\/naturvernforbundet.no\/agder\/","logo":{"@type":"ImageObject","inLanguage":"nb-NO","@id":"https:\/\/naturvernforbundet.no\/agder\/#\/schema\/logo\/image\/","url":"https:\/\/naturvernforbundet.no\/content\/uploads\/sites\/2\/2022\/08\/logo.png","contentUrl":"https:\/\/naturvernforbundet.no\/content\/uploads\/sites\/2\/2022\/08\/logo.png","width":301,"height":33,"caption":"Agder"},"image":{"@id":"https:\/\/naturvernforbundet.no\/agder\/#\/schema\/logo\/image\/"}}]}},"_links":{"self":[{"href":"https:\/\/naturvernforbundet.no\/agder\/wp-json\/wp\/v2\/pages\/34","targetHints":{"allow":["GET"]}}],"collection":[{"href":"https:\/\/naturvernforbundet.no\/agder\/wp-json\/wp\/v2\/pages"}],"about":[{"href":"https:\/\/naturvernforbundet.no\/agder\/wp-json\/wp\/v2\/types\/page"}],"author":[{"embeddable":true,"href":"https:\/\/naturvernforbundet.no\/agder\/wp-json\/wp\/v2\/users\/1"}],"replies":[{"embeddable":true,"href":"https:\/\/naturvernforbundet.no\/agder\/wp-json\/wp\/v2\/comments?post=34"}],"version-history":[{"count":1,"href":"https:\/\/naturvernforbundet.no\/agder\/wp-json\/wp\/v2\/pages\/34\/revisions"}],"predecessor-version":[{"id":35,"href":"https:\/\/naturvernforbundet.no\/agder\/wp-json\/wp\/v2\/pages\/34\/revisions\/35"}],"up":[{"embeddable":true,"href":"https:\/\/naturvernforbundet.no\/agder\/wp-json\/wp\/v2\/pages\/28"}],"wp:attachment":[{"href":"https:\/\/naturvernforbundet.no\/agder\/wp-json\/wp\/v2\/media?parent=34"}],"wp:term":[{"taxonomy":"category","embeddable":true,"href":"https:\/\/naturvernforbundet.no\/agder\/wp-json\/wp\/v2\/categories?post=34"}],"curies":[{"name":"wp","href":"https:\/\/api.w.org\/{rel}","templated":true}]}}