{"id":735,"date":"2022-09-15T16:25:17","date_gmt":"2022-09-15T14:25:17","guid":{"rendered":"https:\/\/naturvernforbundet.no\/buskerud\/?page_id=735"},"modified":"2026-03-26T11:16:13","modified_gmt":"2026-03-26T10:16:13","slug":"om-fylkeslaget","status":"publish","type":"page","link":"https:\/\/naturvernforbundet.no\/buskerud\/om-fylkeslaget\/","title":{"rendered":"Om fylkeslaget"},"content":{"rendered":"\t<div class=\"template-page has-media alignfull wp-block-naturvern-hero\">\n\t\t<div class=\"hero__inner\">\n\t\t\t<div class=\"hero__inner_blocks\">\n\t\t\t\t\t\t\t\t\n<h1 class=\"wp-block-post-title\">Om fylkeslaget<\/h1>\n\n\n<p>Bli bedre kjent med Naturvernforbundet i  Buskerud!<\/p>\n\n\n\n<div class=\"wp-block-buttons is-layout-flex wp-block-buttons-is-layout-flex\">\n<div class=\"wp-block-button\"><a class=\"wp-block-button__link wp-element-button\" href=\"https:\/\/naturvernforbundet.no\/buskerud\/vart-arbeidsprogram\/\">V\u00e5rt arbeidsprogram<\/a><\/div>\n<\/div>\n\n\t\t\t<\/div>\n\t\t\t\t\t<\/div>\n\t\t\t\t\t<div class=\"hero__image\">\n\t\t\t\t\t\t\t\t\t\t<img fetchpriority=\"high\" decoding=\"async\" width=\"1920\" height=\"1280\" src=\"https:\/\/naturvernforbundet.no\/content\/uploads\/sites\/11\/2022\/09\/Norges-beste-sommerland-1920x1280.jpg\" class=\"attachment-ultra size-ultra\" alt=\"folk p\u00e5 sommereng\" style=\"object-position: 45% 70%;\" loading=\"eager\" srcset=\"https:\/\/naturvernforbundet.no\/content\/uploads\/sites\/11\/2022\/09\/Norges-beste-sommerland-1920x1280.jpg 1920w, https:\/\/naturvernforbundet.no\/content\/uploads\/sites\/11\/2022\/09\/Norges-beste-sommerland-300x200.jpg 300w, https:\/\/naturvernforbundet.no\/content\/uploads\/sites\/11\/2022\/09\/Norges-beste-sommerland-1024x683.jpg 1024w, https:\/\/naturvernforbundet.no\/content\/uploads\/sites\/11\/2022\/09\/Norges-beste-sommerland-768x512.jpg 768w, https:\/\/naturvernforbundet.no\/content\/uploads\/sites\/11\/2022\/09\/Norges-beste-sommerland-1536x1024.jpg 1536w, https:\/\/naturvernforbundet.no\/content\/uploads\/sites\/11\/2022\/09\/Norges-beste-sommerland-2048x1365.jpg 2048w\" sizes=\"(max-width: 1920px) 100vw, 1920px\" \/>\t\t\t\t\t\t<\/div>\n\t\t\t<\/div>\n\t\n\n\n<p><strong>E-post:&nbsp;<a href=\"mailto:buskerud@naturvernforbundet.no\">buskerud@naturvernforbundet.no&nbsp;<\/a><\/strong>&nbsp;&nbsp;<\/p>\n\n\n\n<p><strong>Fylkessekret\u00e6r:<\/strong>\u00a0Peder Coucheron St\u00f8re<br><strong>Tlf: +47 92835622<\/strong><br><strong>E-post:\u00a0peder.store@naturvernforbundet.no<\/strong><br><strong>Hjemmeside:\u00a0<\/strong><a href=\"http:\/\/www.naturvern.no\/buskerud\">www.naturvernforbundet.no\/buskerud<\/a><br><strong>Postadresse:<\/strong>\u00a0co\/ Peder St\u00f8re, Kraftveien 16 3406 Tranby<br><strong>Kontonummer:<\/strong>\u00a01254.63.90851<br><strong>Organisasjonsnummer:<\/strong>\u00a0970492283<\/p>\n\n\n\n<p><strong>Buskerud Natur og Ungdom med lokallag<\/strong><br><a href=\"http:\/\/nu.no\/buskerud\/\">http:\/\/nu.no\/buskerud\/<\/a><\/p>\n\n\n\n<div class=\"wp-block-group alignwide is-style-yellow is-layout-flow wp-block-group-is-layout-flow\">\n<h2 class=\"wp-block-heading has-text-align-center\" id=\"h-fylkesstyret-2025-2026-nbsp-valgt-pa-arsmotet-nbsp-2025\"><strong>Fylkesstyret 2025-2026&nbsp;(valgt p\u00e5 \u00e5rsm\u00f8tet&nbsp;2025):<\/strong><\/h2>\n\n\n\n<div class=\"wp-block-columns is-layout-flex wp-container-core-columns-is-layout-1 wp-block-columns-is-layout-flex\">\n<div class=\"wp-block-column is-layout-flow wp-block-column-is-layout-flow\">\n<p class=\"has-text-align-left\">Martin Lindal (leder)<br>Mobil: 996 04 555<br>Drammen<br><a href=\"mailto:martinlindal@hotmail.com\">martinlindal@hotmail.com<\/a><\/p>\n\n\n\n<div class=\"wp-block-group is-layout-constrained wp-block-group-is-layout-constrained\">\n<div class=\"wp-block-group is-layout-constrained wp-block-group-is-layout-constrained\">\n<p>Astrid Busengdal (styremedlem)<\/p>\n\n\n\n<p>916 75 248<br>Drammen<br><a href=\"mailto:astrid.busengdal@gmail.com\">astrid.busengdal@gmail.com<\/a><br><\/p>\n<\/div>\n<\/div>\n\n\n\n<p>Karianne Rydstr\u00f8m (vara)<\/p>\n\n\n\n<p>482 12 577<br>H\u00f8nefoss<br><a href=\"mailto:kariannerydstrom@gmail.com\">kariannerydstrom@gmail.com<\/a><\/p>\n<\/div>\n\n\n\n<div class=\"wp-block-column is-layout-flow wp-block-column-is-layout-flow\">\n<p>Per Furuseth (styremedlem) <br>Mobil: 992 61 638<br>Hovet<br><a href=\"mailto:p-furuse@online.no\">p-furuse@online.no<\/a><\/p>\n\n\n\n<p>Johanne Stake (styremedlem)<\/p>\n\n\n\n<p>415 44 020<br>Krokstadelva<br> <a href=\"mailto:johannestake@gmail.com\">johannestake@gmail.com<\/a><br><\/p>\n\n\n\n<p>Tov Sandn\u00e6s (vara)<\/p>\n\n\n\n<p>971 49 202<br>Nore og Uvdal<br>tovs@bfk.no<\/p>\n\n\n\n<p><\/p>\n\n\n\n<p><\/p>\n\n\n\n<p><\/p>\n\n\n\n<p><\/p>\n\n\n\n<p class=\"has-text-align-left\"><\/p>\n\n\n\n<p><\/p>\n\n\n\n<p><\/p>\n\n\n\n<p><\/p>\n\n\n\n<p><\/p>\n<\/div>\n<\/div>\n<\/div>\n\n\n\n<p><strong>Representant til Naturvernforbundets landsstyre<br>2025-2026<\/strong><br><br>Martin Lindal (medlem), se over for kontaktinfo<br>Astrid Busengdal (vara), se over for kontaktinfo<br>&nbsp;<\/p>\n\n\n\n<p><strong>Forum for Natur og Friluftsliv Buskerud, styret<\/strong><\/p>\n\n\n\n<p>Martin Lindal (medlem), se over for kontaktinfo<br>Peder C. St\u00f8re (vara), se over for kontaktinfo<\/p>\n\n\n\n<p>Artikkelen ble sist oppdatert: 26.03.2026<\/p>\n","protected":false},"excerpt":{"rendered":"","protected":false},"author":257,"featured_media":0,"parent":0,"menu_order":0,"comment_status":"closed","ping_status":"closed","template":"","meta":{"_relevanssi_hide_post":"","_relevanssi_hide_content":"","_relevanssi_pin_for_all":"","_relevanssi_pin_keywords":"","_relevanssi_unpin_keywords":"","_relevanssi_related_keywords":"","_relevanssi_related_include_ids":"","_relevanssi_related_exclude_ids":"","_relevanssi_related_no_append":"","_relevanssi_related_not_related":"","_relevanssi_related_posts":"2234,582,147,71,1007,1084","_relevanssi_noindex_reason":"","hide_logo":false,"footnotes":""},"categories":[],"class_list":["post-735","page","type-page","status-publish","hentry"],"acf":[],"yoast_head":"<!-- This site is optimized with the Yoast SEO Premium plugin v24.9 (Yoast SEO v24.9) - https:\/\/yoast.com\/wordpress\/plugins\/seo\/ -->\n<title>Om fylkeslaget - Buskerud<\/title>\n<meta name=\"robots\" content=\"index, follow, max-snippet:-1, max-image-preview:large, max-video-preview:-1\" \/>\n<link rel=\"canonical\" href=\"https:\/\/naturvernforbundet.no\/buskerud\/om-fylkeslaget\/\" \/>\n<meta property=\"og:locale\" content=\"nb_NO\" \/>\n<meta property=\"og:type\" content=\"article\" \/>\n<meta property=\"og:title\" content=\"Om fylkeslaget\" \/>\n<meta property=\"og:url\" content=\"https:\/\/naturvernforbundet.no\/buskerud\/om-fylkeslaget\/\" \/>\n<meta property=\"og:site_name\" content=\"Buskerud\" \/>\n<meta property=\"article:modified_time\" content=\"2026-03-26T10:16:13+00:00\" \/>\n<meta name=\"twitter:card\" content=\"summary_large_image\" \/>\n<meta name=\"twitter:label1\" content=\"Ansl. lesetid\" \/>\n\t<meta name=\"twitter:data1\" content=\"1 minutt\" \/>\n<script type=\"application\/ld+json\" class=\"yoast-schema-graph\">{\"@context\":\"https:\/\/schema.org\",\"@graph\":[{\"@type\":\"WebPage\",\"@id\":\"https:\/\/naturvernforbundet.no\/buskerud\/om-fylkeslaget\/\",\"url\":\"https:\/\/naturvernforbundet.no\/buskerud\/om-fylkeslaget\/\",\"name\":\"Om fylkeslaget - Buskerud\",\"isPartOf\":{\"@id\":\"https:\/\/naturvernforbundet.no\/buskerud\/#website\"},\"datePublished\":\"2022-09-15T14:25:17+00:00\",\"dateModified\":\"2026-03-26T10:16:13+00:00\",\"breadcrumb\":{\"@id\":\"https:\/\/naturvernforbundet.no\/buskerud\/om-fylkeslaget\/#breadcrumb\"},\"inLanguage\":\"nb-NO\",\"potentialAction\":[{\"@type\":\"ReadAction\",\"target\":[\"https:\/\/naturvernforbundet.no\/buskerud\/om-fylkeslaget\/\"]}]},{\"@type\":\"BreadcrumbList\",\"@id\":\"https:\/\/naturvernforbundet.no\/buskerud\/om-fylkeslaget\/#breadcrumb\",\"itemListElement\":[{\"@type\":\"ListItem\",\"position\":1,\"name\":\"Till naturvernforbundet.no\",\"item\":\"https:\/\/naturvernforbundet.no\/\"},{\"@type\":\"ListItem\",\"position\":2,\"name\":\"Buskerud\",\"item\":\"https:\/\/naturvernforbundet.no\/buskerud\/\"},{\"@type\":\"ListItem\",\"position\":3,\"name\":\"Om fylkeslaget\"}]},{\"@type\":\"WebSite\",\"@id\":\"https:\/\/naturvernforbundet.no\/buskerud\/#website\",\"url\":\"https:\/\/naturvernforbundet.no\/buskerud\/\",\"name\":\"Buskerud\",\"description\":\"Bare enda et Naturvernforbundet Sites-nettsted\",\"potentialAction\":[{\"@type\":\"SearchAction\",\"target\":{\"@type\":\"EntryPoint\",\"urlTemplate\":\"https:\/\/naturvernforbundet.no\/buskerud\/?s={search_term_string}\"},\"query-input\":{\"@type\":\"PropertyValueSpecification\",\"valueRequired\":true,\"valueName\":\"search_term_string\"}}],\"inLanguage\":\"nb-NO\"}]}<\/script>\n<!-- \/ Yoast SEO Premium plugin. -->","yoast_head_json":{"title":"Om fylkeslaget - Buskerud","robots":{"index":"index","follow":"follow","max-snippet":"max-snippet:-1","max-image-preview":"max-image-preview:large","max-video-preview":"max-video-preview:-1"},"canonical":"https:\/\/naturvernforbundet.no\/buskerud\/om-fylkeslaget\/","og_locale":"nb_NO","og_type":"article","og_title":"Om fylkeslaget","og_url":"https:\/\/naturvernforbundet.no\/buskerud\/om-fylkeslaget\/","og_site_name":"Buskerud","article_modified_time":"2026-03-26T10:16:13+00:00","twitter_card":"summary_large_image","twitter_misc":{"Ansl. lesetid":"1 minutt"},"schema":{"@context":"https:\/\/schema.org","@graph":[{"@type":"WebPage","@id":"https:\/\/naturvernforbundet.no\/buskerud\/om-fylkeslaget\/","url":"https:\/\/naturvernforbundet.no\/buskerud\/om-fylkeslaget\/","name":"Om fylkeslaget - Buskerud","isPartOf":{"@id":"https:\/\/naturvernforbundet.no\/buskerud\/#website"},"datePublished":"2022-09-15T14:25:17+00:00","dateModified":"2026-03-26T10:16:13+00:00","breadcrumb":{"@id":"https:\/\/naturvernforbundet.no\/buskerud\/om-fylkeslaget\/#breadcrumb"},"inLanguage":"nb-NO","potentialAction":[{"@type":"ReadAction","target":["https:\/\/naturvernforbundet.no\/buskerud\/om-fylkeslaget\/"]}]},{"@type":"BreadcrumbList","@id":"https:\/\/naturvernforbundet.no\/buskerud\/om-fylkeslaget\/#breadcrumb","itemListElement":[{"@type":"ListItem","position":1,"name":"Till naturvernforbundet.no","item":"https:\/\/naturvernforbundet.no\/"},{"@type":"ListItem","position":2,"name":"Buskerud","item":"https:\/\/naturvernforbundet.no\/buskerud\/"},{"@type":"ListItem","position":3,"name":"Om fylkeslaget"}]},{"@type":"WebSite","@id":"https:\/\/naturvernforbundet.no\/buskerud\/#website","url":"https:\/\/naturvernforbundet.no\/buskerud\/","name":"Buskerud","description":"Bare enda et Naturvernforbundet Sites-nettsted","potentialAction":[{"@type":"SearchAction","target":{"@type":"EntryPoint","urlTemplate":"https:\/\/naturvernforbundet.no\/buskerud\/?s={search_term_string}"},"query-input":{"@type":"PropertyValueSpecification","valueRequired":true,"valueName":"search_term_string"}}],"inLanguage":"nb-NO"}]}},"_links":{"self":[{"href":"https:\/\/naturvernforbundet.no\/buskerud\/wp-json\/wp\/v2\/pages\/735","targetHints":{"allow":["GET"]}}],"collection":[{"href":"https:\/\/naturvernforbundet.no\/buskerud\/wp-json\/wp\/v2\/pages"}],"about":[{"href":"https:\/\/naturvernforbundet.no\/buskerud\/wp-json\/wp\/v2\/types\/page"}],"author":[{"embeddable":true,"href":"https:\/\/naturvernforbundet.no\/buskerud\/wp-json\/wp\/v2\/users\/257"}],"replies":[{"embeddable":true,"href":"https:\/\/naturvernforbundet.no\/buskerud\/wp-json\/wp\/v2\/comments?post=735"}],"version-history":[{"count":25,"href":"https:\/\/naturvernforbundet.no\/buskerud\/wp-json\/wp\/v2\/pages\/735\/revisions"}],"predecessor-version":[{"id":2923,"href":"https:\/\/naturvernforbundet.no\/buskerud\/wp-json\/wp\/v2\/pages\/735\/revisions\/2923"}],"wp:attachment":[{"href":"https:\/\/naturvernforbundet.no\/buskerud\/wp-json\/wp\/v2\/media?parent=735"}],"wp:term":[{"taxonomy":"category","embeddable":true,"href":"https:\/\/naturvernforbundet.no\/buskerud\/wp-json\/wp\/v2\/categories?post=735"}],"curies":[{"name":"wp","href":"https:\/\/api.w.org\/{rel}","templated":true}]}}