{"id":736,"date":"2022-09-15T16:25:17","date_gmt":"2022-09-15T14:25:17","guid":{"rendered":"https:\/\/naturvernforbundet.no\/buskerud\/?page_id=736"},"modified":"2022-09-27T14:51:33","modified_gmt":"2022-09-27T12:51:33","slug":"aktiviteter","status":"publish","type":"page","link":"https:\/\/naturvernforbundet.no\/buskerud\/aktiviteter\/","title":{"rendered":"Aktiviteter"},"content":{"rendered":"\t<div class=\"template-page has-media alignfull wp-block-naturvern-hero\">\n\t\t<div class=\"hero__inner\">\n\t\t\t<div class=\"hero__inner_blocks\">\n\t\t\t\t\t\t\t\t\n<h1 class=\"wp-block-post-title\">Aktiviteter<\/h1>\n\n\n<p>Er du nysgjerrig p\u00e5 hva slags naturperler som ligger rett <br>utenfor d\u00f8ra di?<\/p>\n\n\n\n<div class=\"wp-block-buttons is-layout-flex wp-block-buttons-is-layout-flex\"><\/div>\n\n\t\t\t<\/div>\n\t\t\t\t\t<\/div>\n\t\t\t\t\t<div class=\"hero__image\">\n\t\t\t\t\t\t\t\t\t\t<img fetchpriority=\"high\" decoding=\"async\" width=\"653\" height=\"490\" src=\"https:\/\/naturvernforbundet.no\/content\/uploads\/sites\/11\/2016\/06\/Dugnad-Lupiner-3-R.jpg2028articledisplay29.jpg\" class=\"attachment-ultra size-ultra\" alt=\"dugnad i naturen\" style=\"object-position: 50% 50%;\" loading=\"eager\" srcset=\"https:\/\/naturvernforbundet.no\/content\/uploads\/sites\/11\/2016\/06\/Dugnad-Lupiner-3-R.jpg2028articledisplay29.jpg 653w, https:\/\/naturvernforbundet.no\/content\/uploads\/sites\/11\/2016\/06\/Dugnad-Lupiner-3-R.jpg2028articledisplay29-300x225.jpg 300w\" sizes=\"(max-width: 653px) 100vw, 653px\" \/>\t\t\t\t\t\t<\/div>\n\t\t\t<\/div>\n\t\n\n\n<div class=\"wp-block-group alignfull is-style-default is-layout-flow wp-block-group-is-layout-flow\">\n<div class=\"wp-block-columns is-layout-flex wp-container-core-columns-is-layout-1 wp-block-columns-is-layout-flex\">\n<div class=\"wp-block-column is-layout-flow wp-block-column-is-layout-flow\"><ul class=\"t2-link-list has-0-items has-auto-columns wp-block-t2-link-list\"><\/ul><\/div>\n\n\n\n<div class=\"wp-block-column is-layout-flow wp-block-column-is-layout-flow\"><ul class=\"t2-link-list has-0-items has-auto-columns wp-block-t2-link-list\"><\/ul><\/div>\n<\/div>\n<\/div>\n\n\n\n<div class=\"wp-block-media-text alignwide is-stacked-on-mobile\"><figure class=\"wp-block-media-text__media\"><img loading=\"lazy\" decoding=\"async\" width=\"653\" height=\"435\" src=\"https:\/\/naturvernforbundet.no\/content\/uploads\/sites\/11\/2014\/07\/Attila20med20ljC3A52C20lav20opl..JPG2028articledisplay29.jpg\" alt=\"sl\u00e5ttekar\" class=\"wp-image-245 size-full\" srcset=\"https:\/\/naturvernforbundet.no\/content\/uploads\/sites\/11\/2014\/07\/Attila20med20ljC3A52C20lav20opl..JPG2028articledisplay29.jpg 653w, https:\/\/naturvernforbundet.no\/content\/uploads\/sites\/11\/2014\/07\/Attila20med20ljC3A52C20lav20opl..JPG2028articledisplay29-300x200.jpg 300w\" sizes=\"auto, (max-width: 653px) 100vw, 653px\" \/><\/figure><div class=\"wp-block-media-text__content\">\n<h2 class=\"wp-block-heading\">Bli med p\u00e5 sl\u00e5ttekurs <\/h2>\n\n\n\n<p>I blomsterenga ved Hagatjern er det mulighet til \u00e5 pr\u00f8ve seg med lj\u00e5en, hjelpe til med riva, eller nyte utsikten med en kopp kaffe og en vaffel.<\/p>\n<\/div><\/div>\n\n\n\n<div class=\"wp-block-media-text alignwide has-media-on-the-right is-stacked-on-mobile\"><figure class=\"wp-block-media-text__media\"><img loading=\"lazy\" decoding=\"async\" width=\"653\" height=\"490\" src=\"https:\/\/naturvernforbundet.no\/content\/uploads\/sites\/11\/2016\/06\/Dugnad-Lupiner-3-R.jpg2028articledisplay29.jpg\" alt=\"dugnad i naturen\" class=\"wp-image-554 size-full\" srcset=\"https:\/\/naturvernforbundet.no\/content\/uploads\/sites\/11\/2016\/06\/Dugnad-Lupiner-3-R.jpg2028articledisplay29.jpg 653w, https:\/\/naturvernforbundet.no\/content\/uploads\/sites\/11\/2016\/06\/Dugnad-Lupiner-3-R.jpg2028articledisplay29-300x225.jpg 300w\" sizes=\"auto, (max-width: 653px) 100vw, 653px\" \/><\/figure><div class=\"wp-block-media-text__content\">\n<h2 class=\"wp-block-heading\">Lupinluke-dugnad<\/h2>\n<\/div><\/div>\n\n\n\n<h2 class=\"wp-block-heading\">Relaterte artikler<\/h2>\n\n\n<div class=\"t2-featured-content-layout alignwide alignwide wp-block-t2-featured-content-layout\">\n<div class=\"t2-featured-single-post t2-featured-content is-post-type-post category-naturinngrep wp-block-t2-featured-single-post\"><a class=\"t2-post-link wp-block-t2-post-link\" href=\"https:\/\/naturvernforbundet.no\/buskerud\/kratt-og-villniss-er-natur-ekte-natur\/\">\n<figure style=\"--t2-focal-point: 50% 50%;\" class=\"t2-post-featured-image has-image-ratio-4-3 wp-block-t2-post-featured-image\"><img loading=\"lazy\" decoding=\"async\" width=\"250\" height=\"172\" src=\"https:\/\/naturvernforbundet.no\/content\/uploads\/sites\/11\/2022\/03\/Kilen20-20Steinberg20VC3A5tmark20JTJ.jpg2028articlelist29.jpg\" class=\"attachment-post-thumbnail size-post-thumbnail wp-post-image\" alt=\"\" \/><\/figure>\n\n<div class=\"wp-block-group alignfull is-layout-flow wp-block-group-is-layout-flow\">\n\t<h2 class=\"t2-post-title wp-block-t2-post-title\">Kratt og villniss er natur! Ekte natur<\/h2>\n\t<p class=\"wp-block-naturvern-post-excerpt\">Det blir ny Kiwi-butikk p\u00e5 Steinberg, plassert p\u00e5 Kilen, ved avkj\u00f8ringa til Steinberg fra E134. Til tross for at alle faginstanser og r\u00e5dmannen frar\u00e5dde bygging, pressa Ap, H\u00f8yre, Frp og Senterpartiet gjennom et vedtak om bygging.<\/p>\n\t\t<div class=\"wp-block-naturvern-post-meta\">\n\t\t\t\t\t<span class=\"cat\">\n\t\t\t\t\t\t\t\t\t<span><span class=\"tag-link\" data-href=\"https:\/\/naturvernforbundet.no\/buskerud\/category\/naturinngrep\/\">Naturinngrep<\/span><\/span>\n\t\t\t\t\t\t\t<\/span>\n\t\t\t\t\t\t\t<span class=\"date\">18.03.2022<\/span>\n\t\t\t<\/div>\n\t\n<\/div>\n\n<\/a>\n<\/div>\n\n<div class=\"t2-featured-single-post t2-featured-content is-post-type-post category-samferdsel wp-block-t2-featured-single-post\"><a class=\"t2-post-link wp-block-t2-post-link\" href=\"https:\/\/naturvernforbundet.no\/buskerud\/naturvernforbundet-stotter-stores-initiativ-til-samferdselskutt\/\">\n<figure class=\"t2-post-featured-image has-image-ratio-4-3 wp-block-t2-post-featured-image\"><div class=\"t2-post-featured-image__fallback\">N<\/div><\/figure>\n\n<div class=\"wp-block-group alignfull is-layout-flow wp-block-group-is-layout-flow\">\n\t<h2 class=\"t2-post-title wp-block-t2-post-title\">Naturvernforbundet st\u00f8tter St\u00f8res initiativ til samferdselskutt<\/h2>\n\t<p class=\"wp-block-naturvern-post-excerpt\">Jonas Gahr St\u00f8re varsler kutt i samferdsels- og byggeprosjekter som f\u00f8lge av krigen i Ukraina. Statsministeren mener tiden er inne for \u00e5 g\u00e5 \u00e6rlig og \u00e5pent gjennom store samferdselsprosjekter. Naturvernforbundet \u00f8nsker initiativet hjertelig velkomment, og foresl\u00e5r at regjeringa en gang for alle g\u00e5r bort fra at nye motorveier skal bygges for 110 km\/t.<\/p>\n\t\t<div class=\"wp-block-naturvern-post-meta\">\n\t\t\t\t\t<span class=\"cat\">\n\t\t\t\t\t\t\t\t\t<span><span class=\"tag-link\" data-href=\"https:\/\/naturvernforbundet.no\/buskerud\/category\/samferdsel\/\">Samferdsel<\/span><\/span>\n\t\t\t\t\t\t\t<\/span>\n\t\t\t\t\t\t\t<span class=\"date\">15.04.2022<\/span>\n\t\t\t<\/div>\n\t\n<\/div>\n\n<\/a>\n<\/div>\n\n<div class=\"t2-featured-single-post t2-featured-content is-post-type-post category-samferdsel local-hole-og-ringerike wp-block-t2-featured-single-post\"><a class=\"t2-post-link wp-block-t2-post-link\" href=\"https:\/\/naturvernforbundet.no\/buskerud\/ringeriksbanen-eit-betre-alternativ\/\">\n<figure style=\"--t2-focal-point: 50% 50%;\" class=\"t2-post-featured-image has-image-ratio-4-3 wp-block-t2-post-featured-image\"><img loading=\"lazy\" decoding=\"async\" width=\"480\" height=\"321\" src=\"https:\/\/naturvernforbundet.no\/content\/uploads\/sites\/11\/2022\/03\/KOngens20utsikt..JPG2028mobile48029.jpg\" class=\"attachment-post-thumbnail size-post-thumbnail wp-post-image\" alt=\"\" srcset=\"https:\/\/naturvernforbundet.no\/content\/uploads\/sites\/11\/2022\/03\/KOngens20utsikt..JPG2028mobile48029.jpg 480w, https:\/\/naturvernforbundet.no\/content\/uploads\/sites\/11\/2022\/03\/KOngens20utsikt..JPG2028mobile48029-300x201.jpg 300w\" sizes=\"auto, (max-width: 480px) 100vw, 480px\" \/><\/figure>\n\n<div class=\"wp-block-group alignfull is-layout-flow wp-block-group-is-layout-flow\">\n\t<h2 class=\"t2-post-title wp-block-t2-post-title\">Ringeriksbanen \u2013 eit betre alternativ<\/h2>\n\t<p class=\"wp-block-naturvern-post-excerpt\">Hallingd\u00f8len har 15.mars eit oppslag om status for Ringeriksbanen. Saka er illustrert av eit flott bilde, med gr\u00f8ne plenar som ser ut som ein golfbane. Samfunnsm\u00e5la for prosjektet er \u00e5 f\u00e5 fleire til \u00e5 reisa kollektivt og \u00e5 bidra til effektiv, sikker og milj\u00f8vennleg transport for reisande mellom Oslo- Hallingdal og Bergen, heiter det i Hallingd\u00f8len. Naturvernforbundet meiner at firefelts motorveg parallelt med jernbanen neppe er det beste verkemiddelet for \u00e5 f\u00e5 fleire til \u00e5 reise kollektivt.<\/p>\n\t\t<div class=\"wp-block-naturvern-post-meta\">\n\t\t\t\t\t<span class=\"cat\">\n\t\t\t\t\t\t\t\t\t<span><span class=\"tag-link\" data-href=\"https:\/\/naturvernforbundet.no\/buskerud\/category\/samferdsel\/\">Samferdsel<\/span><\/span>\n\t\t\t\t\t\t\t<\/span>\n\t\t\t\t\t\t\t<span class=\"date\">24.03.2022<\/span>\n\t\t\t<\/div>\n\t\n<\/div>\n\n<\/a>\n<\/div>\n<\/div>\n\n\n<p><\/p>\n","protected":false},"excerpt":{"rendered":"","protected":false},"author":257,"featured_media":0,"parent":0,"menu_order":0,"comment_status":"closed","ping_status":"closed","template":"","meta":{"_relevanssi_hide_post":"","_relevanssi_hide_content":"","_relevanssi_pin_for_all":"","_relevanssi_pin_keywords":"","_relevanssi_unpin_keywords":"","_relevanssi_related_keywords":"","_relevanssi_related_include_ids":"","_relevanssi_related_exclude_ids":"","_relevanssi_related_no_append":"","_relevanssi_related_not_related":"","_relevanssi_related_posts":"","_relevanssi_noindex_reason":"","hide_logo":false,"footnotes":""},"categories":[],"class_list":["post-736","page","type-page","status-publish","hentry"],"acf":[],"yoast_head":"<!-- This site is optimized with the Yoast SEO Premium plugin v24.9 (Yoast SEO v24.9) - https:\/\/yoast.com\/wordpress\/plugins\/seo\/ -->\n<title>Aktiviteter - Buskerud<\/title>\n<meta name=\"robots\" content=\"index, follow, max-snippet:-1, max-image-preview:large, max-video-preview:-1\" \/>\n<link rel=\"canonical\" href=\"https:\/\/naturvernforbundet.no\/buskerud\/aktiviteter\/\" \/>\n<meta property=\"og:locale\" content=\"nb_NO\" \/>\n<meta property=\"og:type\" content=\"article\" \/>\n<meta property=\"og:title\" content=\"Aktiviteter\" \/>\n<meta property=\"og:url\" content=\"https:\/\/naturvernforbundet.no\/buskerud\/aktiviteter\/\" \/>\n<meta property=\"og:site_name\" content=\"Buskerud\" \/>\n<meta property=\"article:modified_time\" content=\"2022-09-27T12:51:33+00:00\" \/>\n<meta property=\"og:image\" content=\"https:\/\/naturvernforbundet.no\/content\/uploads\/sites\/11\/2014\/07\/Attila20med20ljC3A52C20lav20opl..JPG2028articledisplay29.jpg\" \/>\n<meta name=\"twitter:card\" content=\"summary_large_image\" \/>\n<script type=\"application\/ld+json\" class=\"yoast-schema-graph\">{\"@context\":\"https:\/\/schema.org\",\"@graph\":[{\"@type\":\"WebPage\",\"@id\":\"https:\/\/naturvernforbundet.no\/buskerud\/aktiviteter\/\",\"url\":\"https:\/\/naturvernforbundet.no\/buskerud\/aktiviteter\/\",\"name\":\"Aktiviteter - Buskerud\",\"isPartOf\":{\"@id\":\"https:\/\/naturvernforbundet.no\/buskerud\/#website\"},\"primaryImageOfPage\":{\"@id\":\"https:\/\/naturvernforbundet.no\/buskerud\/aktiviteter\/#primaryimage\"},\"image\":{\"@id\":\"https:\/\/naturvernforbundet.no\/buskerud\/aktiviteter\/#primaryimage\"},\"thumbnailUrl\":\"https:\/\/naturvernforbundet.no\/content\/uploads\/sites\/11\/2014\/07\/Attila20med20ljC3A52C20lav20opl..JPG2028articledisplay29.jpg\",\"datePublished\":\"2022-09-15T14:25:17+00:00\",\"dateModified\":\"2022-09-27T12:51:33+00:00\",\"breadcrumb\":{\"@id\":\"https:\/\/naturvernforbundet.no\/buskerud\/aktiviteter\/#breadcrumb\"},\"inLanguage\":\"nb-NO\",\"potentialAction\":[{\"@type\":\"ReadAction\",\"target\":[\"https:\/\/naturvernforbundet.no\/buskerud\/aktiviteter\/\"]}]},{\"@type\":\"ImageObject\",\"inLanguage\":\"nb-NO\",\"@id\":\"https:\/\/naturvernforbundet.no\/buskerud\/aktiviteter\/#primaryimage\",\"url\":\"https:\/\/naturvernforbundet.no\/content\/uploads\/sites\/11\/2014\/07\/Attila20med20ljC3A52C20lav20opl..JPG2028articledisplay29.jpg\",\"contentUrl\":\"https:\/\/naturvernforbundet.no\/content\/uploads\/sites\/11\/2014\/07\/Attila20med20ljC3A52C20lav20opl..JPG2028articledisplay29.jpg\"},{\"@type\":\"BreadcrumbList\",\"@id\":\"https:\/\/naturvernforbundet.no\/buskerud\/aktiviteter\/#breadcrumb\",\"itemListElement\":[{\"@type\":\"ListItem\",\"position\":1,\"name\":\"Till naturvernforbundet.no\",\"item\":\"https:\/\/naturvernforbundet.no\/\"},{\"@type\":\"ListItem\",\"position\":2,\"name\":\"Buskerud\",\"item\":\"https:\/\/naturvernforbundet.no\/buskerud\/\"},{\"@type\":\"ListItem\",\"position\":3,\"name\":\"Aktiviteter\"}]},{\"@type\":\"WebSite\",\"@id\":\"https:\/\/naturvernforbundet.no\/buskerud\/#website\",\"url\":\"https:\/\/naturvernforbundet.no\/buskerud\/\",\"name\":\"Buskerud\",\"description\":\"Bare enda et Naturvernforbundet Sites-nettsted\",\"potentialAction\":[{\"@type\":\"SearchAction\",\"target\":{\"@type\":\"EntryPoint\",\"urlTemplate\":\"https:\/\/naturvernforbundet.no\/buskerud\/?s={search_term_string}\"},\"query-input\":{\"@type\":\"PropertyValueSpecification\",\"valueRequired\":true,\"valueName\":\"search_term_string\"}}],\"inLanguage\":\"nb-NO\"}]}<\/script>\n<!-- \/ Yoast SEO Premium plugin. -->","yoast_head_json":{"title":"Aktiviteter - Buskerud","robots":{"index":"index","follow":"follow","max-snippet":"max-snippet:-1","max-image-preview":"max-image-preview:large","max-video-preview":"max-video-preview:-1"},"canonical":"https:\/\/naturvernforbundet.no\/buskerud\/aktiviteter\/","og_locale":"nb_NO","og_type":"article","og_title":"Aktiviteter","og_url":"https:\/\/naturvernforbundet.no\/buskerud\/aktiviteter\/","og_site_name":"Buskerud","article_modified_time":"2022-09-27T12:51:33+00:00","og_image":[{"url":"https:\/\/naturvernforbundet.no\/content\/uploads\/sites\/11\/2014\/07\/Attila20med20ljC3A52C20lav20opl..JPG2028articledisplay29.jpg","type":"","width":"","height":""}],"twitter_card":"summary_large_image","schema":{"@context":"https:\/\/schema.org","@graph":[{"@type":"WebPage","@id":"https:\/\/naturvernforbundet.no\/buskerud\/aktiviteter\/","url":"https:\/\/naturvernforbundet.no\/buskerud\/aktiviteter\/","name":"Aktiviteter - Buskerud","isPartOf":{"@id":"https:\/\/naturvernforbundet.no\/buskerud\/#website"},"primaryImageOfPage":{"@id":"https:\/\/naturvernforbundet.no\/buskerud\/aktiviteter\/#primaryimage"},"image":{"@id":"https:\/\/naturvernforbundet.no\/buskerud\/aktiviteter\/#primaryimage"},"thumbnailUrl":"https:\/\/naturvernforbundet.no\/content\/uploads\/sites\/11\/2014\/07\/Attila20med20ljC3A52C20lav20opl..JPG2028articledisplay29.jpg","datePublished":"2022-09-15T14:25:17+00:00","dateModified":"2022-09-27T12:51:33+00:00","breadcrumb":{"@id":"https:\/\/naturvernforbundet.no\/buskerud\/aktiviteter\/#breadcrumb"},"inLanguage":"nb-NO","potentialAction":[{"@type":"ReadAction","target":["https:\/\/naturvernforbundet.no\/buskerud\/aktiviteter\/"]}]},{"@type":"ImageObject","inLanguage":"nb-NO","@id":"https:\/\/naturvernforbundet.no\/buskerud\/aktiviteter\/#primaryimage","url":"https:\/\/naturvernforbundet.no\/content\/uploads\/sites\/11\/2014\/07\/Attila20med20ljC3A52C20lav20opl..JPG2028articledisplay29.jpg","contentUrl":"https:\/\/naturvernforbundet.no\/content\/uploads\/sites\/11\/2014\/07\/Attila20med20ljC3A52C20lav20opl..JPG2028articledisplay29.jpg"},{"@type":"BreadcrumbList","@id":"https:\/\/naturvernforbundet.no\/buskerud\/aktiviteter\/#breadcrumb","itemListElement":[{"@type":"ListItem","position":1,"name":"Till naturvernforbundet.no","item":"https:\/\/naturvernforbundet.no\/"},{"@type":"ListItem","position":2,"name":"Buskerud","item":"https:\/\/naturvernforbundet.no\/buskerud\/"},{"@type":"ListItem","position":3,"name":"Aktiviteter"}]},{"@type":"WebSite","@id":"https:\/\/naturvernforbundet.no\/buskerud\/#website","url":"https:\/\/naturvernforbundet.no\/buskerud\/","name":"Buskerud","description":"Bare enda et Naturvernforbundet Sites-nettsted","potentialAction":[{"@type":"SearchAction","target":{"@type":"EntryPoint","urlTemplate":"https:\/\/naturvernforbundet.no\/buskerud\/?s={search_term_string}"},"query-input":{"@type":"PropertyValueSpecification","valueRequired":true,"valueName":"search_term_string"}}],"inLanguage":"nb-NO"}]}},"_links":{"self":[{"href":"https:\/\/naturvernforbundet.no\/buskerud\/wp-json\/wp\/v2\/pages\/736","targetHints":{"allow":["GET"]}}],"collection":[{"href":"https:\/\/naturvernforbundet.no\/buskerud\/wp-json\/wp\/v2\/pages"}],"about":[{"href":"https:\/\/naturvernforbundet.no\/buskerud\/wp-json\/wp\/v2\/types\/page"}],"author":[{"embeddable":true,"href":"https:\/\/naturvernforbundet.no\/buskerud\/wp-json\/wp\/v2\/users\/257"}],"replies":[{"embeddable":true,"href":"https:\/\/naturvernforbundet.no\/buskerud\/wp-json\/wp\/v2\/comments?post=736"}],"version-history":[{"count":16,"href":"https:\/\/naturvernforbundet.no\/buskerud\/wp-json\/wp\/v2\/pages\/736\/revisions"}],"predecessor-version":[{"id":830,"href":"https:\/\/naturvernforbundet.no\/buskerud\/wp-json\/wp\/v2\/pages\/736\/revisions\/830"}],"wp:attachment":[{"href":"https:\/\/naturvernforbundet.no\/buskerud\/wp-json\/wp\/v2\/media?parent=736"}],"wp:term":[{"taxonomy":"category","embeddable":true,"href":"https:\/\/naturvernforbundet.no\/buskerud\/wp-json\/wp\/v2\/categories?post=736"}],"curies":[{"name":"wp","href":"https:\/\/api.w.org\/{rel}","templated":true}]}}