{"id":802,"date":"2022-09-27T13:51:58","date_gmt":"2022-09-27T11:51:58","guid":{"rendered":"https:\/\/naturvernforbundet.no\/buskerud\/?page_id=802"},"modified":"2023-10-31T13:18:30","modified_gmt":"2023-10-31T12:18:30","slug":"rovfugler","status":"publish","type":"page","link":"https:\/\/naturvernforbundet.no\/buskerud\/rovfugler\/","title":{"rendered":"Rovfugler"},"content":{"rendered":"\t<div class=\"template-page has-media alignfull wp-block-naturvern-hero\">\n\t\t<div class=\"hero__inner\">\n\t\t\t<div class=\"hero__inner_blocks\">\n\t\t\t\t\t\t\t\t\n<h1 class=\"wp-block-post-title\">Rovfugler<\/h1>\n\n\n<p>Rovfuglene v\u00e5re er en naturlig og viktig del av det biologiske mangfoldet. <\/p>\n\n\n\n<div class=\"wp-block-buttons is-layout-flex wp-block-buttons-is-layout-flex\"><\/div>\n\n\t\t\t<\/div>\n\t\t\t\t\t<\/div>\n\t\t\t\t\t<div class=\"hero__image\">\n\t\t\t\t\t\t\t\t\t\t<img fetchpriority=\"high\" decoding=\"async\" width=\"1920\" height=\"1294\" src=\"https:\/\/naturvernforbundet.no\/content\/uploads\/sites\/11\/2022\/09\/Fiskeorn-i-lufta-1920x1294.jpg\" class=\"attachment-ultra size-ultra\" alt=\"fiske\u00f8rn\" style=\"object-position: 50% 50%;\" loading=\"eager\" srcset=\"https:\/\/naturvernforbundet.no\/content\/uploads\/sites\/11\/2022\/09\/Fiskeorn-i-lufta-1920x1294.jpg 1920w, https:\/\/naturvernforbundet.no\/content\/uploads\/sites\/11\/2022\/09\/Fiskeorn-i-lufta-300x202.jpg 300w, https:\/\/naturvernforbundet.no\/content\/uploads\/sites\/11\/2022\/09\/Fiskeorn-i-lufta-1024x690.jpg 1024w, https:\/\/naturvernforbundet.no\/content\/uploads\/sites\/11\/2022\/09\/Fiskeorn-i-lufta-768x518.jpg 768w, https:\/\/naturvernforbundet.no\/content\/uploads\/sites\/11\/2022\/09\/Fiskeorn-i-lufta-1536x1035.jpg 1536w, https:\/\/naturvernforbundet.no\/content\/uploads\/sites\/11\/2022\/09\/Fiskeorn-i-lufta.jpg 1947w\" sizes=\"(max-width: 1920px) 100vw, 1920px\" \/>\t\t\t\t\t\t<\/div>\n\t\t\t<\/div>\n\t\n\n\n<p>Rovfuglgruppa i NiB har som form\u00e5l \u00e5 samle inn kunnskap om utvalgte rovfuglarter i hele eller deler av fylket. Kunnskapen skal brukes til \u00e5 arbeide for best mulig forvaltning av de artene det gjelder, og som underlag i arealsaker og andre innspill til forvaltningen. Det skal fokuseres p\u00e5 rovfuglene som en naturlig og viktig del av det biologiske mangfoldet. Arbeidet skal holde h\u00f8y faglig kvalitet.<\/p>\n\n\n<div class=\"t2-featured-content-layout alignwide alignwide wp-block-t2-featured-content-layout\">\n<div class=\"t2-featured-query-post t2-featured-content is-post-type-post category-aktuelt-og-nyheter category-buskerud category-fugl-og-rovfugl wp-block-t2-featured-query-post\"><a class=\"t2-post-link wp-block-t2-post-link\" href=\"https:\/\/naturvernforbundet.no\/buskerud\/vandrefalk-i-buskerud-2021-2023utbredelse-og-hekkestatus\/\">\n<figure class=\"t2-post-featured-image has-image-ratio-4-3 wp-block-t2-post-featured-image\"><div class=\"t2-post-featured-image__fallback\">V<\/div><\/figure>\n\n<div class=\"wp-block-group alignfull is-layout-flow wp-block-group-is-layout-flow\">\n\t<h2 class=\"t2-post-title wp-block-t2-post-title\">Vandrefalk i Buskerud 2021 &#8211; 2023:Utbredelse og hekkestatus<\/h2>\n\t<p class=\"wp-block-naturvern-post-excerpt\">Naturvernforbundet i Buskerud ved Tore Gunnarsen har kartlagt vandrefalk i fylket i perioden 2021 &#8211; 2023. Dette har resultert i en rapport som er ferdig og publiseres n\u00e5. <\/p>\n\t\t<div class=\"wp-block-naturvern-post-meta\">\n\t\t\t\t\t<span class=\"cat\">\n\t\t\t\t\t\t\t\t\t<span><span class=\"tag-link\" data-href=\"https:\/\/naturvernforbundet.no\/buskerud\/category\/aktuelt-og-nyheter\/\">Aktuelt og nyheter<\/span><\/span>\n\t\t\t\t\t\t\t\t\t<span><span class=\"tag-link\" data-href=\"https:\/\/naturvernforbundet.no\/buskerud\/category\/buskerud\/\">Buskerud<\/span><\/span>\n\t\t\t\t\t\t\t\t\t<span><span class=\"tag-link\" data-href=\"https:\/\/naturvernforbundet.no\/buskerud\/category\/fugl-og-rovfugl\/\">Fugl og rovfugl<\/span><\/span>\n\t\t\t\t\t\t\t<\/span>\n\t\t\t\t\t\t\t<span class=\"date\">28.10.2023<\/span>\n\t\t\t<\/div>\n\t\n<\/div>\n\n<\/a>\n<\/div>\n\n<div class=\"t2-featured-query-post t2-featured-content is-post-type-post category-fugl-og-rovfugl category-naturvern local-ovre-eiker wp-block-t2-featured-query-post\"><a class=\"t2-post-link wp-block-t2-post-link\" href=\"https:\/\/naturvernforbundet.no\/buskerud\/bro-ut-pa-hagaoya\/\">\n<figure style=\"--t2-focal-point: 50% 50%;\" class=\"t2-post-featured-image has-image-ratio-4-3 wp-block-t2-post-featured-image\"><img loading=\"lazy\" decoding=\"async\" width=\"2000\" height=\"1125\" src=\"https:\/\/naturvernforbundet.no\/content\/uploads\/sites\/11\/2023\/01\/hagaoya.jpeg\" class=\"attachment-post-thumbnail size-post-thumbnail wp-post-image\" alt=\"\" srcset=\"https:\/\/naturvernforbundet.no\/content\/uploads\/sites\/11\/2023\/01\/hagaoya.jpeg 2000w, https:\/\/naturvernforbundet.no\/content\/uploads\/sites\/11\/2023\/01\/hagaoya-300x169.jpeg 300w, https:\/\/naturvernforbundet.no\/content\/uploads\/sites\/11\/2023\/01\/hagaoya-1024x576.jpeg 1024w, https:\/\/naturvernforbundet.no\/content\/uploads\/sites\/11\/2023\/01\/hagaoya-768x432.jpeg 768w, https:\/\/naturvernforbundet.no\/content\/uploads\/sites\/11\/2023\/01\/hagaoya-1536x864.jpeg 1536w, https:\/\/naturvernforbundet.no\/content\/uploads\/sites\/11\/2023\/01\/hagaoya-1920x1080.jpeg 1920w\" sizes=\"auto, (max-width: 2000px) 100vw, 2000px\" \/><\/figure>\n\n<div class=\"wp-block-group alignfull is-layout-flow wp-block-group-is-layout-flow\">\n\t<h2 class=\"t2-post-title wp-block-t2-post-title\">Bro ut p\u00e5 Haga\u00f8ya?<\/h2>\n\t<p class=\"wp-block-naturvern-post-excerpt\">Haga\u00f8ya er en av de f\u00e5 uber\u00f8rte naturomr\u00e5dene langs Drammenselva.  Naturvernforbundet i \u00d8vre Eiker mener at dette omr\u00e5det b\u00f8r forbli uber\u00f8rt.<\/p>\n\t\t<div class=\"wp-block-naturvern-post-meta\">\n\t\t\t\t\t<span class=\"cat\">\n\t\t\t\t\t\t\t\t\t<span><span class=\"tag-link\" data-href=\"https:\/\/naturvernforbundet.no\/buskerud\/category\/fugl-og-rovfugl\/\">Fugl og rovfugl<\/span><\/span>\n\t\t\t\t\t\t\t\t\t<span><span class=\"tag-link\" data-href=\"https:\/\/naturvernforbundet.no\/buskerud\/category\/naturvern\/\">Naturvern<\/span><\/span>\n\t\t\t\t\t\t\t<\/span>\n\t\t\t\t\t\t\t<span class=\"date\">10.01.2023<\/span>\n\t\t\t<\/div>\n\t\n<\/div>\n\n<\/a>\n<\/div>\n\n<div class=\"t2-featured-query-post t2-featured-content is-post-type-post category-fugl-og-rovfugl wp-block-t2-featured-query-post\"><a class=\"t2-post-link wp-block-t2-post-link\" href=\"https:\/\/naturvernforbundet.no\/buskerud\/rovfugl-i-buskerud-kartlegging-2020-2021\/\">\n<figure style=\"--t2-focal-point: 50% 50%;\" class=\"t2-post-featured-image has-image-ratio-4-3 wp-block-t2-post-featured-image\"><img loading=\"lazy\" decoding=\"async\" width=\"653\" height=\"366\" src=\"https:\/\/naturvernforbundet.no\/content\/uploads\/sites\/11\/2021\/12\/KongeC3B8rn20-20foto20Thomas20MC3B8rch.jpg2028articledisplay29.jpg\" class=\"attachment-post-thumbnail size-post-thumbnail wp-post-image\" alt=\"\" srcset=\"https:\/\/naturvernforbundet.no\/content\/uploads\/sites\/11\/2021\/12\/KongeC3B8rn20-20foto20Thomas20MC3B8rch.jpg2028articledisplay29.jpg 653w, https:\/\/naturvernforbundet.no\/content\/uploads\/sites\/11\/2021\/12\/KongeC3B8rn20-20foto20Thomas20MC3B8rch.jpg2028articledisplay29-300x168.jpg 300w\" sizes=\"auto, (max-width: 653px) 100vw, 653px\" \/><\/figure>\n\n<div class=\"wp-block-group alignfull is-layout-flow wp-block-group-is-layout-flow\">\n\t<h2 class=\"t2-post-title wp-block-t2-post-title\">Rovfugl i Buskerud &#8211; kartlegging 2020-2021<\/h2>\n\t<p class=\"wp-block-naturvern-post-excerpt\">Rapporten er en kortfattet presentasjon av resultatene fra en unders\u00f8kelse av bestand og reproduksjon hos konge\u00f8rn, h\u00f8nsehauk og fiske\u00f8rn i Buskerud, 2020-2021.<\/p>\n\t\t<div class=\"wp-block-naturvern-post-meta\">\n\t\t\t\t\t<span class=\"cat\">\n\t\t\t\t\t\t\t\t\t<span><span class=\"tag-link\" data-href=\"https:\/\/naturvernforbundet.no\/buskerud\/category\/fugl-og-rovfugl\/\">Fugl og rovfugl<\/span><\/span>\n\t\t\t\t\t\t\t<\/span>\n\t\t\t\t\t\t\t<span class=\"date\">20.12.2021<\/span>\n\t\t\t<\/div>\n\t\n<\/div>\n\n<\/a>\n<\/div>\n\n<div class=\"t2-featured-query-post t2-featured-content is-post-type-post category-fugl-og-rovfugl wp-block-t2-featured-query-post\"><a class=\"t2-post-link wp-block-t2-post-link\" href=\"https:\/\/naturvernforbundet.no\/buskerud\/tilradning-om-ferdselsforbud-ved-hekkelokalitet-av-fiskeorn\/\">\n<figure class=\"t2-post-featured-image has-image-ratio-4-3 wp-block-t2-post-featured-image\"><div class=\"t2-post-featured-image__fallback\">T<\/div><\/figure>\n\n<div class=\"wp-block-group alignfull is-layout-flow wp-block-group-is-layout-flow\">\n\t<h2 class=\"t2-post-title wp-block-t2-post-title\">Tilr\u00e5dning om ferdselsforbud ved hekkelokalitet av fiske\u00f8rn<\/h2>\n\t<p class=\"wp-block-naturvern-post-excerpt\">Norsk Ornitologisk Forening og NiB tilr\u00e5r Kongsberg kommune \u00e5 etablere en hensynssone rundt hekkelokaliteten ved Helgevannet.<\/p>\n\t\t<div class=\"wp-block-naturvern-post-meta\">\n\t\t\t\t\t<span class=\"cat\">\n\t\t\t\t\t\t\t\t\t<span><span class=\"tag-link\" data-href=\"https:\/\/naturvernforbundet.no\/buskerud\/category\/fugl-og-rovfugl\/\">Fugl og rovfugl<\/span><\/span>\n\t\t\t\t\t\t\t<\/span>\n\t\t\t\t\t\t\t<span class=\"date\">01.03.2021<\/span>\n\t\t\t<\/div>\n\t\n<\/div>\n\n<\/a>\n<\/div>\n\n<div class=\"t2-featured-query-post t2-featured-content is-post-type-post category-fugl-og-rovfugl wp-block-t2-featured-query-post\"><a class=\"t2-post-link wp-block-t2-post-link\" href=\"https:\/\/naturvernforbundet.no\/buskerud\/skogbruket-og-honsehauken\/\">\n<figure style=\"--t2-focal-point: 50% 50%;\" class=\"t2-post-featured-image has-image-ratio-4-3 wp-block-t2-post-featured-image\"><img loading=\"lazy\" decoding=\"async\" width=\"653\" height=\"440\" src=\"https:\/\/naturvernforbundet.no\/content\/uploads\/sites\/11\/2020\/12\/HC3B8nsehauk20i20flukt2C20TC398.jpg2028articledisplay29.jpg\" class=\"attachment-post-thumbnail size-post-thumbnail wp-post-image\" alt=\"\" srcset=\"https:\/\/naturvernforbundet.no\/content\/uploads\/sites\/11\/2020\/12\/HC3B8nsehauk20i20flukt2C20TC398.jpg2028articledisplay29.jpg 653w, https:\/\/naturvernforbundet.no\/content\/uploads\/sites\/11\/2020\/12\/HC3B8nsehauk20i20flukt2C20TC398.jpg2028articledisplay29-300x202.jpg 300w\" sizes=\"auto, (max-width: 653px) 100vw, 653px\" \/><\/figure>\n\n<div class=\"wp-block-group alignfull is-layout-flow wp-block-group-is-layout-flow\">\n\t<h2 class=\"t2-post-title wp-block-t2-post-title\">Skogbruket og h\u00f8nsehauken<\/h2>\n\t<p class=\"wp-block-naturvern-post-excerpt\">Notater fra kartlegging i deler av Buskerud i 2020<\/p>\n\t\t<div class=\"wp-block-naturvern-post-meta\">\n\t\t\t\t\t<span class=\"cat\">\n\t\t\t\t\t\t\t\t\t<span><span class=\"tag-link\" data-href=\"https:\/\/naturvernforbundet.no\/buskerud\/category\/fugl-og-rovfugl\/\">Fugl og rovfugl<\/span><\/span>\n\t\t\t\t\t\t\t<\/span>\n\t\t\t\t\t\t\t<span class=\"date\">18.12.2020<\/span>\n\t\t\t<\/div>\n\t\n<\/div>\n\n<\/a>\n<\/div>\n\n<div class=\"t2-featured-query-post t2-featured-content is-post-type-post category-fugl-og-rovfugl wp-block-t2-featured-query-post\"><a class=\"t2-post-link wp-block-t2-post-link\" href=\"https:\/\/naturvernforbundet.no\/buskerud\/nytt-notat-fra-nib-kartlegging-av-tiurleiker-i-deler-av-buskerud-2018-2020\/\">\n<figure style=\"--t2-focal-point: 50% 50%;\" class=\"t2-post-featured-image has-image-ratio-4-3 wp-block-t2-post-featured-image\"><img loading=\"lazy\" decoding=\"async\" width=\"653\" height=\"462\" src=\"https:\/\/naturvernforbundet.no\/content\/uploads\/sites\/11\/2020\/12\/2020-04-092008.14.22.jpg2028articledisplay29.jpg\" class=\"attachment-post-thumbnail size-post-thumbnail wp-post-image\" alt=\"\" srcset=\"https:\/\/naturvernforbundet.no\/content\/uploads\/sites\/11\/2020\/12\/2020-04-092008.14.22.jpg2028articledisplay29.jpg 653w, https:\/\/naturvernforbundet.no\/content\/uploads\/sites\/11\/2020\/12\/2020-04-092008.14.22.jpg2028articledisplay29-300x212.jpg 300w\" sizes=\"auto, (max-width: 653px) 100vw, 653px\" \/><\/figure>\n\n<div class=\"wp-block-group alignfull is-layout-flow wp-block-group-is-layout-flow\">\n\t<h2 class=\"t2-post-title wp-block-t2-post-title\">Nytt notat fra NiB \u2013 Kartlegging av tiurleiker i deler av Buskerud 2018 \u2013 2020.<\/h2>\n\t<p class=\"wp-block-naturvern-post-excerpt\">Notatet gjengir noen resultater fra kartlegging av tiurleiker i deler av Buskerud de siste 3-4 \u00e5rene. Form\u00e5let med kartlegging har v\u00e6rt \u00e5 lete opp tiurleiker, kartfeste disse og informere t\u00f8mmerkj\u00f8pere slik at n\u00f8dvendige hensyn kan bli tatt. Arbeidet har v\u00e6rt todelt: \u27a2 Kartlegging i Ringerike \u27a2 Kartlegging i noen andre utvalgte omr\u00e5der i Buskerud<\/p>\n\t\t<div class=\"wp-block-naturvern-post-meta\">\n\t\t\t\t\t<span class=\"cat\">\n\t\t\t\t\t\t\t\t\t<span><span class=\"tag-link\" data-href=\"https:\/\/naturvernforbundet.no\/buskerud\/category\/fugl-og-rovfugl\/\">Fugl og rovfugl<\/span><\/span>\n\t\t\t\t\t\t\t<\/span>\n\t\t\t\t\t\t\t<span class=\"date\">10.12.2020<\/span>\n\t\t\t<\/div>\n\t\n<\/div>\n\n<\/a>\n<\/div>\n\n<div class=\"t2-featured-single-post t2-featured-content is-post-type-post category-fugl-og-rovfugl wp-block-t2-featured-single-post\"><a class=\"t2-post-link wp-block-t2-post-link\" href=\"https:\/\/naturvernforbundet.no\/buskerud\/ny-rekord-for-utflyvne-unger-av-vandrefalk-i-2020-107-individer\/\">\n<figure style=\"--t2-focal-point: 50% 50%;\" class=\"t2-post-featured-image has-image-ratio-4-3 wp-block-t2-post-featured-image\"><img loading=\"lazy\" decoding=\"async\" width=\"653\" height=\"518\" src=\"https:\/\/naturvernforbundet.no\/content\/uploads\/sites\/11\/2020\/10\/vandrefalk_thor.jpg2028articledisplay29.jpg\" class=\"attachment-post-thumbnail size-post-thumbnail wp-post-image\" alt=\"\" srcset=\"https:\/\/naturvernforbundet.no\/content\/uploads\/sites\/11\/2020\/10\/vandrefalk_thor.jpg2028articledisplay29.jpg 653w, https:\/\/naturvernforbundet.no\/content\/uploads\/sites\/11\/2020\/10\/vandrefalk_thor.jpg2028articledisplay29-300x238.jpg 300w\" sizes=\"auto, (max-width: 653px) 100vw, 653px\" \/><\/figure>\n\n<div class=\"wp-block-group alignfull is-layout-flow wp-block-group-is-layout-flow\">\n\t<h2 class=\"t2-post-title wp-block-t2-post-title\">Ny rekord for utflyvne unger av vandrefalk i 2020: 107 individer!<\/h2>\n\t<p class=\"wp-block-naturvern-post-excerpt\">Dette kommer fram i rapporten fra Tore Gunnarsen, i arbeidet han har gjort for Naturvernforbundet i Buskerud med kartlegging av arten i 2019 og 2020.<\/p>\n\t\t<div class=\"wp-block-naturvern-post-meta\">\n\t\t\t\t\t<span class=\"cat\">\n\t\t\t\t\t\t\t\t\t<span><span class=\"tag-link\" data-href=\"https:\/\/naturvernforbundet.no\/buskerud\/category\/fugl-og-rovfugl\/\">Fugl og rovfugl<\/span><\/span>\n\t\t\t\t\t\t\t<\/span>\n\t\t\t\t\t\t\t<span class=\"date\">25.10.2020<\/span>\n\t\t\t<\/div>\n\t\n<\/div>\n\n<\/a>\n<\/div>\n\n<div class=\"t2-featured-single-post t2-featured-content is-post-type-post category-fugl-og-rovfugl wp-block-t2-featured-single-post\"><a class=\"t2-post-link wp-block-t2-post-link\" href=\"https:\/\/naturvernforbundet.no\/buskerud\/horndykker-i-buskerud-2019-2020\/\">\n<figure style=\"--t2-focal-point: 50% 50%;\" class=\"t2-post-featured-image has-image-ratio-4-3 wp-block-t2-post-featured-image\"><img loading=\"lazy\" decoding=\"async\" width=\"653\" height=\"440\" src=\"https:\/\/naturvernforbundet.no\/content\/uploads\/sites\/11\/2020\/10\/Fiskedammen2020202012.8.JPG2028articledisplay29.jpg\" class=\"attachment-post-thumbnail size-post-thumbnail wp-post-image\" alt=\"\" srcset=\"https:\/\/naturvernforbundet.no\/content\/uploads\/sites\/11\/2020\/10\/Fiskedammen2020202012.8.JPG2028articledisplay29.jpg 653w, https:\/\/naturvernforbundet.no\/content\/uploads\/sites\/11\/2020\/10\/Fiskedammen2020202012.8.JPG2028articledisplay29-300x202.jpg 300w\" sizes=\"auto, (max-width: 653px) 100vw, 653px\" \/><\/figure>\n\n<div class=\"wp-block-group alignfull is-layout-flow wp-block-group-is-layout-flow\">\n\t<h2 class=\"t2-post-title wp-block-t2-post-title\">Horndykker i Buskerud 2019-2020<\/h2>\n\t<p class=\"wp-block-naturvern-post-excerpt\">Rapporten fokuserer p\u00e5 hekkeforekomsten av horndykker (Podiceps auritus) i Buskerud i 2019 og 2020, men tar ogs\u00e5 med noen data fra v\u00e5r- og h\u00f8stfunn i fylket fra AO (Artsobservasjoner for fugl). Fra november 2015 er horndykker r\u00f8dlistet i kategorien VU (s\u00e5rbar) p\u00e5 den norske r\u00f8dlista for arter (Henriksen &#038; Hilmo 2015).<\/p>\n\t\t<div class=\"wp-block-naturvern-post-meta\">\n\t\t\t\t\t<span class=\"cat\">\n\t\t\t\t\t\t\t\t\t<span><span class=\"tag-link\" data-href=\"https:\/\/naturvernforbundet.no\/buskerud\/category\/fugl-og-rovfugl\/\">Fugl og rovfugl<\/span><\/span>\n\t\t\t\t\t\t\t<\/span>\n\t\t\t\t\t\t\t<span class=\"date\">20.10.2020<\/span>\n\t\t\t<\/div>\n\t\n<\/div>\n\n<\/a>\n<\/div>\n\n<div class=\"t2-featured-single-post t2-featured-content is-post-type-post category-nyheter wp-block-t2-featured-single-post\"><a class=\"t2-post-link wp-block-t2-post-link\" href=\"https:\/\/naturvernforbundet.no\/buskerud\/klage-pa-vedtak-om-dronebruk-for-tilsyn-med-dyr-pa-beite\/\">\n<figure class=\"t2-post-featured-image has-image-ratio-4-3 wp-block-t2-post-featured-image\"><div class=\"t2-post-featured-image__fallback\">K<\/div><\/figure>\n\n<div class=\"wp-block-group alignfull is-layout-flow wp-block-group-is-layout-flow\">\n\t<h2 class=\"t2-post-title wp-block-t2-post-title\">Klage p\u00e5 vedtak om dronebruk for tilsyn med dyr p\u00e5 beite<\/h2>\n\t<p class=\"wp-block-naturvern-post-excerpt\">Naturvernforbundet i Buskerud p\u00e5klager vedtaket gjort av Hallingskarvet nasjonalparkstyre om \u00e5 gi Britt Helene Villand Lindheim dispensasjon til bruk av drone ved tilsyn av beitedyr for sesongen 2019 i Raggsteindalen<\/p>\n\t\t<div class=\"wp-block-naturvern-post-meta\">\n\t\t\t\t\t<span class=\"cat\">\n\t\t\t\t\t\t\t\t\t<span><span class=\"tag-link\" data-href=\"https:\/\/naturvernforbundet.no\/buskerud\/category\/nyheter\/\">Nyheter<\/span><\/span>\n\t\t\t\t\t\t\t<\/span>\n\t\t\t\t\t\t\t<span class=\"date\">13.05.2019<\/span>\n\t\t\t<\/div>\n\t\n<\/div>\n\n<\/a>\n<\/div>\n<\/div>","protected":false},"excerpt":{"rendered":"","protected":false},"author":3,"featured_media":0,"parent":0,"menu_order":0,"comment_status":"closed","ping_status":"closed","template":"","meta":{"_relevanssi_hide_post":"","_relevanssi_hide_content":"","_relevanssi_pin_for_all":"","_relevanssi_pin_keywords":"","_relevanssi_unpin_keywords":"","_relevanssi_related_keywords":"","_relevanssi_related_include_ids":"","_relevanssi_related_exclude_ids":"","_relevanssi_related_no_append":"","_relevanssi_related_not_related":"","_relevanssi_related_posts":"","_relevanssi_noindex_reason":"","hide_logo":false,"footnotes":""},"categories":[],"class_list":["post-802","page","type-page","status-publish","hentry"],"acf":[],"yoast_head":"<!-- This site is optimized with the Yoast SEO Premium plugin v24.9 (Yoast SEO v24.9) - https:\/\/yoast.com\/wordpress\/plugins\/seo\/ -->\n<title>Rovfugler - Buskerud<\/title>\n<meta name=\"robots\" content=\"index, follow, max-snippet:-1, max-image-preview:large, max-video-preview:-1\" \/>\n<link rel=\"canonical\" href=\"https:\/\/naturvernforbundet.no\/buskerud\/rovfugler\/\" \/>\n<meta property=\"og:locale\" content=\"nb_NO\" \/>\n<meta property=\"og:type\" content=\"article\" \/>\n<meta property=\"og:title\" content=\"Rovfugler\" \/>\n<meta property=\"og:url\" content=\"https:\/\/naturvernforbundet.no\/buskerud\/rovfugler\/\" \/>\n<meta property=\"og:site_name\" content=\"Buskerud\" \/>\n<meta property=\"article:modified_time\" content=\"2023-10-31T12:18:30+00:00\" \/>\n<meta name=\"twitter:card\" content=\"summary_large_image\" \/>\n<meta name=\"twitter:label1\" content=\"Ansl. lesetid\" \/>\n\t<meta name=\"twitter:data1\" content=\"1 minutt\" \/>\n<script type=\"application\/ld+json\" class=\"yoast-schema-graph\">{\"@context\":\"https:\/\/schema.org\",\"@graph\":[{\"@type\":\"WebPage\",\"@id\":\"https:\/\/naturvernforbundet.no\/buskerud\/rovfugler\/\",\"url\":\"https:\/\/naturvernforbundet.no\/buskerud\/rovfugler\/\",\"name\":\"Rovfugler - Buskerud\",\"isPartOf\":{\"@id\":\"https:\/\/naturvernforbundet.no\/buskerud\/#website\"},\"datePublished\":\"2022-09-27T11:51:58+00:00\",\"dateModified\":\"2023-10-31T12:18:30+00:00\",\"breadcrumb\":{\"@id\":\"https:\/\/naturvernforbundet.no\/buskerud\/rovfugler\/#breadcrumb\"},\"inLanguage\":\"nb-NO\",\"potentialAction\":[{\"@type\":\"ReadAction\",\"target\":[\"https:\/\/naturvernforbundet.no\/buskerud\/rovfugler\/\"]}]},{\"@type\":\"BreadcrumbList\",\"@id\":\"https:\/\/naturvernforbundet.no\/buskerud\/rovfugler\/#breadcrumb\",\"itemListElement\":[{\"@type\":\"ListItem\",\"position\":1,\"name\":\"Till naturvernforbundet.no\",\"item\":\"https:\/\/naturvernforbundet.no\/\"},{\"@type\":\"ListItem\",\"position\":2,\"name\":\"Buskerud\",\"item\":\"https:\/\/naturvernforbundet.no\/buskerud\/\"},{\"@type\":\"ListItem\",\"position\":3,\"name\":\"Rovfugler\"}]},{\"@type\":\"WebSite\",\"@id\":\"https:\/\/naturvernforbundet.no\/buskerud\/#website\",\"url\":\"https:\/\/naturvernforbundet.no\/buskerud\/\",\"name\":\"Buskerud\",\"description\":\"Bare enda et Naturvernforbundet Sites-nettsted\",\"potentialAction\":[{\"@type\":\"SearchAction\",\"target\":{\"@type\":\"EntryPoint\",\"urlTemplate\":\"https:\/\/naturvernforbundet.no\/buskerud\/?s={search_term_string}\"},\"query-input\":{\"@type\":\"PropertyValueSpecification\",\"valueRequired\":true,\"valueName\":\"search_term_string\"}}],\"inLanguage\":\"nb-NO\"}]}<\/script>\n<!-- \/ Yoast SEO Premium plugin. -->","yoast_head_json":{"title":"Rovfugler - Buskerud","robots":{"index":"index","follow":"follow","max-snippet":"max-snippet:-1","max-image-preview":"max-image-preview:large","max-video-preview":"max-video-preview:-1"},"canonical":"https:\/\/naturvernforbundet.no\/buskerud\/rovfugler\/","og_locale":"nb_NO","og_type":"article","og_title":"Rovfugler","og_url":"https:\/\/naturvernforbundet.no\/buskerud\/rovfugler\/","og_site_name":"Buskerud","article_modified_time":"2023-10-31T12:18:30+00:00","twitter_card":"summary_large_image","twitter_misc":{"Ansl. lesetid":"1 minutt"},"schema":{"@context":"https:\/\/schema.org","@graph":[{"@type":"WebPage","@id":"https:\/\/naturvernforbundet.no\/buskerud\/rovfugler\/","url":"https:\/\/naturvernforbundet.no\/buskerud\/rovfugler\/","name":"Rovfugler - Buskerud","isPartOf":{"@id":"https:\/\/naturvernforbundet.no\/buskerud\/#website"},"datePublished":"2022-09-27T11:51:58+00:00","dateModified":"2023-10-31T12:18:30+00:00","breadcrumb":{"@id":"https:\/\/naturvernforbundet.no\/buskerud\/rovfugler\/#breadcrumb"},"inLanguage":"nb-NO","potentialAction":[{"@type":"ReadAction","target":["https:\/\/naturvernforbundet.no\/buskerud\/rovfugler\/"]}]},{"@type":"BreadcrumbList","@id":"https:\/\/naturvernforbundet.no\/buskerud\/rovfugler\/#breadcrumb","itemListElement":[{"@type":"ListItem","position":1,"name":"Till naturvernforbundet.no","item":"https:\/\/naturvernforbundet.no\/"},{"@type":"ListItem","position":2,"name":"Buskerud","item":"https:\/\/naturvernforbundet.no\/buskerud\/"},{"@type":"ListItem","position":3,"name":"Rovfugler"}]},{"@type":"WebSite","@id":"https:\/\/naturvernforbundet.no\/buskerud\/#website","url":"https:\/\/naturvernforbundet.no\/buskerud\/","name":"Buskerud","description":"Bare enda et Naturvernforbundet Sites-nettsted","potentialAction":[{"@type":"SearchAction","target":{"@type":"EntryPoint","urlTemplate":"https:\/\/naturvernforbundet.no\/buskerud\/?s={search_term_string}"},"query-input":{"@type":"PropertyValueSpecification","valueRequired":true,"valueName":"search_term_string"}}],"inLanguage":"nb-NO"}]}},"_links":{"self":[{"href":"https:\/\/naturvernforbundet.no\/buskerud\/wp-json\/wp\/v2\/pages\/802","targetHints":{"allow":["GET"]}}],"collection":[{"href":"https:\/\/naturvernforbundet.no\/buskerud\/wp-json\/wp\/v2\/pages"}],"about":[{"href":"https:\/\/naturvernforbundet.no\/buskerud\/wp-json\/wp\/v2\/types\/page"}],"author":[{"embeddable":true,"href":"https:\/\/naturvernforbundet.no\/buskerud\/wp-json\/wp\/v2\/users\/3"}],"replies":[{"embeddable":true,"href":"https:\/\/naturvernforbundet.no\/buskerud\/wp-json\/wp\/v2\/comments?post=802"}],"version-history":[{"count":5,"href":"https:\/\/naturvernforbundet.no\/buskerud\/wp-json\/wp\/v2\/pages\/802\/revisions"}],"predecessor-version":[{"id":1689,"href":"https:\/\/naturvernforbundet.no\/buskerud\/wp-json\/wp\/v2\/pages\/802\/revisions\/1689"}],"wp:attachment":[{"href":"https:\/\/naturvernforbundet.no\/buskerud\/wp-json\/wp\/v2\/media?parent=802"}],"wp:term":[{"taxonomy":"category","embeddable":true,"href":"https:\/\/naturvernforbundet.no\/buskerud\/wp-json\/wp\/v2\/categories?post=802"}],"curies":[{"name":"wp","href":"https:\/\/api.w.org\/{rel}","templated":true}]}}