{"id":805,"date":"2022-09-27T13:58:05","date_gmt":"2022-09-27T11:58:05","guid":{"rendered":"https:\/\/naturvernforbundet.no\/buskerud\/?page_id=805"},"modified":"2022-09-27T13:58:05","modified_gmt":"2022-09-27T11:58:05","slug":"slattekurs","status":"publish","type":"page","link":"https:\/\/naturvernforbundet.no\/buskerud\/slattekurs\/","title":{"rendered":"Sl\u00e5ttekurs"},"content":{"rendered":"\t<div class=\"template-page has-media alignfull wp-block-naturvern-hero\">\n\t\t<div class=\"hero__inner\">\n\t\t\t<div class=\"hero__inner_blocks\">\n\t\t\t\t\t\t\t\t\n<h1 class=\"wp-block-post-title\">Sl\u00e5ttekurs<\/h1>\n\n\n<p>Med sl\u00e5tten tar vi ikke bare vare p\u00e5 en god gammel tradisjon. Den er ogs\u00e5 med p\u00e5 \u00e5 ivareta det unike biologiske mangfoldet som finnes i enga.<\/p>\n\n\n\n<div class=\"wp-block-buttons is-layout-flex wp-block-buttons-is-layout-flex\"><\/div>\n\n\t\t\t<\/div>\n\t\t\t\t\t<\/div>\n\t\t\t\t\t<div class=\"hero__image\">\n\t\t\t\t\t\t\t\t\t\t<img fetchpriority=\"high\" decoding=\"async\" width=\"653\" height=\"347\" src=\"https:\/\/naturvernforbundet.no\/content\/uploads\/sites\/11\/2017\/01\/SlC3A5ttekurset20201320Bilde2012.jpg2028articledisplay29.jpg\" class=\"attachment-ultra size-ultra\" alt=\"sl\u00e5ttekurs\" style=\"object-position: 50% 50%;\" loading=\"eager\" srcset=\"https:\/\/naturvernforbundet.no\/content\/uploads\/sites\/11\/2017\/01\/SlC3A5ttekurset20201320Bilde2012.jpg2028articledisplay29.jpg 653w, https:\/\/naturvernforbundet.no\/content\/uploads\/sites\/11\/2017\/01\/SlC3A5ttekurset20201320Bilde2012.jpg2028articledisplay29-300x159.jpg 300w\" sizes=\"(max-width: 653px) 100vw, 653px\" \/>\t\t\t\t\t\t<\/div>\n\t\t\t<\/div>\n\t\n\n\n<p><\/p>\n\n\n<div class=\"t2-featured-content-layout alignwide alignwide wp-block-t2-featured-content-layout\">\n<div class=\"t2-featured-single-post t2-featured-content is-post-type-post category-nyheter wp-block-t2-featured-single-post\"><a class=\"t2-post-link wp-block-t2-post-link\" href=\"https:\/\/naturvernforbundet.no\/buskerud\/apen-dag-ryghsetra-v-hagatjern-i-nedre-eiker-lordag-7-juli-kl-13-16\/\">\n<figure style=\"--t2-focal-point: 50% 50%;\" class=\"t2-post-featured-image has-image-ratio-4-3 wp-block-t2-post-featured-image\"><img loading=\"lazy\" decoding=\"async\" width=\"653\" height=\"473\" src=\"https:\/\/naturvernforbundet.no\/content\/uploads\/sites\/11\/2018\/06\/SkC3A5rgang20Ryghsetra2011.07.1520JT.jpg2028articledisplay29.jpg\" class=\"attachment-post-thumbnail size-post-thumbnail wp-post-image\" alt=\"\" srcset=\"https:\/\/naturvernforbundet.no\/content\/uploads\/sites\/11\/2018\/06\/SkC3A5rgang20Ryghsetra2011.07.1520JT.jpg2028articledisplay29.jpg 653w, https:\/\/naturvernforbundet.no\/content\/uploads\/sites\/11\/2018\/06\/SkC3A5rgang20Ryghsetra2011.07.1520JT.jpg2028articledisplay29-300x217.jpg 300w\" sizes=\"auto, (max-width: 653px) 100vw, 653px\" \/><\/figure>\n\n<div class=\"wp-block-group alignfull is-layout-flow wp-block-group-is-layout-flow\">\n\t<h2 class=\"t2-post-title wp-block-t2-post-title\">\u00c5pen dag &#8211; Ryghsetra v\/Hagatjern i Nedre Eiker, l\u00f8rdag 7. juli kl. 13 &#8211; 16.<\/h2>\n\t<p class=\"wp-block-naturvern-post-excerpt\">Som en del av Sl\u00e5ttekurset p\u00e5 Ryghsetra inviterer Naturvernforbundet i Buskerud til \u00e5pen dag kl. 13 &#8211; 16. I blomsterenga ved Hagatjern er det mulighet til \u00e5 pr\u00f8ve seg med lj\u00e5en, hjelpe til med riva, eller nyte utsikten med en kopp kaffe og en vaffel \u2013 sammen med gamle venner. NB! Bompenger kr 20, ved innkj\u00f8ring fra hovedvei.<\/p>\n\t\t<div class=\"wp-block-naturvern-post-meta\">\n\t\t\t\t\t<span class=\"cat\">\n\t\t\t\t\t\t\t\t\t<span><span class=\"tag-link\" data-href=\"https:\/\/naturvernforbundet.no\/buskerud\/category\/nyheter\/\">Nyheter<\/span><\/span>\n\t\t\t\t\t\t\t<\/span>\n\t\t\t\t\t\t\t<span class=\"date\">29.06.2018<\/span>\n\t\t\t<\/div>\n\t\n<\/div>\n\n<\/a>\n<\/div>\n\n<div class=\"t2-featured-single-post t2-featured-content is-post-type-post category-nyheter wp-block-t2-featured-single-post\"><a class=\"t2-post-link wp-block-t2-post-link\" href=\"https:\/\/naturvernforbundet.no\/buskerud\/invitasjon-slattekurset-2018\/\">\n<figure style=\"--t2-focal-point: 50% 50%;\" class=\"t2-post-featured-image has-image-ratio-4-3 wp-block-t2-post-featured-image\"><img loading=\"lazy\" decoding=\"async\" width=\"653\" height=\"435\" src=\"https:\/\/naturvernforbundet.no\/content\/uploads\/sites\/11\/2018\/01\/slC3A5ttekurs202016202.jpg2028articledisplay29.jpg\" class=\"attachment-post-thumbnail size-post-thumbnail wp-post-image\" alt=\"\" srcset=\"https:\/\/naturvernforbundet.no\/content\/uploads\/sites\/11\/2018\/01\/slC3A5ttekurs202016202.jpg2028articledisplay29.jpg 653w, https:\/\/naturvernforbundet.no\/content\/uploads\/sites\/11\/2018\/01\/slC3A5ttekurs202016202.jpg2028articledisplay29-300x200.jpg 300w\" sizes=\"auto, (max-width: 653px) 100vw, 653px\" \/><\/figure>\n\n<div class=\"wp-block-group alignfull is-layout-flow wp-block-group-is-layout-flow\">\n\t<h2 class=\"t2-post-title wp-block-t2-post-title\">Invitasjon Sl\u00e5ttekurset 2018<\/h2>\n\t<p class=\"wp-block-naturvern-post-excerpt\">Naturvernforbundet i Buskerud inviterer til det 25. sl\u00e5ttekurset p\u00e5 Ryghsetra. Kurset finner sted i tidsrommet torsdag 5. til s\u00f8ndag 8. juli. Kursarena er som vanlig enga ved Hagatjern i Nedre Eiker.<\/p>\n\t\t<div class=\"wp-block-naturvern-post-meta\">\n\t\t\t\t\t<span class=\"cat\">\n\t\t\t\t\t\t\t\t\t<span><span class=\"tag-link\" data-href=\"https:\/\/naturvernforbundet.no\/buskerud\/category\/nyheter\/\">Nyheter<\/span><\/span>\n\t\t\t\t\t\t\t<\/span>\n\t\t\t\t\t\t\t<span class=\"date\">29.01.2018<\/span>\n\t\t\t<\/div>\n\t\n<\/div>\n\n<\/a>\n<\/div>\n\n<div class=\"t2-featured-single-post t2-featured-content is-post-type-post category-slattekurs wp-block-t2-featured-single-post\"><a class=\"t2-post-link wp-block-t2-post-link\" href=\"https:\/\/naturvernforbundet.no\/buskerud\/invitasjon-slattekurset-2017\/\">\n<figure style=\"--t2-focal-point: 50% 50%;\" class=\"t2-post-featured-image has-image-ratio-4-3 wp-block-t2-post-featured-image\"><img loading=\"lazy\" decoding=\"async\" width=\"653\" height=\"347\" src=\"https:\/\/naturvernforbundet.no\/content\/uploads\/sites\/11\/2017\/01\/SlC3A5ttekurset20201320Bilde2012.jpg2028articledisplay29.jpg\" class=\"attachment-post-thumbnail size-post-thumbnail wp-post-image\" alt=\"sl\u00e5ttekurs\" srcset=\"https:\/\/naturvernforbundet.no\/content\/uploads\/sites\/11\/2017\/01\/SlC3A5ttekurset20201320Bilde2012.jpg2028articledisplay29.jpg 653w, https:\/\/naturvernforbundet.no\/content\/uploads\/sites\/11\/2017\/01\/SlC3A5ttekurset20201320Bilde2012.jpg2028articledisplay29-300x159.jpg 300w\" sizes=\"auto, (max-width: 653px) 100vw, 653px\" \/><\/figure>\n\n<div class=\"wp-block-group alignfull is-layout-flow wp-block-group-is-layout-flow\">\n\t<h2 class=\"t2-post-title wp-block-t2-post-title\">Invitasjon Sl\u00e5ttekurset 2017<\/h2>\n\t<p class=\"wp-block-naturvern-post-excerpt\">6. til 9. juli inviterer Naturvernforbundet i Buskerud til det 24. sl\u00e5ttekurset p\u00e5 Ryghsetra.<\/p>\n\t\t<div class=\"wp-block-naturvern-post-meta\">\n\t\t\t\t\t<span class=\"cat\">\n\t\t\t\t\t\t\t\t\t<span><span class=\"tag-link\" data-href=\"https:\/\/naturvernforbundet.no\/buskerud\/category\/slattekurs\/\">Sl\u00e5ttekurs<\/span><\/span>\n\t\t\t\t\t\t\t<\/span>\n\t\t\t\t\t\t\t<span class=\"date\">24.01.2017<\/span>\n\t\t\t<\/div>\n\t\n<\/div>\n\n<\/a>\n<\/div>\n<\/div>","protected":false},"excerpt":{"rendered":"","protected":false},"author":3,"featured_media":0,"parent":0,"menu_order":0,"comment_status":"closed","ping_status":"closed","template":"","meta":{"_relevanssi_hide_post":"","_relevanssi_hide_content":"","_relevanssi_pin_for_all":"","_relevanssi_pin_keywords":"","_relevanssi_unpin_keywords":"","_relevanssi_related_keywords":"","_relevanssi_related_include_ids":"","_relevanssi_related_exclude_ids":"","_relevanssi_related_no_append":"","_relevanssi_related_not_related":"","_relevanssi_related_posts":"","_relevanssi_noindex_reason":"","hide_logo":false,"footnotes":""},"categories":[],"class_list":["post-805","page","type-page","status-publish","hentry"],"acf":[],"yoast_head":"<!-- This site is optimized with the Yoast SEO Premium plugin v24.9 (Yoast SEO v24.9) - https:\/\/yoast.com\/wordpress\/plugins\/seo\/ -->\n<title>Sl\u00e5ttekurs - Buskerud<\/title>\n<meta name=\"robots\" content=\"index, follow, max-snippet:-1, max-image-preview:large, max-video-preview:-1\" \/>\n<link rel=\"canonical\" href=\"https:\/\/naturvernforbundet.no\/buskerud\/slattekurs\/\" \/>\n<meta property=\"og:locale\" content=\"nb_NO\" \/>\n<meta property=\"og:type\" content=\"article\" \/>\n<meta property=\"og:title\" content=\"Sl\u00e5ttekurs\" \/>\n<meta property=\"og:url\" content=\"https:\/\/naturvernforbundet.no\/buskerud\/slattekurs\/\" \/>\n<meta property=\"og:site_name\" content=\"Buskerud\" \/>\n<meta name=\"twitter:card\" content=\"summary_large_image\" \/>\n<script type=\"application\/ld+json\" class=\"yoast-schema-graph\">{\"@context\":\"https:\/\/schema.org\",\"@graph\":[{\"@type\":\"WebPage\",\"@id\":\"https:\/\/naturvernforbundet.no\/buskerud\/slattekurs\/\",\"url\":\"https:\/\/naturvernforbundet.no\/buskerud\/slattekurs\/\",\"name\":\"Sl\u00e5ttekurs - Buskerud\",\"isPartOf\":{\"@id\":\"https:\/\/naturvernforbundet.no\/buskerud\/#website\"},\"datePublished\":\"2022-09-27T11:58:05+00:00\",\"breadcrumb\":{\"@id\":\"https:\/\/naturvernforbundet.no\/buskerud\/slattekurs\/#breadcrumb\"},\"inLanguage\":\"nb-NO\",\"potentialAction\":[{\"@type\":\"ReadAction\",\"target\":[\"https:\/\/naturvernforbundet.no\/buskerud\/slattekurs\/\"]}]},{\"@type\":\"BreadcrumbList\",\"@id\":\"https:\/\/naturvernforbundet.no\/buskerud\/slattekurs\/#breadcrumb\",\"itemListElement\":[{\"@type\":\"ListItem\",\"position\":1,\"name\":\"Till naturvernforbundet.no\",\"item\":\"https:\/\/naturvernforbundet.no\/\"},{\"@type\":\"ListItem\",\"position\":2,\"name\":\"Buskerud\",\"item\":\"https:\/\/naturvernforbundet.no\/buskerud\/\"},{\"@type\":\"ListItem\",\"position\":3,\"name\":\"Sl\u00e5ttekurs\"}]},{\"@type\":\"WebSite\",\"@id\":\"https:\/\/naturvernforbundet.no\/buskerud\/#website\",\"url\":\"https:\/\/naturvernforbundet.no\/buskerud\/\",\"name\":\"Buskerud\",\"description\":\"Bare enda et Naturvernforbundet Sites-nettsted\",\"potentialAction\":[{\"@type\":\"SearchAction\",\"target\":{\"@type\":\"EntryPoint\",\"urlTemplate\":\"https:\/\/naturvernforbundet.no\/buskerud\/?s={search_term_string}\"},\"query-input\":{\"@type\":\"PropertyValueSpecification\",\"valueRequired\":true,\"valueName\":\"search_term_string\"}}],\"inLanguage\":\"nb-NO\"}]}<\/script>\n<!-- \/ Yoast SEO Premium plugin. -->","yoast_head_json":{"title":"Sl\u00e5ttekurs - Buskerud","robots":{"index":"index","follow":"follow","max-snippet":"max-snippet:-1","max-image-preview":"max-image-preview:large","max-video-preview":"max-video-preview:-1"},"canonical":"https:\/\/naturvernforbundet.no\/buskerud\/slattekurs\/","og_locale":"nb_NO","og_type":"article","og_title":"Sl\u00e5ttekurs","og_url":"https:\/\/naturvernforbundet.no\/buskerud\/slattekurs\/","og_site_name":"Buskerud","twitter_card":"summary_large_image","schema":{"@context":"https:\/\/schema.org","@graph":[{"@type":"WebPage","@id":"https:\/\/naturvernforbundet.no\/buskerud\/slattekurs\/","url":"https:\/\/naturvernforbundet.no\/buskerud\/slattekurs\/","name":"Sl\u00e5ttekurs - Buskerud","isPartOf":{"@id":"https:\/\/naturvernforbundet.no\/buskerud\/#website"},"datePublished":"2022-09-27T11:58:05+00:00","breadcrumb":{"@id":"https:\/\/naturvernforbundet.no\/buskerud\/slattekurs\/#breadcrumb"},"inLanguage":"nb-NO","potentialAction":[{"@type":"ReadAction","target":["https:\/\/naturvernforbundet.no\/buskerud\/slattekurs\/"]}]},{"@type":"BreadcrumbList","@id":"https:\/\/naturvernforbundet.no\/buskerud\/slattekurs\/#breadcrumb","itemListElement":[{"@type":"ListItem","position":1,"name":"Till naturvernforbundet.no","item":"https:\/\/naturvernforbundet.no\/"},{"@type":"ListItem","position":2,"name":"Buskerud","item":"https:\/\/naturvernforbundet.no\/buskerud\/"},{"@type":"ListItem","position":3,"name":"Sl\u00e5ttekurs"}]},{"@type":"WebSite","@id":"https:\/\/naturvernforbundet.no\/buskerud\/#website","url":"https:\/\/naturvernforbundet.no\/buskerud\/","name":"Buskerud","description":"Bare enda et Naturvernforbundet Sites-nettsted","potentialAction":[{"@type":"SearchAction","target":{"@type":"EntryPoint","urlTemplate":"https:\/\/naturvernforbundet.no\/buskerud\/?s={search_term_string}"},"query-input":{"@type":"PropertyValueSpecification","valueRequired":true,"valueName":"search_term_string"}}],"inLanguage":"nb-NO"}]}},"_links":{"self":[{"href":"https:\/\/naturvernforbundet.no\/buskerud\/wp-json\/wp\/v2\/pages\/805","targetHints":{"allow":["GET"]}}],"collection":[{"href":"https:\/\/naturvernforbundet.no\/buskerud\/wp-json\/wp\/v2\/pages"}],"about":[{"href":"https:\/\/naturvernforbundet.no\/buskerud\/wp-json\/wp\/v2\/types\/page"}],"author":[{"embeddable":true,"href":"https:\/\/naturvernforbundet.no\/buskerud\/wp-json\/wp\/v2\/users\/3"}],"replies":[{"embeddable":true,"href":"https:\/\/naturvernforbundet.no\/buskerud\/wp-json\/wp\/v2\/comments?post=805"}],"version-history":[{"count":1,"href":"https:\/\/naturvernforbundet.no\/buskerud\/wp-json\/wp\/v2\/pages\/805\/revisions"}],"predecessor-version":[{"id":806,"href":"https:\/\/naturvernforbundet.no\/buskerud\/wp-json\/wp\/v2\/pages\/805\/revisions\/806"}],"wp:attachment":[{"href":"https:\/\/naturvernforbundet.no\/buskerud\/wp-json\/wp\/v2\/media?parent=805"}],"wp:term":[{"taxonomy":"category","embeddable":true,"href":"https:\/\/naturvernforbundet.no\/buskerud\/wp-json\/wp\/v2\/categories?post=805"}],"curies":[{"name":"wp","href":"https:\/\/api.w.org\/{rel}","templated":true}]}}