{"id":813,"date":"2022-09-27T14:12:22","date_gmt":"2022-09-27T12:12:22","guid":{"rendered":"https:\/\/naturvernforbundet.no\/buskerud\/?page_id=813"},"modified":"2022-09-27T15:03:00","modified_gmt":"2022-09-27T13:03:00","slug":"skog","status":"publish","type":"page","link":"https:\/\/naturvernforbundet.no\/buskerud\/skog\/","title":{"rendered":"Skog"},"content":{"rendered":"\t<div class=\"template-page has-media alignfull wp-block-naturvern-hero\">\n\t\t<div class=\"hero__inner\">\n\t\t\t<div class=\"hero__inner_blocks\">\n\t\t\t\t\t\t\t\t\n<h1 class=\"wp-block-post-title\">Skog<\/h1>\n\n\n<p>Vi i Buskerud ser ikke skogen for bare tr\u00e6r. Skogen er ogs\u00e5 en kilde til karbonlagring, hjem til n\u00e6r halvparten av alle truede arter og en viktig biotop.<\/p>\n\n\n\n<div class=\"wp-block-buttons is-layout-flex wp-block-buttons-is-layout-flex\"><\/div>\n\n\t\t\t<\/div>\n\t\t\t\t\t<\/div>\n\t\t\t\t\t<div class=\"hero__image\">\n\t\t\t\t\t\t\t\t\t\t<img fetchpriority=\"high\" decoding=\"async\" width=\"653\" height=\"434\" src=\"https:\/\/naturvernforbundet.no\/content\/uploads\/sites\/11\/2021\/09\/Bilde20120Biotopbilde20i20fra20det20omrC3A5det20som20er20market20i20figur201.20Funnsted20for20truet20art2028Dyster20korallsopp29.jpg2028articledisplay29.jpg\" class=\"attachment-ultra size-ultra\" alt=\"skog\" style=\"object-position: 50% 50%;\" loading=\"eager\" srcset=\"https:\/\/naturvernforbundet.no\/content\/uploads\/sites\/11\/2021\/09\/Bilde20120Biotopbilde20i20fra20det20omrC3A5det20som20er20market20i20figur201.20Funnsted20for20truet20art2028Dyster20korallsopp29.jpg2028articledisplay29.jpg 653w, https:\/\/naturvernforbundet.no\/content\/uploads\/sites\/11\/2021\/09\/Bilde20120Biotopbilde20i20fra20det20omrC3A5det20som20er20market20i20figur201.20Funnsted20for20truet20art2028Dyster20korallsopp29.jpg2028articledisplay29-300x199.jpg 300w\" sizes=\"(max-width: 653px) 100vw, 653px\" \/>\t\t\t\t\t\t<\/div>\n\t\t\t<\/div>\n\t\n\n<div class=\"t2-featured-content-layout alignwide alignwide wp-block-t2-featured-content-layout\">\n<div class=\"t2-featured-single-post t2-featured-content is-post-type-post category-nyheter wp-block-t2-featured-single-post\"><a class=\"t2-post-link wp-block-t2-post-link\" href=\"https:\/\/naturvernforbundet.no\/buskerud\/baerekraftig-skogbruk\/\">\n<figure style=\"--t2-focal-point: 50% 50%;\" class=\"t2-post-featured-image has-image-ratio-4-3 wp-block-t2-post-featured-image\"><img loading=\"lazy\" decoding=\"async\" width=\"480\" height=\"360\" src=\"https:\/\/naturvernforbundet.no\/content\/uploads\/sites\/11\/2022\/07\/Hogstflate20-20Jan20Rune20Paulsen.jpg2028mobile48029.jpg\" class=\"attachment-post-thumbnail size-post-thumbnail wp-post-image\" alt=\"\" srcset=\"https:\/\/naturvernforbundet.no\/content\/uploads\/sites\/11\/2022\/07\/Hogstflate20-20Jan20Rune20Paulsen.jpg2028mobile48029.jpg 480w, https:\/\/naturvernforbundet.no\/content\/uploads\/sites\/11\/2022\/07\/Hogstflate20-20Jan20Rune20Paulsen.jpg2028mobile48029-300x225.jpg 300w\" sizes=\"auto, (max-width: 480px) 100vw, 480px\" \/><\/figure>\n\n<div class=\"wp-block-group alignfull is-layout-flow wp-block-group-is-layout-flow\">\n\t<h2 class=\"t2-post-title wp-block-t2-post-title\">&laquo;B\u00e6rekraftig&raquo; skogbruk?<\/h2>\n\t<p class=\"wp-block-naturvern-post-excerpt\">Under tittelen: \u201cEt av verdens mest b\u00e6rekraftige skogbruk\u201d har Ida Aar\u00f8 i Norges skogeierforbund eit innlegg som verserer i mange lokalaviser rundt omkring. <\/p>\n\t\t<div class=\"wp-block-naturvern-post-meta\">\n\t\t\t\t\t<span class=\"cat\">\n\t\t\t\t\t\t\t\t\t<span><span class=\"tag-link\" data-href=\"https:\/\/naturvernforbundet.no\/buskerud\/category\/nyheter\/\">Nyheter<\/span><\/span>\n\t\t\t\t\t\t\t<\/span>\n\t\t\t\t\t\t\t<span class=\"date\">20.07.2022<\/span>\n\t\t\t<\/div>\n\t\n<\/div>\n\n<\/a>\n<\/div>\n\n<div class=\"t2-featured-single-post t2-featured-content is-post-type-post category-buskerud category-nyheter category-skog wp-block-t2-featured-single-post\"><a class=\"t2-post-link wp-block-t2-post-link\" href=\"https:\/\/naturvernforbundet.no\/buskerud\/hogst-og-klima\/\">\n<figure style=\"--t2-focal-point: 50% 50%;\" class=\"t2-post-featured-image has-image-ratio-4-3 wp-block-t2-post-featured-image\"><img loading=\"lazy\" decoding=\"async\" width=\"250\" height=\"166\" src=\"https:\/\/naturvernforbundet.no\/content\/uploads\/sites\/11\/2022\/08\/Martin20Lindal.20Foto20Arne20NC3A6vra.jpg2028articlelist29.jpg\" class=\"attachment-post-thumbnail size-post-thumbnail wp-post-image\" alt=\"\" \/><\/figure>\n\n<div class=\"wp-block-group alignfull is-layout-flow wp-block-group-is-layout-flow\">\n\t<h2 class=\"t2-post-title wp-block-t2-post-title\">Hogst og klima<\/h2>\n\t<p class=\"wp-block-naturvern-post-excerpt\">Styrelederen i Naturvernforbundet i Buskerud, Martin Lindal, har blitt intervjuet av Besteforeldreaksjonen om hogst og klima.<\/p>\n\t\t<div class=\"wp-block-naturvern-post-meta\">\n\t\t\t\t\t<span class=\"cat\">\n\t\t\t\t\t\t\t\t\t<span><span class=\"tag-link\" data-href=\"https:\/\/naturvernforbundet.no\/buskerud\/category\/buskerud\/\">Buskerud<\/span><\/span>\n\t\t\t\t\t\t\t\t\t<span><span class=\"tag-link\" data-href=\"https:\/\/naturvernforbundet.no\/buskerud\/category\/nyheter\/\">Nyheter<\/span><\/span>\n\t\t\t\t\t\t\t\t\t<span><span class=\"tag-link\" data-href=\"https:\/\/naturvernforbundet.no\/buskerud\/category\/skog\/\">Skog<\/span><\/span>\n\t\t\t\t\t\t\t<\/span>\n\t\t\t\t\t\t\t<span class=\"date\">01.08.2022<\/span>\n\t\t\t<\/div>\n\t\n<\/div>\n\n<\/a>\n<\/div>\n\n<div class=\"t2-featured-single-post t2-featured-content is-post-type-post category-nyheter wp-block-t2-featured-single-post\"><a class=\"t2-post-link wp-block-t2-post-link\" href=\"https:\/\/naturvernforbundet.no\/buskerud\/skogens-klimapakke\/\">\n<figure style=\"--t2-focal-point: 50% 50%;\" class=\"t2-post-featured-image has-image-ratio-4-3 wp-block-t2-post-featured-image\"><img loading=\"lazy\" decoding=\"async\" width=\"480\" height=\"228\" src=\"https:\/\/naturvernforbundet.no\/content\/uploads\/sites\/11\/2022\/07\/Skog20-20Ines20BrC3A5then.jpg2028mobile48029.jpg\" class=\"attachment-post-thumbnail size-post-thumbnail wp-post-image\" alt=\"\" srcset=\"https:\/\/naturvernforbundet.no\/content\/uploads\/sites\/11\/2022\/07\/Skog20-20Ines20BrC3A5then.jpg2028mobile48029.jpg 480w, https:\/\/naturvernforbundet.no\/content\/uploads\/sites\/11\/2022\/07\/Skog20-20Ines20BrC3A5then.jpg2028mobile48029-300x143.jpg 300w\" sizes=\"auto, (max-width: 480px) 100vw, 480px\" \/><\/figure>\n\n<div class=\"wp-block-group alignfull is-layout-flow wp-block-group-is-layout-flow\">\n\t<h2 class=\"t2-post-title wp-block-t2-post-title\">Skogens klimapakke<\/h2>\n\t<p class=\"wp-block-naturvern-post-excerpt\">I Klassekampen 14.7 skriv Ida Aar\u00f8 i Skogeigarforbundet om skogbruket si rolle i klimaarbeidet. Ikkje overraskande er konklusjonen at me m\u00e5 hogge meir for \u00e5 redde klimaet. Ho viser til ny forsking fr\u00e5 Sverige, men viser ikkje til forskarmilj\u00f8.<\/p>\n\t\t<div class=\"wp-block-naturvern-post-meta\">\n\t\t\t\t\t<span class=\"cat\">\n\t\t\t\t\t\t\t\t\t<span><span class=\"tag-link\" data-href=\"https:\/\/naturvernforbundet.no\/buskerud\/category\/nyheter\/\">Nyheter<\/span><\/span>\n\t\t\t\t\t\t\t<\/span>\n\t\t\t\t\t\t\t<span class=\"date\">20.07.2022<\/span>\n\t\t\t<\/div>\n\t\n<\/div>\n\n<\/a>\n<\/div>\n<\/div>","protected":false},"excerpt":{"rendered":"","protected":false},"author":3,"featured_media":0,"parent":0,"menu_order":0,"comment_status":"closed","ping_status":"closed","template":"","meta":{"_relevanssi_hide_post":"","_relevanssi_hide_content":"","_relevanssi_pin_for_all":"","_relevanssi_pin_keywords":"","_relevanssi_unpin_keywords":"","_relevanssi_related_keywords":"","_relevanssi_related_include_ids":"","_relevanssi_related_exclude_ids":"","_relevanssi_related_no_append":"","_relevanssi_related_not_related":"","_relevanssi_related_posts":"","_relevanssi_noindex_reason":"","hide_logo":false,"footnotes":""},"categories":[],"class_list":["post-813","page","type-page","status-publish","hentry"],"acf":[],"yoast_head":"<!-- This site is optimized with the Yoast SEO Premium plugin v24.9 (Yoast SEO v24.9) - https:\/\/yoast.com\/wordpress\/plugins\/seo\/ -->\n<title>Skog - Buskerud<\/title>\n<meta name=\"robots\" content=\"index, follow, max-snippet:-1, max-image-preview:large, max-video-preview:-1\" \/>\n<link rel=\"canonical\" href=\"https:\/\/naturvernforbundet.no\/buskerud\/skog\/\" \/>\n<meta property=\"og:locale\" content=\"nb_NO\" \/>\n<meta property=\"og:type\" content=\"article\" \/>\n<meta property=\"og:title\" content=\"Skog\" \/>\n<meta property=\"og:url\" content=\"https:\/\/naturvernforbundet.no\/buskerud\/skog\/\" \/>\n<meta property=\"og:site_name\" content=\"Buskerud\" \/>\n<meta property=\"article:modified_time\" content=\"2022-09-27T13:03:00+00:00\" \/>\n<meta name=\"twitter:card\" content=\"summary_large_image\" \/>\n<script type=\"application\/ld+json\" class=\"yoast-schema-graph\">{\"@context\":\"https:\/\/schema.org\",\"@graph\":[{\"@type\":\"WebPage\",\"@id\":\"https:\/\/naturvernforbundet.no\/buskerud\/skog\/\",\"url\":\"https:\/\/naturvernforbundet.no\/buskerud\/skog\/\",\"name\":\"Skog - Buskerud\",\"isPartOf\":{\"@id\":\"https:\/\/naturvernforbundet.no\/buskerud\/#website\"},\"datePublished\":\"2022-09-27T12:12:22+00:00\",\"dateModified\":\"2022-09-27T13:03:00+00:00\",\"breadcrumb\":{\"@id\":\"https:\/\/naturvernforbundet.no\/buskerud\/skog\/#breadcrumb\"},\"inLanguage\":\"nb-NO\",\"potentialAction\":[{\"@type\":\"ReadAction\",\"target\":[\"https:\/\/naturvernforbundet.no\/buskerud\/skog\/\"]}]},{\"@type\":\"BreadcrumbList\",\"@id\":\"https:\/\/naturvernforbundet.no\/buskerud\/skog\/#breadcrumb\",\"itemListElement\":[{\"@type\":\"ListItem\",\"position\":1,\"name\":\"Till naturvernforbundet.no\",\"item\":\"https:\/\/naturvernforbundet.no\/\"},{\"@type\":\"ListItem\",\"position\":2,\"name\":\"Buskerud\",\"item\":\"https:\/\/naturvernforbundet.no\/buskerud\/\"},{\"@type\":\"ListItem\",\"position\":3,\"name\":\"Skog\"}]},{\"@type\":\"WebSite\",\"@id\":\"https:\/\/naturvernforbundet.no\/buskerud\/#website\",\"url\":\"https:\/\/naturvernforbundet.no\/buskerud\/\",\"name\":\"Buskerud\",\"description\":\"Bare enda et Naturvernforbundet Sites-nettsted\",\"potentialAction\":[{\"@type\":\"SearchAction\",\"target\":{\"@type\":\"EntryPoint\",\"urlTemplate\":\"https:\/\/naturvernforbundet.no\/buskerud\/?s={search_term_string}\"},\"query-input\":{\"@type\":\"PropertyValueSpecification\",\"valueRequired\":true,\"valueName\":\"search_term_string\"}}],\"inLanguage\":\"nb-NO\"}]}<\/script>\n<!-- \/ Yoast SEO Premium plugin. -->","yoast_head_json":{"title":"Skog - Buskerud","robots":{"index":"index","follow":"follow","max-snippet":"max-snippet:-1","max-image-preview":"max-image-preview:large","max-video-preview":"max-video-preview:-1"},"canonical":"https:\/\/naturvernforbundet.no\/buskerud\/skog\/","og_locale":"nb_NO","og_type":"article","og_title":"Skog","og_url":"https:\/\/naturvernforbundet.no\/buskerud\/skog\/","og_site_name":"Buskerud","article_modified_time":"2022-09-27T13:03:00+00:00","twitter_card":"summary_large_image","schema":{"@context":"https:\/\/schema.org","@graph":[{"@type":"WebPage","@id":"https:\/\/naturvernforbundet.no\/buskerud\/skog\/","url":"https:\/\/naturvernforbundet.no\/buskerud\/skog\/","name":"Skog - Buskerud","isPartOf":{"@id":"https:\/\/naturvernforbundet.no\/buskerud\/#website"},"datePublished":"2022-09-27T12:12:22+00:00","dateModified":"2022-09-27T13:03:00+00:00","breadcrumb":{"@id":"https:\/\/naturvernforbundet.no\/buskerud\/skog\/#breadcrumb"},"inLanguage":"nb-NO","potentialAction":[{"@type":"ReadAction","target":["https:\/\/naturvernforbundet.no\/buskerud\/skog\/"]}]},{"@type":"BreadcrumbList","@id":"https:\/\/naturvernforbundet.no\/buskerud\/skog\/#breadcrumb","itemListElement":[{"@type":"ListItem","position":1,"name":"Till naturvernforbundet.no","item":"https:\/\/naturvernforbundet.no\/"},{"@type":"ListItem","position":2,"name":"Buskerud","item":"https:\/\/naturvernforbundet.no\/buskerud\/"},{"@type":"ListItem","position":3,"name":"Skog"}]},{"@type":"WebSite","@id":"https:\/\/naturvernforbundet.no\/buskerud\/#website","url":"https:\/\/naturvernforbundet.no\/buskerud\/","name":"Buskerud","description":"Bare enda et Naturvernforbundet Sites-nettsted","potentialAction":[{"@type":"SearchAction","target":{"@type":"EntryPoint","urlTemplate":"https:\/\/naturvernforbundet.no\/buskerud\/?s={search_term_string}"},"query-input":{"@type":"PropertyValueSpecification","valueRequired":true,"valueName":"search_term_string"}}],"inLanguage":"nb-NO"}]}},"_links":{"self":[{"href":"https:\/\/naturvernforbundet.no\/buskerud\/wp-json\/wp\/v2\/pages\/813","targetHints":{"allow":["GET"]}}],"collection":[{"href":"https:\/\/naturvernforbundet.no\/buskerud\/wp-json\/wp\/v2\/pages"}],"about":[{"href":"https:\/\/naturvernforbundet.no\/buskerud\/wp-json\/wp\/v2\/types\/page"}],"author":[{"embeddable":true,"href":"https:\/\/naturvernforbundet.no\/buskerud\/wp-json\/wp\/v2\/users\/3"}],"replies":[{"embeddable":true,"href":"https:\/\/naturvernforbundet.no\/buskerud\/wp-json\/wp\/v2\/comments?post=813"}],"version-history":[{"count":4,"href":"https:\/\/naturvernforbundet.no\/buskerud\/wp-json\/wp\/v2\/pages\/813\/revisions"}],"predecessor-version":[{"id":834,"href":"https:\/\/naturvernforbundet.no\/buskerud\/wp-json\/wp\/v2\/pages\/813\/revisions\/834"}],"wp:attachment":[{"href":"https:\/\/naturvernforbundet.no\/buskerud\/wp-json\/wp\/v2\/media?parent=813"}],"wp:term":[{"taxonomy":"category","embeddable":true,"href":"https:\/\/naturvernforbundet.no\/buskerud\/wp-json\/wp\/v2\/categories?post=813"}],"curies":[{"name":"wp","href":"https:\/\/api.w.org\/{rel}","templated":true}]}}