{"id":137,"date":"2022-09-17T11:02:54","date_gmt":"2022-09-17T09:02:54","guid":{"rendered":"https:\/\/naturvernforbundet.no\/finnmark\/?page_id=137"},"modified":"2025-09-21T22:52:12","modified_gmt":"2025-09-21T20:52:12","slug":"fylkesstyre","status":"publish","type":"page","link":"https:\/\/naturvernforbundet.no\/finnmark\/fylkesstyre\/","title":{"rendered":"Fylkesstyre"},"content":{"rendered":"\t<div class=\"template-page has-media alignfull wp-block-naturvern-hero\">\n\t\t<div class=\"hero__inner\">\n\t\t\t<div class=\"hero__inner_blocks\">\n\t\t\t\t\t\t\t\t\n<h1 class=\"wp-block-post-title\">Fylkesstyre<\/h1>\n\n\n<p>Vi bryr oss om de sakene som betyr noe i din n\u00e6rnatur!<\/p>\n\n\n\n<div class=\"wp-block-buttons is-layout-flex wp-block-buttons-is-layout-flex\"><\/div>\n\n\t\t\t<\/div>\n\t\t\t\t\t<\/div>\n\t\t\t\t\t<div class=\"hero__image\">\n\t\t\t\t\t\t\t\t\t\t<img fetchpriority=\"high\" decoding=\"async\" width=\"1920\" height=\"950\" src=\"https:\/\/naturvernforbundet.no\/content\/uploads\/sites\/12\/2022\/12\/P1033415-1-1920x950.jpg\" class=\"attachment-ultra size-ultra\" alt=\"\" style=\"object-position: 50% 50%;\" loading=\"eager\" srcset=\"https:\/\/naturvernforbundet.no\/content\/uploads\/sites\/12\/2022\/12\/P1033415-1-1920x950.jpg 1920w, https:\/\/naturvernforbundet.no\/content\/uploads\/sites\/12\/2022\/12\/P1033415-1-300x148.jpg 300w, https:\/\/naturvernforbundet.no\/content\/uploads\/sites\/12\/2022\/12\/P1033415-1-1024x507.jpg 1024w, https:\/\/naturvernforbundet.no\/content\/uploads\/sites\/12\/2022\/12\/P1033415-1-768x380.jpg 768w, https:\/\/naturvernforbundet.no\/content\/uploads\/sites\/12\/2022\/12\/P1033415-1-1536x760.jpg 1536w, https:\/\/naturvernforbundet.no\/content\/uploads\/sites\/12\/2022\/12\/P1033415-1-2048x1013.jpg 2048w\" sizes=\"(max-width: 1920px) 100vw, 1920px\" \/>\t\t\t\t\t\t<\/div>\n\t\t\t<\/div>\n\t\n\n\n<div class=\"wp-block-group alignwide is-style-yellow is-layout-flow wp-block-group-is-layout-flow\">\n<h2 class=\"wp-block-heading has-text-align-center\">Styre i Naturvernforbundet Finnmark<\/h2>\n\n\n\n<p class=\"has-text-align-center is-style-ingress\"><\/p>\n\n\n\n<div class=\"wp-block-columns is-layout-flex wp-container-core-columns-is-layout-1 wp-block-columns-is-layout-flex\">\n<div class=\"wp-block-column is-layout-flow wp-block-column-is-layout-flow\">\n<p>Leder: Kjell M. Der\u00e5s (Ny rolle, et \u00e5r til 2026) Alta\/\u00c1lt\u00e1<\/p>\n\n\n\n<p>Styremedlem: Sunna-Inga Gaup Aamot (Valgt i 2024 fram til 2026) Porsanger\/Pors\u00e1ngu<\/p>\n\n\n\n<p>Styremedlem: Tom Eirik Ness (Nyvalg fram til 2027) Hammerfest\/H\u00e1mmerfeasta<\/p>\n\n\n\n<p>Styremedlem: Camilla Betten (Gjenvalg i 2025 fram til 2027) Vads\u00f8\/ Vesisaari \/\u010c\u00e1hcesullo<\/p>\n<\/div>\n\n\n\n<div class=\"wp-block-column is-layout-flow wp-block-column-is-layout-flow\">\n<p>1. Vara: Sara Christine Eira (Gjenvalg i 2025 fram til 2027) Porsanger\/Pors\u00e1ngu<\/p>\n\n\n\n<p>2. Vara: Anne-Karin Daniloff (Gjenvalg i 2025 fram til 2027) Alta\/\u00c1lt\u00e1<br><br>3. Vara: Johannes Mattis Anti (Nyvalg fram til 2027) Karasjok\/ K\u00e1r\u00e1\u0161johka<\/p>\n\n\n\n<p>4. Vara: Pierre Fagard (Ny rolle, et \u00e5r til 2026) Tana\/Deatnu<\/p>\n\n\n\n<p><br><br><\/p>\n<\/div>\n<\/div>\n\n\n\n<h3 class=\"wp-block-heading has-text-align-left\">Landsstyrerepresentasjon<\/h3>\n\n\n\n<div class=\"wp-block-columns is-layout-flex wp-container-core-columns-is-layout-2 wp-block-columns-is-layout-flex\">\n<div class=\"wp-block-column is-layout-flow wp-block-column-is-layout-flow\">\n<p>Fast: Camilla Betten. Ny rolle, et \u00e5r til 2026.<\/p>\n\n\n\n<p>Vara: Sunna-Inga Gaup Aamot, valgt i 2024 for to \u00e5r fram til 2026.<\/p>\n\n\n\n<p><\/p>\n\n\n\n<h3 class=\"wp-block-heading\">Representanter til FNF (Forum for natur og friluftsliv), Finnmark<\/h3>\n\n\n\n<p>Styremedlem FNF: Kjell M. Der\u00e5s, Alta\/\u00c1lta<\/p>\n\n\n\n<p>Vara FNF: Pierre Fagaard, Tana\/Deatnu<\/p>\n\n\n\n<h3 class=\"wp-block-heading\">Fylkessekret\u00e6r<\/h3>\n\n\n\n<p><a href=\"https:\/\/naturvernforbundet.no\/finnmark\/ny-medarbeider\/\">Lone Bj\u00f8rkmann<\/a><br><\/p>\n<\/div>\n<\/div>\n\n\n\n<p class=\"has-text-align-center\"><\/p>\n<\/div>\n\n\n<ul class=\"t2-link-list has-1-items has-auto-columns wp-block-t2-link-list\">\n\t<li class=\"t2-link-list-item wp-block-t2-link-list-item\">\n\t\t<a\n\t\t\thref=\"https:\/\/naturvernforbundet.no\/finnmark\/category\/om-folk\/\"\n\t\t\tclass=\"t2-link-list-item__link t2-link-list__icon--left\"\n\t\t\taria-describedby=\"link-list-item\"\t\t>\n\t\t\t<span class=\"t2-link-list-item__icon\"><span class=\"t2-link-list-item__icon-box\"><\/span><svg xmlns=\"http:\/\/www.w3.org\/2000\/svg\" viewBox=\"0 0 24 24\" height=\"24\" width=\"24\" class=\"t2-icon t2-icon-arrowforward\" aria-hidden=\"true\" focusable=\"false\"><path d=\"M11.3 19.3c-.2-.2-.3-.4-.3-.7 0-.3.1-.5.3-.7l4.9-4.9H5c-.3 0-.5-.1-.7-.3-.2-.2-.3-.4-.3-.7s.1-.5.3-.7c.2-.2.4-.3.7-.3h11.2l-4.9-4.9c-.2-.2-.3-.4-.3-.7 0-.3.1-.5.3-.7.2-.2.4-.3.7-.3s.5.1.7.3l6.6 6.6c.1.1.2.2.2.3 0 .1.1.3.1.4 0 .1 0 .3-.1.4 0 .1-.1.2-.2.3l-6.6 6.6c-.2.2-.4.3-.7.3s-.5-.1-.7-.3z\"\/><\/svg><\/span>\t\t\t<div class=\"t2-link-list-item__content\">\n\n\t\t\t\t\n\t\t\t\t<span class=\"t2-link-list-item__text\">\n\t\t\t\t\tOm folk\t\t\t\t<\/span>\n\t\t\t\t<span id=\"link-list-item\" class=\"t2-link-list-item__description\">Medarbeidere, tillitsvalgte og andre naturvenner<\/span>\t\t\t<\/div>\n\t\t<\/a>\n\t<\/li>\n\t\n<\/ul>\n\n\n<div class=\"wp-block-group alignwide is-layout-constrained wp-block-group-is-layout-constrained\">\n<div class=\"wp-block-group alignwide is-style-green-light is-layout-flow wp-block-group-is-layout-flow\">\n<div class=\"wp-block-media-text alignwide is-stacked-on-mobile\"><figure class=\"wp-block-media-text__media\"><a href=\"https:\/\/naturvernforbundet.no\/stott_arbeidet\/\"><img loading=\"lazy\" decoding=\"async\" width=\"1024\" height=\"768\" src=\"https:\/\/naturvernforbundet.no\/content\/uploads\/sites\/12\/2025\/04\/250426-Arsmote-NV-Finnmark-1024x768.jpg\" alt=\"\" class=\"wp-image-7822 size-full\" srcset=\"https:\/\/naturvernforbundet.no\/content\/uploads\/sites\/12\/2025\/04\/250426-Arsmote-NV-Finnmark-1024x768.jpg 1024w, https:\/\/naturvernforbundet.no\/content\/uploads\/sites\/12\/2025\/04\/250426-Arsmote-NV-Finnmark-300x225.jpg 300w, https:\/\/naturvernforbundet.no\/content\/uploads\/sites\/12\/2025\/04\/250426-Arsmote-NV-Finnmark-768x576.jpg 768w, https:\/\/naturvernforbundet.no\/content\/uploads\/sites\/12\/2025\/04\/250426-Arsmote-NV-Finnmark-1536x1152.jpg 1536w, https:\/\/naturvernforbundet.no\/content\/uploads\/sites\/12\/2025\/04\/250426-Arsmote-NV-Finnmark-2048x1536.jpg 2048w, https:\/\/naturvernforbundet.no\/content\/uploads\/sites\/12\/2025\/04\/250426-Arsmote-NV-Finnmark-1920x1440.jpg 1920w\" sizes=\"auto, (max-width: 1024px) 100vw, 1024px\" \/><\/a><\/figure><div class=\"wp-block-media-text__content\">\n<h2 class=\"wp-block-heading\"><a href=\"https:\/\/naturvernforbundet.no\/stott_arbeidet\/\">Engasjer deg!<\/a><\/h2>\n\n\n\n<p>\u00d8nsker du \u00e5 bli medlem eller p\u00e5 andre m\u00e5ter st\u00f8tte Naturvernforbundets arbeid  med \u00e5 ta vare p\u00e5 naturen og stanse klimaendringene? <\/p>\n\n\n\n<div class=\"wp-block-buttons is-layout-flex wp-block-buttons-is-layout-flex\">\n<div class=\"wp-block-button is-style-pink\"><a class=\"wp-block-button__link wp-element-button\" href=\"https:\/\/naturvernforbundet.no\/stott_arbeidet\/\">Les mer her<\/a><\/div>\n<\/div>\n\n\n\n<p>Bildet er fra \u00e5rsm\u00f8tet i Lakselv, 26. april 2024. <\/p>\n<\/div><\/div>\n<\/div>\n<\/div>\n\n\n\n<p><\/p>\n","protected":false},"excerpt":{"rendered":"","protected":false},"author":257,"featured_media":0,"parent":0,"menu_order":0,"comment_status":"closed","ping_status":"closed","template":"","meta":{"_relevanssi_hide_post":"","_relevanssi_hide_content":"","_relevanssi_pin_for_all":"","_relevanssi_pin_keywords":"","_relevanssi_unpin_keywords":"","_relevanssi_related_keywords":"","_relevanssi_related_include_ids":"","_relevanssi_related_exclude_ids":"","_relevanssi_related_no_append":"","_relevanssi_related_not_related":"","_relevanssi_related_posts":"1518,1495,696,1545,1241,1515","_relevanssi_noindex_reason":"","hide_logo":false,"footnotes":""},"categories":[],"class_list":["post-137","page","type-page","status-publish","hentry"],"acf":[],"yoast_head":"<!-- This site is optimized with the Yoast SEO plugin v24.9 - https:\/\/yoast.com\/wordpress\/plugins\/seo\/ -->\n<title>Fylkesstyre - Finnmark<\/title>\n<meta name=\"robots\" content=\"index, follow, max-snippet:-1, max-image-preview:large, max-video-preview:-1\" \/>\n<link rel=\"canonical\" href=\"https:\/\/naturvernforbundet.no\/finnmark\/fylkesstyre\/\" \/>\n<meta property=\"og:locale\" content=\"nb_NO\" \/>\n<meta property=\"og:type\" content=\"article\" \/>\n<meta property=\"og:title\" content=\"Fylkesstyre - Finnmark\" \/>\n<meta property=\"og:url\" content=\"https:\/\/naturvernforbundet.no\/finnmark\/fylkesstyre\/\" \/>\n<meta property=\"og:site_name\" content=\"Finnmark\" \/>\n<meta property=\"article:modified_time\" content=\"2025-09-21T20:52:12+00:00\" \/>\n<meta name=\"twitter:card\" content=\"summary_large_image\" \/>\n<meta name=\"twitter:label1\" content=\"Ansl. lesetid\" \/>\n\t<meta name=\"twitter:data1\" content=\"2 minutter\" \/>\n<script type=\"application\/ld+json\" class=\"yoast-schema-graph\">{\"@context\":\"https:\/\/schema.org\",\"@graph\":[{\"@type\":\"WebPage\",\"@id\":\"https:\/\/naturvernforbundet.no\/finnmark\/fylkesstyre\/\",\"url\":\"https:\/\/naturvernforbundet.no\/finnmark\/fylkesstyre\/\",\"name\":\"Fylkesstyre - Finnmark\",\"isPartOf\":{\"@id\":\"https:\/\/naturvernforbundet.no\/finnmark\/#website\"},\"datePublished\":\"2022-09-17T09:02:54+00:00\",\"dateModified\":\"2025-09-21T20:52:12+00:00\",\"breadcrumb\":{\"@id\":\"https:\/\/naturvernforbundet.no\/finnmark\/fylkesstyre\/#breadcrumb\"},\"inLanguage\":\"nb-NO\",\"potentialAction\":[{\"@type\":\"ReadAction\",\"target\":[\"https:\/\/naturvernforbundet.no\/finnmark\/fylkesstyre\/\"]}]},{\"@type\":\"BreadcrumbList\",\"@id\":\"https:\/\/naturvernforbundet.no\/finnmark\/fylkesstyre\/#breadcrumb\",\"itemListElement\":[{\"@type\":\"ListItem\",\"position\":1,\"name\":\"Till naturvernforbundet.no\",\"item\":\"https:\/\/naturvernforbundet.no\/\"},{\"@type\":\"ListItem\",\"position\":2,\"name\":\"Finnmark\",\"item\":\"https:\/\/naturvernforbundet.no\/finnmark\/\"},{\"@type\":\"ListItem\",\"position\":3,\"name\":\"Fylkesstyre\"}]},{\"@type\":\"WebSite\",\"@id\":\"https:\/\/naturvernforbundet.no\/finnmark\/#website\",\"url\":\"https:\/\/naturvernforbundet.no\/finnmark\/\",\"name\":\"Finnmark\",\"description\":\"Bare enda et Naturvernforbundet Sites-nettsted\",\"potentialAction\":[{\"@type\":\"SearchAction\",\"target\":{\"@type\":\"EntryPoint\",\"urlTemplate\":\"https:\/\/naturvernforbundet.no\/finnmark\/?s={search_term_string}\"},\"query-input\":{\"@type\":\"PropertyValueSpecification\",\"valueRequired\":true,\"valueName\":\"search_term_string\"}}],\"inLanguage\":\"nb-NO\"}]}<\/script>\n<!-- \/ Yoast SEO plugin. -->","yoast_head_json":{"title":"Fylkesstyre - Finnmark","robots":{"index":"index","follow":"follow","max-snippet":"max-snippet:-1","max-image-preview":"max-image-preview:large","max-video-preview":"max-video-preview:-1"},"canonical":"https:\/\/naturvernforbundet.no\/finnmark\/fylkesstyre\/","og_locale":"nb_NO","og_type":"article","og_title":"Fylkesstyre - Finnmark","og_url":"https:\/\/naturvernforbundet.no\/finnmark\/fylkesstyre\/","og_site_name":"Finnmark","article_modified_time":"2025-09-21T20:52:12+00:00","twitter_card":"summary_large_image","twitter_misc":{"Ansl. lesetid":"2 minutter"},"schema":{"@context":"https:\/\/schema.org","@graph":[{"@type":"WebPage","@id":"https:\/\/naturvernforbundet.no\/finnmark\/fylkesstyre\/","url":"https:\/\/naturvernforbundet.no\/finnmark\/fylkesstyre\/","name":"Fylkesstyre - Finnmark","isPartOf":{"@id":"https:\/\/naturvernforbundet.no\/finnmark\/#website"},"datePublished":"2022-09-17T09:02:54+00:00","dateModified":"2025-09-21T20:52:12+00:00","breadcrumb":{"@id":"https:\/\/naturvernforbundet.no\/finnmark\/fylkesstyre\/#breadcrumb"},"inLanguage":"nb-NO","potentialAction":[{"@type":"ReadAction","target":["https:\/\/naturvernforbundet.no\/finnmark\/fylkesstyre\/"]}]},{"@type":"BreadcrumbList","@id":"https:\/\/naturvernforbundet.no\/finnmark\/fylkesstyre\/#breadcrumb","itemListElement":[{"@type":"ListItem","position":1,"name":"Till naturvernforbundet.no","item":"https:\/\/naturvernforbundet.no\/"},{"@type":"ListItem","position":2,"name":"Finnmark","item":"https:\/\/naturvernforbundet.no\/finnmark\/"},{"@type":"ListItem","position":3,"name":"Fylkesstyre"}]},{"@type":"WebSite","@id":"https:\/\/naturvernforbundet.no\/finnmark\/#website","url":"https:\/\/naturvernforbundet.no\/finnmark\/","name":"Finnmark","description":"Bare enda et Naturvernforbundet Sites-nettsted","potentialAction":[{"@type":"SearchAction","target":{"@type":"EntryPoint","urlTemplate":"https:\/\/naturvernforbundet.no\/finnmark\/?s={search_term_string}"},"query-input":{"@type":"PropertyValueSpecification","valueRequired":true,"valueName":"search_term_string"}}],"inLanguage":"nb-NO"}]}},"_links":{"self":[{"href":"https:\/\/naturvernforbundet.no\/finnmark\/wp-json\/wp\/v2\/pages\/137","targetHints":{"allow":["GET"]}}],"collection":[{"href":"https:\/\/naturvernforbundet.no\/finnmark\/wp-json\/wp\/v2\/pages"}],"about":[{"href":"https:\/\/naturvernforbundet.no\/finnmark\/wp-json\/wp\/v2\/types\/page"}],"author":[{"embeddable":true,"href":"https:\/\/naturvernforbundet.no\/finnmark\/wp-json\/wp\/v2\/users\/257"}],"replies":[{"embeddable":true,"href":"https:\/\/naturvernforbundet.no\/finnmark\/wp-json\/wp\/v2\/comments?post=137"}],"version-history":[{"count":42,"href":"https:\/\/naturvernforbundet.no\/finnmark\/wp-json\/wp\/v2\/pages\/137\/revisions"}],"predecessor-version":[{"id":9164,"href":"https:\/\/naturvernforbundet.no\/finnmark\/wp-json\/wp\/v2\/pages\/137\/revisions\/9164"}],"wp:attachment":[{"href":"https:\/\/naturvernforbundet.no\/finnmark\/wp-json\/wp\/v2\/media?parent=137"}],"wp:term":[{"taxonomy":"category","embeddable":true,"href":"https:\/\/naturvernforbundet.no\/finnmark\/wp-json\/wp\/v2\/categories?post=137"}],"curies":[{"name":"wp","href":"https:\/\/api.w.org\/{rel}","templated":true}]}}