{"id":3064,"date":"2023-01-04T18:34:53","date_gmt":"2023-01-04T17:34:53","guid":{"rendered":"https:\/\/naturvernforbundet.no\/finnmark\/?page_id=3064"},"modified":"2023-02-24T11:31:30","modified_gmt":"2023-02-24T10:31:30","slug":"bieggafapmu-ja-el-fapmolinjaid","status":"publish","type":"page","link":"https:\/\/naturvernforbundet.no\/finnmark\/bieggafapmu-ja-el-fapmolinjaid\/","title":{"rendered":"Bieggaf\u00e1pmu ja el-f\u00e1pmolinj\u00e1t"},"content":{"rendered":"\t<div class=\"template-page has-media alignfull wp-block-naturvern-hero\">\n\t\t<div class=\"hero__inner\">\n\t\t\t<div class=\"hero__inner_blocks\">\n\t\t\t\t\t\t\t\t\n<h1 class=\"wp-block-post-title\">Bieggaf\u00e1pmu ja el-f\u00e1pmolinj\u00e1t<\/h1>\n\n\n<p>D\u00e1l lea pl\u00e1nejuvvon hukset stuorra el-f\u00e1pmolinj\u00e1id mii mann\u00e1 fylkka \u010da\u0111a. Maidd\u00e1i eanet bieggaf\u00e1pmorusttegat pl\u00e1nejuvvojit huksejuvvot fylkii. Luonddug\u00e1httenlihttu vuosttalda d\u00e1id pl\u00e1naid.<\/p>\n\n\n\n<div class=\"wp-block-group is-layout-constrained wp-block-group-is-layout-constrained\"><\/div>\n\n\n\n<div class=\"wp-block-buttons is-layout-flex wp-block-buttons-is-layout-flex\"><\/div>\n\n\t\t\t<\/div>\n\t\t\t\t\t<\/div>\n\t\t\t\t\t<div class=\"hero__image\">\n\t\t\t\t\t\t\t\t\t\t<img fetchpriority=\"high\" decoding=\"async\" width=\"653\" height=\"367\" src=\"https:\/\/naturvernforbundet.no\/content\/uploads\/sites\/12\/2021\/06\/Vindturbiner_.jpg2028articledisplay29.jpg\" class=\"attachment-ultra size-ultra\" alt=\"\" style=\"object-position: 50% 50%;\" loading=\"eager\" srcset=\"https:\/\/naturvernforbundet.no\/content\/uploads\/sites\/12\/2021\/06\/Vindturbiner_.jpg2028articledisplay29.jpg 653w, https:\/\/naturvernforbundet.no\/content\/uploads\/sites\/12\/2021\/06\/Vindturbiner_.jpg2028articledisplay29-300x169.jpg 300w\" sizes=\"(max-width: 653px) 100vw, 653px\" \/>\t\t\t\t\t\t<\/div>\n\t\t\t<\/div>\n\t\n\n\n<p><br>D\u00e1l lea pl\u00e1nejuvvon hukset stuorra el-f\u00e1pmolinj\u00e1id mii mann\u00e1 fylkka \u010da\u0111a. Luonddug\u00e1httenlihttu vuosttalda d\u00e1n pl\u00e1na, go dat mielddis bukt\u00e1 stuorra billistemiid lundui ja boazodollui. <br><br>Eanet stuorra bieggaf\u00e1pmorusttegaat pl\u00e1nejuvvojit maidd\u00e1id huksejuvvot fylkii. Luonddug\u00e1httenlihttu oaivvilda ahte bieggamillut leat dohk\u00e1la\u0161 energiijavuohki, muhto h\u00e1liida ahte vah\u00e1gat galget vu\u0111ola\u010d\u010dat \u00e1rvvo\u0161tallojuvvot ovdal go vejola\u0161 o\u0111\u0111a lobit hukset bieggamilluid juolluduvvojit.<br><br>Mii h\u00e1liidat suddjet \u010d\u00e1z\u00e1dagaid mat vel g\u00e1vdnojit fylkkas ja eatge mie\u0111it dulvademiide.<br> <\/p>\n\n\n\n<div class=\"wp-block-group alignwide is-style-green-light is-layout-constrained wp-block-group-is-layout-constrained\"><div class=\"t2-featured-content-layout alignwide alignwide wp-block-t2-featured-content-layout\">\n<div class=\"t2-featured-query-post t2-featured-content is-post-type-post category-aktuelt category-arsmote-lokallag category-avjovarri category-fapmu category-sami category-samisk category-vindkraft-og-kraftlinjer local-avjovarri wp-block-t2-featured-query-post\"><a class=\"t2-post-link wp-block-t2-post-link\" href=\"https:\/\/naturvernforbundet.no\/finnmark\/finnmarku-darbbasa-luonddu-ii-fal-eanet-el-famu\/\">\n<figure style=\"--t2-focal-point: 50% 50%;\" class=\"t2-post-featured-image has-image-ratio-4-3 wp-block-t2-post-featured-image\"><img loading=\"lazy\" decoding=\"async\" width=\"1040\" height=\"585\" src=\"https:\/\/naturvernforbundet.no\/content\/uploads\/sites\/12\/2023\/09\/Sennalandet_2022_420_kV_linje.jpg\" class=\"attachment-post-thumbnail size-post-thumbnail wp-post-image\" alt=\"\" srcset=\"https:\/\/naturvernforbundet.no\/content\/uploads\/sites\/12\/2023\/09\/Sennalandet_2022_420_kV_linje.jpg 1040w, https:\/\/naturvernforbundet.no\/content\/uploads\/sites\/12\/2023\/09\/Sennalandet_2022_420_kV_linje-300x169.jpg 300w, https:\/\/naturvernforbundet.no\/content\/uploads\/sites\/12\/2023\/09\/Sennalandet_2022_420_kV_linje-1024x576.jpg 1024w, https:\/\/naturvernforbundet.no\/content\/uploads\/sites\/12\/2023\/09\/Sennalandet_2022_420_kV_linje-768x432.jpg 768w\" sizes=\"auto, (max-width: 1040px) 100vw, 1040px\" \/><\/figure>\n\n<div class=\"wp-block-group alignfull is-layout-flow wp-block-group-is-layout-flow\">\n\t<h2 class=\"t2-post-title wp-block-t2-post-title\">Finnm\u00e1rku d\u00e1rbba\u0161a luonddu \u2013 ii fal eanet el-f\u00e1mu!<\/h2>\n\t<p class=\"wp-block-naturvern-post-excerpt\">Cealk\u00e1mu\u0161 \u00c1vjov\u00e1ri luonddug\u00e1httenlihtu jahke\u010doahkkimis 04.03.2025.<\/p>\n\t\t<div class=\"wp-block-naturvern-post-meta\">\n\t\t\t\t\t<span class=\"cat\">\n\t\t\t\t\t\t\t\t\t<span><span class=\"tag-link\" data-href=\"https:\/\/naturvernforbundet.no\/finnmark\/category\/aktuelt\/\">Aktuelt<\/span><\/span>\n\t\t\t\t\t\t\t\t\t<span><span class=\"tag-link\" data-href=\"https:\/\/naturvernforbundet.no\/finnmark\/category\/arsmote-lokallag\/\">\u00c5rsm\u00f8te lokallag<\/span><\/span>\n\t\t\t\t\t\t\t\t\t<span><span class=\"tag-link\" data-href=\"https:\/\/naturvernforbundet.no\/finnmark\/category\/avjovarri\/\">\u00c1vjov\u00e1rri<\/span><\/span>\n\t\t\t\t\t\t\t\t\t<span><span class=\"tag-link\" data-href=\"https:\/\/naturvernforbundet.no\/finnmark\/category\/fapmu\/\">F\u00e1pmu<\/span><\/span>\n\t\t\t\t\t\t\t\t\t<span><span class=\"tag-link\" data-href=\"https:\/\/naturvernforbundet.no\/finnmark\/category\/sami\/\">S\u00e1mi<\/span><\/span>\n\t\t\t\t\t\t\t\t\t<span><span class=\"tag-link\" data-href=\"https:\/\/naturvernforbundet.no\/finnmark\/category\/samisk\/\">Samisk<\/span><\/span>\n\t\t\t\t\t\t\t\t\t<span><span class=\"tag-link\" data-href=\"https:\/\/naturvernforbundet.no\/finnmark\/category\/vindkraft-og-kraftlinjer\/\">Vindkraft og kraftlinjer<\/span><\/span>\n\t\t\t\t\t\t\t<\/span>\n\t\t\t\t\t\t\t<span class=\"date\">09.03.2025<\/span>\n\t\t\t<\/div>\n\t\n<\/div>\n\n<\/a>\n<\/div>\n\n<div class=\"t2-featured-query-post t2-featured-content is-post-type-post category-avjovarri category-fapmu wp-block-t2-featured-query-post\"><a class=\"t2-post-link wp-block-t2-post-link\" href=\"https:\/\/naturvernforbundet.no\/finnmark\/hilgo-grenselandet-oastima\/\">\n<figure style=\"--t2-focal-point: 50% 50%;\" class=\"t2-post-featured-image has-image-ratio-4-3 wp-block-t2-post-featured-image\"><img loading=\"lazy\" decoding=\"async\" width=\"653\" height=\"490\" src=\"https:\/\/naturvernforbundet.no\/content\/uploads\/sites\/12\/2020\/10\/SIA7081-michalsiarek8.jpg2028articledisplay29.jpg\" class=\"attachment-post-thumbnail size-post-thumbnail wp-post-image\" alt=\"\" srcset=\"https:\/\/naturvernforbundet.no\/content\/uploads\/sites\/12\/2020\/10\/SIA7081-michalsiarek8.jpg2028articledisplay29.jpg 653w, https:\/\/naturvernforbundet.no\/content\/uploads\/sites\/12\/2020\/10\/SIA7081-michalsiarek8.jpg2028articledisplay29-300x225.jpg 300w\" sizes=\"auto, (max-width: 653px) 100vw, 653px\" \/><\/figure>\n\n<div class=\"wp-block-group alignfull is-layout-flow wp-block-group-is-layout-flow\">\n\t<h2 class=\"t2-post-title wp-block-t2-post-title\">Hilgo Grenselandet oastima!<\/h2>\n\t<p class=\"wp-block-naturvern-post-excerpt\">Cealk\u00e1mu\u0161 \u00c1vjov\u00e1ri luonddug\u00e1httenlihtus 30.09.2020<\/p>\n\t\t<div class=\"wp-block-naturvern-post-meta\">\n\t\t\t\t\t<span class=\"cat\">\n\t\t\t\t\t\t\t\t\t<span><span class=\"tag-link\" data-href=\"https:\/\/naturvernforbundet.no\/finnmark\/category\/avjovarri\/\">\u00c1vjov\u00e1rri<\/span><\/span>\n\t\t\t\t\t\t\t\t\t<span><span class=\"tag-link\" data-href=\"https:\/\/naturvernforbundet.no\/finnmark\/category\/fapmu\/\">F\u00e1pmu<\/span><\/span>\n\t\t\t\t\t\t\t<\/span>\n\t\t\t\t\t\t\t<span class=\"date\">02.10.2020<\/span>\n\t\t\t<\/div>\n\t\n<\/div>\n\n<\/a>\n<\/div>\n\n<div class=\"t2-featured-query-post t2-featured-content is-post-type-post category-fapmu wp-block-t2-featured-query-post\"><a class=\"t2-post-link wp-block-t2-post-link\" href=\"https:\/\/naturvernforbundet.no\/finnmark\/bisset-davvi-ja-eara-bieggafapmohuksema-finnmarkkus\/\">\n<figure style=\"--t2-focal-point: 50% 50%;\" class=\"t2-post-featured-image has-image-ratio-4-3 wp-block-t2-post-featured-image\"><img loading=\"lazy\" decoding=\"async\" width=\"653\" height=\"435\" src=\"https:\/\/naturvernforbundet.no\/content\/uploads\/sites\/12\/2020\/09\/hamnefjell24.jpg2028articledisplay29.jpg\" class=\"attachment-post-thumbnail size-post-thumbnail wp-post-image\" alt=\"\" srcset=\"https:\/\/naturvernforbundet.no\/content\/uploads\/sites\/12\/2020\/09\/hamnefjell24.jpg2028articledisplay29.jpg 653w, https:\/\/naturvernforbundet.no\/content\/uploads\/sites\/12\/2020\/09\/hamnefjell24.jpg2028articledisplay29-300x200.jpg 300w\" sizes=\"auto, (max-width: 653px) 100vw, 653px\" \/><\/figure>\n\n<div class=\"wp-block-group alignfull is-layout-flow wp-block-group-is-layout-flow\">\n\t<h2 class=\"t2-post-title wp-block-t2-post-title\">Bisset Davvi ja ear\u00e1 bieggaf\u00e1pmo-huksema Finnm\u00e1rkkus!<\/h2>\n\t<p class=\"wp-block-naturvern-post-excerpt\">Finnm\u00e1rkku luonddug\u00e1httenlihttu illuda go lea vuo\u0111\u0111uduvvon \u00e1lbmotak\u0161uvdna Davvi bieggaf\u00e1pmopl\u00e1na vuost\u00e1. <\/p>\n\t\t<div class=\"wp-block-naturvern-post-meta\">\n\t\t\t\t\t<span class=\"cat\">\n\t\t\t\t\t\t\t\t\t<span><span class=\"tag-link\" data-href=\"https:\/\/naturvernforbundet.no\/finnmark\/category\/fapmu\/\">F\u00e1pmu<\/span><\/span>\n\t\t\t\t\t\t\t<\/span>\n\t\t\t\t\t\t\t<span class=\"date\">18.09.2020<\/span>\n\t\t\t<\/div>\n\t\n<\/div>\n\n<\/a>\n<\/div>\n\n<div class=\"t2-featured-query-post t2-featured-content is-post-type-post category-avjovarri category-boazodoallu category-fapmu wp-block-t2-featured-query-post\"><a class=\"t2-post-link wp-block-t2-post-link\" href=\"https:\/\/naturvernforbundet.no\/finnmark\/bieggafapmu-vai-boazodoallu\/\">\n<figure style=\"--t2-focal-point: 50% 50%;\" class=\"t2-post-featured-image has-image-ratio-4-3 wp-block-t2-post-featured-image\"><img loading=\"lazy\" decoding=\"async\" width=\"653\" height=\"820\" src=\"https:\/\/naturvernforbundet.no\/content\/uploads\/sites\/12\/2020\/07\/ovdasiidu.jpg2028articledisplay29.png\" class=\"attachment-post-thumbnail size-post-thumbnail wp-post-image\" alt=\"\" srcset=\"https:\/\/naturvernforbundet.no\/content\/uploads\/sites\/12\/2020\/07\/ovdasiidu.jpg2028articledisplay29.png 653w, https:\/\/naturvernforbundet.no\/content\/uploads\/sites\/12\/2020\/07\/ovdasiidu.jpg2028articledisplay29-239x300.png 239w\" sizes=\"auto, (max-width: 653px) 100vw, 653px\" \/><\/figure>\n\n<div class=\"wp-block-group alignfull is-layout-flow wp-block-group-is-layout-flow\">\n\t<h2 class=\"t2-post-title wp-block-t2-post-title\">Bieggaf\u00e1pmu vai boazodoallu?<\/h2>\n\t<p class=\"wp-block-naturvern-post-excerpt\">S\u00e1htt\u00e1 go boazodoallu ja bieggaf\u00e1pmu doaibmat ovdda guovllus? Loga o\u0111\u0111a raportta!<\/p>\n\t\t<div class=\"wp-block-naturvern-post-meta\">\n\t\t\t\t\t<span class=\"cat\">\n\t\t\t\t\t\t\t\t\t<span><span class=\"tag-link\" data-href=\"https:\/\/naturvernforbundet.no\/finnmark\/category\/avjovarri\/\">\u00c1vjov\u00e1rri<\/span><\/span>\n\t\t\t\t\t\t\t\t\t<span><span class=\"tag-link\" data-href=\"https:\/\/naturvernforbundet.no\/finnmark\/category\/boazodoallu\/\">Boazodoallu<\/span><\/span>\n\t\t\t\t\t\t\t\t\t<span><span class=\"tag-link\" data-href=\"https:\/\/naturvernforbundet.no\/finnmark\/category\/fapmu\/\">F\u00e1pmu<\/span><\/span>\n\t\t\t\t\t\t\t<\/span>\n\t\t\t\t\t\t\t<span class=\"date\">17.07.2020<\/span>\n\t\t\t<\/div>\n\t\n<\/div>\n\n<\/a>\n<\/div>\n\n<div class=\"t2-featured-query-post t2-featured-content is-post-type-post category-avjovarri category-boazodoallu category-fapmu wp-block-t2-featured-query-post\"><a class=\"t2-post-link wp-block-t2-post-link\" href=\"https:\/\/naturvernforbundet.no\/finnmark\/bieggafapmu-roassun-boazodollui-ja-luondduhalddaseapmai\/\">\n<figure style=\"--t2-focal-point: 50% 50%;\" class=\"t2-post-featured-image has-image-ratio-4-3 wp-block-t2-post-featured-image\"><img loading=\"lazy\" decoding=\"async\" width=\"177\" height=\"250\" src=\"https:\/\/naturvernforbundet.no\/content\/uploads\/sites\/12\/2020\/05\/plakatrp.jpg2028articlelist29.jpg\" class=\"attachment-post-thumbnail size-post-thumbnail wp-post-image\" alt=\"\" \/><\/figure>\n\n<div class=\"wp-block-group alignfull is-layout-flow wp-block-group-is-layout-flow\">\n\t<h2 class=\"t2-post-title wp-block-t2-post-title\">Bieggaf\u00e1pmu \u2013 roassun boazodollui ja luonddu-h\u00e1ldda\u0161eapm\u00e1i<\/h2>\n\t<p class=\"wp-block-naturvern-post-excerpt\">Bieggaf\u00e1mu m\u00e1id d\u00e1l leat huksemin Norggas, lea roassun lundui, luondduvalljivuhtii ja meahc\u00e1steapm\u00e1i.<\/p>\n\t\t<div class=\"wp-block-naturvern-post-meta\">\n\t\t\t\t\t<span class=\"cat\">\n\t\t\t\t\t\t\t\t\t<span><span class=\"tag-link\" data-href=\"https:\/\/naturvernforbundet.no\/finnmark\/category\/avjovarri\/\">\u00c1vjov\u00e1rri<\/span><\/span>\n\t\t\t\t\t\t\t\t\t<span><span class=\"tag-link\" data-href=\"https:\/\/naturvernforbundet.no\/finnmark\/category\/boazodoallu\/\">Boazodoallu<\/span><\/span>\n\t\t\t\t\t\t\t\t\t<span><span class=\"tag-link\" data-href=\"https:\/\/naturvernforbundet.no\/finnmark\/category\/fapmu\/\">F\u00e1pmu<\/span><\/span>\n\t\t\t\t\t\t\t<\/span>\n\t\t\t\t\t\t\t<span class=\"date\">25.05.2020<\/span>\n\t\t\t<\/div>\n\t\n<\/div>\n\n<\/a>\n<\/div>\n\n<div class=\"t2-featured-query-post t2-featured-content is-post-type-post category-avjovarri category-boazodoallu category-fapmu wp-block-t2-featured-query-post\"><a class=\"t2-post-link wp-block-t2-post-link\" href=\"https:\/\/naturvernforbundet.no\/finnmark\/galgat-go-luonddu-ja-boazodoalu-vuovdit-dalkkadatprofitoraide\/\">\n<figure style=\"--t2-focal-point: 50% 50%;\" class=\"t2-post-featured-image has-image-ratio-4-3 wp-block-t2-post-featured-image\"><img loading=\"lazy\" decoding=\"async\" width=\"653\" height=\"366\" src=\"https:\/\/naturvernforbundet.no\/content\/uploads\/sites\/12\/2020\/02\/VindmC3B8ller_Gartefjellet28329.jpg2028articledisplay29.jpg\" class=\"attachment-post-thumbnail size-post-thumbnail wp-post-image\" alt=\"\" srcset=\"https:\/\/naturvernforbundet.no\/content\/uploads\/sites\/12\/2020\/02\/VindmC3B8ller_Gartefjellet28329.jpg2028articledisplay29.jpg 653w, https:\/\/naturvernforbundet.no\/content\/uploads\/sites\/12\/2020\/02\/VindmC3B8ller_Gartefjellet28329.jpg2028articledisplay29-300x168.jpg 300w\" sizes=\"auto, (max-width: 653px) 100vw, 653px\" \/><\/figure>\n\n<div class=\"wp-block-group alignfull is-layout-flow wp-block-group-is-layout-flow\">\n\t<h2 class=\"t2-post-title wp-block-t2-post-title\">Galgat go luonddu ja boazodoalu vuovdit d\u00e1lkk\u00e1dat-profit\u00f8raide?<\/h2>\n\t<p class=\"wp-block-naturvern-post-excerpt\">D\u00e1l leat \u00e1lg\u00e1n geavahit dan \u00e1kka ahte buot luondduduohtadeamit leat d\u00e1rbba\u0161la\u010d\u010dat d\u00e1lkk\u00e1datnupp\u00e1stuvvamiid eastadeapm\u00e1i.<\/p>\n\t\t<div class=\"wp-block-naturvern-post-meta\">\n\t\t\t\t\t<span class=\"cat\">\n\t\t\t\t\t\t\t\t\t<span><span class=\"tag-link\" data-href=\"https:\/\/naturvernforbundet.no\/finnmark\/category\/avjovarri\/\">\u00c1vjov\u00e1rri<\/span><\/span>\n\t\t\t\t\t\t\t\t\t<span><span class=\"tag-link\" data-href=\"https:\/\/naturvernforbundet.no\/finnmark\/category\/boazodoallu\/\">Boazodoallu<\/span><\/span>\n\t\t\t\t\t\t\t\t\t<span><span class=\"tag-link\" data-href=\"https:\/\/naturvernforbundet.no\/finnmark\/category\/fapmu\/\">F\u00e1pmu<\/span><\/span>\n\t\t\t\t\t\t\t<\/span>\n\t\t\t\t\t\t\t<span class=\"date\">24.02.2020<\/span>\n\t\t\t<\/div>\n\t\n<\/div>\n\n<\/a>\n<\/div>\n<\/div><\/div>\n\n\n\n<div class=\"wp-block-group is-content-justification-left is-layout-constrained wp-container-core-group-is-layout-13 wp-block-group-is-layout-constrained\">\n<div class=\"wp-block-group is-style-green-light is-layout-constrained wp-block-group-is-layout-constrained\">\n<div class=\"wp-block-columns is-layout-flex wp-container-core-columns-is-layout-1 wp-block-columns-is-layout-flex\">\n<div class=\"wp-block-column is-vertically-aligned-center is-layout-flow wp-block-column-is-layout-flow\" style=\"flex-basis:100%\">\n<div class=\"wp-block-group is-layout-constrained wp-block-group-is-layout-constrained\">\n<div class=\"wp-block-group is-layout-constrained wp-block-group-is-layout-constrained\"><div class=\"t2-featured-single-post t2-featured-content is-post-type-post category-fapmu wp-block-t2-featured-single-post\"><a class=\"t2-post-link wp-block-t2-post-link\" href=\"https:\/\/naturvernforbundet.no\/finnmark\/eat-fuola-bieggamilluid-falesrassii\/\">\n<figure style=\"--t2-focal-point: 50% 50%;\" class=\"t2-post-featured-image has-image-ratio-4-3 wp-block-t2-post-featured-image\"><img loading=\"lazy\" decoding=\"async\" width=\"653\" height=\"435\" src=\"https:\/\/naturvernforbundet.no\/content\/uploads\/sites\/12\/2018\/03\/falesrassa.jpg2028articledisplay29.jpg\" class=\"attachment-post-thumbnail size-post-thumbnail wp-post-image\" alt=\"\" srcset=\"https:\/\/naturvernforbundet.no\/content\/uploads\/sites\/12\/2018\/03\/falesrassa.jpg2028articledisplay29.jpg 653w, https:\/\/naturvernforbundet.no\/content\/uploads\/sites\/12\/2018\/03\/falesrassa.jpg2028articledisplay29-300x200.jpg 300w\" sizes=\"auto, (max-width: 653px) 100vw, 653px\" \/><\/figure>\n\n<div class=\"wp-block-group alignfull is-layout-flow wp-block-group-is-layout-flow\">\n\t<h2 class=\"t2-post-title wp-block-t2-post-title\">Eat fuola bieggamilluid F\u00e1lesr\u00e1\u0161\u0161ii!<\/h2>\n\t<p class=\"wp-block-naturvern-post-excerpt\">Cealk\u00e1mu\u0161 Finnm\u00e1rkku Luonddug\u00e1httenlihtu Fylkajahke\u010doahkkimis, cuo\u014bom\u00e1nu 5. b. 2014<\/p>\n\t\t<div class=\"wp-block-naturvern-post-meta\">\n\t\t\t\t\t<span class=\"cat\">\n\t\t\t\t\t\t\t\t\t<span><span class=\"tag-link\" data-href=\"https:\/\/naturvernforbundet.no\/finnmark\/category\/fapmu\/\">F\u00e1pmu<\/span><\/span>\n\t\t\t\t\t\t\t<\/span>\n\t\t\t\t\t\t\t<span class=\"date\">15.04.2014<\/span>\n\t\t\t<\/div>\n\t\n<\/div>\n\n<\/a>\n<\/div><\/div>\n<\/div>\n<\/div>\n<\/div>\n<\/div>\n<\/div>\n\n\n\n<div class=\"wp-block-buttons is-layout-flex wp-block-buttons-is-layout-flex\">\n<div class=\"wp-block-button\"><a class=\"wp-block-button__link wp-element-button\" href=\"https:\/\/naturvernforbundet.no\/finnmark\/vindkraft-og-kraftlinjer\/\">Norsk<\/a><\/div>\n<\/div>\n\n\n\n<div class=\"wp-block-group is-layout-constrained wp-block-group-is-layout-constrained\">\n<div class=\"wp-block-columns is-layout-flex wp-container-core-columns-is-layout-2 wp-block-columns-is-layout-flex\">\n<div class=\"wp-block-column is-vertically-aligned-top is-layout-flow wp-block-column-is-layout-flow\" style=\"flex-basis:100%\">\n<div class=\"wp-block-group is-content-justification-left is-layout-constrained wp-container-core-group-is-layout-15 wp-block-group-is-layout-constrained\">\n<div class=\"wp-block-group alignwide is-layout-constrained wp-block-group-is-layout-constrained\"><\/div>\n<\/div>\n<\/div>\n<\/div>\n<\/div>\n","protected":false},"excerpt":{"rendered":"","protected":false},"author":222,"featured_media":0,"parent":0,"menu_order":0,"comment_status":"closed","ping_status":"closed","template":"","meta":{"_relevanssi_hide_post":"","_relevanssi_hide_content":"","_relevanssi_pin_for_all":"","_relevanssi_pin_keywords":"","_relevanssi_unpin_keywords":"","_relevanssi_related_keywords":"","_relevanssi_related_include_ids":"","_relevanssi_related_exclude_ids":"","_relevanssi_related_no_append":"","_relevanssi_related_not_related":"","_relevanssi_related_posts":"","_relevanssi_noindex_reason":"","hide_logo":false,"footnotes":""},"categories":[],"class_list":["post-3064","page","type-page","status-publish","hentry"],"acf":[],"yoast_head":"<!-- This site is optimized with the Yoast SEO plugin v24.9 - https:\/\/yoast.com\/wordpress\/plugins\/seo\/ -->\n<title>Bieggaf\u00e1pmu ja el-f\u00e1pmolinj\u00e1t - Finnmark<\/title>\n<meta name=\"robots\" content=\"index, follow, max-snippet:-1, max-image-preview:large, max-video-preview:-1\" \/>\n<link rel=\"canonical\" href=\"https:\/\/naturvernforbundet.no\/finnmark\/bieggafapmu-ja-el-fapmolinjaid\/\" \/>\n<meta property=\"og:locale\" content=\"nb_NO\" \/>\n<meta property=\"og:type\" content=\"article\" \/>\n<meta property=\"og:title\" content=\"Bieggaf\u00e1pmu ja el-f\u00e1pmolinj\u00e1t - Finnmark\" \/>\n<meta property=\"og:url\" content=\"https:\/\/naturvernforbundet.no\/finnmark\/bieggafapmu-ja-el-fapmolinjaid\/\" \/>\n<meta property=\"og:site_name\" content=\"Finnmark\" \/>\n<meta property=\"article:modified_time\" content=\"2023-02-24T10:31:30+00:00\" \/>\n<meta name=\"twitter:card\" content=\"summary_large_image\" \/>\n<meta name=\"twitter:label1\" content=\"Ansl. lesetid\" \/>\n\t<meta name=\"twitter:data1\" content=\"1 minutt\" \/>\n<script type=\"application\/ld+json\" class=\"yoast-schema-graph\">{\"@context\":\"https:\/\/schema.org\",\"@graph\":[{\"@type\":\"WebPage\",\"@id\":\"https:\/\/naturvernforbundet.no\/finnmark\/bieggafapmu-ja-el-fapmolinjaid\/\",\"url\":\"https:\/\/naturvernforbundet.no\/finnmark\/bieggafapmu-ja-el-fapmolinjaid\/\",\"name\":\"Bieggaf\u00e1pmu ja el-f\u00e1pmolinj\u00e1t - Finnmark\",\"isPartOf\":{\"@id\":\"https:\/\/naturvernforbundet.no\/finnmark\/#website\"},\"datePublished\":\"2023-01-04T17:34:53+00:00\",\"dateModified\":\"2023-02-24T10:31:30+00:00\",\"breadcrumb\":{\"@id\":\"https:\/\/naturvernforbundet.no\/finnmark\/bieggafapmu-ja-el-fapmolinjaid\/#breadcrumb\"},\"inLanguage\":\"nb-NO\",\"potentialAction\":[{\"@type\":\"ReadAction\",\"target\":[\"https:\/\/naturvernforbundet.no\/finnmark\/bieggafapmu-ja-el-fapmolinjaid\/\"]}]},{\"@type\":\"BreadcrumbList\",\"@id\":\"https:\/\/naturvernforbundet.no\/finnmark\/bieggafapmu-ja-el-fapmolinjaid\/#breadcrumb\",\"itemListElement\":[{\"@type\":\"ListItem\",\"position\":1,\"name\":\"Till naturvernforbundet.no\",\"item\":\"https:\/\/naturvernforbundet.no\/\"},{\"@type\":\"ListItem\",\"position\":2,\"name\":\"Finnmark\",\"item\":\"https:\/\/naturvernforbundet.no\/finnmark\/\"},{\"@type\":\"ListItem\",\"position\":3,\"name\":\"Bieggaf\u00e1pmu ja el-f\u00e1pmolinj\u00e1t\"}]},{\"@type\":\"WebSite\",\"@id\":\"https:\/\/naturvernforbundet.no\/finnmark\/#website\",\"url\":\"https:\/\/naturvernforbundet.no\/finnmark\/\",\"name\":\"Finnmark\",\"description\":\"Bare enda et Naturvernforbundet Sites-nettsted\",\"potentialAction\":[{\"@type\":\"SearchAction\",\"target\":{\"@type\":\"EntryPoint\",\"urlTemplate\":\"https:\/\/naturvernforbundet.no\/finnmark\/?s={search_term_string}\"},\"query-input\":{\"@type\":\"PropertyValueSpecification\",\"valueRequired\":true,\"valueName\":\"search_term_string\"}}],\"inLanguage\":\"nb-NO\"}]}<\/script>\n<!-- \/ Yoast SEO plugin. -->","yoast_head_json":{"title":"Bieggaf\u00e1pmu ja el-f\u00e1pmolinj\u00e1t - Finnmark","robots":{"index":"index","follow":"follow","max-snippet":"max-snippet:-1","max-image-preview":"max-image-preview:large","max-video-preview":"max-video-preview:-1"},"canonical":"https:\/\/naturvernforbundet.no\/finnmark\/bieggafapmu-ja-el-fapmolinjaid\/","og_locale":"nb_NO","og_type":"article","og_title":"Bieggaf\u00e1pmu ja el-f\u00e1pmolinj\u00e1t - Finnmark","og_url":"https:\/\/naturvernforbundet.no\/finnmark\/bieggafapmu-ja-el-fapmolinjaid\/","og_site_name":"Finnmark","article_modified_time":"2023-02-24T10:31:30+00:00","twitter_card":"summary_large_image","twitter_misc":{"Ansl. lesetid":"1 minutt"},"schema":{"@context":"https:\/\/schema.org","@graph":[{"@type":"WebPage","@id":"https:\/\/naturvernforbundet.no\/finnmark\/bieggafapmu-ja-el-fapmolinjaid\/","url":"https:\/\/naturvernforbundet.no\/finnmark\/bieggafapmu-ja-el-fapmolinjaid\/","name":"Bieggaf\u00e1pmu ja el-f\u00e1pmolinj\u00e1t - Finnmark","isPartOf":{"@id":"https:\/\/naturvernforbundet.no\/finnmark\/#website"},"datePublished":"2023-01-04T17:34:53+00:00","dateModified":"2023-02-24T10:31:30+00:00","breadcrumb":{"@id":"https:\/\/naturvernforbundet.no\/finnmark\/bieggafapmu-ja-el-fapmolinjaid\/#breadcrumb"},"inLanguage":"nb-NO","potentialAction":[{"@type":"ReadAction","target":["https:\/\/naturvernforbundet.no\/finnmark\/bieggafapmu-ja-el-fapmolinjaid\/"]}]},{"@type":"BreadcrumbList","@id":"https:\/\/naturvernforbundet.no\/finnmark\/bieggafapmu-ja-el-fapmolinjaid\/#breadcrumb","itemListElement":[{"@type":"ListItem","position":1,"name":"Till naturvernforbundet.no","item":"https:\/\/naturvernforbundet.no\/"},{"@type":"ListItem","position":2,"name":"Finnmark","item":"https:\/\/naturvernforbundet.no\/finnmark\/"},{"@type":"ListItem","position":3,"name":"Bieggaf\u00e1pmu ja el-f\u00e1pmolinj\u00e1t"}]},{"@type":"WebSite","@id":"https:\/\/naturvernforbundet.no\/finnmark\/#website","url":"https:\/\/naturvernforbundet.no\/finnmark\/","name":"Finnmark","description":"Bare enda et Naturvernforbundet Sites-nettsted","potentialAction":[{"@type":"SearchAction","target":{"@type":"EntryPoint","urlTemplate":"https:\/\/naturvernforbundet.no\/finnmark\/?s={search_term_string}"},"query-input":{"@type":"PropertyValueSpecification","valueRequired":true,"valueName":"search_term_string"}}],"inLanguage":"nb-NO"}]}},"_links":{"self":[{"href":"https:\/\/naturvernforbundet.no\/finnmark\/wp-json\/wp\/v2\/pages\/3064","targetHints":{"allow":["GET"]}}],"collection":[{"href":"https:\/\/naturvernforbundet.no\/finnmark\/wp-json\/wp\/v2\/pages"}],"about":[{"href":"https:\/\/naturvernforbundet.no\/finnmark\/wp-json\/wp\/v2\/types\/page"}],"author":[{"embeddable":true,"href":"https:\/\/naturvernforbundet.no\/finnmark\/wp-json\/wp\/v2\/users\/222"}],"replies":[{"embeddable":true,"href":"https:\/\/naturvernforbundet.no\/finnmark\/wp-json\/wp\/v2\/comments?post=3064"}],"version-history":[{"count":39,"href":"https:\/\/naturvernforbundet.no\/finnmark\/wp-json\/wp\/v2\/pages\/3064\/revisions"}],"predecessor-version":[{"id":4167,"href":"https:\/\/naturvernforbundet.no\/finnmark\/wp-json\/wp\/v2\/pages\/3064\/revisions\/4167"}],"wp:attachment":[{"href":"https:\/\/naturvernforbundet.no\/finnmark\/wp-json\/wp\/v2\/media?parent=3064"}],"wp:term":[{"taxonomy":"category","embeddable":true,"href":"https:\/\/naturvernforbundet.no\/finnmark\/wp-json\/wp\/v2\/categories?post=3064"}],"curies":[{"name":"wp","href":"https:\/\/api.w.org\/{rel}","templated":true}]}}