{"id":311,"date":"2022-09-30T14:32:28","date_gmt":"2022-09-30T12:32:28","guid":{"rendered":"https:\/\/naturvernforbundet.no\/finnmark\/?page_id=311"},"modified":"2025-09-22T22:23:19","modified_gmt":"2025-09-22T20:23:19","slug":"verneomrader-i-finnmark","status":"publish","type":"page","link":"https:\/\/naturvernforbundet.no\/finnmark\/verneomrader-i-finnmark\/","title":{"rendered":"Verneomr\u00e5der i Finnmark"},"content":{"rendered":"\t<div class=\"template-page has-media alignfull wp-block-naturvern-hero\">\n\t\t<div class=\"hero__inner\">\n\t\t\t<div class=\"hero__inner_blocks\">\n\t\t\t\t\t\t\t\t\n<h1 class=\"wp-block-post-title\">Verneomr\u00e5der i Finnmark<\/h1>\n\n\n<p>I Finnmark er det n\u00e5 fem nasjonalparker (\u00d8vre Pasvik, Stabbursdalen, \u00d8vre Anarjohka, Seiland, Varanger) og en del mindre naturreservat.<\/p>\n\n\n\n<div class=\"wp-block-buttons is-layout-flex wp-block-buttons-is-layout-flex\"><\/div>\n\n\t\t\t<\/div>\n\t\t\t\t\t<\/div>\n\t\t\t\t\t<div class=\"hero__image\">\n\t\t\t\t\t\t\t\t\t\t<img decoding=\"async\" width=\"250\" height=\"188\" src=\"https:\/\/naturvernforbundet.no\/content\/uploads\/sites\/12\/2012\/10\/varanger1.jpg2028articlelist29.jpg\" class=\"attachment-ultra size-ultra\" alt=\"\" style=\"object-position: 50% 50%;\" loading=\"eager\" \/>\t\t\t\t\t\t<\/div>\n\t\t\t<\/div>\n\t\n\n\n<p>I Finnmark er det n\u00e5 fem nasjonalparker (\u00d8vre Pasvik, Stabbursdalen, \u00d8vre Anarjohka, Seiland, Varanger) og en del mindre naturreservat.<br><br>Milj\u00f8verndepartementet arbeider n\u00e5 for \u00e5 utvide nasjonalparken i \u00d8vre Anarjohka og opprette en ny nasjonalpark i Goahteluobbal i Guovdageaidnu samt for ei rekke nye naturreservat gjennom Verneplan for myr og v\u00e5tmark. Naturvernforbundet er generelt positiv til oppretting av verneomr\u00e5der, men i dette tilfellet er vi kritiske til myndighetenes framgangsm\u00e5te med \u00e5 presse gjennom vernevedtak uten hensyn til lokalbefolkningas syn.<\/p>\n\n\n\n<div class=\"wp-block-group alignwide is-style-green-light is-layout-constrained wp-block-group-is-layout-constrained\"><div class=\"t2-featured-content-layout alignwide alignwide wp-block-t2-featured-content-layout\">\n<div class=\"t2-featured-query-post t2-featured-content is-post-type-post category-aktuelt category-biologisk-mangfold category-innspill category-olje-og-gass category-verneomrader category-vindkraft-og-kraftlinjer tag-aktuelt tag-artsregistrering tag-finnmark tag-kart tag-kraftlinje tag-kraftpakke tag-naturmangfold tag-nve tag-utbygging tag-vindindustri wp-block-t2-featured-query-post\"><a class=\"t2-post-link wp-block-t2-post-link\" href=\"https:\/\/naturvernforbundet.no\/finnmark\/omrader-under-utbyggingspress-med-kart\/\">\n<figure style=\"--t2-focal-point: 50% 50%;\" class=\"t2-post-featured-image has-image-ratio-4-3 wp-block-t2-post-featured-image\"><img loading=\"lazy\" decoding=\"async\" width=\"1040\" height=\"663\" src=\"https:\/\/naturvernforbundet.no\/content\/uploads\/sites\/12\/2024\/09\/Sieiddeduottar_1008_2024_KSJ_og_MHP_Foto_KMD.jpg\" class=\"attachment-post-thumbnail size-post-thumbnail wp-post-image\" alt=\"To naturkartleggere i turutstyr p\u00e5 vei opp til Sieideduottarfjellet i Porsanger\" srcset=\"https:\/\/naturvernforbundet.no\/content\/uploads\/sites\/12\/2024\/09\/Sieiddeduottar_1008_2024_KSJ_og_MHP_Foto_KMD.jpg 1040w, https:\/\/naturvernforbundet.no\/content\/uploads\/sites\/12\/2024\/09\/Sieiddeduottar_1008_2024_KSJ_og_MHP_Foto_KMD-300x191.jpg 300w, https:\/\/naturvernforbundet.no\/content\/uploads\/sites\/12\/2024\/09\/Sieiddeduottar_1008_2024_KSJ_og_MHP_Foto_KMD-1024x653.jpg 1024w, https:\/\/naturvernforbundet.no\/content\/uploads\/sites\/12\/2024\/09\/Sieiddeduottar_1008_2024_KSJ_og_MHP_Foto_KMD-768x490.jpg 768w\" sizes=\"auto, (max-width: 1040px) 100vw, 1040px\" \/><\/figure>\n\n<div class=\"wp-block-group alignfull is-layout-flow wp-block-group-is-layout-flow\">\n\t<h2 class=\"t2-post-title wp-block-t2-post-title\">Naturomr\u00e5der truet av &laquo;kraftpakke Melk\u00f8ya&raquo; &#8211; med kart<\/h2>\n\t<p class=\"wp-block-naturvern-post-excerpt\">I Finnmark st\u00e5r n\u00e5 mange omr\u00e5der under utbyggingspress i forbindelse med &laquo;kraftpakke Melk\u00f8ya&raquo;. Fristen er 1. februar for \u00e5 sende h\u00f8ringsinnspill til hele 11 vindindustris\u00f8knader,<br>  samt 4 kraftlinjes\u00f8knader i Finnmark. Se oversikt og kart over omr\u00e5dene p\u00e5 denne siden.<\/p>\n\t\t<div class=\"wp-block-naturvern-post-meta\">\n\t\t\t\t\t<span class=\"cat\">\n\t\t\t\t\t\t\t\t\t<span><span class=\"tag-link\" data-href=\"https:\/\/naturvernforbundet.no\/finnmark\/category\/aktuelt\/\">Aktuelt<\/span><\/span>\n\t\t\t\t\t\t\t\t\t<span><span class=\"tag-link\" data-href=\"https:\/\/naturvernforbundet.no\/finnmark\/category\/biologisk-mangfold\/\">Biologisk mangfold<\/span><\/span>\n\t\t\t\t\t\t\t\t\t<span><span class=\"tag-link\" data-href=\"https:\/\/naturvernforbundet.no\/finnmark\/category\/innspill\/\">Innspill<\/span><\/span>\n\t\t\t\t\t\t\t\t\t<span><span class=\"tag-link\" data-href=\"https:\/\/naturvernforbundet.no\/finnmark\/category\/olje-og-gass\/\">Olje og gass<\/span><\/span>\n\t\t\t\t\t\t\t\t\t<span><span class=\"tag-link\" data-href=\"https:\/\/naturvernforbundet.no\/finnmark\/category\/verneomrader\/\">Verneomr\u00e5der<\/span><\/span>\n\t\t\t\t\t\t\t\t\t<span><span class=\"tag-link\" data-href=\"https:\/\/naturvernforbundet.no\/finnmark\/category\/vindkraft-og-kraftlinjer\/\">Vindkraft og kraftlinjer<\/span><\/span>\n\t\t\t\t\t\t\t<\/span>\n\t\t\t\t\t\t\t<span class=\"date\">23.09.2024<\/span>\n\t\t\t<\/div>\n\t\n<\/div>\n\n<\/a>\n<\/div>\n\n<div class=\"t2-featured-query-post t2-featured-content is-post-type-post category-arrangement category-innspill category-stilla-laget-vest-finnmark category-verneomrader local-stilla-laget-vest-finnmark wp-block-t2-featured-query-post\"><a class=\"t2-post-link wp-block-t2-post-link\" href=\"https:\/\/naturvernforbundet.no\/finnmark\/ma-naturmangfoldet-vike-for-vekst-i-alta\/\">\n<figure style=\"--t2-focal-point: 50% 50%;\" class=\"t2-post-featured-image has-image-ratio-4-3 wp-block-t2-post-featured-image\"><img loading=\"lazy\" decoding=\"async\" width=\"1333\" height=\"1000\" src=\"https:\/\/naturvernforbundet.no\/content\/uploads\/sites\/12\/2024\/06\/20240530_16115101_Alta_Altaelva_Haldde_Lone-Bjorkmann_30mai24.jpg\" class=\"attachment-post-thumbnail size-post-thumbnail wp-post-image\" alt=\"Oversiktsbilde av Alta, med Altaelva og Haldde.\" srcset=\"https:\/\/naturvernforbundet.no\/content\/uploads\/sites\/12\/2024\/06\/20240530_16115101_Alta_Altaelva_Haldde_Lone-Bjorkmann_30mai24.jpg 1333w, https:\/\/naturvernforbundet.no\/content\/uploads\/sites\/12\/2024\/06\/20240530_16115101_Alta_Altaelva_Haldde_Lone-Bjorkmann_30mai24-300x225.jpg 300w, https:\/\/naturvernforbundet.no\/content\/uploads\/sites\/12\/2024\/06\/20240530_16115101_Alta_Altaelva_Haldde_Lone-Bjorkmann_30mai24-1024x768.jpg 1024w, https:\/\/naturvernforbundet.no\/content\/uploads\/sites\/12\/2024\/06\/20240530_16115101_Alta_Altaelva_Haldde_Lone-Bjorkmann_30mai24-768x576.jpg 768w\" sizes=\"auto, (max-width: 1333px) 100vw, 1333px\" \/><\/figure>\n\n<div class=\"wp-block-group alignfull is-layout-flow wp-block-group-is-layout-flow\">\n\t<h2 class=\"t2-post-title wp-block-t2-post-title\">M\u00e5 naturmangfoldet vike for &laquo;vekst&raquo; i Alta?<\/h2>\n\t<p class=\"wp-block-naturvern-post-excerpt\">Fra folkem\u00f8te i Alta Kommune om arbeidet med naturmangfoldsplan. <\/p>\n\t\t<div class=\"wp-block-naturvern-post-meta\">\n\t\t\t\t\t<span class=\"cat\">\n\t\t\t\t\t\t\t\t\t<span><span class=\"tag-link\" data-href=\"https:\/\/naturvernforbundet.no\/finnmark\/category\/arrangement\/\">Arrangement<\/span><\/span>\n\t\t\t\t\t\t\t\t\t<span><span class=\"tag-link\" data-href=\"https:\/\/naturvernforbundet.no\/finnmark\/category\/innspill\/\">Innspill<\/span><\/span>\n\t\t\t\t\t\t\t\t\t<span><span class=\"tag-link\" data-href=\"https:\/\/naturvernforbundet.no\/finnmark\/category\/stilla-laget-vest-finnmark\/\">Stilla-laget \/ Vest-Finnmark<\/span><\/span>\n\t\t\t\t\t\t\t\t\t<span><span class=\"tag-link\" data-href=\"https:\/\/naturvernforbundet.no\/finnmark\/category\/verneomrader\/\">Verneomr\u00e5der<\/span><\/span>\n\t\t\t\t\t\t\t<\/span>\n\t\t\t\t\t\t\t<span class=\"date\">14.06.2024<\/span>\n\t\t\t<\/div>\n\t\n<\/div>\n\n<\/a>\n<\/div>\n\n<div class=\"t2-featured-query-post t2-featured-content is-post-type-post category-aktuelt category-avjovarri category-innspill category-suodjalanguovllut category-verneomrader wp-block-t2-featured-query-post\"><a class=\"t2-post-link wp-block-t2-post-link\" href=\"https:\/\/naturvernforbundet.no\/finnmark\/luonddugahtten-samis-geaid-ovddas-naturvern-i-sapmi-for-hvem\/\">\n<figure style=\"--t2-focal-point: 50% 50%;\" class=\"t2-post-featured-image has-image-ratio-4-3 wp-block-t2-post-featured-image\"><img loading=\"lazy\" decoding=\"async\" width=\"952\" height=\"634\" src=\"https:\/\/naturvernforbundet.no\/content\/uploads\/sites\/12\/2023\/12\/Illustrasjon_innlegg_fra_Avjovarri.jpg\" class=\"attachment-post-thumbnail size-post-thumbnail wp-post-image\" alt=\"\" srcset=\"https:\/\/naturvernforbundet.no\/content\/uploads\/sites\/12\/2023\/12\/Illustrasjon_innlegg_fra_Avjovarri.jpg 952w, https:\/\/naturvernforbundet.no\/content\/uploads\/sites\/12\/2023\/12\/Illustrasjon_innlegg_fra_Avjovarri-300x200.jpg 300w, https:\/\/naturvernforbundet.no\/content\/uploads\/sites\/12\/2023\/12\/Illustrasjon_innlegg_fra_Avjovarri-768x511.jpg 768w\" sizes=\"auto, (max-width: 952px) 100vw, 952px\" \/><\/figure>\n\n<div class=\"wp-block-group alignfull is-layout-flow wp-block-group-is-layout-flow\">\n\t<h2 class=\"t2-post-title wp-block-t2-post-title\">Luonddug\u00e1htten S\u00e1mis \u2013 geaid ovddas? \/ Naturvern i S\u00e1pmi \u2013 for hvem?<\/h2>\n\t<p class=\"wp-block-naturvern-post-excerpt\">26.-27.10.2023 arrangerte S\u00e1mi allaskuvla konferansen &laquo;Min birrasat \u2013 b\u00e6rekraftige n\u00e6ringer og naturmangfold i S\u00e1pmi. <br>Naturvernforbundet i \u00c1vjov\u00e1rri holdt innlegg under tittelen &laquo;Luonddug\u00e1htten S\u00e1mis \u2013 geaid ovddas? \/ Naturvern i S\u00e1pmi \u2013 for hvem?&raquo; Fra denne legger vi her ut presentasjon og manus til innlegg. Naturvernforbundet i Finnmark har tidligere lagt ut glimt fra konferansen fra et annet lokallag.<\/p>\n\t\t<div class=\"wp-block-naturvern-post-meta\">\n\t\t\t\t\t<span class=\"cat\">\n\t\t\t\t\t\t\t\t\t<span><span class=\"tag-link\" data-href=\"https:\/\/naturvernforbundet.no\/finnmark\/category\/aktuelt\/\">Aktuelt<\/span><\/span>\n\t\t\t\t\t\t\t\t\t<span><span class=\"tag-link\" data-href=\"https:\/\/naturvernforbundet.no\/finnmark\/category\/avjovarri\/\">\u00c1vjov\u00e1rri<\/span><\/span>\n\t\t\t\t\t\t\t\t\t<span><span class=\"tag-link\" data-href=\"https:\/\/naturvernforbundet.no\/finnmark\/category\/innspill\/\">Innspill<\/span><\/span>\n\t\t\t\t\t\t\t\t\t<span><span class=\"tag-link\" data-href=\"https:\/\/naturvernforbundet.no\/finnmark\/category\/suodjalanguovllut\/\">Suodjalanguovllut<\/span><\/span>\n\t\t\t\t\t\t\t\t\t<span><span class=\"tag-link\" data-href=\"https:\/\/naturvernforbundet.no\/finnmark\/category\/verneomrader\/\">Verneomr\u00e5der<\/span><\/span>\n\t\t\t\t\t\t\t<\/span>\n\t\t\t\t\t\t\t<span class=\"date\">06.12.2023<\/span>\n\t\t\t<\/div>\n\t\n<\/div>\n\n<\/a>\n<\/div>\n\n<div class=\"t2-featured-query-post t2-featured-content is-post-type-post category-avjovarri category-innspill category-porsangerfjorden category-stilla-laget-vest-finnmark category-verneomrader wp-block-t2-featured-query-post\"><a class=\"t2-post-link wp-block-t2-post-link\" href=\"https:\/\/naturvernforbundet.no\/finnmark\/vil-vest-finnmark-radet-ha-fri-naturrasering\/\">\n<figure style=\"--t2-focal-point: 50% 50%;\" class=\"t2-post-featured-image has-image-ratio-4-3 wp-block-t2-post-featured-image\"><img loading=\"lazy\" decoding=\"async\" width=\"653\" height=\"259\" src=\"https:\/\/naturvernforbundet.no\/content\/uploads\/sites\/12\/2022\/02\/Lokallaksledere_annie_pier20kopi_bb.jpg2028articledisplay29.jpg\" class=\"attachment-post-thumbnail size-post-thumbnail wp-post-image\" alt=\"\" srcset=\"https:\/\/naturvernforbundet.no\/content\/uploads\/sites\/12\/2022\/02\/Lokallaksledere_annie_pier20kopi_bb.jpg2028articledisplay29.jpg 653w, https:\/\/naturvernforbundet.no\/content\/uploads\/sites\/12\/2022\/02\/Lokallaksledere_annie_pier20kopi_bb.jpg2028articledisplay29-300x119.jpg 300w\" sizes=\"auto, (max-width: 653px) 100vw, 653px\" \/><\/figure>\n\n<div class=\"wp-block-group alignfull is-layout-flow wp-block-group-is-layout-flow\">\n\t<h2 class=\"t2-post-title wp-block-t2-post-title\">Vil Vest-Finnmark-r\u00e5det ha fri naturrasering?<\/h2>\n\t<p class=\"wp-block-naturvern-post-excerpt\">Tre av Naturvernforbundets lokallagsledere i Finnmark stiller sp\u00f8rsm\u00e5let som svar p\u00e5 ordf\u00f8rere i Vest-Finnmark sitt avisinnlegg &laquo;grensen er n\u00e5dd&raquo;. De sp\u00f8r ogs\u00e5 om olje, gass, gruver, oppdrett og kraftproduksjon er det eneste ordf\u00f8rerne \u00f8nsker som n\u00e6ringsutvikling i Finnmark.<\/p>\n\t\t<div class=\"wp-block-naturvern-post-meta\">\n\t\t\t\t\t<span class=\"cat\">\n\t\t\t\t\t\t\t\t\t<span><span class=\"tag-link\" data-href=\"https:\/\/naturvernforbundet.no\/finnmark\/category\/avjovarri\/\">\u00c1vjov\u00e1rri<\/span><\/span>\n\t\t\t\t\t\t\t\t\t<span><span class=\"tag-link\" data-href=\"https:\/\/naturvernforbundet.no\/finnmark\/category\/innspill\/\">Innspill<\/span><\/span>\n\t\t\t\t\t\t\t\t\t<span><span class=\"tag-link\" data-href=\"https:\/\/naturvernforbundet.no\/finnmark\/category\/porsangerfjorden\/\">Porsangerfjorden<\/span><\/span>\n\t\t\t\t\t\t\t\t\t<span><span class=\"tag-link\" data-href=\"https:\/\/naturvernforbundet.no\/finnmark\/category\/stilla-laget-vest-finnmark\/\">Stilla-laget \/ Vest-Finnmark<\/span><\/span>\n\t\t\t\t\t\t\t\t\t<span><span class=\"tag-link\" data-href=\"https:\/\/naturvernforbundet.no\/finnmark\/category\/verneomrader\/\">Verneomr\u00e5der<\/span><\/span>\n\t\t\t\t\t\t\t<\/span>\n\t\t\t\t\t\t\t<span class=\"date\">21.02.2022<\/span>\n\t\t\t<\/div>\n\t\n<\/div>\n\n<\/a>\n<\/div>\n\n<div class=\"t2-featured-query-post t2-featured-content is-post-type-post category-avjovarri category-innspill category-verneomrader wp-block-t2-featured-query-post\"><a class=\"t2-post-link wp-block-t2-post-link\" href=\"https:\/\/naturvernforbundet.no\/finnmark\/vern-der-det-trengs\/\">\n<figure style=\"--t2-focal-point: 50% 50%;\" class=\"t2-post-featured-image has-image-ratio-4-3 wp-block-t2-post-featured-image\"><img loading=\"lazy\" decoding=\"async\" width=\"653\" height=\"435\" src=\"https:\/\/naturvernforbundet.no\/content\/uploads\/sites\/12\/2019\/03\/img_9311.jpg2028articledisplay29.jpg\" class=\"attachment-post-thumbnail size-post-thumbnail wp-post-image\" alt=\"\" srcset=\"https:\/\/naturvernforbundet.no\/content\/uploads\/sites\/12\/2019\/03\/img_9311.jpg2028articledisplay29.jpg 653w, https:\/\/naturvernforbundet.no\/content\/uploads\/sites\/12\/2019\/03\/img_9311.jpg2028articledisplay29-300x200.jpg 300w\" sizes=\"auto, (max-width: 653px) 100vw, 653px\" \/><\/figure>\n\n<div class=\"wp-block-group alignfull is-layout-flow wp-block-group-is-layout-flow\">\n\t<h2 class=\"t2-post-title wp-block-t2-post-title\">Vern der det trengs!<\/h2>\n\t<p class=\"wp-block-naturvern-post-excerpt\">Milj\u00f8direktoratet og Fylkesmannen har igjen bl\u00e5st liv i en gammel plan om oppretting av ei rekke naturreservater p\u00e5 Finnmarksvidda. Her er kommentar fra Naturvernforbundet i \u00c1vjov\u00e1rri.<\/p>\n\t\t<div class=\"wp-block-naturvern-post-meta\">\n\t\t\t\t\t<span class=\"cat\">\n\t\t\t\t\t\t\t\t\t<span><span class=\"tag-link\" data-href=\"https:\/\/naturvernforbundet.no\/finnmark\/category\/avjovarri\/\">\u00c1vjov\u00e1rri<\/span><\/span>\n\t\t\t\t\t\t\t\t\t<span><span class=\"tag-link\" data-href=\"https:\/\/naturvernforbundet.no\/finnmark\/category\/innspill\/\">Innspill<\/span><\/span>\n\t\t\t\t\t\t\t\t\t<span><span class=\"tag-link\" data-href=\"https:\/\/naturvernforbundet.no\/finnmark\/category\/verneomrader\/\">Verneomr\u00e5der<\/span><\/span>\n\t\t\t\t\t\t\t<\/span>\n\t\t\t\t\t\t\t<span class=\"date\">18.03.2019<\/span>\n\t\t\t<\/div>\n\t\n<\/div>\n\n<\/a>\n<\/div>\n\n<div class=\"t2-featured-query-post t2-featured-content is-post-type-post category-avjovarri category-innspill category-verneomrader wp-block-t2-featured-query-post\"><a class=\"t2-post-link wp-block-t2-post-link\" href=\"https:\/\/naturvernforbundet.no\/finnmark\/guovdageaidnu-og-karasjohka-bor-samarbeide-om-naturforvaltning-og-naturinformasjon\/\">\n<figure style=\"--t2-focal-point: 50% 50%;\" class=\"t2-post-featured-image has-image-ratio-4-3 wp-block-t2-post-featured-image\"><img loading=\"lazy\" decoding=\"async\" width=\"561\" height=\"800\" src=\"https:\/\/naturvernforbundet.no\/content\/uploads\/sites\/12\/2018\/09\/anarforside.jpg2028fullscreen29.jpg\" class=\"attachment-post-thumbnail size-post-thumbnail wp-post-image\" alt=\"\" srcset=\"https:\/\/naturvernforbundet.no\/content\/uploads\/sites\/12\/2018\/09\/anarforside.jpg2028fullscreen29.jpg 561w, https:\/\/naturvernforbundet.no\/content\/uploads\/sites\/12\/2018\/09\/anarforside.jpg2028fullscreen29-210x300.jpg 210w\" sizes=\"auto, (max-width: 561px) 100vw, 561px\" \/><\/figure>\n\n<div class=\"wp-block-group alignfull is-layout-flow wp-block-group-is-layout-flow\">\n\t<h2 class=\"t2-post-title wp-block-t2-post-title\">Guovdageaidnu og K\u00e1r\u00e1\u0161johka b\u00f8r samarbeide om naturforvaltning og naturinformasjon<\/h2>\n\t<p class=\"wp-block-naturvern-post-excerpt\">\u00c5pent brev fra Naturvernforbundet i \u00c1vjov\u00e1rri til Nasjonalparkstyret for \u00d8vre An\u00e1rjohka nasjonalpark, Guovdageaidnu og K\u00e1r\u00e1\u0161johka kommuner.<\/p>\n\t\t<div class=\"wp-block-naturvern-post-meta\">\n\t\t\t\t\t<span class=\"cat\">\n\t\t\t\t\t\t\t\t\t<span><span class=\"tag-link\" data-href=\"https:\/\/naturvernforbundet.no\/finnmark\/category\/avjovarri\/\">\u00c1vjov\u00e1rri<\/span><\/span>\n\t\t\t\t\t\t\t\t\t<span><span class=\"tag-link\" data-href=\"https:\/\/naturvernforbundet.no\/finnmark\/category\/innspill\/\">Innspill<\/span><\/span>\n\t\t\t\t\t\t\t\t\t<span><span class=\"tag-link\" data-href=\"https:\/\/naturvernforbundet.no\/finnmark\/category\/verneomrader\/\">Verneomr\u00e5der<\/span><\/span>\n\t\t\t\t\t\t\t<\/span>\n\t\t\t\t\t\t\t<span class=\"date\">23.09.2018<\/span>\n\t\t\t<\/div>\n\t\n<\/div>\n\n<\/a>\n<\/div>\n<\/div><\/div>\n\n\n\n<div class=\"wp-block-buttons is-content-justification-center is-layout-flex wp-container-core-buttons-is-layout-2 wp-block-buttons-is-layout-flex\">\n<div class=\"wp-block-button is-style-outline is-style-outline--1\"><a class=\"wp-block-button__link wp-element-button\" href=\"https:\/\/naturvernforbundet.no\/finnmark\/category\/verneomrader\/\"><strong>Alle innlegg om verneomr\u00e5der<\/strong><\/a><\/div>\n<\/div>\n","protected":false},"excerpt":{"rendered":"","protected":false},"author":3,"featured_media":0,"parent":0,"menu_order":0,"comment_status":"closed","ping_status":"closed","template":"","meta":{"_relevanssi_hide_post":"","_relevanssi_hide_content":"","_relevanssi_pin_for_all":"","_relevanssi_pin_keywords":"","_relevanssi_unpin_keywords":"","_relevanssi_related_keywords":"","_relevanssi_related_include_ids":"","_relevanssi_related_exclude_ids":"","_relevanssi_related_no_append":"","_relevanssi_related_not_related":"","_relevanssi_related_posts":"7883,8092,7462,7667,7637,7611","_relevanssi_noindex_reason":"","hide_logo":false,"footnotes":""},"categories":[],"class_list":["post-311","page","type-page","status-publish","hentry"],"acf":[],"yoast_head":"<!-- This site is optimized with the Yoast SEO plugin v24.9 - https:\/\/yoast.com\/wordpress\/plugins\/seo\/ -->\n<title>Verneomr\u00e5der i Finnmark - Finnmark<\/title>\n<meta name=\"robots\" content=\"index, follow, max-snippet:-1, max-image-preview:large, max-video-preview:-1\" \/>\n<link rel=\"canonical\" href=\"https:\/\/naturvernforbundet.no\/finnmark\/verneomrader-i-finnmark\/\" \/>\n<meta property=\"og:locale\" content=\"nb_NO\" \/>\n<meta property=\"og:type\" content=\"article\" \/>\n<meta property=\"og:title\" content=\"Verneomr\u00e5der i Finnmark - Finnmark\" \/>\n<meta property=\"og:url\" content=\"https:\/\/naturvernforbundet.no\/finnmark\/verneomrader-i-finnmark\/\" \/>\n<meta property=\"og:site_name\" content=\"Finnmark\" \/>\n<meta property=\"article:modified_time\" content=\"2025-09-22T20:23:19+00:00\" \/>\n<meta name=\"twitter:card\" content=\"summary_large_image\" \/>\n<meta name=\"twitter:label1\" content=\"Ansl. lesetid\" \/>\n\t<meta name=\"twitter:data1\" content=\"1 minutt\" \/>\n<script type=\"application\/ld+json\" class=\"yoast-schema-graph\">{\"@context\":\"https:\/\/schema.org\",\"@graph\":[{\"@type\":\"WebPage\",\"@id\":\"https:\/\/naturvernforbundet.no\/finnmark\/verneomrader-i-finnmark\/\",\"url\":\"https:\/\/naturvernforbundet.no\/finnmark\/verneomrader-i-finnmark\/\",\"name\":\"Verneomr\u00e5der i Finnmark - Finnmark\",\"isPartOf\":{\"@id\":\"https:\/\/naturvernforbundet.no\/finnmark\/#website\"},\"datePublished\":\"2022-09-30T12:32:28+00:00\",\"dateModified\":\"2025-09-22T20:23:19+00:00\",\"breadcrumb\":{\"@id\":\"https:\/\/naturvernforbundet.no\/finnmark\/verneomrader-i-finnmark\/#breadcrumb\"},\"inLanguage\":\"nb-NO\",\"potentialAction\":[{\"@type\":\"ReadAction\",\"target\":[\"https:\/\/naturvernforbundet.no\/finnmark\/verneomrader-i-finnmark\/\"]}]},{\"@type\":\"BreadcrumbList\",\"@id\":\"https:\/\/naturvernforbundet.no\/finnmark\/verneomrader-i-finnmark\/#breadcrumb\",\"itemListElement\":[{\"@type\":\"ListItem\",\"position\":1,\"name\":\"Till naturvernforbundet.no\",\"item\":\"https:\/\/naturvernforbundet.no\/\"},{\"@type\":\"ListItem\",\"position\":2,\"name\":\"Finnmark\",\"item\":\"https:\/\/naturvernforbundet.no\/finnmark\/\"},{\"@type\":\"ListItem\",\"position\":3,\"name\":\"Verneomr\u00e5der i Finnmark\"}]},{\"@type\":\"WebSite\",\"@id\":\"https:\/\/naturvernforbundet.no\/finnmark\/#website\",\"url\":\"https:\/\/naturvernforbundet.no\/finnmark\/\",\"name\":\"Finnmark\",\"description\":\"Bare enda et Naturvernforbundet Sites-nettsted\",\"potentialAction\":[{\"@type\":\"SearchAction\",\"target\":{\"@type\":\"EntryPoint\",\"urlTemplate\":\"https:\/\/naturvernforbundet.no\/finnmark\/?s={search_term_string}\"},\"query-input\":{\"@type\":\"PropertyValueSpecification\",\"valueRequired\":true,\"valueName\":\"search_term_string\"}}],\"inLanguage\":\"nb-NO\"}]}<\/script>\n<!-- \/ Yoast SEO plugin. -->","yoast_head_json":{"title":"Verneomr\u00e5der i Finnmark - Finnmark","robots":{"index":"index","follow":"follow","max-snippet":"max-snippet:-1","max-image-preview":"max-image-preview:large","max-video-preview":"max-video-preview:-1"},"canonical":"https:\/\/naturvernforbundet.no\/finnmark\/verneomrader-i-finnmark\/","og_locale":"nb_NO","og_type":"article","og_title":"Verneomr\u00e5der i Finnmark - Finnmark","og_url":"https:\/\/naturvernforbundet.no\/finnmark\/verneomrader-i-finnmark\/","og_site_name":"Finnmark","article_modified_time":"2025-09-22T20:23:19+00:00","twitter_card":"summary_large_image","twitter_misc":{"Ansl. lesetid":"1 minutt"},"schema":{"@context":"https:\/\/schema.org","@graph":[{"@type":"WebPage","@id":"https:\/\/naturvernforbundet.no\/finnmark\/verneomrader-i-finnmark\/","url":"https:\/\/naturvernforbundet.no\/finnmark\/verneomrader-i-finnmark\/","name":"Verneomr\u00e5der i Finnmark - Finnmark","isPartOf":{"@id":"https:\/\/naturvernforbundet.no\/finnmark\/#website"},"datePublished":"2022-09-30T12:32:28+00:00","dateModified":"2025-09-22T20:23:19+00:00","breadcrumb":{"@id":"https:\/\/naturvernforbundet.no\/finnmark\/verneomrader-i-finnmark\/#breadcrumb"},"inLanguage":"nb-NO","potentialAction":[{"@type":"ReadAction","target":["https:\/\/naturvernforbundet.no\/finnmark\/verneomrader-i-finnmark\/"]}]},{"@type":"BreadcrumbList","@id":"https:\/\/naturvernforbundet.no\/finnmark\/verneomrader-i-finnmark\/#breadcrumb","itemListElement":[{"@type":"ListItem","position":1,"name":"Till naturvernforbundet.no","item":"https:\/\/naturvernforbundet.no\/"},{"@type":"ListItem","position":2,"name":"Finnmark","item":"https:\/\/naturvernforbundet.no\/finnmark\/"},{"@type":"ListItem","position":3,"name":"Verneomr\u00e5der i Finnmark"}]},{"@type":"WebSite","@id":"https:\/\/naturvernforbundet.no\/finnmark\/#website","url":"https:\/\/naturvernforbundet.no\/finnmark\/","name":"Finnmark","description":"Bare enda et Naturvernforbundet Sites-nettsted","potentialAction":[{"@type":"SearchAction","target":{"@type":"EntryPoint","urlTemplate":"https:\/\/naturvernforbundet.no\/finnmark\/?s={search_term_string}"},"query-input":{"@type":"PropertyValueSpecification","valueRequired":true,"valueName":"search_term_string"}}],"inLanguage":"nb-NO"}]}},"_links":{"self":[{"href":"https:\/\/naturvernforbundet.no\/finnmark\/wp-json\/wp\/v2\/pages\/311","targetHints":{"allow":["GET"]}}],"collection":[{"href":"https:\/\/naturvernforbundet.no\/finnmark\/wp-json\/wp\/v2\/pages"}],"about":[{"href":"https:\/\/naturvernforbundet.no\/finnmark\/wp-json\/wp\/v2\/types\/page"}],"author":[{"embeddable":true,"href":"https:\/\/naturvernforbundet.no\/finnmark\/wp-json\/wp\/v2\/users\/3"}],"replies":[{"embeddable":true,"href":"https:\/\/naturvernforbundet.no\/finnmark\/wp-json\/wp\/v2\/comments?post=311"}],"version-history":[{"count":19,"href":"https:\/\/naturvernforbundet.no\/finnmark\/wp-json\/wp\/v2\/pages\/311\/revisions"}],"predecessor-version":[{"id":9221,"href":"https:\/\/naturvernforbundet.no\/finnmark\/wp-json\/wp\/v2\/pages\/311\/revisions\/9221"}],"wp:attachment":[{"href":"https:\/\/naturvernforbundet.no\/finnmark\/wp-json\/wp\/v2\/media?parent=311"}],"wp:term":[{"taxonomy":"category","embeddable":true,"href":"https:\/\/naturvernforbundet.no\/finnmark\/wp-json\/wp\/v2\/categories?post=311"}],"curies":[{"name":"wp","href":"https:\/\/api.w.org\/{rel}","templated":true}]}}