{"id":3120,"date":"2023-01-04T23:08:19","date_gmt":"2023-01-04T22:08:19","guid":{"rendered":"https:\/\/naturvernforbundet.no\/finnmark\/?page_id=3120"},"modified":"2023-02-24T11:57:56","modified_gmt":"2023-02-24T10:57:56","slug":"boazodoallu-finnmarkkus","status":"publish","type":"page","link":"https:\/\/naturvernforbundet.no\/finnmark\/boazodoallu-finnmarkkus\/","title":{"rendered":"Boazodoallu Finnm\u00e1rkkus"},"content":{"rendered":"\t<div class=\"template-page has-media alignfull wp-block-naturvern-hero\">\n\t\t<div class=\"hero__inner\">\n\t\t\t<div class=\"hero__inner_blocks\">\n\t\t\t\t\t\t\t\t\n<h1 class=\"wp-block-post-title\">Boazodoallu Finnm\u00e1rkkus<\/h1>\n\n\n<p>Boazodoallu lea deh\u00e1la\u0161 eal\u00e1hus Finnm\u00e1rkkus. Danne mii vuosttaldat luonddubillistemiid mat g\u00e1r\u017e\u017eidit boazoguohtunguovlluid ja hehttejit johtingeainnuid.<\/p>\n\n\n\n<div class=\"wp-block-buttons is-layout-flex wp-block-buttons-is-layout-flex\"><\/div>\n\n\t\t\t<\/div>\n\t\t\t\t\t<\/div>\n\t\t\t\t\t<div class=\"hero__image\">\n\t\t\t\t\t\t\t\t\t\t<img fetchpriority=\"high\" decoding=\"async\" width=\"653\" height=\"435\" src=\"https:\/\/naturvernforbundet.no\/content\/uploads\/sites\/12\/2012\/10\/img_0563.jpg2028articledisplay29.jpg\" class=\"attachment-ultra size-ultra\" alt=\"\" style=\"object-position: 50% 50%;\" loading=\"eager\" srcset=\"https:\/\/naturvernforbundet.no\/content\/uploads\/sites\/12\/2012\/10\/img_0563.jpg2028articledisplay29.jpg 653w, https:\/\/naturvernforbundet.no\/content\/uploads\/sites\/12\/2012\/10\/img_0563.jpg2028articledisplay29-300x200.jpg 300w\" sizes=\"(max-width: 653px) 100vw, 653px\" \/>\t\t\t\t\t\t<\/div>\n\t\t\t<\/div>\n\t\n\n\n<p>Boazodoallu lea deh\u00e1la\u0161 eal\u00e1hus Finnm\u00e1rkkus, dan sivas go dat add\u00e1 buorre ja dearvva\u0161 borramu\u0161a, duodje\u00e1vdnasiid ja lea deh\u00e1la\u0161 s\u00e1mi kultuvrra ja giela guoddi. Muhto ollugat vuosttaldit boazodoaloeal\u00e1husa ja stuorra f\u00e1mut geah\u010d\u010dalit heaittihit dahje g\u00e1r\u017e\u017eidit boazodoalu dan sivas go h\u00e1liidit eatnamiid geavahit ear\u00e1 doaimmaide, nugo ruvkedoaimmaide, el-f\u00e1pmorusttegiidda ja bartahuksemiidda. <br><br>Luonddug\u00e1httenlihttu bealu\u0161ta boazodoallorivttiid bissut eal\u00e1hussan maidd\u00e1i boahttevuo\u0111as, ja doalahit daid boazoguohtunguovlluid mat d\u00e1l leat vel eal\u00e1husas. Danne mii vuosttaldat luonddubillistemiid mat g\u00e1r\u017e\u017eidit boazoguohtunguovlluid ja hehttejit johtingeainnuid. Seamm\u00e1s oaidnit mii ahte otn\u00e1 boazodoallu maidd\u00e1i billista eatnamiid, ja sihkkarastin dihtii luonddu ja boazodoalu boahtte \u00e1iggi de berre boazolohku geahpeduvvot olu guovlluin, ja maidd\u00e1i mohtorvuoj\u00e1nat ja \u00e1iddit.<\/p>\n\n\n\n<div class=\"wp-block-group alignwide is-style-green-light is-layout-constrained wp-block-group-is-layout-constrained\"><div class=\"t2-featured-content-layout alignwide alignwide wp-block-t2-featured-content-layout\">\n<div class=\"t2-featured-query-post t2-featured-content is-post-type-post category-aktuelt category-boazodoallu category-innspill category-reindrift category-vindkraft-og-kraftlinjer wp-block-t2-featured-query-post\"><a class=\"t2-post-link wp-block-t2-post-link\" href=\"https:\/\/naturvernforbundet.no\/finnmark\/rapport-om-plan-og-konsesjonsprosesser-for-vindkraft-i-finnmark\/\">\n<figure style=\"--t2-focal-point: 50% 50%;\" class=\"t2-post-featured-image has-image-ratio-4-3 wp-block-t2-post-featured-image\"><img loading=\"lazy\" decoding=\"async\" width=\"1500\" height=\"1067\" src=\"https:\/\/naturvernforbundet.no\/content\/uploads\/sites\/12\/2026\/03\/Holth_seminar_Sametinget_22_jan_2026.jpg\" class=\"attachment-post-thumbnail size-post-thumbnail wp-post-image\" alt=\"\" srcset=\"https:\/\/naturvernforbundet.no\/content\/uploads\/sites\/12\/2026\/03\/Holth_seminar_Sametinget_22_jan_2026.jpg 1500w, https:\/\/naturvernforbundet.no\/content\/uploads\/sites\/12\/2026\/03\/Holth_seminar_Sametinget_22_jan_2026-300x213.jpg 300w, https:\/\/naturvernforbundet.no\/content\/uploads\/sites\/12\/2026\/03\/Holth_seminar_Sametinget_22_jan_2026-1024x728.jpg 1024w, https:\/\/naturvernforbundet.no\/content\/uploads\/sites\/12\/2026\/03\/Holth_seminar_Sametinget_22_jan_2026-768x546.jpg 768w\" sizes=\"auto, (max-width: 1500px) 100vw, 1500px\" \/><\/figure>\n\n<div class=\"wp-block-group alignfull is-layout-flow wp-block-group-is-layout-flow\">\n\t<h2 class=\"t2-post-title wp-block-t2-post-title\">Rapport om plan- og konsesjonsprosesser for vindkraft i Finnmark<\/h2>\n\t<p class=\"wp-block-naturvern-post-excerpt\">Vi deler en  juridisk utredning om plan- og konsesjonsprosesser for vindkraft i Finnmark, med s\u00e6rlig vekt p\u00e5 ivaretakelse av samiske interesser og rettigheter etter plan- og bygningsloven og energiloven. Utredningen er utarbeidet av Holth &amp; Winge AS, i samarbeid med NRL og G\u00e1vcci AS.<\/p>\n\t\t<div class=\"wp-block-naturvern-post-meta\">\n\t\t\t\t\t<span class=\"cat\">\n\t\t\t\t\t\t\t\t\t<span><span class=\"tag-link\" data-href=\"https:\/\/naturvernforbundet.no\/finnmark\/category\/aktuelt\/\">Aktuelt<\/span><\/span>\n\t\t\t\t\t\t\t\t\t<span><span class=\"tag-link\" data-href=\"https:\/\/naturvernforbundet.no\/finnmark\/category\/boazodoallu\/\">Boazodoallu<\/span><\/span>\n\t\t\t\t\t\t\t\t\t<span><span class=\"tag-link\" data-href=\"https:\/\/naturvernforbundet.no\/finnmark\/category\/innspill\/\">Innspill<\/span><\/span>\n\t\t\t\t\t\t\t\t\t<span><span class=\"tag-link\" data-href=\"https:\/\/naturvernforbundet.no\/finnmark\/category\/reindrift\/\">Reindrift<\/span><\/span>\n\t\t\t\t\t\t\t\t\t<span><span class=\"tag-link\" data-href=\"https:\/\/naturvernforbundet.no\/finnmark\/category\/vindkraft-og-kraftlinjer\/\">Vindkraft og kraftlinjer<\/span><\/span>\n\t\t\t\t\t\t\t<\/span>\n\t\t\t\t\t\t\t<span class=\"date\">26.01.2026<\/span>\n\t\t\t<\/div>\n\t\n<\/div>\n\n<\/a>\n<\/div>\n\n<div class=\"t2-featured-query-post t2-featured-content is-post-type-post category-avjovarri category-boazodoallu category-fapmu wp-block-t2-featured-query-post\"><a class=\"t2-post-link wp-block-t2-post-link\" href=\"https:\/\/naturvernforbundet.no\/finnmark\/bieggafapmu-vai-boazodoallu\/\">\n<figure style=\"--t2-focal-point: 50% 50%;\" class=\"t2-post-featured-image has-image-ratio-4-3 wp-block-t2-post-featured-image\"><img loading=\"lazy\" decoding=\"async\" width=\"653\" height=\"820\" src=\"https:\/\/naturvernforbundet.no\/content\/uploads\/sites\/12\/2020\/07\/ovdasiidu.jpg2028articledisplay29.png\" class=\"attachment-post-thumbnail size-post-thumbnail wp-post-image\" alt=\"\" srcset=\"https:\/\/naturvernforbundet.no\/content\/uploads\/sites\/12\/2020\/07\/ovdasiidu.jpg2028articledisplay29.png 653w, https:\/\/naturvernforbundet.no\/content\/uploads\/sites\/12\/2020\/07\/ovdasiidu.jpg2028articledisplay29-239x300.png 239w\" sizes=\"auto, (max-width: 653px) 100vw, 653px\" \/><\/figure>\n\n<div class=\"wp-block-group alignfull is-layout-flow wp-block-group-is-layout-flow\">\n\t<h2 class=\"t2-post-title wp-block-t2-post-title\">Bieggaf\u00e1pmu vai boazodoallu?<\/h2>\n\t<p class=\"wp-block-naturvern-post-excerpt\">S\u00e1htt\u00e1 go boazodoallu ja bieggaf\u00e1pmu doaibmat ovdda guovllus? Loga o\u0111\u0111a raportta!<\/p>\n\t\t<div class=\"wp-block-naturvern-post-meta\">\n\t\t\t\t\t<span class=\"cat\">\n\t\t\t\t\t\t\t\t\t<span><span class=\"tag-link\" data-href=\"https:\/\/naturvernforbundet.no\/finnmark\/category\/avjovarri\/\">\u00c1vjov\u00e1rri<\/span><\/span>\n\t\t\t\t\t\t\t\t\t<span><span class=\"tag-link\" data-href=\"https:\/\/naturvernforbundet.no\/finnmark\/category\/boazodoallu\/\">Boazodoallu<\/span><\/span>\n\t\t\t\t\t\t\t\t\t<span><span class=\"tag-link\" data-href=\"https:\/\/naturvernforbundet.no\/finnmark\/category\/fapmu\/\">F\u00e1pmu<\/span><\/span>\n\t\t\t\t\t\t\t<\/span>\n\t\t\t\t\t\t\t<span class=\"date\">17.07.2020<\/span>\n\t\t\t<\/div>\n\t\n<\/div>\n\n<\/a>\n<\/div>\n\n<div class=\"t2-featured-query-post t2-featured-content is-post-type-post category-avjovarri category-boazodoallu category-fapmu wp-block-t2-featured-query-post\"><a class=\"t2-post-link wp-block-t2-post-link\" href=\"https:\/\/naturvernforbundet.no\/finnmark\/bieggafapmu-roassun-boazodollui-ja-luondduhalddaseapmai\/\">\n<figure style=\"--t2-focal-point: 50% 50%;\" class=\"t2-post-featured-image has-image-ratio-4-3 wp-block-t2-post-featured-image\"><img loading=\"lazy\" decoding=\"async\" width=\"177\" height=\"250\" src=\"https:\/\/naturvernforbundet.no\/content\/uploads\/sites\/12\/2020\/05\/plakatrp.jpg2028articlelist29.jpg\" class=\"attachment-post-thumbnail size-post-thumbnail wp-post-image\" alt=\"\" \/><\/figure>\n\n<div class=\"wp-block-group alignfull is-layout-flow wp-block-group-is-layout-flow\">\n\t<h2 class=\"t2-post-title wp-block-t2-post-title\">Bieggaf\u00e1pmu \u2013 roassun boazodollui ja luonddu-h\u00e1ldda\u0161eapm\u00e1i<\/h2>\n\t<p class=\"wp-block-naturvern-post-excerpt\">Bieggaf\u00e1mu m\u00e1id d\u00e1l leat huksemin Norggas, lea roassun lundui, luondduvalljivuhtii ja meahc\u00e1steapm\u00e1i.<\/p>\n\t\t<div class=\"wp-block-naturvern-post-meta\">\n\t\t\t\t\t<span class=\"cat\">\n\t\t\t\t\t\t\t\t\t<span><span class=\"tag-link\" data-href=\"https:\/\/naturvernforbundet.no\/finnmark\/category\/avjovarri\/\">\u00c1vjov\u00e1rri<\/span><\/span>\n\t\t\t\t\t\t\t\t\t<span><span class=\"tag-link\" data-href=\"https:\/\/naturvernforbundet.no\/finnmark\/category\/boazodoallu\/\">Boazodoallu<\/span><\/span>\n\t\t\t\t\t\t\t\t\t<span><span class=\"tag-link\" data-href=\"https:\/\/naturvernforbundet.no\/finnmark\/category\/fapmu\/\">F\u00e1pmu<\/span><\/span>\n\t\t\t\t\t\t\t<\/span>\n\t\t\t\t\t\t\t<span class=\"date\">25.05.2020<\/span>\n\t\t\t<\/div>\n\t\n<\/div>\n\n<\/a>\n<\/div>\n<\/div><\/div>\n\n\n\n<div class=\"wp-block-buttons is-layout-flex wp-block-buttons-is-layout-flex\">\n<div class=\"wp-block-button\"><a class=\"wp-block-button__link wp-element-button\" href=\"https:\/\/naturvernforbundet.no\/finnmark\/reindrift-i-finnmark\/\">Norsk<\/a><\/div>\n<\/div>\n\n\n\n<p><\/p>\n","protected":false},"excerpt":{"rendered":"","protected":false},"author":222,"featured_media":0,"parent":0,"menu_order":0,"comment_status":"closed","ping_status":"closed","template":"","meta":{"_relevanssi_hide_post":"","_relevanssi_hide_content":"","_relevanssi_pin_for_all":"","_relevanssi_pin_keywords":"","_relevanssi_unpin_keywords":"","_relevanssi_related_keywords":"","_relevanssi_related_include_ids":"","_relevanssi_related_exclude_ids":"","_relevanssi_related_no_append":"","_relevanssi_related_not_related":"","_relevanssi_related_posts":"","_relevanssi_noindex_reason":"","hide_logo":false,"footnotes":""},"categories":[],"class_list":["post-3120","page","type-page","status-publish","hentry"],"acf":[],"yoast_head":"<!-- This site is optimized with the Yoast SEO plugin v24.9 - https:\/\/yoast.com\/wordpress\/plugins\/seo\/ -->\n<title>Boazodoallu Finnm\u00e1rkkus - Finnmark<\/title>\n<meta name=\"robots\" content=\"index, follow, max-snippet:-1, max-image-preview:large, max-video-preview:-1\" \/>\n<link rel=\"canonical\" href=\"https:\/\/naturvernforbundet.no\/finnmark\/boazodoallu-finnmarkkus\/\" \/>\n<meta property=\"og:locale\" content=\"nb_NO\" \/>\n<meta property=\"og:type\" content=\"article\" \/>\n<meta property=\"og:title\" content=\"Boazodoallu Finnm\u00e1rkkus - Finnmark\" \/>\n<meta property=\"og:url\" content=\"https:\/\/naturvernforbundet.no\/finnmark\/boazodoallu-finnmarkkus\/\" \/>\n<meta property=\"og:site_name\" content=\"Finnmark\" \/>\n<meta property=\"article:modified_time\" content=\"2023-02-24T10:57:56+00:00\" \/>\n<meta name=\"twitter:card\" content=\"summary_large_image\" \/>\n<meta name=\"twitter:label1\" content=\"Ansl. lesetid\" \/>\n\t<meta name=\"twitter:data1\" content=\"1 minutt\" \/>\n<script type=\"application\/ld+json\" class=\"yoast-schema-graph\">{\"@context\":\"https:\/\/schema.org\",\"@graph\":[{\"@type\":\"WebPage\",\"@id\":\"https:\/\/naturvernforbundet.no\/finnmark\/boazodoallu-finnmarkkus\/\",\"url\":\"https:\/\/naturvernforbundet.no\/finnmark\/boazodoallu-finnmarkkus\/\",\"name\":\"Boazodoallu Finnm\u00e1rkkus - Finnmark\",\"isPartOf\":{\"@id\":\"https:\/\/naturvernforbundet.no\/finnmark\/#website\"},\"datePublished\":\"2023-01-04T22:08:19+00:00\",\"dateModified\":\"2023-02-24T10:57:56+00:00\",\"breadcrumb\":{\"@id\":\"https:\/\/naturvernforbundet.no\/finnmark\/boazodoallu-finnmarkkus\/#breadcrumb\"},\"inLanguage\":\"nb-NO\",\"potentialAction\":[{\"@type\":\"ReadAction\",\"target\":[\"https:\/\/naturvernforbundet.no\/finnmark\/boazodoallu-finnmarkkus\/\"]}]},{\"@type\":\"BreadcrumbList\",\"@id\":\"https:\/\/naturvernforbundet.no\/finnmark\/boazodoallu-finnmarkkus\/#breadcrumb\",\"itemListElement\":[{\"@type\":\"ListItem\",\"position\":1,\"name\":\"Till naturvernforbundet.no\",\"item\":\"https:\/\/naturvernforbundet.no\/\"},{\"@type\":\"ListItem\",\"position\":2,\"name\":\"Finnmark\",\"item\":\"https:\/\/naturvernforbundet.no\/finnmark\/\"},{\"@type\":\"ListItem\",\"position\":3,\"name\":\"Boazodoallu Finnm\u00e1rkkus\"}]},{\"@type\":\"WebSite\",\"@id\":\"https:\/\/naturvernforbundet.no\/finnmark\/#website\",\"url\":\"https:\/\/naturvernforbundet.no\/finnmark\/\",\"name\":\"Finnmark\",\"description\":\"Bare enda et Naturvernforbundet Sites-nettsted\",\"potentialAction\":[{\"@type\":\"SearchAction\",\"target\":{\"@type\":\"EntryPoint\",\"urlTemplate\":\"https:\/\/naturvernforbundet.no\/finnmark\/?s={search_term_string}\"},\"query-input\":{\"@type\":\"PropertyValueSpecification\",\"valueRequired\":true,\"valueName\":\"search_term_string\"}}],\"inLanguage\":\"nb-NO\"}]}<\/script>\n<!-- \/ Yoast SEO plugin. -->","yoast_head_json":{"title":"Boazodoallu Finnm\u00e1rkkus - Finnmark","robots":{"index":"index","follow":"follow","max-snippet":"max-snippet:-1","max-image-preview":"max-image-preview:large","max-video-preview":"max-video-preview:-1"},"canonical":"https:\/\/naturvernforbundet.no\/finnmark\/boazodoallu-finnmarkkus\/","og_locale":"nb_NO","og_type":"article","og_title":"Boazodoallu Finnm\u00e1rkkus - Finnmark","og_url":"https:\/\/naturvernforbundet.no\/finnmark\/boazodoallu-finnmarkkus\/","og_site_name":"Finnmark","article_modified_time":"2023-02-24T10:57:56+00:00","twitter_card":"summary_large_image","twitter_misc":{"Ansl. lesetid":"1 minutt"},"schema":{"@context":"https:\/\/schema.org","@graph":[{"@type":"WebPage","@id":"https:\/\/naturvernforbundet.no\/finnmark\/boazodoallu-finnmarkkus\/","url":"https:\/\/naturvernforbundet.no\/finnmark\/boazodoallu-finnmarkkus\/","name":"Boazodoallu Finnm\u00e1rkkus - Finnmark","isPartOf":{"@id":"https:\/\/naturvernforbundet.no\/finnmark\/#website"},"datePublished":"2023-01-04T22:08:19+00:00","dateModified":"2023-02-24T10:57:56+00:00","breadcrumb":{"@id":"https:\/\/naturvernforbundet.no\/finnmark\/boazodoallu-finnmarkkus\/#breadcrumb"},"inLanguage":"nb-NO","potentialAction":[{"@type":"ReadAction","target":["https:\/\/naturvernforbundet.no\/finnmark\/boazodoallu-finnmarkkus\/"]}]},{"@type":"BreadcrumbList","@id":"https:\/\/naturvernforbundet.no\/finnmark\/boazodoallu-finnmarkkus\/#breadcrumb","itemListElement":[{"@type":"ListItem","position":1,"name":"Till naturvernforbundet.no","item":"https:\/\/naturvernforbundet.no\/"},{"@type":"ListItem","position":2,"name":"Finnmark","item":"https:\/\/naturvernforbundet.no\/finnmark\/"},{"@type":"ListItem","position":3,"name":"Boazodoallu Finnm\u00e1rkkus"}]},{"@type":"WebSite","@id":"https:\/\/naturvernforbundet.no\/finnmark\/#website","url":"https:\/\/naturvernforbundet.no\/finnmark\/","name":"Finnmark","description":"Bare enda et Naturvernforbundet Sites-nettsted","potentialAction":[{"@type":"SearchAction","target":{"@type":"EntryPoint","urlTemplate":"https:\/\/naturvernforbundet.no\/finnmark\/?s={search_term_string}"},"query-input":{"@type":"PropertyValueSpecification","valueRequired":true,"valueName":"search_term_string"}}],"inLanguage":"nb-NO"}]}},"_links":{"self":[{"href":"https:\/\/naturvernforbundet.no\/finnmark\/wp-json\/wp\/v2\/pages\/3120","targetHints":{"allow":["GET"]}}],"collection":[{"href":"https:\/\/naturvernforbundet.no\/finnmark\/wp-json\/wp\/v2\/pages"}],"about":[{"href":"https:\/\/naturvernforbundet.no\/finnmark\/wp-json\/wp\/v2\/types\/page"}],"author":[{"embeddable":true,"href":"https:\/\/naturvernforbundet.no\/finnmark\/wp-json\/wp\/v2\/users\/222"}],"replies":[{"embeddable":true,"href":"https:\/\/naturvernforbundet.no\/finnmark\/wp-json\/wp\/v2\/comments?post=3120"}],"version-history":[{"count":11,"href":"https:\/\/naturvernforbundet.no\/finnmark\/wp-json\/wp\/v2\/pages\/3120\/revisions"}],"predecessor-version":[{"id":4172,"href":"https:\/\/naturvernforbundet.no\/finnmark\/wp-json\/wp\/v2\/pages\/3120\/revisions\/4172"}],"wp:attachment":[{"href":"https:\/\/naturvernforbundet.no\/finnmark\/wp-json\/wp\/v2\/media?parent=3120"}],"wp:term":[{"taxonomy":"category","embeddable":true,"href":"https:\/\/naturvernforbundet.no\/finnmark\/wp-json\/wp\/v2\/categories?post=3120"}],"curies":[{"name":"wp","href":"https:\/\/api.w.org\/{rel}","templated":true}]}}