{"id":3126,"date":"2023-01-05T12:02:30","date_gmt":"2023-01-05T11:02:30","guid":{"rendered":"https:\/\/naturvernforbundet.no\/finnmark\/?page_id=3126"},"modified":"2023-02-24T11:22:12","modified_gmt":"2023-02-24T10:22:12","slug":"ruvkedoaibma-finnmarkkus","status":"publish","type":"page","link":"https:\/\/naturvernforbundet.no\/finnmark\/ruvkedoaibma-finnmarkkus\/","title":{"rendered":"Ruvkedoaibma Finnm\u00e1rkkus"},"content":{"rendered":"\t<div class=\"template-page has-media alignfull wp-block-naturvern-hero\">\n\t\t<div class=\"hero__inner\">\n\t\t\t<div class=\"hero__inner_blocks\">\n\t\t\t\t\t\t\t\t\n<h1 class=\"wp-block-post-title\">Ruvkedoaibma Finnm\u00e1rkkus<\/h1>\n\n\n<p>Ruvkedoaibma lea add\u00e1n olu bargosajiid Finnm\u00e1rkkus, muhto lea maid billistan ja nuoskidan luonddu. Mii v\u00e1sihat d\u00e1l o\u0111\u0111a ruvkeb\u00e1ru ja m\u00e1\u014bggas h\u00e1liidit \u00e1lggahit ruvkedoaimmaid.<\/p>\n\n\n\n<div class=\"wp-block-buttons is-layout-flex wp-block-buttons-is-layout-flex\"><\/div>\n\n\t\t\t<\/div>\n\t\t\t\t\t<\/div>\n\t\t\t\t\t<div class=\"hero__image\">\n\t\t\t\t\t\t\t\t\t\t<img fetchpriority=\"high\" decoding=\"async\" width=\"1920\" height=\"1398\" src=\"https:\/\/naturvernforbundet.no\/content\/uploads\/sites\/12\/2022\/12\/2019_09_14_Gruve_Repparfjord-1920x1398.jpg\" class=\"attachment-ultra size-ultra\" alt=\"\" style=\"object-position: 50% 50%;\" loading=\"eager\" srcset=\"https:\/\/naturvernforbundet.no\/content\/uploads\/sites\/12\/2022\/12\/2019_09_14_Gruve_Repparfjord-1920x1398.jpg 1920w, https:\/\/naturvernforbundet.no\/content\/uploads\/sites\/12\/2022\/12\/2019_09_14_Gruve_Repparfjord-300x218.jpg 300w, https:\/\/naturvernforbundet.no\/content\/uploads\/sites\/12\/2022\/12\/2019_09_14_Gruve_Repparfjord-1024x745.jpg 1024w, https:\/\/naturvernforbundet.no\/content\/uploads\/sites\/12\/2022\/12\/2019_09_14_Gruve_Repparfjord-768x559.jpg 768w, https:\/\/naturvernforbundet.no\/content\/uploads\/sites\/12\/2022\/12\/2019_09_14_Gruve_Repparfjord-1536x1118.jpg 1536w, https:\/\/naturvernforbundet.no\/content\/uploads\/sites\/12\/2022\/12\/2019_09_14_Gruve_Repparfjord-2048x1491.jpg 2048w\" sizes=\"(max-width: 1920px) 100vw, 1920px\" \/>\t\t\t\t\t\t<\/div>\n\t\t\t<\/div>\n\t\n\n\n<p>Finnm\u00e1rkku fylkkas leat valjis miner\u00e1lat ja \u00e1iggiid \u010da\u0111a lea d\u00e1ppe roggojuvvon omd. ruovdi, veaiki, golli, nefelinsyenihtta, kv\u00e1rcihtta ja r\u00e1ktu. Ruvkedoaibma lea add\u00e1n olu bargosajiid, muhto lea maid billistan ja nuoskidan luonddu. Finnm\u00e1rkkus mii v\u00e1sihat d\u00e1l o\u0111\u0111a ruvkeb\u00e1ru ja m\u00e1\u014bggas h\u00e1liidit \u00e1lggahit ruvkedoaimmaid.<br><br>Sydvaranger gruve lea fas o\u0111\u0111asit \u00e1lggahan ruvkedoaimmaid, mii mielddisbukt\u00e1 ahte olu miner\u00e1lab\u00e1zahusat ja v\u00e1rala\u0161 kemik\u00e1lat luitojuvvojit lundui. M\u00e1tta-V\u00e1rjjat Luonddug\u00e1httenlihttu lea garrasit vuost\u00e1last\u00e1n dan.<br><br>F\u00e1lesnuoris leat pl\u00e1nat o\u0111\u0111asit \u00e1lggahit ja stuorr\u00e1t viiddidit veaikeruvkedoaimma Riehppovuotna-guovllus. D\u00e1t mielddisbukt\u00e1 stuorra luonddubillistemiid, juogo Riehppovutnii luoitit stuorra miner\u00e1lab\u00e1zahusaid dahje hukset mearehis stuorra g\u00e1ddedeponiija. Luonddug\u00e1httenlihttu lea add\u00e1n gulaskuddancealk\u00e1mu\u0161a \u00e1\u0161\u0161is.<br><br>Finnm\u00e1rku-duoddaris \u010da\u0111ahuvvojit viiddis golle- ja ear\u00e1 \u00e1rvosa\u0161 miner\u00e1laroggamat. Guoskeva\u0161 \u00e1vdnasat maid eatnamiin ja b\u00e1vttiin rogget leat mikroskohpala\u010d\u010dat sm\u00e1vva oas\u00e1\u017eat, ja ruvkedoaibma danne mielddisbukt\u00e1 stuora luonddubillistemiid hehttehussan sihke boazodollui ja ear\u00e1 luonddu geavaheddjiide, olggustallamii, ja elliid- ja \u0161addoeallimii.<\/p>\n\n\n\n<div class=\"wp-block-group is-layout-constrained wp-block-group-is-layout-constrained\">\n<div class=\"wp-block-columns is-layout-flex wp-container-core-columns-is-layout-1 wp-block-columns-is-layout-flex\">\n<div class=\"wp-block-column is-layout-flow wp-block-column-is-layout-flow\" style=\"flex-basis:100%\">\n<div class=\"wp-block-media-text alignwide is-stacked-on-mobile is-style-default\"><figure class=\"wp-block-media-text__media\"><img loading=\"lazy\" decoding=\"async\" width=\"250\" height=\"188\" src=\"https:\/\/naturvernforbundet.no\/content\/uploads\/sites\/12\/2010\/11\/BIDJOVAGGI11.JPG2028articlelist29.jpg\" alt=\"\" class=\"wp-image-848 size-full\" \/><\/figure><div class=\"wp-block-media-text__content\">\n<p>Ruvkedoaibma lea add\u00e1n olu bargosajiid, muhto lea maid billistan ja nuoskidan luonddu.<\/p>\n<\/div><\/div>\n<\/div>\n<\/div>\n<\/div>\n\n\n\n<div class=\"wp-block-group alignwide is-style-green-light is-layout-constrained wp-block-group-is-layout-constrained\">\n<div class=\"wp-block-group is-layout-constrained wp-block-group-is-layout-constrained\">\n<div class=\"wp-block-group alignwide is-layout-constrained wp-block-group-is-layout-constrained\">\n<div class=\"wp-block-columns is-layout-flex wp-container-core-columns-is-layout-2 wp-block-columns-is-layout-flex\">\n<div class=\"wp-block-column is-layout-flow wp-block-column-is-layout-flow\" style=\"flex-basis:100%\"><\/div>\n<\/div>\n<\/div>\n<\/div>\n\n\n<div class=\"t2-featured-content-layout alignwide alignwide wp-block-t2-featured-content-layout\">\n<div class=\"t2-featured-query-post t2-featured-content is-post-type-post category-aktuelt category-avjovarri category-gruvedrift category-innspill category-ruvke local-avjovarri wp-block-t2-featured-query-post\"><a class=\"t2-post-link wp-block-t2-post-link\" href=\"https:\/\/naturvernforbundet.no\/finnmark\/ny-strid-om-biedjovaggi\/\">\n<figure style=\"--t2-focal-point: 50% 50%;\" class=\"t2-post-featured-image has-image-ratio-4-3 wp-block-t2-post-featured-image\"><img loading=\"lazy\" decoding=\"async\" width=\"2560\" height=\"1707\" src=\"https:\/\/naturvernforbundet.no\/content\/uploads\/sites\/12\/2024\/01\/IMG_1725-scaled.jpg\" class=\"attachment-post-thumbnail size-post-thumbnail wp-post-image\" alt=\"\" srcset=\"https:\/\/naturvernforbundet.no\/content\/uploads\/sites\/12\/2024\/01\/IMG_1725-scaled.jpg 2560w, https:\/\/naturvernforbundet.no\/content\/uploads\/sites\/12\/2024\/01\/IMG_1725-300x200.jpg 300w, https:\/\/naturvernforbundet.no\/content\/uploads\/sites\/12\/2024\/01\/IMG_1725-1024x683.jpg 1024w, https:\/\/naturvernforbundet.no\/content\/uploads\/sites\/12\/2024\/01\/IMG_1725-768x512.jpg 768w, https:\/\/naturvernforbundet.no\/content\/uploads\/sites\/12\/2024\/01\/IMG_1725-1536x1024.jpg 1536w, https:\/\/naturvernforbundet.no\/content\/uploads\/sites\/12\/2024\/01\/IMG_1725-2048x1365.jpg 2048w, https:\/\/naturvernforbundet.no\/content\/uploads\/sites\/12\/2024\/01\/IMG_1725-1920x1280.jpg 1920w\" sizes=\"auto, (max-width: 2560px) 100vw, 2560px\" \/><\/figure>\n\n<div class=\"wp-block-group alignfull is-layout-flow wp-block-group-is-layout-flow\">\n\t<h2 class=\"t2-post-title wp-block-t2-post-title\">Ny strid om Biedjov\u00e1ggi<\/h2>\n\t<p class=\"wp-block-naturvern-post-excerpt\">Ikke kommunen, ikke grunneieren FeFo, ikke de som bruker dette omr\u00e5det til reindrift, jakt, fiske og friluftsliv. Tvert om, Guovdageaidnu kommune har for over ti \u00e5r siden fastsl\u00e5tt at det ikke skal v\u00e6re mer gruvedrift i dette omr\u00e5det, og seinere forsterka dette vedtaket med \u00e5 omdefinere omr\u00e5det i arealplanen fra industriomr\u00e5de til naturomr\u00e5de. De som [&hellip;]<\/p>\n\t\t<div class=\"wp-block-naturvern-post-meta\">\n\t\t\t\t\t<span class=\"cat\">\n\t\t\t\t\t\t\t\t\t<span><span class=\"tag-link\" data-href=\"https:\/\/naturvernforbundet.no\/finnmark\/category\/aktuelt\/\">Aktuelt<\/span><\/span>\n\t\t\t\t\t\t\t\t\t<span><span class=\"tag-link\" data-href=\"https:\/\/naturvernforbundet.no\/finnmark\/category\/avjovarri\/\">\u00c1vjov\u00e1rri<\/span><\/span>\n\t\t\t\t\t\t\t\t\t<span><span class=\"tag-link\" data-href=\"https:\/\/naturvernforbundet.no\/finnmark\/category\/gruvedrift\/\">Gruvedrift<\/span><\/span>\n\t\t\t\t\t\t\t\t\t<span><span class=\"tag-link\" data-href=\"https:\/\/naturvernforbundet.no\/finnmark\/category\/innspill\/\">Innspill<\/span><\/span>\n\t\t\t\t\t\t\t\t\t<span><span class=\"tag-link\" data-href=\"https:\/\/naturvernforbundet.no\/finnmark\/category\/ruvke\/\">Ruvke<\/span><\/span>\n\t\t\t\t\t\t\t<\/span>\n\t\t\t\t\t\t\t<span class=\"date\">17.01.2024<\/span>\n\t\t\t<\/div>\n\t\n<\/div>\n\n<\/a>\n<\/div>\n\n<div class=\"t2-featured-query-post t2-featured-content is-post-type-post category-ruvke wp-block-t2-featured-query-post\"><a class=\"t2-post-link wp-block-t2-post-link\" href=\"https:\/\/naturvernforbundet.no\/finnmark\/biedjovaggi-fas-meahccin\/\">\n<figure style=\"--t2-focal-point: 50% 50%;\" class=\"t2-post-featured-image has-image-ratio-4-3 wp-block-t2-post-featured-image\"><img loading=\"lazy\" decoding=\"async\" width=\"653\" height=\"490\" src=\"https:\/\/naturvernforbundet.no\/content\/uploads\/sites\/12\/2017\/04\/BIDJOVAGGI2.JPG2028articledisplay29.jpg\" class=\"attachment-post-thumbnail size-post-thumbnail wp-post-image\" alt=\"\" srcset=\"https:\/\/naturvernforbundet.no\/content\/uploads\/sites\/12\/2017\/04\/BIDJOVAGGI2.JPG2028articledisplay29.jpg 653w, https:\/\/naturvernforbundet.no\/content\/uploads\/sites\/12\/2017\/04\/BIDJOVAGGI2.JPG2028articledisplay29-300x225.jpg 300w\" sizes=\"auto, (max-width: 653px) 100vw, 653px\" \/><\/figure>\n\n<div class=\"wp-block-group alignfull is-layout-flow wp-block-group-is-layout-flow\">\n\t<h2 class=\"t2-post-title wp-block-t2-post-title\">Biedjov\u00e1ggi fas meahccin!<\/h2>\n\t<p class=\"wp-block-naturvern-post-excerpt\">Cealk\u00e1mu\u0161 \u00c1vjov\u00e1ri luonddug\u00e1httelihtus 11.04.2017<\/p>\n\t\t<div class=\"wp-block-naturvern-post-meta\">\n\t\t\t\t\t<span class=\"cat\">\n\t\t\t\t\t\t\t\t\t<span><span class=\"tag-link\" data-href=\"https:\/\/naturvernforbundet.no\/finnmark\/category\/ruvke\/\">Ruvke<\/span><\/span>\n\t\t\t\t\t\t\t<\/span>\n\t\t\t\t\t\t\t<span class=\"date\">11.04.2017<\/span>\n\t\t\t<\/div>\n\t\n<\/div>\n\n<\/a>\n<\/div>\n\n<div class=\"t2-featured-query-post t2-featured-content is-post-type-post category-ruvke wp-block-t2-featured-query-post\"><a class=\"t2-post-link wp-block-t2-post-link\" href=\"https:\/\/naturvernforbundet.no\/finnmark\/ruona-molsun-eanet-ruvkkiiguin\/\">\n<figure style=\"--t2-focal-point: 50% 50%;\" class=\"t2-post-featured-image has-image-ratio-4-3 wp-block-t2-post-featured-image\"><img loading=\"lazy\" decoding=\"async\" width=\"653\" height=\"437\" src=\"https:\/\/naturvernforbundet.no\/content\/uploads\/sites\/12\/2015\/02\/sydvartipp-gr.jpg2028articledisplay29.jpg\" class=\"attachment-post-thumbnail size-post-thumbnail wp-post-image\" alt=\"\" srcset=\"https:\/\/naturvernforbundet.no\/content\/uploads\/sites\/12\/2015\/02\/sydvartipp-gr.jpg2028articledisplay29.jpg 653w, https:\/\/naturvernforbundet.no\/content\/uploads\/sites\/12\/2015\/02\/sydvartipp-gr.jpg2028articledisplay29-300x201.jpg 300w\" sizes=\"auto, (max-width: 653px) 100vw, 653px\" \/><\/figure>\n\n<div class=\"wp-block-group alignfull is-layout-flow wp-block-group-is-layout-flow\">\n\t<h2 class=\"t2-post-title wp-block-t2-post-title\">Ruon\u00e1 molsun eanet ruvkkiiguin?<\/h2>\n\t<p class=\"wp-block-naturvern-post-excerpt\">Cealk\u00e1mu\u0161 Finnm\u00e1rkku luonddug\u00e1httenlihtus<\/p>\n\t\t<div class=\"wp-block-naturvern-post-meta\">\n\t\t\t\t\t<span class=\"cat\">\n\t\t\t\t\t\t\t\t\t<span><span class=\"tag-link\" data-href=\"https:\/\/naturvernforbundet.no\/finnmark\/category\/ruvke\/\">Ruvke<\/span><\/span>\n\t\t\t\t\t\t\t<\/span>\n\t\t\t\t\t\t\t<span class=\"date\">10.01.2017<\/span>\n\t\t\t<\/div>\n\t\n<\/div>\n\n<\/a>\n<\/div>\n\n<div class=\"t2-featured-query-post t2-featured-content is-post-type-post category-ruvke wp-block-t2-featured-query-post\"><a class=\"t2-post-link wp-block-t2-post-link\" href=\"https:\/\/naturvernforbundet.no\/finnmark\/buorre-bargu-samediggi\/\">\n<figure style=\"--t2-focal-point: 50% 50%;\" class=\"t2-post-featured-image has-image-ratio-4-3 wp-block-t2-post-featured-image\"><img loading=\"lazy\" decoding=\"async\" width=\"653\" height=\"436\" src=\"https:\/\/naturvernforbundet.no\/content\/uploads\/sites\/12\/2015\/01\/repparelv.jpg2028articledisplay29.jpg\" class=\"attachment-post-thumbnail size-post-thumbnail wp-post-image\" alt=\"\" srcset=\"https:\/\/naturvernforbundet.no\/content\/uploads\/sites\/12\/2015\/01\/repparelv.jpg2028articledisplay29.jpg 653w, https:\/\/naturvernforbundet.no\/content\/uploads\/sites\/12\/2015\/01\/repparelv.jpg2028articledisplay29-300x200.jpg 300w\" sizes=\"auto, (max-width: 653px) 100vw, 653px\" \/><\/figure>\n\n<div class=\"wp-block-group alignfull is-layout-flow wp-block-group-is-layout-flow\">\n\t<h2 class=\"t2-post-title wp-block-t2-post-title\">Buorre bargu, S\u00e1mediggi<\/h2>\n\t<p class=\"wp-block-naturvern-post-excerpt\">Cealk\u00e1mus \u00c1vjov\u00e1ri luonddug\u00e1httenlihtu jahke\u010doahkkimis 05.03.2016<\/p>\n\t\t<div class=\"wp-block-naturvern-post-meta\">\n\t\t\t\t\t<span class=\"cat\">\n\t\t\t\t\t\t\t\t\t<span><span class=\"tag-link\" data-href=\"https:\/\/naturvernforbundet.no\/finnmark\/category\/ruvke\/\">Ruvke<\/span><\/span>\n\t\t\t\t\t\t\t<\/span>\n\t\t\t\t\t\t\t<span class=\"date\">07.03.2016<\/span>\n\t\t\t<\/div>\n\t\n<\/div>\n\n<\/a>\n<\/div>\n\n<div class=\"t2-featured-query-post t2-featured-content is-post-type-post category-ruvke wp-block-t2-featured-query-post\"><a class=\"t2-post-link wp-block-t2-post-link\" href=\"https:\/\/naturvernforbundet.no\/finnmark\/stahta-doarju-luonddukriminalitehta-riehpovuonas\/\">\n<figure style=\"--t2-focal-point: 50% 50%;\" class=\"t2-post-featured-image has-image-ratio-4-3 wp-block-t2-post-featured-image\"><img loading=\"lazy\" decoding=\"async\" width=\"653\" height=\"351\" src=\"https:\/\/naturvernforbundet.no\/content\/uploads\/sites\/12\/2015\/12\/demo28a.jpg2028articledisplay29.jpg\" class=\"attachment-post-thumbnail size-post-thumbnail wp-post-image\" alt=\"\" srcset=\"https:\/\/naturvernforbundet.no\/content\/uploads\/sites\/12\/2015\/12\/demo28a.jpg2028articledisplay29.jpg 653w, https:\/\/naturvernforbundet.no\/content\/uploads\/sites\/12\/2015\/12\/demo28a.jpg2028articledisplay29-300x161.jpg 300w\" sizes=\"auto, (max-width: 653px) 100vw, 653px\" \/><\/figure>\n\n<div class=\"wp-block-group alignfull is-layout-flow wp-block-group-is-layout-flow\">\n\t<h2 class=\"t2-post-title wp-block-t2-post-title\">&#8211; St\u00e1hta doarju luonddu-kriminalitehta Riehpovuonas<\/h2>\n\t<p class=\"wp-block-naturvern-post-excerpt\">Preassadie\u0111\u00e1hus Luonddug\u00e1httenlihtus 08.12.2015<\/p>\n\t\t<div class=\"wp-block-naturvern-post-meta\">\n\t\t\t\t\t<span class=\"cat\">\n\t\t\t\t\t\t\t\t\t<span><span class=\"tag-link\" data-href=\"https:\/\/naturvernforbundet.no\/finnmark\/category\/ruvke\/\">Ruvke<\/span><\/span>\n\t\t\t\t\t\t\t<\/span>\n\t\t\t\t\t\t\t<span class=\"date\">08.12.2015<\/span>\n\t\t\t<\/div>\n\t\n<\/div>\n\n<\/a>\n<\/div>\n\n<div class=\"t2-featured-query-post t2-featured-content is-post-type-post category-ruvke wp-block-t2-featured-query-post\"><a class=\"t2-post-link wp-block-t2-post-link\" href=\"https:\/\/naturvernforbundet.no\/finnmark\/nussir-samediggi-ja-demokratiija\/\">\n<figure style=\"--t2-focal-point: 50% 50%;\" class=\"t2-post-featured-image has-image-ratio-4-3 wp-block-t2-post-featured-image\"><img loading=\"lazy\" decoding=\"async\" width=\"653\" height=\"490\" src=\"https:\/\/naturvernforbundet.no\/content\/uploads\/sites\/12\/2016\/12\/reinskilt.jpg2028articledisplay29.jpg\" class=\"attachment-post-thumbnail size-post-thumbnail wp-post-image\" alt=\"\" srcset=\"https:\/\/naturvernforbundet.no\/content\/uploads\/sites\/12\/2016\/12\/reinskilt.jpg2028articledisplay29.jpg 653w, https:\/\/naturvernforbundet.no\/content\/uploads\/sites\/12\/2016\/12\/reinskilt.jpg2028articledisplay29-300x225.jpg 300w\" sizes=\"auto, (max-width: 653px) 100vw, 653px\" \/><\/figure>\n\n<div class=\"wp-block-group alignfull is-layout-flow wp-block-group-is-layout-flow\">\n\t<h2 class=\"t2-post-title wp-block-t2-post-title\">Nussir, S\u00e1mediggi ja demokratiija<\/h2>\n\t<p class=\"wp-block-naturvern-post-excerpt\">S\u00e1medikkepresideanta lea \u00e1it\u00e1n geassit \u00e1\u0161\u0161i digg\u00e1i jus Nussir oa\u017e\u017eu doaibmalobi \u00e1lggahit ruvkki Riehpovutnii. D\u00e1t buvttihii, nu go leimmet vuord\u00e1n, garra v\u00e1st\u00e1dusa beakk\u00e1n ustitguokt\u00e1s F\u00e1lesnuori s\u00e1tnejo\u0111iheaddjis Ragnar Olsenis ja Nussir hoavddas \u00d8ystein Rushfeldtas.<\/p>\n\t\t<div class=\"wp-block-naturvern-post-meta\">\n\t\t\t\t\t<span class=\"cat\">\n\t\t\t\t\t\t\t\t\t<span><span class=\"tag-link\" data-href=\"https:\/\/naturvernforbundet.no\/finnmark\/category\/ruvke\/\">Ruvke<\/span><\/span>\n\t\t\t\t\t\t\t<\/span>\n\t\t\t\t\t\t\t<span class=\"date\">26.01.2015<\/span>\n\t\t\t<\/div>\n\t\n<\/div>\n\n<\/a>\n<\/div>\n<\/div>\n\n\n<p><a href=\"https:\/\/naturvernforbundet.no\/finnmark\/category\/ruvke\/\"><strong>Visot ruvkke birra<\/strong> <\/a>(samegillii)<br><\/p>\n\n\n\n<div class=\"wp-block-buttons is-layout-flex wp-block-buttons-is-layout-flex\"><\/div>\n<\/div>\n\n\n\n<div class=\"wp-block-buttons is-layout-flex wp-block-buttons-is-layout-flex\">\n<div class=\"wp-block-button\"><a class=\"wp-block-button__link wp-element-button\" href=\"https:\/\/naturvernforbundet.no\/finnmark\/gruvedrift-i-finnmark\/\">Norsk<\/a><\/div>\n<\/div>\n","protected":false},"excerpt":{"rendered":"","protected":false},"author":222,"featured_media":0,"parent":0,"menu_order":0,"comment_status":"closed","ping_status":"closed","template":"","meta":{"_relevanssi_hide_post":"","_relevanssi_hide_content":"","_relevanssi_pin_for_all":"","_relevanssi_pin_keywords":"","_relevanssi_unpin_keywords":"","_relevanssi_related_keywords":"","_relevanssi_related_include_ids":"","_relevanssi_related_exclude_ids":"","_relevanssi_related_no_append":"","_relevanssi_related_not_related":"","_relevanssi_related_posts":"","_relevanssi_noindex_reason":"","hide_logo":false,"footnotes":""},"categories":[49],"class_list":["post-3126","page","type-page","status-publish","hentry","category-ruvke"],"acf":[],"yoast_head":"<!-- This site is optimized with the Yoast SEO plugin v24.9 - https:\/\/yoast.com\/wordpress\/plugins\/seo\/ -->\n<title>Ruvkedoaibma Finnm\u00e1rkkus - Finnmark<\/title>\n<meta name=\"robots\" content=\"index, follow, max-snippet:-1, max-image-preview:large, max-video-preview:-1\" \/>\n<link rel=\"canonical\" href=\"https:\/\/naturvernforbundet.no\/finnmark\/ruvkedoaibma-finnmarkkus\/\" \/>\n<meta property=\"og:locale\" content=\"nb_NO\" \/>\n<meta property=\"og:type\" content=\"article\" \/>\n<meta property=\"og:title\" content=\"Ruvkedoaibma Finnm\u00e1rkkus - Finnmark\" \/>\n<meta property=\"og:url\" content=\"https:\/\/naturvernforbundet.no\/finnmark\/ruvkedoaibma-finnmarkkus\/\" \/>\n<meta property=\"og:site_name\" content=\"Finnmark\" \/>\n<meta property=\"article:modified_time\" content=\"2023-02-24T10:22:12+00:00\" \/>\n<meta property=\"og:image\" content=\"https:\/\/naturvernforbundet.no\/content\/uploads\/sites\/12\/2010\/11\/BIDJOVAGGI11.JPG2028articlelist29.jpg\" \/>\n<meta name=\"twitter:card\" content=\"summary_large_image\" \/>\n<meta name=\"twitter:label1\" content=\"Ansl. lesetid\" \/>\n\t<meta name=\"twitter:data1\" content=\"2 minutter\" \/>\n<script type=\"application\/ld+json\" class=\"yoast-schema-graph\">{\"@context\":\"https:\/\/schema.org\",\"@graph\":[{\"@type\":\"WebPage\",\"@id\":\"https:\/\/naturvernforbundet.no\/finnmark\/ruvkedoaibma-finnmarkkus\/\",\"url\":\"https:\/\/naturvernforbundet.no\/finnmark\/ruvkedoaibma-finnmarkkus\/\",\"name\":\"Ruvkedoaibma Finnm\u00e1rkkus - Finnmark\",\"isPartOf\":{\"@id\":\"https:\/\/naturvernforbundet.no\/finnmark\/#website\"},\"primaryImageOfPage\":{\"@id\":\"https:\/\/naturvernforbundet.no\/finnmark\/ruvkedoaibma-finnmarkkus\/#primaryimage\"},\"image\":{\"@id\":\"https:\/\/naturvernforbundet.no\/finnmark\/ruvkedoaibma-finnmarkkus\/#primaryimage\"},\"thumbnailUrl\":\"https:\/\/naturvernforbundet.no\/content\/uploads\/sites\/12\/2010\/11\/BIDJOVAGGI11.JPG2028articlelist29.jpg\",\"datePublished\":\"2023-01-05T11:02:30+00:00\",\"dateModified\":\"2023-02-24T10:22:12+00:00\",\"breadcrumb\":{\"@id\":\"https:\/\/naturvernforbundet.no\/finnmark\/ruvkedoaibma-finnmarkkus\/#breadcrumb\"},\"inLanguage\":\"nb-NO\",\"potentialAction\":[{\"@type\":\"ReadAction\",\"target\":[\"https:\/\/naturvernforbundet.no\/finnmark\/ruvkedoaibma-finnmarkkus\/\"]}]},{\"@type\":\"ImageObject\",\"inLanguage\":\"nb-NO\",\"@id\":\"https:\/\/naturvernforbundet.no\/finnmark\/ruvkedoaibma-finnmarkkus\/#primaryimage\",\"url\":\"https:\/\/naturvernforbundet.no\/content\/uploads\/sites\/12\/2010\/11\/BIDJOVAGGI11.JPG2028articlelist29.jpg\",\"contentUrl\":\"https:\/\/naturvernforbundet.no\/content\/uploads\/sites\/12\/2010\/11\/BIDJOVAGGI11.JPG2028articlelist29.jpg\"},{\"@type\":\"BreadcrumbList\",\"@id\":\"https:\/\/naturvernforbundet.no\/finnmark\/ruvkedoaibma-finnmarkkus\/#breadcrumb\",\"itemListElement\":[{\"@type\":\"ListItem\",\"position\":1,\"name\":\"Till naturvernforbundet.no\",\"item\":\"https:\/\/naturvernforbundet.no\/\"},{\"@type\":\"ListItem\",\"position\":2,\"name\":\"Finnmark\",\"item\":\"https:\/\/naturvernforbundet.no\/finnmark\/\"},{\"@type\":\"ListItem\",\"position\":3,\"name\":\"Ruvkedoaibma Finnm\u00e1rkkus\"}]},{\"@type\":\"WebSite\",\"@id\":\"https:\/\/naturvernforbundet.no\/finnmark\/#website\",\"url\":\"https:\/\/naturvernforbundet.no\/finnmark\/\",\"name\":\"Finnmark\",\"description\":\"Bare enda et Naturvernforbundet Sites-nettsted\",\"potentialAction\":[{\"@type\":\"SearchAction\",\"target\":{\"@type\":\"EntryPoint\",\"urlTemplate\":\"https:\/\/naturvernforbundet.no\/finnmark\/?s={search_term_string}\"},\"query-input\":{\"@type\":\"PropertyValueSpecification\",\"valueRequired\":true,\"valueName\":\"search_term_string\"}}],\"inLanguage\":\"nb-NO\"}]}<\/script>\n<!-- \/ Yoast SEO plugin. -->","yoast_head_json":{"title":"Ruvkedoaibma Finnm\u00e1rkkus - Finnmark","robots":{"index":"index","follow":"follow","max-snippet":"max-snippet:-1","max-image-preview":"max-image-preview:large","max-video-preview":"max-video-preview:-1"},"canonical":"https:\/\/naturvernforbundet.no\/finnmark\/ruvkedoaibma-finnmarkkus\/","og_locale":"nb_NO","og_type":"article","og_title":"Ruvkedoaibma Finnm\u00e1rkkus - Finnmark","og_url":"https:\/\/naturvernforbundet.no\/finnmark\/ruvkedoaibma-finnmarkkus\/","og_site_name":"Finnmark","article_modified_time":"2023-02-24T10:22:12+00:00","og_image":[{"url":"https:\/\/naturvernforbundet.no\/content\/uploads\/sites\/12\/2010\/11\/BIDJOVAGGI11.JPG2028articlelist29.jpg","type":"","width":"","height":""}],"twitter_card":"summary_large_image","twitter_misc":{"Ansl. lesetid":"2 minutter"},"schema":{"@context":"https:\/\/schema.org","@graph":[{"@type":"WebPage","@id":"https:\/\/naturvernforbundet.no\/finnmark\/ruvkedoaibma-finnmarkkus\/","url":"https:\/\/naturvernforbundet.no\/finnmark\/ruvkedoaibma-finnmarkkus\/","name":"Ruvkedoaibma Finnm\u00e1rkkus - Finnmark","isPartOf":{"@id":"https:\/\/naturvernforbundet.no\/finnmark\/#website"},"primaryImageOfPage":{"@id":"https:\/\/naturvernforbundet.no\/finnmark\/ruvkedoaibma-finnmarkkus\/#primaryimage"},"image":{"@id":"https:\/\/naturvernforbundet.no\/finnmark\/ruvkedoaibma-finnmarkkus\/#primaryimage"},"thumbnailUrl":"https:\/\/naturvernforbundet.no\/content\/uploads\/sites\/12\/2010\/11\/BIDJOVAGGI11.JPG2028articlelist29.jpg","datePublished":"2023-01-05T11:02:30+00:00","dateModified":"2023-02-24T10:22:12+00:00","breadcrumb":{"@id":"https:\/\/naturvernforbundet.no\/finnmark\/ruvkedoaibma-finnmarkkus\/#breadcrumb"},"inLanguage":"nb-NO","potentialAction":[{"@type":"ReadAction","target":["https:\/\/naturvernforbundet.no\/finnmark\/ruvkedoaibma-finnmarkkus\/"]}]},{"@type":"ImageObject","inLanguage":"nb-NO","@id":"https:\/\/naturvernforbundet.no\/finnmark\/ruvkedoaibma-finnmarkkus\/#primaryimage","url":"https:\/\/naturvernforbundet.no\/content\/uploads\/sites\/12\/2010\/11\/BIDJOVAGGI11.JPG2028articlelist29.jpg","contentUrl":"https:\/\/naturvernforbundet.no\/content\/uploads\/sites\/12\/2010\/11\/BIDJOVAGGI11.JPG2028articlelist29.jpg"},{"@type":"BreadcrumbList","@id":"https:\/\/naturvernforbundet.no\/finnmark\/ruvkedoaibma-finnmarkkus\/#breadcrumb","itemListElement":[{"@type":"ListItem","position":1,"name":"Till naturvernforbundet.no","item":"https:\/\/naturvernforbundet.no\/"},{"@type":"ListItem","position":2,"name":"Finnmark","item":"https:\/\/naturvernforbundet.no\/finnmark\/"},{"@type":"ListItem","position":3,"name":"Ruvkedoaibma Finnm\u00e1rkkus"}]},{"@type":"WebSite","@id":"https:\/\/naturvernforbundet.no\/finnmark\/#website","url":"https:\/\/naturvernforbundet.no\/finnmark\/","name":"Finnmark","description":"Bare enda et Naturvernforbundet Sites-nettsted","potentialAction":[{"@type":"SearchAction","target":{"@type":"EntryPoint","urlTemplate":"https:\/\/naturvernforbundet.no\/finnmark\/?s={search_term_string}"},"query-input":{"@type":"PropertyValueSpecification","valueRequired":true,"valueName":"search_term_string"}}],"inLanguage":"nb-NO"}]}},"_links":{"self":[{"href":"https:\/\/naturvernforbundet.no\/finnmark\/wp-json\/wp\/v2\/pages\/3126","targetHints":{"allow":["GET"]}}],"collection":[{"href":"https:\/\/naturvernforbundet.no\/finnmark\/wp-json\/wp\/v2\/pages"}],"about":[{"href":"https:\/\/naturvernforbundet.no\/finnmark\/wp-json\/wp\/v2\/types\/page"}],"author":[{"embeddable":true,"href":"https:\/\/naturvernforbundet.no\/finnmark\/wp-json\/wp\/v2\/users\/222"}],"replies":[{"embeddable":true,"href":"https:\/\/naturvernforbundet.no\/finnmark\/wp-json\/wp\/v2\/comments?post=3126"}],"version-history":[{"count":31,"href":"https:\/\/naturvernforbundet.no\/finnmark\/wp-json\/wp\/v2\/pages\/3126\/revisions"}],"predecessor-version":[{"id":4166,"href":"https:\/\/naturvernforbundet.no\/finnmark\/wp-json\/wp\/v2\/pages\/3126\/revisions\/4166"}],"wp:attachment":[{"href":"https:\/\/naturvernforbundet.no\/finnmark\/wp-json\/wp\/v2\/media?parent=3126"}],"wp:term":[{"taxonomy":"category","embeddable":true,"href":"https:\/\/naturvernforbundet.no\/finnmark\/wp-json\/wp\/v2\/categories?post=3126"}],"curies":[{"name":"wp","href":"https:\/\/api.w.org\/{rel}","templated":true}]}}