{"id":3338,"date":"2023-01-07T18:12:33","date_gmt":"2023-01-07T17:12:33","guid":{"rendered":"https:\/\/naturvernforbundet.no\/finnmark\/?page_id=3338"},"modified":"2023-02-24T12:13:03","modified_gmt":"2023-02-24T11:13:03","slug":"biologalas-mangabealatvuohta-finnmarkkus","status":"publish","type":"page","link":"https:\/\/naturvernforbundet.no\/finnmark\/biologalas-mangabealatvuohta-finnmarkkus\/","title":{"rendered":"Biologala\u0161 m\u00e1\u014bgabeal\u00e1tvuohta Finnm\u00e1rkkus"},"content":{"rendered":"\t<div class=\"template-page has-media alignfull wp-block-naturvern-hero\">\n\t\t<div class=\"hero__inner\">\n\t\t\t<div class=\"hero__inner_blocks\">\n\t\t\t\t\t\t\t\t\n<h1 class=\"wp-block-post-title\">Biologala\u0161 m\u00e1\u014bgabeal\u00e1tvuohta Finnm\u00e1rkkus<\/h1>\n\n\n<p>Mieht\u00e1 m\u00e1ilmmi nohket elliid- ja \u0161attuid\u0161l\u00e1jat, ja maidd\u00e1i Finnm\u00e1rkkus leat olu \u0161l\u00e1jat nohkagoaht\u00e1n. <\/p>\n\n\n\n<div class=\"wp-block-buttons is-layout-flex wp-block-buttons-is-layout-flex\"><\/div>\n\n\t\t\t<\/div>\n\t\t\t\t\t<\/div>\n\t\t\t\t\t<div class=\"hero__image\">\n\t\t\t\t\t\t\t\t\t\t<img fetchpriority=\"high\" decoding=\"async\" width=\"653\" height=\"435\" src=\"https:\/\/naturvernforbundet.no\/content\/uploads\/sites\/12\/2012\/09\/kvannys.jpg2028articledisplay29.jpg\" class=\"attachment-ultra size-ultra\" alt=\"\" style=\"object-position: 50% 50%;\" loading=\"eager\" srcset=\"https:\/\/naturvernforbundet.no\/content\/uploads\/sites\/12\/2012\/09\/kvannys.jpg2028articledisplay29.jpg 653w, https:\/\/naturvernforbundet.no\/content\/uploads\/sites\/12\/2012\/09\/kvannys.jpg2028articledisplay29-300x200.jpg 300w\" sizes=\"(max-width: 653px) 100vw, 653px\" \/>\t\t\t\t\t\t<\/div>\n\t\t\t<\/div>\n\t\n\n\n<p>Mieht\u00e1 m\u00e1ilmmi nohket elliid- ja \u0161attuid\u0161l\u00e1jat, ja maidd\u00e1i Finnm\u00e1rkkus leat olu \u0161l\u00e1jat nohkagoaht\u00e1n, ja di\u0111ola\u0161vuohta d\u00e1n ektui lea unn\u00e1n. <br><br>Luonddug\u00e1httenlihttu h\u00e1liida nannet dutkama ja \u010duvgejumi \u00e1itojuvvon elliid ja \u0161attuid birra, ja d\u00e1id galg\u00e1 maid vuhtiiv\u00e1ldit buot are\u00e1lapl\u00e1nabargguin ja ovdal go luonddu billisteapm\u00e1i addojuvvo lohpi.<\/p>\n\n\n<div class=\"t2-featured-content-layout alignwide alignwide wp-block-t2-featured-content-layout\">\n<div class=\"t2-featured-query-post t2-featured-content is-post-type-post category-arkiv category-avjovarri category-biologalas-manggaidvuohta wp-block-t2-featured-query-post\"><a class=\"t2-post-link wp-block-t2-post-link\" href=\"https:\/\/naturvernforbundet.no\/finnmark\/kurssas-avkalas-sattuid-birra\/\">\n<figure style=\"--t2-focal-point: 50% 50%;\" class=\"t2-post-featured-image has-image-ratio-4-3 wp-block-t2-post-featured-image\"><img loading=\"lazy\" decoding=\"async\" width=\"653\" height=\"504\" src=\"https:\/\/naturvernforbundet.no\/content\/uploads\/sites\/12\/2015\/06\/kvann2.jpg2028articledisplay29.jpg\" class=\"attachment-post-thumbnail size-post-thumbnail wp-post-image\" alt=\"\" srcset=\"https:\/\/naturvernforbundet.no\/content\/uploads\/sites\/12\/2015\/06\/kvann2.jpg2028articledisplay29.jpg 653w, https:\/\/naturvernforbundet.no\/content\/uploads\/sites\/12\/2015\/06\/kvann2.jpg2028articledisplay29-300x232.jpg 300w\" sizes=\"auto, (max-width: 653px) 100vw, 653px\" \/><\/figure>\n\n<div class=\"wp-block-group alignfull is-layout-flow wp-block-group-is-layout-flow\">\n\t<h2 class=\"t2-post-title wp-block-t2-post-title\">Kurssa\u0161 \u00e1vk\u00e1la\u0161 \u0161attuid birra<\/h2>\n\t<p class=\"wp-block-naturvern-post-excerpt\">\u00c1vjov\u00e1ri luonddug\u00e1httenlihttu l\u00e1giida l\u00e1vvordaga 20.06. kurssa borramu\u0161- ja d\u00e1lkkas\u0161attuid birra.<\/p>\n\t\t<div class=\"wp-block-naturvern-post-meta\">\n\t\t\t\t\t<span class=\"cat\">\n\t\t\t\t\t\t\t\t\t<span><span class=\"tag-link\" data-href=\"https:\/\/naturvernforbundet.no\/finnmark\/category\/arkiv\/\">Arkiv<\/span><\/span>\n\t\t\t\t\t\t\t\t\t<span><span class=\"tag-link\" data-href=\"https:\/\/naturvernforbundet.no\/finnmark\/category\/avjovarri\/\">\u00c1vjov\u00e1rri<\/span><\/span>\n\t\t\t\t\t\t\t\t\t<span><span class=\"tag-link\" data-href=\"https:\/\/naturvernforbundet.no\/finnmark\/category\/biologalas-manggaidvuohta\/\">Biologala\u0161 m\u00e1\u014bggaidvuohta<\/span><\/span>\n\t\t\t\t\t\t\t<\/span>\n\t\t\t\t\t\t\t<span class=\"date\">17.06.2015<\/span>\n\t\t\t<\/div>\n\t\n<\/div>\n\n<\/a>\n<\/div>\n<\/div>\n\n\n<div class=\"wp-block-buttons is-layout-flex wp-block-buttons-is-layout-flex\">\n<div class=\"wp-block-button\"><a class=\"wp-block-button__link wp-element-button\" href=\"https:\/\/naturvernforbundet.no\/finnmark\/biologisk-mangfold\/\">Norsk<\/a><\/div>\n<\/div>\n","protected":false},"excerpt":{"rendered":"","protected":false},"author":222,"featured_media":0,"parent":0,"menu_order":0,"comment_status":"closed","ping_status":"closed","template":"","meta":{"_relevanssi_hide_post":"","_relevanssi_hide_content":"","_relevanssi_pin_for_all":"","_relevanssi_pin_keywords":"","_relevanssi_unpin_keywords":"","_relevanssi_related_keywords":"","_relevanssi_related_include_ids":"","_relevanssi_related_exclude_ids":"","_relevanssi_related_no_append":"","_relevanssi_related_not_related":"","_relevanssi_related_posts":"","_relevanssi_noindex_reason":"","hide_logo":false,"footnotes":""},"categories":[],"class_list":["post-3338","page","type-page","status-publish","hentry"],"acf":[],"yoast_head":"<!-- This site is optimized with the Yoast SEO plugin v24.9 - https:\/\/yoast.com\/wordpress\/plugins\/seo\/ -->\n<title>Biologala\u0161 m\u00e1\u014bgabeal\u00e1tvuohta Finnm\u00e1rkkus - Finnmark<\/title>\n<meta name=\"robots\" content=\"index, follow, max-snippet:-1, max-image-preview:large, max-video-preview:-1\" \/>\n<link rel=\"canonical\" href=\"https:\/\/naturvernforbundet.no\/finnmark\/biologalas-mangabealatvuohta-finnmarkkus\/\" \/>\n<meta property=\"og:locale\" content=\"nb_NO\" \/>\n<meta property=\"og:type\" content=\"article\" \/>\n<meta property=\"og:title\" content=\"Biologala\u0161 m\u00e1\u014bgabeal\u00e1tvuohta Finnm\u00e1rkkus - Finnmark\" \/>\n<meta property=\"og:url\" content=\"https:\/\/naturvernforbundet.no\/finnmark\/biologalas-mangabealatvuohta-finnmarkkus\/\" \/>\n<meta property=\"og:site_name\" content=\"Finnmark\" \/>\n<meta property=\"article:modified_time\" content=\"2023-02-24T11:13:03+00:00\" \/>\n<meta name=\"twitter:card\" content=\"summary_large_image\" \/>\n<meta name=\"twitter:label1\" content=\"Ansl. lesetid\" \/>\n\t<meta name=\"twitter:data1\" content=\"1 minutt\" \/>\n<script type=\"application\/ld+json\" class=\"yoast-schema-graph\">{\"@context\":\"https:\/\/schema.org\",\"@graph\":[{\"@type\":\"WebPage\",\"@id\":\"https:\/\/naturvernforbundet.no\/finnmark\/biologalas-mangabealatvuohta-finnmarkkus\/\",\"url\":\"https:\/\/naturvernforbundet.no\/finnmark\/biologalas-mangabealatvuohta-finnmarkkus\/\",\"name\":\"Biologala\u0161 m\u00e1\u014bgabeal\u00e1tvuohta Finnm\u00e1rkkus - Finnmark\",\"isPartOf\":{\"@id\":\"https:\/\/naturvernforbundet.no\/finnmark\/#website\"},\"datePublished\":\"2023-01-07T17:12:33+00:00\",\"dateModified\":\"2023-02-24T11:13:03+00:00\",\"breadcrumb\":{\"@id\":\"https:\/\/naturvernforbundet.no\/finnmark\/biologalas-mangabealatvuohta-finnmarkkus\/#breadcrumb\"},\"inLanguage\":\"nb-NO\",\"potentialAction\":[{\"@type\":\"ReadAction\",\"target\":[\"https:\/\/naturvernforbundet.no\/finnmark\/biologalas-mangabealatvuohta-finnmarkkus\/\"]}]},{\"@type\":\"BreadcrumbList\",\"@id\":\"https:\/\/naturvernforbundet.no\/finnmark\/biologalas-mangabealatvuohta-finnmarkkus\/#breadcrumb\",\"itemListElement\":[{\"@type\":\"ListItem\",\"position\":1,\"name\":\"Till naturvernforbundet.no\",\"item\":\"https:\/\/naturvernforbundet.no\/\"},{\"@type\":\"ListItem\",\"position\":2,\"name\":\"Finnmark\",\"item\":\"https:\/\/naturvernforbundet.no\/finnmark\/\"},{\"@type\":\"ListItem\",\"position\":3,\"name\":\"Biologala\u0161 m\u00e1\u014bgabeal\u00e1tvuohta Finnm\u00e1rkkus\"}]},{\"@type\":\"WebSite\",\"@id\":\"https:\/\/naturvernforbundet.no\/finnmark\/#website\",\"url\":\"https:\/\/naturvernforbundet.no\/finnmark\/\",\"name\":\"Finnmark\",\"description\":\"Bare enda et Naturvernforbundet Sites-nettsted\",\"potentialAction\":[{\"@type\":\"SearchAction\",\"target\":{\"@type\":\"EntryPoint\",\"urlTemplate\":\"https:\/\/naturvernforbundet.no\/finnmark\/?s={search_term_string}\"},\"query-input\":{\"@type\":\"PropertyValueSpecification\",\"valueRequired\":true,\"valueName\":\"search_term_string\"}}],\"inLanguage\":\"nb-NO\"}]}<\/script>\n<!-- \/ Yoast SEO plugin. -->","yoast_head_json":{"title":"Biologala\u0161 m\u00e1\u014bgabeal\u00e1tvuohta Finnm\u00e1rkkus - Finnmark","robots":{"index":"index","follow":"follow","max-snippet":"max-snippet:-1","max-image-preview":"max-image-preview:large","max-video-preview":"max-video-preview:-1"},"canonical":"https:\/\/naturvernforbundet.no\/finnmark\/biologalas-mangabealatvuohta-finnmarkkus\/","og_locale":"nb_NO","og_type":"article","og_title":"Biologala\u0161 m\u00e1\u014bgabeal\u00e1tvuohta Finnm\u00e1rkkus - Finnmark","og_url":"https:\/\/naturvernforbundet.no\/finnmark\/biologalas-mangabealatvuohta-finnmarkkus\/","og_site_name":"Finnmark","article_modified_time":"2023-02-24T11:13:03+00:00","twitter_card":"summary_large_image","twitter_misc":{"Ansl. lesetid":"1 minutt"},"schema":{"@context":"https:\/\/schema.org","@graph":[{"@type":"WebPage","@id":"https:\/\/naturvernforbundet.no\/finnmark\/biologalas-mangabealatvuohta-finnmarkkus\/","url":"https:\/\/naturvernforbundet.no\/finnmark\/biologalas-mangabealatvuohta-finnmarkkus\/","name":"Biologala\u0161 m\u00e1\u014bgabeal\u00e1tvuohta Finnm\u00e1rkkus - Finnmark","isPartOf":{"@id":"https:\/\/naturvernforbundet.no\/finnmark\/#website"},"datePublished":"2023-01-07T17:12:33+00:00","dateModified":"2023-02-24T11:13:03+00:00","breadcrumb":{"@id":"https:\/\/naturvernforbundet.no\/finnmark\/biologalas-mangabealatvuohta-finnmarkkus\/#breadcrumb"},"inLanguage":"nb-NO","potentialAction":[{"@type":"ReadAction","target":["https:\/\/naturvernforbundet.no\/finnmark\/biologalas-mangabealatvuohta-finnmarkkus\/"]}]},{"@type":"BreadcrumbList","@id":"https:\/\/naturvernforbundet.no\/finnmark\/biologalas-mangabealatvuohta-finnmarkkus\/#breadcrumb","itemListElement":[{"@type":"ListItem","position":1,"name":"Till naturvernforbundet.no","item":"https:\/\/naturvernforbundet.no\/"},{"@type":"ListItem","position":2,"name":"Finnmark","item":"https:\/\/naturvernforbundet.no\/finnmark\/"},{"@type":"ListItem","position":3,"name":"Biologala\u0161 m\u00e1\u014bgabeal\u00e1tvuohta Finnm\u00e1rkkus"}]},{"@type":"WebSite","@id":"https:\/\/naturvernforbundet.no\/finnmark\/#website","url":"https:\/\/naturvernforbundet.no\/finnmark\/","name":"Finnmark","description":"Bare enda et Naturvernforbundet Sites-nettsted","potentialAction":[{"@type":"SearchAction","target":{"@type":"EntryPoint","urlTemplate":"https:\/\/naturvernforbundet.no\/finnmark\/?s={search_term_string}"},"query-input":{"@type":"PropertyValueSpecification","valueRequired":true,"valueName":"search_term_string"}}],"inLanguage":"nb-NO"}]}},"_links":{"self":[{"href":"https:\/\/naturvernforbundet.no\/finnmark\/wp-json\/wp\/v2\/pages\/3338","targetHints":{"allow":["GET"]}}],"collection":[{"href":"https:\/\/naturvernforbundet.no\/finnmark\/wp-json\/wp\/v2\/pages"}],"about":[{"href":"https:\/\/naturvernforbundet.no\/finnmark\/wp-json\/wp\/v2\/types\/page"}],"author":[{"embeddable":true,"href":"https:\/\/naturvernforbundet.no\/finnmark\/wp-json\/wp\/v2\/users\/222"}],"replies":[{"embeddable":true,"href":"https:\/\/naturvernforbundet.no\/finnmark\/wp-json\/wp\/v2\/comments?post=3338"}],"version-history":[{"count":3,"href":"https:\/\/naturvernforbundet.no\/finnmark\/wp-json\/wp\/v2\/pages\/3338\/revisions"}],"predecessor-version":[{"id":4174,"href":"https:\/\/naturvernforbundet.no\/finnmark\/wp-json\/wp\/v2\/pages\/3338\/revisions\/4174"}],"wp:attachment":[{"href":"https:\/\/naturvernforbundet.no\/finnmark\/wp-json\/wp\/v2\/media?parent=3338"}],"wp:term":[{"taxonomy":"category","embeddable":true,"href":"https:\/\/naturvernforbundet.no\/finnmark\/wp-json\/wp\/v2\/categories?post=3338"}],"curies":[{"name":"wp","href":"https:\/\/api.w.org\/{rel}","templated":true}]}}