{"id":3346,"date":"2023-01-07T18:43:37","date_gmt":"2023-01-07T17:43:37","guid":{"rendered":"https:\/\/naturvernforbundet.no\/finnmark\/?page_id=3346"},"modified":"2023-02-24T12:18:19","modified_gmt":"2023-02-24T11:18:19","slug":"boraspiret-finnmarkkus","status":"publish","type":"page","link":"https:\/\/naturvernforbundet.no\/finnmark\/boraspiret-finnmarkkus\/","title":{"rendered":"Boraspiret Finnm\u00e1rkkus"},"content":{"rendered":"\t<div class=\"template-page has-media alignfull wp-block-naturvern-hero\">\n\t\t<div class=\"hero__inner\">\n\t\t\t<div class=\"hero__inner_blocks\">\n\t\t\t\t\t\t\t\t\n<h1 class=\"wp-block-post-title\">Boraspiret Finnm\u00e1rkkus<\/h1>\n\n\n<p>Finnm\u00e1rkkus leat juo dolo\u0161 \u00e1iggis leama\u0161 olu stuorra ja sm\u00e1vva boraspiret. <\/p>\n\n\n\n<div class=\"wp-block-buttons is-layout-flex wp-block-buttons-is-layout-flex\"><\/div>\n\n\t\t\t<\/div>\n\t\t\t\t\t<\/div>\n\t\t\t\t\t<div class=\"hero__image\">\n\t\t\t\t\t\t\t\t\t\t<img fetchpriority=\"high\" decoding=\"async\" width=\"653\" height=\"437\" src=\"https:\/\/naturvernforbundet.no\/content\/uploads\/sites\/12\/2012\/09\/njalla1.jpg2028articledisplay29.jpg\" class=\"attachment-ultra size-ultra\" alt=\"\" style=\"object-position: 50% 50%;\" loading=\"eager\" srcset=\"https:\/\/naturvernforbundet.no\/content\/uploads\/sites\/12\/2012\/09\/njalla1.jpg2028articledisplay29.jpg 653w, https:\/\/naturvernforbundet.no\/content\/uploads\/sites\/12\/2012\/09\/njalla1.jpg2028articledisplay29-300x201.jpg 300w\" sizes=\"(max-width: 653px) 100vw, 653px\" \/>\t\t\t\t\t\t<\/div>\n\t\t\t<\/div>\n\t\n\n\n<p>Finnm\u00e1rkkus leat juo dolo\u0161 \u00e1iggis leama\u0161 olu stuorra ja sm\u00e1vva boraspiret. Muhto olu m\u00e1ddodagat leat measta nohkan. Luonddug\u00e1httenlihttu oaivvilda ahte fylkkas galget leat ceavzi m\u00e1ddodagat stuorimus boraspiriin; guov\u017e\u017eat, gumppet, geatkkit ja albasat. Boazodoallo- ja biebmo\u0161ibiteal\u00e1hus galget oa\u017e\u017eut ollisla\u0161 vah\u00e1tm\u00e1vssu elliid ovddas maid lea mass\u00e1n boraspiriide ja liige goluid ovddas go omd. boraspiriid gea\u017eil \u0161addet guo\u0111ohit. <br><br>Luonddug\u00e1httenlihttu lea daid ma\u014bimu\u0161 jagiid \u00e1\u014bgiru\u0161\u0161an laskadit nj\u00e1laid, erenoam\u00e1\u017eit V\u00e1rjjagis.<\/p>\n\n\n\n<div class=\"wp-block-buttons is-layout-flex wp-block-buttons-is-layout-flex\">\n<div class=\"wp-block-button\"><a class=\"wp-block-button__link wp-element-button\" href=\"https:\/\/naturvernforbundet.no\/finnmark\/rovdyr-i-finnmark\/\">Norsk<\/a><\/div>\n<\/div>\n","protected":false},"excerpt":{"rendered":"","protected":false},"author":222,"featured_media":0,"parent":0,"menu_order":0,"comment_status":"closed","ping_status":"closed","template":"","meta":{"_relevanssi_hide_post":"","_relevanssi_hide_content":"","_relevanssi_pin_for_all":"","_relevanssi_pin_keywords":"","_relevanssi_unpin_keywords":"","_relevanssi_related_keywords":"","_relevanssi_related_include_ids":"","_relevanssi_related_exclude_ids":"","_relevanssi_related_no_append":"","_relevanssi_related_not_related":"","_relevanssi_related_posts":"","_relevanssi_noindex_reason":"","hide_logo":false,"footnotes":""},"categories":[],"class_list":["post-3346","page","type-page","status-publish","hentry"],"acf":[],"yoast_head":"<!-- This site is optimized with the Yoast SEO plugin v24.9 - https:\/\/yoast.com\/wordpress\/plugins\/seo\/ -->\n<title>Boraspiret Finnm\u00e1rkkus - Finnmark<\/title>\n<meta name=\"robots\" content=\"index, follow, max-snippet:-1, max-image-preview:large, max-video-preview:-1\" \/>\n<link rel=\"canonical\" href=\"https:\/\/naturvernforbundet.no\/finnmark\/boraspiret-finnmarkkus\/\" \/>\n<meta property=\"og:locale\" content=\"nb_NO\" \/>\n<meta property=\"og:type\" content=\"article\" \/>\n<meta property=\"og:title\" content=\"Boraspiret Finnm\u00e1rkkus - Finnmark\" \/>\n<meta property=\"og:url\" content=\"https:\/\/naturvernforbundet.no\/finnmark\/boraspiret-finnmarkkus\/\" \/>\n<meta property=\"og:site_name\" content=\"Finnmark\" \/>\n<meta property=\"article:modified_time\" content=\"2023-02-24T11:18:19+00:00\" \/>\n<meta name=\"twitter:card\" content=\"summary_large_image\" \/>\n<meta name=\"twitter:label1\" content=\"Ansl. lesetid\" \/>\n\t<meta name=\"twitter:data1\" content=\"1 minutt\" \/>\n<script type=\"application\/ld+json\" class=\"yoast-schema-graph\">{\"@context\":\"https:\/\/schema.org\",\"@graph\":[{\"@type\":\"WebPage\",\"@id\":\"https:\/\/naturvernforbundet.no\/finnmark\/boraspiret-finnmarkkus\/\",\"url\":\"https:\/\/naturvernforbundet.no\/finnmark\/boraspiret-finnmarkkus\/\",\"name\":\"Boraspiret Finnm\u00e1rkkus - Finnmark\",\"isPartOf\":{\"@id\":\"https:\/\/naturvernforbundet.no\/finnmark\/#website\"},\"datePublished\":\"2023-01-07T17:43:37+00:00\",\"dateModified\":\"2023-02-24T11:18:19+00:00\",\"breadcrumb\":{\"@id\":\"https:\/\/naturvernforbundet.no\/finnmark\/boraspiret-finnmarkkus\/#breadcrumb\"},\"inLanguage\":\"nb-NO\",\"potentialAction\":[{\"@type\":\"ReadAction\",\"target\":[\"https:\/\/naturvernforbundet.no\/finnmark\/boraspiret-finnmarkkus\/\"]}]},{\"@type\":\"BreadcrumbList\",\"@id\":\"https:\/\/naturvernforbundet.no\/finnmark\/boraspiret-finnmarkkus\/#breadcrumb\",\"itemListElement\":[{\"@type\":\"ListItem\",\"position\":1,\"name\":\"Till naturvernforbundet.no\",\"item\":\"https:\/\/naturvernforbundet.no\/\"},{\"@type\":\"ListItem\",\"position\":2,\"name\":\"Finnmark\",\"item\":\"https:\/\/naturvernforbundet.no\/finnmark\/\"},{\"@type\":\"ListItem\",\"position\":3,\"name\":\"Boraspiret Finnm\u00e1rkkus\"}]},{\"@type\":\"WebSite\",\"@id\":\"https:\/\/naturvernforbundet.no\/finnmark\/#website\",\"url\":\"https:\/\/naturvernforbundet.no\/finnmark\/\",\"name\":\"Finnmark\",\"description\":\"Bare enda et Naturvernforbundet Sites-nettsted\",\"potentialAction\":[{\"@type\":\"SearchAction\",\"target\":{\"@type\":\"EntryPoint\",\"urlTemplate\":\"https:\/\/naturvernforbundet.no\/finnmark\/?s={search_term_string}\"},\"query-input\":{\"@type\":\"PropertyValueSpecification\",\"valueRequired\":true,\"valueName\":\"search_term_string\"}}],\"inLanguage\":\"nb-NO\"}]}<\/script>\n<!-- \/ Yoast SEO plugin. -->","yoast_head_json":{"title":"Boraspiret Finnm\u00e1rkkus - Finnmark","robots":{"index":"index","follow":"follow","max-snippet":"max-snippet:-1","max-image-preview":"max-image-preview:large","max-video-preview":"max-video-preview:-1"},"canonical":"https:\/\/naturvernforbundet.no\/finnmark\/boraspiret-finnmarkkus\/","og_locale":"nb_NO","og_type":"article","og_title":"Boraspiret Finnm\u00e1rkkus - Finnmark","og_url":"https:\/\/naturvernforbundet.no\/finnmark\/boraspiret-finnmarkkus\/","og_site_name":"Finnmark","article_modified_time":"2023-02-24T11:18:19+00:00","twitter_card":"summary_large_image","twitter_misc":{"Ansl. lesetid":"1 minutt"},"schema":{"@context":"https:\/\/schema.org","@graph":[{"@type":"WebPage","@id":"https:\/\/naturvernforbundet.no\/finnmark\/boraspiret-finnmarkkus\/","url":"https:\/\/naturvernforbundet.no\/finnmark\/boraspiret-finnmarkkus\/","name":"Boraspiret Finnm\u00e1rkkus - Finnmark","isPartOf":{"@id":"https:\/\/naturvernforbundet.no\/finnmark\/#website"},"datePublished":"2023-01-07T17:43:37+00:00","dateModified":"2023-02-24T11:18:19+00:00","breadcrumb":{"@id":"https:\/\/naturvernforbundet.no\/finnmark\/boraspiret-finnmarkkus\/#breadcrumb"},"inLanguage":"nb-NO","potentialAction":[{"@type":"ReadAction","target":["https:\/\/naturvernforbundet.no\/finnmark\/boraspiret-finnmarkkus\/"]}]},{"@type":"BreadcrumbList","@id":"https:\/\/naturvernforbundet.no\/finnmark\/boraspiret-finnmarkkus\/#breadcrumb","itemListElement":[{"@type":"ListItem","position":1,"name":"Till naturvernforbundet.no","item":"https:\/\/naturvernforbundet.no\/"},{"@type":"ListItem","position":2,"name":"Finnmark","item":"https:\/\/naturvernforbundet.no\/finnmark\/"},{"@type":"ListItem","position":3,"name":"Boraspiret Finnm\u00e1rkkus"}]},{"@type":"WebSite","@id":"https:\/\/naturvernforbundet.no\/finnmark\/#website","url":"https:\/\/naturvernforbundet.no\/finnmark\/","name":"Finnmark","description":"Bare enda et Naturvernforbundet Sites-nettsted","potentialAction":[{"@type":"SearchAction","target":{"@type":"EntryPoint","urlTemplate":"https:\/\/naturvernforbundet.no\/finnmark\/?s={search_term_string}"},"query-input":{"@type":"PropertyValueSpecification","valueRequired":true,"valueName":"search_term_string"}}],"inLanguage":"nb-NO"}]}},"_links":{"self":[{"href":"https:\/\/naturvernforbundet.no\/finnmark\/wp-json\/wp\/v2\/pages\/3346","targetHints":{"allow":["GET"]}}],"collection":[{"href":"https:\/\/naturvernforbundet.no\/finnmark\/wp-json\/wp\/v2\/pages"}],"about":[{"href":"https:\/\/naturvernforbundet.no\/finnmark\/wp-json\/wp\/v2\/types\/page"}],"author":[{"embeddable":true,"href":"https:\/\/naturvernforbundet.no\/finnmark\/wp-json\/wp\/v2\/users\/222"}],"replies":[{"embeddable":true,"href":"https:\/\/naturvernforbundet.no\/finnmark\/wp-json\/wp\/v2\/comments?post=3346"}],"version-history":[{"count":2,"href":"https:\/\/naturvernforbundet.no\/finnmark\/wp-json\/wp\/v2\/pages\/3346\/revisions"}],"predecessor-version":[{"id":4176,"href":"https:\/\/naturvernforbundet.no\/finnmark\/wp-json\/wp\/v2\/pages\/3346\/revisions\/4176"}],"wp:attachment":[{"href":"https:\/\/naturvernforbundet.no\/finnmark\/wp-json\/wp\/v2\/media?parent=3346"}],"wp:term":[{"taxonomy":"category","embeddable":true,"href":"https:\/\/naturvernforbundet.no\/finnmark\/wp-json\/wp\/v2\/categories?post=3346"}],"curies":[{"name":"wp","href":"https:\/\/api.w.org\/{rel}","templated":true}]}}