{"id":3371,"date":"2023-01-07T21:30:25","date_gmt":"2023-01-07T20:30:25","guid":{"rendered":"https:\/\/naturvernforbundet.no\/finnmark\/?page_id=3371"},"modified":"2023-02-24T13:50:39","modified_gmt":"2023-02-24T12:50:39","slug":"feara-mii-arkiivvas","status":"publish","type":"page","link":"https:\/\/naturvernforbundet.no\/finnmark\/feara-mii-arkiivvas\/","title":{"rendered":"Feara mii arkiivvas"},"content":{"rendered":"\t<div class=\"template-page alignfull wp-block-naturvern-hero\">\n\t\t<div class=\"hero__inner\">\n\t\t\t<div class=\"hero__inner_blocks\">\n\t\t\t\t\t\t\t\t\n<h1 class=\"wp-block-post-title\">Feara mii arkiivvas<\/h1>\n\n\n<p><\/p>\n\n\n\n<div class=\"wp-block-buttons is-layout-flex wp-block-buttons-is-layout-flex\"><\/div>\n\n\t\t\t<\/div>\n\t\t\t\t\t<\/div>\n\t\t\t<\/div>\n\t\n\n\n<div class=\"wp-block-group alignwide is-style-green-light is-layout-constrained wp-block-group-is-layout-constrained\"><div class=\"t2-featured-content-layout alignwide alignwide wp-block-t2-featured-content-layout\">\n<div class=\"t2-featured-query-post t2-featured-content is-post-type-post category-feara-mii-arkiivvas wp-block-t2-featured-query-post\"><a class=\"t2-post-link wp-block-t2-post-link\" href=\"https:\/\/naturvernforbundet.no\/finnmark\/guovdageainnu-meahcceguovddasproseakta-ovdana\/\">\n<figure style=\"--t2-focal-point: 50% 50%;\" class=\"t2-post-featured-image has-image-ratio-4-3 wp-block-t2-post-featured-image\"><img loading=\"lazy\" decoding=\"async\" width=\"653\" height=\"447\" src=\"https:\/\/naturvernforbundet.no\/content\/uploads\/sites\/12\/2016\/11\/boaro2.jpg2028articledisplay29.jpg\" class=\"attachment-post-thumbnail size-post-thumbnail wp-post-image\" alt=\"\" srcset=\"https:\/\/naturvernforbundet.no\/content\/uploads\/sites\/12\/2016\/11\/boaro2.jpg2028articledisplay29.jpg 653w, https:\/\/naturvernforbundet.no\/content\/uploads\/sites\/12\/2016\/11\/boaro2.jpg2028articledisplay29-300x205.jpg 300w\" sizes=\"auto, (max-width: 653px) 100vw, 653px\" \/><\/figure>\n\n<div class=\"wp-block-group alignfull is-layout-flow wp-block-group-is-layout-flow\">\n\t<h2 class=\"t2-post-title wp-block-t2-post-title\">Guovdageainnu meahcceguovdd\u00e1\u0161pro\u0161eakta ovdana<\/h2>\n\t<p class=\"wp-block-naturvern-post-excerpt\">Guovdageainnu meahcceguovdd\u00e1\u017ea ovdapro\u0161eakta, maid \u00c1vjov\u00e1rri Luonddug\u00e1httenlihttu lea \u00e1lggahan, lea \u00e1lggahan ovttasarggu Artsdatabankeniin. Pro\u0161eakta lea bidjan ollu luonddudie\u0111uid neahttasiidui meahcci.info ja \u00e1lggahan ie\u017eas Facebook-joavkku.<\/p>\n\t\t<div class=\"wp-block-naturvern-post-meta\">\n\t\t\t\t\t<span class=\"cat\">\n\t\t\t\t\t\t\t\t\t<span><span class=\"tag-link\" data-href=\"https:\/\/naturvernforbundet.no\/finnmark\/category\/feara-mii-arkiivvas\/\">Feara mii arkiivvas<\/span><\/span>\n\t\t\t\t\t\t\t<\/span>\n\t\t\t\t\t\t\t<span class=\"date\">29.11.2016<\/span>\n\t\t\t<\/div>\n\t\n<\/div>\n\n<\/a>\n<\/div>\n\n<div class=\"t2-featured-query-post t2-featured-content is-post-type-post category-feara-mii-arkiivvas category-nuoskideapmi wp-block-t2-featured-query-post\"><a class=\"t2-post-link wp-block-t2-post-link\" href=\"https:\/\/naturvernforbundet.no\/finnmark\/ruskkat-ja-nuoskideapmi-finnmarkkus\/\">\n<figure style=\"--t2-focal-point: 50% 50%;\" class=\"t2-post-featured-image has-image-ratio-4-3 wp-block-t2-post-featured-image\"><img loading=\"lazy\" decoding=\"async\" width=\"653\" height=\"490\" src=\"https:\/\/naturvernforbundet.no\/content\/uploads\/sites\/12\/2012\/10\/sofa.jpg2028articledisplay29.jpg\" class=\"attachment-post-thumbnail size-post-thumbnail wp-post-image\" alt=\"\" srcset=\"https:\/\/naturvernforbundet.no\/content\/uploads\/sites\/12\/2012\/10\/sofa.jpg2028articledisplay29.jpg 653w, https:\/\/naturvernforbundet.no\/content\/uploads\/sites\/12\/2012\/10\/sofa.jpg2028articledisplay29-300x225.jpg 300w\" sizes=\"auto, (max-width: 653px) 100vw, 653px\" \/><\/figure>\n\n<div class=\"wp-block-group alignfull is-layout-flow wp-block-group-is-layout-flow\">\n\t<h2 class=\"t2-post-title wp-block-t2-post-title\">Ruskkat ja nuoskideapmi Finnm\u00e1rkkus<\/h2>\n\t<p class=\"wp-block-naturvern-post-excerpt\">Luonddu ja orrunbirrasa nuoskideapmi lea stuora \u010duolbma Finnm\u00e1rkkus. Luonddug\u00e1httenlihttu barg\u00e1 dan ala ahte ruskkat g\u00e1ldosorterejuvvo ja geavahuvvo o\u0111\u0111asit, ja maidd\u00e1i ahte galg\u00e1 buvttaduvvot unnit v\u00e1h\u00e1gis ja d\u00e1rbba\u0161meahttun di\u014bggat D\u00e1 leat muhtin artihkkalat mat \u010d\u00e1jehit Luonddug\u00e1httenlihtu ja min miellahtuid barggu buoridit ruskameannudeami.<\/p>\n\t\t<div class=\"wp-block-naturvern-post-meta\">\n\t\t\t\t\t<span class=\"cat\">\n\t\t\t\t\t\t\t\t\t<span><span class=\"tag-link\" data-href=\"https:\/\/naturvernforbundet.no\/finnmark\/category\/feara-mii-arkiivvas\/\">Feara mii arkiivvas<\/span><\/span>\n\t\t\t\t\t\t\t\t\t<span><span class=\"tag-link\" data-href=\"https:\/\/naturvernforbundet.no\/finnmark\/category\/nuoskideapmi\/\">Nuoskideapmi<\/span><\/span>\n\t\t\t\t\t\t\t<\/span>\n\t\t\t\t\t\t\t<span class=\"date\">01.10.2012<\/span>\n\t\t\t<\/div>\n\t\n<\/div>\n\n<\/a>\n<\/div>\n\n<div class=\"t2-featured-query-post t2-featured-content is-post-type-post category-bivdu category-feara-mii-arkiivvas wp-block-t2-featured-query-post\"><a class=\"t2-post-link wp-block-t2-post-link\" href=\"https:\/\/naturvernforbundet.no\/finnmark\/bivdu-ja-saivaguolasteapmi-finnmarkkus\/\">\n<figure style=\"--t2-focal-point: 50% 50%;\" class=\"t2-post-featured-image has-image-ratio-4-3 wp-block-t2-post-featured-image\"><img loading=\"lazy\" decoding=\"async\" width=\"653\" height=\"490\" src=\"https:\/\/naturvernforbundet.no\/content\/uploads\/sites\/12\/2012\/10\/lokkeand28129.jpg2028articledisplay29.jpg\" class=\"attachment-post-thumbnail size-post-thumbnail wp-post-image\" alt=\"\" srcset=\"https:\/\/naturvernforbundet.no\/content\/uploads\/sites\/12\/2012\/10\/lokkeand28129.jpg2028articledisplay29.jpg 653w, https:\/\/naturvernforbundet.no\/content\/uploads\/sites\/12\/2012\/10\/lokkeand28129.jpg2028articledisplay29-300x225.jpg 300w\" sizes=\"auto, (max-width: 653px) 100vw, 653px\" \/><\/figure>\n\n<div class=\"wp-block-group alignfull is-layout-flow wp-block-group-is-layout-flow\">\n\t<h2 class=\"t2-post-title wp-block-t2-post-title\">Bivdu ja s\u00e1ivaguol\u00e1steapmi Finnm\u00e1rkkus<\/h2>\n\t<p class=\"wp-block-naturvern-post-excerpt\">Finnm\u00e1rkkus lea leama\u0161 deh\u00e1la\u0161 luondduriggodagat nugo s\u00e1ivaguolit ja eallit, ja mat dolo\u017ea r\u00e1jes lea leama\u0161 oassi birgejumis gitta d\u00e1l\u00e1 \u00e1ig\u00e1i. Muhto buoret beasatla\u0161vuohta lea dagahan ahte garrasit bivdu lea loaktigoaht\u00e1n s\u00e1ivaguliid ja elliid ja olu m\u00e1ddodagat leat juo nohkagoaht\u00e1n. D\u00e1id riggodagaid ferte h\u00e1ldda\u0161it dainna l\u00e1giin ahte g\u00e1httet vel daid m\u00e1ddodagaid mat leat b\u00e1hc\u00e1n ja buoridit daid mat leat nohkagoaht\u00e1n. Jos lea d\u00e1rbu muddet bivddu, de berrejit b\u00e1ikk\u00e1la\u0161 olbmuid luonddu \u00e1vkk\u00e1stallan vuoruhuvvot ovdal go olggobeale bivdit ja guol\u00e1steaddjit.<\/p>\n\t\t<div class=\"wp-block-naturvern-post-meta\">\n\t\t\t\t\t<span class=\"cat\">\n\t\t\t\t\t\t\t\t\t<span><span class=\"tag-link\" data-href=\"https:\/\/naturvernforbundet.no\/finnmark\/category\/bivdu\/\">Bivdu<\/span><\/span>\n\t\t\t\t\t\t\t\t\t<span><span class=\"tag-link\" data-href=\"https:\/\/naturvernforbundet.no\/finnmark\/category\/feara-mii-arkiivvas\/\">Feara mii arkiivvas<\/span><\/span>\n\t\t\t\t\t\t\t<\/span>\n\t\t\t\t\t\t\t<span class=\"date\">01.10.2012<\/span>\n\t\t\t<\/div>\n\t\n<\/div>\n\n<\/a>\n<\/div>\n\n<div class=\"t2-featured-query-post t2-featured-content is-post-type-post category-feara-mii-arkiivvas category-nuoskideapmi wp-block-t2-featured-query-post\"><a class=\"t2-post-link wp-block-t2-post-link\" href=\"https:\/\/naturvernforbundet.no\/finnmark\/norgga-eanemus-nuoskiduvvon-fylka\/\">\n<figure style=\"--t2-focal-point: 50% 50%;\" class=\"t2-post-featured-image has-image-ratio-4-3 wp-block-t2-post-featured-image\"><img loading=\"lazy\" decoding=\"async\" width=\"653\" height=\"490\" src=\"https:\/\/naturvernforbundet.no\/content\/uploads\/sites\/12\/2012\/06\/veidnes55.jpg2028articledisplay29.jpg\" class=\"attachment-post-thumbnail size-post-thumbnail wp-post-image\" alt=\"\" srcset=\"https:\/\/naturvernforbundet.no\/content\/uploads\/sites\/12\/2012\/06\/veidnes55.jpg2028articledisplay29.jpg 653w, https:\/\/naturvernforbundet.no\/content\/uploads\/sites\/12\/2012\/06\/veidnes55.jpg2028articledisplay29-300x225.jpg 300w\" sizes=\"auto, (max-width: 653px) 100vw, 653px\" \/><\/figure>\n\n<div class=\"wp-block-group alignfull is-layout-flow wp-block-group-is-layout-flow\">\n\t<h2 class=\"t2-post-title wp-block-t2-post-title\">Norgga eanemus nuoskiduvvon fylka?<\/h2>\n\t<p class=\"wp-block-naturvern-post-excerpt\">Preassadie\u0111\u00e1hus Finnm\u00e1rkku Finnm\u00e1rkku luonddug\u00e1httenlihtus, 14.06.2012<\/p>\n\t\t<div class=\"wp-block-naturvern-post-meta\">\n\t\t\t\t\t<span class=\"cat\">\n\t\t\t\t\t\t\t\t\t<span><span class=\"tag-link\" data-href=\"https:\/\/naturvernforbundet.no\/finnmark\/category\/feara-mii-arkiivvas\/\">Feara mii arkiivvas<\/span><\/span>\n\t\t\t\t\t\t\t\t\t<span><span class=\"tag-link\" data-href=\"https:\/\/naturvernforbundet.no\/finnmark\/category\/nuoskideapmi\/\">Nuoskideapmi<\/span><\/span>\n\t\t\t\t\t\t\t<\/span>\n\t\t\t\t\t\t\t<span class=\"date\">14.06.2012<\/span>\n\t\t\t<\/div>\n\t\n<\/div>\n\n<\/a>\n<\/div>\n\n<div class=\"t2-featured-query-post t2-featured-content is-post-type-post category-feara-mii-arkiivvas category-searvvi-bargu wp-block-t2-featured-query-post\"><a class=\"t2-post-link wp-block-t2-post-link\" href=\"https:\/\/naturvernforbundet.no\/finnmark\/ole-henrik-magga-sami-luondduoaidnu\/\">\n<figure style=\"--t2-focal-point: 50% 50%;\" class=\"t2-post-featured-image has-image-ratio-4-3 wp-block-t2-post-featured-image\"><img loading=\"lazy\" decoding=\"async\" width=\"199\" height=\"250\" src=\"https:\/\/naturvernforbundet.no\/content\/uploads\/sites\/12\/2011\/02\/olehenrik.jpg2028articlelist29.jpg\" class=\"attachment-post-thumbnail size-post-thumbnail wp-post-image\" alt=\"\" \/><\/figure>\n\n<div class=\"wp-block-group alignfull is-layout-flow wp-block-group-is-layout-flow\">\n\t<h2 class=\"t2-post-title wp-block-t2-post-title\">Ole Henrik Magga: S\u00e1mi luondduoaidnu<\/h2>\n\t<p class=\"wp-block-naturvern-post-excerpt\">Logaldallan Finnm\u00e1rkku luonddug\u00e1httenlihtu semin\u00e1ras &laquo;Luonddugeavaheapmi ja luonddug\u00e1htten&raquo;, 22.01.2011.<\/p>\n\t\t<div class=\"wp-block-naturvern-post-meta\">\n\t\t\t\t\t<span class=\"cat\">\n\t\t\t\t\t\t\t\t\t<span><span class=\"tag-link\" data-href=\"https:\/\/naturvernforbundet.no\/finnmark\/category\/feara-mii-arkiivvas\/\">Feara mii arkiivvas<\/span><\/span>\n\t\t\t\t\t\t\t\t\t<span><span class=\"tag-link\" data-href=\"https:\/\/naturvernforbundet.no\/finnmark\/category\/searvvi-bargu\/\">Searvvi bargu<\/span><\/span>\n\t\t\t\t\t\t\t<\/span>\n\t\t\t\t\t\t\t<span class=\"date\">24.02.2011<\/span>\n\t\t\t<\/div>\n\t\n<\/div>\n\n<\/a>\n<\/div>\n\n<div class=\"t2-featured-query-post t2-featured-content is-post-type-post category-feara-mii-arkiivvas category-searvvi-bargu wp-block-t2-featured-query-post\"><a class=\"t2-post-link wp-block-t2-post-link\" href=\"https:\/\/naturvernforbundet.no\/finnmark\/ravdna-anti-logaldallan\/\">\n<figure style=\"--t2-focal-point: 50% 50%;\" class=\"t2-post-featured-image has-image-ratio-4-3 wp-block-t2-post-featured-image\"><img loading=\"lazy\" decoding=\"async\" width=\"653\" height=\"758\" src=\"https:\/\/naturvernforbundet.no\/content\/uploads\/sites\/12\/2011\/02\/ravna.jpg2028articledisplay29.jpg\" class=\"attachment-post-thumbnail size-post-thumbnail wp-post-image\" alt=\"\" srcset=\"https:\/\/naturvernforbundet.no\/content\/uploads\/sites\/12\/2011\/02\/ravna.jpg2028articledisplay29.jpg 653w, https:\/\/naturvernforbundet.no\/content\/uploads\/sites\/12\/2011\/02\/ravna.jpg2028articledisplay29-258x300.jpg 258w\" sizes=\"auto, (max-width: 653px) 100vw, 653px\" \/><\/figure>\n\n<div class=\"wp-block-group alignfull is-layout-flow wp-block-group-is-layout-flow\">\n\t<h2 class=\"t2-post-title wp-block-t2-post-title\">R\u00e1vdna Anti: Logaldallan<\/h2>\n\t<p class=\"wp-block-naturvern-post-excerpt\">Finnm\u00e1rkku Luonddog\u00e1httenlihtu semin\u00e1ra &laquo;Luonddugeavaheapmi ja luonddug\u00e1htten Finnm\u00e1rkkus, Guovdageainnus 22.01.2010.<\/p>\n\t\t<div class=\"wp-block-naturvern-post-meta\">\n\t\t\t\t\t<span class=\"cat\">\n\t\t\t\t\t\t\t\t\t<span><span class=\"tag-link\" data-href=\"https:\/\/naturvernforbundet.no\/finnmark\/category\/feara-mii-arkiivvas\/\">Feara mii arkiivvas<\/span><\/span>\n\t\t\t\t\t\t\t\t\t<span><span class=\"tag-link\" data-href=\"https:\/\/naturvernforbundet.no\/finnmark\/category\/searvvi-bargu\/\">Searvvi bargu<\/span><\/span>\n\t\t\t\t\t\t\t<\/span>\n\t\t\t\t\t\t\t<span class=\"date\">24.02.2011<\/span>\n\t\t\t<\/div>\n\t\n<\/div>\n\n<\/a>\n<\/div>\n\n<div class=\"t2-featured-query-post t2-featured-content is-post-type-post category-feara-mii-arkiivvas category-searvvi-bargu wp-block-t2-featured-query-post\"><a class=\"t2-post-link wp-block-t2-post-link\" href=\"https:\/\/naturvernforbundet.no\/finnmark\/nils-a-skum-meahcasteapmi-ja-luonddugahtten\/\">\n<figure style=\"--t2-focal-point: 50% 50%;\" class=\"t2-post-featured-image has-image-ratio-4-3 wp-block-t2-post-featured-image\"><img loading=\"lazy\" decoding=\"async\" width=\"653\" height=\"783\" src=\"https:\/\/naturvernforbundet.no\/content\/uploads\/sites\/12\/2011\/02\/nilsskum.jpg2028articledisplay29.jpg\" class=\"attachment-post-thumbnail size-post-thumbnail wp-post-image\" alt=\"\" srcset=\"https:\/\/naturvernforbundet.no\/content\/uploads\/sites\/12\/2011\/02\/nilsskum.jpg2028articledisplay29.jpg 653w, https:\/\/naturvernforbundet.no\/content\/uploads\/sites\/12\/2011\/02\/nilsskum.jpg2028articledisplay29-250x300.jpg 250w\" sizes=\"auto, (max-width: 653px) 100vw, 653px\" \/><\/figure>\n\n<div class=\"wp-block-group alignfull is-layout-flow wp-block-group-is-layout-flow\">\n\t<h2 class=\"t2-post-title wp-block-t2-post-title\">Nils A. Skum: Meahc\u00e1steapmi ja luonddug\u00e1htten<\/h2>\n\t<p class=\"wp-block-naturvern-post-excerpt\">Logaldallan Finnm\u00e1rkku luonddug\u00e1httenlihtu semin\u00e1ras&raquo;Luonddugeavaheapmi ja luonddug\u00e1htten Finnm\u00e1rkkus&raquo;, 22.01.2010<\/p>\n\t\t<div class=\"wp-block-naturvern-post-meta\">\n\t\t\t\t\t<span class=\"cat\">\n\t\t\t\t\t\t\t\t\t<span><span class=\"tag-link\" data-href=\"https:\/\/naturvernforbundet.no\/finnmark\/category\/feara-mii-arkiivvas\/\">Feara mii arkiivvas<\/span><\/span>\n\t\t\t\t\t\t\t\t\t<span><span class=\"tag-link\" data-href=\"https:\/\/naturvernforbundet.no\/finnmark\/category\/searvvi-bargu\/\">Searvvi bargu<\/span><\/span>\n\t\t\t\t\t\t\t<\/span>\n\t\t\t\t\t\t\t<span class=\"date\">24.02.2011<\/span>\n\t\t\t<\/div>\n\t\n<\/div>\n\n<\/a>\n<\/div>\n\n<div class=\"t2-featured-query-post t2-featured-content is-post-type-post category-feara-mii-arkiivvas category-searvvi-bargu wp-block-t2-featured-query-post\"><a class=\"t2-post-link wp-block-t2-post-link\" href=\"https:\/\/naturvernforbundet.no\/finnmark\/berit-anne-oskal-kemi-albmotmeahcci-guovdageainnus-vasahusat-bargolavdegottis\/\">\n<figure style=\"--t2-focal-point: 50% 50%;\" class=\"t2-post-featured-image has-image-ratio-4-3 wp-block-t2-post-featured-image\"><img loading=\"lazy\" decoding=\"async\" width=\"653\" height=\"841\" src=\"https:\/\/naturvernforbundet.no\/content\/uploads\/sites\/12\/2011\/02\/biretanne.jpg2028articledisplay29.jpg\" class=\"attachment-post-thumbnail size-post-thumbnail wp-post-image\" alt=\"\" srcset=\"https:\/\/naturvernforbundet.no\/content\/uploads\/sites\/12\/2011\/02\/biretanne.jpg2028articledisplay29.jpg 653w, https:\/\/naturvernforbundet.no\/content\/uploads\/sites\/12\/2011\/02\/biretanne.jpg2028articledisplay29-233x300.jpg 233w\" sizes=\"auto, (max-width: 653px) 100vw, 653px\" \/><\/figure>\n\n<div class=\"wp-block-group alignfull is-layout-flow wp-block-group-is-layout-flow\">\n\t<h2 class=\"t2-post-title wp-block-t2-post-title\">Berit Anne Oskal Kemi: \u00c1lbmotmeahcci Guovdageainnus &#8211; v\u00e1s\u00e1husat bargol\u00e1vdegottis<\/h2>\n\t<p class=\"wp-block-naturvern-post-excerpt\">Logaldallan semin\u00e1ras 22.01.2011<\/p>\n\t\t<div class=\"wp-block-naturvern-post-meta\">\n\t\t\t\t\t<span class=\"cat\">\n\t\t\t\t\t\t\t\t\t<span><span class=\"tag-link\" data-href=\"https:\/\/naturvernforbundet.no\/finnmark\/category\/feara-mii-arkiivvas\/\">Feara mii arkiivvas<\/span><\/span>\n\t\t\t\t\t\t\t\t\t<span><span class=\"tag-link\" data-href=\"https:\/\/naturvernforbundet.no\/finnmark\/category\/searvvi-bargu\/\">Searvvi bargu<\/span><\/span>\n\t\t\t\t\t\t\t<\/span>\n\t\t\t\t\t\t\t<span class=\"date\">24.02.2011<\/span>\n\t\t\t<\/div>\n\t\n<\/div>\n\n<\/a>\n<\/div>\n\n<div class=\"t2-featured-query-post t2-featured-content is-post-type-post category-feara-mii-arkiivvas category-searvvi-bargu wp-block-t2-featured-query-post\"><a class=\"t2-post-link wp-block-t2-post-link\" href=\"https:\/\/naturvernforbundet.no\/finnmark\/seminara-luonddugeavaheami-ja-luonddugahttema-birra\/\">\n<figure style=\"--t2-focal-point: 50% 50%;\" class=\"t2-post-featured-image has-image-ratio-4-3 wp-block-t2-post-featured-image\"><img loading=\"lazy\" decoding=\"async\" width=\"250\" height=\"166\" src=\"https:\/\/naturvernforbundet.no\/content\/uploads\/sites\/12\/2011\/01\/neidenlaks.jpg2028articlelist29.jpg\" class=\"attachment-post-thumbnail size-post-thumbnail wp-post-image\" alt=\"Neiden\" \/><\/figure>\n\n<div class=\"wp-block-group alignfull is-layout-flow wp-block-group-is-layout-flow\">\n\t<h2 class=\"t2-post-title wp-block-t2-post-title\">Semin\u00e1ra luonddugeavaheami ja luonddug\u00e1httema birra<\/h2>\n\t<p class=\"wp-block-naturvern-post-excerpt\">Finnm\u00e1rkku luonddug\u00e1httenlihttu ovttas Guovdageainnu b\u00e1ikk\u00e1la\u0161 servviin l\u00e1giidii semin\u00e1ra luonddugeavaheami ja luonddug\u00e1httema birra 22.-23.01.2011.<\/p>\n\t\t<div class=\"wp-block-naturvern-post-meta\">\n\t\t\t\t\t<span class=\"cat\">\n\t\t\t\t\t\t\t\t\t<span><span class=\"tag-link\" data-href=\"https:\/\/naturvernforbundet.no\/finnmark\/category\/feara-mii-arkiivvas\/\">Feara mii arkiivvas<\/span><\/span>\n\t\t\t\t\t\t\t\t\t<span><span class=\"tag-link\" data-href=\"https:\/\/naturvernforbundet.no\/finnmark\/category\/searvvi-bargu\/\">Searvvi bargu<\/span><\/span>\n\t\t\t\t\t\t\t<\/span>\n\t\t\t\t\t\t\t<span class=\"date\">23.01.2011<\/span>\n\t\t\t<\/div>\n\t\n<\/div>\n\n<\/a>\n<\/div>\n<\/div><\/div>\n\n\n\n<div class=\"wp-block-buttons is-layout-flex wp-block-buttons-is-layout-flex\">\n<div class=\"wp-block-button\"><a class=\"wp-block-button__link wp-element-button\" href=\"https:\/\/naturvernforbundet.no\/finnmark\/category\/arkiv\/\">Norsk<\/a><\/div>\n<\/div>\n","protected":false},"excerpt":{"rendered":"","protected":false},"author":222,"featured_media":0,"parent":0,"menu_order":0,"comment_status":"closed","ping_status":"closed","template":"","meta":{"_relevanssi_hide_post":"","_relevanssi_hide_content":"","_relevanssi_pin_for_all":"","_relevanssi_pin_keywords":"","_relevanssi_unpin_keywords":"","_relevanssi_related_keywords":"","_relevanssi_related_include_ids":"","_relevanssi_related_exclude_ids":"","_relevanssi_related_no_append":"","_relevanssi_related_not_related":"","_relevanssi_related_posts":"","_relevanssi_noindex_reason":"","hide_logo":false,"footnotes":""},"categories":[],"class_list":["post-3371","page","type-page","status-publish","hentry"],"acf":[],"yoast_head":"<!-- This site is optimized with the Yoast SEO plugin v24.9 - https:\/\/yoast.com\/wordpress\/plugins\/seo\/ -->\n<title>Feara mii arkiivvas - Finnmark<\/title>\n<meta name=\"robots\" content=\"index, follow, max-snippet:-1, max-image-preview:large, max-video-preview:-1\" \/>\n<link rel=\"canonical\" href=\"https:\/\/naturvernforbundet.no\/finnmark\/feara-mii-arkiivvas\/\" \/>\n<meta property=\"og:locale\" content=\"nb_NO\" \/>\n<meta property=\"og:type\" content=\"article\" \/>\n<meta property=\"og:title\" content=\"Feara mii arkiivvas - Finnmark\" \/>\n<meta property=\"og:url\" content=\"https:\/\/naturvernforbundet.no\/finnmark\/feara-mii-arkiivvas\/\" \/>\n<meta property=\"og:site_name\" content=\"Finnmark\" \/>\n<meta property=\"article:modified_time\" content=\"2023-02-24T12:50:39+00:00\" \/>\n<meta name=\"twitter:card\" content=\"summary_large_image\" \/>\n<meta name=\"twitter:label1\" content=\"Ansl. lesetid\" \/>\n\t<meta name=\"twitter:data1\" content=\"1 minutt\" \/>\n<script type=\"application\/ld+json\" class=\"yoast-schema-graph\">{\"@context\":\"https:\/\/schema.org\",\"@graph\":[{\"@type\":\"WebPage\",\"@id\":\"https:\/\/naturvernforbundet.no\/finnmark\/feara-mii-arkiivvas\/\",\"url\":\"https:\/\/naturvernforbundet.no\/finnmark\/feara-mii-arkiivvas\/\",\"name\":\"Feara mii arkiivvas - Finnmark\",\"isPartOf\":{\"@id\":\"https:\/\/naturvernforbundet.no\/finnmark\/#website\"},\"datePublished\":\"2023-01-07T20:30:25+00:00\",\"dateModified\":\"2023-02-24T12:50:39+00:00\",\"breadcrumb\":{\"@id\":\"https:\/\/naturvernforbundet.no\/finnmark\/feara-mii-arkiivvas\/#breadcrumb\"},\"inLanguage\":\"nb-NO\",\"potentialAction\":[{\"@type\":\"ReadAction\",\"target\":[\"https:\/\/naturvernforbundet.no\/finnmark\/feara-mii-arkiivvas\/\"]}]},{\"@type\":\"BreadcrumbList\",\"@id\":\"https:\/\/naturvernforbundet.no\/finnmark\/feara-mii-arkiivvas\/#breadcrumb\",\"itemListElement\":[{\"@type\":\"ListItem\",\"position\":1,\"name\":\"Till naturvernforbundet.no\",\"item\":\"https:\/\/naturvernforbundet.no\/\"},{\"@type\":\"ListItem\",\"position\":2,\"name\":\"Finnmark\",\"item\":\"https:\/\/naturvernforbundet.no\/finnmark\/\"},{\"@type\":\"ListItem\",\"position\":3,\"name\":\"Feara mii arkiivvas\"}]},{\"@type\":\"WebSite\",\"@id\":\"https:\/\/naturvernforbundet.no\/finnmark\/#website\",\"url\":\"https:\/\/naturvernforbundet.no\/finnmark\/\",\"name\":\"Finnmark\",\"description\":\"Bare enda et Naturvernforbundet Sites-nettsted\",\"potentialAction\":[{\"@type\":\"SearchAction\",\"target\":{\"@type\":\"EntryPoint\",\"urlTemplate\":\"https:\/\/naturvernforbundet.no\/finnmark\/?s={search_term_string}\"},\"query-input\":{\"@type\":\"PropertyValueSpecification\",\"valueRequired\":true,\"valueName\":\"search_term_string\"}}],\"inLanguage\":\"nb-NO\"}]}<\/script>\n<!-- \/ Yoast SEO plugin. -->","yoast_head_json":{"title":"Feara mii arkiivvas - Finnmark","robots":{"index":"index","follow":"follow","max-snippet":"max-snippet:-1","max-image-preview":"max-image-preview:large","max-video-preview":"max-video-preview:-1"},"canonical":"https:\/\/naturvernforbundet.no\/finnmark\/feara-mii-arkiivvas\/","og_locale":"nb_NO","og_type":"article","og_title":"Feara mii arkiivvas - Finnmark","og_url":"https:\/\/naturvernforbundet.no\/finnmark\/feara-mii-arkiivvas\/","og_site_name":"Finnmark","article_modified_time":"2023-02-24T12:50:39+00:00","twitter_card":"summary_large_image","twitter_misc":{"Ansl. lesetid":"1 minutt"},"schema":{"@context":"https:\/\/schema.org","@graph":[{"@type":"WebPage","@id":"https:\/\/naturvernforbundet.no\/finnmark\/feara-mii-arkiivvas\/","url":"https:\/\/naturvernforbundet.no\/finnmark\/feara-mii-arkiivvas\/","name":"Feara mii arkiivvas - Finnmark","isPartOf":{"@id":"https:\/\/naturvernforbundet.no\/finnmark\/#website"},"datePublished":"2023-01-07T20:30:25+00:00","dateModified":"2023-02-24T12:50:39+00:00","breadcrumb":{"@id":"https:\/\/naturvernforbundet.no\/finnmark\/feara-mii-arkiivvas\/#breadcrumb"},"inLanguage":"nb-NO","potentialAction":[{"@type":"ReadAction","target":["https:\/\/naturvernforbundet.no\/finnmark\/feara-mii-arkiivvas\/"]}]},{"@type":"BreadcrumbList","@id":"https:\/\/naturvernforbundet.no\/finnmark\/feara-mii-arkiivvas\/#breadcrumb","itemListElement":[{"@type":"ListItem","position":1,"name":"Till naturvernforbundet.no","item":"https:\/\/naturvernforbundet.no\/"},{"@type":"ListItem","position":2,"name":"Finnmark","item":"https:\/\/naturvernforbundet.no\/finnmark\/"},{"@type":"ListItem","position":3,"name":"Feara mii arkiivvas"}]},{"@type":"WebSite","@id":"https:\/\/naturvernforbundet.no\/finnmark\/#website","url":"https:\/\/naturvernforbundet.no\/finnmark\/","name":"Finnmark","description":"Bare enda et Naturvernforbundet Sites-nettsted","potentialAction":[{"@type":"SearchAction","target":{"@type":"EntryPoint","urlTemplate":"https:\/\/naturvernforbundet.no\/finnmark\/?s={search_term_string}"},"query-input":{"@type":"PropertyValueSpecification","valueRequired":true,"valueName":"search_term_string"}}],"inLanguage":"nb-NO"}]}},"_links":{"self":[{"href":"https:\/\/naturvernforbundet.no\/finnmark\/wp-json\/wp\/v2\/pages\/3371","targetHints":{"allow":["GET"]}}],"collection":[{"href":"https:\/\/naturvernforbundet.no\/finnmark\/wp-json\/wp\/v2\/pages"}],"about":[{"href":"https:\/\/naturvernforbundet.no\/finnmark\/wp-json\/wp\/v2\/types\/page"}],"author":[{"embeddable":true,"href":"https:\/\/naturvernforbundet.no\/finnmark\/wp-json\/wp\/v2\/users\/222"}],"replies":[{"embeddable":true,"href":"https:\/\/naturvernforbundet.no\/finnmark\/wp-json\/wp\/v2\/comments?post=3371"}],"version-history":[{"count":2,"href":"https:\/\/naturvernforbundet.no\/finnmark\/wp-json\/wp\/v2\/pages\/3371\/revisions"}],"predecessor-version":[{"id":4179,"href":"https:\/\/naturvernforbundet.no\/finnmark\/wp-json\/wp\/v2\/pages\/3371\/revisions\/4179"}],"wp:attachment":[{"href":"https:\/\/naturvernforbundet.no\/finnmark\/wp-json\/wp\/v2\/media?parent=3371"}],"wp:term":[{"taxonomy":"category","embeddable":true,"href":"https:\/\/naturvernforbundet.no\/finnmark\/wp-json\/wp\/v2\/categories?post=3371"}],"curies":[{"name":"wp","href":"https:\/\/api.w.org\/{rel}","templated":true}]}}