{"id":340,"date":"2022-10-01T20:44:24","date_gmt":"2022-10-01T18:44:24","guid":{"rendered":"https:\/\/naturvernforbundet.no\/finnmark\/?page_id=340"},"modified":"2023-02-24T12:19:54","modified_gmt":"2023-02-24T11:19:54","slug":"rovdyr-i-finnmark","status":"publish","type":"page","link":"https:\/\/naturvernforbundet.no\/finnmark\/rovdyr-i-finnmark\/","title":{"rendered":"Rovdyr i Finnmark"},"content":{"rendered":"\t<div class=\"template-page has-media alignfull wp-block-naturvern-hero\">\n\t\t<div class=\"hero__inner\">\n\t\t\t<div class=\"hero__inner_blocks\">\n\t\t\t\t\t\t\t\t\n<h1 class=\"wp-block-post-title\">Rovdyr i Finnmark<\/h1>\n\n\n<p>Finnmark har fra gammelt av hatt en stor bestand av store og sm\u00e5 rovdyr. Men flere bestander har v\u00e6rt n\u00e6r ved \u00e5 bli utrydda.<\/p>\n\n\n\n<div class=\"wp-block-buttons is-layout-flex wp-block-buttons-is-layout-flex\"><\/div>\n\n\t\t\t<\/div>\n\t\t\t\t\t<\/div>\n\t\t\t\t\t<div class=\"hero__image\">\n\t\t\t\t\t\t\t\t\t\t<img fetchpriority=\"high\" decoding=\"async\" width=\"1840\" height=\"1232\" src=\"https:\/\/naturvernforbundet.no\/content\/uploads\/sites\/12\/2022\/10\/fjellrev-familie-foto-Jon-Osteng-Hov.jpg\" class=\"attachment-ultra size-ultra\" alt=\"Fjellrev\" style=\"object-position: 50% 50%;\" loading=\"eager\" srcset=\"https:\/\/naturvernforbundet.no\/content\/uploads\/sites\/12\/2022\/10\/fjellrev-familie-foto-Jon-Osteng-Hov.jpg 1840w, https:\/\/naturvernforbundet.no\/content\/uploads\/sites\/12\/2022\/10\/fjellrev-familie-foto-Jon-Osteng-Hov-300x201.jpg 300w, https:\/\/naturvernforbundet.no\/content\/uploads\/sites\/12\/2022\/10\/fjellrev-familie-foto-Jon-Osteng-Hov-1024x686.jpg 1024w, https:\/\/naturvernforbundet.no\/content\/uploads\/sites\/12\/2022\/10\/fjellrev-familie-foto-Jon-Osteng-Hov-768x514.jpg 768w, https:\/\/naturvernforbundet.no\/content\/uploads\/sites\/12\/2022\/10\/fjellrev-familie-foto-Jon-Osteng-Hov-1536x1028.jpg 1536w\" sizes=\"(max-width: 1840px) 100vw, 1840px\" \/>\t\t\t\t\t\t<\/div>\n\t\t\t<\/div>\n\t\n\n\n<p>Naturvernforbundet mener vi skal ha levedyktige bestander i fylket av alle de fire store rovdyra; bj\u00f8rn, ulv, jerv og gaupe. Reindrifts- og husdyrn\u00e6ringene m\u00e5 f\u00e5 full kompensasjon for rovdyrtap og for ekstra utgifter til gjeting pga. rovdyr. Naturvernforbundet har de siste \u00e5ra v\u00e6rt engasjert i arbeidet med gjenoppbygging av fjellrevbestanden, s\u00e6rlig i Varanger.<\/p>\n\n\n<div class=\"t2-featured-content-layout alignwide alignwide wp-block-t2-featured-content-layout\">\n<div class=\"t2-featured-query-post t2-featured-content is-post-type-post category-rovdyr wp-block-t2-featured-query-post\"><a class=\"t2-post-link wp-block-t2-post-link\" href=\"https:\/\/naturvernforbundet.no\/finnmark\/rovdyr-i-finnmark\/\">\n<figure style=\"--t2-focal-point: 50% 50%;\" class=\"t2-post-featured-image has-image-ratio-4-3 wp-block-t2-post-featured-image\"><img loading=\"lazy\" decoding=\"async\" width=\"125\" height=\"94\" src=\"https:\/\/naturvernforbundet.no\/content\/uploads\/sites\/12\/2010\/11\/RIEBAN.JPG2028thumbnail29.jpg\" class=\"attachment-post-thumbnail size-post-thumbnail wp-post-image\" alt=\"\" \/><\/figure>\n\n<div class=\"wp-block-group alignfull is-layout-flow wp-block-group-is-layout-flow\">\n\t<h2 class=\"t2-post-title wp-block-t2-post-title\">Rovdyr i Finnmark<\/h2>\n\t<p class=\"wp-block-naturvern-post-excerpt\">Finnmark har fra gammelt av hatt en stor bestand av store og sm\u00e5 rovdyr. Men flere bestander har v\u00e6rt n\u00e6r ved \u00e5 bli utrydda. Naturvernforbundet mener vi skal ha levedyktige bestander i fylket av alle de fire store rovdyra; bj\u00f8rn, ulv, jerv og gaupe. Reindrifts- og husdyrn\u00e6ringene m\u00e5 f\u00e5 full kompensasjon for rovdyrtap og for ekstra utgifter til gjeting pga. rovdyr. Naturvernforbundet har de siste \u00e5ra v\u00e6rt engasjert i arbeidet med gjenoppbygging av fjellrevbestanden, s\u00e6rlig i Varanger.<\/p>\n\t\t<div class=\"wp-block-naturvern-post-meta\">\n\t\t\t\t\t<span class=\"cat\">\n\t\t\t\t\t\t\t\t\t<span><span class=\"tag-link\" data-href=\"https:\/\/naturvernforbundet.no\/finnmark\/category\/rovdyr\/\">Rovdyr<\/span><\/span>\n\t\t\t\t\t\t\t<\/span>\n\t\t\t\t\t\t\t<span class=\"date\">17.11.2010<\/span>\n\t\t\t<\/div>\n\t\n<\/div>\n\n<\/a>\n<\/div>\n\n<div class=\"t2-featured-query-post t2-featured-content is-post-type-post category-rovdyr wp-block-t2-featured-query-post\"><a class=\"t2-post-link wp-block-t2-post-link\" href=\"https:\/\/naturvernforbundet.no\/finnmark\/slar-seg-ikke-til-ro-med-avvist-klage-pa-hiuttak-av-jerv\/\">\n<figure class=\"t2-post-featured-image has-image-ratio-4-3 wp-block-t2-post-featured-image\"><div class=\"t2-post-featured-image__fallback\">S<\/div><\/figure>\n\n<div class=\"wp-block-group alignfull is-layout-flow wp-block-group-is-layout-flow\">\n\t<h2 class=\"t2-post-title wp-block-t2-post-title\">Sl\u00e5r seg ikke til ro med avvist klage p\u00e5 hiuttak av jerv<\/h2>\n\t<p class=\"wp-block-naturvern-post-excerpt\">Naturvernforbundet i Finnmark p\u00e5klagde i april et vedtak fra Direktoratet for naturforvaltning (DN) om hiuttak av Jerv i Tana og Nesseby kommuner med henvisning til at de nasjonale m\u00e5l for yngling av jerv ikke var n\u00e5dd da vedtaket ble truffet. Naturvernforbundet la ogs\u00e5 vekt p\u00e5 de store uttak som var gjort i 2007 og viste til forskning som indikerer at jerven i Finnmark er truet av innavl p\u00e5 fordi bestanden er delt i geografiske lommer. I juni avviste DN klagen. Naturvernforbundet er lite tilfreds med dette og forf\u00f8lger saken.<\/p>\n\t\t<div class=\"wp-block-naturvern-post-meta\">\n\t\t\t\t\t<span class=\"cat\">\n\t\t\t\t\t\t\t\t\t<span><span class=\"tag-link\" data-href=\"https:\/\/naturvernforbundet.no\/finnmark\/category\/rovdyr\/\">Rovdyr<\/span><\/span>\n\t\t\t\t\t\t\t<\/span>\n\t\t\t\t\t\t\t<span class=\"date\">26.07.2008<\/span>\n\t\t\t<\/div>\n\t\n<\/div>\n\n<\/a>\n<\/div>\n\n<div class=\"t2-featured-query-post t2-featured-content is-post-type-post category-rovdyr wp-block-t2-featured-query-post\"><a class=\"t2-post-link wp-block-t2-post-link\" href=\"https:\/\/naturvernforbundet.no\/finnmark\/seier-for-bade-fjellreven-og-norges-naturvernforbund\/\">\n<figure class=\"t2-post-featured-image has-image-ratio-4-3 wp-block-t2-post-featured-image\"><div class=\"t2-post-featured-image__fallback\">&amp;<\/div><\/figure>\n\n<div class=\"wp-block-group alignfull is-layout-flow wp-block-group-is-layout-flow\">\n\t<h2 class=\"t2-post-title wp-block-t2-post-title\">&#8211; Seier for b\u00e5de fjellreven og Norges Naturvernforbund!<\/h2>\n\t<p class=\"wp-block-naturvern-post-excerpt\">Etter at Fjellrevprosjektets fotobokser p\u00e5 Varangerhalv\u00f8ya har v\u00e6rt i virksomhet i knappe to uker, er det allerede tatt over 130 bilder av fjellrev. P\u00e5 flere bilder opptrer par. &#8211; Dermed har vi grunnlag for \u00e5 si at Fjellrevprosjektet p\u00e5 Varangerhalv\u00f8ya er en nasjonal suksess. Endelig ser vi et tiltak som har virkning, sier en lykkelig Kjell M. Der\u00e5s, leder Norges Naturvernforbunds fjellrevutvalg.<\/p>\n\t\t<div class=\"wp-block-naturvern-post-meta\">\n\t\t\t\t\t<span class=\"cat\">\n\t\t\t\t\t\t\t\t\t<span><span class=\"tag-link\" data-href=\"https:\/\/naturvernforbundet.no\/finnmark\/category\/rovdyr\/\">Rovdyr<\/span><\/span>\n\t\t\t\t\t\t\t<\/span>\n\t\t\t\t\t\t\t<span class=\"date\">16.03.2007<\/span>\n\t\t\t<\/div>\n\t\n<\/div>\n\n<\/a>\n<\/div>\n<\/div>\n\n\n<p><\/p>\n","protected":false},"excerpt":{"rendered":"","protected":false},"author":3,"featured_media":0,"parent":0,"menu_order":0,"comment_status":"closed","ping_status":"closed","template":"","meta":{"_relevanssi_hide_post":"","_relevanssi_hide_content":"","_relevanssi_pin_for_all":"","_relevanssi_pin_keywords":"","_relevanssi_unpin_keywords":"","_relevanssi_related_keywords":"","_relevanssi_related_include_ids":"","_relevanssi_related_exclude_ids":"","_relevanssi_related_no_append":"","_relevanssi_related_not_related":"","_relevanssi_related_posts":"","_relevanssi_noindex_reason":"","hide_logo":false,"footnotes":""},"categories":[],"class_list":["post-340","page","type-page","status-publish","hentry"],"acf":[],"yoast_head":"<!-- This site is optimized with the Yoast SEO plugin v24.9 - https:\/\/yoast.com\/wordpress\/plugins\/seo\/ -->\n<title>Rovdyr i Finnmark - Finnmark<\/title>\n<meta name=\"robots\" content=\"index, follow, max-snippet:-1, max-image-preview:large, max-video-preview:-1\" \/>\n<link rel=\"canonical\" href=\"https:\/\/naturvernforbundet.no\/finnmark\/rovdyr-i-finnmark\/\" \/>\n<meta property=\"og:locale\" content=\"nb_NO\" \/>\n<meta property=\"og:type\" content=\"article\" \/>\n<meta property=\"og:title\" content=\"Rovdyr i Finnmark - Finnmark\" \/>\n<meta property=\"og:url\" content=\"https:\/\/naturvernforbundet.no\/finnmark\/rovdyr-i-finnmark\/\" \/>\n<meta property=\"og:site_name\" content=\"Finnmark\" \/>\n<meta property=\"article:modified_time\" content=\"2023-02-24T11:19:54+00:00\" \/>\n<meta name=\"twitter:card\" content=\"summary_large_image\" \/>\n<meta name=\"twitter:label1\" content=\"Ansl. lesetid\" \/>\n\t<meta name=\"twitter:data1\" content=\"1 minutt\" \/>\n<script type=\"application\/ld+json\" class=\"yoast-schema-graph\">{\"@context\":\"https:\/\/schema.org\",\"@graph\":[{\"@type\":\"WebPage\",\"@id\":\"https:\/\/naturvernforbundet.no\/finnmark\/rovdyr-i-finnmark\/\",\"url\":\"https:\/\/naturvernforbundet.no\/finnmark\/rovdyr-i-finnmark\/\",\"name\":\"Rovdyr i Finnmark - Finnmark\",\"isPartOf\":{\"@id\":\"https:\/\/naturvernforbundet.no\/finnmark\/#website\"},\"datePublished\":\"2022-10-01T18:44:24+00:00\",\"dateModified\":\"2023-02-24T11:19:54+00:00\",\"breadcrumb\":{\"@id\":\"https:\/\/naturvernforbundet.no\/finnmark\/rovdyr-i-finnmark\/#breadcrumb\"},\"inLanguage\":\"nb-NO\",\"potentialAction\":[{\"@type\":\"ReadAction\",\"target\":[\"https:\/\/naturvernforbundet.no\/finnmark\/rovdyr-i-finnmark\/\"]}]},{\"@type\":\"BreadcrumbList\",\"@id\":\"https:\/\/naturvernforbundet.no\/finnmark\/rovdyr-i-finnmark\/#breadcrumb\",\"itemListElement\":[{\"@type\":\"ListItem\",\"position\":1,\"name\":\"Till naturvernforbundet.no\",\"item\":\"https:\/\/naturvernforbundet.no\/\"},{\"@type\":\"ListItem\",\"position\":2,\"name\":\"Finnmark\",\"item\":\"https:\/\/naturvernforbundet.no\/finnmark\/\"},{\"@type\":\"ListItem\",\"position\":3,\"name\":\"Rovdyr i Finnmark\"}]},{\"@type\":\"WebSite\",\"@id\":\"https:\/\/naturvernforbundet.no\/finnmark\/#website\",\"url\":\"https:\/\/naturvernforbundet.no\/finnmark\/\",\"name\":\"Finnmark\",\"description\":\"Bare enda et Naturvernforbundet Sites-nettsted\",\"potentialAction\":[{\"@type\":\"SearchAction\",\"target\":{\"@type\":\"EntryPoint\",\"urlTemplate\":\"https:\/\/naturvernforbundet.no\/finnmark\/?s={search_term_string}\"},\"query-input\":{\"@type\":\"PropertyValueSpecification\",\"valueRequired\":true,\"valueName\":\"search_term_string\"}}],\"inLanguage\":\"nb-NO\"}]}<\/script>\n<!-- \/ Yoast SEO plugin. -->","yoast_head_json":{"title":"Rovdyr i Finnmark - Finnmark","robots":{"index":"index","follow":"follow","max-snippet":"max-snippet:-1","max-image-preview":"max-image-preview:large","max-video-preview":"max-video-preview:-1"},"canonical":"https:\/\/naturvernforbundet.no\/finnmark\/rovdyr-i-finnmark\/","og_locale":"nb_NO","og_type":"article","og_title":"Rovdyr i Finnmark - Finnmark","og_url":"https:\/\/naturvernforbundet.no\/finnmark\/rovdyr-i-finnmark\/","og_site_name":"Finnmark","article_modified_time":"2023-02-24T11:19:54+00:00","twitter_card":"summary_large_image","twitter_misc":{"Ansl. lesetid":"1 minutt"},"schema":{"@context":"https:\/\/schema.org","@graph":[{"@type":"WebPage","@id":"https:\/\/naturvernforbundet.no\/finnmark\/rovdyr-i-finnmark\/","url":"https:\/\/naturvernforbundet.no\/finnmark\/rovdyr-i-finnmark\/","name":"Rovdyr i Finnmark - Finnmark","isPartOf":{"@id":"https:\/\/naturvernforbundet.no\/finnmark\/#website"},"datePublished":"2022-10-01T18:44:24+00:00","dateModified":"2023-02-24T11:19:54+00:00","breadcrumb":{"@id":"https:\/\/naturvernforbundet.no\/finnmark\/rovdyr-i-finnmark\/#breadcrumb"},"inLanguage":"nb-NO","potentialAction":[{"@type":"ReadAction","target":["https:\/\/naturvernforbundet.no\/finnmark\/rovdyr-i-finnmark\/"]}]},{"@type":"BreadcrumbList","@id":"https:\/\/naturvernforbundet.no\/finnmark\/rovdyr-i-finnmark\/#breadcrumb","itemListElement":[{"@type":"ListItem","position":1,"name":"Till naturvernforbundet.no","item":"https:\/\/naturvernforbundet.no\/"},{"@type":"ListItem","position":2,"name":"Finnmark","item":"https:\/\/naturvernforbundet.no\/finnmark\/"},{"@type":"ListItem","position":3,"name":"Rovdyr i Finnmark"}]},{"@type":"WebSite","@id":"https:\/\/naturvernforbundet.no\/finnmark\/#website","url":"https:\/\/naturvernforbundet.no\/finnmark\/","name":"Finnmark","description":"Bare enda et Naturvernforbundet Sites-nettsted","potentialAction":[{"@type":"SearchAction","target":{"@type":"EntryPoint","urlTemplate":"https:\/\/naturvernforbundet.no\/finnmark\/?s={search_term_string}"},"query-input":{"@type":"PropertyValueSpecification","valueRequired":true,"valueName":"search_term_string"}}],"inLanguage":"nb-NO"}]}},"_links":{"self":[{"href":"https:\/\/naturvernforbundet.no\/finnmark\/wp-json\/wp\/v2\/pages\/340","targetHints":{"allow":["GET"]}}],"collection":[{"href":"https:\/\/naturvernforbundet.no\/finnmark\/wp-json\/wp\/v2\/pages"}],"about":[{"href":"https:\/\/naturvernforbundet.no\/finnmark\/wp-json\/wp\/v2\/types\/page"}],"author":[{"embeddable":true,"href":"https:\/\/naturvernforbundet.no\/finnmark\/wp-json\/wp\/v2\/users\/3"}],"replies":[{"embeddable":true,"href":"https:\/\/naturvernforbundet.no\/finnmark\/wp-json\/wp\/v2\/comments?post=340"}],"version-history":[{"count":7,"href":"https:\/\/naturvernforbundet.no\/finnmark\/wp-json\/wp\/v2\/pages\/340\/revisions"}],"predecessor-version":[{"id":4178,"href":"https:\/\/naturvernforbundet.no\/finnmark\/wp-json\/wp\/v2\/pages\/340\/revisions\/4178"}],"wp:attachment":[{"href":"https:\/\/naturvernforbundet.no\/finnmark\/wp-json\/wp\/v2\/media?parent=340"}],"wp:term":[{"taxonomy":"category","embeddable":true,"href":"https:\/\/naturvernforbundet.no\/finnmark\/wp-json\/wp\/v2\/categories?post=340"}],"curies":[{"name":"wp","href":"https:\/\/api.w.org\/{rel}","templated":true}]}}