{"id":3443,"date":"2023-01-08T14:52:18","date_gmt":"2023-01-08T13:52:18","guid":{"rendered":"https:\/\/naturvernforbundet.no\/finnmark\/?page_id=3443"},"modified":"2023-02-24T12:01:31","modified_gmt":"2023-02-24T11:01:31","slug":"suodjalanguovllut-finnmarkkus","status":"publish","type":"page","link":"https:\/\/naturvernforbundet.no\/finnmark\/suodjalanguovllut-finnmarkkus\/","title":{"rendered":"Suodjalanguovllut Finnm\u00e1rkkus"},"content":{"rendered":"\t<div class=\"template-page has-media alignfull wp-block-naturvern-hero\">\n\t\t<div class=\"hero__inner\">\n\t\t\t<div class=\"hero__inner_blocks\">\n\t\t\t\t\t\t\t\t\n<h1 class=\"wp-block-post-title\">Suodjalanguovllut Finnm\u00e1rkkus<\/h1>\n\n\n<p>Finnm\u00e1rkkus leat d\u00e1l vihtta \u00e1lbmotmeahci (Bajit B\u00e1h\u010daveadji, R\u00e1vtto\u0161vuopmi, Bajit An\u00e1rjohka, Sievju, V\u00e1rjjat) ja muhtun sm\u00e1vit luonddumeahcit. <\/p>\n\n\n\n<div class=\"wp-block-buttons is-layout-flex wp-block-buttons-is-layout-flex\"><\/div>\n\n\t\t\t<\/div>\n\t\t\t\t\t<\/div>\n\t\t\t\t\t<div class=\"hero__image\">\n\t\t\t\t\t\t\t\t\t\t<img decoding=\"async\" width=\"250\" height=\"188\" src=\"https:\/\/naturvernforbundet.no\/content\/uploads\/sites\/12\/2012\/10\/varanger1.jpg2028articlelist29.jpg\" class=\"attachment-ultra size-ultra\" alt=\"\" style=\"object-position: 50% 50%;\" loading=\"eager\" \/>\t\t\t\t\t\t<\/div>\n\t\t\t<\/div>\n\t\n\n\n<p>Finnm\u00e1rkkus leat d\u00e1l vihtta \u00e1lbmotmeahci (Bajit B\u00e1h\u010daveadji, R\u00e1vtto\u0161vuopmi, Bajit An\u00e1rjohka, Sievju, V\u00e1rjjat) ja muhtun sm\u00e1vit luonddumeahcit. <br><br>Birasg\u00e1httendepartemeanta \u00e1igu viiddidit Bajit An\u00e1rjohka \u00e1lbmotmeahci ja \u00e1sahit o\u0111\u0111a \u00e1lbmotmeahci Goahteluobbalii Guovdageainnus ja olu ear\u00e1 o\u0111\u0111a luonddumehciid Jekkiid ja njuoskaguovlluid suodjalanpl\u00e1na bokte. <br><br>Luonddug\u00e1httenlihttu lea oppala\u010d\u010dat mielas \u00e1sahit suodjalanguovlluid, muhto d\u00e1n oktavuo\u0111as mii cuiggodat eisev\u00e1lddiid go \u010da\u0111ahit suodjalanmearr\u00e1dusa bero\u0161keahtt\u00e1 b\u00e1ikki olbmuid oaiviliin.<\/p>\n\n\n\n<div class=\"wp-block-group alignwide is-style-green-light is-layout-constrained wp-block-group-is-layout-constrained\"><div class=\"t2-featured-content-layout alignwide alignwide wp-block-t2-featured-content-layout\">\n<div class=\"t2-featured-query-post t2-featured-content is-post-type-post category-aktuelt category-avjovarri category-innspill category-suodjalanguovllut category-verneomrader wp-block-t2-featured-query-post\"><a class=\"t2-post-link wp-block-t2-post-link\" href=\"https:\/\/naturvernforbundet.no\/finnmark\/luonddugahtten-samis-geaid-ovddas-naturvern-i-sapmi-for-hvem\/\">\n<figure style=\"--t2-focal-point: 50% 50%;\" class=\"t2-post-featured-image has-image-ratio-4-3 wp-block-t2-post-featured-image\"><img loading=\"lazy\" decoding=\"async\" width=\"952\" height=\"634\" src=\"https:\/\/naturvernforbundet.no\/content\/uploads\/sites\/12\/2023\/12\/Illustrasjon_innlegg_fra_Avjovarri.jpg\" class=\"attachment-post-thumbnail size-post-thumbnail wp-post-image\" alt=\"\" srcset=\"https:\/\/naturvernforbundet.no\/content\/uploads\/sites\/12\/2023\/12\/Illustrasjon_innlegg_fra_Avjovarri.jpg 952w, https:\/\/naturvernforbundet.no\/content\/uploads\/sites\/12\/2023\/12\/Illustrasjon_innlegg_fra_Avjovarri-300x200.jpg 300w, https:\/\/naturvernforbundet.no\/content\/uploads\/sites\/12\/2023\/12\/Illustrasjon_innlegg_fra_Avjovarri-768x511.jpg 768w\" sizes=\"auto, (max-width: 952px) 100vw, 952px\" \/><\/figure>\n\n<div class=\"wp-block-group alignfull is-layout-flow wp-block-group-is-layout-flow\">\n\t<h2 class=\"t2-post-title wp-block-t2-post-title\">Luonddug\u00e1htten S\u00e1mis \u2013 geaid ovddas? \/ Naturvern i S\u00e1pmi \u2013 for hvem?<\/h2>\n\t<p class=\"wp-block-naturvern-post-excerpt\">26.-27.10.2023 arrangerte S\u00e1mi allaskuvla konferansen &laquo;Min birrasat \u2013 b\u00e6rekraftige n\u00e6ringer og naturmangfold i S\u00e1pmi. <br>Naturvernforbundet i \u00c1vjov\u00e1rri holdt innlegg under tittelen &laquo;Luonddug\u00e1htten S\u00e1mis \u2013 geaid ovddas? \/ Naturvern i S\u00e1pmi \u2013 for hvem?&raquo; Fra denne legger vi her ut presentasjon og manus til innlegg. Naturvernforbundet i Finnmark har tidligere lagt ut glimt fra konferansen fra et annet lokallag.<\/p>\n\t\t<div class=\"wp-block-naturvern-post-meta\">\n\t\t\t\t\t<span class=\"cat\">\n\t\t\t\t\t\t\t\t\t<span><span class=\"tag-link\" data-href=\"https:\/\/naturvernforbundet.no\/finnmark\/category\/aktuelt\/\">Aktuelt<\/span><\/span>\n\t\t\t\t\t\t\t\t\t<span><span class=\"tag-link\" data-href=\"https:\/\/naturvernforbundet.no\/finnmark\/category\/avjovarri\/\">\u00c1vjov\u00e1rri<\/span><\/span>\n\t\t\t\t\t\t\t\t\t<span><span class=\"tag-link\" data-href=\"https:\/\/naturvernforbundet.no\/finnmark\/category\/innspill\/\">Innspill<\/span><\/span>\n\t\t\t\t\t\t\t\t\t<span><span class=\"tag-link\" data-href=\"https:\/\/naturvernforbundet.no\/finnmark\/category\/suodjalanguovllut\/\">Suodjalanguovllut<\/span><\/span>\n\t\t\t\t\t\t\t\t\t<span><span class=\"tag-link\" data-href=\"https:\/\/naturvernforbundet.no\/finnmark\/category\/verneomrader\/\">Verneomr\u00e5der<\/span><\/span>\n\t\t\t\t\t\t\t<\/span>\n\t\t\t\t\t\t\t<span class=\"date\">06.12.2023<\/span>\n\t\t\t<\/div>\n\t\n<\/div>\n\n<\/a>\n<\/div>\n\n<div class=\"t2-featured-query-post t2-featured-content is-post-type-post category-avjovarri category-suodjalanguovllut wp-block-t2-featured-query-post\"><a class=\"t2-post-link wp-block-t2-post-link\" href=\"https:\/\/naturvernforbundet.no\/finnmark\/guovdageaidnu-ja-karasjohka-berrejit-ovttasbargat-meahccehalddaseami-ja-diehtojuohkima-birra\/\">\n<figure style=\"--t2-focal-point: 50% 50%;\" class=\"t2-post-featured-image has-image-ratio-4-3 wp-block-t2-post-featured-image\"><img loading=\"lazy\" decoding=\"async\" width=\"653\" height=\"436\" src=\"https:\/\/naturvernforbundet.no\/content\/uploads\/sites\/12\/2018\/09\/stuorahpi1.jpg2028articledisplay29.jpg\" class=\"attachment-post-thumbnail size-post-thumbnail wp-post-image\" alt=\"\" srcset=\"https:\/\/naturvernforbundet.no\/content\/uploads\/sites\/12\/2018\/09\/stuorahpi1.jpg2028articledisplay29.jpg 653w, https:\/\/naturvernforbundet.no\/content\/uploads\/sites\/12\/2018\/09\/stuorahpi1.jpg2028articledisplay29-300x200.jpg 300w\" sizes=\"auto, (max-width: 653px) 100vw, 653px\" \/><\/figure>\n\n<div class=\"wp-block-group alignfull is-layout-flow wp-block-group-is-layout-flow\">\n\t<h2 class=\"t2-post-title wp-block-t2-post-title\">Guovdageaidnu ja K\u00e1r\u00e1\u0161johka berrejit ovttasbargat meahcceh\u00e1ldda\u0161eami ja diehtojuohkima birra!<\/h2>\n\t<p class=\"wp-block-naturvern-post-excerpt\">Rabas reive \u00c1vjov\u00e1ri luonddug\u00e1httenlihtus An\u00e1rjoga \u00e1lbmotmeahccestivrii, Guovdageainnu suohkanii ja K\u00e1r\u00e1\u0161joga gildii.<\/p>\n\t\t<div class=\"wp-block-naturvern-post-meta\">\n\t\t\t\t\t<span class=\"cat\">\n\t\t\t\t\t\t\t\t\t<span><span class=\"tag-link\" data-href=\"https:\/\/naturvernforbundet.no\/finnmark\/category\/avjovarri\/\">\u00c1vjov\u00e1rri<\/span><\/span>\n\t\t\t\t\t\t\t\t\t<span><span class=\"tag-link\" data-href=\"https:\/\/naturvernforbundet.no\/finnmark\/category\/suodjalanguovllut\/\">Suodjalanguovllut<\/span><\/span>\n\t\t\t\t\t\t\t<\/span>\n\t\t\t\t\t\t\t<span class=\"date\">23.09.2018<\/span>\n\t\t\t<\/div>\n\t\n<\/div>\n\n<\/a>\n<\/div>\n\n<div class=\"t2-featured-query-post t2-featured-content is-post-type-post category-avjovarri category-suodjalanguovllut wp-block-t2-featured-query-post\"><a class=\"t2-post-link wp-block-t2-post-link\" href=\"https:\/\/naturvernforbundet.no\/finnmark\/boade-seminarii-suodjalanguovlluid-birra\/\">\n<figure style=\"--t2-focal-point: 50% 50%;\" class=\"t2-post-featured-image has-image-ratio-4-3 wp-block-t2-post-featured-image\"><img loading=\"lazy\" decoding=\"async\" width=\"653\" height=\"435\" src=\"https:\/\/naturvernforbundet.no\/content\/uploads\/sites\/12\/2017\/04\/mazeres.jpg2028articledisplay29.jpg\" class=\"attachment-post-thumbnail size-post-thumbnail wp-post-image\" alt=\"\" srcset=\"https:\/\/naturvernforbundet.no\/content\/uploads\/sites\/12\/2017\/04\/mazeres.jpg2028articledisplay29.jpg 653w, https:\/\/naturvernforbundet.no\/content\/uploads\/sites\/12\/2017\/04\/mazeres.jpg2028articledisplay29-300x200.jpg 300w\" sizes=\"auto, (max-width: 653px) 100vw, 653px\" \/><\/figure>\n\n<div class=\"wp-block-group alignfull is-layout-flow wp-block-group-is-layout-flow\">\n\t<h2 class=\"t2-post-title wp-block-t2-post-title\">Boa\u0111e semin\u00e1rii suodjalanguovlluid birra<\/h2>\n\t<p class=\"wp-block-naturvern-post-excerpt\">\u00c1vjov\u00e1ri luonddug\u00e1httenlihttu bovde semin\u00e1rii K\u00e1r\u00e1\u0161jogas 04.03.2017<\/p>\n\t\t<div class=\"wp-block-naturvern-post-meta\">\n\t\t\t\t\t<span class=\"cat\">\n\t\t\t\t\t\t\t\t\t<span><span class=\"tag-link\" data-href=\"https:\/\/naturvernforbundet.no\/finnmark\/category\/avjovarri\/\">\u00c1vjov\u00e1rri<\/span><\/span>\n\t\t\t\t\t\t\t\t\t<span><span class=\"tag-link\" data-href=\"https:\/\/naturvernforbundet.no\/finnmark\/category\/suodjalanguovllut\/\">Suodjalanguovllut<\/span><\/span>\n\t\t\t\t\t\t\t<\/span>\n\t\t\t\t\t\t\t<span class=\"date\">10.02.2017<\/span>\n\t\t\t<\/div>\n\t\n<\/div>\n\n<\/a>\n<\/div>\n<\/div>\n\n\n<div class=\"wp-block-buttons is-layout-flex wp-block-buttons-is-layout-flex\"><\/div>\n<\/div>\n\n\n\n<div class=\"wp-block-buttons is-layout-flex wp-block-buttons-is-layout-flex\">\n<div class=\"wp-block-button\"><a class=\"wp-block-button__link wp-element-button\" href=\"https:\/\/naturvernforbundet.no\/finnmark\/verneomrader-i-finnmark\/\">Norsk<\/a><\/div>\n<\/div>\n","protected":false},"excerpt":{"rendered":"","protected":false},"author":222,"featured_media":0,"parent":0,"menu_order":0,"comment_status":"closed","ping_status":"closed","template":"","meta":{"_relevanssi_hide_post":"","_relevanssi_hide_content":"","_relevanssi_pin_for_all":"","_relevanssi_pin_keywords":"","_relevanssi_unpin_keywords":"","_relevanssi_related_keywords":"","_relevanssi_related_include_ids":"","_relevanssi_related_exclude_ids":"","_relevanssi_related_no_append":"","_relevanssi_related_not_related":"","_relevanssi_related_posts":"","_relevanssi_noindex_reason":"","hide_logo":false,"footnotes":""},"categories":[],"class_list":["post-3443","page","type-page","status-publish","hentry"],"acf":[],"yoast_head":"<!-- This site is optimized with the Yoast SEO plugin v24.9 - https:\/\/yoast.com\/wordpress\/plugins\/seo\/ -->\n<title>Suodjalanguovllut Finnm\u00e1rkkus - Finnmark<\/title>\n<meta name=\"robots\" content=\"index, follow, max-snippet:-1, max-image-preview:large, max-video-preview:-1\" \/>\n<link rel=\"canonical\" href=\"https:\/\/naturvernforbundet.no\/finnmark\/suodjalanguovllut-finnmarkkus\/\" \/>\n<meta property=\"og:locale\" content=\"nb_NO\" \/>\n<meta property=\"og:type\" content=\"article\" \/>\n<meta property=\"og:title\" content=\"Suodjalanguovllut Finnm\u00e1rkkus - Finnmark\" \/>\n<meta property=\"og:url\" content=\"https:\/\/naturvernforbundet.no\/finnmark\/suodjalanguovllut-finnmarkkus\/\" \/>\n<meta property=\"og:site_name\" content=\"Finnmark\" \/>\n<meta property=\"article:modified_time\" content=\"2023-02-24T11:01:31+00:00\" \/>\n<meta name=\"twitter:card\" content=\"summary_large_image\" \/>\n<meta name=\"twitter:label1\" content=\"Ansl. lesetid\" \/>\n\t<meta name=\"twitter:data1\" content=\"1 minutt\" \/>\n<script type=\"application\/ld+json\" class=\"yoast-schema-graph\">{\"@context\":\"https:\/\/schema.org\",\"@graph\":[{\"@type\":\"WebPage\",\"@id\":\"https:\/\/naturvernforbundet.no\/finnmark\/suodjalanguovllut-finnmarkkus\/\",\"url\":\"https:\/\/naturvernforbundet.no\/finnmark\/suodjalanguovllut-finnmarkkus\/\",\"name\":\"Suodjalanguovllut Finnm\u00e1rkkus - Finnmark\",\"isPartOf\":{\"@id\":\"https:\/\/naturvernforbundet.no\/finnmark\/#website\"},\"datePublished\":\"2023-01-08T13:52:18+00:00\",\"dateModified\":\"2023-02-24T11:01:31+00:00\",\"breadcrumb\":{\"@id\":\"https:\/\/naturvernforbundet.no\/finnmark\/suodjalanguovllut-finnmarkkus\/#breadcrumb\"},\"inLanguage\":\"nb-NO\",\"potentialAction\":[{\"@type\":\"ReadAction\",\"target\":[\"https:\/\/naturvernforbundet.no\/finnmark\/suodjalanguovllut-finnmarkkus\/\"]}]},{\"@type\":\"BreadcrumbList\",\"@id\":\"https:\/\/naturvernforbundet.no\/finnmark\/suodjalanguovllut-finnmarkkus\/#breadcrumb\",\"itemListElement\":[{\"@type\":\"ListItem\",\"position\":1,\"name\":\"Till naturvernforbundet.no\",\"item\":\"https:\/\/naturvernforbundet.no\/\"},{\"@type\":\"ListItem\",\"position\":2,\"name\":\"Finnmark\",\"item\":\"https:\/\/naturvernforbundet.no\/finnmark\/\"},{\"@type\":\"ListItem\",\"position\":3,\"name\":\"Suodjalanguovllut Finnm\u00e1rkkus\"}]},{\"@type\":\"WebSite\",\"@id\":\"https:\/\/naturvernforbundet.no\/finnmark\/#website\",\"url\":\"https:\/\/naturvernforbundet.no\/finnmark\/\",\"name\":\"Finnmark\",\"description\":\"Bare enda et Naturvernforbundet Sites-nettsted\",\"potentialAction\":[{\"@type\":\"SearchAction\",\"target\":{\"@type\":\"EntryPoint\",\"urlTemplate\":\"https:\/\/naturvernforbundet.no\/finnmark\/?s={search_term_string}\"},\"query-input\":{\"@type\":\"PropertyValueSpecification\",\"valueRequired\":true,\"valueName\":\"search_term_string\"}}],\"inLanguage\":\"nb-NO\"}]}<\/script>\n<!-- \/ Yoast SEO plugin. -->","yoast_head_json":{"title":"Suodjalanguovllut Finnm\u00e1rkkus - Finnmark","robots":{"index":"index","follow":"follow","max-snippet":"max-snippet:-1","max-image-preview":"max-image-preview:large","max-video-preview":"max-video-preview:-1"},"canonical":"https:\/\/naturvernforbundet.no\/finnmark\/suodjalanguovllut-finnmarkkus\/","og_locale":"nb_NO","og_type":"article","og_title":"Suodjalanguovllut Finnm\u00e1rkkus - Finnmark","og_url":"https:\/\/naturvernforbundet.no\/finnmark\/suodjalanguovllut-finnmarkkus\/","og_site_name":"Finnmark","article_modified_time":"2023-02-24T11:01:31+00:00","twitter_card":"summary_large_image","twitter_misc":{"Ansl. lesetid":"1 minutt"},"schema":{"@context":"https:\/\/schema.org","@graph":[{"@type":"WebPage","@id":"https:\/\/naturvernforbundet.no\/finnmark\/suodjalanguovllut-finnmarkkus\/","url":"https:\/\/naturvernforbundet.no\/finnmark\/suodjalanguovllut-finnmarkkus\/","name":"Suodjalanguovllut Finnm\u00e1rkkus - Finnmark","isPartOf":{"@id":"https:\/\/naturvernforbundet.no\/finnmark\/#website"},"datePublished":"2023-01-08T13:52:18+00:00","dateModified":"2023-02-24T11:01:31+00:00","breadcrumb":{"@id":"https:\/\/naturvernforbundet.no\/finnmark\/suodjalanguovllut-finnmarkkus\/#breadcrumb"},"inLanguage":"nb-NO","potentialAction":[{"@type":"ReadAction","target":["https:\/\/naturvernforbundet.no\/finnmark\/suodjalanguovllut-finnmarkkus\/"]}]},{"@type":"BreadcrumbList","@id":"https:\/\/naturvernforbundet.no\/finnmark\/suodjalanguovllut-finnmarkkus\/#breadcrumb","itemListElement":[{"@type":"ListItem","position":1,"name":"Till naturvernforbundet.no","item":"https:\/\/naturvernforbundet.no\/"},{"@type":"ListItem","position":2,"name":"Finnmark","item":"https:\/\/naturvernforbundet.no\/finnmark\/"},{"@type":"ListItem","position":3,"name":"Suodjalanguovllut Finnm\u00e1rkkus"}]},{"@type":"WebSite","@id":"https:\/\/naturvernforbundet.no\/finnmark\/#website","url":"https:\/\/naturvernforbundet.no\/finnmark\/","name":"Finnmark","description":"Bare enda et Naturvernforbundet Sites-nettsted","potentialAction":[{"@type":"SearchAction","target":{"@type":"EntryPoint","urlTemplate":"https:\/\/naturvernforbundet.no\/finnmark\/?s={search_term_string}"},"query-input":{"@type":"PropertyValueSpecification","valueRequired":true,"valueName":"search_term_string"}}],"inLanguage":"nb-NO"}]}},"_links":{"self":[{"href":"https:\/\/naturvernforbundet.no\/finnmark\/wp-json\/wp\/v2\/pages\/3443","targetHints":{"allow":["GET"]}}],"collection":[{"href":"https:\/\/naturvernforbundet.no\/finnmark\/wp-json\/wp\/v2\/pages"}],"about":[{"href":"https:\/\/naturvernforbundet.no\/finnmark\/wp-json\/wp\/v2\/types\/page"}],"author":[{"embeddable":true,"href":"https:\/\/naturvernforbundet.no\/finnmark\/wp-json\/wp\/v2\/users\/222"}],"replies":[{"embeddable":true,"href":"https:\/\/naturvernforbundet.no\/finnmark\/wp-json\/wp\/v2\/comments?post=3443"}],"version-history":[{"count":8,"href":"https:\/\/naturvernforbundet.no\/finnmark\/wp-json\/wp\/v2\/pages\/3443\/revisions"}],"predecessor-version":[{"id":4173,"href":"https:\/\/naturvernforbundet.no\/finnmark\/wp-json\/wp\/v2\/pages\/3443\/revisions\/4173"}],"wp:attachment":[{"href":"https:\/\/naturvernforbundet.no\/finnmark\/wp-json\/wp\/v2\/media?parent=3443"}],"wp:term":[{"taxonomy":"category","embeddable":true,"href":"https:\/\/naturvernforbundet.no\/finnmark\/wp-json\/wp\/v2\/categories?post=3443"}],"curies":[{"name":"wp","href":"https:\/\/api.w.org\/{rel}","templated":true}]}}