{"id":12768,"date":"2025-01-24T11:16:21","date_gmt":"2025-01-24T10:16:21","guid":{"rendered":"https:\/\/naturvernforbundet.no\/hordaland\/?page_id=12768"},"modified":"2025-01-24T12:10:48","modified_gmt":"2025-01-24T11:10:48","slug":"plast-i-kommune-og-fylke","status":"publish","type":"page","link":"https:\/\/naturvernforbundet.no\/hordaland\/plast\/plast-i-kommune-og-fylke\/","title":{"rendered":"Plast i kommune og fylke"},"content":{"rendered":"\t<div class=\"template-page alignfull wp-block-naturvern-hero\">\n\t\t<div class=\"hero__inner\">\n\t\t\t<div class=\"hero__inner_blocks\">\n\t\t\t\t\t\t\t\t\n<h1 class=\"wp-block-post-title\">Plast i kommune og fylke<\/h1>\n\n\n<p> Hva kan din kommune gj\u00f8re p\u00e5 veien mot et sirkul\u00e6rt samfunn?<\/p>\n\n\n\n<div class=\"wp-block-buttons is-layout-flex wp-block-buttons-is-layout-flex\"><\/div>\n\n\t\t\t<\/div>\n\t\t\t\t\t<\/div>\n\t\t\t<\/div>\n\t\n\n\n<p><\/p>\n\n\n<div class=\"t2-featured-content-layout alignwide alignwide wp-block-t2-featured-content-layout\">\n<div class=\"t2-featured-single-post t2-featured-content is-post-type-post category-aktuelt category-plast category-politikk local-askoy local-bergen local-bjornafjorden local-hardanger local-kvinnherad local-nordhordland local-oygarden local-stord local-voss-naturvernlag wp-block-t2-featured-single-post\"><a class=\"t2-post-link wp-block-t2-post-link\" href=\"https:\/\/naturvernforbundet.no\/hordaland\/hva-gjor-din-kommune-med-plast\/\">\n<figure style=\"--t2-focal-point: 50% 50%;\" class=\"t2-post-featured-image has-image-ratio-4-3 wp-block-t2-post-featured-image\"><img loading=\"lazy\" decoding=\"async\" width=\"1920\" height=\"1080\" src=\"https:\/\/naturvernforbundet.no\/content\/uploads\/sites\/13\/2024\/12\/Framtid_Kommun_1920x1080_Illustrasjon-av-Nina-Wennersten-Make-Your-Mark-Naturvardsverket.png\" class=\"attachment-post-thumbnail size-post-thumbnail wp-post-image\" alt=\"\" srcset=\"https:\/\/naturvernforbundet.no\/content\/uploads\/sites\/13\/2024\/12\/Framtid_Kommun_1920x1080_Illustrasjon-av-Nina-Wennersten-Make-Your-Mark-Naturvardsverket.png 1920w, https:\/\/naturvernforbundet.no\/content\/uploads\/sites\/13\/2024\/12\/Framtid_Kommun_1920x1080_Illustrasjon-av-Nina-Wennersten-Make-Your-Mark-Naturvardsverket-300x169.png 300w, https:\/\/naturvernforbundet.no\/content\/uploads\/sites\/13\/2024\/12\/Framtid_Kommun_1920x1080_Illustrasjon-av-Nina-Wennersten-Make-Your-Mark-Naturvardsverket-1024x576.png 1024w, https:\/\/naturvernforbundet.no\/content\/uploads\/sites\/13\/2024\/12\/Framtid_Kommun_1920x1080_Illustrasjon-av-Nina-Wennersten-Make-Your-Mark-Naturvardsverket-768x432.png 768w, https:\/\/naturvernforbundet.no\/content\/uploads\/sites\/13\/2024\/12\/Framtid_Kommun_1920x1080_Illustrasjon-av-Nina-Wennersten-Make-Your-Mark-Naturvardsverket-1536x864.png 1536w\" sizes=\"auto, (max-width: 1920px) 100vw, 1920px\" \/><\/figure>\n\n<div class=\"wp-block-group alignfull is-layout-flow wp-block-group-is-layout-flow\">\n\t<h2 class=\"t2-post-title wp-block-t2-post-title\">Hva gj\u00f8r din kommune med plast?<\/h2>\n\t<p class=\"wp-block-naturvern-post-excerpt\">Vi har gjennomg\u00e5tt planene til alle kommunene i Hordaland for \u00e5 sjekke hva de sier om plast. Synes du at politikerne i din kommune kan gj\u00f8re mer i kampen mot plast? Du finner din kommune under.<\/p>\n\t\t<div class=\"wp-block-naturvern-post-meta\">\n\t\t\t\t\t<span class=\"cat\">\n\t\t\t\t\t\t\t\t\t<span><span class=\"tag-link\" data-href=\"https:\/\/naturvernforbundet.no\/hordaland\/category\/aktuelt\/\">Aktuelt<\/span><\/span>\n\t\t\t\t\t\t\t\t\t<span><span class=\"tag-link\" data-href=\"https:\/\/naturvernforbundet.no\/hordaland\/category\/plast\/\">Plast<\/span><\/span>\n\t\t\t\t\t\t\t\t\t<span><span class=\"tag-link\" data-href=\"https:\/\/naturvernforbundet.no\/hordaland\/category\/politikk\/\">Politikk<\/span><\/span>\n\t\t\t\t\t\t\t<\/span>\n\t\t\t\t\t\t\t<span class=\"date\">19.12.2024<\/span>\n\t\t\t<\/div>\n\t\n<\/div>\n\n<\/a>\n<\/div>\n\n<div class=\"t2-featured-single-post t2-featured-content is-post-type-post category-aktuelt category-naturvest category-plast wp-block-t2-featured-single-post\"><a class=\"t2-post-link wp-block-t2-post-link\" href=\"https:\/\/naturvernforbundet.no\/hordaland\/slik-lager-du-en-plaststrategi\/\">\n<figure style=\"--t2-focal-point: 50% 50%;\" class=\"t2-post-featured-image has-image-ratio-4-3 wp-block-t2-post-featured-image\"><img loading=\"lazy\" decoding=\"async\" width=\"2560\" height=\"1920\" src=\"https:\/\/naturvernforbundet.no\/content\/uploads\/sites\/13\/2024\/12\/Ellen-Astrup-9_foto-Ingvild-Sundal-Joys-for-NVH-scaled.jpg\" class=\"attachment-post-thumbnail size-post-thumbnail wp-post-image\" alt=\"Ellen Astrup foran en r\u00f8d trapp\" srcset=\"https:\/\/naturvernforbundet.no\/content\/uploads\/sites\/13\/2024\/12\/Ellen-Astrup-9_foto-Ingvild-Sundal-Joys-for-NVH-scaled.jpg 2560w, https:\/\/naturvernforbundet.no\/content\/uploads\/sites\/13\/2024\/12\/Ellen-Astrup-9_foto-Ingvild-Sundal-Joys-for-NVH-300x225.jpg 300w, https:\/\/naturvernforbundet.no\/content\/uploads\/sites\/13\/2024\/12\/Ellen-Astrup-9_foto-Ingvild-Sundal-Joys-for-NVH-1024x768.jpg 1024w, https:\/\/naturvernforbundet.no\/content\/uploads\/sites\/13\/2024\/12\/Ellen-Astrup-9_foto-Ingvild-Sundal-Joys-for-NVH-768x576.jpg 768w, https:\/\/naturvernforbundet.no\/content\/uploads\/sites\/13\/2024\/12\/Ellen-Astrup-9_foto-Ingvild-Sundal-Joys-for-NVH-1536x1152.jpg 1536w, https:\/\/naturvernforbundet.no\/content\/uploads\/sites\/13\/2024\/12\/Ellen-Astrup-9_foto-Ingvild-Sundal-Joys-for-NVH-2048x1536.jpg 2048w, https:\/\/naturvernforbundet.no\/content\/uploads\/sites\/13\/2024\/12\/Ellen-Astrup-9_foto-Ingvild-Sundal-Joys-for-NVH-1920x1440.jpg 1920w\" sizes=\"auto, (max-width: 2560px) 100vw, 2560px\" \/><\/figure>\n\n<div class=\"wp-block-group alignfull is-layout-flow wp-block-group-is-layout-flow\">\n\t<h2 class=\"t2-post-title wp-block-t2-post-title\">Slik lager du en plaststrategi<\/h2>\n\t<p class=\"wp-block-naturvern-post-excerpt\">En plaststrategi setter rammene for hvordan kommunen skal h\u00e5ndtere plastproblemene. Samfunnsgeograf Ellen Astrup bidro i arbeidet med Voss herad sin plaststrategi, og deler erfaringer med oss.<\/p>\n\t\t<div class=\"wp-block-naturvern-post-meta\">\n\t\t\t\t\t<span class=\"cat\">\n\t\t\t\t\t\t\t\t\t<span><span class=\"tag-link\" data-href=\"https:\/\/naturvernforbundet.no\/hordaland\/category\/aktuelt\/\">Aktuelt<\/span><\/span>\n\t\t\t\t\t\t\t\t\t<span><span class=\"tag-link\" data-href=\"https:\/\/naturvernforbundet.no\/hordaland\/category\/naturvest\/\">NaturVest<\/span><\/span>\n\t\t\t\t\t\t\t\t\t<span><span class=\"tag-link\" data-href=\"https:\/\/naturvernforbundet.no\/hordaland\/category\/plast\/\">Plast<\/span><\/span>\n\t\t\t\t\t\t\t<\/span>\n\t\t\t\t\t\t\t<span class=\"date\">20.12.2024<\/span>\n\t\t\t<\/div>\n\t\n<\/div>\n\n<\/a>\n<\/div>\n<\/div>","protected":false},"excerpt":{"rendered":"","protected":false},"author":118,"featured_media":0,"parent":1289,"menu_order":0,"comment_status":"closed","ping_status":"closed","template":"","meta":{"_relevanssi_hide_post":"","_relevanssi_hide_content":"","_relevanssi_pin_for_all":"","_relevanssi_pin_keywords":"","_relevanssi_unpin_keywords":"","_relevanssi_related_keywords":"","_relevanssi_related_include_ids":"","_relevanssi_related_exclude_ids":"","_relevanssi_related_no_append":"","_relevanssi_related_not_related":"","_relevanssi_related_posts":"10326,675,1379,4510,7607,109","_relevanssi_noindex_reason":"","t2_featured_media_focal_point":{"x":0.5,"y":0.5},"hide_logo":false,"footnotes":""},"categories":[26],"class_list":["post-12768","page","type-page","status-publish","hentry","category-plast"],"acf":[],"yoast_head":"<!-- This site is optimized with the Yoast SEO plugin v24.9 - https:\/\/yoast.com\/wordpress\/plugins\/seo\/ -->\n<title>Plast i kommune og fylke - Hordaland<\/title>\n<meta name=\"robots\" content=\"index, follow, max-snippet:-1, max-image-preview:large, max-video-preview:-1\" \/>\n<link rel=\"canonical\" href=\"https:\/\/naturvernforbundet.no\/hordaland\/plast\/plast-i-kommune-og-fylke\/\" \/>\n<meta property=\"og:locale\" content=\"nb_NO\" \/>\n<meta property=\"og:type\" content=\"article\" \/>\n<meta property=\"og:title\" content=\"Plast i kommune og fylke - Hordaland\" \/>\n<meta property=\"og:url\" content=\"https:\/\/naturvernforbundet.no\/hordaland\/plast\/plast-i-kommune-og-fylke\/\" \/>\n<meta property=\"og:site_name\" content=\"Hordaland\" \/>\n<meta property=\"article:publisher\" content=\"https:\/\/www.facebook.com\/naturvernforbundet.hordaland\" \/>\n<meta property=\"article:modified_time\" content=\"2025-01-24T11:10:48+00:00\" \/>\n<meta name=\"twitter:card\" content=\"summary_large_image\" \/>\n<meta name=\"twitter:label1\" content=\"Ansl. lesetid\" \/>\n\t<meta name=\"twitter:data1\" content=\"1 minutt\" \/>\n<script type=\"application\/ld+json\" class=\"yoast-schema-graph\">{\"@context\":\"https:\/\/schema.org\",\"@graph\":[{\"@type\":\"WebPage\",\"@id\":\"https:\/\/naturvernforbundet.no\/hordaland\/plast\/plast-i-kommune-og-fylke\/\",\"url\":\"https:\/\/naturvernforbundet.no\/hordaland\/plast\/plast-i-kommune-og-fylke\/\",\"name\":\"Plast i kommune og fylke - Hordaland\",\"isPartOf\":{\"@id\":\"https:\/\/naturvernforbundet.no\/hordaland\/#website\"},\"datePublished\":\"2025-01-24T10:16:21+00:00\",\"dateModified\":\"2025-01-24T11:10:48+00:00\",\"breadcrumb\":{\"@id\":\"https:\/\/naturvernforbundet.no\/hordaland\/plast\/plast-i-kommune-og-fylke\/#breadcrumb\"},\"inLanguage\":\"nb-NO\",\"potentialAction\":[{\"@type\":\"ReadAction\",\"target\":[\"https:\/\/naturvernforbundet.no\/hordaland\/plast\/plast-i-kommune-og-fylke\/\"]}]},{\"@type\":\"BreadcrumbList\",\"@id\":\"https:\/\/naturvernforbundet.no\/hordaland\/plast\/plast-i-kommune-og-fylke\/#breadcrumb\",\"itemListElement\":[{\"@type\":\"ListItem\",\"position\":1,\"name\":\"Till naturvernforbundet.no\",\"item\":\"https:\/\/naturvernforbundet.no\/\"},{\"@type\":\"ListItem\",\"position\":2,\"name\":\"Hordaland\",\"item\":\"https:\/\/naturvernforbundet.no\/hordaland\/\"},{\"@type\":\"ListItem\",\"position\":3,\"name\":\"Plast og forurensning\",\"item\":\"https:\/\/naturvernforbundet.no\/hordaland\/plast\/\"},{\"@type\":\"ListItem\",\"position\":4,\"name\":\"Plast i kommune og fylke\"}]},{\"@type\":\"WebSite\",\"@id\":\"https:\/\/naturvernforbundet.no\/hordaland\/#website\",\"url\":\"https:\/\/naturvernforbundet.no\/hordaland\/\",\"name\":\"Hordaland\",\"description\":\"\",\"publisher\":{\"@id\":\"https:\/\/naturvernforbundet.no\/hordaland\/#organization\"},\"potentialAction\":[{\"@type\":\"SearchAction\",\"target\":{\"@type\":\"EntryPoint\",\"urlTemplate\":\"https:\/\/naturvernforbundet.no\/hordaland\/?s={search_term_string}\"},\"query-input\":{\"@type\":\"PropertyValueSpecification\",\"valueRequired\":true,\"valueName\":\"search_term_string\"}}],\"inLanguage\":\"nb-NO\"},{\"@type\":\"Organization\",\"@id\":\"https:\/\/naturvernforbundet.no\/hordaland\/#organization\",\"name\":\"Naturvernforbundet Hordaland\",\"url\":\"https:\/\/naturvernforbundet.no\/hordaland\/\",\"logo\":{\"@type\":\"ImageObject\",\"inLanguage\":\"nb-NO\",\"@id\":\"https:\/\/naturvernforbundet.no\/hordaland\/#\/schema\/logo\/image\/\",\"url\":\"https:\/\/naturvernforbundet.no\/content\/uploads\/sites\/13\/2022\/11\/Logo_Hordaland_transparent.png\",\"contentUrl\":\"https:\/\/naturvernforbundet.no\/content\/uploads\/sites\/13\/2022\/11\/Logo_Hordaland_transparent.png\",\"width\":1095,\"height\":203,\"caption\":\"Naturvernforbundet Hordaland\"},\"image\":{\"@id\":\"https:\/\/naturvernforbundet.no\/hordaland\/#\/schema\/logo\/image\/\"},\"sameAs\":[\"https:\/\/www.facebook.com\/naturvernforbundet.hordaland\",\"https:\/\/www.instagram.com\/naturvern_hordaland\/\",\"https:\/\/www.flickr.com\/photos\/naturvernforbundet_hordaland\/\"]}]}<\/script>\n<!-- \/ Yoast SEO plugin. -->","yoast_head_json":{"title":"Plast i kommune og fylke - Hordaland","robots":{"index":"index","follow":"follow","max-snippet":"max-snippet:-1","max-image-preview":"max-image-preview:large","max-video-preview":"max-video-preview:-1"},"canonical":"https:\/\/naturvernforbundet.no\/hordaland\/plast\/plast-i-kommune-og-fylke\/","og_locale":"nb_NO","og_type":"article","og_title":"Plast i kommune og fylke - Hordaland","og_url":"https:\/\/naturvernforbundet.no\/hordaland\/plast\/plast-i-kommune-og-fylke\/","og_site_name":"Hordaland","article_publisher":"https:\/\/www.facebook.com\/naturvernforbundet.hordaland","article_modified_time":"2025-01-24T11:10:48+00:00","twitter_card":"summary_large_image","twitter_misc":{"Ansl. lesetid":"1 minutt"},"schema":{"@context":"https:\/\/schema.org","@graph":[{"@type":"WebPage","@id":"https:\/\/naturvernforbundet.no\/hordaland\/plast\/plast-i-kommune-og-fylke\/","url":"https:\/\/naturvernforbundet.no\/hordaland\/plast\/plast-i-kommune-og-fylke\/","name":"Plast i kommune og fylke - Hordaland","isPartOf":{"@id":"https:\/\/naturvernforbundet.no\/hordaland\/#website"},"datePublished":"2025-01-24T10:16:21+00:00","dateModified":"2025-01-24T11:10:48+00:00","breadcrumb":{"@id":"https:\/\/naturvernforbundet.no\/hordaland\/plast\/plast-i-kommune-og-fylke\/#breadcrumb"},"inLanguage":"nb-NO","potentialAction":[{"@type":"ReadAction","target":["https:\/\/naturvernforbundet.no\/hordaland\/plast\/plast-i-kommune-og-fylke\/"]}]},{"@type":"BreadcrumbList","@id":"https:\/\/naturvernforbundet.no\/hordaland\/plast\/plast-i-kommune-og-fylke\/#breadcrumb","itemListElement":[{"@type":"ListItem","position":1,"name":"Till naturvernforbundet.no","item":"https:\/\/naturvernforbundet.no\/"},{"@type":"ListItem","position":2,"name":"Hordaland","item":"https:\/\/naturvernforbundet.no\/hordaland\/"},{"@type":"ListItem","position":3,"name":"Plast og forurensning","item":"https:\/\/naturvernforbundet.no\/hordaland\/plast\/"},{"@type":"ListItem","position":4,"name":"Plast i kommune og fylke"}]},{"@type":"WebSite","@id":"https:\/\/naturvernforbundet.no\/hordaland\/#website","url":"https:\/\/naturvernforbundet.no\/hordaland\/","name":"Hordaland","description":"","publisher":{"@id":"https:\/\/naturvernforbundet.no\/hordaland\/#organization"},"potentialAction":[{"@type":"SearchAction","target":{"@type":"EntryPoint","urlTemplate":"https:\/\/naturvernforbundet.no\/hordaland\/?s={search_term_string}"},"query-input":{"@type":"PropertyValueSpecification","valueRequired":true,"valueName":"search_term_string"}}],"inLanguage":"nb-NO"},{"@type":"Organization","@id":"https:\/\/naturvernforbundet.no\/hordaland\/#organization","name":"Naturvernforbundet Hordaland","url":"https:\/\/naturvernforbundet.no\/hordaland\/","logo":{"@type":"ImageObject","inLanguage":"nb-NO","@id":"https:\/\/naturvernforbundet.no\/hordaland\/#\/schema\/logo\/image\/","url":"https:\/\/naturvernforbundet.no\/content\/uploads\/sites\/13\/2022\/11\/Logo_Hordaland_transparent.png","contentUrl":"https:\/\/naturvernforbundet.no\/content\/uploads\/sites\/13\/2022\/11\/Logo_Hordaland_transparent.png","width":1095,"height":203,"caption":"Naturvernforbundet Hordaland"},"image":{"@id":"https:\/\/naturvernforbundet.no\/hordaland\/#\/schema\/logo\/image\/"},"sameAs":["https:\/\/www.facebook.com\/naturvernforbundet.hordaland","https:\/\/www.instagram.com\/naturvern_hordaland\/","https:\/\/www.flickr.com\/photos\/naturvernforbundet_hordaland\/"]}]}},"_links":{"self":[{"href":"https:\/\/naturvernforbundet.no\/hordaland\/wp-json\/wp\/v2\/pages\/12768","targetHints":{"allow":["GET"]}}],"collection":[{"href":"https:\/\/naturvernforbundet.no\/hordaland\/wp-json\/wp\/v2\/pages"}],"about":[{"href":"https:\/\/naturvernforbundet.no\/hordaland\/wp-json\/wp\/v2\/types\/page"}],"author":[{"embeddable":true,"href":"https:\/\/naturvernforbundet.no\/hordaland\/wp-json\/wp\/v2\/users\/118"}],"replies":[{"embeddable":true,"href":"https:\/\/naturvernforbundet.no\/hordaland\/wp-json\/wp\/v2\/comments?post=12768"}],"version-history":[{"count":2,"href":"https:\/\/naturvernforbundet.no\/hordaland\/wp-json\/wp\/v2\/pages\/12768\/revisions"}],"predecessor-version":[{"id":12772,"href":"https:\/\/naturvernforbundet.no\/hordaland\/wp-json\/wp\/v2\/pages\/12768\/revisions\/12772"}],"up":[{"embeddable":true,"href":"https:\/\/naturvernforbundet.no\/hordaland\/wp-json\/wp\/v2\/pages\/1289"}],"wp:attachment":[{"href":"https:\/\/naturvernforbundet.no\/hordaland\/wp-json\/wp\/v2\/media?parent=12768"}],"wp:term":[{"taxonomy":"category","embeddable":true,"href":"https:\/\/naturvernforbundet.no\/hordaland\/wp-json\/wp\/v2\/categories?post=12768"}],"curies":[{"name":"wp","href":"https:\/\/api.w.org\/{rel}","templated":true}]}}