{"id":15496,"date":"2025-09-15T12:07:26","date_gmt":"2025-09-15T10:07:26","guid":{"rendered":"https:\/\/naturvernforbundet.no\/hordaland\/?page_id=15496"},"modified":"2025-09-15T15:32:34","modified_gmt":"2025-09-15T13:32:34","slug":"vassdragsvern","status":"publish","type":"page","link":"https:\/\/naturvernforbundet.no\/hordaland\/vern\/vassdragsvern\/","title":{"rendered":"Vassdragsvern"},"content":{"rendered":"\t<div class=\"template-page has-media alignfull wp-block-naturvern-hero\">\n\t\t<div class=\"hero__inner\">\n\t\t\t<div class=\"hero__inner_blocks\">\n\t\t\t\t\t\t\t\t\n<h1 class=\"wp-block-post-title\">Vassdragsvern<\/h1>\n\n\n<p>Vi har kjempet for elvene v\u00e5re i mer enn 100 \u00e5r. L\u00e6r om v\u00e5rt arbeid for \u00e5 beskytte vassdragene<\/p>\n\n\n\n<div class=\"wp-block-buttons is-layout-flex wp-block-buttons-is-layout-flex\"><\/div>\n\n\t\t\t<\/div>\n\t\t\t\t\t<\/div>\n\t\t\t\t\t<div class=\"hero__image\">\n\t\t\t\t\t\t\t\t\t\t<img fetchpriority=\"high\" decoding=\"async\" width=\"1920\" height=\"1440\" src=\"https:\/\/naturvernforbundet.no\/content\/uploads\/sites\/13\/2025\/02\/Raundalselva-below-surface-1920x1440.jpg\" class=\"attachment-ultra size-ultra\" alt=\"\" style=\"object-position: 48% 71%;\" loading=\"eager\" srcset=\"https:\/\/naturvernforbundet.no\/content\/uploads\/sites\/13\/2025\/02\/Raundalselva-below-surface-1920x1440.jpg 1920w, https:\/\/naturvernforbundet.no\/content\/uploads\/sites\/13\/2025\/02\/Raundalselva-below-surface-300x225.jpg 300w, https:\/\/naturvernforbundet.no\/content\/uploads\/sites\/13\/2025\/02\/Raundalselva-below-surface-1024x768.jpg 1024w, https:\/\/naturvernforbundet.no\/content\/uploads\/sites\/13\/2025\/02\/Raundalselva-below-surface-768x576.jpg 768w, https:\/\/naturvernforbundet.no\/content\/uploads\/sites\/13\/2025\/02\/Raundalselva-below-surface-1536x1152.jpg 1536w, https:\/\/naturvernforbundet.no\/content\/uploads\/sites\/13\/2025\/02\/Raundalselva-below-surface-2048x1536.jpg 2048w\" sizes=\"(max-width: 1920px) 100vw, 1920px\" \/>\t\t\t\t\t\t<\/div>\n\t\t\t<\/div>\n\t\n\n\n<div class=\"wp-block-media-text alignwide is-stacked-on-mobile\"><figure class=\"wp-block-media-text__media\"><img loading=\"lazy\" decoding=\"async\" width=\"679\" height=\"1024\" src=\"https:\/\/naturvernforbundet.no\/content\/uploads\/sites\/13\/2025\/09\/250617_Raudalselva-3_Portra-400-hoyopploselig_foto-Ingvild-Sundal-Joys-679x1024.jpg\" alt=\"\" class=\"wp-image-15501 size-full\" srcset=\"https:\/\/naturvernforbundet.no\/content\/uploads\/sites\/13\/2025\/09\/250617_Raudalselva-3_Portra-400-hoyopploselig_foto-Ingvild-Sundal-Joys-679x1024.jpg 679w, https:\/\/naturvernforbundet.no\/content\/uploads\/sites\/13\/2025\/09\/250617_Raudalselva-3_Portra-400-hoyopploselig_foto-Ingvild-Sundal-Joys-199x300.jpg 199w, https:\/\/naturvernforbundet.no\/content\/uploads\/sites\/13\/2025\/09\/250617_Raudalselva-3_Portra-400-hoyopploselig_foto-Ingvild-Sundal-Joys-768x1158.jpg 768w, https:\/\/naturvernforbundet.no\/content\/uploads\/sites\/13\/2025\/09\/250617_Raudalselva-3_Portra-400-hoyopploselig_foto-Ingvild-Sundal-Joys-1019x1536.jpg 1019w, https:\/\/naturvernforbundet.no\/content\/uploads\/sites\/13\/2025\/09\/250617_Raudalselva-3_Portra-400-hoyopploselig_foto-Ingvild-Sundal-Joys-1358x2048.jpg 1358w, https:\/\/naturvernforbundet.no\/content\/uploads\/sites\/13\/2025\/09\/250617_Raudalselva-3_Portra-400-hoyopploselig_foto-Ingvild-Sundal-Joys-1273x1920.jpg 1273w, https:\/\/naturvernforbundet.no\/content\/uploads\/sites\/13\/2025\/09\/250617_Raudalselva-3_Portra-400-hoyopploselig_foto-Ingvild-Sundal-Joys-scaled.jpg 1698w\" sizes=\"auto, (max-width: 679px) 100vw, 679px\" \/><span class=\"t2-image-credit-name\">Ingvild Sundal Joys<\/span><\/figure><div class=\"wp-block-media-text__content\">\n<h2 class=\"wp-block-heading\" id=\"uthulet-vassdragsvern\">Uthulet vassdragsvern<\/h2>\n\n\n\n<p>P\u00e5 hundre \u00e5r har vi lagt 2\/3 av norske vassdrag i r\u00f8r.&nbsp;<a href=\"https:\/\/naturvernforbundet.no\/hordaland\/kampen-for-vassdragsvern-var-lang-men-meningsfylt\/\">Verneplanene kom en etter en<\/a>, og vernet n\u00f8ye utvalgte elver og fosser mot utbygging av vannkraftverk over 1 MW. Uten h\u00f8ring eller utredning vedtok plutselig Stortinget 13. februar 2025 \u00e5 \u00e5pne opp for bygging av vannkraft hvis samfunnsnytten er \u00abbetydelig\u00bb. Verneplanene gjelder fortsatt \u2013 men hva st\u00e5r igjen av vernet? Naturverner Synn\u00f8ve Kvamme forteller om hva som har skjedd med vassdragsvernet, og hvorfor det \u00e5 engasjere seg er det viktigste man kan gj\u00f8re for \u00e5 ta vare p\u00e5 naturen. Til venstre ser du den varig vernede Raundalselva i Voss herad. <\/p>\n\n\n\n<iframe data-testid=\"embed-iframe\" style=\"border-radius:12px\" src=\"https:\/\/open.spotify.com\/embed\/episode\/425qCB27roBiCknFs5mRSD?utm_source=generator\" width=\"100%\" height=\"152\" frameBorder=\"0\" allowfullscreen=\"\" allow=\"autoplay; clipboard-write; encrypted-media; fullscreen; picture-in-picture\" loading=\"lazy\"><\/iframe>\n\n\n\n<div class=\"wp-block-buttons is-layout-flex wp-block-buttons-is-layout-flex\">\n<div class=\"wp-block-button\"><a class=\"wp-block-button__link wp-element-button\" href=\"https:\/\/naturvernforbundet.no\/hordaland\/uthulet-vassdragsvern\/\">Les artikkelen<\/a><\/div>\n<\/div>\n<\/div><\/div>\n\n\n\n<p><\/p>\n","protected":false},"excerpt":{"rendered":"","protected":false},"author":118,"featured_media":15501,"parent":13108,"menu_order":0,"comment_status":"closed","ping_status":"closed","template":"","meta":{"_relevanssi_hide_post":"","_relevanssi_hide_content":"","_relevanssi_pin_for_all":"","_relevanssi_pin_keywords":"","_relevanssi_unpin_keywords":"","_relevanssi_related_keywords":"","_relevanssi_related_include_ids":"","_relevanssi_related_exclude_ids":"","_relevanssi_related_no_append":"","_relevanssi_related_not_related":"","_relevanssi_related_posts":"11793,13022,455,7112,12550,14500","_relevanssi_noindex_reason":"","t2_featured_media_focal_point":{"x":0.48,"y":0.65},"hide_logo":false,"footnotes":""},"categories":[73],"class_list":["post-15496","page","type-page","status-publish","has-post-thumbnail","hentry","category-vassdrag"],"acf":[],"yoast_head":"<!-- This site is optimized with the Yoast SEO plugin v24.9 - https:\/\/yoast.com\/wordpress\/plugins\/seo\/ -->\n<title>Vassdragsvern - Hordaland<\/title>\n<meta name=\"description\" content=\"Naturvernforbundet Hordaland har kjempet for elvene v\u00e5re i mer enn 100 \u00e5r. L\u00e6r om v\u00e5rt arbeid for \u00e5 beskytte vassdragene\" \/>\n<meta name=\"robots\" content=\"index, follow, max-snippet:-1, max-image-preview:large, max-video-preview:-1\" \/>\n<link rel=\"canonical\" href=\"https:\/\/naturvernforbundet.no\/hordaland\/vern\/vassdragsvern\/\" \/>\n<meta property=\"og:locale\" content=\"nb_NO\" \/>\n<meta property=\"og:type\" content=\"article\" \/>\n<meta property=\"og:title\" content=\"Vassdragsvern - Hordaland\" \/>\n<meta property=\"og:description\" content=\"Naturvernforbundet Hordaland har kjempet for elvene v\u00e5re i mer enn 100 \u00e5r. L\u00e6r om v\u00e5rt arbeid for \u00e5 beskytte vassdragene\" \/>\n<meta property=\"og:url\" content=\"https:\/\/naturvernforbundet.no\/hordaland\/vern\/vassdragsvern\/\" \/>\n<meta property=\"og:site_name\" content=\"Hordaland\" \/>\n<meta property=\"article:publisher\" content=\"https:\/\/www.facebook.com\/naturvernforbundet.hordaland\" \/>\n<meta property=\"article:modified_time\" content=\"2025-09-15T13:32:34+00:00\" \/>\n<meta property=\"og:image\" content=\"https:\/\/naturvernforbundet.no\/content\/uploads\/sites\/13\/2025\/09\/250617_Raudalselva-3_Portra-400-hoyopploselig_foto-Ingvild-Sundal-Joys-scaled.jpg\" \/>\n\t<meta property=\"og:image:width\" content=\"1698\" \/>\n\t<meta property=\"og:image:height\" content=\"2560\" \/>\n\t<meta property=\"og:image:type\" content=\"image\/jpeg\" \/>\n<meta name=\"twitter:card\" content=\"summary_large_image\" \/>\n<meta name=\"twitter:label1\" content=\"Ansl. lesetid\" \/>\n\t<meta name=\"twitter:data1\" content=\"2 minutter\" \/>\n<script type=\"application\/ld+json\" class=\"yoast-schema-graph\">{\"@context\":\"https:\/\/schema.org\",\"@graph\":[{\"@type\":\"WebPage\",\"@id\":\"https:\/\/naturvernforbundet.no\/hordaland\/vern\/vassdragsvern\/\",\"url\":\"https:\/\/naturvernforbundet.no\/hordaland\/vern\/vassdragsvern\/\",\"name\":\"Vassdragsvern - Hordaland\",\"isPartOf\":{\"@id\":\"https:\/\/naturvernforbundet.no\/hordaland\/#website\"},\"primaryImageOfPage\":{\"@id\":\"https:\/\/naturvernforbundet.no\/hordaland\/vern\/vassdragsvern\/#primaryimage\"},\"image\":{\"@id\":\"https:\/\/naturvernforbundet.no\/hordaland\/vern\/vassdragsvern\/#primaryimage\"},\"thumbnailUrl\":\"https:\/\/naturvernforbundet.no\/content\/uploads\/sites\/13\/2025\/09\/250617_Raudalselva-3_Portra-400-hoyopploselig_foto-Ingvild-Sundal-Joys-scaled.jpg\",\"datePublished\":\"2025-09-15T10:07:26+00:00\",\"dateModified\":\"2025-09-15T13:32:34+00:00\",\"description\":\"Naturvernforbundet Hordaland har kjempet for elvene v\u00e5re i mer enn 100 \u00e5r. L\u00e6r om v\u00e5rt arbeid for \u00e5 beskytte vassdragene\",\"breadcrumb\":{\"@id\":\"https:\/\/naturvernforbundet.no\/hordaland\/vern\/vassdragsvern\/#breadcrumb\"},\"inLanguage\":\"nb-NO\",\"potentialAction\":[{\"@type\":\"ReadAction\",\"target\":[\"https:\/\/naturvernforbundet.no\/hordaland\/vern\/vassdragsvern\/\"]}]},{\"@type\":\"ImageObject\",\"inLanguage\":\"nb-NO\",\"@id\":\"https:\/\/naturvernforbundet.no\/hordaland\/vern\/vassdragsvern\/#primaryimage\",\"url\":\"https:\/\/naturvernforbundet.no\/content\/uploads\/sites\/13\/2025\/09\/250617_Raudalselva-3_Portra-400-hoyopploselig_foto-Ingvild-Sundal-Joys-scaled.jpg\",\"contentUrl\":\"https:\/\/naturvernforbundet.no\/content\/uploads\/sites\/13\/2025\/09\/250617_Raudalselva-3_Portra-400-hoyopploselig_foto-Ingvild-Sundal-Joys-scaled.jpg\",\"width\":1698,\"height\":2560,\"caption\":\"Raundalselva\"},{\"@type\":\"BreadcrumbList\",\"@id\":\"https:\/\/naturvernforbundet.no\/hordaland\/vern\/vassdragsvern\/#breadcrumb\",\"itemListElement\":[{\"@type\":\"ListItem\",\"position\":1,\"name\":\"Till naturvernforbundet.no\",\"item\":\"https:\/\/naturvernforbundet.no\/\"},{\"@type\":\"ListItem\",\"position\":2,\"name\":\"Hordaland\",\"item\":\"https:\/\/naturvernforbundet.no\/hordaland\/\"},{\"@type\":\"ListItem\",\"position\":3,\"name\":\"Naturvern\",\"item\":\"https:\/\/naturvernforbundet.no\/hordaland\/vern\/\"},{\"@type\":\"ListItem\",\"position\":4,\"name\":\"Vassdragsvern\"}]},{\"@type\":\"WebSite\",\"@id\":\"https:\/\/naturvernforbundet.no\/hordaland\/#website\",\"url\":\"https:\/\/naturvernforbundet.no\/hordaland\/\",\"name\":\"Hordaland\",\"description\":\"\",\"publisher\":{\"@id\":\"https:\/\/naturvernforbundet.no\/hordaland\/#organization\"},\"potentialAction\":[{\"@type\":\"SearchAction\",\"target\":{\"@type\":\"EntryPoint\",\"urlTemplate\":\"https:\/\/naturvernforbundet.no\/hordaland\/?s={search_term_string}\"},\"query-input\":{\"@type\":\"PropertyValueSpecification\",\"valueRequired\":true,\"valueName\":\"search_term_string\"}}],\"inLanguage\":\"nb-NO\"},{\"@type\":\"Organization\",\"@id\":\"https:\/\/naturvernforbundet.no\/hordaland\/#organization\",\"name\":\"Naturvernforbundet Hordaland\",\"url\":\"https:\/\/naturvernforbundet.no\/hordaland\/\",\"logo\":{\"@type\":\"ImageObject\",\"inLanguage\":\"nb-NO\",\"@id\":\"https:\/\/naturvernforbundet.no\/hordaland\/#\/schema\/logo\/image\/\",\"url\":\"https:\/\/naturvernforbundet.no\/content\/uploads\/sites\/13\/2022\/11\/Logo_Hordaland_transparent.png\",\"contentUrl\":\"https:\/\/naturvernforbundet.no\/content\/uploads\/sites\/13\/2022\/11\/Logo_Hordaland_transparent.png\",\"width\":1095,\"height\":203,\"caption\":\"Naturvernforbundet Hordaland\"},\"image\":{\"@id\":\"https:\/\/naturvernforbundet.no\/hordaland\/#\/schema\/logo\/image\/\"},\"sameAs\":[\"https:\/\/www.facebook.com\/naturvernforbundet.hordaland\",\"https:\/\/www.instagram.com\/naturvern_hordaland\/\",\"https:\/\/www.flickr.com\/photos\/naturvernforbundet_hordaland\/\"]}]}<\/script>\n<!-- \/ Yoast SEO plugin. -->","yoast_head_json":{"title":"Vassdragsvern - Hordaland","description":"Naturvernforbundet Hordaland har kjempet for elvene v\u00e5re i mer enn 100 \u00e5r. L\u00e6r om v\u00e5rt arbeid for \u00e5 beskytte vassdragene","robots":{"index":"index","follow":"follow","max-snippet":"max-snippet:-1","max-image-preview":"max-image-preview:large","max-video-preview":"max-video-preview:-1"},"canonical":"https:\/\/naturvernforbundet.no\/hordaland\/vern\/vassdragsvern\/","og_locale":"nb_NO","og_type":"article","og_title":"Vassdragsvern - Hordaland","og_description":"Naturvernforbundet Hordaland har kjempet for elvene v\u00e5re i mer enn 100 \u00e5r. L\u00e6r om v\u00e5rt arbeid for \u00e5 beskytte vassdragene","og_url":"https:\/\/naturvernforbundet.no\/hordaland\/vern\/vassdragsvern\/","og_site_name":"Hordaland","article_publisher":"https:\/\/www.facebook.com\/naturvernforbundet.hordaland","article_modified_time":"2025-09-15T13:32:34+00:00","og_image":[{"width":1698,"height":2560,"url":"https:\/\/naturvernforbundet.no\/content\/uploads\/sites\/13\/2025\/09\/250617_Raudalselva-3_Portra-400-hoyopploselig_foto-Ingvild-Sundal-Joys-scaled.jpg","type":"image\/jpeg"}],"twitter_card":"summary_large_image","twitter_misc":{"Ansl. lesetid":"2 minutter"},"schema":{"@context":"https:\/\/schema.org","@graph":[{"@type":"WebPage","@id":"https:\/\/naturvernforbundet.no\/hordaland\/vern\/vassdragsvern\/","url":"https:\/\/naturvernforbundet.no\/hordaland\/vern\/vassdragsvern\/","name":"Vassdragsvern - Hordaland","isPartOf":{"@id":"https:\/\/naturvernforbundet.no\/hordaland\/#website"},"primaryImageOfPage":{"@id":"https:\/\/naturvernforbundet.no\/hordaland\/vern\/vassdragsvern\/#primaryimage"},"image":{"@id":"https:\/\/naturvernforbundet.no\/hordaland\/vern\/vassdragsvern\/#primaryimage"},"thumbnailUrl":"https:\/\/naturvernforbundet.no\/content\/uploads\/sites\/13\/2025\/09\/250617_Raudalselva-3_Portra-400-hoyopploselig_foto-Ingvild-Sundal-Joys-scaled.jpg","datePublished":"2025-09-15T10:07:26+00:00","dateModified":"2025-09-15T13:32:34+00:00","description":"Naturvernforbundet Hordaland har kjempet for elvene v\u00e5re i mer enn 100 \u00e5r. L\u00e6r om v\u00e5rt arbeid for \u00e5 beskytte vassdragene","breadcrumb":{"@id":"https:\/\/naturvernforbundet.no\/hordaland\/vern\/vassdragsvern\/#breadcrumb"},"inLanguage":"nb-NO","potentialAction":[{"@type":"ReadAction","target":["https:\/\/naturvernforbundet.no\/hordaland\/vern\/vassdragsvern\/"]}]},{"@type":"ImageObject","inLanguage":"nb-NO","@id":"https:\/\/naturvernforbundet.no\/hordaland\/vern\/vassdragsvern\/#primaryimage","url":"https:\/\/naturvernforbundet.no\/content\/uploads\/sites\/13\/2025\/09\/250617_Raudalselva-3_Portra-400-hoyopploselig_foto-Ingvild-Sundal-Joys-scaled.jpg","contentUrl":"https:\/\/naturvernforbundet.no\/content\/uploads\/sites\/13\/2025\/09\/250617_Raudalselva-3_Portra-400-hoyopploselig_foto-Ingvild-Sundal-Joys-scaled.jpg","width":1698,"height":2560,"caption":"Raundalselva"},{"@type":"BreadcrumbList","@id":"https:\/\/naturvernforbundet.no\/hordaland\/vern\/vassdragsvern\/#breadcrumb","itemListElement":[{"@type":"ListItem","position":1,"name":"Till naturvernforbundet.no","item":"https:\/\/naturvernforbundet.no\/"},{"@type":"ListItem","position":2,"name":"Hordaland","item":"https:\/\/naturvernforbundet.no\/hordaland\/"},{"@type":"ListItem","position":3,"name":"Naturvern","item":"https:\/\/naturvernforbundet.no\/hordaland\/vern\/"},{"@type":"ListItem","position":4,"name":"Vassdragsvern"}]},{"@type":"WebSite","@id":"https:\/\/naturvernforbundet.no\/hordaland\/#website","url":"https:\/\/naturvernforbundet.no\/hordaland\/","name":"Hordaland","description":"","publisher":{"@id":"https:\/\/naturvernforbundet.no\/hordaland\/#organization"},"potentialAction":[{"@type":"SearchAction","target":{"@type":"EntryPoint","urlTemplate":"https:\/\/naturvernforbundet.no\/hordaland\/?s={search_term_string}"},"query-input":{"@type":"PropertyValueSpecification","valueRequired":true,"valueName":"search_term_string"}}],"inLanguage":"nb-NO"},{"@type":"Organization","@id":"https:\/\/naturvernforbundet.no\/hordaland\/#organization","name":"Naturvernforbundet Hordaland","url":"https:\/\/naturvernforbundet.no\/hordaland\/","logo":{"@type":"ImageObject","inLanguage":"nb-NO","@id":"https:\/\/naturvernforbundet.no\/hordaland\/#\/schema\/logo\/image\/","url":"https:\/\/naturvernforbundet.no\/content\/uploads\/sites\/13\/2022\/11\/Logo_Hordaland_transparent.png","contentUrl":"https:\/\/naturvernforbundet.no\/content\/uploads\/sites\/13\/2022\/11\/Logo_Hordaland_transparent.png","width":1095,"height":203,"caption":"Naturvernforbundet Hordaland"},"image":{"@id":"https:\/\/naturvernforbundet.no\/hordaland\/#\/schema\/logo\/image\/"},"sameAs":["https:\/\/www.facebook.com\/naturvernforbundet.hordaland","https:\/\/www.instagram.com\/naturvern_hordaland\/","https:\/\/www.flickr.com\/photos\/naturvernforbundet_hordaland\/"]}]}},"_links":{"self":[{"href":"https:\/\/naturvernforbundet.no\/hordaland\/wp-json\/wp\/v2\/pages\/15496","targetHints":{"allow":["GET"]}}],"collection":[{"href":"https:\/\/naturvernforbundet.no\/hordaland\/wp-json\/wp\/v2\/pages"}],"about":[{"href":"https:\/\/naturvernforbundet.no\/hordaland\/wp-json\/wp\/v2\/types\/page"}],"author":[{"embeddable":true,"href":"https:\/\/naturvernforbundet.no\/hordaland\/wp-json\/wp\/v2\/users\/118"}],"replies":[{"embeddable":true,"href":"https:\/\/naturvernforbundet.no\/hordaland\/wp-json\/wp\/v2\/comments?post=15496"}],"version-history":[{"count":5,"href":"https:\/\/naturvernforbundet.no\/hordaland\/wp-json\/wp\/v2\/pages\/15496\/revisions"}],"predecessor-version":[{"id":15514,"href":"https:\/\/naturvernforbundet.no\/hordaland\/wp-json\/wp\/v2\/pages\/15496\/revisions\/15514"}],"up":[{"embeddable":true,"href":"https:\/\/naturvernforbundet.no\/hordaland\/wp-json\/wp\/v2\/pages\/13108"}],"wp:featuredmedia":[{"embeddable":true,"href":"https:\/\/naturvernforbundet.no\/hordaland\/wp-json\/wp\/v2\/media\/15501"}],"wp:attachment":[{"href":"https:\/\/naturvernforbundet.no\/hordaland\/wp-json\/wp\/v2\/media?parent=15496"}],"wp:term":[{"taxonomy":"category","embeddable":true,"href":"https:\/\/naturvernforbundet.no\/hordaland\/wp-json\/wp\/v2\/categories?post=15496"}],"curies":[{"name":"wp","href":"https:\/\/api.w.org\/{rel}","templated":true}]}}