{"id":2352,"date":"2022-11-08T11:51:37","date_gmt":"2022-11-08T10:51:37","guid":{"rendered":"https:\/\/naturvernforbundet.no\/hordaland\/?page_id=2352"},"modified":"2024-03-21T11:22:16","modified_gmt":"2024-03-21T10:22:16","slug":"aeresmedlemmer-og-ledere","status":"publish","type":"page","link":"https:\/\/naturvernforbundet.no\/hordaland\/om-oss\/aeresmedlemmer-og-ledere\/","title":{"rendered":"\u00c6resmedlemmer og ledere"},"content":{"rendered":"\t<div class=\"template-page alignfull wp-block-naturvern-hero\">\n\t\t<div class=\"hero__inner\">\n\t\t\t<div class=\"hero__inner_blocks\">\n\t\t\t\t\t\t\t\t\n<h1 class=\"wp-block-post-title\">\u00c6resmedlemmer og ledere<\/h1>\n\n\n<p>Oversikt over personer som har gjort en stor innsats for Naturvernforbundet Hordaland.<\/p>\n\n\n\n<div class=\"wp-block-buttons is-layout-flex wp-block-buttons-is-layout-flex\"><\/div>\n\n\t\t\t<\/div>\n\t\t\t\t\t<\/div>\n\t\t\t<\/div>\n\t\n\n\n<figure class=\"wp-block-table\"><table><tbody><tr><td><strong>\u00c6resmedlemmer<\/strong><\/td><td>&nbsp;<\/td><\/tr><tr><td>Oddvar Skre<\/td><td>2014<\/td><\/tr><tr><td>Eva Fidjest\u00f8l<\/td><td>2005<\/td><\/tr><tr><td>Aksel Foyen<\/td><td>2005<\/td><\/tr><tr><td>Birger Refsdal<\/td><td>2005<\/td><\/tr><tr><td>Ivar Tvedt<\/td><td>1992<\/td><\/tr><tr><td>Fylkesskogmester Gunnar Jebsen<\/td><td>1991<\/td><\/tr><tr><td>Rezi Faye<\/td><td>1991<\/td><\/tr><\/tbody><\/table><\/figure>\n\n\n\n<figure class=\"wp-block-table\"><table><tbody><tr><td><strong>Ledere<\/strong><\/td><td>&nbsp;<\/td><\/tr><tr><td>Tom Skauge<\/td><td>2023 &#8211; dd.<\/td><\/tr><tr><td>Gabriel Fliflet<\/td><td>2018 &#8211; 2023<\/td><\/tr><tr><td>\u00d8ystein Lunde Heggeb\u00f8<\/td><td>2017 &#8211; 2018<\/td><\/tr><tr><td>Synn\u00f8ve Kvamme<\/td><td>2013 &#8211; 2017<\/td><\/tr><tr><td>Signe Sandberg<\/td><td>2012 &#8211; 2013<\/td><\/tr><tr><td>Oddvar Skre<\/td><td>2011<\/td><\/tr><tr><td>Espen Edvardsen<\/td><td>2009 &#8211; 2011<\/td><\/tr><tr><td>Ingar Flatlandsmo<\/td><td>2007 &#8211; 2009<\/td><\/tr><tr><td>Hilde Kalleklev<\/td><td>2005 &#8211; 2007<\/td><\/tr><tr><td>Tom Sverre Tomren<\/td><td>2002 &#8211; 2005<\/td><\/tr><tr><td>Mekonnen Germiso<\/td><td>1999 &#8211; 2002<\/td><\/tr><tr><td>Thomas Tvedt<\/td><td>1998 &#8211; 1999<\/td><\/tr><tr><td>Eero Olli<\/td><td>1996 &#8211; 1998<\/td><\/tr><tr><td>Halfdan Wiik<\/td><td>1994 &#8211; 1996<\/td><\/tr><tr><td>Erik Br\u00e6ndehaug, Amund M\u00e5ge, Ingvill G\u00e5semyr S\u00e6berg<\/td><td>4\/7 1993 &#8211; 1994<\/td><\/tr><tr><td>Ingvill G\u00e5semyr S\u00e6berg<\/td><td>8\/6 &#8211; 4\/7 1993<\/td><\/tr><tr><td>\u00c5ge Simonsen<\/td><td>25\/5 &#8211; 8\/6 1993<\/td><\/tr><tr><td>Kurt Oddekalv&nbsp;<\/td><td>1991 &#8211; 25\/5 1993<\/td><\/tr><tr><td>Kai Grieg<\/td><td>1989 &#8211; 1991<\/td><\/tr><tr><td>Erik Br\u00e6ndehaug<\/td><td>1988 &#8211; 1989<\/td><\/tr><tr><td>Amund M\u00e5ge<\/td><td>1987 &#8211; 1988<\/td><\/tr><tr><td>Frode Bekkestad<\/td><td>1980 &#8211; 1987<\/td><\/tr><tr><td>Rezi Faye<\/td><td>1977 &#8211; 1980<\/td><\/tr><tr><td>Cornelius Schilbred<\/td><td>1974 &#8211; 1977<\/td><\/tr><tr><td>Inger Lise Skarstein<\/td><td>1973 &#8211; 1974<\/td><\/tr><tr><td>Regnskapsjef Aksel Foyen<\/td><td>1968 &#8211; 1973<\/td><\/tr><tr><td>Kirkeverge og hagearkitekt Anders Kvam<\/td><td>1966 &#8211; 1968<\/td><\/tr><tr><td>Professor dr. philos. Ulf Hafsten<\/td><td>1960 &#8211; 1965<\/td><\/tr><tr><td>F\u00f8rste konservator dr. philos. J. Fr. Willgohs<\/td><td>1952 &#8211; 1959<\/td><\/tr><tr><td>Professor dr. philos. Knut F\u00e6gri<\/td><td>1949 &#8211; 1951<\/td><\/tr><tr><td>Konservator Sigurd Johnsen<\/td><td>1938 &#8211; 1948<\/td><\/tr><tr><td>Professor dr. philos. August Brinkmann<\/td><td>1935 &#8211; 1937<\/td><\/tr><tr><td>Professor dr. philos. Rolf Nordhagen<\/td><td>1925 &#8211; 1934<\/td><\/tr><tr><td>Professor dr. philos. Jens Holmboe<\/td><td>1918 &#8211; 1924<\/td><\/tr><\/tbody><\/table><\/figure>\n","protected":false},"excerpt":{"rendered":"","protected":false},"author":185,"featured_media":0,"parent":2348,"menu_order":0,"comment_status":"closed","ping_status":"closed","template":"","meta":{"_relevanssi_hide_post":"","_relevanssi_hide_content":"","_relevanssi_pin_for_all":"","_relevanssi_pin_keywords":"","_relevanssi_unpin_keywords":"","_relevanssi_related_keywords":"","_relevanssi_related_include_ids":"","_relevanssi_related_exclude_ids":"","_relevanssi_related_no_append":"","_relevanssi_related_not_related":"","_relevanssi_related_posts":"","_relevanssi_noindex_reason":"","t2_featured_media_focal_point":{"x":0.5,"y":0.5},"hide_logo":false,"footnotes":""},"categories":[],"class_list":["post-2352","page","type-page","status-publish","hentry"],"acf":[],"yoast_head":"<!-- This site is optimized with the Yoast SEO plugin v24.9 - https:\/\/yoast.com\/wordpress\/plugins\/seo\/ -->\n<title>\u00c6resmedlemmer og ledere - Hordaland<\/title>\n<meta name=\"robots\" content=\"index, follow, max-snippet:-1, max-image-preview:large, max-video-preview:-1\" \/>\n<link rel=\"canonical\" href=\"https:\/\/naturvernforbundet.no\/hordaland\/om-oss\/aeresmedlemmer-og-ledere\/\" \/>\n<meta property=\"og:locale\" content=\"nb_NO\" \/>\n<meta property=\"og:type\" content=\"article\" \/>\n<meta property=\"og:title\" content=\"\u00c6resmedlemmer og ledere - Hordaland\" \/>\n<meta property=\"og:url\" content=\"https:\/\/naturvernforbundet.no\/hordaland\/om-oss\/aeresmedlemmer-og-ledere\/\" \/>\n<meta property=\"og:site_name\" content=\"Hordaland\" \/>\n<meta property=\"article:publisher\" content=\"https:\/\/www.facebook.com\/naturvernforbundet.hordaland\" \/>\n<meta property=\"article:modified_time\" content=\"2024-03-21T10:22:16+00:00\" \/>\n<meta name=\"twitter:card\" content=\"summary_large_image\" \/>\n<meta name=\"twitter:label1\" content=\"Ansl. lesetid\" \/>\n\t<meta name=\"twitter:data1\" content=\"2 minutter\" \/>\n<script type=\"application\/ld+json\" class=\"yoast-schema-graph\">{\"@context\":\"https:\/\/schema.org\",\"@graph\":[{\"@type\":\"WebPage\",\"@id\":\"https:\/\/naturvernforbundet.no\/hordaland\/om-oss\/aeresmedlemmer-og-ledere\/\",\"url\":\"https:\/\/naturvernforbundet.no\/hordaland\/om-oss\/aeresmedlemmer-og-ledere\/\",\"name\":\"\u00c6resmedlemmer og ledere - Hordaland\",\"isPartOf\":{\"@id\":\"https:\/\/naturvernforbundet.no\/hordaland\/#website\"},\"datePublished\":\"2022-11-08T10:51:37+00:00\",\"dateModified\":\"2024-03-21T10:22:16+00:00\",\"breadcrumb\":{\"@id\":\"https:\/\/naturvernforbundet.no\/hordaland\/om-oss\/aeresmedlemmer-og-ledere\/#breadcrumb\"},\"inLanguage\":\"nb-NO\",\"potentialAction\":[{\"@type\":\"ReadAction\",\"target\":[\"https:\/\/naturvernforbundet.no\/hordaland\/om-oss\/aeresmedlemmer-og-ledere\/\"]}]},{\"@type\":\"BreadcrumbList\",\"@id\":\"https:\/\/naturvernforbundet.no\/hordaland\/om-oss\/aeresmedlemmer-og-ledere\/#breadcrumb\",\"itemListElement\":[{\"@type\":\"ListItem\",\"position\":1,\"name\":\"Till naturvernforbundet.no\",\"item\":\"https:\/\/naturvernforbundet.no\/\"},{\"@type\":\"ListItem\",\"position\":2,\"name\":\"Hordaland\",\"item\":\"https:\/\/naturvernforbundet.no\/hordaland\/\"},{\"@type\":\"ListItem\",\"position\":3,\"name\":\"Om oss\",\"item\":\"https:\/\/naturvernforbundet.no\/hordaland\/om-oss\/\"},{\"@type\":\"ListItem\",\"position\":4,\"name\":\"\u00c6resmedlemmer og ledere\"}]},{\"@type\":\"WebSite\",\"@id\":\"https:\/\/naturvernforbundet.no\/hordaland\/#website\",\"url\":\"https:\/\/naturvernforbundet.no\/hordaland\/\",\"name\":\"Hordaland\",\"description\":\"\",\"publisher\":{\"@id\":\"https:\/\/naturvernforbundet.no\/hordaland\/#organization\"},\"potentialAction\":[{\"@type\":\"SearchAction\",\"target\":{\"@type\":\"EntryPoint\",\"urlTemplate\":\"https:\/\/naturvernforbundet.no\/hordaland\/?s={search_term_string}\"},\"query-input\":{\"@type\":\"PropertyValueSpecification\",\"valueRequired\":true,\"valueName\":\"search_term_string\"}}],\"inLanguage\":\"nb-NO\"},{\"@type\":\"Organization\",\"@id\":\"https:\/\/naturvernforbundet.no\/hordaland\/#organization\",\"name\":\"Naturvernforbundet Hordaland\",\"url\":\"https:\/\/naturvernforbundet.no\/hordaland\/\",\"logo\":{\"@type\":\"ImageObject\",\"inLanguage\":\"nb-NO\",\"@id\":\"https:\/\/naturvernforbundet.no\/hordaland\/#\/schema\/logo\/image\/\",\"url\":\"https:\/\/naturvernforbundet.no\/content\/uploads\/sites\/13\/2022\/11\/Logo_Hordaland_transparent.png\",\"contentUrl\":\"https:\/\/naturvernforbundet.no\/content\/uploads\/sites\/13\/2022\/11\/Logo_Hordaland_transparent.png\",\"width\":1095,\"height\":203,\"caption\":\"Naturvernforbundet Hordaland\"},\"image\":{\"@id\":\"https:\/\/naturvernforbundet.no\/hordaland\/#\/schema\/logo\/image\/\"},\"sameAs\":[\"https:\/\/www.facebook.com\/naturvernforbundet.hordaland\",\"https:\/\/www.instagram.com\/naturvern_hordaland\/\",\"https:\/\/www.flickr.com\/photos\/naturvernforbundet_hordaland\/\"]}]}<\/script>\n<!-- \/ Yoast SEO plugin. -->","yoast_head_json":{"title":"\u00c6resmedlemmer og ledere - Hordaland","robots":{"index":"index","follow":"follow","max-snippet":"max-snippet:-1","max-image-preview":"max-image-preview:large","max-video-preview":"max-video-preview:-1"},"canonical":"https:\/\/naturvernforbundet.no\/hordaland\/om-oss\/aeresmedlemmer-og-ledere\/","og_locale":"nb_NO","og_type":"article","og_title":"\u00c6resmedlemmer og ledere - Hordaland","og_url":"https:\/\/naturvernforbundet.no\/hordaland\/om-oss\/aeresmedlemmer-og-ledere\/","og_site_name":"Hordaland","article_publisher":"https:\/\/www.facebook.com\/naturvernforbundet.hordaland","article_modified_time":"2024-03-21T10:22:16+00:00","twitter_card":"summary_large_image","twitter_misc":{"Ansl. lesetid":"2 minutter"},"schema":{"@context":"https:\/\/schema.org","@graph":[{"@type":"WebPage","@id":"https:\/\/naturvernforbundet.no\/hordaland\/om-oss\/aeresmedlemmer-og-ledere\/","url":"https:\/\/naturvernforbundet.no\/hordaland\/om-oss\/aeresmedlemmer-og-ledere\/","name":"\u00c6resmedlemmer og ledere - Hordaland","isPartOf":{"@id":"https:\/\/naturvernforbundet.no\/hordaland\/#website"},"datePublished":"2022-11-08T10:51:37+00:00","dateModified":"2024-03-21T10:22:16+00:00","breadcrumb":{"@id":"https:\/\/naturvernforbundet.no\/hordaland\/om-oss\/aeresmedlemmer-og-ledere\/#breadcrumb"},"inLanguage":"nb-NO","potentialAction":[{"@type":"ReadAction","target":["https:\/\/naturvernforbundet.no\/hordaland\/om-oss\/aeresmedlemmer-og-ledere\/"]}]},{"@type":"BreadcrumbList","@id":"https:\/\/naturvernforbundet.no\/hordaland\/om-oss\/aeresmedlemmer-og-ledere\/#breadcrumb","itemListElement":[{"@type":"ListItem","position":1,"name":"Till naturvernforbundet.no","item":"https:\/\/naturvernforbundet.no\/"},{"@type":"ListItem","position":2,"name":"Hordaland","item":"https:\/\/naturvernforbundet.no\/hordaland\/"},{"@type":"ListItem","position":3,"name":"Om oss","item":"https:\/\/naturvernforbundet.no\/hordaland\/om-oss\/"},{"@type":"ListItem","position":4,"name":"\u00c6resmedlemmer og ledere"}]},{"@type":"WebSite","@id":"https:\/\/naturvernforbundet.no\/hordaland\/#website","url":"https:\/\/naturvernforbundet.no\/hordaland\/","name":"Hordaland","description":"","publisher":{"@id":"https:\/\/naturvernforbundet.no\/hordaland\/#organization"},"potentialAction":[{"@type":"SearchAction","target":{"@type":"EntryPoint","urlTemplate":"https:\/\/naturvernforbundet.no\/hordaland\/?s={search_term_string}"},"query-input":{"@type":"PropertyValueSpecification","valueRequired":true,"valueName":"search_term_string"}}],"inLanguage":"nb-NO"},{"@type":"Organization","@id":"https:\/\/naturvernforbundet.no\/hordaland\/#organization","name":"Naturvernforbundet Hordaland","url":"https:\/\/naturvernforbundet.no\/hordaland\/","logo":{"@type":"ImageObject","inLanguage":"nb-NO","@id":"https:\/\/naturvernforbundet.no\/hordaland\/#\/schema\/logo\/image\/","url":"https:\/\/naturvernforbundet.no\/content\/uploads\/sites\/13\/2022\/11\/Logo_Hordaland_transparent.png","contentUrl":"https:\/\/naturvernforbundet.no\/content\/uploads\/sites\/13\/2022\/11\/Logo_Hordaland_transparent.png","width":1095,"height":203,"caption":"Naturvernforbundet Hordaland"},"image":{"@id":"https:\/\/naturvernforbundet.no\/hordaland\/#\/schema\/logo\/image\/"},"sameAs":["https:\/\/www.facebook.com\/naturvernforbundet.hordaland","https:\/\/www.instagram.com\/naturvern_hordaland\/","https:\/\/www.flickr.com\/photos\/naturvernforbundet_hordaland\/"]}]}},"_links":{"self":[{"href":"https:\/\/naturvernforbundet.no\/hordaland\/wp-json\/wp\/v2\/pages\/2352","targetHints":{"allow":["GET"]}}],"collection":[{"href":"https:\/\/naturvernforbundet.no\/hordaland\/wp-json\/wp\/v2\/pages"}],"about":[{"href":"https:\/\/naturvernforbundet.no\/hordaland\/wp-json\/wp\/v2\/types\/page"}],"author":[{"embeddable":true,"href":"https:\/\/naturvernforbundet.no\/hordaland\/wp-json\/wp\/v2\/users\/185"}],"replies":[{"embeddable":true,"href":"https:\/\/naturvernforbundet.no\/hordaland\/wp-json\/wp\/v2\/comments?post=2352"}],"version-history":[{"count":4,"href":"https:\/\/naturvernforbundet.no\/hordaland\/wp-json\/wp\/v2\/pages\/2352\/revisions"}],"predecessor-version":[{"id":8812,"href":"https:\/\/naturvernforbundet.no\/hordaland\/wp-json\/wp\/v2\/pages\/2352\/revisions\/8812"}],"up":[{"embeddable":true,"href":"https:\/\/naturvernforbundet.no\/hordaland\/wp-json\/wp\/v2\/pages\/2348"}],"wp:attachment":[{"href":"https:\/\/naturvernforbundet.no\/hordaland\/wp-json\/wp\/v2\/media?parent=2352"}],"wp:term":[{"taxonomy":"category","embeddable":true,"href":"https:\/\/naturvernforbundet.no\/hordaland\/wp-json\/wp\/v2\/categories?post=2352"}],"curies":[{"name":"wp","href":"https:\/\/api.w.org\/{rel}","templated":true}]}}