{"id":2355,"date":"2022-11-08T11:58:36","date_gmt":"2022-11-08T10:58:36","guid":{"rendered":"https:\/\/naturvernforbundet.no\/hordaland\/?page_id=2355"},"modified":"2026-03-24T14:32:31","modified_gmt":"2026-03-24T13:32:31","slug":"naturvernforbundet-hordalands-miljopris","status":"publish","type":"page","link":"https:\/\/naturvernforbundet.no\/hordaland\/om-oss\/naturvernforbundet-hordalands-miljopris\/","title":{"rendered":"Naturvernforbundet Hordalands Milj\u00f8pris"},"content":{"rendered":"\t<div class=\"template-page has-media alignfull wp-block-naturvern-hero\">\n\t\t<div class=\"hero__inner\">\n\t\t\t<div class=\"hero__inner_blocks\">\n\t\t\t\t\t\t\t\t\n<h1 class=\"wp-block-post-title\">Naturvernforbundet Hordalands Milj\u00f8pris<\/h1>\n\n\n<p>Gis til en institusjon, gruppe, bedrift eller enkeltperson som har gjort en s\u00e6rlig innsats for milj\u00f8et i \u00e5ret som gikk. Her er en oversikt over utdelte priser.<\/p>\n\n\n\n<div class=\"wp-block-buttons is-layout-flex wp-block-buttons-is-layout-flex\"><\/div>\n\n\t\t\t<\/div>\n\t\t\t\t\t<\/div>\n\t\t\t\t\t<div class=\"hero__image\">\n\t\t\t\t\t\t\t\t\t\t<img fetchpriority=\"high\" decoding=\"async\" width=\"1321\" height=\"1024\" src=\"https:\/\/naturvernforbundet.no\/content\/uploads\/sites\/13\/2022\/11\/IMG_6155.jpg\" class=\"attachment-ultra size-ultra\" alt=\"\" style=\"object-position: 50% 50%;\" loading=\"eager\" srcset=\"https:\/\/naturvernforbundet.no\/content\/uploads\/sites\/13\/2022\/11\/IMG_6155.jpg 1321w, https:\/\/naturvernforbundet.no\/content\/uploads\/sites\/13\/2022\/11\/IMG_6155-300x233.jpg 300w, https:\/\/naturvernforbundet.no\/content\/uploads\/sites\/13\/2022\/11\/IMG_6155-1024x794.jpg 1024w, https:\/\/naturvernforbundet.no\/content\/uploads\/sites\/13\/2022\/11\/IMG_6155-768x595.jpg 768w\" sizes=\"(max-width: 1321px) 100vw, 1321px\" \/>\t\t\t\t\t\t<\/div>\n\t\t\t<\/div>\n\t\n\n\n<p><\/p>\n\n\n\n<h2 class=\"wp-block-heading\" id=\"2017-fylkestinget-i-hordaland\">2017 Fylkestinget i Hordaland<\/h2>\n\n\n\n<p>For satsingen p\u00e5 klimavennlig skipsfart. De gjorde et enstemmig vedtak om en satsing p\u00e5 milj\u00f8vennlig b\u00e5tteknologi.<\/p>\n\n\n<ul class=\"t2-link-list has-1-items has-auto-columns wp-block-t2-link-list\">\n\t<li class=\"t2-link-list-item wp-block-t2-link-list-item\">\n\t\t<a\n\t\t\thref=\"https:\/\/naturvernforbundet.no\/hordaland\/naturvernforbundet-hordaland-gir-miljopris-til-fylkestinget-i-hordaland\/\"\n\t\t\tclass=\"t2-link-list-item__link t2-link-list__icon--left\"\n\t\t\t\t\t>\n\t\t\t<span class=\"t2-link-list-item__icon\"><span class=\"t2-link-list-item__icon-box\"><\/span><svg xmlns=\"http:\/\/www.w3.org\/2000\/svg\" viewBox=\"0 0 24 24\" height=\"24\" width=\"24\" class=\"t2-icon t2-icon-arrowforward\" aria-hidden=\"true\" focusable=\"false\"><path d=\"M11.3 19.3c-.2-.2-.3-.4-.3-.7 0-.3.1-.5.3-.7l4.9-4.9H5c-.3 0-.5-.1-.7-.3-.2-.2-.3-.4-.3-.7s.1-.5.3-.7c.2-.2.4-.3.7-.3h11.2l-4.9-4.9c-.2-.2-.3-.4-.3-.7 0-.3.1-.5.3-.7.2-.2.4-.3.7-.3s.5.1.7.3l6.6 6.6c.1.1.2.2.2.3 0 .1.1.3.1.4 0 .1 0 .3-.1.4 0 .1-.1.2-.2.3l-6.6 6.6c-.2.2-.4.3-.7.3s-.5-.1-.7-.3z\"\/><\/svg><\/span>\t\t\t<div class=\"t2-link-list-item__content\">\n\n\t\t\t\t\n\t\t\t\t<span class=\"t2-link-list-item__text\">\n\t\t\t\t\tNaturvernforbundet Hordaland gir milj\u00f8pris til Fylkestinget i Hordaland\t\t\t\t<\/span>\n\t\t\t\t\t\t\t<\/div>\n\t\t<\/a>\n\t<\/li>\n\t\n<\/ul>\n\n\n<h2 class=\"wp-block-heading\" id=\"2011-baerekraftige-liv-pa-landas\"><strong>2011 B\u00e6rekraftige liv p\u00e5 Land\u00e5s<\/strong><\/h2>\n\n\n\n<p>For at de \u00f8nsker \u00e5 l\u00f8fte hverandre ut av handlingslammelsen og inspirere hverandre til lavere forbruk, naturvennlige handlinger, solidaritet i klimautfordringen og gode fellesskapsl\u00f8sninger.\u00a0<\/p>\n\n\n\n<h2 class=\"wp-block-heading\" id=\"2010-finnegarden-pa-voss\"><strong>2010 Finnegarden p\u00e5 Voss<\/strong><\/h2>\n\n\n\n<p>For sitt arbeid med \u00f8kologisk mat i bergensomr\u00e5det. Prisen ble mottatt av Knut Finne.&nbsp;Les mer<\/p>\n\n\n\n<h2 class=\"wp-block-heading\" id=\"2009-trolleybussen-i-bergen\"><strong>2009 Trolleybussen i Bergen<\/strong><\/h2>\n\n\n\n<p>For \u00e5 v\u00e6re&nbsp;et&nbsp;milj\u00f8vennlig kollektivtilbud som b\u00f8r bygges til&nbsp;de stedene som ikke har passasjergrunnlag for Bybane. Prisen ble mottatt av busssj\u00e5f\u00f8r John K\u00e5re Olsen i Tide.&nbsp;<a href=\"https:\/\/naturvernforbundet.no\/hordaland\/samferdsel\/markering-til-stotte-for-trolleybussen-article20105-1489.html?offset5176=4\">Les mer<\/a><\/p>\n\n\n\n<h2 class=\"wp-block-heading\" id=\"2008-rieber-eiendom\"><strong>2008 Rieber Eiendom<\/strong><\/h2>\n\n\n\n<p>For deres strategiske tilrettelegging for sykling til jobb. Prisen ble mottatt av adm. direkt\u00f8r Bjart Nyg\u00e5rd p\u00e5 vegne av selskapet.\u00a0<\/p>\n\n\n\n<h2 class=\"wp-block-heading\" id=\"2007-folkeaksjonen-for-heving-av-kvikksolvet-i-ubaten-u-864\"><strong>2007 Folkeaksjonen for heving av kvikks\u00f8lvet i Ub\u00e5ten U-864<\/strong>&nbsp;<\/h2>\n\n\n\n<p>Ved Marie Karlsen, Reidun Mold\u00f8en og Lisbeth Stuberg for arbeidet med \u00e5 fjerne kvikks\u00f8lvforurensingen utenfor Fedje.\u00a0<\/p>\n\n\n\n<h2 class=\"wp-block-heading\" id=\"2006-bergen-kommune-v-byrad-lisbeth-iversen\"><strong>2006 Bergen kommune v\/ Byr\u00e5d Lisbeth Iversen<\/strong><\/h2>\n\n\n\n<p>For innf\u00f8ring av enhetstakst p\u00e5 buss og satsning p\u00e5 bedre kollektivtrafikk i Bergen.\u00a0<\/p>\n\n\n\n<h2 class=\"wp-block-heading\" id=\"2004-kystverkets-trafikksentral-pa-fedje\"><strong>2004 Kystverkets trafikksentral p\u00e5 Fedje<\/strong><\/h2>\n\n\n\n<p>For at de forhindret en skipsulykke i 2004. Gasstankeren Marte\u00a0var i drift vest av Helles\u00f8y i stiv kuling med 600 tonn propen-gass ombord.\u00a0<\/p>\n\n\n\n<h2 class=\"wp-block-heading\" id=\"2003-forfatter-gunnar-staalesen\"><strong>2003 Forfatter Gunnar Staalesen<\/strong><\/h2>\n\n\n\n<p>For for hans innsats for Bybanen i Bergen.\u00a0<\/p>\n","protected":false},"excerpt":{"rendered":"","protected":false},"author":185,"featured_media":2358,"parent":2348,"menu_order":0,"comment_status":"closed","ping_status":"closed","template":"","meta":{"_relevanssi_hide_post":"","_relevanssi_hide_content":"","_relevanssi_pin_for_all":"","_relevanssi_pin_keywords":"","_relevanssi_unpin_keywords":"","_relevanssi_related_keywords":"","_relevanssi_related_include_ids":"","_relevanssi_related_exclude_ids":"","_relevanssi_related_no_append":"","_relevanssi_related_not_related":"","_relevanssi_related_posts":"12996,7112,3390,814,16111,3676","_relevanssi_noindex_reason":"","t2_featured_media_focal_point":{"x":0.5,"y":0.5},"hide_logo":false,"footnotes":""},"categories":[],"class_list":["post-2355","page","type-page","status-publish","has-post-thumbnail","hentry"],"acf":[],"yoast_head":"<!-- This site is optimized with the Yoast SEO plugin v24.9 - https:\/\/yoast.com\/wordpress\/plugins\/seo\/ -->\n<title>Naturvernforbundet Hordalands Milj\u00f8pris - Hordaland<\/title>\n<meta name=\"description\" content=\"Gis til en institusjon, gruppe, bedrift eller enkeltperson som har gjort en s\u00e6rlig innsats for milj\u00f8et i \u00e5ret som gikk. Se oversikten.\" \/>\n<meta name=\"robots\" content=\"index, follow, max-snippet:-1, max-image-preview:large, max-video-preview:-1\" \/>\n<link rel=\"canonical\" href=\"https:\/\/naturvernforbundet.no\/hordaland\/om-oss\/naturvernforbundet-hordalands-miljopris\/\" \/>\n<meta property=\"og:locale\" content=\"nb_NO\" \/>\n<meta property=\"og:type\" content=\"article\" \/>\n<meta property=\"og:title\" content=\"Naturvernforbundet Hordalands Milj\u00f8pris - Hordaland\" \/>\n<meta property=\"og:description\" content=\"Gis til en institusjon, gruppe, bedrift eller enkeltperson som har gjort en s\u00e6rlig innsats for milj\u00f8et i \u00e5ret som gikk. Se oversikten.\" \/>\n<meta property=\"og:url\" content=\"https:\/\/naturvernforbundet.no\/hordaland\/om-oss\/naturvernforbundet-hordalands-miljopris\/\" \/>\n<meta property=\"og:site_name\" content=\"Hordaland\" \/>\n<meta property=\"article:publisher\" content=\"https:\/\/www.facebook.com\/naturvernforbundet.hordaland\" \/>\n<meta property=\"article:modified_time\" content=\"2026-03-24T13:32:31+00:00\" \/>\n<meta property=\"og:image\" content=\"https:\/\/naturvernforbundet.no\/content\/uploads\/sites\/13\/2022\/11\/IMG_6155.jpg\" \/>\n\t<meta property=\"og:image:width\" content=\"1321\" \/>\n\t<meta property=\"og:image:height\" content=\"1024\" \/>\n\t<meta property=\"og:image:type\" content=\"image\/jpeg\" \/>\n<meta name=\"twitter:card\" content=\"summary_large_image\" \/>\n<meta name=\"twitter:label1\" content=\"Ansl. lesetid\" \/>\n\t<meta name=\"twitter:data1\" content=\"2 minutter\" \/>\n<script type=\"application\/ld+json\" class=\"yoast-schema-graph\">{\"@context\":\"https:\/\/schema.org\",\"@graph\":[{\"@type\":\"WebPage\",\"@id\":\"https:\/\/naturvernforbundet.no\/hordaland\/om-oss\/naturvernforbundet-hordalands-miljopris\/\",\"url\":\"https:\/\/naturvernforbundet.no\/hordaland\/om-oss\/naturvernforbundet-hordalands-miljopris\/\",\"name\":\"Naturvernforbundet Hordalands Milj\u00f8pris - Hordaland\",\"isPartOf\":{\"@id\":\"https:\/\/naturvernforbundet.no\/hordaland\/#website\"},\"primaryImageOfPage\":{\"@id\":\"https:\/\/naturvernforbundet.no\/hordaland\/om-oss\/naturvernforbundet-hordalands-miljopris\/#primaryimage\"},\"image\":{\"@id\":\"https:\/\/naturvernforbundet.no\/hordaland\/om-oss\/naturvernforbundet-hordalands-miljopris\/#primaryimage\"},\"thumbnailUrl\":\"https:\/\/naturvernforbundet.no\/content\/uploads\/sites\/13\/2022\/11\/IMG_6155.jpg\",\"datePublished\":\"2022-11-08T10:58:36+00:00\",\"dateModified\":\"2026-03-24T13:32:31+00:00\",\"description\":\"Gis til en institusjon, gruppe, bedrift eller enkeltperson som har gjort en s\u00e6rlig innsats for milj\u00f8et i \u00e5ret som gikk. Se oversikten.\",\"breadcrumb\":{\"@id\":\"https:\/\/naturvernforbundet.no\/hordaland\/om-oss\/naturvernforbundet-hordalands-miljopris\/#breadcrumb\"},\"inLanguage\":\"nb-NO\",\"potentialAction\":[{\"@type\":\"ReadAction\",\"target\":[\"https:\/\/naturvernforbundet.no\/hordaland\/om-oss\/naturvernforbundet-hordalands-miljopris\/\"]}]},{\"@type\":\"ImageObject\",\"inLanguage\":\"nb-NO\",\"@id\":\"https:\/\/naturvernforbundet.no\/hordaland\/om-oss\/naturvernforbundet-hordalands-miljopris\/#primaryimage\",\"url\":\"https:\/\/naturvernforbundet.no\/content\/uploads\/sites\/13\/2022\/11\/IMG_6155.jpg\",\"contentUrl\":\"https:\/\/naturvernforbundet.no\/content\/uploads\/sites\/13\/2022\/11\/IMG_6155.jpg\",\"width\":1321,\"height\":1024},{\"@type\":\"BreadcrumbList\",\"@id\":\"https:\/\/naturvernforbundet.no\/hordaland\/om-oss\/naturvernforbundet-hordalands-miljopris\/#breadcrumb\",\"itemListElement\":[{\"@type\":\"ListItem\",\"position\":1,\"name\":\"Till naturvernforbundet.no\",\"item\":\"https:\/\/naturvernforbundet.no\/\"},{\"@type\":\"ListItem\",\"position\":2,\"name\":\"Hordaland\",\"item\":\"https:\/\/naturvernforbundet.no\/hordaland\/\"},{\"@type\":\"ListItem\",\"position\":3,\"name\":\"Om oss\",\"item\":\"https:\/\/naturvernforbundet.no\/hordaland\/om-oss\/\"},{\"@type\":\"ListItem\",\"position\":4,\"name\":\"Naturvernforbundet Hordalands Milj\u00f8pris\"}]},{\"@type\":\"WebSite\",\"@id\":\"https:\/\/naturvernforbundet.no\/hordaland\/#website\",\"url\":\"https:\/\/naturvernforbundet.no\/hordaland\/\",\"name\":\"Hordaland\",\"description\":\"\",\"publisher\":{\"@id\":\"https:\/\/naturvernforbundet.no\/hordaland\/#organization\"},\"potentialAction\":[{\"@type\":\"SearchAction\",\"target\":{\"@type\":\"EntryPoint\",\"urlTemplate\":\"https:\/\/naturvernforbundet.no\/hordaland\/?s={search_term_string}\"},\"query-input\":{\"@type\":\"PropertyValueSpecification\",\"valueRequired\":true,\"valueName\":\"search_term_string\"}}],\"inLanguage\":\"nb-NO\"},{\"@type\":\"Organization\",\"@id\":\"https:\/\/naturvernforbundet.no\/hordaland\/#organization\",\"name\":\"Naturvernforbundet Hordaland\",\"url\":\"https:\/\/naturvernforbundet.no\/hordaland\/\",\"logo\":{\"@type\":\"ImageObject\",\"inLanguage\":\"nb-NO\",\"@id\":\"https:\/\/naturvernforbundet.no\/hordaland\/#\/schema\/logo\/image\/\",\"url\":\"https:\/\/naturvernforbundet.no\/content\/uploads\/sites\/13\/2022\/11\/Logo_Hordaland_transparent.png\",\"contentUrl\":\"https:\/\/naturvernforbundet.no\/content\/uploads\/sites\/13\/2022\/11\/Logo_Hordaland_transparent.png\",\"width\":1095,\"height\":203,\"caption\":\"Naturvernforbundet Hordaland\"},\"image\":{\"@id\":\"https:\/\/naturvernforbundet.no\/hordaland\/#\/schema\/logo\/image\/\"},\"sameAs\":[\"https:\/\/www.facebook.com\/naturvernforbundet.hordaland\",\"https:\/\/www.instagram.com\/naturvern_hordaland\/\",\"https:\/\/www.flickr.com\/photos\/naturvernforbundet_hordaland\/\"]}]}<\/script>\n<!-- \/ Yoast SEO plugin. -->","yoast_head_json":{"title":"Naturvernforbundet Hordalands Milj\u00f8pris - Hordaland","description":"Gis til en institusjon, gruppe, bedrift eller enkeltperson som har gjort en s\u00e6rlig innsats for milj\u00f8et i \u00e5ret som gikk. Se oversikten.","robots":{"index":"index","follow":"follow","max-snippet":"max-snippet:-1","max-image-preview":"max-image-preview:large","max-video-preview":"max-video-preview:-1"},"canonical":"https:\/\/naturvernforbundet.no\/hordaland\/om-oss\/naturvernforbundet-hordalands-miljopris\/","og_locale":"nb_NO","og_type":"article","og_title":"Naturvernforbundet Hordalands Milj\u00f8pris - Hordaland","og_description":"Gis til en institusjon, gruppe, bedrift eller enkeltperson som har gjort en s\u00e6rlig innsats for milj\u00f8et i \u00e5ret som gikk. Se oversikten.","og_url":"https:\/\/naturvernforbundet.no\/hordaland\/om-oss\/naturvernforbundet-hordalands-miljopris\/","og_site_name":"Hordaland","article_publisher":"https:\/\/www.facebook.com\/naturvernforbundet.hordaland","article_modified_time":"2026-03-24T13:32:31+00:00","og_image":[{"width":1321,"height":1024,"url":"https:\/\/naturvernforbundet.no\/content\/uploads\/sites\/13\/2022\/11\/IMG_6155.jpg","type":"image\/jpeg"}],"twitter_card":"summary_large_image","twitter_misc":{"Ansl. lesetid":"2 minutter"},"schema":{"@context":"https:\/\/schema.org","@graph":[{"@type":"WebPage","@id":"https:\/\/naturvernforbundet.no\/hordaland\/om-oss\/naturvernforbundet-hordalands-miljopris\/","url":"https:\/\/naturvernforbundet.no\/hordaland\/om-oss\/naturvernforbundet-hordalands-miljopris\/","name":"Naturvernforbundet Hordalands Milj\u00f8pris - Hordaland","isPartOf":{"@id":"https:\/\/naturvernforbundet.no\/hordaland\/#website"},"primaryImageOfPage":{"@id":"https:\/\/naturvernforbundet.no\/hordaland\/om-oss\/naturvernforbundet-hordalands-miljopris\/#primaryimage"},"image":{"@id":"https:\/\/naturvernforbundet.no\/hordaland\/om-oss\/naturvernforbundet-hordalands-miljopris\/#primaryimage"},"thumbnailUrl":"https:\/\/naturvernforbundet.no\/content\/uploads\/sites\/13\/2022\/11\/IMG_6155.jpg","datePublished":"2022-11-08T10:58:36+00:00","dateModified":"2026-03-24T13:32:31+00:00","description":"Gis til en institusjon, gruppe, bedrift eller enkeltperson som har gjort en s\u00e6rlig innsats for milj\u00f8et i \u00e5ret som gikk. Se oversikten.","breadcrumb":{"@id":"https:\/\/naturvernforbundet.no\/hordaland\/om-oss\/naturvernforbundet-hordalands-miljopris\/#breadcrumb"},"inLanguage":"nb-NO","potentialAction":[{"@type":"ReadAction","target":["https:\/\/naturvernforbundet.no\/hordaland\/om-oss\/naturvernforbundet-hordalands-miljopris\/"]}]},{"@type":"ImageObject","inLanguage":"nb-NO","@id":"https:\/\/naturvernforbundet.no\/hordaland\/om-oss\/naturvernforbundet-hordalands-miljopris\/#primaryimage","url":"https:\/\/naturvernforbundet.no\/content\/uploads\/sites\/13\/2022\/11\/IMG_6155.jpg","contentUrl":"https:\/\/naturvernforbundet.no\/content\/uploads\/sites\/13\/2022\/11\/IMG_6155.jpg","width":1321,"height":1024},{"@type":"BreadcrumbList","@id":"https:\/\/naturvernforbundet.no\/hordaland\/om-oss\/naturvernforbundet-hordalands-miljopris\/#breadcrumb","itemListElement":[{"@type":"ListItem","position":1,"name":"Till naturvernforbundet.no","item":"https:\/\/naturvernforbundet.no\/"},{"@type":"ListItem","position":2,"name":"Hordaland","item":"https:\/\/naturvernforbundet.no\/hordaland\/"},{"@type":"ListItem","position":3,"name":"Om oss","item":"https:\/\/naturvernforbundet.no\/hordaland\/om-oss\/"},{"@type":"ListItem","position":4,"name":"Naturvernforbundet Hordalands Milj\u00f8pris"}]},{"@type":"WebSite","@id":"https:\/\/naturvernforbundet.no\/hordaland\/#website","url":"https:\/\/naturvernforbundet.no\/hordaland\/","name":"Hordaland","description":"","publisher":{"@id":"https:\/\/naturvernforbundet.no\/hordaland\/#organization"},"potentialAction":[{"@type":"SearchAction","target":{"@type":"EntryPoint","urlTemplate":"https:\/\/naturvernforbundet.no\/hordaland\/?s={search_term_string}"},"query-input":{"@type":"PropertyValueSpecification","valueRequired":true,"valueName":"search_term_string"}}],"inLanguage":"nb-NO"},{"@type":"Organization","@id":"https:\/\/naturvernforbundet.no\/hordaland\/#organization","name":"Naturvernforbundet Hordaland","url":"https:\/\/naturvernforbundet.no\/hordaland\/","logo":{"@type":"ImageObject","inLanguage":"nb-NO","@id":"https:\/\/naturvernforbundet.no\/hordaland\/#\/schema\/logo\/image\/","url":"https:\/\/naturvernforbundet.no\/content\/uploads\/sites\/13\/2022\/11\/Logo_Hordaland_transparent.png","contentUrl":"https:\/\/naturvernforbundet.no\/content\/uploads\/sites\/13\/2022\/11\/Logo_Hordaland_transparent.png","width":1095,"height":203,"caption":"Naturvernforbundet Hordaland"},"image":{"@id":"https:\/\/naturvernforbundet.no\/hordaland\/#\/schema\/logo\/image\/"},"sameAs":["https:\/\/www.facebook.com\/naturvernforbundet.hordaland","https:\/\/www.instagram.com\/naturvern_hordaland\/","https:\/\/www.flickr.com\/photos\/naturvernforbundet_hordaland\/"]}]}},"_links":{"self":[{"href":"https:\/\/naturvernforbundet.no\/hordaland\/wp-json\/wp\/v2\/pages\/2355","targetHints":{"allow":["GET"]}}],"collection":[{"href":"https:\/\/naturvernforbundet.no\/hordaland\/wp-json\/wp\/v2\/pages"}],"about":[{"href":"https:\/\/naturvernforbundet.no\/hordaland\/wp-json\/wp\/v2\/types\/page"}],"author":[{"embeddable":true,"href":"https:\/\/naturvernforbundet.no\/hordaland\/wp-json\/wp\/v2\/users\/185"}],"replies":[{"embeddable":true,"href":"https:\/\/naturvernforbundet.no\/hordaland\/wp-json\/wp\/v2\/comments?post=2355"}],"version-history":[{"count":5,"href":"https:\/\/naturvernforbundet.no\/hordaland\/wp-json\/wp\/v2\/pages\/2355\/revisions"}],"predecessor-version":[{"id":16779,"href":"https:\/\/naturvernforbundet.no\/hordaland\/wp-json\/wp\/v2\/pages\/2355\/revisions\/16779"}],"up":[{"embeddable":true,"href":"https:\/\/naturvernforbundet.no\/hordaland\/wp-json\/wp\/v2\/pages\/2348"}],"wp:featuredmedia":[{"embeddable":true,"href":"https:\/\/naturvernforbundet.no\/hordaland\/wp-json\/wp\/v2\/media\/2358"}],"wp:attachment":[{"href":"https:\/\/naturvernforbundet.no\/hordaland\/wp-json\/wp\/v2\/media?parent=2355"}],"wp:term":[{"taxonomy":"category","embeddable":true,"href":"https:\/\/naturvernforbundet.no\/hordaland\/wp-json\/wp\/v2\/categories?post=2355"}],"curies":[{"name":"wp","href":"https:\/\/api.w.org\/{rel}","templated":true}]}}