{"id":2736,"date":"2022-11-21T13:47:35","date_gmt":"2022-11-21T12:47:35","guid":{"rendered":"https:\/\/naturvernforbundet.no\/hordaland\/?page_id=2736"},"modified":"2025-09-18T10:08:42","modified_gmt":"2025-09-18T08:08:42","slug":"ansatte","status":"publish","type":"page","link":"https:\/\/naturvernforbundet.no\/hordaland\/om-oss\/ansatte\/","title":{"rendered":"Ansatte"},"content":{"rendered":"\t<div class=\"template-page alignfull wp-block-naturvern-hero\">\n\t\t<div class=\"hero__inner\">\n\t\t\t<div class=\"hero__inner_blocks\">\n\t\t\t\t\t\t\t\t\n<h1 class=\"wp-block-post-title\">Ansatte<\/h1>\n\n\n<p>Kontaktinformasjon til ansatte og medarbeidere i Naturvernforbundet Hordaland. Arbeidssted er Tverrgaten 4 i Bergen.<\/p>\n\n\n\n<div class=\"wp-block-buttons is-layout-flex wp-block-buttons-is-layout-flex\"><\/div>\n\n\t\t\t<\/div>\n\t\t\t\t\t<\/div>\n\t\t\t<\/div>\n\t\n\n\n<div class=\"wp-block-group is-vertical is-content-justification-center is-layout-flex wp-container-core-group-is-layout-8 wp-block-group-is-layout-flex\">\n<div class=\"wp-block-media-text alignwide is-stacked-on-mobile is-image-fill-element\"><figure class=\"wp-block-media-text__media\"><img loading=\"lazy\" decoding=\"async\" width=\"768\" height=\"1024\" src=\"https:\/\/naturvernforbundet.no\/content\/uploads\/sites\/13\/2023\/05\/Pal-Fidjestol-768x1024.jpg\" alt=\"profil p\u00e5l fidjest\u00f8l\" class=\"wp-image-4798 size-full\" style=\"object-position:63% 41%\" srcset=\"https:\/\/naturvernforbundet.no\/content\/uploads\/sites\/13\/2023\/05\/Pal-Fidjestol-768x1024.jpg 768w, https:\/\/naturvernforbundet.no\/content\/uploads\/sites\/13\/2023\/05\/Pal-Fidjestol-225x300.jpg 225w, https:\/\/naturvernforbundet.no\/content\/uploads\/sites\/13\/2023\/05\/Pal-Fidjestol-1152x1536.jpg 1152w, https:\/\/naturvernforbundet.no\/content\/uploads\/sites\/13\/2023\/05\/Pal-Fidjestol-1536x2048.jpg 1536w, https:\/\/naturvernforbundet.no\/content\/uploads\/sites\/13\/2023\/05\/Pal-Fidjestol-1440x1920.jpg 1440w, https:\/\/naturvernforbundet.no\/content\/uploads\/sites\/13\/2023\/05\/Pal-Fidjestol-scaled.jpg 1920w\" sizes=\"auto, (max-width: 768px) 100vw, 768px\" \/><\/figure><div class=\"wp-block-media-text__content\">\n<div class=\"wp-block-group is-layout-constrained wp-block-group-is-layout-constrained\">\n<h2 class=\"wp-block-heading\" id=\"pal-fidjestol\"><strong>P\u00e5l Fidjest\u00f8l<\/strong><\/h2>\n\n\n\n<p>Fylkessekret\u00e6r<br>91158009<br>pf@naturvernforbundet.no<br>&#8211; Organisasjon, administrasjon, \u00f8konomi, formidling og lokallag<\/p>\n<\/div>\n\n\n\n<p><\/p>\n<\/div><\/div>\n\n\n\n<div class=\"wp-block-media-text alignwide is-stacked-on-mobile\"><figure class=\"wp-block-media-text__media\"><img loading=\"lazy\" decoding=\"async\" width=\"1024\" height=\"660\" src=\"https:\/\/naturvernforbundet.no\/content\/uploads\/sites\/13\/2022\/11\/Mona-Maria-Loberg-mindre.png\" alt=\"Profilbilde av Mona L\u00f8berg\" class=\"wp-image-2741 size-full\" srcset=\"https:\/\/naturvernforbundet.no\/content\/uploads\/sites\/13\/2022\/11\/Mona-Maria-Loberg-mindre.png 1024w, https:\/\/naturvernforbundet.no\/content\/uploads\/sites\/13\/2022\/11\/Mona-Maria-Loberg-mindre-300x193.png 300w, https:\/\/naturvernforbundet.no\/content\/uploads\/sites\/13\/2022\/11\/Mona-Maria-Loberg-mindre-768x495.png 768w\" sizes=\"auto, (max-width: 1024px) 100vw, 1024px\" \/><\/figure><div class=\"wp-block-media-text__content\">\n<div class=\"wp-block-group is-layout-constrained wp-block-group-is-layout-constrained\">\n<h2 class=\"wp-block-heading\" id=\"mona-maria-loberg\"><strong>Mona Maria L\u00f8berg&nbsp;<\/strong><\/h2>\n\n\n\n<p>R\u00e5dgiver og redakt\u00f8r NaturVest<br>97684336<br>mm@naturvernforbundet.no<br>&#8211; Inkludering, formidling, prosjektutvikling, Milj\u00f8vennlig mat og Du slette tid.<br>Arbeider fra hjemmekontor i Trondheim.<\/p>\n<\/div>\n\n\n\n<p><\/p>\n<\/div><\/div>\n\n\n\n<div class=\"wp-block-media-text alignwide is-stacked-on-mobile\"><figure class=\"wp-block-media-text__media\"><img loading=\"lazy\" decoding=\"async\" width=\"1024\" height=\"747\" src=\"https:\/\/naturvernforbundet.no\/content\/uploads\/sites\/13\/2022\/11\/Jeanette-Tennebekk-mindre.png\" alt=\"Profilbilde av Jeanette Tennebekk\" class=\"wp-image-2739 size-full\" srcset=\"https:\/\/naturvernforbundet.no\/content\/uploads\/sites\/13\/2022\/11\/Jeanette-Tennebekk-mindre.png 1024w, https:\/\/naturvernforbundet.no\/content\/uploads\/sites\/13\/2022\/11\/Jeanette-Tennebekk-mindre-300x219.png 300w, https:\/\/naturvernforbundet.no\/content\/uploads\/sites\/13\/2022\/11\/Jeanette-Tennebekk-mindre-768x560.png 768w\" sizes=\"auto, (max-width: 1024px) 100vw, 1024px\" \/><\/figure><div class=\"wp-block-media-text__content\">\n<div class=\"wp-block-group is-layout-constrained wp-block-group-is-layout-constrained\">\n<h2 class=\"wp-block-heading\" id=\"jeanette-tennebekk\"><strong><strong>Jeanette Tennebekk<\/strong><\/strong><\/h2>\n\n\n\n<div class=\"wp-block-group is-layout-constrained wp-block-group-is-layout-constrained\">\n<p>Prosjektansvarlig for Oppdrag blomstereng (jobber 20%)<br>90946406\u00a0\u00a0\u00a0\u00a0\u00a0\u00a0<br>jt@naturvernforbundet.no<br>&#8211; Fremmede arter, skj\u00f8tsel, granryddedugnad, Oppdrag blomstereng og naturvennlig hage.<\/p>\n<\/div>\n<\/div>\n<\/div><\/div>\n\n\n\n<div class=\"wp-block-media-text alignwide is-stacked-on-mobile\"><figure class=\"wp-block-media-text__media\"><img loading=\"lazy\" decoding=\"async\" width=\"1024\" height=\"683\" src=\"https:\/\/naturvernforbundet.no\/content\/uploads\/sites\/13\/2022\/11\/Ingvild-Joys-mindre.png\" alt=\"Profilbilde av Ingvild Joys\" class=\"wp-image-2738 size-full\" srcset=\"https:\/\/naturvernforbundet.no\/content\/uploads\/sites\/13\/2022\/11\/Ingvild-Joys-mindre.png 1024w, https:\/\/naturvernforbundet.no\/content\/uploads\/sites\/13\/2022\/11\/Ingvild-Joys-mindre-300x200.png 300w, https:\/\/naturvernforbundet.no\/content\/uploads\/sites\/13\/2022\/11\/Ingvild-Joys-mindre-768x512.png 768w\" sizes=\"auto, (max-width: 1024px) 100vw, 1024px\" \/><\/figure><div class=\"wp-block-media-text__content\">\n<div class=\"wp-block-group is-layout-constrained wp-block-group-is-layout-constrained\">\n<h2 class=\"wp-block-heading\" id=\"ingvild-sundal-joys\"><strong><strong><strong><strong>Ingvild Sundal Joys<\/strong><\/strong><\/strong><\/strong><\/h2>\n\n\n\n<p>R\u00e5dgiver, Prosjektansvarlig<br>93686406<br>ikj@naturvernforbundet.no<br>&#8211; Plast og sirkularitet, naturmangfold, marint, og fremmede arter. <\/p>\n<\/div>\n<\/div><\/div>\n\n\n\n<div class=\"wp-block-media-text alignwide is-stacked-on-mobile\"><figure class=\"wp-block-media-text__media\"><img loading=\"lazy\" decoding=\"async\" width=\"1024\" height=\"765\" src=\"https:\/\/naturvernforbundet.no\/content\/uploads\/sites\/13\/2022\/11\/Lena-Teigland-2-e1669034328976-1024x765.jpg\" alt=\"Profilbilde av Lena Teigland\" class=\"wp-image-2740 size-full\" srcset=\"https:\/\/naturvernforbundet.no\/content\/uploads\/sites\/13\/2022\/11\/Lena-Teigland-2-e1669034328976-1024x765.jpg 1024w, https:\/\/naturvernforbundet.no\/content\/uploads\/sites\/13\/2022\/11\/Lena-Teigland-2-e1669034328976-300x224.jpg 300w, https:\/\/naturvernforbundet.no\/content\/uploads\/sites\/13\/2022\/11\/Lena-Teigland-2-e1669034328976-768x574.jpg 768w, https:\/\/naturvernforbundet.no\/content\/uploads\/sites\/13\/2022\/11\/Lena-Teigland-2-e1669034328976-1536x1147.jpg 1536w, https:\/\/naturvernforbundet.no\/content\/uploads\/sites\/13\/2022\/11\/Lena-Teigland-2-e1669034328976-2048x1530.jpg 2048w, https:\/\/naturvernforbundet.no\/content\/uploads\/sites\/13\/2022\/11\/Lena-Teigland-2-e1669034328976-1920x1434.jpg 1920w\" sizes=\"auto, (max-width: 1024px) 100vw, 1024px\" \/><\/figure><div class=\"wp-block-media-text__content\">\n<div class=\"wp-block-group is-layout-constrained wp-block-group-is-layout-constrained\">\n<h2 class=\"wp-block-heading\" id=\"lena-teigland\"><strong><strong><strong><strong><strong>Lena Teigland<\/strong><\/strong><\/strong><\/strong><\/strong><\/h2>\n\n\n\n<p>Prosjektansvarlig for Energismart og Ta vare p\u00e5 det du har<br>97003402<br>lt@naturvernforbundet.no<br>&#8211; Reparasjon og gjenbruk.<\/p>\n<\/div>\n<\/div><\/div>\n\n\n\n<div class=\"wp-block-media-text alignwide is-stacked-on-mobile\"><figure class=\"wp-block-media-text__media\"><img loading=\"lazy\" decoding=\"async\" width=\"1024\" height=\"683\" src=\"https:\/\/naturvernforbundet.no\/content\/uploads\/sites\/13\/2022\/11\/Synnove-Kvamme-mindre.png\" alt=\"Profilbilde av Synn\u00f8ve Kvamme\" class=\"wp-image-2742 size-full\" srcset=\"https:\/\/naturvernforbundet.no\/content\/uploads\/sites\/13\/2022\/11\/Synnove-Kvamme-mindre.png 1024w, https:\/\/naturvernforbundet.no\/content\/uploads\/sites\/13\/2022\/11\/Synnove-Kvamme-mindre-300x200.png 300w, https:\/\/naturvernforbundet.no\/content\/uploads\/sites\/13\/2022\/11\/Synnove-Kvamme-mindre-768x512.png 768w\" sizes=\"auto, (max-width: 1024px) 100vw, 1024px\" \/><\/figure><div class=\"wp-block-media-text__content\">\n<div class=\"wp-block-group is-layout-constrained wp-block-group-is-layout-constrained\">\n<h2 class=\"wp-block-heading\" id=\"synnove-kvamme\"><strong>Synn\u00f8ve Kvamme<\/strong><\/h2>\n\n\n\n<p class=\"is-style-default\">R\u00e5dgiver (i permisjon til 15. mars 2026) <br>sk@naturvernforbundet.no<br>&#8211; Prosjektutvikling, saksbehandling, dronefilming.<\/p>\n\n\n\n<p><\/p>\n<\/div>\n<\/div><\/div>\n<\/div>\n\n\n<div class=\"card-info wp-block-t2-people-meta\"><\/div>","protected":false},"excerpt":{"rendered":"","protected":false},"author":185,"featured_media":2738,"parent":2348,"menu_order":0,"comment_status":"closed","ping_status":"closed","template":"","meta":{"_relevanssi_hide_post":"","_relevanssi_hide_content":"","_relevanssi_pin_for_all":"","_relevanssi_pin_keywords":"","_relevanssi_unpin_keywords":"","_relevanssi_related_keywords":"","_relevanssi_related_include_ids":"","_relevanssi_related_exclude_ids":"","_relevanssi_related_no_append":"","_relevanssi_related_not_related":"","_relevanssi_related_posts":"10147,10841,9436,3728,670,6809","_relevanssi_noindex_reason":"","t2_featured_media_focal_point":{"x":0.5,"y":0.5},"hide_logo":false,"footnotes":""},"categories":[],"class_list":["post-2736","page","type-page","status-publish","has-post-thumbnail","hentry"],"acf":[],"yoast_head":"<!-- This site is optimized with the Yoast SEO plugin v24.9 - https:\/\/yoast.com\/wordpress\/plugins\/seo\/ -->\n<title>Ansatte - Hordaland<\/title>\n<meta name=\"description\" content=\"Kontaktinformasjon til ansatte og medarbeidere i Naturvernforbundet Hordaland. Arbeidssted er Tverrgaten 4 i Bergen.\" \/>\n<meta name=\"robots\" content=\"index, follow, max-snippet:-1, max-image-preview:large, max-video-preview:-1\" \/>\n<link rel=\"canonical\" href=\"https:\/\/naturvernforbundet.no\/hordaland\/om-oss\/ansatte\/\" \/>\n<meta property=\"og:locale\" content=\"nb_NO\" \/>\n<meta property=\"og:type\" content=\"article\" \/>\n<meta property=\"og:title\" content=\"Ansatte - Hordaland\" \/>\n<meta property=\"og:description\" content=\"Kontaktinformasjon til ansatte og medarbeidere i Naturvernforbundet Hordaland. Arbeidssted er Tverrgaten 4 i Bergen.\" \/>\n<meta property=\"og:url\" content=\"https:\/\/naturvernforbundet.no\/hordaland\/om-oss\/ansatte\/\" \/>\n<meta property=\"og:site_name\" content=\"Hordaland\" \/>\n<meta property=\"article:publisher\" content=\"https:\/\/www.facebook.com\/naturvernforbundet.hordaland\" \/>\n<meta property=\"article:modified_time\" content=\"2025-09-18T08:08:42+00:00\" \/>\n<meta property=\"og:image\" content=\"https:\/\/naturvernforbundet.no\/content\/uploads\/sites\/13\/2022\/11\/Ingvild-Joys-mindre.png\" \/>\n\t<meta property=\"og:image:width\" content=\"1024\" \/>\n\t<meta property=\"og:image:height\" content=\"683\" \/>\n\t<meta property=\"og:image:type\" content=\"image\/png\" \/>\n<meta name=\"twitter:card\" content=\"summary_large_image\" \/>\n<meta name=\"twitter:label1\" content=\"Ansl. lesetid\" \/>\n\t<meta name=\"twitter:data1\" content=\"3 minutter\" \/>\n<script type=\"application\/ld+json\" class=\"yoast-schema-graph\">{\"@context\":\"https:\/\/schema.org\",\"@graph\":[{\"@type\":\"WebPage\",\"@id\":\"https:\/\/naturvernforbundet.no\/hordaland\/om-oss\/ansatte\/\",\"url\":\"https:\/\/naturvernforbundet.no\/hordaland\/om-oss\/ansatte\/\",\"name\":\"Ansatte - Hordaland\",\"isPartOf\":{\"@id\":\"https:\/\/naturvernforbundet.no\/hordaland\/#website\"},\"primaryImageOfPage\":{\"@id\":\"https:\/\/naturvernforbundet.no\/hordaland\/om-oss\/ansatte\/#primaryimage\"},\"image\":{\"@id\":\"https:\/\/naturvernforbundet.no\/hordaland\/om-oss\/ansatte\/#primaryimage\"},\"thumbnailUrl\":\"https:\/\/naturvernforbundet.no\/content\/uploads\/sites\/13\/2022\/11\/Ingvild-Joys-mindre.png\",\"datePublished\":\"2022-11-21T12:47:35+00:00\",\"dateModified\":\"2025-09-18T08:08:42+00:00\",\"description\":\"Kontaktinformasjon til ansatte og medarbeidere i Naturvernforbundet Hordaland. Arbeidssted er Tverrgaten 4 i Bergen.\",\"breadcrumb\":{\"@id\":\"https:\/\/naturvernforbundet.no\/hordaland\/om-oss\/ansatte\/#breadcrumb\"},\"inLanguage\":\"nb-NO\",\"potentialAction\":[{\"@type\":\"ReadAction\",\"target\":[\"https:\/\/naturvernforbundet.no\/hordaland\/om-oss\/ansatte\/\"]}]},{\"@type\":\"ImageObject\",\"inLanguage\":\"nb-NO\",\"@id\":\"https:\/\/naturvernforbundet.no\/hordaland\/om-oss\/ansatte\/#primaryimage\",\"url\":\"https:\/\/naturvernforbundet.no\/content\/uploads\/sites\/13\/2022\/11\/Ingvild-Joys-mindre.png\",\"contentUrl\":\"https:\/\/naturvernforbundet.no\/content\/uploads\/sites\/13\/2022\/11\/Ingvild-Joys-mindre.png\",\"width\":1024,\"height\":683,\"caption\":\"Profilbilde av Ingvild Joys\"},{\"@type\":\"BreadcrumbList\",\"@id\":\"https:\/\/naturvernforbundet.no\/hordaland\/om-oss\/ansatte\/#breadcrumb\",\"itemListElement\":[{\"@type\":\"ListItem\",\"position\":1,\"name\":\"Till naturvernforbundet.no\",\"item\":\"https:\/\/naturvernforbundet.no\/\"},{\"@type\":\"ListItem\",\"position\":2,\"name\":\"Hordaland\",\"item\":\"https:\/\/naturvernforbundet.no\/hordaland\/\"},{\"@type\":\"ListItem\",\"position\":3,\"name\":\"Om oss\",\"item\":\"https:\/\/naturvernforbundet.no\/hordaland\/om-oss\/\"},{\"@type\":\"ListItem\",\"position\":4,\"name\":\"Ansatte\"}]},{\"@type\":\"WebSite\",\"@id\":\"https:\/\/naturvernforbundet.no\/hordaland\/#website\",\"url\":\"https:\/\/naturvernforbundet.no\/hordaland\/\",\"name\":\"Hordaland\",\"description\":\"\",\"publisher\":{\"@id\":\"https:\/\/naturvernforbundet.no\/hordaland\/#organization\"},\"potentialAction\":[{\"@type\":\"SearchAction\",\"target\":{\"@type\":\"EntryPoint\",\"urlTemplate\":\"https:\/\/naturvernforbundet.no\/hordaland\/?s={search_term_string}\"},\"query-input\":{\"@type\":\"PropertyValueSpecification\",\"valueRequired\":true,\"valueName\":\"search_term_string\"}}],\"inLanguage\":\"nb-NO\"},{\"@type\":\"Organization\",\"@id\":\"https:\/\/naturvernforbundet.no\/hordaland\/#organization\",\"name\":\"Naturvernforbundet Hordaland\",\"url\":\"https:\/\/naturvernforbundet.no\/hordaland\/\",\"logo\":{\"@type\":\"ImageObject\",\"inLanguage\":\"nb-NO\",\"@id\":\"https:\/\/naturvernforbundet.no\/hordaland\/#\/schema\/logo\/image\/\",\"url\":\"https:\/\/naturvernforbundet.no\/content\/uploads\/sites\/13\/2022\/11\/Logo_Hordaland_transparent.png\",\"contentUrl\":\"https:\/\/naturvernforbundet.no\/content\/uploads\/sites\/13\/2022\/11\/Logo_Hordaland_transparent.png\",\"width\":1095,\"height\":203,\"caption\":\"Naturvernforbundet Hordaland\"},\"image\":{\"@id\":\"https:\/\/naturvernforbundet.no\/hordaland\/#\/schema\/logo\/image\/\"},\"sameAs\":[\"https:\/\/www.facebook.com\/naturvernforbundet.hordaland\",\"https:\/\/www.instagram.com\/naturvern_hordaland\/\",\"https:\/\/www.flickr.com\/photos\/naturvernforbundet_hordaland\/\"]}]}<\/script>\n<!-- \/ Yoast SEO plugin. -->","yoast_head_json":{"title":"Ansatte - Hordaland","description":"Kontaktinformasjon til ansatte og medarbeidere i Naturvernforbundet Hordaland. Arbeidssted er Tverrgaten 4 i Bergen.","robots":{"index":"index","follow":"follow","max-snippet":"max-snippet:-1","max-image-preview":"max-image-preview:large","max-video-preview":"max-video-preview:-1"},"canonical":"https:\/\/naturvernforbundet.no\/hordaland\/om-oss\/ansatte\/","og_locale":"nb_NO","og_type":"article","og_title":"Ansatte - Hordaland","og_description":"Kontaktinformasjon til ansatte og medarbeidere i Naturvernforbundet Hordaland. Arbeidssted er Tverrgaten 4 i Bergen.","og_url":"https:\/\/naturvernforbundet.no\/hordaland\/om-oss\/ansatte\/","og_site_name":"Hordaland","article_publisher":"https:\/\/www.facebook.com\/naturvernforbundet.hordaland","article_modified_time":"2025-09-18T08:08:42+00:00","og_image":[{"width":1024,"height":683,"url":"https:\/\/naturvernforbundet.no\/content\/uploads\/sites\/13\/2022\/11\/Ingvild-Joys-mindre.png","type":"image\/png"}],"twitter_card":"summary_large_image","twitter_misc":{"Ansl. lesetid":"3 minutter"},"schema":{"@context":"https:\/\/schema.org","@graph":[{"@type":"WebPage","@id":"https:\/\/naturvernforbundet.no\/hordaland\/om-oss\/ansatte\/","url":"https:\/\/naturvernforbundet.no\/hordaland\/om-oss\/ansatte\/","name":"Ansatte - Hordaland","isPartOf":{"@id":"https:\/\/naturvernforbundet.no\/hordaland\/#website"},"primaryImageOfPage":{"@id":"https:\/\/naturvernforbundet.no\/hordaland\/om-oss\/ansatte\/#primaryimage"},"image":{"@id":"https:\/\/naturvernforbundet.no\/hordaland\/om-oss\/ansatte\/#primaryimage"},"thumbnailUrl":"https:\/\/naturvernforbundet.no\/content\/uploads\/sites\/13\/2022\/11\/Ingvild-Joys-mindre.png","datePublished":"2022-11-21T12:47:35+00:00","dateModified":"2025-09-18T08:08:42+00:00","description":"Kontaktinformasjon til ansatte og medarbeidere i Naturvernforbundet Hordaland. Arbeidssted er Tverrgaten 4 i Bergen.","breadcrumb":{"@id":"https:\/\/naturvernforbundet.no\/hordaland\/om-oss\/ansatte\/#breadcrumb"},"inLanguage":"nb-NO","potentialAction":[{"@type":"ReadAction","target":["https:\/\/naturvernforbundet.no\/hordaland\/om-oss\/ansatte\/"]}]},{"@type":"ImageObject","inLanguage":"nb-NO","@id":"https:\/\/naturvernforbundet.no\/hordaland\/om-oss\/ansatte\/#primaryimage","url":"https:\/\/naturvernforbundet.no\/content\/uploads\/sites\/13\/2022\/11\/Ingvild-Joys-mindre.png","contentUrl":"https:\/\/naturvernforbundet.no\/content\/uploads\/sites\/13\/2022\/11\/Ingvild-Joys-mindre.png","width":1024,"height":683,"caption":"Profilbilde av Ingvild Joys"},{"@type":"BreadcrumbList","@id":"https:\/\/naturvernforbundet.no\/hordaland\/om-oss\/ansatte\/#breadcrumb","itemListElement":[{"@type":"ListItem","position":1,"name":"Till naturvernforbundet.no","item":"https:\/\/naturvernforbundet.no\/"},{"@type":"ListItem","position":2,"name":"Hordaland","item":"https:\/\/naturvernforbundet.no\/hordaland\/"},{"@type":"ListItem","position":3,"name":"Om oss","item":"https:\/\/naturvernforbundet.no\/hordaland\/om-oss\/"},{"@type":"ListItem","position":4,"name":"Ansatte"}]},{"@type":"WebSite","@id":"https:\/\/naturvernforbundet.no\/hordaland\/#website","url":"https:\/\/naturvernforbundet.no\/hordaland\/","name":"Hordaland","description":"","publisher":{"@id":"https:\/\/naturvernforbundet.no\/hordaland\/#organization"},"potentialAction":[{"@type":"SearchAction","target":{"@type":"EntryPoint","urlTemplate":"https:\/\/naturvernforbundet.no\/hordaland\/?s={search_term_string}"},"query-input":{"@type":"PropertyValueSpecification","valueRequired":true,"valueName":"search_term_string"}}],"inLanguage":"nb-NO"},{"@type":"Organization","@id":"https:\/\/naturvernforbundet.no\/hordaland\/#organization","name":"Naturvernforbundet Hordaland","url":"https:\/\/naturvernforbundet.no\/hordaland\/","logo":{"@type":"ImageObject","inLanguage":"nb-NO","@id":"https:\/\/naturvernforbundet.no\/hordaland\/#\/schema\/logo\/image\/","url":"https:\/\/naturvernforbundet.no\/content\/uploads\/sites\/13\/2022\/11\/Logo_Hordaland_transparent.png","contentUrl":"https:\/\/naturvernforbundet.no\/content\/uploads\/sites\/13\/2022\/11\/Logo_Hordaland_transparent.png","width":1095,"height":203,"caption":"Naturvernforbundet Hordaland"},"image":{"@id":"https:\/\/naturvernforbundet.no\/hordaland\/#\/schema\/logo\/image\/"},"sameAs":["https:\/\/www.facebook.com\/naturvernforbundet.hordaland","https:\/\/www.instagram.com\/naturvern_hordaland\/","https:\/\/www.flickr.com\/photos\/naturvernforbundet_hordaland\/"]}]}},"_links":{"self":[{"href":"https:\/\/naturvernforbundet.no\/hordaland\/wp-json\/wp\/v2\/pages\/2736","targetHints":{"allow":["GET"]}}],"collection":[{"href":"https:\/\/naturvernforbundet.no\/hordaland\/wp-json\/wp\/v2\/pages"}],"about":[{"href":"https:\/\/naturvernforbundet.no\/hordaland\/wp-json\/wp\/v2\/types\/page"}],"author":[{"embeddable":true,"href":"https:\/\/naturvernforbundet.no\/hordaland\/wp-json\/wp\/v2\/users\/185"}],"replies":[{"embeddable":true,"href":"https:\/\/naturvernforbundet.no\/hordaland\/wp-json\/wp\/v2\/comments?post=2736"}],"version-history":[{"count":35,"href":"https:\/\/naturvernforbundet.no\/hordaland\/wp-json\/wp\/v2\/pages\/2736\/revisions"}],"predecessor-version":[{"id":15568,"href":"https:\/\/naturvernforbundet.no\/hordaland\/wp-json\/wp\/v2\/pages\/2736\/revisions\/15568"}],"up":[{"embeddable":true,"href":"https:\/\/naturvernforbundet.no\/hordaland\/wp-json\/wp\/v2\/pages\/2348"}],"wp:featuredmedia":[{"embeddable":true,"href":"https:\/\/naturvernforbundet.no\/hordaland\/wp-json\/wp\/v2\/media\/2738"}],"wp:attachment":[{"href":"https:\/\/naturvernforbundet.no\/hordaland\/wp-json\/wp\/v2\/media?parent=2736"}],"wp:term":[{"taxonomy":"category","embeddable":true,"href":"https:\/\/naturvernforbundet.no\/hordaland\/wp-json\/wp\/v2\/categories?post=2736"}],"curies":[{"name":"wp","href":"https:\/\/api.w.org\/{rel}","templated":true}]}}