{"id":1656,"date":"2023-08-01T19:18:28","date_gmt":"2023-08-01T17:18:28","guid":{"rendered":"https:\/\/naturvernforbundet.no\/innlandet\/?page_id=1656"},"modified":"2024-08-21T22:42:32","modified_gmt":"2024-08-21T20:42:32","slug":"rovdyr","status":"publish","type":"page","link":"https:\/\/naturvernforbundet.no\/innlandet\/utvalg\/rovdyr\/","title":{"rendered":"Rovdyr"},"content":{"rendered":"\t<div class=\"template-page has-media alignfull wp-block-naturvern-hero\">\n\t\t<div class=\"hero__inner\">\n\t\t\t<div class=\"hero__inner_blocks\">\n\t\t\t\t\t\t\t\t\n<h1 class=\"wp-block-post-title\">Rovdyr<\/h1>\n\n\n<p><\/p>\n\n\n\n<div class=\"wp-block-buttons is-layout-flex wp-block-buttons-is-layout-flex\"><\/div>\n\n\t\t\t<\/div>\n\t\t\t\t\t<\/div>\n\t\t\t\t\t<div class=\"hero__image\">\n\t\t\t\t\t\t\t\t\t\t<img fetchpriority=\"high\" decoding=\"async\" width=\"1920\" height=\"1280\" src=\"https:\/\/naturvernforbundet.no\/content\/uploads\/sites\/8\/2023\/08\/Jerv-Foto-jamenpercy-Istockphoto-1920x1280.jpg\" class=\"attachment-ultra size-ultra\" alt=\"Jerv. Foto: jamenpercy\/Istockphoto\" style=\"object-position: 50% 76%;\" loading=\"eager\" srcset=\"https:\/\/naturvernforbundet.no\/content\/uploads\/sites\/8\/2023\/08\/Jerv-Foto-jamenpercy-Istockphoto-1920x1280.jpg 1920w, https:\/\/naturvernforbundet.no\/content\/uploads\/sites\/8\/2023\/08\/Jerv-Foto-jamenpercy-Istockphoto-300x200.jpg 300w, https:\/\/naturvernforbundet.no\/content\/uploads\/sites\/8\/2023\/08\/Jerv-Foto-jamenpercy-Istockphoto-1024x683.jpg 1024w, https:\/\/naturvernforbundet.no\/content\/uploads\/sites\/8\/2023\/08\/Jerv-Foto-jamenpercy-Istockphoto-768x512.jpg 768w, https:\/\/naturvernforbundet.no\/content\/uploads\/sites\/8\/2023\/08\/Jerv-Foto-jamenpercy-Istockphoto-1536x1024.jpg 1536w, https:\/\/naturvernforbundet.no\/content\/uploads\/sites\/8\/2023\/08\/Jerv-Foto-jamenpercy-Istockphoto-2048x1365.jpg 2048w\" sizes=\"(max-width: 1920px) 100vw, 1920px\" \/>\t\t\t\t\t\t<\/div>\n\t\t\t<\/div>\n\t\n\n\n<p>V\u00e5rt nyeste utvalg er rovdyrutvalget. Utvalget startet opp v\u00e5ren 2023. Ta gjerne kontakt hvis du har lyst til \u00e5 engasjere deg i rovdyrutvalget. Det er stor aktivitet og mange vedtak i rovviltnemndene for regionene 3 og 5 (Oppland og Hedmark). Utvalgsmedlemmene f\u00f8lger med s\u00e5 godt de kan, og har sendt inn flere klager p\u00e5 vedtak. Utvalgets medlemmer blir ogs\u00e5 invitert til \u00e5 delta p\u00e5 seminarer og samarbeidsm\u00f8ter. <\/p>\n\n\n<div class=\"t2-featured-single-post t2-featured-content is-post-type-event wp-block-t2-featured-single-post\"><a class=\"t2-post-link wp-block-t2-post-link\" href=\"https:\/\/naturvernforbundet.no\/innlandet\/event\/rovdyrseminar-2024\/\">\n<figure style=\"--t2-focal-point: 50% 50%;\" class=\"t2-post-featured-image has-image-ratio-4-3 wp-block-t2-post-featured-image\"><img loading=\"lazy\" decoding=\"async\" width=\"1375\" height=\"1005\" src=\"https:\/\/naturvernforbundet.no\/content\/uploads\/sites\/8\/2024\/04\/Rovdyrseminar-4.jpg\" class=\"attachment-post-thumbnail size-post-thumbnail wp-post-image\" alt=\"\" srcset=\"https:\/\/naturvernforbundet.no\/content\/uploads\/sites\/8\/2024\/04\/Rovdyrseminar-4.jpg 1375w, https:\/\/naturvernforbundet.no\/content\/uploads\/sites\/8\/2024\/04\/Rovdyrseminar-4-300x219.jpg 300w, https:\/\/naturvernforbundet.no\/content\/uploads\/sites\/8\/2024\/04\/Rovdyrseminar-4-1024x748.jpg 1024w, https:\/\/naturvernforbundet.no\/content\/uploads\/sites\/8\/2024\/04\/Rovdyrseminar-4-768x561.jpg 768w\" sizes=\"auto, (max-width: 1375px) 100vw, 1375px\" \/><\/figure>\n\n<div class=\"wp-block-group alignfull is-layout-flow wp-block-group-is-layout-flow\">\n\t\n\t\t<div class=\"naturvern-event-meta\">\n\t\t<div class=\"naturvern-event-meta-inner\">\n\t\t\t<div class=\"event-date\">\n\t\t\t\t<div>\n\t\t\t\t\t<span class=\"day\">14.sep<\/span>\n\t\t\t\t\t<span class=\"year\">2024<\/span>\n\t\t\t\t<\/div>\n\t\t\t<\/div>\n\t\t<\/div>\n\t\t<\/div>\n\t<h2 class=\"t2-post-title wp-block-t2-post-title\">Rovdyrseminar 2024<\/h2>\n\t<p class=\"wp-block-naturvern-post-excerpt\">Fylkeslagets rovdyrutvalg har lenge \u00f8nsket \u00e5 samle engasjerte naturvernere for \u00e5 l\u00e6re i fellesskap, og n\u00e5 er vi glade for \u00e5 invitere seminar helga 14.-15. september.<\/p>\n<\/div>\n\n<\/a>\n<\/div>\n\n\n<p>Kontakt: Ole Midthun | innlandet@naturvernforbundet.no | 916 94 760<\/p>\n\n\n\n<figure class=\"wp-block-image size-large\"><div class=\"t2-image-credit\"><img loading=\"lazy\" decoding=\"async\" width=\"1024\" height=\"683\" src=\"https:\/\/naturvernforbundet.no\/content\/uploads\/sites\/8\/2023\/08\/Jerv-Foto-jamenpercy-Istockphoto-1024x683.jpg\" alt=\"Jerv. Foto: jamenpercy\/Istockphoto\" class=\"wp-image-2028\" srcset=\"https:\/\/naturvernforbundet.no\/content\/uploads\/sites\/8\/2023\/08\/Jerv-Foto-jamenpercy-Istockphoto-1024x683.jpg 1024w, https:\/\/naturvernforbundet.no\/content\/uploads\/sites\/8\/2023\/08\/Jerv-Foto-jamenpercy-Istockphoto-300x200.jpg 300w, https:\/\/naturvernforbundet.no\/content\/uploads\/sites\/8\/2023\/08\/Jerv-Foto-jamenpercy-Istockphoto-768x512.jpg 768w, https:\/\/naturvernforbundet.no\/content\/uploads\/sites\/8\/2023\/08\/Jerv-Foto-jamenpercy-Istockphoto-1536x1024.jpg 1536w, https:\/\/naturvernforbundet.no\/content\/uploads\/sites\/8\/2023\/08\/Jerv-Foto-jamenpercy-Istockphoto-2048x1365.jpg 2048w, https:\/\/naturvernforbundet.no\/content\/uploads\/sites\/8\/2023\/08\/Jerv-Foto-jamenpercy-Istockphoto-1920x1280.jpg 1920w\" sizes=\"auto, (max-width: 1024px) 100vw, 1024px\" \/><span class=\"t2-image-credit-name\">jamenpercy\/Istockphoto<\/span><\/div><figcaption class=\"wp-element-caption\">Jerv<\/figcaption><\/figure>\n","protected":false},"excerpt":{"rendered":"","protected":false},"author":109,"featured_media":0,"parent":2814,"menu_order":0,"comment_status":"closed","ping_status":"closed","template":"","meta":{"_relevanssi_hide_post":"","_relevanssi_hide_content":"","_relevanssi_pin_for_all":"","_relevanssi_pin_keywords":"","_relevanssi_unpin_keywords":"","_relevanssi_related_keywords":"","_relevanssi_related_include_ids":"","_relevanssi_related_exclude_ids":"","_relevanssi_related_no_append":"","_relevanssi_related_not_related":"","_relevanssi_related_posts":"116,219,779,293,398,120","_relevanssi_noindex_reason":"","hide_logo":false,"footnotes":""},"categories":[],"class_list":["post-1656","page","type-page","status-publish","hentry"],"acf":[],"yoast_head":"<!-- This site is optimized with the Yoast SEO plugin v24.9 - https:\/\/yoast.com\/wordpress\/plugins\/seo\/ -->\n<title>Rovdyr - Innlandet \/ Sisdajve<\/title>\n<meta name=\"robots\" content=\"index, follow, max-snippet:-1, max-image-preview:large, max-video-preview:-1\" \/>\n<link rel=\"canonical\" href=\"https:\/\/naturvernforbundet.no\/innlandet\/utvalg\/rovdyr\/\" \/>\n<meta property=\"og:locale\" content=\"nb_NO\" \/>\n<meta property=\"og:type\" content=\"article\" \/>\n<meta property=\"og:title\" content=\"Rovdyr - Innlandet \/ Sisdajve\" \/>\n<meta property=\"og:url\" content=\"https:\/\/naturvernforbundet.no\/innlandet\/utvalg\/rovdyr\/\" \/>\n<meta property=\"og:site_name\" content=\"Innlandet \/ Sisdajve\" \/>\n<meta property=\"article:modified_time\" content=\"2024-08-21T20:42:32+00:00\" \/>\n<meta property=\"og:image\" content=\"https:\/\/naturvernforbundet.no\/content\/uploads\/sites\/8\/2023\/08\/Jerv-Foto-jamenpercy-Istockphoto-1024x683.jpg\" \/>\n<meta name=\"twitter:card\" content=\"summary_large_image\" \/>\n<meta name=\"twitter:label1\" content=\"Ansl. lesetid\" \/>\n\t<meta name=\"twitter:data1\" content=\"1 minutt\" \/>\n<script type=\"application\/ld+json\" class=\"yoast-schema-graph\">{\"@context\":\"https:\/\/schema.org\",\"@graph\":[{\"@type\":\"WebPage\",\"@id\":\"https:\/\/naturvernforbundet.no\/innlandet\/utvalg\/rovdyr\/\",\"url\":\"https:\/\/naturvernforbundet.no\/innlandet\/utvalg\/rovdyr\/\",\"name\":\"Rovdyr - Innlandet \/ Sisdajve\",\"isPartOf\":{\"@id\":\"https:\/\/naturvernforbundet.no\/innlandet\/#website\"},\"primaryImageOfPage\":{\"@id\":\"https:\/\/naturvernforbundet.no\/innlandet\/utvalg\/rovdyr\/#primaryimage\"},\"image\":{\"@id\":\"https:\/\/naturvernforbundet.no\/innlandet\/utvalg\/rovdyr\/#primaryimage\"},\"thumbnailUrl\":\"https:\/\/naturvernforbundet.no\/content\/uploads\/sites\/8\/2023\/08\/Jerv-Foto-jamenpercy-Istockphoto-1024x683.jpg\",\"datePublished\":\"2023-08-01T17:18:28+00:00\",\"dateModified\":\"2024-08-21T20:42:32+00:00\",\"breadcrumb\":{\"@id\":\"https:\/\/naturvernforbundet.no\/innlandet\/utvalg\/rovdyr\/#breadcrumb\"},\"inLanguage\":\"nb-NO\",\"potentialAction\":[{\"@type\":\"ReadAction\",\"target\":[\"https:\/\/naturvernforbundet.no\/innlandet\/utvalg\/rovdyr\/\"]}]},{\"@type\":\"ImageObject\",\"inLanguage\":\"nb-NO\",\"@id\":\"https:\/\/naturvernforbundet.no\/innlandet\/utvalg\/rovdyr\/#primaryimage\",\"url\":\"https:\/\/naturvernforbundet.no\/content\/uploads\/sites\/8\/2023\/08\/Jerv-Foto-jamenpercy-Istockphoto-1024x683.jpg\",\"contentUrl\":\"https:\/\/naturvernforbundet.no\/content\/uploads\/sites\/8\/2023\/08\/Jerv-Foto-jamenpercy-Istockphoto-1024x683.jpg\"},{\"@type\":\"BreadcrumbList\",\"@id\":\"https:\/\/naturvernforbundet.no\/innlandet\/utvalg\/rovdyr\/#breadcrumb\",\"itemListElement\":[{\"@type\":\"ListItem\",\"position\":1,\"name\":\"Till naturvernforbundet.no\",\"item\":\"https:\/\/naturvernforbundet.no\/\"},{\"@type\":\"ListItem\",\"position\":2,\"name\":\"Innlandet \/ Sisdajve\",\"item\":\"https:\/\/naturvernforbundet.no\/innlandet\/\"},{\"@type\":\"ListItem\",\"position\":3,\"name\":\"Fagutvalg\",\"item\":\"https:\/\/naturvernforbundet.no\/innlandet\/utvalg\/\"},{\"@type\":\"ListItem\",\"position\":4,\"name\":\"Rovdyr\"}]},{\"@type\":\"WebSite\",\"@id\":\"https:\/\/naturvernforbundet.no\/innlandet\/#website\",\"url\":\"https:\/\/naturvernforbundet.no\/innlandet\/\",\"name\":\"Innlandet \/ Sisdajve\",\"description\":\"Bare enda et Naturvernforbundet Sites-nettsted\",\"potentialAction\":[{\"@type\":\"SearchAction\",\"target\":{\"@type\":\"EntryPoint\",\"urlTemplate\":\"https:\/\/naturvernforbundet.no\/innlandet\/?s={search_term_string}\"},\"query-input\":{\"@type\":\"PropertyValueSpecification\",\"valueRequired\":true,\"valueName\":\"search_term_string\"}}],\"inLanguage\":\"nb-NO\"}]}<\/script>\n<!-- \/ Yoast SEO plugin. -->","yoast_head_json":{"title":"Rovdyr - Innlandet \/ Sisdajve","robots":{"index":"index","follow":"follow","max-snippet":"max-snippet:-1","max-image-preview":"max-image-preview:large","max-video-preview":"max-video-preview:-1"},"canonical":"https:\/\/naturvernforbundet.no\/innlandet\/utvalg\/rovdyr\/","og_locale":"nb_NO","og_type":"article","og_title":"Rovdyr - Innlandet \/ Sisdajve","og_url":"https:\/\/naturvernforbundet.no\/innlandet\/utvalg\/rovdyr\/","og_site_name":"Innlandet \/ Sisdajve","article_modified_time":"2024-08-21T20:42:32+00:00","og_image":[{"url":"https:\/\/naturvernforbundet.no\/content\/uploads\/sites\/8\/2023\/08\/Jerv-Foto-jamenpercy-Istockphoto-1024x683.jpg","type":"","width":"","height":""}],"twitter_card":"summary_large_image","twitter_misc":{"Ansl. lesetid":"1 minutt"},"schema":{"@context":"https:\/\/schema.org","@graph":[{"@type":"WebPage","@id":"https:\/\/naturvernforbundet.no\/innlandet\/utvalg\/rovdyr\/","url":"https:\/\/naturvernforbundet.no\/innlandet\/utvalg\/rovdyr\/","name":"Rovdyr - Innlandet \/ Sisdajve","isPartOf":{"@id":"https:\/\/naturvernforbundet.no\/innlandet\/#website"},"primaryImageOfPage":{"@id":"https:\/\/naturvernforbundet.no\/innlandet\/utvalg\/rovdyr\/#primaryimage"},"image":{"@id":"https:\/\/naturvernforbundet.no\/innlandet\/utvalg\/rovdyr\/#primaryimage"},"thumbnailUrl":"https:\/\/naturvernforbundet.no\/content\/uploads\/sites\/8\/2023\/08\/Jerv-Foto-jamenpercy-Istockphoto-1024x683.jpg","datePublished":"2023-08-01T17:18:28+00:00","dateModified":"2024-08-21T20:42:32+00:00","breadcrumb":{"@id":"https:\/\/naturvernforbundet.no\/innlandet\/utvalg\/rovdyr\/#breadcrumb"},"inLanguage":"nb-NO","potentialAction":[{"@type":"ReadAction","target":["https:\/\/naturvernforbundet.no\/innlandet\/utvalg\/rovdyr\/"]}]},{"@type":"ImageObject","inLanguage":"nb-NO","@id":"https:\/\/naturvernforbundet.no\/innlandet\/utvalg\/rovdyr\/#primaryimage","url":"https:\/\/naturvernforbundet.no\/content\/uploads\/sites\/8\/2023\/08\/Jerv-Foto-jamenpercy-Istockphoto-1024x683.jpg","contentUrl":"https:\/\/naturvernforbundet.no\/content\/uploads\/sites\/8\/2023\/08\/Jerv-Foto-jamenpercy-Istockphoto-1024x683.jpg"},{"@type":"BreadcrumbList","@id":"https:\/\/naturvernforbundet.no\/innlandet\/utvalg\/rovdyr\/#breadcrumb","itemListElement":[{"@type":"ListItem","position":1,"name":"Till naturvernforbundet.no","item":"https:\/\/naturvernforbundet.no\/"},{"@type":"ListItem","position":2,"name":"Innlandet \/ Sisdajve","item":"https:\/\/naturvernforbundet.no\/innlandet\/"},{"@type":"ListItem","position":3,"name":"Fagutvalg","item":"https:\/\/naturvernforbundet.no\/innlandet\/utvalg\/"},{"@type":"ListItem","position":4,"name":"Rovdyr"}]},{"@type":"WebSite","@id":"https:\/\/naturvernforbundet.no\/innlandet\/#website","url":"https:\/\/naturvernforbundet.no\/innlandet\/","name":"Innlandet \/ Sisdajve","description":"Bare enda et Naturvernforbundet Sites-nettsted","potentialAction":[{"@type":"SearchAction","target":{"@type":"EntryPoint","urlTemplate":"https:\/\/naturvernforbundet.no\/innlandet\/?s={search_term_string}"},"query-input":{"@type":"PropertyValueSpecification","valueRequired":true,"valueName":"search_term_string"}}],"inLanguage":"nb-NO"}]}},"_links":{"self":[{"href":"https:\/\/naturvernforbundet.no\/innlandet\/wp-json\/wp\/v2\/pages\/1656","targetHints":{"allow":["GET"]}}],"collection":[{"href":"https:\/\/naturvernforbundet.no\/innlandet\/wp-json\/wp\/v2\/pages"}],"about":[{"href":"https:\/\/naturvernforbundet.no\/innlandet\/wp-json\/wp\/v2\/types\/page"}],"author":[{"embeddable":true,"href":"https:\/\/naturvernforbundet.no\/innlandet\/wp-json\/wp\/v2\/users\/109"}],"replies":[{"embeddable":true,"href":"https:\/\/naturvernforbundet.no\/innlandet\/wp-json\/wp\/v2\/comments?post=1656"}],"version-history":[{"count":5,"href":"https:\/\/naturvernforbundet.no\/innlandet\/wp-json\/wp\/v2\/pages\/1656\/revisions"}],"predecessor-version":[{"id":2949,"href":"https:\/\/naturvernforbundet.no\/innlandet\/wp-json\/wp\/v2\/pages\/1656\/revisions\/2949"}],"up":[{"embeddable":true,"href":"https:\/\/naturvernforbundet.no\/innlandet\/wp-json\/wp\/v2\/pages\/2814"}],"wp:attachment":[{"href":"https:\/\/naturvernforbundet.no\/innlandet\/wp-json\/wp\/v2\/media?parent=1656"}],"wp:term":[{"taxonomy":"category","embeddable":true,"href":"https:\/\/naturvernforbundet.no\/innlandet\/wp-json\/wp\/v2\/categories?post=1656"}],"curies":[{"name":"wp","href":"https:\/\/api.w.org\/{rel}","templated":true}]}}