{"id":2533,"date":"2024-02-13T17:07:49","date_gmt":"2024-02-13T16:07:49","guid":{"rendered":"https:\/\/naturvernforbundet.no\/innlandet\/?page_id=2533"},"modified":"2024-04-17T21:49:07","modified_gmt":"2024-04-17T19:49:07","slug":"naturglede-2","status":"publish","type":"page","link":"https:\/\/naturvernforbundet.no\/innlandet\/utvalg\/naturglede-2\/","title":{"rendered":"Naturglede"},"content":{"rendered":"\t<div class=\"template-page has-media alignfull wp-block-naturvern-hero\">\n\t\t<div class=\"hero__inner\">\n\t\t\t<div class=\"hero__inner_blocks\">\n\t\t\t\t\t\t\t\t\n<h1 class=\"wp-block-post-title\">Naturglede<\/h1>\n\n\n<p>Vi har et eget naturgledeutvalg! Utvalget \u00f8nsker \u00e5 dele kunnskap og inspirere til utforskning av naturen omkring oss.<\/p>\n\n\n\n<div class=\"wp-block-buttons is-layout-flex wp-block-buttons-is-layout-flex\">\n<div class=\"wp-block-button\"><a class=\"wp-block-button__link wp-element-button\" href=\"https:\/\/naturvernforbundet.no\/innlandet\/naturglede\/\">Ta kontakt med naturgledeutvalget!<\/a><\/div>\n<\/div>\n\n\t\t\t<\/div>\n\t\t\t\t\t<\/div>\n\t\t\t\t\t<div class=\"hero__image\">\n\t\t\t\t\t\t\t\t\t\t<img fetchpriority=\"high\" decoding=\"async\" width=\"1440\" height=\"1920\" src=\"https:\/\/naturvernforbundet.no\/content\/uploads\/sites\/8\/2024\/02\/Kalsommerfugl-1440x1920.jpg\" class=\"attachment-ultra size-ultra\" alt=\"\" style=\"object-position: 50% 50%;\" loading=\"eager\" srcset=\"https:\/\/naturvernforbundet.no\/content\/uploads\/sites\/8\/2024\/02\/Kalsommerfugl-1440x1920.jpg 1440w, https:\/\/naturvernforbundet.no\/content\/uploads\/sites\/8\/2024\/02\/Kalsommerfugl-225x300.jpg 225w, https:\/\/naturvernforbundet.no\/content\/uploads\/sites\/8\/2024\/02\/Kalsommerfugl-768x1024.jpg 768w, https:\/\/naturvernforbundet.no\/content\/uploads\/sites\/8\/2024\/02\/Kalsommerfugl-1152x1536.jpg 1152w, https:\/\/naturvernforbundet.no\/content\/uploads\/sites\/8\/2024\/02\/Kalsommerfugl.jpg 1536w\" sizes=\"(max-width: 1440px) 100vw, 1440px\" \/>\t\t\t\t\t\t<\/div>\n\t\t\t<\/div>\n\t\n\n<div class=\"t2-featured-single-post t2-featured-content is-post-type-post category-naturglede wp-block-t2-featured-single-post\"><a class=\"t2-post-link wp-block-t2-post-link\" href=\"https:\/\/naturvernforbundet.no\/innlandet\/svarttrosten-er-her\/\">\n<figure style=\"--t2-focal-point: 50% 50%;\" class=\"t2-post-featured-image has-image-ratio-4-3 wp-block-t2-post-featured-image\"><img loading=\"lazy\" decoding=\"async\" width=\"365\" height=\"562\" src=\"https:\/\/naturvernforbundet.no\/content\/uploads\/sites\/8\/2024\/03\/Svarttrost-20.03.24.jpg\" class=\"attachment-post-thumbnail size-post-thumbnail wp-post-image\" alt=\"Svarttrosthann. Foto: Heidi Kristoffersen\" srcset=\"https:\/\/naturvernforbundet.no\/content\/uploads\/sites\/8\/2024\/03\/Svarttrost-20.03.24.jpg 365w, https:\/\/naturvernforbundet.no\/content\/uploads\/sites\/8\/2024\/03\/Svarttrost-20.03.24-195x300.jpg 195w\" sizes=\"auto, (max-width: 365px) 100vw, 365px\" \/><\/figure>\n\n<div class=\"wp-block-group alignfull is-layout-flow wp-block-group-is-layout-flow\">\n\t<h2 class=\"t2-post-title wp-block-t2-post-title\">Svarttrosten er her<\/h2>\n\t<p class=\"wp-block-naturvern-post-excerpt\">Jippi, v\u00e5ren er i anmarsj!<\/p>\n\t\t<div class=\"wp-block-naturvern-post-meta\">\n\t\t\t\t\t<span class=\"cat\">\n\t\t\t\t\t\t\t\t\t<span><span class=\"tag-link\" data-href=\"https:\/\/naturvernforbundet.no\/innlandet\/category\/naturglede\/\">Naturglede<\/span><\/span>\n\t\t\t\t\t\t\t<\/span>\n\t\t\t\t\t\t\t<span class=\"date\">20.03.2024<\/span>\n\t\t\t<\/div>\n\t\n<\/div>\n\n<\/a>\n<\/div>\n\n<div class=\"t2-featured-single-post t2-featured-content is-post-type-event wp-block-t2-featured-single-post\"><a class=\"t2-post-link wp-block-t2-post-link\" href=\"https:\/\/naturvernforbundet.no\/innlandet\/event\/mat-og-natur-i-hagen\/\">\n<figure style=\"--t2-focal-point: 50% 50%;\" class=\"t2-post-featured-image has-image-ratio-4-3 wp-block-t2-post-featured-image\"><img loading=\"lazy\" decoding=\"async\" width=\"2048\" height=\"1536\" src=\"https:\/\/naturvernforbundet.no\/content\/uploads\/sites\/8\/2024\/02\/Arbeidsokt-i-Mulighetenes-hage-Lillehammer.jpg\" class=\"attachment-post-thumbnail size-post-thumbnail wp-post-image\" alt=\"Hagearbeid. Foto: Ida-Sofie Stryken\" srcset=\"https:\/\/naturvernforbundet.no\/content\/uploads\/sites\/8\/2024\/02\/Arbeidsokt-i-Mulighetenes-hage-Lillehammer.jpg 2048w, https:\/\/naturvernforbundet.no\/content\/uploads\/sites\/8\/2024\/02\/Arbeidsokt-i-Mulighetenes-hage-Lillehammer-300x225.jpg 300w, https:\/\/naturvernforbundet.no\/content\/uploads\/sites\/8\/2024\/02\/Arbeidsokt-i-Mulighetenes-hage-Lillehammer-1024x768.jpg 1024w, https:\/\/naturvernforbundet.no\/content\/uploads\/sites\/8\/2024\/02\/Arbeidsokt-i-Mulighetenes-hage-Lillehammer-768x576.jpg 768w, https:\/\/naturvernforbundet.no\/content\/uploads\/sites\/8\/2024\/02\/Arbeidsokt-i-Mulighetenes-hage-Lillehammer-1536x1152.jpg 1536w, https:\/\/naturvernforbundet.no\/content\/uploads\/sites\/8\/2024\/02\/Arbeidsokt-i-Mulighetenes-hage-Lillehammer-1920x1440.jpg 1920w\" sizes=\"auto, (max-width: 2048px) 100vw, 2048px\" \/><\/figure>\n\n<div class=\"wp-block-group alignfull is-layout-flow wp-block-group-is-layout-flow\">\n\t\n\t\t<div class=\"naturvern-event-meta\">\n\t\t<div class=\"naturvern-event-meta-inner\">\n\t\t\t<div class=\"event-date\">\n\t\t\t\t<div>\n\t\t\t\t\t<span class=\"day\">16.mar<\/span>\n\t\t\t\t\t<span class=\"year\">2024<\/span>\n\t\t\t\t<\/div>\n\t\t\t<\/div>\n\t\t<\/div>\n\t\t<\/div>\n\t<h2 class=\"t2-post-title wp-block-t2-post-title\">Gratis seminar: MAT og NATUR i hagen<\/h2>\n\t<p class=\"wp-block-naturvern-post-excerpt\"><\/p>\n<\/div>\n\n<\/a>\n<\/div>\n\n<div class=\"t2-featured-single-post t2-featured-content is-post-type-post category-naturglede wp-block-t2-featured-single-post\"><a class=\"t2-post-link wp-block-t2-post-link\" href=\"https:\/\/naturvernforbundet.no\/innlandet\/blomsterfluer\/\">\n<figure style=\"--t2-focal-point: 50% 50%;\" class=\"t2-post-featured-image has-image-ratio-4-3 wp-block-t2-post-featured-image\"><img loading=\"lazy\" decoding=\"async\" width=\"1920\" height=\"2560\" src=\"https:\/\/naturvernforbundet.no\/content\/uploads\/sites\/8\/2024\/02\/Blomsterfluer-27.02.24-scaled.jpg\" class=\"attachment-post-thumbnail size-post-thumbnail wp-post-image\" alt=\"Blomsterflue. Foto: Heidi Kristoffersen.\" srcset=\"https:\/\/naturvernforbundet.no\/content\/uploads\/sites\/8\/2024\/02\/Blomsterfluer-27.02.24-scaled.jpg 1920w, https:\/\/naturvernforbundet.no\/content\/uploads\/sites\/8\/2024\/02\/Blomsterfluer-27.02.24-225x300.jpg 225w, https:\/\/naturvernforbundet.no\/content\/uploads\/sites\/8\/2024\/02\/Blomsterfluer-27.02.24-768x1024.jpg 768w, https:\/\/naturvernforbundet.no\/content\/uploads\/sites\/8\/2024\/02\/Blomsterfluer-27.02.24-1152x1536.jpg 1152w, https:\/\/naturvernforbundet.no\/content\/uploads\/sites\/8\/2024\/02\/Blomsterfluer-27.02.24-1536x2048.jpg 1536w, https:\/\/naturvernforbundet.no\/content\/uploads\/sites\/8\/2024\/02\/Blomsterfluer-27.02.24-1440x1920.jpg 1440w\" sizes=\"auto, (max-width: 1920px) 100vw, 1920px\" \/><\/figure>\n\n<div class=\"wp-block-group alignfull is-layout-flow wp-block-group-is-layout-flow\">\n\t<h2 class=\"t2-post-title wp-block-t2-post-title\">Blomsterfluer<\/h2>\n\t<p class=\"wp-block-naturvern-post-excerpt\">Disse vakre gul- og svartstripete fluene er lette \u00e5 kjenne igjen fordi de kamuflerer seg ved \u00e5 ligne veps og bier.\u00a0\u00a0<\/p>\n\t\t<div class=\"wp-block-naturvern-post-meta\">\n\t\t\t\t\t<span class=\"cat\">\n\t\t\t\t\t\t\t\t\t<span><span class=\"tag-link\" data-href=\"https:\/\/naturvernforbundet.no\/innlandet\/category\/naturglede\/\">Naturglede<\/span><\/span>\n\t\t\t\t\t\t\t<\/span>\n\t\t\t\t\t\t\t<span class=\"date\">27.02.2024<\/span>\n\t\t\t<\/div>\n\t\n<\/div>\n\n<\/a>\n<\/div>\n\n<div class=\"t2-featured-single-post t2-featured-content is-post-type-post category-naturglede wp-block-t2-featured-single-post\"><a class=\"t2-post-link wp-block-t2-post-link\" href=\"https:\/\/naturvernforbundet.no\/innlandet\/hjelp-sommerfuglene\/\">\n<figure style=\"--t2-focal-point: 50% 50%;\" class=\"t2-post-featured-image has-image-ratio-4-3 wp-block-t2-post-featured-image\"><img loading=\"lazy\" decoding=\"async\" width=\"1536\" height=\"2048\" src=\"https:\/\/naturvernforbundet.no\/content\/uploads\/sites\/8\/2024\/02\/Sommerfugler-14.02.24.jpg\" class=\"attachment-post-thumbnail size-post-thumbnail wp-post-image\" alt=\"Sommerfuglen gammafly. Foto: Heidi Kristoffersen.\" srcset=\"https:\/\/naturvernforbundet.no\/content\/uploads\/sites\/8\/2024\/02\/Sommerfugler-14.02.24.jpg 1536w, https:\/\/naturvernforbundet.no\/content\/uploads\/sites\/8\/2024\/02\/Sommerfugler-14.02.24-225x300.jpg 225w, https:\/\/naturvernforbundet.no\/content\/uploads\/sites\/8\/2024\/02\/Sommerfugler-14.02.24-768x1024.jpg 768w, https:\/\/naturvernforbundet.no\/content\/uploads\/sites\/8\/2024\/02\/Sommerfugler-14.02.24-1152x1536.jpg 1152w, https:\/\/naturvernforbundet.no\/content\/uploads\/sites\/8\/2024\/02\/Sommerfugler-14.02.24-1440x1920.jpg 1440w\" sizes=\"auto, (max-width: 1536px) 100vw, 1536px\" \/><\/figure>\n\n<div class=\"wp-block-group alignfull is-layout-flow wp-block-group-is-layout-flow\">\n\t<h2 class=\"t2-post-title wp-block-t2-post-title\">Hjelp sommerfuglene<\/h2>\n\t<p class=\"wp-block-naturvern-post-excerpt\">Sommerfugler er fantastiske skapninger! Dessverre er mange av dem i tilbakegang p\u00e5 grunn av habitat\u00f8deleggelse. <\/p>\n\t\t<div class=\"wp-block-naturvern-post-meta\">\n\t\t\t\t\t<span class=\"cat\">\n\t\t\t\t\t\t\t\t\t<span><span class=\"tag-link\" data-href=\"https:\/\/naturvernforbundet.no\/innlandet\/category\/naturglede\/\">Naturglede<\/span><\/span>\n\t\t\t\t\t\t\t<\/span>\n\t\t\t\t\t\t\t<span class=\"date\">15.02.2024<\/span>\n\t\t\t<\/div>\n\t\n<\/div>\n\n<\/a>\n<\/div>\n\n<div class=\"t2-featured-single-post t2-featured-content is-post-type-post category-naturglede wp-block-t2-featured-single-post\"><a class=\"t2-post-link wp-block-t2-post-link\" href=\"https:\/\/naturvernforbundet.no\/innlandet\/insekter-i-slattemark\/\">\n<figure style=\"--t2-focal-point: 50% 50%;\" class=\"t2-post-featured-image has-image-ratio-4-3 wp-block-t2-post-featured-image\"><img loading=\"lazy\" decoding=\"async\" width=\"1536\" height=\"2048\" src=\"https:\/\/naturvernforbundet.no\/content\/uploads\/sites\/8\/2024\/02\/Eng-14.02.24.jpg\" class=\"attachment-post-thumbnail size-post-thumbnail wp-post-image\" alt=\"Eng. Foto: Heidi Kristoffersen.\" srcset=\"https:\/\/naturvernforbundet.no\/content\/uploads\/sites\/8\/2024\/02\/Eng-14.02.24.jpg 1536w, https:\/\/naturvernforbundet.no\/content\/uploads\/sites\/8\/2024\/02\/Eng-14.02.24-225x300.jpg 225w, https:\/\/naturvernforbundet.no\/content\/uploads\/sites\/8\/2024\/02\/Eng-14.02.24-768x1024.jpg 768w, https:\/\/naturvernforbundet.no\/content\/uploads\/sites\/8\/2024\/02\/Eng-14.02.24-1152x1536.jpg 1152w, https:\/\/naturvernforbundet.no\/content\/uploads\/sites\/8\/2024\/02\/Eng-14.02.24-1440x1920.jpg 1440w\" sizes=\"auto, (max-width: 1536px) 100vw, 1536px\" \/><\/figure>\n\n<div class=\"wp-block-group alignfull is-layout-flow wp-block-group-is-layout-flow\">\n\t<h2 class=\"t2-post-title wp-block-t2-post-title\">Insekter i sl\u00e5ttemark<\/h2>\n\t<p class=\"wp-block-naturvern-post-excerpt\">\u00c5 unng\u00e5 insektd\u00f8d er vakkert og velduftende.<\/p>\n\t\t<div class=\"wp-block-naturvern-post-meta\">\n\t\t\t\t\t<span class=\"cat\">\n\t\t\t\t\t\t\t\t\t<span><span class=\"tag-link\" data-href=\"https:\/\/naturvernforbundet.no\/innlandet\/category\/naturglede\/\">Naturglede<\/span><\/span>\n\t\t\t\t\t\t\t<\/span>\n\t\t\t\t\t\t\t<span class=\"date\">15.02.2024<\/span>\n\t\t\t<\/div>\n\t\n<\/div>\n\n<\/a>\n<\/div>\n\n<div class=\"t2-featured-single-post t2-featured-content is-post-type-post category-naturglede tag-naturglede wp-block-t2-featured-single-post\"><a class=\"t2-post-link wp-block-t2-post-link\" href=\"https:\/\/naturvernforbundet.no\/innlandet\/granmeis-om-vinteren\/\">\n<figure style=\"--t2-focal-point: 50% 50%;\" class=\"t2-post-featured-image has-image-ratio-4-3 wp-block-t2-post-featured-image\"><img loading=\"lazy\" decoding=\"async\" width=\"1536\" height=\"2048\" src=\"https:\/\/naturvernforbundet.no\/content\/uploads\/sites\/8\/2024\/02\/Granmeis-10.02.24.jpg\" class=\"attachment-post-thumbnail size-post-thumbnail wp-post-image\" alt=\"Granmeis. Foto: Heidi Kristoffersen\" srcset=\"https:\/\/naturvernforbundet.no\/content\/uploads\/sites\/8\/2024\/02\/Granmeis-10.02.24.jpg 1536w, https:\/\/naturvernforbundet.no\/content\/uploads\/sites\/8\/2024\/02\/Granmeis-10.02.24-225x300.jpg 225w, https:\/\/naturvernforbundet.no\/content\/uploads\/sites\/8\/2024\/02\/Granmeis-10.02.24-768x1024.jpg 768w, https:\/\/naturvernforbundet.no\/content\/uploads\/sites\/8\/2024\/02\/Granmeis-10.02.24-1152x1536.jpg 1152w, https:\/\/naturvernforbundet.no\/content\/uploads\/sites\/8\/2024\/02\/Granmeis-10.02.24-1440x1920.jpg 1440w\" sizes=\"auto, (max-width: 1536px) 100vw, 1536px\" \/><\/figure>\n\n<div class=\"wp-block-group alignfull is-layout-flow wp-block-group-is-layout-flow\">\n\t<h2 class=\"t2-post-title wp-block-t2-post-title\">Granmeis om vinteren<\/h2>\n\t<p class=\"wp-block-naturvern-post-excerpt\">Det er gode muligheter for \u00e5 hjelpe fuglene, og det er en stor glede!<\/p>\n\t\t<div class=\"wp-block-naturvern-post-meta\">\n\t\t\t\t\t<span class=\"cat\">\n\t\t\t\t\t\t\t\t\t<span><span class=\"tag-link\" data-href=\"https:\/\/naturvernforbundet.no\/innlandet\/category\/naturglede\/\">Naturglede<\/span><\/span>\n\t\t\t\t\t\t\t<\/span>\n\t\t\t\t\t\t\t<span class=\"date\">14.02.2024<\/span>\n\t\t\t<\/div>\n\t\n<\/div>\n\n<\/a>\n<\/div>","protected":false},"excerpt":{"rendered":"","protected":false},"author":109,"featured_media":0,"parent":2814,"menu_order":0,"comment_status":"closed","ping_status":"closed","template":"","meta":{"_relevanssi_hide_post":"","_relevanssi_hide_content":"","_relevanssi_pin_for_all":"","_relevanssi_pin_keywords":"","_relevanssi_unpin_keywords":"","_relevanssi_related_keywords":"","_relevanssi_related_include_ids":"","_relevanssi_related_exclude_ids":"","_relevanssi_related_no_append":"","_relevanssi_related_not_related":"","_relevanssi_related_posts":"","_relevanssi_noindex_reason":"","hide_logo":false,"footnotes":""},"categories":[],"class_list":["post-2533","page","type-page","status-publish","hentry"],"acf":[],"yoast_head":"<!-- This site is optimized with the Yoast SEO plugin v24.9 - https:\/\/yoast.com\/wordpress\/plugins\/seo\/ -->\n<title>Naturglede - Innlandet \/ Sisdajve<\/title>\n<meta name=\"robots\" content=\"index, follow, max-snippet:-1, max-image-preview:large, max-video-preview:-1\" \/>\n<link rel=\"canonical\" href=\"https:\/\/naturvernforbundet.no\/innlandet\/utvalg\/naturglede-2\/\" \/>\n<meta property=\"og:locale\" content=\"nb_NO\" \/>\n<meta property=\"og:type\" content=\"article\" \/>\n<meta property=\"og:title\" content=\"Naturglede - Innlandet \/ Sisdajve\" \/>\n<meta property=\"og:url\" content=\"https:\/\/naturvernforbundet.no\/innlandet\/utvalg\/naturglede-2\/\" \/>\n<meta property=\"og:site_name\" content=\"Innlandet \/ Sisdajve\" \/>\n<meta property=\"article:modified_time\" content=\"2024-04-17T19:49:07+00:00\" \/>\n<meta name=\"twitter:card\" content=\"summary_large_image\" \/>\n<meta name=\"twitter:label1\" content=\"Ansl. lesetid\" \/>\n\t<meta name=\"twitter:data1\" content=\"1 minutt\" \/>\n<script type=\"application\/ld+json\" class=\"yoast-schema-graph\">{\"@context\":\"https:\/\/schema.org\",\"@graph\":[{\"@type\":\"WebPage\",\"@id\":\"https:\/\/naturvernforbundet.no\/innlandet\/utvalg\/naturglede-2\/\",\"url\":\"https:\/\/naturvernforbundet.no\/innlandet\/utvalg\/naturglede-2\/\",\"name\":\"Naturglede - Innlandet \/ Sisdajve\",\"isPartOf\":{\"@id\":\"https:\/\/naturvernforbundet.no\/innlandet\/#website\"},\"datePublished\":\"2024-02-13T16:07:49+00:00\",\"dateModified\":\"2024-04-17T19:49:07+00:00\",\"breadcrumb\":{\"@id\":\"https:\/\/naturvernforbundet.no\/innlandet\/utvalg\/naturglede-2\/#breadcrumb\"},\"inLanguage\":\"nb-NO\",\"potentialAction\":[{\"@type\":\"ReadAction\",\"target\":[\"https:\/\/naturvernforbundet.no\/innlandet\/utvalg\/naturglede-2\/\"]}]},{\"@type\":\"BreadcrumbList\",\"@id\":\"https:\/\/naturvernforbundet.no\/innlandet\/utvalg\/naturglede-2\/#breadcrumb\",\"itemListElement\":[{\"@type\":\"ListItem\",\"position\":1,\"name\":\"Till naturvernforbundet.no\",\"item\":\"https:\/\/naturvernforbundet.no\/\"},{\"@type\":\"ListItem\",\"position\":2,\"name\":\"Innlandet \/ Sisdajve\",\"item\":\"https:\/\/naturvernforbundet.no\/innlandet\/\"},{\"@type\":\"ListItem\",\"position\":3,\"name\":\"Fagutvalg\",\"item\":\"https:\/\/naturvernforbundet.no\/innlandet\/utvalg\/\"},{\"@type\":\"ListItem\",\"position\":4,\"name\":\"Naturglede\"}]},{\"@type\":\"WebSite\",\"@id\":\"https:\/\/naturvernforbundet.no\/innlandet\/#website\",\"url\":\"https:\/\/naturvernforbundet.no\/innlandet\/\",\"name\":\"Innlandet \/ Sisdajve\",\"description\":\"Bare enda et Naturvernforbundet Sites-nettsted\",\"potentialAction\":[{\"@type\":\"SearchAction\",\"target\":{\"@type\":\"EntryPoint\",\"urlTemplate\":\"https:\/\/naturvernforbundet.no\/innlandet\/?s={search_term_string}\"},\"query-input\":{\"@type\":\"PropertyValueSpecification\",\"valueRequired\":true,\"valueName\":\"search_term_string\"}}],\"inLanguage\":\"nb-NO\"}]}<\/script>\n<!-- \/ Yoast SEO plugin. -->","yoast_head_json":{"title":"Naturglede - Innlandet \/ Sisdajve","robots":{"index":"index","follow":"follow","max-snippet":"max-snippet:-1","max-image-preview":"max-image-preview:large","max-video-preview":"max-video-preview:-1"},"canonical":"https:\/\/naturvernforbundet.no\/innlandet\/utvalg\/naturglede-2\/","og_locale":"nb_NO","og_type":"article","og_title":"Naturglede - Innlandet \/ Sisdajve","og_url":"https:\/\/naturvernforbundet.no\/innlandet\/utvalg\/naturglede-2\/","og_site_name":"Innlandet \/ Sisdajve","article_modified_time":"2024-04-17T19:49:07+00:00","twitter_card":"summary_large_image","twitter_misc":{"Ansl. lesetid":"1 minutt"},"schema":{"@context":"https:\/\/schema.org","@graph":[{"@type":"WebPage","@id":"https:\/\/naturvernforbundet.no\/innlandet\/utvalg\/naturglede-2\/","url":"https:\/\/naturvernforbundet.no\/innlandet\/utvalg\/naturglede-2\/","name":"Naturglede - Innlandet \/ Sisdajve","isPartOf":{"@id":"https:\/\/naturvernforbundet.no\/innlandet\/#website"},"datePublished":"2024-02-13T16:07:49+00:00","dateModified":"2024-04-17T19:49:07+00:00","breadcrumb":{"@id":"https:\/\/naturvernforbundet.no\/innlandet\/utvalg\/naturglede-2\/#breadcrumb"},"inLanguage":"nb-NO","potentialAction":[{"@type":"ReadAction","target":["https:\/\/naturvernforbundet.no\/innlandet\/utvalg\/naturglede-2\/"]}]},{"@type":"BreadcrumbList","@id":"https:\/\/naturvernforbundet.no\/innlandet\/utvalg\/naturglede-2\/#breadcrumb","itemListElement":[{"@type":"ListItem","position":1,"name":"Till naturvernforbundet.no","item":"https:\/\/naturvernforbundet.no\/"},{"@type":"ListItem","position":2,"name":"Innlandet \/ Sisdajve","item":"https:\/\/naturvernforbundet.no\/innlandet\/"},{"@type":"ListItem","position":3,"name":"Fagutvalg","item":"https:\/\/naturvernforbundet.no\/innlandet\/utvalg\/"},{"@type":"ListItem","position":4,"name":"Naturglede"}]},{"@type":"WebSite","@id":"https:\/\/naturvernforbundet.no\/innlandet\/#website","url":"https:\/\/naturvernforbundet.no\/innlandet\/","name":"Innlandet \/ Sisdajve","description":"Bare enda et Naturvernforbundet Sites-nettsted","potentialAction":[{"@type":"SearchAction","target":{"@type":"EntryPoint","urlTemplate":"https:\/\/naturvernforbundet.no\/innlandet\/?s={search_term_string}"},"query-input":{"@type":"PropertyValueSpecification","valueRequired":true,"valueName":"search_term_string"}}],"inLanguage":"nb-NO"}]}},"_links":{"self":[{"href":"https:\/\/naturvernforbundet.no\/innlandet\/wp-json\/wp\/v2\/pages\/2533","targetHints":{"allow":["GET"]}}],"collection":[{"href":"https:\/\/naturvernforbundet.no\/innlandet\/wp-json\/wp\/v2\/pages"}],"about":[{"href":"https:\/\/naturvernforbundet.no\/innlandet\/wp-json\/wp\/v2\/types\/page"}],"author":[{"embeddable":true,"href":"https:\/\/naturvernforbundet.no\/innlandet\/wp-json\/wp\/v2\/users\/109"}],"replies":[{"embeddable":true,"href":"https:\/\/naturvernforbundet.no\/innlandet\/wp-json\/wp\/v2\/comments?post=2533"}],"version-history":[{"count":13,"href":"https:\/\/naturvernforbundet.no\/innlandet\/wp-json\/wp\/v2\/pages\/2533\/revisions"}],"predecessor-version":[{"id":2755,"href":"https:\/\/naturvernforbundet.no\/innlandet\/wp-json\/wp\/v2\/pages\/2533\/revisions\/2755"}],"up":[{"embeddable":true,"href":"https:\/\/naturvernforbundet.no\/innlandet\/wp-json\/wp\/v2\/pages\/2814"}],"wp:attachment":[{"href":"https:\/\/naturvernforbundet.no\/innlandet\/wp-json\/wp\/v2\/media?parent=2533"}],"wp:term":[{"taxonomy":"category","embeddable":true,"href":"https:\/\/naturvernforbundet.no\/innlandet\/wp-json\/wp\/v2\/categories?post=2533"}],"curies":[{"name":"wp","href":"https:\/\/api.w.org\/{rel}","templated":true}]}}