{"id":551,"date":"2022-09-24T11:33:06","date_gmt":"2022-09-24T09:33:06","guid":{"rendered":"https:\/\/naturvernforbundet.no\/innlandet\/?page_id=551"},"modified":"2024-04-24T22:54:01","modified_gmt":"2024-04-24T20:54:01","slug":"skog","status":"publish","type":"page","link":"https:\/\/naturvernforbundet.no\/innlandet\/utvalg\/skog\/","title":{"rendered":"Skog"},"content":{"rendered":"\t<div class=\"template-page has-media alignfull wp-block-naturvern-hero\">\n\t\t<div class=\"hero__inner\">\n\t\t\t<div class=\"hero__inner_blocks\">\n\t\t\t\t\t\t\t\t\n<h1 class=\"wp-block-post-title\">Skog<\/h1>\n\n\n<p><\/p>\n\n\t\t\t<\/div>\n\t\t\t\t\t<\/div>\n\t\t\t\t\t<div class=\"hero__image\">\n\t\t\t\t\t\t\t\t\t\t<img fetchpriority=\"high\" decoding=\"async\" width=\"1920\" height=\"1440\" src=\"https:\/\/naturvernforbundet.no\/content\/uploads\/sites\/8\/2024\/04\/Skogutvalg-3-1920x1440.jpg\" class=\"attachment-ultra size-ultra\" alt=\"Skogutvalget p\u00e5 befaring i Hamar h\u00f8sten 2021.\" style=\"object-position: 50% 73%;\" loading=\"eager\" srcset=\"https:\/\/naturvernforbundet.no\/content\/uploads\/sites\/8\/2024\/04\/Skogutvalg-3-1920x1440.jpg 1920w, https:\/\/naturvernforbundet.no\/content\/uploads\/sites\/8\/2024\/04\/Skogutvalg-3-300x225.jpg 300w, https:\/\/naturvernforbundet.no\/content\/uploads\/sites\/8\/2024\/04\/Skogutvalg-3-1024x768.jpg 1024w, https:\/\/naturvernforbundet.no\/content\/uploads\/sites\/8\/2024\/04\/Skogutvalg-3-768x576.jpg 768w, https:\/\/naturvernforbundet.no\/content\/uploads\/sites\/8\/2024\/04\/Skogutvalg-3-1536x1152.jpg 1536w, https:\/\/naturvernforbundet.no\/content\/uploads\/sites\/8\/2024\/04\/Skogutvalg-3-2048x1536.jpg 2048w\" sizes=\"(max-width: 1920px) 100vw, 1920px\" \/>\t\t\t\t\t\t<\/div>\n\t\t\t<\/div>\n\t\n\n\n<p>Skogutvalget jobber med skogsaker flere steder i fylket. Eksempler p\u00e5 saker er vern, ulovlig hogst, gr\u00f8fting og fjerning av kantsoner. Skogutvalget startet i det tidligere fylkeslaget for Hedmark, og har flere \u00e5rs erfaring med mange typer skogsaker. <\/p>\n\n\n\n<p>Ta kontakt hvis du vil bli med eller har lyst p\u00e5 mer informasjon! Du kan ogs\u00e5 snakke med oss om konkrete skogsaker i ditt n\u00e6rmilj\u00f8.<\/p>\n\n\n\n<p>Kontakt: Ole Midthun | innlandet@naturvernforbundet.no | 916 94 760<\/p>\n\n\n\n<div class=\"wp-block-group alignwide is-style-yellow is-layout-flow wp-block-group-is-layout-flow\">\n<div class=\"wp-block-media-text alignwide has-media-on-the-right is-stacked-on-mobile\"><div class=\"wp-block-media-text__content\">\n<h2 class=\"wp-block-heading\"><a href=\"https:\/\/naturvernforbundet.no\/innlandet\/grofting-i-skogen-negativt-for-natur-og-klima\/\">Gr\u00f8fting i skogen &#8211; negativt for natur og klima<\/a><\/h2>\n\n\n\n<p>Mange myrer og fuktige skogomr\u00e5der er negativt p\u00e5virket av gr\u00f8fting som har som form\u00e5l \u00e5 \u00f8ke t\u00f8mmerproduksjonen.<\/p>\n<\/div><figure class=\"wp-block-media-text__media\"><a href=\"https:\/\/naturvernforbundet.no\/innlandet\/grofting-i-skogen-negativt-for-natur-og-klima\/\"><img loading=\"lazy\" decoding=\"async\" width=\"950\" height=\"634\" src=\"https:\/\/naturvernforbundet.no\/content\/uploads\/sites\/8\/2022\/10\/Grofting-Hedmark.jpg-fullscreen.jpg\" alt=\"\" class=\"wp-image-977 size-full\" srcset=\"https:\/\/naturvernforbundet.no\/content\/uploads\/sites\/8\/2022\/10\/Grofting-Hedmark.jpg-fullscreen.jpg 950w, https:\/\/naturvernforbundet.no\/content\/uploads\/sites\/8\/2022\/10\/Grofting-Hedmark.jpg-fullscreen-300x200.jpg 300w, https:\/\/naturvernforbundet.no\/content\/uploads\/sites\/8\/2022\/10\/Grofting-Hedmark.jpg-fullscreen-768x513.jpg 768w\" sizes=\"auto, (max-width: 950px) 100vw, 950px\" \/><\/a><\/figure><\/div>\n<\/div>\n\n\n\n<div class=\"wp-block-group alignwide is-style-green-light is-layout-flow wp-block-group-is-layout-flow\">\n<div class=\"wp-block-media-text alignwide is-stacked-on-mobile\"><figure class=\"wp-block-media-text__media\"><a href=\"https:\/\/naturvernforbundet.no\/innlandet\/markberedning-en-trussel-for-skognaturen\/\"><img loading=\"lazy\" decoding=\"async\" width=\"950\" height=\"634\" src=\"https:\/\/naturvernforbundet.no\/content\/uploads\/sites\/8\/2022\/10\/Markberedning-Hedmark.JPG-fullscreen.jpg\" alt=\"\" class=\"wp-image-980 size-full\" srcset=\"https:\/\/naturvernforbundet.no\/content\/uploads\/sites\/8\/2022\/10\/Markberedning-Hedmark.JPG-fullscreen.jpg 950w, https:\/\/naturvernforbundet.no\/content\/uploads\/sites\/8\/2022\/10\/Markberedning-Hedmark.JPG-fullscreen-300x200.jpg 300w, https:\/\/naturvernforbundet.no\/content\/uploads\/sites\/8\/2022\/10\/Markberedning-Hedmark.JPG-fullscreen-768x513.jpg 768w\" sizes=\"auto, (max-width: 950px) 100vw, 950px\" \/><\/a><\/figure><div class=\"wp-block-media-text__content\">\n<h2 class=\"wp-block-heading\"><a href=\"https:\/\/naturvernforbundet.no\/innlandet\/markberedning-en-trussel-for-skognaturen\/\">Markberedning &#8211; en trussel for skognaturen<\/a><\/h2>\n\n\n\n<p>Har du lagt merke til at hogstflater i Hedmark ofte ser verre ut enn f\u00f8r? Ikke bare er de st\u00f8rre, men de graves opp eller pl\u00f8yes for \u00e5 fjerne humus og blottlegge mineraljord. Det er dette som kalles markberedning.<\/p>\n<\/div><\/div>\n<\/div>\n\n\n\n<div class=\"wp-block-group alignwide is-style-yellow is-layout-flow wp-block-group-is-layout-flow\">\n<div class=\"wp-block-media-text alignwide has-media-on-the-right is-stacked-on-mobile\"><div class=\"wp-block-media-text__content\">\n<h2 class=\"wp-block-heading\"><a href=\"https:\/\/naturvernforbundet.no\/innlandet\/grofting-i-skogen-negativt-for-natur-og-klima\/\">Hogst i hekketiden &#8211; alvorlig for fuglene<\/a><\/h2>\n\n\n\n<p>Fugler og dyr trenger beskyttelse i hekke- og yngletiden, og da kan vi ikke drive med flatehogst.<\/p>\n<\/div><figure class=\"wp-block-media-text__media\"><a href=\"https:\/\/naturvernforbundet.no\/innlandet\/grofting-i-skogen-negativt-for-natur-og-klima\/\"><img decoding=\"async\" src=\"https:\/\/naturvernforbundet.no\/content\/uploads\/sites\/8\/2024\/04\/Gisle-Oddane-foto.jpg\" alt=\"En destruert fuglekasse etterlatt etter hogst i hekketiden\" class=\"wp-image-2851 size-full\"\/><\/a><span class=\"t2-image-credit-name\">Gisle Oddane<\/span><\/figure><\/div>\n<\/div>\n\n\n<div class=\"t2-featured-content-layout alignwide alignwide wp-block-t2-featured-content-layout\"><\/div>","protected":false},"excerpt":{"rendered":"","protected":false},"author":256,"featured_media":0,"parent":2814,"menu_order":0,"comment_status":"closed","ping_status":"closed","template":"","meta":{"_relevanssi_hide_post":"","_relevanssi_hide_content":"","_relevanssi_pin_for_all":"","_relevanssi_pin_keywords":"","_relevanssi_unpin_keywords":"","_relevanssi_related_keywords":"","_relevanssi_related_include_ids":"","_relevanssi_related_exclude_ids":"","_relevanssi_related_no_append":"","_relevanssi_related_not_related":"","_relevanssi_related_posts":"","_relevanssi_noindex_reason":"","hide_logo":false,"footnotes":""},"categories":[],"class_list":["post-551","page","type-page","status-publish","hentry"],"acf":[],"yoast_head":"<!-- This site is optimized with the Yoast SEO plugin v24.9 - https:\/\/yoast.com\/wordpress\/plugins\/seo\/ -->\n<title>Skog - Innlandet \/ Sisdajve<\/title>\n<meta name=\"robots\" content=\"index, follow, max-snippet:-1, max-image-preview:large, max-video-preview:-1\" \/>\n<link rel=\"canonical\" href=\"https:\/\/naturvernforbundet.no\/innlandet\/utvalg\/skog\/\" \/>\n<meta property=\"og:locale\" content=\"nb_NO\" \/>\n<meta property=\"og:type\" content=\"article\" \/>\n<meta property=\"og:title\" content=\"Skog - Innlandet \/ Sisdajve\" \/>\n<meta property=\"og:url\" content=\"https:\/\/naturvernforbundet.no\/innlandet\/utvalg\/skog\/\" \/>\n<meta property=\"og:site_name\" content=\"Innlandet \/ Sisdajve\" \/>\n<meta property=\"article:modified_time\" content=\"2024-04-24T20:54:01+00:00\" \/>\n<meta property=\"og:image\" content=\"https:\/\/naturvernforbundet.no\/content\/uploads\/sites\/8\/2022\/10\/Grofting-Hedmark.jpg-fullscreen.jpg\" \/>\n<meta name=\"twitter:card\" content=\"summary_large_image\" \/>\n<meta name=\"twitter:label1\" content=\"Ansl. lesetid\" \/>\n\t<meta name=\"twitter:data1\" content=\"2 minutter\" \/>\n<script type=\"application\/ld+json\" class=\"yoast-schema-graph\">{\"@context\":\"https:\/\/schema.org\",\"@graph\":[{\"@type\":\"WebPage\",\"@id\":\"https:\/\/naturvernforbundet.no\/innlandet\/utvalg\/skog\/\",\"url\":\"https:\/\/naturvernforbundet.no\/innlandet\/utvalg\/skog\/\",\"name\":\"Skog - Innlandet \/ Sisdajve\",\"isPartOf\":{\"@id\":\"https:\/\/naturvernforbundet.no\/innlandet\/#website\"},\"primaryImageOfPage\":{\"@id\":\"https:\/\/naturvernforbundet.no\/innlandet\/utvalg\/skog\/#primaryimage\"},\"image\":{\"@id\":\"https:\/\/naturvernforbundet.no\/innlandet\/utvalg\/skog\/#primaryimage\"},\"thumbnailUrl\":\"https:\/\/naturvernforbundet.no\/content\/uploads\/sites\/8\/2022\/10\/Grofting-Hedmark.jpg-fullscreen.jpg\",\"datePublished\":\"2022-09-24T09:33:06+00:00\",\"dateModified\":\"2024-04-24T20:54:01+00:00\",\"breadcrumb\":{\"@id\":\"https:\/\/naturvernforbundet.no\/innlandet\/utvalg\/skog\/#breadcrumb\"},\"inLanguage\":\"nb-NO\",\"potentialAction\":[{\"@type\":\"ReadAction\",\"target\":[\"https:\/\/naturvernforbundet.no\/innlandet\/utvalg\/skog\/\"]}]},{\"@type\":\"ImageObject\",\"inLanguage\":\"nb-NO\",\"@id\":\"https:\/\/naturvernforbundet.no\/innlandet\/utvalg\/skog\/#primaryimage\",\"url\":\"https:\/\/naturvernforbundet.no\/content\/uploads\/sites\/8\/2022\/10\/Grofting-Hedmark.jpg-fullscreen.jpg\",\"contentUrl\":\"https:\/\/naturvernforbundet.no\/content\/uploads\/sites\/8\/2022\/10\/Grofting-Hedmark.jpg-fullscreen.jpg\"},{\"@type\":\"BreadcrumbList\",\"@id\":\"https:\/\/naturvernforbundet.no\/innlandet\/utvalg\/skog\/#breadcrumb\",\"itemListElement\":[{\"@type\":\"ListItem\",\"position\":1,\"name\":\"Till naturvernforbundet.no\",\"item\":\"https:\/\/naturvernforbundet.no\/\"},{\"@type\":\"ListItem\",\"position\":2,\"name\":\"Innlandet \/ Sisdajve\",\"item\":\"https:\/\/naturvernforbundet.no\/innlandet\/\"},{\"@type\":\"ListItem\",\"position\":3,\"name\":\"Fagutvalg\",\"item\":\"https:\/\/naturvernforbundet.no\/innlandet\/utvalg\/\"},{\"@type\":\"ListItem\",\"position\":4,\"name\":\"Skog\"}]},{\"@type\":\"WebSite\",\"@id\":\"https:\/\/naturvernforbundet.no\/innlandet\/#website\",\"url\":\"https:\/\/naturvernforbundet.no\/innlandet\/\",\"name\":\"Innlandet \/ Sisdajve\",\"description\":\"Bare enda et Naturvernforbundet Sites-nettsted\",\"potentialAction\":[{\"@type\":\"SearchAction\",\"target\":{\"@type\":\"EntryPoint\",\"urlTemplate\":\"https:\/\/naturvernforbundet.no\/innlandet\/?s={search_term_string}\"},\"query-input\":{\"@type\":\"PropertyValueSpecification\",\"valueRequired\":true,\"valueName\":\"search_term_string\"}}],\"inLanguage\":\"nb-NO\"}]}<\/script>\n<!-- \/ Yoast SEO plugin. -->","yoast_head_json":{"title":"Skog - Innlandet \/ Sisdajve","robots":{"index":"index","follow":"follow","max-snippet":"max-snippet:-1","max-image-preview":"max-image-preview:large","max-video-preview":"max-video-preview:-1"},"canonical":"https:\/\/naturvernforbundet.no\/innlandet\/utvalg\/skog\/","og_locale":"nb_NO","og_type":"article","og_title":"Skog - Innlandet \/ Sisdajve","og_url":"https:\/\/naturvernforbundet.no\/innlandet\/utvalg\/skog\/","og_site_name":"Innlandet \/ Sisdajve","article_modified_time":"2024-04-24T20:54:01+00:00","og_image":[{"url":"https:\/\/naturvernforbundet.no\/content\/uploads\/sites\/8\/2022\/10\/Grofting-Hedmark.jpg-fullscreen.jpg","type":"","width":"","height":""}],"twitter_card":"summary_large_image","twitter_misc":{"Ansl. lesetid":"2 minutter"},"schema":{"@context":"https:\/\/schema.org","@graph":[{"@type":"WebPage","@id":"https:\/\/naturvernforbundet.no\/innlandet\/utvalg\/skog\/","url":"https:\/\/naturvernforbundet.no\/innlandet\/utvalg\/skog\/","name":"Skog - Innlandet \/ Sisdajve","isPartOf":{"@id":"https:\/\/naturvernforbundet.no\/innlandet\/#website"},"primaryImageOfPage":{"@id":"https:\/\/naturvernforbundet.no\/innlandet\/utvalg\/skog\/#primaryimage"},"image":{"@id":"https:\/\/naturvernforbundet.no\/innlandet\/utvalg\/skog\/#primaryimage"},"thumbnailUrl":"https:\/\/naturvernforbundet.no\/content\/uploads\/sites\/8\/2022\/10\/Grofting-Hedmark.jpg-fullscreen.jpg","datePublished":"2022-09-24T09:33:06+00:00","dateModified":"2024-04-24T20:54:01+00:00","breadcrumb":{"@id":"https:\/\/naturvernforbundet.no\/innlandet\/utvalg\/skog\/#breadcrumb"},"inLanguage":"nb-NO","potentialAction":[{"@type":"ReadAction","target":["https:\/\/naturvernforbundet.no\/innlandet\/utvalg\/skog\/"]}]},{"@type":"ImageObject","inLanguage":"nb-NO","@id":"https:\/\/naturvernforbundet.no\/innlandet\/utvalg\/skog\/#primaryimage","url":"https:\/\/naturvernforbundet.no\/content\/uploads\/sites\/8\/2022\/10\/Grofting-Hedmark.jpg-fullscreen.jpg","contentUrl":"https:\/\/naturvernforbundet.no\/content\/uploads\/sites\/8\/2022\/10\/Grofting-Hedmark.jpg-fullscreen.jpg"},{"@type":"BreadcrumbList","@id":"https:\/\/naturvernforbundet.no\/innlandet\/utvalg\/skog\/#breadcrumb","itemListElement":[{"@type":"ListItem","position":1,"name":"Till naturvernforbundet.no","item":"https:\/\/naturvernforbundet.no\/"},{"@type":"ListItem","position":2,"name":"Innlandet \/ Sisdajve","item":"https:\/\/naturvernforbundet.no\/innlandet\/"},{"@type":"ListItem","position":3,"name":"Fagutvalg","item":"https:\/\/naturvernforbundet.no\/innlandet\/utvalg\/"},{"@type":"ListItem","position":4,"name":"Skog"}]},{"@type":"WebSite","@id":"https:\/\/naturvernforbundet.no\/innlandet\/#website","url":"https:\/\/naturvernforbundet.no\/innlandet\/","name":"Innlandet \/ Sisdajve","description":"Bare enda et Naturvernforbundet Sites-nettsted","potentialAction":[{"@type":"SearchAction","target":{"@type":"EntryPoint","urlTemplate":"https:\/\/naturvernforbundet.no\/innlandet\/?s={search_term_string}"},"query-input":{"@type":"PropertyValueSpecification","valueRequired":true,"valueName":"search_term_string"}}],"inLanguage":"nb-NO"}]}},"_links":{"self":[{"href":"https:\/\/naturvernforbundet.no\/innlandet\/wp-json\/wp\/v2\/pages\/551","targetHints":{"allow":["GET"]}}],"collection":[{"href":"https:\/\/naturvernforbundet.no\/innlandet\/wp-json\/wp\/v2\/pages"}],"about":[{"href":"https:\/\/naturvernforbundet.no\/innlandet\/wp-json\/wp\/v2\/types\/page"}],"author":[{"embeddable":true,"href":"https:\/\/naturvernforbundet.no\/innlandet\/wp-json\/wp\/v2\/users\/256"}],"replies":[{"embeddable":true,"href":"https:\/\/naturvernforbundet.no\/innlandet\/wp-json\/wp\/v2\/comments?post=551"}],"version-history":[{"count":13,"href":"https:\/\/naturvernforbundet.no\/innlandet\/wp-json\/wp\/v2\/pages\/551\/revisions"}],"predecessor-version":[{"id":2856,"href":"https:\/\/naturvernforbundet.no\/innlandet\/wp-json\/wp\/v2\/pages\/551\/revisions\/2856"}],"up":[{"embeddable":true,"href":"https:\/\/naturvernforbundet.no\/innlandet\/wp-json\/wp\/v2\/pages\/2814"}],"wp:attachment":[{"href":"https:\/\/naturvernforbundet.no\/innlandet\/wp-json\/wp\/v2\/media?parent=551"}],"wp:term":[{"taxonomy":"category","embeddable":true,"href":"https:\/\/naturvernforbundet.no\/innlandet\/wp-json\/wp\/v2\/categories?post=551"}],"curies":[{"name":"wp","href":"https:\/\/api.w.org\/{rel}","templated":true}]}}