{"id":553,"date":"2022-09-24T11:34:15","date_gmt":"2022-09-24T09:34:15","guid":{"rendered":"https:\/\/naturvernforbundet.no\/innlandet\/?page_id=553"},"modified":"2026-03-17T11:16:22","modified_gmt":"2026-03-17T10:16:22","slug":"arealbruk","status":"publish","type":"page","link":"https:\/\/naturvernforbundet.no\/innlandet\/utvalg\/arealbruk\/","title":{"rendered":"Arealbruk"},"content":{"rendered":"\t<div class=\"template-page has-media alignfull wp-block-naturvern-hero\">\n\t\t<div class=\"hero__inner\">\n\t\t\t<div class=\"hero__inner_blocks\">\n\t\t\t\t\t\t\t\t\n<h1 class=\"wp-block-post-title\">Arealbruk<\/h1>\n\n\n<p><\/p>\n\n\n\n<div class=\"wp-block-buttons is-layout-flex wp-block-buttons-is-layout-flex\"><\/div>\n\n\t\t\t<\/div>\n\t\t\t\t\t<\/div>\n\t\t\t\t\t<div class=\"hero__image\">\n\t\t\t\t\t\t\t\t\t\t<img fetchpriority=\"high\" decoding=\"async\" width=\"950\" height=\"633\" src=\"https:\/\/naturvernforbundet.no\/content\/uploads\/sites\/8\/2022\/10\/arealbruksutvalget.jpg-fullscreen.jpg\" class=\"attachment-ultra size-ultra\" alt=\"Bruer i L\u00e5gendeltaet. Foto: Kristian Slaatsveen\" style=\"object-position: 50% 50%;\" loading=\"eager\" srcset=\"https:\/\/naturvernforbundet.no\/content\/uploads\/sites\/8\/2022\/10\/arealbruksutvalget.jpg-fullscreen.jpg 950w, https:\/\/naturvernforbundet.no\/content\/uploads\/sites\/8\/2022\/10\/arealbruksutvalget.jpg-fullscreen-300x200.jpg 300w, https:\/\/naturvernforbundet.no\/content\/uploads\/sites\/8\/2022\/10\/arealbruksutvalget.jpg-fullscreen-768x512.jpg 768w\" sizes=\"(max-width: 950px) 100vw, 950px\" \/>\t\t\t\t\t\t<\/div>\n\t\t\t<\/div>\n\t\n\n\n<p>Altfor ofte m\u00e5 biologisk mangfold og verdifulle \u00f8kosystemer gi tapt for fritidsboliger, veier, industri, byutvikling og mye annet. Ulike samfunnshensyn kan ogs\u00e5 skape konflikter omkring arealbruk, som behovet for fornybar energi og behovet for intakt natur. <\/p>\n\n\n\n<p>Synes du nok er nok? Har du lyst til \u00e5 engasjere deg? Bli med i v\u00e5rt arealbruksutvalg! Kontakt oss hvis du vil v\u00e6re med eller har lyst til \u00e5 vite mer! Du kan ogs\u00e5 snakke med oss hvis du lurer p\u00e5 om vi kan se p\u00e5 arealsaker i ditt n\u00e6rmilj\u00f8. <\/p>\n\n\n\n<p>Kontakt: <\/p>\n\n\n\n<p>Amund Hagen Kristiansen | ahk@naturvernforbundet.no | 41651370<\/p>\n\n\n<div class=\"t2-featured-content-layout alignwide alignwide wp-block-t2-featured-content-layout\"><\/div>","protected":false},"excerpt":{"rendered":"","protected":false},"author":256,"featured_media":0,"parent":2814,"menu_order":0,"comment_status":"closed","ping_status":"closed","template":"","meta":{"_relevanssi_hide_post":"","_relevanssi_hide_content":"","_relevanssi_pin_for_all":"","_relevanssi_pin_keywords":"","_relevanssi_unpin_keywords":"","_relevanssi_related_keywords":"","_relevanssi_related_include_ids":"","_relevanssi_related_exclude_ids":"","_relevanssi_related_no_append":"","_relevanssi_related_not_related":"","_relevanssi_related_posts":"3414,3379,3077,3219,3099,3087","_relevanssi_noindex_reason":"","hide_logo":false,"footnotes":""},"categories":[],"class_list":["post-553","page","type-page","status-publish","hentry"],"acf":[],"yoast_head":"<!-- This site is optimized with the Yoast SEO plugin v24.9 - https:\/\/yoast.com\/wordpress\/plugins\/seo\/ -->\n<title>Arealbruk - Innlandet \/ Sisdajve<\/title>\n<meta name=\"robots\" content=\"index, follow, max-snippet:-1, max-image-preview:large, max-video-preview:-1\" \/>\n<link rel=\"canonical\" href=\"https:\/\/naturvernforbundet.no\/innlandet\/utvalg\/arealbruk\/\" \/>\n<meta property=\"og:locale\" content=\"nb_NO\" \/>\n<meta property=\"og:type\" content=\"article\" \/>\n<meta property=\"og:title\" content=\"Arealbruk - Innlandet \/ Sisdajve\" \/>\n<meta property=\"og:url\" content=\"https:\/\/naturvernforbundet.no\/innlandet\/utvalg\/arealbruk\/\" \/>\n<meta property=\"og:site_name\" content=\"Innlandet \/ Sisdajve\" \/>\n<meta property=\"article:modified_time\" content=\"2026-03-17T10:16:22+00:00\" \/>\n<meta name=\"twitter:card\" content=\"summary_large_image\" \/>\n<meta name=\"twitter:label1\" content=\"Ansl. lesetid\" \/>\n\t<meta name=\"twitter:data1\" content=\"1 minutt\" \/>\n<script type=\"application\/ld+json\" class=\"yoast-schema-graph\">{\"@context\":\"https:\/\/schema.org\",\"@graph\":[{\"@type\":\"WebPage\",\"@id\":\"https:\/\/naturvernforbundet.no\/innlandet\/utvalg\/arealbruk\/\",\"url\":\"https:\/\/naturvernforbundet.no\/innlandet\/utvalg\/arealbruk\/\",\"name\":\"Arealbruk - Innlandet \/ Sisdajve\",\"isPartOf\":{\"@id\":\"https:\/\/naturvernforbundet.no\/innlandet\/#website\"},\"datePublished\":\"2022-09-24T09:34:15+00:00\",\"dateModified\":\"2026-03-17T10:16:22+00:00\",\"breadcrumb\":{\"@id\":\"https:\/\/naturvernforbundet.no\/innlandet\/utvalg\/arealbruk\/#breadcrumb\"},\"inLanguage\":\"nb-NO\",\"potentialAction\":[{\"@type\":\"ReadAction\",\"target\":[\"https:\/\/naturvernforbundet.no\/innlandet\/utvalg\/arealbruk\/\"]}]},{\"@type\":\"BreadcrumbList\",\"@id\":\"https:\/\/naturvernforbundet.no\/innlandet\/utvalg\/arealbruk\/#breadcrumb\",\"itemListElement\":[{\"@type\":\"ListItem\",\"position\":1,\"name\":\"Till naturvernforbundet.no\",\"item\":\"https:\/\/naturvernforbundet.no\/\"},{\"@type\":\"ListItem\",\"position\":2,\"name\":\"Innlandet \/ Sisdajve\",\"item\":\"https:\/\/naturvernforbundet.no\/innlandet\/\"},{\"@type\":\"ListItem\",\"position\":3,\"name\":\"Fagutvalg\",\"item\":\"https:\/\/naturvernforbundet.no\/innlandet\/utvalg\/\"},{\"@type\":\"ListItem\",\"position\":4,\"name\":\"Arealbruk\"}]},{\"@type\":\"WebSite\",\"@id\":\"https:\/\/naturvernforbundet.no\/innlandet\/#website\",\"url\":\"https:\/\/naturvernforbundet.no\/innlandet\/\",\"name\":\"Innlandet \/ Sisdajve\",\"description\":\"Bare enda et Naturvernforbundet Sites-nettsted\",\"potentialAction\":[{\"@type\":\"SearchAction\",\"target\":{\"@type\":\"EntryPoint\",\"urlTemplate\":\"https:\/\/naturvernforbundet.no\/innlandet\/?s={search_term_string}\"},\"query-input\":{\"@type\":\"PropertyValueSpecification\",\"valueRequired\":true,\"valueName\":\"search_term_string\"}}],\"inLanguage\":\"nb-NO\"}]}<\/script>\n<!-- \/ Yoast SEO plugin. -->","yoast_head_json":{"title":"Arealbruk - Innlandet \/ Sisdajve","robots":{"index":"index","follow":"follow","max-snippet":"max-snippet:-1","max-image-preview":"max-image-preview:large","max-video-preview":"max-video-preview:-1"},"canonical":"https:\/\/naturvernforbundet.no\/innlandet\/utvalg\/arealbruk\/","og_locale":"nb_NO","og_type":"article","og_title":"Arealbruk - Innlandet \/ Sisdajve","og_url":"https:\/\/naturvernforbundet.no\/innlandet\/utvalg\/arealbruk\/","og_site_name":"Innlandet \/ Sisdajve","article_modified_time":"2026-03-17T10:16:22+00:00","twitter_card":"summary_large_image","twitter_misc":{"Ansl. lesetid":"1 minutt"},"schema":{"@context":"https:\/\/schema.org","@graph":[{"@type":"WebPage","@id":"https:\/\/naturvernforbundet.no\/innlandet\/utvalg\/arealbruk\/","url":"https:\/\/naturvernforbundet.no\/innlandet\/utvalg\/arealbruk\/","name":"Arealbruk - Innlandet \/ Sisdajve","isPartOf":{"@id":"https:\/\/naturvernforbundet.no\/innlandet\/#website"},"datePublished":"2022-09-24T09:34:15+00:00","dateModified":"2026-03-17T10:16:22+00:00","breadcrumb":{"@id":"https:\/\/naturvernforbundet.no\/innlandet\/utvalg\/arealbruk\/#breadcrumb"},"inLanguage":"nb-NO","potentialAction":[{"@type":"ReadAction","target":["https:\/\/naturvernforbundet.no\/innlandet\/utvalg\/arealbruk\/"]}]},{"@type":"BreadcrumbList","@id":"https:\/\/naturvernforbundet.no\/innlandet\/utvalg\/arealbruk\/#breadcrumb","itemListElement":[{"@type":"ListItem","position":1,"name":"Till naturvernforbundet.no","item":"https:\/\/naturvernforbundet.no\/"},{"@type":"ListItem","position":2,"name":"Innlandet \/ Sisdajve","item":"https:\/\/naturvernforbundet.no\/innlandet\/"},{"@type":"ListItem","position":3,"name":"Fagutvalg","item":"https:\/\/naturvernforbundet.no\/innlandet\/utvalg\/"},{"@type":"ListItem","position":4,"name":"Arealbruk"}]},{"@type":"WebSite","@id":"https:\/\/naturvernforbundet.no\/innlandet\/#website","url":"https:\/\/naturvernforbundet.no\/innlandet\/","name":"Innlandet \/ Sisdajve","description":"Bare enda et Naturvernforbundet Sites-nettsted","potentialAction":[{"@type":"SearchAction","target":{"@type":"EntryPoint","urlTemplate":"https:\/\/naturvernforbundet.no\/innlandet\/?s={search_term_string}"},"query-input":{"@type":"PropertyValueSpecification","valueRequired":true,"valueName":"search_term_string"}}],"inLanguage":"nb-NO"}]}},"_links":{"self":[{"href":"https:\/\/naturvernforbundet.no\/innlandet\/wp-json\/wp\/v2\/pages\/553","targetHints":{"allow":["GET"]}}],"collection":[{"href":"https:\/\/naturvernforbundet.no\/innlandet\/wp-json\/wp\/v2\/pages"}],"about":[{"href":"https:\/\/naturvernforbundet.no\/innlandet\/wp-json\/wp\/v2\/types\/page"}],"author":[{"embeddable":true,"href":"https:\/\/naturvernforbundet.no\/innlandet\/wp-json\/wp\/v2\/users\/256"}],"replies":[{"embeddable":true,"href":"https:\/\/naturvernforbundet.no\/innlandet\/wp-json\/wp\/v2\/comments?post=553"}],"version-history":[{"count":6,"href":"https:\/\/naturvernforbundet.no\/innlandet\/wp-json\/wp\/v2\/pages\/553\/revisions"}],"predecessor-version":[{"id":3547,"href":"https:\/\/naturvernforbundet.no\/innlandet\/wp-json\/wp\/v2\/pages\/553\/revisions\/3547"}],"up":[{"embeddable":true,"href":"https:\/\/naturvernforbundet.no\/innlandet\/wp-json\/wp\/v2\/pages\/2814"}],"wp:attachment":[{"href":"https:\/\/naturvernforbundet.no\/innlandet\/wp-json\/wp\/v2\/media?parent=553"}],"wp:term":[{"taxonomy":"category","embeddable":true,"href":"https:\/\/naturvernforbundet.no\/innlandet\/wp-json\/wp\/v2\/categories?post=553"}],"curies":[{"name":"wp","href":"https:\/\/api.w.org\/{rel}","templated":true}]}}