{"id":209,"date":"2022-09-17T14:24:57","date_gmt":"2022-09-17T12:24:57","guid":{"rendered":"https:\/\/naturvernforbundet.no\/moreogromsdal\/?page_id=209"},"modified":"2022-09-28T10:24:31","modified_gmt":"2022-09-28T08:24:31","slug":"om-oss","status":"publish","type":"page","link":"https:\/\/naturvernforbundet.no\/moreogromsdal\/om-oss\/","title":{"rendered":"Om oss"},"content":{"rendered":"\t<div class=\"template-page has-media alignfull wp-block-naturvern-hero\">\n\t\t<div class=\"hero__inner\">\n\t\t\t<div class=\"hero__inner_blocks\">\n\t\t\t\t\t\t\t\t\n<h1 class=\"wp-block-post-title\">Om oss<\/h1>\n\n\n<p>Bli bedre kjent med Naturvernforbundet i M\u00f8re og Romsdal!<\/p>\n\n\n\n<div class=\"wp-block-buttons is-layout-flex wp-block-buttons-is-layout-flex\"><\/div>\n\n\t\t\t<\/div>\n\t\t\t\t\t<\/div>\n\t\t\t\t\t<div class=\"hero__image\">\n\t\t\t\t\t\t\t\t\t\t<img fetchpriority=\"high\" decoding=\"async\" width=\"1556\" height=\"1037\" src=\"https:\/\/naturvernforbundet.no\/content\/uploads\/sites\/14\/2022\/09\/Oystein-Folden-ved-Verma.jpg\" class=\"attachment-ultra size-ultra\" alt=\"mann ved foss\" style=\"object-position: 50% 50%;\" loading=\"eager\" srcset=\"https:\/\/naturvernforbundet.no\/content\/uploads\/sites\/14\/2022\/09\/Oystein-Folden-ved-Verma.jpg 1556w, https:\/\/naturvernforbundet.no\/content\/uploads\/sites\/14\/2022\/09\/Oystein-Folden-ved-Verma-300x200.jpg 300w, https:\/\/naturvernforbundet.no\/content\/uploads\/sites\/14\/2022\/09\/Oystein-Folden-ved-Verma-1024x682.jpg 1024w, https:\/\/naturvernforbundet.no\/content\/uploads\/sites\/14\/2022\/09\/Oystein-Folden-ved-Verma-768x512.jpg 768w, https:\/\/naturvernforbundet.no\/content\/uploads\/sites\/14\/2022\/09\/Oystein-Folden-ved-Verma-1536x1024.jpg 1536w\" sizes=\"(max-width: 1556px) 100vw, 1556px\" \/>\t\t\t\t\t\t<\/div>\n\t\t\t<\/div>\n\t\n\n\n<div class=\"wp-block-media-text alignwide has-media-on-the-right is-stacked-on-mobile\" style=\"grid-template-columns:auto 26%\"><figure class=\"wp-block-media-text__media\"><img loading=\"lazy\" decoding=\"async\" width=\"250\" height=\"188\" src=\"https:\/\/naturvernforbundet.no\/content\/uploads\/sites\/14\/2022\/09\/oystein-folden-i-hage.jpg-articlelist.jpg\" alt=\"\" class=\"wp-image-233 size-full\"\/><\/figure><div class=\"wp-block-media-text__content\">\n<p><strong>Naturvernforbundet i M\u00f8re og Romsdal<\/strong><br>Fylkessekret\u00e6r \u00d8ystein Folden<br><strong>Telefon:<\/strong>\u00a0\u00a091 81 25 42<br><strong>Adresse:<\/strong>\u00a0Rasta 4, 6630 TINGVOLL<br><strong>E-post:<\/strong>\u00a0moreogromsdal@naturvernforbundet.no<br><\/p>\n<\/div><\/div>\n\n\n\n<h2 class=\"wp-block-heading\">Tips oss!<\/h2>\n\n\n\n<p>Stundom f\u00e5r vi anonyme tips som er vanskelege \u00e5 bruke. Vi skj\u00f8nar at tipsar ikkje vil fram i lyset, og det er det r\u00e5d \u00e5 respektere. Men ei sak blir oftast mykje betre viss vi kan ha ein dialog med tipsar.<\/p>\n\n\n\n<p>Vi bruker aldri namn p\u00e5 tipsar i ei sak utan at tipsar har gitt oss l\u00f8yve til det.<\/p>\n\n\n\n<p>Difor k\u00f8yrer vi ein del saker i regi av Naturvernforbundet og eventuelle foto vi blir samde om kan nyttast vil f\u00e5 fotograf Naturvernforbundet, eventuelt NN.<br><br>Difor vil vi r\u00e5 til at tips blir sendt oss med kontaktopplysningar ogs\u00e5 i saker der tipsar vil vere anonym.<br><br>Send epost <strong>moreogromsdal@naturvernforbundet<\/strong>.no eller ring fylkessekret\u00e6r \u00d8ystein Folden p\u00e5 telefon 91 81 25 42.<br><br>Brev med bilde kan sendast til Naturvernforbundet i M\u00f8re og Romsdal v\/\u00d8ystein Folden, Rasta 4, 6630 TINGVOLL.<\/p>\n\n\n\n<h2 class=\"has-text-align-center wp-block-heading\">Les de nyeste artiklene her:<\/h2>\n\n\n<div class=\"t2-featured-content-layout alignwide alignwide wp-block-t2-featured-content-layout\">\n<div class=\"t2-featured-query-post t2-featured-content is-post-type-post category-avfall category-forsopling category-naturvernforbundet-i-rauma category-strandrydding tag-isfjorden tag-kammen tag-plast wp-block-t2-featured-query-post\"><a class=\"t2-post-link wp-block-t2-post-link\" href=\"https:\/\/naturvernforbundet.no\/moreogromsdal\/strandryddedager-i-rauma\/\">\n<figure style=\"--t2-focal-point: 50% 50%;\" class=\"t2-post-featured-image has-image-ratio-4-3 wp-block-t2-post-featured-image\"><img loading=\"lazy\" decoding=\"async\" width=\"480\" height=\"417\" src=\"https:\/\/naturvernforbundet.no\/content\/uploads\/sites\/14\/2026\/04\/strandrydding-klipt.jpg\" class=\"attachment-post-thumbnail size-post-thumbnail wp-post-image\" alt=\"\" srcset=\"https:\/\/naturvernforbundet.no\/content\/uploads\/sites\/14\/2026\/04\/strandrydding-klipt.jpg 480w, https:\/\/naturvernforbundet.no\/content\/uploads\/sites\/14\/2026\/04\/strandrydding-klipt-300x261.jpg 300w\" sizes=\"auto, (max-width: 480px) 100vw, 480px\" \/><\/figure>\n\n<div class=\"wp-block-group alignfull is-layout-flow wp-block-group-is-layout-flow\">\n\t<h2 class=\"t2-post-title wp-block-t2-post-title\">Strandryddedager i Rauma<\/h2>\n\t<p class=\"wp-block-naturvern-post-excerpt\">Ta et tak for milj\u00f8et.<\/p>\n\t\t<div class=\"wp-block-naturvern-post-meta\">\n\t\t\t\t\t<span class=\"cat\">\n\t\t\t\t\t\t\t\t\t<span><span class=\"tag-link\" data-href=\"https:\/\/naturvernforbundet.no\/moreogromsdal\/category\/avfall\/\">Avfall<\/span><\/span>\n\t\t\t\t\t\t\t\t\t<span><span class=\"tag-link\" data-href=\"https:\/\/naturvernforbundet.no\/moreogromsdal\/category\/forsopling\/\">Fors\u00f8pling<\/span><\/span>\n\t\t\t\t\t\t\t\t\t<span><span class=\"tag-link\" data-href=\"https:\/\/naturvernforbundet.no\/moreogromsdal\/category\/naturvernforbundet-i-rauma\/\">Naturvernforbundet i Rauma<\/span><\/span>\n\t\t\t\t\t\t\t\t\t<span><span class=\"tag-link\" data-href=\"https:\/\/naturvernforbundet.no\/moreogromsdal\/category\/strandrydding\/\">strandrydding<\/span><\/span>\n\t\t\t\t\t\t\t<\/span>\n\t\t\t\t\t\t\t<span class=\"date\">09.04.2026<\/span>\n\t\t\t<\/div>\n\t\n<\/div>\n\n<\/a>\n<\/div>\n\n<div class=\"t2-featured-query-post t2-featured-content is-post-type-post category-naturvernforbundet-i-alesund-og-omegn local-alesund-og-omegn wp-block-t2-featured-query-post\"><a class=\"t2-post-link wp-block-t2-post-link\" href=\"https:\/\/naturvernforbundet.no\/moreogromsdal\/engasjement-i-viktige-lokale-saker\/\">\n<figure style=\"--t2-focal-point: 50% 50%;\" class=\"t2-post-featured-image has-image-ratio-4-3 wp-block-t2-post-featured-image\"><img loading=\"lazy\" decoding=\"async\" width=\"745\" height=\"442\" src=\"https:\/\/naturvernforbundet.no\/content\/uploads\/sites\/14\/2026\/04\/elllingsoy.png\" class=\"attachment-post-thumbnail size-post-thumbnail wp-post-image\" alt=\"\" srcset=\"https:\/\/naturvernforbundet.no\/content\/uploads\/sites\/14\/2026\/04\/elllingsoy.png 745w, https:\/\/naturvernforbundet.no\/content\/uploads\/sites\/14\/2026\/04\/elllingsoy-300x178.png 300w\" sizes=\"auto, (max-width: 745px) 100vw, 745px\" \/><\/figure>\n\n<div class=\"wp-block-group alignfull is-layout-flow wp-block-group-is-layout-flow\">\n\t<h2 class=\"t2-post-title wp-block-t2-post-title\">Engasjement i viktige lokale saker<\/h2>\n\t<p class=\"wp-block-naturvern-post-excerpt\">Naturvernforbundet i \u00c5lesund og omegn arbeider med flere viktige saker som ber\u00f8rer natur og milj\u00f8 i regionen. <\/p>\n\t\t<div class=\"wp-block-naturvern-post-meta\">\n\t\t\t\t\t<span class=\"cat\">\n\t\t\t\t\t\t\t\t\t<span><span class=\"tag-link\" data-href=\"https:\/\/naturvernforbundet.no\/moreogromsdal\/category\/naturvernforbundet-i-alesund-og-omegn\/\">Naturvernforbundet i \u00c5lesund og omegn<\/span><\/span>\n\t\t\t\t\t\t\t<\/span>\n\t\t\t\t\t\t\t<span class=\"date\">08.04.2026<\/span>\n\t\t\t<\/div>\n\t\n<\/div>\n\n<\/a>\n<\/div>\n\n<div class=\"t2-featured-query-post t2-featured-content is-post-type-post category-arealbruk category-naturinngrep local-alesund-og-omegn wp-block-t2-featured-query-post\"><a class=\"t2-post-link wp-block-t2-post-link\" href=\"https:\/\/naturvernforbundet.no\/moreogromsdal\/ikke-ofre-mer-natur-til-hytteutbygging\/\">\n<figure style=\"--t2-focal-point: 50% 50%;\" class=\"t2-post-featured-image has-image-ratio-4-3 wp-block-t2-post-featured-image\"><img loading=\"lazy\" decoding=\"async\" width=\"2560\" height=\"1440\" src=\"https:\/\/naturvernforbundet.no\/content\/uploads\/sites\/14\/2026\/03\/IMG_20220220_113421076-scaled.jpg\" class=\"attachment-post-thumbnail size-post-thumbnail wp-post-image\" alt=\"\" srcset=\"https:\/\/naturvernforbundet.no\/content\/uploads\/sites\/14\/2026\/03\/IMG_20220220_113421076-scaled.jpg 2560w, https:\/\/naturvernforbundet.no\/content\/uploads\/sites\/14\/2026\/03\/IMG_20220220_113421076-300x169.jpg 300w, https:\/\/naturvernforbundet.no\/content\/uploads\/sites\/14\/2026\/03\/IMG_20220220_113421076-1024x576.jpg 1024w, https:\/\/naturvernforbundet.no\/content\/uploads\/sites\/14\/2026\/03\/IMG_20220220_113421076-768x432.jpg 768w, https:\/\/naturvernforbundet.no\/content\/uploads\/sites\/14\/2026\/03\/IMG_20220220_113421076-1536x864.jpg 1536w, https:\/\/naturvernforbundet.no\/content\/uploads\/sites\/14\/2026\/03\/IMG_20220220_113421076-2048x1152.jpg 2048w, https:\/\/naturvernforbundet.no\/content\/uploads\/sites\/14\/2026\/03\/IMG_20220220_113421076-1920x1080.jpg 1920w\" sizes=\"auto, (max-width: 2560px) 100vw, 2560px\" \/><\/figure>\n\n<div class=\"wp-block-group alignfull is-layout-flow wp-block-group-is-layout-flow\">\n\t<h2 class=\"t2-post-title wp-block-t2-post-title\">Ikke ofre mer natur til hytteutbygging i \u00c5lesund<\/h2>\n\t<p class=\"wp-block-naturvern-post-excerpt\">Ingen hytteutbygging p\u00e5 bekostning av verdifull natur<\/p>\n\t\t<div class=\"wp-block-naturvern-post-meta\">\n\t\t\t\t\t<span class=\"cat\">\n\t\t\t\t\t\t\t\t\t<span><span class=\"tag-link\" data-href=\"https:\/\/naturvernforbundet.no\/moreogromsdal\/category\/arealbruk\/\">arealbruk<\/span><\/span>\n\t\t\t\t\t\t\t\t\t<span><span class=\"tag-link\" data-href=\"https:\/\/naturvernforbundet.no\/moreogromsdal\/category\/naturinngrep\/\">Naturinngrep<\/span><\/span>\n\t\t\t\t\t\t\t<\/span>\n\t\t\t\t\t\t\t<span class=\"date\">20.03.2026<\/span>\n\t\t\t<\/div>\n\t\n<\/div>\n\n<\/a>\n<\/div>\n<\/div>","protected":false},"excerpt":{"rendered":"","protected":false},"author":257,"featured_media":0,"parent":0,"menu_order":0,"comment_status":"closed","ping_status":"closed","template":"","meta":{"_relevanssi_hide_post":"","_relevanssi_hide_content":"","_relevanssi_pin_for_all":"","_relevanssi_pin_keywords":"","_relevanssi_unpin_keywords":"","_relevanssi_related_keywords":"","_relevanssi_related_include_ids":"","_relevanssi_related_exclude_ids":"","_relevanssi_related_no_append":"","_relevanssi_related_not_related":"","_relevanssi_related_posts":"","_relevanssi_noindex_reason":"","hide_logo":false,"footnotes":""},"categories":[],"class_list":["post-209","page","type-page","status-publish","hentry"],"acf":[],"yoast_head":"<!-- This site is optimized with the Yoast SEO plugin v24.9 - https:\/\/yoast.com\/wordpress\/plugins\/seo\/ -->\n<title>Om oss - M\u00f8re og Romsdal<\/title>\n<meta name=\"robots\" content=\"index, follow, max-snippet:-1, max-image-preview:large, max-video-preview:-1\" \/>\n<link rel=\"canonical\" href=\"https:\/\/naturvernforbundet.no\/moreogromsdal\/om-oss\/\" \/>\n<meta property=\"og:locale\" content=\"nb_NO\" \/>\n<meta property=\"og:type\" content=\"article\" \/>\n<meta property=\"og:title\" content=\"Om oss - M\u00f8re og Romsdal\" \/>\n<meta property=\"og:url\" content=\"https:\/\/naturvernforbundet.no\/moreogromsdal\/om-oss\/\" \/>\n<meta property=\"og:site_name\" content=\"M\u00f8re og Romsdal\" \/>\n<meta property=\"article:modified_time\" content=\"2022-09-28T08:24:31+00:00\" \/>\n<meta property=\"og:image\" content=\"https:\/\/naturvernforbundet.no\/content\/uploads\/sites\/14\/2022\/09\/oystein-folden-i-hage.jpg-articlelist.jpg\" \/>\n<meta name=\"twitter:card\" content=\"summary_large_image\" \/>\n<meta name=\"twitter:label1\" content=\"Ansl. lesetid\" \/>\n\t<meta name=\"twitter:data1\" content=\"1 minutt\" \/>\n<script type=\"application\/ld+json\" class=\"yoast-schema-graph\">{\"@context\":\"https:\/\/schema.org\",\"@graph\":[{\"@type\":\"WebPage\",\"@id\":\"https:\/\/naturvernforbundet.no\/moreogromsdal\/om-oss\/\",\"url\":\"https:\/\/naturvernforbundet.no\/moreogromsdal\/om-oss\/\",\"name\":\"Om oss - M\u00f8re og Romsdal\",\"isPartOf\":{\"@id\":\"https:\/\/naturvernforbundet.no\/moreogromsdal\/#website\"},\"primaryImageOfPage\":{\"@id\":\"https:\/\/naturvernforbundet.no\/moreogromsdal\/om-oss\/#primaryimage\"},\"image\":{\"@id\":\"https:\/\/naturvernforbundet.no\/moreogromsdal\/om-oss\/#primaryimage\"},\"thumbnailUrl\":\"https:\/\/naturvernforbundet.no\/content\/uploads\/sites\/14\/2022\/09\/oystein-folden-i-hage.jpg-articlelist.jpg\",\"datePublished\":\"2022-09-17T12:24:57+00:00\",\"dateModified\":\"2022-09-28T08:24:31+00:00\",\"breadcrumb\":{\"@id\":\"https:\/\/naturvernforbundet.no\/moreogromsdal\/om-oss\/#breadcrumb\"},\"inLanguage\":\"nb-NO\",\"potentialAction\":[{\"@type\":\"ReadAction\",\"target\":[\"https:\/\/naturvernforbundet.no\/moreogromsdal\/om-oss\/\"]}]},{\"@type\":\"ImageObject\",\"inLanguage\":\"nb-NO\",\"@id\":\"https:\/\/naturvernforbundet.no\/moreogromsdal\/om-oss\/#primaryimage\",\"url\":\"https:\/\/naturvernforbundet.no\/content\/uploads\/sites\/14\/2022\/09\/oystein-folden-i-hage.jpg-articlelist.jpg\",\"contentUrl\":\"https:\/\/naturvernforbundet.no\/content\/uploads\/sites\/14\/2022\/09\/oystein-folden-i-hage.jpg-articlelist.jpg\"},{\"@type\":\"BreadcrumbList\",\"@id\":\"https:\/\/naturvernforbundet.no\/moreogromsdal\/om-oss\/#breadcrumb\",\"itemListElement\":[{\"@type\":\"ListItem\",\"position\":1,\"name\":\"Till naturvernforbundet.no\",\"item\":\"https:\/\/naturvernforbundet.no\/\"},{\"@type\":\"ListItem\",\"position\":2,\"name\":\"M\u00f8re og Romsdal\",\"item\":\"https:\/\/naturvernforbundet.no\/moreogromsdal\/\"},{\"@type\":\"ListItem\",\"position\":3,\"name\":\"Om oss\"}]},{\"@type\":\"WebSite\",\"@id\":\"https:\/\/naturvernforbundet.no\/moreogromsdal\/#website\",\"url\":\"https:\/\/naturvernforbundet.no\/moreogromsdal\/\",\"name\":\"M\u00f8re og Romsdal\",\"description\":\"Bare enda et Naturvernforbundet Sites-nettsted\",\"potentialAction\":[{\"@type\":\"SearchAction\",\"target\":{\"@type\":\"EntryPoint\",\"urlTemplate\":\"https:\/\/naturvernforbundet.no\/moreogromsdal\/?s={search_term_string}\"},\"query-input\":{\"@type\":\"PropertyValueSpecification\",\"valueRequired\":true,\"valueName\":\"search_term_string\"}}],\"inLanguage\":\"nb-NO\"}]}<\/script>\n<!-- \/ Yoast SEO plugin. -->","yoast_head_json":{"title":"Om oss - M\u00f8re og Romsdal","robots":{"index":"index","follow":"follow","max-snippet":"max-snippet:-1","max-image-preview":"max-image-preview:large","max-video-preview":"max-video-preview:-1"},"canonical":"https:\/\/naturvernforbundet.no\/moreogromsdal\/om-oss\/","og_locale":"nb_NO","og_type":"article","og_title":"Om oss - M\u00f8re og Romsdal","og_url":"https:\/\/naturvernforbundet.no\/moreogromsdal\/om-oss\/","og_site_name":"M\u00f8re og Romsdal","article_modified_time":"2022-09-28T08:24:31+00:00","og_image":[{"url":"https:\/\/naturvernforbundet.no\/content\/uploads\/sites\/14\/2022\/09\/oystein-folden-i-hage.jpg-articlelist.jpg","type":"","width":"","height":""}],"twitter_card":"summary_large_image","twitter_misc":{"Ansl. lesetid":"1 minutt"},"schema":{"@context":"https:\/\/schema.org","@graph":[{"@type":"WebPage","@id":"https:\/\/naturvernforbundet.no\/moreogromsdal\/om-oss\/","url":"https:\/\/naturvernforbundet.no\/moreogromsdal\/om-oss\/","name":"Om oss - M\u00f8re og Romsdal","isPartOf":{"@id":"https:\/\/naturvernforbundet.no\/moreogromsdal\/#website"},"primaryImageOfPage":{"@id":"https:\/\/naturvernforbundet.no\/moreogromsdal\/om-oss\/#primaryimage"},"image":{"@id":"https:\/\/naturvernforbundet.no\/moreogromsdal\/om-oss\/#primaryimage"},"thumbnailUrl":"https:\/\/naturvernforbundet.no\/content\/uploads\/sites\/14\/2022\/09\/oystein-folden-i-hage.jpg-articlelist.jpg","datePublished":"2022-09-17T12:24:57+00:00","dateModified":"2022-09-28T08:24:31+00:00","breadcrumb":{"@id":"https:\/\/naturvernforbundet.no\/moreogromsdal\/om-oss\/#breadcrumb"},"inLanguage":"nb-NO","potentialAction":[{"@type":"ReadAction","target":["https:\/\/naturvernforbundet.no\/moreogromsdal\/om-oss\/"]}]},{"@type":"ImageObject","inLanguage":"nb-NO","@id":"https:\/\/naturvernforbundet.no\/moreogromsdal\/om-oss\/#primaryimage","url":"https:\/\/naturvernforbundet.no\/content\/uploads\/sites\/14\/2022\/09\/oystein-folden-i-hage.jpg-articlelist.jpg","contentUrl":"https:\/\/naturvernforbundet.no\/content\/uploads\/sites\/14\/2022\/09\/oystein-folden-i-hage.jpg-articlelist.jpg"},{"@type":"BreadcrumbList","@id":"https:\/\/naturvernforbundet.no\/moreogromsdal\/om-oss\/#breadcrumb","itemListElement":[{"@type":"ListItem","position":1,"name":"Till naturvernforbundet.no","item":"https:\/\/naturvernforbundet.no\/"},{"@type":"ListItem","position":2,"name":"M\u00f8re og Romsdal","item":"https:\/\/naturvernforbundet.no\/moreogromsdal\/"},{"@type":"ListItem","position":3,"name":"Om oss"}]},{"@type":"WebSite","@id":"https:\/\/naturvernforbundet.no\/moreogromsdal\/#website","url":"https:\/\/naturvernforbundet.no\/moreogromsdal\/","name":"M\u00f8re og Romsdal","description":"Bare enda et Naturvernforbundet Sites-nettsted","potentialAction":[{"@type":"SearchAction","target":{"@type":"EntryPoint","urlTemplate":"https:\/\/naturvernforbundet.no\/moreogromsdal\/?s={search_term_string}"},"query-input":{"@type":"PropertyValueSpecification","valueRequired":true,"valueName":"search_term_string"}}],"inLanguage":"nb-NO"}]}},"_links":{"self":[{"href":"https:\/\/naturvernforbundet.no\/moreogromsdal\/wp-json\/wp\/v2\/pages\/209","targetHints":{"allow":["GET"]}}],"collection":[{"href":"https:\/\/naturvernforbundet.no\/moreogromsdal\/wp-json\/wp\/v2\/pages"}],"about":[{"href":"https:\/\/naturvernforbundet.no\/moreogromsdal\/wp-json\/wp\/v2\/types\/page"}],"author":[{"embeddable":true,"href":"https:\/\/naturvernforbundet.no\/moreogromsdal\/wp-json\/wp\/v2\/users\/257"}],"replies":[{"embeddable":true,"href":"https:\/\/naturvernforbundet.no\/moreogromsdal\/wp-json\/wp\/v2\/comments?post=209"}],"version-history":[{"count":9,"href":"https:\/\/naturvernforbundet.no\/moreogromsdal\/wp-json\/wp\/v2\/pages\/209\/revisions"}],"predecessor-version":[{"id":342,"href":"https:\/\/naturvernforbundet.no\/moreogromsdal\/wp-json\/wp\/v2\/pages\/209\/revisions\/342"}],"wp:attachment":[{"href":"https:\/\/naturvernforbundet.no\/moreogromsdal\/wp-json\/wp\/v2\/media?parent=209"}],"wp:term":[{"taxonomy":"category","embeddable":true,"href":"https:\/\/naturvernforbundet.no\/moreogromsdal\/wp-json\/wp\/v2\/categories?post=209"}],"curies":[{"name":"wp","href":"https:\/\/api.w.org\/{rel}","templated":true}]}}