{"id":311,"date":"2022-09-28T10:52:22","date_gmt":"2022-09-28T08:52:22","guid":{"rendered":"https:\/\/naturvernforbundet.no\/moreogromsdal\/?page_id=311"},"modified":"2022-09-28T10:58:27","modified_gmt":"2022-09-28T08:58:27","slug":"samferdsel","status":"publish","type":"page","link":"https:\/\/naturvernforbundet.no\/moreogromsdal\/samferdsel\/","title":{"rendered":"Samferdsel"},"content":{"rendered":"\t<div class=\"template-page has-media alignfull wp-block-naturvern-hero\">\n\t\t<div class=\"hero__inner\">\n\t\t\t<div class=\"hero__inner_blocks\">\n\t\t\t\t\t\t\t\t\n<h1 class=\"wp-block-post-title\">Samferdsel<\/h1>\n\n\n<p><\/p>\n\n\n\n<div class=\"wp-block-buttons is-layout-flex wp-block-buttons-is-layout-flex\"><\/div>\n\n\t\t\t<\/div>\n\t\t\t\t\t<\/div>\n\t\t\t\t\t<div class=\"hero__image\">\n\t\t\t\t\t\t\t\t\t\t<img fetchpriority=\"high\" decoding=\"async\" width=\"1920\" height=\"1280\" src=\"https:\/\/naturvernforbundet.no\/content\/uploads\/sites\/14\/2022\/09\/sykkelmarkering-3-1920x1280.jpg\" class=\"attachment-ultra size-ultra\" alt=\"sykkelmarkering\" style=\"object-position: 50% 50%;\" loading=\"eager\" srcset=\"https:\/\/naturvernforbundet.no\/content\/uploads\/sites\/14\/2022\/09\/sykkelmarkering-3-1920x1280.jpg 1920w, https:\/\/naturvernforbundet.no\/content\/uploads\/sites\/14\/2022\/09\/sykkelmarkering-3-300x200.jpg 300w, https:\/\/naturvernforbundet.no\/content\/uploads\/sites\/14\/2022\/09\/sykkelmarkering-3-1024x683.jpg 1024w, https:\/\/naturvernforbundet.no\/content\/uploads\/sites\/14\/2022\/09\/sykkelmarkering-3-768x512.jpg 768w, https:\/\/naturvernforbundet.no\/content\/uploads\/sites\/14\/2022\/09\/sykkelmarkering-3-1536x1024.jpg 1536w, https:\/\/naturvernforbundet.no\/content\/uploads\/sites\/14\/2022\/09\/sykkelmarkering-3-2048x1365.jpg 2048w\" sizes=\"(max-width: 1920px) 100vw, 1920px\" \/>\t\t\t\t\t\t<\/div>\n\t\t\t<\/div>\n\t\n\n<div class=\"t2-featured-content-layout alignwide alignwide wp-block-t2-featured-content-layout\">\n<div class=\"t2-featured-single-post t2-featured-content is-post-type-post category-samferdsel local-molde wp-block-t2-featured-single-post\"><a class=\"t2-post-link wp-block-t2-post-link\" href=\"https:\/\/naturvernforbundet.no\/moreogromsdal\/arbeidet-mot-motorvegen-mellom-alesund-og-molde-fortsetter\/\">\n<figure style=\"--t2-focal-point: 50% 50%;\" class=\"t2-post-featured-image has-image-ratio-4-3 wp-block-t2-post-featured-image\"><img loading=\"lazy\" decoding=\"async\" width=\"250\" height=\"188\" src=\"https:\/\/naturvernforbundet.no\/content\/uploads\/sites\/14\/2022\/03\/bilhjul.JPG2028articlelist29.jpg\" class=\"attachment-post-thumbnail size-post-thumbnail wp-post-image\" alt=\"\" \/><\/figure>\n\n<div class=\"wp-block-group alignfull is-layout-flow wp-block-group-is-layout-flow\">\n\t<h2 class=\"t2-post-title wp-block-t2-post-title\">Arbeidet mot motorvegen mellom \u00c5lesund og Molde fortsetter<\/h2>\n\t<p class=\"wp-block-naturvern-post-excerpt\">I fjor var planene for strekninga mellom Digernesskiftet og \u00d8rskogfjellet ute p\u00e5 h\u00f8ring. Naturvernforbundet i \u00c5lesund la vekt p\u00e5 at verken natur eller klima har r\u00e5d til denne typen prosjekt. Naturvernforbundet i Molde har n\u00e5 gitt uttalelse til detaljplanen Julb\u00f8en \u2013 Molde, men skriver ogs\u00e5 en del om strekningen Molde \u2013 \u00d8rskogfjellet. De tar blant annet opp mangel p\u00e5 sammenheng i konsekvensutredningene.<\/p>\n\t\t<div class=\"wp-block-naturvern-post-meta\">\n\t\t\t\t\t<span class=\"cat\">\n\t\t\t\t\t\t\t\t\t<span><span class=\"tag-link\" data-href=\"https:\/\/naturvernforbundet.no\/moreogromsdal\/category\/samferdsel\/\">Samferdsel<\/span><\/span>\n\t\t\t\t\t\t\t<\/span>\n\t\t\t\t\t\t\t<span class=\"date\">03.03.2022<\/span>\n\t\t\t<\/div>\n\t\n<\/div>\n\n<\/a>\n<\/div>\n\n<div class=\"t2-featured-single-post t2-featured-content is-post-type-post category-nyheter wp-block-t2-featured-single-post\"><a class=\"t2-post-link wp-block-t2-post-link\" href=\"https:\/\/naturvernforbundet.no\/moreogromsdal\/viktig-med-naturmangfald-ogsa\/\">\n<figure style=\"--t2-focal-point: 50% 50%;\" class=\"t2-post-featured-image has-image-ratio-4-3 wp-block-t2-post-featured-image\"><img loading=\"lazy\" decoding=\"async\" width=\"250\" height=\"188\" src=\"https:\/\/naturvernforbundet.no\/content\/uploads\/sites\/14\/2021\/12\/granplantefelt20i20Gjemnes.JPG2028articlelist29.jpg\" class=\"attachment-post-thumbnail size-post-thumbnail wp-post-image\" alt=\"\" \/><\/figure>\n\n<div class=\"wp-block-group alignfull is-layout-flow wp-block-group-is-layout-flow\">\n\t<h2 class=\"t2-post-title wp-block-t2-post-title\">Viktig med naturmangfald ogs\u00e5<\/h2>\n\t<p class=\"wp-block-naturvern-post-excerpt\">Fjord har lagt sin energi- og klimaplan ut p\u00e5 h\u00f8yring. Naturvernforbundet har sett p\u00e5 nokre avsnitt om skogen si rolle. Det er mykje rundt skog og klima som har kome litt skeivt ut og treng ei justering.<\/p>\n\t\t<div class=\"wp-block-naturvern-post-meta\">\n\t\t\t\t\t<span class=\"cat\">\n\t\t\t\t\t\t\t\t\t<span><span class=\"tag-link\" data-href=\"https:\/\/naturvernforbundet.no\/moreogromsdal\/category\/nyheter\/\">Nyheter<\/span><\/span>\n\t\t\t\t\t\t\t<\/span>\n\t\t\t\t\t\t\t<span class=\"date\">01.12.2021<\/span>\n\t\t\t<\/div>\n\t\n<\/div>\n\n<\/a>\n<\/div>\n\n<div class=\"t2-featured-single-post t2-featured-content is-post-type-post category-miljopolitikk local-molde wp-block-t2-featured-single-post\"><a class=\"t2-post-link wp-block-t2-post-link\" href=\"https:\/\/naturvernforbundet.no\/moreogromsdal\/miljokrav-til-ny-samfunnsplan-og-strategiplaner-for-molde-kommune\/\">\n<figure style=\"--t2-focal-point: 50% 50%;\" class=\"t2-post-featured-image has-image-ratio-4-3 wp-block-t2-post-featured-image\"><img loading=\"lazy\" decoding=\"async\" width=\"653\" height=\"707\" src=\"https:\/\/naturvernforbundet.no\/content\/uploads\/sites\/14\/2021\/04\/Skjermbilde202021-04-1820171548.jpg2028articledisplay29.jpg\" class=\"attachment-post-thumbnail size-post-thumbnail wp-post-image\" alt=\"\" srcset=\"https:\/\/naturvernforbundet.no\/content\/uploads\/sites\/14\/2021\/04\/Skjermbilde202021-04-1820171548.jpg2028articledisplay29.jpg 653w, https:\/\/naturvernforbundet.no\/content\/uploads\/sites\/14\/2021\/04\/Skjermbilde202021-04-1820171548.jpg2028articledisplay29-277x300.jpg 277w\" sizes=\"auto, (max-width: 653px) 100vw, 653px\" \/><\/figure>\n\n<div class=\"wp-block-group alignfull is-layout-flow wp-block-group-is-layout-flow\">\n\t<h2 class=\"t2-post-title wp-block-t2-post-title\">Milj\u00f8krav til ny samfunnsplan og strategiplaner for Molde kommune<\/h2>\n\t<p class=\"wp-block-naturvern-post-excerpt\">I uttalelsen fra Naturvernforbundet i Molde blir det konkludert med 24 milj\u00f8krav. Dette for \u00e5 f\u00e5 kommunen inn p\u00e5 et b\u00e6rekraftig spor i planperioden fram til 2031.<\/p>\n\t\t<div class=\"wp-block-naturvern-post-meta\">\n\t\t\t\t\t<span class=\"cat\">\n\t\t\t\t\t\t\t\t\t<span><span class=\"tag-link\" data-href=\"https:\/\/naturvernforbundet.no\/moreogromsdal\/category\/miljopolitikk\/\">Milj\u00f8politikk<\/span><\/span>\n\t\t\t\t\t\t\t<\/span>\n\t\t\t\t\t\t\t<span class=\"date\">12.04.2021<\/span>\n\t\t\t<\/div>\n\t\n<\/div>\n\n<\/a>\n<\/div>\n\n<div class=\"t2-featured-single-post t2-featured-content is-post-type-post category-samferdsel local-molde wp-block-t2-featured-single-post\"><a class=\"t2-post-link wp-block-t2-post-link\" href=\"https:\/\/naturvernforbundet.no\/moreogromsdal\/kartlagte-snarveger-i-molde-ma-folges-opp\/\">\n<figure style=\"--t2-focal-point: 50% 50%;\" class=\"t2-post-featured-image has-image-ratio-4-3 wp-block-t2-post-featured-image\"><img loading=\"lazy\" decoding=\"async\" width=\"653\" height=\"871\" src=\"https:\/\/naturvernforbundet.no\/content\/uploads\/sites\/14\/2021\/10\/1506-2104-1.JPG2028articledisplay29.jpg\" class=\"attachment-post-thumbnail size-post-thumbnail wp-post-image\" alt=\"\" srcset=\"https:\/\/naturvernforbundet.no\/content\/uploads\/sites\/14\/2021\/10\/1506-2104-1.JPG2028articledisplay29.jpg 653w, https:\/\/naturvernforbundet.no\/content\/uploads\/sites\/14\/2021\/10\/1506-2104-1.JPG2028articledisplay29-225x300.jpg 225w\" sizes=\"auto, (max-width: 653px) 100vw, 653px\" \/><\/figure>\n\n<div class=\"wp-block-group alignfull is-layout-flow wp-block-group-is-layout-flow\">\n\t<h2 class=\"t2-post-title wp-block-t2-post-title\">Kartlagte snarveger i Molde m\u00e5 f\u00f8lges opp<\/h2>\n\t<p class=\"wp-block-naturvern-post-excerpt\">Etter h\u00f8ring er snarvegkartet oppdatert, og vi har sendt et brev til kommunen der vi foresl\u00e5r oppf\u00f8lging av snarvegene med ulike tiltak.<\/p>\n\t\t<div class=\"wp-block-naturvern-post-meta\">\n\t\t\t\t\t<span class=\"cat\">\n\t\t\t\t\t\t\t\t\t<span><span class=\"tag-link\" data-href=\"https:\/\/naturvernforbundet.no\/moreogromsdal\/category\/samferdsel\/\">Samferdsel<\/span><\/span>\n\t\t\t\t\t\t\t<\/span>\n\t\t\t\t\t\t\t<span class=\"date\">28.10.2021<\/span>\n\t\t\t<\/div>\n\t\n<\/div>\n\n<\/a>\n<\/div>\n\n<div class=\"t2-featured-single-post t2-featured-content is-post-type-post category-nyheter wp-block-t2-featured-single-post\"><a class=\"t2-post-link wp-block-t2-post-link\" href=\"https:\/\/naturvernforbundet.no\/moreogromsdal\/kan-eg-parkere-her\/\">\n<figure style=\"--t2-focal-point: 50% 50%;\" class=\"t2-post-featured-image has-image-ratio-4-3 wp-block-t2-post-featured-image\"><img loading=\"lazy\" decoding=\"async\" width=\"250\" height=\"188\" src=\"https:\/\/naturvernforbundet.no\/content\/uploads\/sites\/14\/2021\/12\/Kan20eg20parkere20her.JPG2028articlelist29.jpg\" class=\"attachment-post-thumbnail size-post-thumbnail wp-post-image\" alt=\"\" \/><\/figure>\n\n<div class=\"wp-block-group alignfull is-layout-flow wp-block-group-is-layout-flow\">\n\t<h2 class=\"t2-post-title wp-block-t2-post-title\">Kan eg parkere her?<\/h2>\n\t<p class=\"wp-block-naturvern-post-excerpt\">Kan det vere at tilgangen til areal for friluftsliv blir vanskelegare n\u00e5r vegane blir rusta opp? Kor mykje skal til for at friluftslivet f\u00e5r enklare tilgang til friluftsareal? Dette har Naturvernforbundet unders\u00f8kt langs riksveg 70 mellom Skjevlingsnes og \u00c5lvundfossen. G\u00e5r ein gjennom rapporten og vedlegga, s\u00e5 finn ein kanskje det mest hemmelege veg &#8211; og sj\u00f8n\u00e6re friluftslivsarealet i Tingvoll. God tur!<\/p>\n\t\t<div class=\"wp-block-naturvern-post-meta\">\n\t\t\t\t\t<span class=\"cat\">\n\t\t\t\t\t\t\t\t\t<span><span class=\"tag-link\" data-href=\"https:\/\/naturvernforbundet.no\/moreogromsdal\/category\/nyheter\/\">Nyheter<\/span><\/span>\n\t\t\t\t\t\t\t<\/span>\n\t\t\t\t\t\t\t<span class=\"date\">09.12.2021<\/span>\n\t\t\t<\/div>\n\t\n<\/div>\n\n<\/a>\n<\/div>\n\n<div class=\"t2-featured-single-post t2-featured-content is-post-type-post category-nyheter category-samferdsel tag-e39 wp-block-t2-featured-single-post\"><a class=\"t2-post-link wp-block-t2-post-link\" href=\"https:\/\/naturvernforbundet.no\/moreogromsdal\/dokumentlesing-for-dei-som-har-lyst\/\">\n<figure class=\"t2-post-featured-image has-image-ratio-4-3 wp-block-t2-post-featured-image\"><div class=\"t2-post-featured-image__fallback\">D<\/div><\/figure>\n\n<div class=\"wp-block-group alignfull is-layout-flow wp-block-group-is-layout-flow\">\n\t<h2 class=\"t2-post-title wp-block-t2-post-title\">Dokumentlesing for dei som har lyst<\/h2>\n\t<p class=\"wp-block-naturvern-post-excerpt\">Naturvernforbundet pr\u00f8ver \u00e5 f\u00f8lgje med p\u00e5 prosessane rundt ny E39 gjennom fylket. Akkurat no er det st\u00f8rst merksemd rundt strekninga Digernes til Julsundet.<\/p>\n\t\t<div class=\"wp-block-naturvern-post-meta\">\n\t\t\t\t\t<span class=\"cat\">\n\t\t\t\t\t\t\t\t\t<span><span class=\"tag-link\" data-href=\"https:\/\/naturvernforbundet.no\/moreogromsdal\/category\/nyheter\/\">Nyheter<\/span><\/span>\n\t\t\t\t\t\t\t\t\t<span><span class=\"tag-link\" data-href=\"https:\/\/naturvernforbundet.no\/moreogromsdal\/category\/samferdsel\/\">Samferdsel<\/span><\/span>\n\t\t\t\t\t\t\t<\/span>\n\t\t\t\t\t\t\t<span class=\"date\">29.05.2022<\/span>\n\t\t\t<\/div>\n\t\n<\/div>\n\n<\/a>\n<\/div>\n<\/div>","protected":false},"excerpt":{"rendered":"","protected":false},"author":3,"featured_media":0,"parent":0,"menu_order":0,"comment_status":"closed","ping_status":"closed","template":"","meta":{"_relevanssi_hide_post":"","_relevanssi_hide_content":"","_relevanssi_pin_for_all":"","_relevanssi_pin_keywords":"","_relevanssi_unpin_keywords":"","_relevanssi_related_keywords":"","_relevanssi_related_include_ids":"","_relevanssi_related_exclude_ids":"","_relevanssi_related_no_append":"","_relevanssi_related_not_related":"","_relevanssi_related_posts":"","_relevanssi_noindex_reason":"","hide_logo":false,"footnotes":""},"categories":[],"class_list":["post-311","page","type-page","status-publish","hentry"],"acf":[],"yoast_head":"<!-- This site is optimized with the Yoast SEO plugin v24.9 - https:\/\/yoast.com\/wordpress\/plugins\/seo\/ -->\n<title>Samferdsel - M\u00f8re og Romsdal<\/title>\n<meta name=\"robots\" content=\"index, follow, max-snippet:-1, max-image-preview:large, max-video-preview:-1\" \/>\n<link rel=\"canonical\" href=\"https:\/\/naturvernforbundet.no\/moreogromsdal\/samferdsel\/\" \/>\n<meta property=\"og:locale\" content=\"nb_NO\" \/>\n<meta property=\"og:type\" content=\"article\" \/>\n<meta property=\"og:title\" content=\"Samferdsel - M\u00f8re og Romsdal\" \/>\n<meta property=\"og:url\" content=\"https:\/\/naturvernforbundet.no\/moreogromsdal\/samferdsel\/\" \/>\n<meta property=\"og:site_name\" content=\"M\u00f8re og Romsdal\" \/>\n<meta property=\"article:modified_time\" content=\"2022-09-28T08:58:27+00:00\" \/>\n<meta name=\"twitter:card\" content=\"summary_large_image\" \/>\n<script type=\"application\/ld+json\" class=\"yoast-schema-graph\">{\"@context\":\"https:\/\/schema.org\",\"@graph\":[{\"@type\":\"WebPage\",\"@id\":\"https:\/\/naturvernforbundet.no\/moreogromsdal\/samferdsel\/\",\"url\":\"https:\/\/naturvernforbundet.no\/moreogromsdal\/samferdsel\/\",\"name\":\"Samferdsel - M\u00f8re og Romsdal\",\"isPartOf\":{\"@id\":\"https:\/\/naturvernforbundet.no\/moreogromsdal\/#website\"},\"datePublished\":\"2022-09-28T08:52:22+00:00\",\"dateModified\":\"2022-09-28T08:58:27+00:00\",\"breadcrumb\":{\"@id\":\"https:\/\/naturvernforbundet.no\/moreogromsdal\/samferdsel\/#breadcrumb\"},\"inLanguage\":\"nb-NO\",\"potentialAction\":[{\"@type\":\"ReadAction\",\"target\":[\"https:\/\/naturvernforbundet.no\/moreogromsdal\/samferdsel\/\"]}]},{\"@type\":\"BreadcrumbList\",\"@id\":\"https:\/\/naturvernforbundet.no\/moreogromsdal\/samferdsel\/#breadcrumb\",\"itemListElement\":[{\"@type\":\"ListItem\",\"position\":1,\"name\":\"Till naturvernforbundet.no\",\"item\":\"https:\/\/naturvernforbundet.no\/\"},{\"@type\":\"ListItem\",\"position\":2,\"name\":\"M\u00f8re og Romsdal\",\"item\":\"https:\/\/naturvernforbundet.no\/moreogromsdal\/\"},{\"@type\":\"ListItem\",\"position\":3,\"name\":\"Samferdsel\"}]},{\"@type\":\"WebSite\",\"@id\":\"https:\/\/naturvernforbundet.no\/moreogromsdal\/#website\",\"url\":\"https:\/\/naturvernforbundet.no\/moreogromsdal\/\",\"name\":\"M\u00f8re og Romsdal\",\"description\":\"Bare enda et Naturvernforbundet Sites-nettsted\",\"potentialAction\":[{\"@type\":\"SearchAction\",\"target\":{\"@type\":\"EntryPoint\",\"urlTemplate\":\"https:\/\/naturvernforbundet.no\/moreogromsdal\/?s={search_term_string}\"},\"query-input\":{\"@type\":\"PropertyValueSpecification\",\"valueRequired\":true,\"valueName\":\"search_term_string\"}}],\"inLanguage\":\"nb-NO\"}]}<\/script>\n<!-- \/ Yoast SEO plugin. -->","yoast_head_json":{"title":"Samferdsel - M\u00f8re og Romsdal","robots":{"index":"index","follow":"follow","max-snippet":"max-snippet:-1","max-image-preview":"max-image-preview:large","max-video-preview":"max-video-preview:-1"},"canonical":"https:\/\/naturvernforbundet.no\/moreogromsdal\/samferdsel\/","og_locale":"nb_NO","og_type":"article","og_title":"Samferdsel - M\u00f8re og Romsdal","og_url":"https:\/\/naturvernforbundet.no\/moreogromsdal\/samferdsel\/","og_site_name":"M\u00f8re og Romsdal","article_modified_time":"2022-09-28T08:58:27+00:00","twitter_card":"summary_large_image","schema":{"@context":"https:\/\/schema.org","@graph":[{"@type":"WebPage","@id":"https:\/\/naturvernforbundet.no\/moreogromsdal\/samferdsel\/","url":"https:\/\/naturvernforbundet.no\/moreogromsdal\/samferdsel\/","name":"Samferdsel - M\u00f8re og Romsdal","isPartOf":{"@id":"https:\/\/naturvernforbundet.no\/moreogromsdal\/#website"},"datePublished":"2022-09-28T08:52:22+00:00","dateModified":"2022-09-28T08:58:27+00:00","breadcrumb":{"@id":"https:\/\/naturvernforbundet.no\/moreogromsdal\/samferdsel\/#breadcrumb"},"inLanguage":"nb-NO","potentialAction":[{"@type":"ReadAction","target":["https:\/\/naturvernforbundet.no\/moreogromsdal\/samferdsel\/"]}]},{"@type":"BreadcrumbList","@id":"https:\/\/naturvernforbundet.no\/moreogromsdal\/samferdsel\/#breadcrumb","itemListElement":[{"@type":"ListItem","position":1,"name":"Till naturvernforbundet.no","item":"https:\/\/naturvernforbundet.no\/"},{"@type":"ListItem","position":2,"name":"M\u00f8re og Romsdal","item":"https:\/\/naturvernforbundet.no\/moreogromsdal\/"},{"@type":"ListItem","position":3,"name":"Samferdsel"}]},{"@type":"WebSite","@id":"https:\/\/naturvernforbundet.no\/moreogromsdal\/#website","url":"https:\/\/naturvernforbundet.no\/moreogromsdal\/","name":"M\u00f8re og Romsdal","description":"Bare enda et Naturvernforbundet Sites-nettsted","potentialAction":[{"@type":"SearchAction","target":{"@type":"EntryPoint","urlTemplate":"https:\/\/naturvernforbundet.no\/moreogromsdal\/?s={search_term_string}"},"query-input":{"@type":"PropertyValueSpecification","valueRequired":true,"valueName":"search_term_string"}}],"inLanguage":"nb-NO"}]}},"_links":{"self":[{"href":"https:\/\/naturvernforbundet.no\/moreogromsdal\/wp-json\/wp\/v2\/pages\/311","targetHints":{"allow":["GET"]}}],"collection":[{"href":"https:\/\/naturvernforbundet.no\/moreogromsdal\/wp-json\/wp\/v2\/pages"}],"about":[{"href":"https:\/\/naturvernforbundet.no\/moreogromsdal\/wp-json\/wp\/v2\/types\/page"}],"author":[{"embeddable":true,"href":"https:\/\/naturvernforbundet.no\/moreogromsdal\/wp-json\/wp\/v2\/users\/3"}],"replies":[{"embeddable":true,"href":"https:\/\/naturvernforbundet.no\/moreogromsdal\/wp-json\/wp\/v2\/comments?post=311"}],"version-history":[{"count":3,"href":"https:\/\/naturvernforbundet.no\/moreogromsdal\/wp-json\/wp\/v2\/pages\/311\/revisions"}],"predecessor-version":[{"id":318,"href":"https:\/\/naturvernforbundet.no\/moreogromsdal\/wp-json\/wp\/v2\/pages\/311\/revisions\/318"}],"wp:attachment":[{"href":"https:\/\/naturvernforbundet.no\/moreogromsdal\/wp-json\/wp\/v2\/media?parent=311"}],"wp:term":[{"taxonomy":"category","embeddable":true,"href":"https:\/\/naturvernforbundet.no\/moreogromsdal\/wp-json\/wp\/v2\/categories?post=311"}],"curies":[{"name":"wp","href":"https:\/\/api.w.org\/{rel}","templated":true}]}}