{"id":472,"date":"2022-09-29T11:36:39","date_gmt":"2022-09-29T09:36:39","guid":{"rendered":"https:\/\/naturvernforbundet.no\/nordland\/?page_id=472"},"modified":"2022-09-29T11:59:37","modified_gmt":"2022-09-29T09:59:37","slug":"vern-av-natur","status":"publish","type":"page","link":"https:\/\/naturvernforbundet.no\/nordland\/vern-av-natur\/","title":{"rendered":"Vern av natur"},"content":{"rendered":"\t<div class=\"template-page has-media alignfull wp-block-naturvern-hero\">\n\t\t<div class=\"hero__inner\">\n\t\t\t<div class=\"hero__inner_blocks\">\n\t\t\t\t\t\t\t\t\n<h1 class=\"wp-block-post-title\">Vern av natur<\/h1>\n\n\n<p>Vi vil synliggj\u00f8re at natur ikke bare har stor verdi i seg selv, det er ogs\u00e5 \u00f8konomisk l\u00f8nnsomt og samfunnsmessig fornuftig \u00e5 ta vare p\u00e5 naturmangfoldet. <\/p>\n\n\n\n<div class=\"wp-block-buttons is-layout-flex wp-block-buttons-is-layout-flex\"><\/div>\n\n\t\t\t<\/div>\n\t\t\t\t\t<\/div>\n\t\t\t\t\t<div class=\"hero__image\">\n\t\t\t\t\t\t\t\t\t\t<img fetchpriority=\"high\" decoding=\"async\" width=\"1920\" height=\"1277\" src=\"https:\/\/naturvernforbundet.no\/content\/uploads\/sites\/15\/2022\/09\/Fonndalentur-074_15082015-1920x1277.jpg\" class=\"attachment-ultra size-ultra\" alt=\"Fonndalen\" style=\"object-position: 50% 50%;\" loading=\"eager\" srcset=\"https:\/\/naturvernforbundet.no\/content\/uploads\/sites\/15\/2022\/09\/Fonndalentur-074_15082015-1920x1277.jpg 1920w, https:\/\/naturvernforbundet.no\/content\/uploads\/sites\/15\/2022\/09\/Fonndalentur-074_15082015-300x200.jpg 300w, https:\/\/naturvernforbundet.no\/content\/uploads\/sites\/15\/2022\/09\/Fonndalentur-074_15082015-1024x681.jpg 1024w, https:\/\/naturvernforbundet.no\/content\/uploads\/sites\/15\/2022\/09\/Fonndalentur-074_15082015-768x511.jpg 768w, https:\/\/naturvernforbundet.no\/content\/uploads\/sites\/15\/2022\/09\/Fonndalentur-074_15082015-1536x1022.jpg 1536w, https:\/\/naturvernforbundet.no\/content\/uploads\/sites\/15\/2022\/09\/Fonndalentur-074_15082015-2048x1362.jpg 2048w\" sizes=\"(max-width: 1920px) 100vw, 1920px\" \/>\t\t\t\t\t\t<\/div>\n\t\t\t<\/div>\n\t\n\n\n<div class=\"wp-block-media-text alignwide is-stacked-on-mobile\"><figure class=\"wp-block-media-text__media\"><\/figure><div class=\"wp-block-media-text__content\">\n<h2 class=\"wp-block-heading\">Verneomr\u00e5der<\/h2>\n\n\n\n<p>Nordland har mye verdifull natur og rikt biologisk mangfold som ikke er sikret gjennom vern.<\/p>\n<\/div><\/div>\n\n\n\n<div class=\"wp-block-media-text alignwide has-media-on-the-right is-stacked-on-mobile\"><figure class=\"wp-block-media-text__media\"><\/figure><div class=\"wp-block-media-text__content\">\n<h2 class=\"wp-block-heading\">Kystskogvern<\/h2>\n\n\n\n<p>Naturvernforbundet i Nordland intensiverer sitt arbeid mot utplanting og for fjerning av fremmede treslag som sitka og lutz.&nbsp;<\/p>\n<\/div><\/div>\n","protected":false},"excerpt":{"rendered":"","protected":false},"author":3,"featured_media":0,"parent":0,"menu_order":0,"comment_status":"closed","ping_status":"closed","template":"","meta":{"_relevanssi_hide_post":"","_relevanssi_hide_content":"","_relevanssi_pin_for_all":"","_relevanssi_pin_keywords":"","_relevanssi_unpin_keywords":"","_relevanssi_related_keywords":"","_relevanssi_related_include_ids":"","_relevanssi_related_exclude_ids":"","_relevanssi_related_no_append":"","_relevanssi_related_not_related":"","_relevanssi_related_posts":"","_relevanssi_noindex_reason":"","hide_logo":false,"footnotes":""},"categories":[],"class_list":["post-472","page","type-page","status-publish","hentry"],"acf":[],"yoast_head":"<!-- This site is optimized with the Yoast SEO plugin v24.9 - https:\/\/yoast.com\/wordpress\/plugins\/seo\/ -->\n<title>Vern av natur - Nordland<\/title>\n<meta name=\"robots\" content=\"index, follow, max-snippet:-1, max-image-preview:large, max-video-preview:-1\" \/>\n<link rel=\"canonical\" href=\"https:\/\/naturvernforbundet.no\/nordland\/vern-av-natur\/\" \/>\n<meta property=\"og:locale\" content=\"nb_NO\" \/>\n<meta property=\"og:type\" content=\"article\" \/>\n<meta property=\"og:title\" content=\"Vern av natur - Nordland\" \/>\n<meta property=\"og:url\" content=\"https:\/\/naturvernforbundet.no\/nordland\/vern-av-natur\/\" \/>\n<meta property=\"og:site_name\" content=\"Nordland\" \/>\n<meta property=\"article:modified_time\" content=\"2022-09-29T09:59:37+00:00\" \/>\n<meta name=\"twitter:card\" content=\"summary_large_image\" \/>\n<script type=\"application\/ld+json\" class=\"yoast-schema-graph\">{\"@context\":\"https:\/\/schema.org\",\"@graph\":[{\"@type\":\"WebPage\",\"@id\":\"https:\/\/naturvernforbundet.no\/nordland\/vern-av-natur\/\",\"url\":\"https:\/\/naturvernforbundet.no\/nordland\/vern-av-natur\/\",\"name\":\"Vern av natur - Nordland\",\"isPartOf\":{\"@id\":\"https:\/\/naturvernforbundet.no\/nordland\/#website\"},\"datePublished\":\"2022-09-29T09:36:39+00:00\",\"dateModified\":\"2022-09-29T09:59:37+00:00\",\"breadcrumb\":{\"@id\":\"https:\/\/naturvernforbundet.no\/nordland\/vern-av-natur\/#breadcrumb\"},\"inLanguage\":\"nb-NO\",\"potentialAction\":[{\"@type\":\"ReadAction\",\"target\":[\"https:\/\/naturvernforbundet.no\/nordland\/vern-av-natur\/\"]}]},{\"@type\":\"BreadcrumbList\",\"@id\":\"https:\/\/naturvernforbundet.no\/nordland\/vern-av-natur\/#breadcrumb\",\"itemListElement\":[{\"@type\":\"ListItem\",\"position\":1,\"name\":\"Till naturvernforbundet.no\",\"item\":\"https:\/\/naturvernforbundet.no\/\"},{\"@type\":\"ListItem\",\"position\":2,\"name\":\"Nordland\",\"item\":\"https:\/\/naturvernforbundet.no\/nordland\/\"},{\"@type\":\"ListItem\",\"position\":3,\"name\":\"Vern av natur\"}]},{\"@type\":\"WebSite\",\"@id\":\"https:\/\/naturvernforbundet.no\/nordland\/#website\",\"url\":\"https:\/\/naturvernforbundet.no\/nordland\/\",\"name\":\"Nordland\",\"description\":\"Bare enda et Naturvernforbundet Sites-nettsted\",\"potentialAction\":[{\"@type\":\"SearchAction\",\"target\":{\"@type\":\"EntryPoint\",\"urlTemplate\":\"https:\/\/naturvernforbundet.no\/nordland\/?s={search_term_string}\"},\"query-input\":{\"@type\":\"PropertyValueSpecification\",\"valueRequired\":true,\"valueName\":\"search_term_string\"}}],\"inLanguage\":\"nb-NO\"}]}<\/script>\n<!-- \/ Yoast SEO plugin. -->","yoast_head_json":{"title":"Vern av natur - Nordland","robots":{"index":"index","follow":"follow","max-snippet":"max-snippet:-1","max-image-preview":"max-image-preview:large","max-video-preview":"max-video-preview:-1"},"canonical":"https:\/\/naturvernforbundet.no\/nordland\/vern-av-natur\/","og_locale":"nb_NO","og_type":"article","og_title":"Vern av natur - Nordland","og_url":"https:\/\/naturvernforbundet.no\/nordland\/vern-av-natur\/","og_site_name":"Nordland","article_modified_time":"2022-09-29T09:59:37+00:00","twitter_card":"summary_large_image","schema":{"@context":"https:\/\/schema.org","@graph":[{"@type":"WebPage","@id":"https:\/\/naturvernforbundet.no\/nordland\/vern-av-natur\/","url":"https:\/\/naturvernforbundet.no\/nordland\/vern-av-natur\/","name":"Vern av natur - Nordland","isPartOf":{"@id":"https:\/\/naturvernforbundet.no\/nordland\/#website"},"datePublished":"2022-09-29T09:36:39+00:00","dateModified":"2022-09-29T09:59:37+00:00","breadcrumb":{"@id":"https:\/\/naturvernforbundet.no\/nordland\/vern-av-natur\/#breadcrumb"},"inLanguage":"nb-NO","potentialAction":[{"@type":"ReadAction","target":["https:\/\/naturvernforbundet.no\/nordland\/vern-av-natur\/"]}]},{"@type":"BreadcrumbList","@id":"https:\/\/naturvernforbundet.no\/nordland\/vern-av-natur\/#breadcrumb","itemListElement":[{"@type":"ListItem","position":1,"name":"Till naturvernforbundet.no","item":"https:\/\/naturvernforbundet.no\/"},{"@type":"ListItem","position":2,"name":"Nordland","item":"https:\/\/naturvernforbundet.no\/nordland\/"},{"@type":"ListItem","position":3,"name":"Vern av natur"}]},{"@type":"WebSite","@id":"https:\/\/naturvernforbundet.no\/nordland\/#website","url":"https:\/\/naturvernforbundet.no\/nordland\/","name":"Nordland","description":"Bare enda et Naturvernforbundet Sites-nettsted","potentialAction":[{"@type":"SearchAction","target":{"@type":"EntryPoint","urlTemplate":"https:\/\/naturvernforbundet.no\/nordland\/?s={search_term_string}"},"query-input":{"@type":"PropertyValueSpecification","valueRequired":true,"valueName":"search_term_string"}}],"inLanguage":"nb-NO"}]}},"_links":{"self":[{"href":"https:\/\/naturvernforbundet.no\/nordland\/wp-json\/wp\/v2\/pages\/472","targetHints":{"allow":["GET"]}}],"collection":[{"href":"https:\/\/naturvernforbundet.no\/nordland\/wp-json\/wp\/v2\/pages"}],"about":[{"href":"https:\/\/naturvernforbundet.no\/nordland\/wp-json\/wp\/v2\/types\/page"}],"author":[{"embeddable":true,"href":"https:\/\/naturvernforbundet.no\/nordland\/wp-json\/wp\/v2\/users\/3"}],"replies":[{"embeddable":true,"href":"https:\/\/naturvernforbundet.no\/nordland\/wp-json\/wp\/v2\/comments?post=472"}],"version-history":[{"count":2,"href":"https:\/\/naturvernforbundet.no\/nordland\/wp-json\/wp\/v2\/pages\/472\/revisions"}],"predecessor-version":[{"id":487,"href":"https:\/\/naturvernforbundet.no\/nordland\/wp-json\/wp\/v2\/pages\/472\/revisions\/487"}],"wp:attachment":[{"href":"https:\/\/naturvernforbundet.no\/nordland\/wp-json\/wp\/v2\/media?parent=472"}],"wp:term":[{"taxonomy":"category","embeddable":true,"href":"https:\/\/naturvernforbundet.no\/nordland\/wp-json\/wp\/v2\/categories?post=472"}],"curies":[{"name":"wp","href":"https:\/\/api.w.org\/{rel}","templated":true}]}}