{"id":475,"date":"2022-09-29T11:39:44","date_gmt":"2022-09-29T09:39:44","guid":{"rendered":"https:\/\/naturvernforbundet.no\/nordland\/?page_id=475"},"modified":"2022-09-29T11:58:51","modified_gmt":"2022-09-29T09:58:51","slug":"vindkraft","status":"publish","type":"page","link":"https:\/\/naturvernforbundet.no\/nordland\/vindkraft\/","title":{"rendered":"Vindkraft"},"content":{"rendered":"\t<div class=\"template-page has-media alignfull wp-block-naturvern-hero\">\n\t\t<div class=\"hero__inner\">\n\t\t\t<div class=\"hero__inner_blocks\">\n\t\t\t\t\t\t\t\t\n<h1 class=\"wp-block-post-title\">Vindkraft<\/h1>\n\n\n<p>Det foreg\u00e5r omfattende vindkraftetableringer i Nordland. P\u00e5 ulike stadier. Det er bygd anlegg b\u00e5de i Sortland, Narvik og Hamar\u00f8y.\u00a0<\/p>\n\n\n\n<div class=\"wp-block-buttons is-layout-flex wp-block-buttons-is-layout-flex\"><\/div>\n\n\t\t\t<\/div>\n\t\t\t\t\t<\/div>\n\t\t\t\t\t<div class=\"hero__image\">\n\t\t\t\t\t\t\t\t\t\t<img fetchpriority=\"high\" decoding=\"async\" width=\"1920\" height=\"1282\" src=\"https:\/\/naturvernforbundet.no\/content\/uploads\/sites\/15\/2022\/09\/iStock-1369121849-1920x1282.jpg\" class=\"attachment-ultra size-ultra\" alt=\"vindkraft\" style=\"object-position: 50% 50%;\" loading=\"eager\" srcset=\"https:\/\/naturvernforbundet.no\/content\/uploads\/sites\/15\/2022\/09\/iStock-1369121849-1920x1282.jpg 1920w, https:\/\/naturvernforbundet.no\/content\/uploads\/sites\/15\/2022\/09\/iStock-1369121849-300x200.jpg 300w, https:\/\/naturvernforbundet.no\/content\/uploads\/sites\/15\/2022\/09\/iStock-1369121849-1024x684.jpg 1024w, https:\/\/naturvernforbundet.no\/content\/uploads\/sites\/15\/2022\/09\/iStock-1369121849-768x513.jpg 768w, https:\/\/naturvernforbundet.no\/content\/uploads\/sites\/15\/2022\/09\/iStock-1369121849-1536x1026.jpg 1536w, https:\/\/naturvernforbundet.no\/content\/uploads\/sites\/15\/2022\/09\/iStock-1369121849-2048x1368.jpg 2048w\" sizes=\"(max-width: 1920px) 100vw, 1920px\" \/>\t\t\t\t\t\t<\/div>\n\t\t\t<\/div>\n\t\n\n\n<p>Det arbeides hardt for \u00e5 hindre bygging p\u00e5 Sjonfjellet. Vi arbeider i lag med Motvind p\u00e5 f\u00f8lgende vindkraftsaker, \u00d8yfjellet og Spar Sjonfellet  &#8211; i n\u00e6rt samarbeid med lokallaget i Rana.<\/p>\n","protected":false},"excerpt":{"rendered":"","protected":false},"author":3,"featured_media":0,"parent":0,"menu_order":0,"comment_status":"closed","ping_status":"closed","template":"","meta":{"_relevanssi_hide_post":"","_relevanssi_hide_content":"","_relevanssi_pin_for_all":"","_relevanssi_pin_keywords":"","_relevanssi_unpin_keywords":"","_relevanssi_related_keywords":"","_relevanssi_related_include_ids":"","_relevanssi_related_exclude_ids":"","_relevanssi_related_no_append":"","_relevanssi_related_not_related":"","_relevanssi_related_posts":"","_relevanssi_noindex_reason":"","hide_logo":false,"footnotes":""},"categories":[],"class_list":["post-475","page","type-page","status-publish","hentry"],"acf":[],"yoast_head":"<!-- This site is optimized with the Yoast SEO plugin v24.9 - https:\/\/yoast.com\/wordpress\/plugins\/seo\/ -->\n<title>Vindkraft - Nordland<\/title>\n<meta name=\"robots\" content=\"index, follow, max-snippet:-1, max-image-preview:large, max-video-preview:-1\" \/>\n<link rel=\"canonical\" href=\"https:\/\/naturvernforbundet.no\/nordland\/vindkraft\/\" \/>\n<meta property=\"og:locale\" content=\"nb_NO\" \/>\n<meta property=\"og:type\" content=\"article\" \/>\n<meta property=\"og:title\" content=\"Vindkraft - Nordland\" \/>\n<meta property=\"og:url\" content=\"https:\/\/naturvernforbundet.no\/nordland\/vindkraft\/\" \/>\n<meta property=\"og:site_name\" content=\"Nordland\" \/>\n<meta property=\"article:modified_time\" content=\"2022-09-29T09:58:51+00:00\" \/>\n<meta name=\"twitter:card\" content=\"summary_large_image\" \/>\n<script type=\"application\/ld+json\" class=\"yoast-schema-graph\">{\"@context\":\"https:\/\/schema.org\",\"@graph\":[{\"@type\":\"WebPage\",\"@id\":\"https:\/\/naturvernforbundet.no\/nordland\/vindkraft\/\",\"url\":\"https:\/\/naturvernforbundet.no\/nordland\/vindkraft\/\",\"name\":\"Vindkraft - Nordland\",\"isPartOf\":{\"@id\":\"https:\/\/naturvernforbundet.no\/nordland\/#website\"},\"datePublished\":\"2022-09-29T09:39:44+00:00\",\"dateModified\":\"2022-09-29T09:58:51+00:00\",\"breadcrumb\":{\"@id\":\"https:\/\/naturvernforbundet.no\/nordland\/vindkraft\/#breadcrumb\"},\"inLanguage\":\"nb-NO\",\"potentialAction\":[{\"@type\":\"ReadAction\",\"target\":[\"https:\/\/naturvernforbundet.no\/nordland\/vindkraft\/\"]}]},{\"@type\":\"BreadcrumbList\",\"@id\":\"https:\/\/naturvernforbundet.no\/nordland\/vindkraft\/#breadcrumb\",\"itemListElement\":[{\"@type\":\"ListItem\",\"position\":1,\"name\":\"Till naturvernforbundet.no\",\"item\":\"https:\/\/naturvernforbundet.no\/\"},{\"@type\":\"ListItem\",\"position\":2,\"name\":\"Nordland\",\"item\":\"https:\/\/naturvernforbundet.no\/nordland\/\"},{\"@type\":\"ListItem\",\"position\":3,\"name\":\"Vindkraft\"}]},{\"@type\":\"WebSite\",\"@id\":\"https:\/\/naturvernforbundet.no\/nordland\/#website\",\"url\":\"https:\/\/naturvernforbundet.no\/nordland\/\",\"name\":\"Nordland\",\"description\":\"Bare enda et Naturvernforbundet Sites-nettsted\",\"potentialAction\":[{\"@type\":\"SearchAction\",\"target\":{\"@type\":\"EntryPoint\",\"urlTemplate\":\"https:\/\/naturvernforbundet.no\/nordland\/?s={search_term_string}\"},\"query-input\":{\"@type\":\"PropertyValueSpecification\",\"valueRequired\":true,\"valueName\":\"search_term_string\"}}],\"inLanguage\":\"nb-NO\"}]}<\/script>\n<!-- \/ Yoast SEO plugin. -->","yoast_head_json":{"title":"Vindkraft - Nordland","robots":{"index":"index","follow":"follow","max-snippet":"max-snippet:-1","max-image-preview":"max-image-preview:large","max-video-preview":"max-video-preview:-1"},"canonical":"https:\/\/naturvernforbundet.no\/nordland\/vindkraft\/","og_locale":"nb_NO","og_type":"article","og_title":"Vindkraft - Nordland","og_url":"https:\/\/naturvernforbundet.no\/nordland\/vindkraft\/","og_site_name":"Nordland","article_modified_time":"2022-09-29T09:58:51+00:00","twitter_card":"summary_large_image","schema":{"@context":"https:\/\/schema.org","@graph":[{"@type":"WebPage","@id":"https:\/\/naturvernforbundet.no\/nordland\/vindkraft\/","url":"https:\/\/naturvernforbundet.no\/nordland\/vindkraft\/","name":"Vindkraft - Nordland","isPartOf":{"@id":"https:\/\/naturvernforbundet.no\/nordland\/#website"},"datePublished":"2022-09-29T09:39:44+00:00","dateModified":"2022-09-29T09:58:51+00:00","breadcrumb":{"@id":"https:\/\/naturvernforbundet.no\/nordland\/vindkraft\/#breadcrumb"},"inLanguage":"nb-NO","potentialAction":[{"@type":"ReadAction","target":["https:\/\/naturvernforbundet.no\/nordland\/vindkraft\/"]}]},{"@type":"BreadcrumbList","@id":"https:\/\/naturvernforbundet.no\/nordland\/vindkraft\/#breadcrumb","itemListElement":[{"@type":"ListItem","position":1,"name":"Till naturvernforbundet.no","item":"https:\/\/naturvernforbundet.no\/"},{"@type":"ListItem","position":2,"name":"Nordland","item":"https:\/\/naturvernforbundet.no\/nordland\/"},{"@type":"ListItem","position":3,"name":"Vindkraft"}]},{"@type":"WebSite","@id":"https:\/\/naturvernforbundet.no\/nordland\/#website","url":"https:\/\/naturvernforbundet.no\/nordland\/","name":"Nordland","description":"Bare enda et Naturvernforbundet Sites-nettsted","potentialAction":[{"@type":"SearchAction","target":{"@type":"EntryPoint","urlTemplate":"https:\/\/naturvernforbundet.no\/nordland\/?s={search_term_string}"},"query-input":{"@type":"PropertyValueSpecification","valueRequired":true,"valueName":"search_term_string"}}],"inLanguage":"nb-NO"}]}},"_links":{"self":[{"href":"https:\/\/naturvernforbundet.no\/nordland\/wp-json\/wp\/v2\/pages\/475","targetHints":{"allow":["GET"]}}],"collection":[{"href":"https:\/\/naturvernforbundet.no\/nordland\/wp-json\/wp\/v2\/pages"}],"about":[{"href":"https:\/\/naturvernforbundet.no\/nordland\/wp-json\/wp\/v2\/types\/page"}],"author":[{"embeddable":true,"href":"https:\/\/naturvernforbundet.no\/nordland\/wp-json\/wp\/v2\/users\/3"}],"replies":[{"embeddable":true,"href":"https:\/\/naturvernforbundet.no\/nordland\/wp-json\/wp\/v2\/comments?post=475"}],"version-history":[{"count":2,"href":"https:\/\/naturvernforbundet.no\/nordland\/wp-json\/wp\/v2\/pages\/475\/revisions"}],"predecessor-version":[{"id":486,"href":"https:\/\/naturvernforbundet.no\/nordland\/wp-json\/wp\/v2\/pages\/475\/revisions\/486"}],"wp:attachment":[{"href":"https:\/\/naturvernforbundet.no\/nordland\/wp-json\/wp\/v2\/media?parent=475"}],"wp:term":[{"taxonomy":"category","embeddable":true,"href":"https:\/\/naturvernforbundet.no\/nordland\/wp-json\/wp\/v2\/categories?post=475"}],"curies":[{"name":"wp","href":"https:\/\/api.w.org\/{rel}","templated":true}]}}