{"id":494,"date":"2022-09-29T12:28:03","date_gmt":"2022-09-29T10:28:03","guid":{"rendered":"https:\/\/naturvernforbundet.no\/nordland\/?page_id=494"},"modified":"2023-02-22T15:07:57","modified_gmt":"2023-02-22T14:07:57","slug":"fiskeri-havvern-og-oppdrett","status":"publish","type":"page","link":"https:\/\/naturvernforbundet.no\/nordland\/fiskeri-havvern-og-oppdrett\/","title":{"rendered":"Fiskeri, havvern og oppdrett"},"content":{"rendered":"\t<div class=\"template-page has-media alignfull wp-block-naturvern-hero\">\n\t\t<div class=\"hero__inner\">\n\t\t\t<div class=\"hero__inner_blocks\">\n\t\t\t\t\t\t\t\t\n<h1 class=\"wp-block-post-title\">Fiskeri, havvern og oppdrett<\/h1>\n\n\n<p>Naturvernforbundet i Nordland skal arbeide for at veksten av oppdrett langs Nordlandskysten skal stoppes. Ingen n\u00e6ringer kan vokse ubegrenset.<\/p>\n\n\n\n<div class=\"wp-block-buttons is-layout-flex wp-block-buttons-is-layout-flex\"><\/div>\n\n\t\t\t<\/div>\n\t\t\t\t\t<\/div>\n\t\t\t\t\t<div class=\"hero__image\">\n\t\t\t\t\t\t\t\t\t\t<img fetchpriority=\"high\" decoding=\"async\" width=\"1920\" height=\"1440\" src=\"https:\/\/naturvernforbundet.no\/content\/uploads\/sites\/15\/2022\/09\/Lofoten-1-1-1920x1440.jpg\" class=\"attachment-ultra size-ultra\" alt=\"fiskeb\u00e5t\" style=\"object-position: 51% 70%;\" loading=\"eager\" srcset=\"https:\/\/naturvernforbundet.no\/content\/uploads\/sites\/15\/2022\/09\/Lofoten-1-1-1920x1440.jpg 1920w, https:\/\/naturvernforbundet.no\/content\/uploads\/sites\/15\/2022\/09\/Lofoten-1-1-300x225.jpg 300w, https:\/\/naturvernforbundet.no\/content\/uploads\/sites\/15\/2022\/09\/Lofoten-1-1-1024x768.jpg 1024w, https:\/\/naturvernforbundet.no\/content\/uploads\/sites\/15\/2022\/09\/Lofoten-1-1-768x576.jpg 768w, https:\/\/naturvernforbundet.no\/content\/uploads\/sites\/15\/2022\/09\/Lofoten-1-1-1536x1152.jpg 1536w, https:\/\/naturvernforbundet.no\/content\/uploads\/sites\/15\/2022\/09\/Lofoten-1-1-2048x1536.jpg 2048w\" sizes=\"(max-width: 1920px) 100vw, 1920px\" \/>\t\t\t\t\t\t<\/div>\n\t\t\t<\/div>\n\t\n\n\n<p>Oppdrett av fisk m\u00e5 v\u00e6re av en st\u00f8rrelse som gj\u00f8r at frittlevende fiskebestander, havbunn, arealer til sj\u00f8s, villfisk i fjorder og vassdrag ikke settes under press. Tiltak som kan gj\u00f8re milj\u00f8belastningene mindre er lukkede anlegg, mindre biomasse og bedre arealplaner. Det m\u00e5 stilles strengere krav til utslipp av biologisk avfall, reduksjon av lakselus og strengere tiltak mot r\u00f8mming. Utslipp av plastavfall m\u00e5 stanses.<\/p>\n\n\n\n<h2 class=\"wp-block-heading\">Fiskeri-, havvern- og oppdrettsgruppe<\/h2>\n\n\n\n<p>Vi \u00f8nsker \u00e5 etablere en gruppe under fylkeslaget som har dette som arbeidsomr\u00e5de &#8211; har du kunnskap, engasjement og tid til \u00e5 arbeide med dette kan du ta kontakt med oss.<\/p>\n","protected":false},"excerpt":{"rendered":"","protected":false},"author":3,"featured_media":479,"parent":0,"menu_order":0,"comment_status":"closed","ping_status":"closed","template":"","meta":{"_relevanssi_hide_post":"","_relevanssi_hide_content":"","_relevanssi_pin_for_all":"","_relevanssi_pin_keywords":"","_relevanssi_unpin_keywords":"","_relevanssi_related_keywords":"","_relevanssi_related_include_ids":"","_relevanssi_related_exclude_ids":"","_relevanssi_related_no_append":"","_relevanssi_related_not_related":"","_relevanssi_related_posts":"","_relevanssi_noindex_reason":"","hide_logo":false,"footnotes":""},"categories":[],"class_list":["post-494","page","type-page","status-publish","has-post-thumbnail","hentry"],"acf":[],"yoast_head":"<!-- This site is optimized with the Yoast SEO plugin v24.9 - https:\/\/yoast.com\/wordpress\/plugins\/seo\/ -->\n<title>Fiskeri, havvern og oppdrett - Nordland<\/title>\n<meta name=\"robots\" content=\"index, follow, max-snippet:-1, max-image-preview:large, max-video-preview:-1\" \/>\n<link rel=\"canonical\" href=\"https:\/\/naturvernforbundet.no\/nordland\/fiskeri-havvern-og-oppdrett\/\" \/>\n<meta property=\"og:locale\" content=\"nb_NO\" \/>\n<meta property=\"og:type\" content=\"article\" \/>\n<meta property=\"og:title\" content=\"Fiskeri, havvern og oppdrett - Nordland\" \/>\n<meta property=\"og:url\" content=\"https:\/\/naturvernforbundet.no\/nordland\/fiskeri-havvern-og-oppdrett\/\" \/>\n<meta property=\"og:site_name\" content=\"Nordland\" \/>\n<meta property=\"article:modified_time\" content=\"2023-02-22T14:07:57+00:00\" \/>\n<meta property=\"og:image\" content=\"https:\/\/naturvernforbundet.no\/content\/uploads\/sites\/15\/2022\/09\/Lofoten-1-1-scaled.jpg\" \/>\n\t<meta property=\"og:image:width\" content=\"2560\" \/>\n\t<meta property=\"og:image:height\" content=\"1920\" \/>\n\t<meta property=\"og:image:type\" content=\"image\/jpeg\" \/>\n<meta name=\"twitter:card\" content=\"summary_large_image\" \/>\n<meta name=\"twitter:label1\" content=\"Ansl. lesetid\" \/>\n\t<meta name=\"twitter:data1\" content=\"1 minutt\" \/>\n<script type=\"application\/ld+json\" class=\"yoast-schema-graph\">{\"@context\":\"https:\/\/schema.org\",\"@graph\":[{\"@type\":\"WebPage\",\"@id\":\"https:\/\/naturvernforbundet.no\/nordland\/fiskeri-havvern-og-oppdrett\/\",\"url\":\"https:\/\/naturvernforbundet.no\/nordland\/fiskeri-havvern-og-oppdrett\/\",\"name\":\"Fiskeri, havvern og oppdrett - Nordland\",\"isPartOf\":{\"@id\":\"https:\/\/naturvernforbundet.no\/nordland\/#website\"},\"primaryImageOfPage\":{\"@id\":\"https:\/\/naturvernforbundet.no\/nordland\/fiskeri-havvern-og-oppdrett\/#primaryimage\"},\"image\":{\"@id\":\"https:\/\/naturvernforbundet.no\/nordland\/fiskeri-havvern-og-oppdrett\/#primaryimage\"},\"thumbnailUrl\":\"https:\/\/naturvernforbundet.no\/content\/uploads\/sites\/15\/2022\/09\/Lofoten-1-1-scaled.jpg\",\"datePublished\":\"2022-09-29T10:28:03+00:00\",\"dateModified\":\"2023-02-22T14:07:57+00:00\",\"breadcrumb\":{\"@id\":\"https:\/\/naturvernforbundet.no\/nordland\/fiskeri-havvern-og-oppdrett\/#breadcrumb\"},\"inLanguage\":\"nb-NO\",\"potentialAction\":[{\"@type\":\"ReadAction\",\"target\":[\"https:\/\/naturvernforbundet.no\/nordland\/fiskeri-havvern-og-oppdrett\/\"]}]},{\"@type\":\"ImageObject\",\"inLanguage\":\"nb-NO\",\"@id\":\"https:\/\/naturvernforbundet.no\/nordland\/fiskeri-havvern-og-oppdrett\/#primaryimage\",\"url\":\"https:\/\/naturvernforbundet.no\/content\/uploads\/sites\/15\/2022\/09\/Lofoten-1-1-scaled.jpg\",\"contentUrl\":\"https:\/\/naturvernforbundet.no\/content\/uploads\/sites\/15\/2022\/09\/Lofoten-1-1-scaled.jpg\",\"width\":2560,\"height\":1920,\"caption\":\"fiskeb\u00e5t Lofoten\"},{\"@type\":\"BreadcrumbList\",\"@id\":\"https:\/\/naturvernforbundet.no\/nordland\/fiskeri-havvern-og-oppdrett\/#breadcrumb\",\"itemListElement\":[{\"@type\":\"ListItem\",\"position\":1,\"name\":\"Till naturvernforbundet.no\",\"item\":\"https:\/\/naturvernforbundet.no\/\"},{\"@type\":\"ListItem\",\"position\":2,\"name\":\"Nordland\",\"item\":\"https:\/\/naturvernforbundet.no\/nordland\/\"},{\"@type\":\"ListItem\",\"position\":3,\"name\":\"Fiskeri, havvern og oppdrett\"}]},{\"@type\":\"WebSite\",\"@id\":\"https:\/\/naturvernforbundet.no\/nordland\/#website\",\"url\":\"https:\/\/naturvernforbundet.no\/nordland\/\",\"name\":\"Nordland\",\"description\":\"Bare enda et Naturvernforbundet Sites-nettsted\",\"potentialAction\":[{\"@type\":\"SearchAction\",\"target\":{\"@type\":\"EntryPoint\",\"urlTemplate\":\"https:\/\/naturvernforbundet.no\/nordland\/?s={search_term_string}\"},\"query-input\":{\"@type\":\"PropertyValueSpecification\",\"valueRequired\":true,\"valueName\":\"search_term_string\"}}],\"inLanguage\":\"nb-NO\"}]}<\/script>\n<!-- \/ Yoast SEO plugin. -->","yoast_head_json":{"title":"Fiskeri, havvern og oppdrett - Nordland","robots":{"index":"index","follow":"follow","max-snippet":"max-snippet:-1","max-image-preview":"max-image-preview:large","max-video-preview":"max-video-preview:-1"},"canonical":"https:\/\/naturvernforbundet.no\/nordland\/fiskeri-havvern-og-oppdrett\/","og_locale":"nb_NO","og_type":"article","og_title":"Fiskeri, havvern og oppdrett - Nordland","og_url":"https:\/\/naturvernforbundet.no\/nordland\/fiskeri-havvern-og-oppdrett\/","og_site_name":"Nordland","article_modified_time":"2023-02-22T14:07:57+00:00","og_image":[{"width":2560,"height":1920,"url":"https:\/\/naturvernforbundet.no\/content\/uploads\/sites\/15\/2022\/09\/Lofoten-1-1-scaled.jpg","type":"image\/jpeg"}],"twitter_card":"summary_large_image","twitter_misc":{"Ansl. lesetid":"1 minutt"},"schema":{"@context":"https:\/\/schema.org","@graph":[{"@type":"WebPage","@id":"https:\/\/naturvernforbundet.no\/nordland\/fiskeri-havvern-og-oppdrett\/","url":"https:\/\/naturvernforbundet.no\/nordland\/fiskeri-havvern-og-oppdrett\/","name":"Fiskeri, havvern og oppdrett - Nordland","isPartOf":{"@id":"https:\/\/naturvernforbundet.no\/nordland\/#website"},"primaryImageOfPage":{"@id":"https:\/\/naturvernforbundet.no\/nordland\/fiskeri-havvern-og-oppdrett\/#primaryimage"},"image":{"@id":"https:\/\/naturvernforbundet.no\/nordland\/fiskeri-havvern-og-oppdrett\/#primaryimage"},"thumbnailUrl":"https:\/\/naturvernforbundet.no\/content\/uploads\/sites\/15\/2022\/09\/Lofoten-1-1-scaled.jpg","datePublished":"2022-09-29T10:28:03+00:00","dateModified":"2023-02-22T14:07:57+00:00","breadcrumb":{"@id":"https:\/\/naturvernforbundet.no\/nordland\/fiskeri-havvern-og-oppdrett\/#breadcrumb"},"inLanguage":"nb-NO","potentialAction":[{"@type":"ReadAction","target":["https:\/\/naturvernforbundet.no\/nordland\/fiskeri-havvern-og-oppdrett\/"]}]},{"@type":"ImageObject","inLanguage":"nb-NO","@id":"https:\/\/naturvernforbundet.no\/nordland\/fiskeri-havvern-og-oppdrett\/#primaryimage","url":"https:\/\/naturvernforbundet.no\/content\/uploads\/sites\/15\/2022\/09\/Lofoten-1-1-scaled.jpg","contentUrl":"https:\/\/naturvernforbundet.no\/content\/uploads\/sites\/15\/2022\/09\/Lofoten-1-1-scaled.jpg","width":2560,"height":1920,"caption":"fiskeb\u00e5t Lofoten"},{"@type":"BreadcrumbList","@id":"https:\/\/naturvernforbundet.no\/nordland\/fiskeri-havvern-og-oppdrett\/#breadcrumb","itemListElement":[{"@type":"ListItem","position":1,"name":"Till naturvernforbundet.no","item":"https:\/\/naturvernforbundet.no\/"},{"@type":"ListItem","position":2,"name":"Nordland","item":"https:\/\/naturvernforbundet.no\/nordland\/"},{"@type":"ListItem","position":3,"name":"Fiskeri, havvern og oppdrett"}]},{"@type":"WebSite","@id":"https:\/\/naturvernforbundet.no\/nordland\/#website","url":"https:\/\/naturvernforbundet.no\/nordland\/","name":"Nordland","description":"Bare enda et Naturvernforbundet Sites-nettsted","potentialAction":[{"@type":"SearchAction","target":{"@type":"EntryPoint","urlTemplate":"https:\/\/naturvernforbundet.no\/nordland\/?s={search_term_string}"},"query-input":{"@type":"PropertyValueSpecification","valueRequired":true,"valueName":"search_term_string"}}],"inLanguage":"nb-NO"}]}},"_links":{"self":[{"href":"https:\/\/naturvernforbundet.no\/nordland\/wp-json\/wp\/v2\/pages\/494","targetHints":{"allow":["GET"]}}],"collection":[{"href":"https:\/\/naturvernforbundet.no\/nordland\/wp-json\/wp\/v2\/pages"}],"about":[{"href":"https:\/\/naturvernforbundet.no\/nordland\/wp-json\/wp\/v2\/types\/page"}],"author":[{"embeddable":true,"href":"https:\/\/naturvernforbundet.no\/nordland\/wp-json\/wp\/v2\/users\/3"}],"replies":[{"embeddable":true,"href":"https:\/\/naturvernforbundet.no\/nordland\/wp-json\/wp\/v2\/comments?post=494"}],"version-history":[{"count":1,"href":"https:\/\/naturvernforbundet.no\/nordland\/wp-json\/wp\/v2\/pages\/494\/revisions"}],"predecessor-version":[{"id":495,"href":"https:\/\/naturvernforbundet.no\/nordland\/wp-json\/wp\/v2\/pages\/494\/revisions\/495"}],"wp:featuredmedia":[{"embeddable":true,"href":"https:\/\/naturvernforbundet.no\/nordland\/wp-json\/wp\/v2\/media\/479"}],"wp:attachment":[{"href":"https:\/\/naturvernforbundet.no\/nordland\/wp-json\/wp\/v2\/media?parent=494"}],"wp:term":[{"taxonomy":"category","embeddable":true,"href":"https:\/\/naturvernforbundet.no\/nordland\/wp-json\/wp\/v2\/categories?post=494"}],"curies":[{"name":"wp","href":"https:\/\/api.w.org\/{rel}","templated":true}]}}