{"id":13836,"date":"2024-12-02T18:58:40","date_gmt":"2024-12-02T17:58:40","guid":{"rendered":"https:\/\/naturvernforbundet.no\/osloogakershus\/?page_id=13836"},"modified":"2025-06-27T13:50:45","modified_gmt":"2025-06-27T11:50:45","slug":"slaattesider","status":"publish","type":"page","link":"https:\/\/naturvernforbundet.no\/osloogakershus\/slaattesider\/","title":{"rendered":"Sl\u00e5tt og skj\u00f8tsel av blomsterenger"},"content":{"rendered":"\t<div class=\"template-page alignfull wp-block-naturvern-hero\">\n\t\t<div class=\"hero__inner\">\n\t\t\t<div class=\"hero__inner_blocks\">\n\t\t\t\t\t\t\t\t\n<h1 class=\"wp-block-post-title\">Sl\u00e5tt og skj\u00f8tsel av blomsterenger<\/h1>\n\n\n<p>Sl\u00e5tteenger er en truet naturtype som trenger vern og aktiv skj\u00f8tsel. NOA har flere sl\u00e5tteprosjekter med dugnader hver h\u00f8st. Du kan selv lage en blomstereng eller bli med \u00e5 vedlikeholde en i nabolaget<\/p>\n\n\n\n<p>Her kan du l\u00e6re mere om blomsterenger, blomstene og innsektene du finner der<\/p>\n\n\n\n<div class=\"wp-block-buttons is-layout-flex wp-block-buttons-is-layout-flex\"><\/div>\n\n\t\t\t<\/div>\n\t\t\t\t\t<\/div>\n\t\t\t<\/div>\n\t\n\n\n<p>Naturvernforbundet i Nes har laget et hefte om sl\u00e5tteenger og hvordan man kan etablere en ny eng. Disse sidene er basert p\u00e5 dette heftet. <\/p>\n\n\n\n<ul class=\"wp-block-list\">\n<li><a href=\"https:\/\/naturvernforbundet.no\/osloogakershus\/slaattesider\/omslaatteng\/\">Om sl\u00e5tteeng<\/a><\/li>\n\n\n\n<li><a href=\"https:\/\/naturvernforbundet.no\/osloogakershus\/slaattesider\/ominsekter\/\">Om insekter<\/a><\/li>\n\n\n\n<li><a href=\"https:\/\/naturvernforbundet.no\/osloogakershus\/slaattesider\/etablereeng\/\">Etablere eng og samle fr\u00f8<\/a><\/li>\n\n\n\n<li><a href=\"https:\/\/naturvernforbundet.no\/osloogakershus\/slaattesider\/fotogalleri\/\">Fotogalleri med engplanter<\/a><\/li>\n\n\n\n<li><a href=\"https:\/\/naturvernforbundet.no\/osloogakershus\/slaattesider\/sjeldneengarter\/\">Sjeldne engarter<\/a><\/li>\n\n\n\n<li><a href=\"https:\/\/naturvernforbundet.no\/osloogakershus\/slaattesider\/slaattedugnader\/\">\u00c5rvisse sl\u00e5ttedugnader<\/a><\/li>\n<\/ul>\n\n\n\n<figure class=\"wp-block-image size-full\"><div class=\"t2-image-credit\"><img loading=\"lazy\" decoding=\"async\" width=\"596\" height=\"356\" src=\"https:\/\/naturvernforbundet.no\/content\/uploads\/sites\/10\/2024\/11\/Solblom2.png\" alt=\"Eng med Solblom\" class=\"wp-image-13813\" srcset=\"https:\/\/naturvernforbundet.no\/content\/uploads\/sites\/10\/2024\/11\/Solblom2.png 596w, https:\/\/naturvernforbundet.no\/content\/uploads\/sites\/10\/2024\/11\/Solblom2-300x179.png 300w\" sizes=\"auto, (max-width: 596px) 100vw, 596px\" \/><span class=\"t2-image-credit-name\">Karin Olsen<\/span><\/div><figcaption class=\"wp-element-caption\">Eng med Solblom<\/figcaption><\/figure>\n\n\n\n<h2 class=\"wp-block-heading\">Blomsterenger<\/h2>\n\n\n\n<p>Kulturlandskap er et samlebegrep for forskjellige landskapstyper som har oppst\u00e5tt fordi mennesker har forandret den opprinnelige naturen for \u00e5 kunne livn\u00e6re seg.<br>En av disse landskapstypene er SL\u00c5TTEENG. Sl\u00e5tteengene har blitt til gjennom kontinuerlig skj\u00f8tsel over flere hundre \u00e5r og har v\u00e6rt uhyre viktige for g\u00e5rdsdriften. Sl\u00e5tteengene er meget verdifulle. De er en av de mest artsrike naturtypene vi har i Norge, der vi kan finne 20-50 plantearter per m\u00b2. Noen av sl\u00e5tteengenes plantearter finnes ikke i andre naturtyper. Sl\u00e5tteengene er levende kulturminner, de er genbanker som kan v\u00e6re viktige i framtiden og ikke minst er de ekstremt n\u00f8dvendige for overlevelsen til mange insekter.<\/p>\n\n\n\n<p><br><strong> Dessverre har antallet minket<\/strong> sterkt i l\u00f8pet av de siste100 \u00e5rene. Blant \u00e5rsakene er omlegging av g\u00e5rdsdrift til mer intensivt bruk av arealene, men like mye det motsatte, brakklegging. Ogs\u00e5 omgj\u00f8ring av arealene til bruk som boomr\u00e5der, veier og andre menneskeligeaktiviteter fortrenger tidligere sl\u00e5tteenger.<br>Sl\u00e5tteengene er n\u00e5 dessverre sterkt truet. Forsvinner disse engene, forsvinner ogs\u00e5 mange av insektene som trenger akkurat disse engplantene, det v\u00e6re seg som mat eller som oppvekststed for avkommet. Situasjonen for engene og dermed insektene har n\u00e5 faktisk blitt s\u00e5 prek\u00e6r at myndighetene har vedtatt en egen \u00ab<a href=\"https:\/\/www.miljodirektoratet.no\/ansvarsomrader\/arter-naturtyper\/truede-arter-og-naturtyper\/handlingsplaner-for-utvalgte-naturtyper\/handlingsplan-slattemark\/\"><strong>H<\/strong><\/a><strong><a href=\"https:\/\/www.miljodirektoratet.no\/ansvarsomrader\/arter-naturtyper\/truede-arter-og-naturtyper\/handlingsplaner-for-utvalgte-naturtyper\/handlingsplan-slattemark\/\" target=\"_blank\" rel=\"noreferrer noopener\">andlingsplan for sl\u00e5ttemark<\/a><\/strong>\u00bb med detaljerte anvisninger p\u00e5 hvordan engene skal stelles.<br>Ogs\u00e5 de viktige insektene har f\u00e5tt sin plan. En \u00ab<a href=\"https:\/\/www.regjeringen.no\/contentassets\/3e16b8410e704d54af40bcb3e687fb4e\/nasjonal-strategi-for-villbier.pdf\"><strong>P<\/strong><\/a><strong><a href=\"https:\/\/www.regjeringen.no\/contentassets\/3e16b8410e704d54af40bcb3e687fb4e\/nasjonal-strategi-for-villbier.pdf\" target=\"_blank\" rel=\"noreferrer noopener\">ollinatorstrategi<\/a><\/strong>\u00bb skal s\u00f8rge for at det finnes mange nok omr\u00e5der med levedyktige forhold for<br>pollinatorene. Med pollinatorer forst\u00e5r vi insekter som best\u00f8ver planter. Det er i hovedsak bier, humler (som ogs\u00e5 er bier!), blomsterfluer, sommerfugler og biller.<\/p>\n\n\n\n<p><strong>Kj\u00f8p heftet i <a href=\"https:\/\/naturvernforbundet.no\/osloogakershus\/om-fylkeslaget\/noa-butikken\/\">NOA-butikken<\/a><\/strong><\/p>\n\n\n<div class=\"t2-files wp-block-t2-files\"><\/div>\n\n\n<p><strong>Kilder til videre lesning:<\/strong><\/p>\n\n\n\n<ul class=\"wp-block-list\">\n<li><a href=\"http:\/\/blomstermeny.no\/\">Blomstermeny.n<\/a><a href=\"http:\/\/blomstermeny.no\/\" target=\"_blank\" rel=\"noreferrer noopener\">o<\/a><\/li>\n\n\n\n<li><a href=\"https:\/\/www.sabima.no\/trua-natur\/kulturlandskapet\/\">Sabima.no\/kulturlandska<\/a><a href=\"https:\/\/www.sabima.no\/trua-natur\/kulturlandskapet\/\" target=\"_blank\" rel=\"noreferrer noopener\">p<\/a><\/li>\n\n\n\n<li><a href=\"https:\/\/www.naturogfritid.no\/produkt\/bondens-kulturmarksflora-for-ostlandet\/\">Bondens kulturmarksflora for \u00d8stlande<\/a><a href=\"https:\/\/www.naturogfritid.no\/produkt\/bondens-kulturmarksflora-for-ostlandet\/\" target=\"_blank\" rel=\"noreferrer noopener\">t<\/a>, Bioforsk<\/li>\n\n\n\n<li><a href=\"https:\/\/www.nhm.uio.no\/kunnskapsunivers\/insekthotell\/\">Slik lager du insekthotel<\/a><a href=\"https:\/\/www.nhm.uio.no\/kunnskapsunivers\/insekthotell\/\" target=\"_blank\" rel=\"noreferrer noopener\">l<\/a><\/li>\n<\/ul>\n\n\n\n<p><strong>Referanser<\/strong><\/p>\n\n\n\n<ul class=\"wp-block-list\">\n<li><a href=\"https:\/\/www.nhm.uio.no\/forskning\/ressurser\/publikasjoner\/nhm-rapporter\/nhm-rapport-077-2018.pdf\">Pollinatorvennlig skj\u00f8tsel av sl\u00e5ttemark og<br>naturbeitemark<br>Hallvard Elven &amp; Kristina Bjureke<br>UiO Naturhistorisk museum 201<\/a><a href=\"https:\/\/www.nhm.uio.no\/forskning\/ressurser\/publikasjoner\/nhm-rapporter\/nhm-rapport-077-2018.pdf\" target=\"_blank\" rel=\"noreferrer noopener\">9<\/a><\/li>\n\n\n\n<li><a href=\"https:\/\/www.miljodirektoratet.no\/ansvarsomrader\/arter-naturtyper\/truede-arter-og-naturtyper\/handlingsplaner-for-utvalgte-naturtyper\/handlingsplan-slattemark\/\">Handlingsplan for sl\u00e5ttemark<br>Direktoratet for Naturforvaltning 200<\/a><a href=\"https:\/\/www.miljodirektoratet.no\/ansvarsomrader\/arter-naturtyper\/truede-arter-og-naturtyper\/handlingsplaner-for-utvalgte-naturtyper\/handlingsplan-slattemark\/\" target=\"_blank\" rel=\"noreferrer noopener\">9<\/a><\/li>\n<\/ul>\n","protected":false},"excerpt":{"rendered":"","protected":false},"author":42,"featured_media":15333,"parent":0,"menu_order":0,"comment_status":"closed","ping_status":"closed","template":"","meta":{"_relevanssi_hide_post":"","_relevanssi_hide_content":"","_relevanssi_pin_for_all":"","_relevanssi_pin_keywords":"","_relevanssi_unpin_keywords":"","_relevanssi_related_keywords":"","_relevanssi_related_include_ids":"","_relevanssi_related_exclude_ids":"","_relevanssi_related_no_append":"","_relevanssi_related_not_related":"","_relevanssi_related_posts":"6745,2029,1952,310,3300,13485","_relevanssi_noindex_reason":"","hide_logo":false,"footnotes":""},"categories":[394],"class_list":["post-13836","page","type-page","status-publish","has-post-thumbnail","hentry","category-slaattesider"],"acf":[],"yoast_head":"<!-- This site is optimized with the Yoast SEO plugin v24.9 - https:\/\/yoast.com\/wordpress\/plugins\/seo\/ -->\n<title>Sl\u00e5tt og skj\u00f8tsel av blomsterenger - Oslo og Akershus<\/title>\n<meta name=\"robots\" content=\"index, follow, max-snippet:-1, max-image-preview:large, max-video-preview:-1\" \/>\n<link rel=\"canonical\" href=\"https:\/\/naturvernforbundet.no\/osloogakershus\/slaattesider\/\" \/>\n<meta property=\"og:locale\" content=\"nb_NO\" \/>\n<meta property=\"og:type\" content=\"article\" \/>\n<meta property=\"og:title\" content=\"Sl\u00e5tt og skj\u00f8tsel av blomsterenger - Oslo og Akershus\" \/>\n<meta property=\"og:url\" content=\"https:\/\/naturvernforbundet.no\/osloogakershus\/slaattesider\/\" \/>\n<meta property=\"og:site_name\" content=\"Oslo og Akershus\" \/>\n<meta property=\"article:modified_time\" content=\"2025-06-27T11:50:45+00:00\" \/>\n<meta property=\"og:image\" content=\"https:\/\/naturvernforbundet.no\/content\/uploads\/sites\/10\/2025\/06\/DSC_0181-scaled-e1750156205713.jpg\" \/>\n\t<meta property=\"og:image:width\" content=\"2210\" \/>\n\t<meta property=\"og:image:height\" content=\"1152\" \/>\n\t<meta property=\"og:image:type\" content=\"image\/jpeg\" \/>\n<meta name=\"twitter:card\" content=\"summary_large_image\" \/>\n<meta name=\"twitter:label1\" content=\"Ansl. lesetid\" \/>\n\t<meta name=\"twitter:data1\" content=\"3 minutter\" \/>\n<script type=\"application\/ld+json\" class=\"yoast-schema-graph\">{\"@context\":\"https:\/\/schema.org\",\"@graph\":[{\"@type\":\"WebPage\",\"@id\":\"https:\/\/naturvernforbundet.no\/osloogakershus\/slaattesider\/\",\"url\":\"https:\/\/naturvernforbundet.no\/osloogakershus\/slaattesider\/\",\"name\":\"Sl\u00e5tt og skj\u00f8tsel av blomsterenger - Oslo og Akershus\",\"isPartOf\":{\"@id\":\"https:\/\/naturvernforbundet.no\/osloogakershus\/#website\"},\"primaryImageOfPage\":{\"@id\":\"https:\/\/naturvernforbundet.no\/osloogakershus\/slaattesider\/#primaryimage\"},\"image\":{\"@id\":\"https:\/\/naturvernforbundet.no\/osloogakershus\/slaattesider\/#primaryimage\"},\"thumbnailUrl\":\"https:\/\/naturvernforbundet.no\/content\/uploads\/sites\/10\/2025\/06\/DSC_0181-scaled-e1750156205713.jpg\",\"datePublished\":\"2024-12-02T17:58:40+00:00\",\"dateModified\":\"2025-06-27T11:50:45+00:00\",\"breadcrumb\":{\"@id\":\"https:\/\/naturvernforbundet.no\/osloogakershus\/slaattesider\/#breadcrumb\"},\"inLanguage\":\"nb-NO\",\"potentialAction\":[{\"@type\":\"ReadAction\",\"target\":[\"https:\/\/naturvernforbundet.no\/osloogakershus\/slaattesider\/\"]}]},{\"@type\":\"ImageObject\",\"inLanguage\":\"nb-NO\",\"@id\":\"https:\/\/naturvernforbundet.no\/osloogakershus\/slaattesider\/#primaryimage\",\"url\":\"https:\/\/naturvernforbundet.no\/content\/uploads\/sites\/10\/2025\/06\/DSC_0181-scaled-e1750156205713.jpg\",\"contentUrl\":\"https:\/\/naturvernforbundet.no\/content\/uploads\/sites\/10\/2025\/06\/DSC_0181-scaled-e1750156205713.jpg\",\"width\":2210,\"height\":1152,\"caption\":\"Sl\u00e5tt p\u00e5 Syverstadbr\u00e5ten\"},{\"@type\":\"BreadcrumbList\",\"@id\":\"https:\/\/naturvernforbundet.no\/osloogakershus\/slaattesider\/#breadcrumb\",\"itemListElement\":[{\"@type\":\"ListItem\",\"position\":1,\"name\":\"Till naturvernforbundet.no\",\"item\":\"https:\/\/naturvernforbundet.no\/\"},{\"@type\":\"ListItem\",\"position\":2,\"name\":\"Oslo og Akershus\",\"item\":\"https:\/\/naturvernforbundet.no\/osloogakershus\/\"},{\"@type\":\"ListItem\",\"position\":3,\"name\":\"Sl\u00e5tt og skj\u00f8tsel av blomsterenger\"}]},{\"@type\":\"WebSite\",\"@id\":\"https:\/\/naturvernforbundet.no\/osloogakershus\/#website\",\"url\":\"https:\/\/naturvernforbundet.no\/osloogakershus\/\",\"name\":\"Oslo og Akershus\",\"description\":\"Bare enda et Naturvernforbundet Sites-nettsted\",\"potentialAction\":[{\"@type\":\"SearchAction\",\"target\":{\"@type\":\"EntryPoint\",\"urlTemplate\":\"https:\/\/naturvernforbundet.no\/osloogakershus\/?s={search_term_string}\"},\"query-input\":{\"@type\":\"PropertyValueSpecification\",\"valueRequired\":true,\"valueName\":\"search_term_string\"}}],\"inLanguage\":\"nb-NO\"}]}<\/script>\n<!-- \/ Yoast SEO plugin. -->","yoast_head_json":{"title":"Sl\u00e5tt og skj\u00f8tsel av blomsterenger - Oslo og Akershus","robots":{"index":"index","follow":"follow","max-snippet":"max-snippet:-1","max-image-preview":"max-image-preview:large","max-video-preview":"max-video-preview:-1"},"canonical":"https:\/\/naturvernforbundet.no\/osloogakershus\/slaattesider\/","og_locale":"nb_NO","og_type":"article","og_title":"Sl\u00e5tt og skj\u00f8tsel av blomsterenger - Oslo og Akershus","og_url":"https:\/\/naturvernforbundet.no\/osloogakershus\/slaattesider\/","og_site_name":"Oslo og Akershus","article_modified_time":"2025-06-27T11:50:45+00:00","og_image":[{"width":2210,"height":1152,"url":"https:\/\/naturvernforbundet.no\/content\/uploads\/sites\/10\/2025\/06\/DSC_0181-scaled-e1750156205713.jpg","type":"image\/jpeg"}],"twitter_card":"summary_large_image","twitter_misc":{"Ansl. lesetid":"3 minutter"},"schema":{"@context":"https:\/\/schema.org","@graph":[{"@type":"WebPage","@id":"https:\/\/naturvernforbundet.no\/osloogakershus\/slaattesider\/","url":"https:\/\/naturvernforbundet.no\/osloogakershus\/slaattesider\/","name":"Sl\u00e5tt og skj\u00f8tsel av blomsterenger - Oslo og Akershus","isPartOf":{"@id":"https:\/\/naturvernforbundet.no\/osloogakershus\/#website"},"primaryImageOfPage":{"@id":"https:\/\/naturvernforbundet.no\/osloogakershus\/slaattesider\/#primaryimage"},"image":{"@id":"https:\/\/naturvernforbundet.no\/osloogakershus\/slaattesider\/#primaryimage"},"thumbnailUrl":"https:\/\/naturvernforbundet.no\/content\/uploads\/sites\/10\/2025\/06\/DSC_0181-scaled-e1750156205713.jpg","datePublished":"2024-12-02T17:58:40+00:00","dateModified":"2025-06-27T11:50:45+00:00","breadcrumb":{"@id":"https:\/\/naturvernforbundet.no\/osloogakershus\/slaattesider\/#breadcrumb"},"inLanguage":"nb-NO","potentialAction":[{"@type":"ReadAction","target":["https:\/\/naturvernforbundet.no\/osloogakershus\/slaattesider\/"]}]},{"@type":"ImageObject","inLanguage":"nb-NO","@id":"https:\/\/naturvernforbundet.no\/osloogakershus\/slaattesider\/#primaryimage","url":"https:\/\/naturvernforbundet.no\/content\/uploads\/sites\/10\/2025\/06\/DSC_0181-scaled-e1750156205713.jpg","contentUrl":"https:\/\/naturvernforbundet.no\/content\/uploads\/sites\/10\/2025\/06\/DSC_0181-scaled-e1750156205713.jpg","width":2210,"height":1152,"caption":"Sl\u00e5tt p\u00e5 Syverstadbr\u00e5ten"},{"@type":"BreadcrumbList","@id":"https:\/\/naturvernforbundet.no\/osloogakershus\/slaattesider\/#breadcrumb","itemListElement":[{"@type":"ListItem","position":1,"name":"Till naturvernforbundet.no","item":"https:\/\/naturvernforbundet.no\/"},{"@type":"ListItem","position":2,"name":"Oslo og Akershus","item":"https:\/\/naturvernforbundet.no\/osloogakershus\/"},{"@type":"ListItem","position":3,"name":"Sl\u00e5tt og skj\u00f8tsel av blomsterenger"}]},{"@type":"WebSite","@id":"https:\/\/naturvernforbundet.no\/osloogakershus\/#website","url":"https:\/\/naturvernforbundet.no\/osloogakershus\/","name":"Oslo og Akershus","description":"Bare enda et Naturvernforbundet Sites-nettsted","potentialAction":[{"@type":"SearchAction","target":{"@type":"EntryPoint","urlTemplate":"https:\/\/naturvernforbundet.no\/osloogakershus\/?s={search_term_string}"},"query-input":{"@type":"PropertyValueSpecification","valueRequired":true,"valueName":"search_term_string"}}],"inLanguage":"nb-NO"}]}},"_links":{"self":[{"href":"https:\/\/naturvernforbundet.no\/osloogakershus\/wp-json\/wp\/v2\/pages\/13836","targetHints":{"allow":["GET"]}}],"collection":[{"href":"https:\/\/naturvernforbundet.no\/osloogakershus\/wp-json\/wp\/v2\/pages"}],"about":[{"href":"https:\/\/naturvernforbundet.no\/osloogakershus\/wp-json\/wp\/v2\/types\/page"}],"author":[{"embeddable":true,"href":"https:\/\/naturvernforbundet.no\/osloogakershus\/wp-json\/wp\/v2\/users\/42"}],"replies":[{"embeddable":true,"href":"https:\/\/naturvernforbundet.no\/osloogakershus\/wp-json\/wp\/v2\/comments?post=13836"}],"version-history":[{"count":25,"href":"https:\/\/naturvernforbundet.no\/osloogakershus\/wp-json\/wp\/v2\/pages\/13836\/revisions"}],"predecessor-version":[{"id":15359,"href":"https:\/\/naturvernforbundet.no\/osloogakershus\/wp-json\/wp\/v2\/pages\/13836\/revisions\/15359"}],"wp:featuredmedia":[{"embeddable":true,"href":"https:\/\/naturvernforbundet.no\/osloogakershus\/wp-json\/wp\/v2\/media\/15333"}],"wp:attachment":[{"href":"https:\/\/naturvernforbundet.no\/osloogakershus\/wp-json\/wp\/v2\/media?parent=13836"}],"wp:term":[{"taxonomy":"category","embeddable":true,"href":"https:\/\/naturvernforbundet.no\/osloogakershus\/wp-json\/wp\/v2\/categories?post=13836"}],"curies":[{"name":"wp","href":"https:\/\/api.w.org\/{rel}","templated":true}]}}