{"id":13851,"date":"2024-12-09T21:25:31","date_gmt":"2024-12-09T20:25:31","guid":{"rendered":"https:\/\/naturvernforbundet.no\/osloogakershus\/?page_id=13851"},"modified":"2024-12-16T19:06:59","modified_gmt":"2024-12-16T18:06:59","slug":"omslaatteng","status":"publish","type":"page","link":"https:\/\/naturvernforbundet.no\/osloogakershus\/slaattesider\/omslaatteng\/","title":{"rendered":"Om sl\u00e5tteeng"},"content":{"rendered":"\t<div class=\"template-page alignfull wp-block-naturvern-hero\">\n\t\t<div class=\"hero__inner\">\n\t\t\t<div class=\"hero__inner_blocks\">\n\t\t\t\t\t\t\t\t\n<h1 class=\"wp-block-post-title\">Om sl\u00e5tteeng<\/h1>\n\n\n<p>Sl\u00e5tteeng er en eng i \u00e5pent, solrikt landskap som er skapt gjennom \u00e5rlig sl\u00e5tt i mange \u00e5r  ofte over 100 \u00e5r!<\/p>\n\n\t\t\t<\/div>\n\t\t\t\t\t<\/div>\n\t\t\t<\/div>\n\t\n\n\n<ul class=\"wp-block-list\">\n<li><a href=\"https:\/\/naturvernforbundet.no\/osloogakershus\/slaattesider\/\"><strong>Sl\u00e5tt og skj\u00f8tsel av blomsterenger<\/strong><\/a><\/li>\n\n\n\n<li><a href=\"https:\/\/naturvernforbundet.no\/osloogakershus\/slaattesider\/ominsekter\/\">Om insekter<\/a><\/li>\n\n\n\n<li><a href=\"https:\/\/naturvernforbundet.no\/osloogakershus\/slaattesider\/etablereeng\/\">\u00c5 etablere en eng og samle fr\u00f8<\/a><\/li>\n\n\n\n<li><a href=\"https:\/\/naturvernforbundet.no\/osloogakershus\/slaattesider\/fotogalleri\/\">Fotogalleri med engplanter<\/a><\/li>\n\n\n\n<li><a href=\"https:\/\/naturvernforbundet.no\/osloogakershus\/slaattesider\/sjeldneengarter\/\">Sjeldne engarter<\/a><\/li>\n\n\n\n<li><a href=\"https:\/\/naturvernforbundet.no\/osloogakershus\/slaattesider\/slaattedugnader\/\">\u00c5rvisse sl\u00e5ttedugnader<\/a><\/li>\n<\/ul>\n\n\n\n<figure class=\"wp-block-image size-full\"><div class=\"t2-image-credit\"><img loading=\"lazy\" decoding=\"async\" width=\"828\" height=\"601\" src=\"https:\/\/naturvernforbundet.no\/content\/uploads\/sites\/10\/2024\/11\/SlattPaVeset.png\" alt=\"Sl\u00e5tt p\u00e5 Veset\" class=\"wp-image-13808\" srcset=\"https:\/\/naturvernforbundet.no\/content\/uploads\/sites\/10\/2024\/11\/SlattPaVeset.png 828w, https:\/\/naturvernforbundet.no\/content\/uploads\/sites\/10\/2024\/11\/SlattPaVeset-300x218.png 300w, https:\/\/naturvernforbundet.no\/content\/uploads\/sites\/10\/2024\/11\/SlattPaVeset-768x557.png 768w\" sizes=\"auto, (max-width: 828px) 100vw, 828px\" \/><span class=\"t2-image-credit-name\">Karin Olsen<\/span><\/div><figcaption class=\"wp-element-caption\">Sl\u00e5tt p\u00e5 Veset<\/figcaption><\/figure>\n\n\n\n<p><strong>Sl\u00e5tteeng <\/strong>er dannet uten gj\u00f8dsling eller jordbearbeiding og h\u00f8yet etter sl\u00e5tten ble fjernet. Resultatet av en slik skj\u00f8tsel er et \u00e5pent omr\u00e5de med n\u00e6ringsfattig jord, ryddet for stein og busker.<br>De viktige engplantene trives bare under slike forhold.<br>H\u00f8yet ble i tidligere tider brukt som dyrefor, og gj\u00f8dsel etter dyrene ga n\u00e6ring til \u00e5krene. \u00abEng er \u00e5krenes mor\u00bb.<\/p>\n\n\n\n<p><br><strong>Engen sl\u00e5s hvert \u00e5r<\/strong> (ikke sjeldnere enn annet hvert \u00e5r) med lj\u00e5 eller tohjulstraktor, eventuelt med gressklipper. Det kan v\u00e6re lurt \u00e5 la det st\u00e5 igjen stubb p\u00e5 10cm h\u00f8yde, fordi i disse nederste delene av plantene har en del insekter lagt eggene sine.<br>Sl\u00e5tten b\u00f8r skje etter ca. 15. juli, avhengig av \u00e5rets v\u00e6r. H\u00f8yet b\u00f8r ligge noen dager for \u00e5 f\u00e5 fr\u00f8dd seg.<br>Det kan gjerne sl\u00e5s s\u00e5 sent som i slutten av august\/begynnelsen av september. Sl\u00e5tt s\u00e5 sent som i oktober gir sentblomstrende planter (som den viktige bl\u00e5knappen) mulighet til \u00e5 gi mat til trengende insekter og til \u00e5 fr\u00f8 seg.<br>Det kan v\u00e6re en fordel \u00e5 alltid la en liten del av engen st\u00e5, eller \u00e5 sl\u00e5 bevisst rundt omr\u00e5der med fremdeles blomstrende planter.<br>En \u00abekte\u00bb gammel sl\u00e5tteeng best\u00e5r av b\u00e5de gress (faktisk ganske mye) og blomsterplanter.<br>Det vesentlige er at plantene er stedegne norske engplanter. De vil leve i god balanse med de rette gressartene.<\/p>\n\n\n\n<p><br>\u00ab<strong>Blomstereng<\/strong>\u00bb blir gjerne alle blomstrende enger kalt, men de er dermed ikke automatisk sl\u00e5tteenger. Blomstene kan jo faktisk v\u00e6re svartelistet (som f. eks. lupiner eller kanadagullris), komme fra helt andre omr\u00e5der, kanskje av fr\u00f8 fra utlandet, eller de er til og med ett\u00e5rige hageplanter.<br>Som nevnt er sl\u00e5tteengene sterkt truet. <strong>Arealtap og opph\u00f8rt sl\u00e5tt<\/strong> er viktige \u00e5rsaker. Men vi kan \u00f8ke arealene igjen med \u00e5 ta i bruk hver eneste jordflekk med gunstige forhold for de \u00f8nskete engblomstene. Veikanter, \u00e5kerkanter, \u00e5kerholmer, gravlunder, gr\u00f8nne tak, gr\u00f8fter, plen p\u00e5 gammel kulturmark \u2026 og ikke minst hagene v\u00e5re. Plener er gr\u00f8nne \u00f8rkener for insekter!<br>Begynner man \u00e5 bruke en sl\u00e5tteeng til intensivt beite, blir engen forvandlet til en s\u00e5kalt beiteeng. Ogs\u00e5 den kan v\u00e6re verdifull, men inneholder langt f\u00e6rre av de viktige sl\u00e5tteengplantene<\/p>\n","protected":false},"excerpt":{"rendered":"","protected":false},"author":42,"featured_media":0,"parent":13836,"menu_order":0,"comment_status":"closed","ping_status":"closed","template":"","meta":{"_relevanssi_hide_post":"","_relevanssi_hide_content":"","_relevanssi_pin_for_all":"","_relevanssi_pin_keywords":"","_relevanssi_unpin_keywords":"","_relevanssi_related_keywords":"","_relevanssi_related_include_ids":"","_relevanssi_related_exclude_ids":"","_relevanssi_related_no_append":"","_relevanssi_related_not_related":"","_relevanssi_related_posts":"13162,655,6729,2075,2420,2286","_relevanssi_noindex_reason":"","hide_logo":true,"footnotes":""},"categories":[394],"class_list":["post-13851","page","type-page","status-publish","hentry","category-slaattesider"],"acf":[],"yoast_head":"<!-- This site is optimized with the Yoast SEO plugin v24.9 - https:\/\/yoast.com\/wordpress\/plugins\/seo\/ -->\n<title>Om sl\u00e5tteeng - Oslo og Akershus<\/title>\n<meta name=\"robots\" content=\"index, follow, max-snippet:-1, max-image-preview:large, max-video-preview:-1\" \/>\n<link rel=\"canonical\" href=\"https:\/\/naturvernforbundet.no\/osloogakershus\/slaattesider\/omslaatteng\/\" \/>\n<meta property=\"og:locale\" content=\"nb_NO\" \/>\n<meta property=\"og:type\" content=\"article\" \/>\n<meta property=\"og:title\" content=\"Om sl\u00e5tteeng - Oslo og Akershus\" \/>\n<meta property=\"og:url\" content=\"https:\/\/naturvernforbundet.no\/osloogakershus\/slaattesider\/omslaatteng\/\" \/>\n<meta property=\"og:site_name\" content=\"Oslo og Akershus\" \/>\n<meta property=\"article:modified_time\" content=\"2024-12-16T18:06:59+00:00\" \/>\n<meta property=\"og:image\" content=\"https:\/\/naturvernforbundet.no\/content\/uploads\/sites\/10\/2024\/11\/SlattPaVeset.png\" \/>\n\t<meta property=\"og:image:width\" content=\"828\" \/>\n\t<meta property=\"og:image:height\" content=\"601\" \/>\n\t<meta property=\"og:image:type\" content=\"image\/png\" \/>\n<meta name=\"twitter:card\" content=\"summary_large_image\" \/>\n<meta name=\"twitter:label1\" content=\"Ansl. lesetid\" \/>\n\t<meta name=\"twitter:data1\" content=\"3 minutter\" \/>\n<script type=\"application\/ld+json\" class=\"yoast-schema-graph\">{\"@context\":\"https:\/\/schema.org\",\"@graph\":[{\"@type\":\"WebPage\",\"@id\":\"https:\/\/naturvernforbundet.no\/osloogakershus\/slaattesider\/omslaatteng\/\",\"url\":\"https:\/\/naturvernforbundet.no\/osloogakershus\/slaattesider\/omslaatteng\/\",\"name\":\"Om sl\u00e5tteeng - Oslo og Akershus\",\"isPartOf\":{\"@id\":\"https:\/\/naturvernforbundet.no\/osloogakershus\/#website\"},\"primaryImageOfPage\":{\"@id\":\"https:\/\/naturvernforbundet.no\/osloogakershus\/slaattesider\/omslaatteng\/#primaryimage\"},\"image\":{\"@id\":\"https:\/\/naturvernforbundet.no\/osloogakershus\/slaattesider\/omslaatteng\/#primaryimage\"},\"thumbnailUrl\":\"https:\/\/naturvernforbundet.no\/content\/uploads\/sites\/10\/2024\/11\/SlattPaVeset.png\",\"datePublished\":\"2024-12-09T20:25:31+00:00\",\"dateModified\":\"2024-12-16T18:06:59+00:00\",\"breadcrumb\":{\"@id\":\"https:\/\/naturvernforbundet.no\/osloogakershus\/slaattesider\/omslaatteng\/#breadcrumb\"},\"inLanguage\":\"nb-NO\",\"potentialAction\":[{\"@type\":\"ReadAction\",\"target\":[\"https:\/\/naturvernforbundet.no\/osloogakershus\/slaattesider\/omslaatteng\/\"]}]},{\"@type\":\"ImageObject\",\"inLanguage\":\"nb-NO\",\"@id\":\"https:\/\/naturvernforbundet.no\/osloogakershus\/slaattesider\/omslaatteng\/#primaryimage\",\"url\":\"https:\/\/naturvernforbundet.no\/content\/uploads\/sites\/10\/2024\/11\/SlattPaVeset.png\",\"contentUrl\":\"https:\/\/naturvernforbundet.no\/content\/uploads\/sites\/10\/2024\/11\/SlattPaVeset.png\"},{\"@type\":\"BreadcrumbList\",\"@id\":\"https:\/\/naturvernforbundet.no\/osloogakershus\/slaattesider\/omslaatteng\/#breadcrumb\",\"itemListElement\":[{\"@type\":\"ListItem\",\"position\":1,\"name\":\"Till naturvernforbundet.no\",\"item\":\"https:\/\/naturvernforbundet.no\/\"},{\"@type\":\"ListItem\",\"position\":2,\"name\":\"Oslo og Akershus\",\"item\":\"https:\/\/naturvernforbundet.no\/osloogakershus\/\"},{\"@type\":\"ListItem\",\"position\":3,\"name\":\"Sl\u00e5tt og skj\u00f8tsel av blomsterenger\",\"item\":\"https:\/\/naturvernforbundet.no\/osloogakershus\/slaattesider\/\"},{\"@type\":\"ListItem\",\"position\":4,\"name\":\"Om sl\u00e5tteeng\"}]},{\"@type\":\"WebSite\",\"@id\":\"https:\/\/naturvernforbundet.no\/osloogakershus\/#website\",\"url\":\"https:\/\/naturvernforbundet.no\/osloogakershus\/\",\"name\":\"Oslo og Akershus\",\"description\":\"Bare enda et Naturvernforbundet Sites-nettsted\",\"potentialAction\":[{\"@type\":\"SearchAction\",\"target\":{\"@type\":\"EntryPoint\",\"urlTemplate\":\"https:\/\/naturvernforbundet.no\/osloogakershus\/?s={search_term_string}\"},\"query-input\":{\"@type\":\"PropertyValueSpecification\",\"valueRequired\":true,\"valueName\":\"search_term_string\"}}],\"inLanguage\":\"nb-NO\"}]}<\/script>\n<!-- \/ Yoast SEO plugin. -->","yoast_head_json":{"title":"Om sl\u00e5tteeng - Oslo og Akershus","robots":{"index":"index","follow":"follow","max-snippet":"max-snippet:-1","max-image-preview":"max-image-preview:large","max-video-preview":"max-video-preview:-1"},"canonical":"https:\/\/naturvernforbundet.no\/osloogakershus\/slaattesider\/omslaatteng\/","og_locale":"nb_NO","og_type":"article","og_title":"Om sl\u00e5tteeng - Oslo og Akershus","og_url":"https:\/\/naturvernforbundet.no\/osloogakershus\/slaattesider\/omslaatteng\/","og_site_name":"Oslo og Akershus","article_modified_time":"2024-12-16T18:06:59+00:00","og_image":[{"width":828,"height":601,"url":"https:\/\/naturvernforbundet.no\/content\/uploads\/sites\/10\/2024\/11\/SlattPaVeset.png","type":"image\/png"}],"twitter_card":"summary_large_image","twitter_misc":{"Ansl. lesetid":"3 minutter"},"schema":{"@context":"https:\/\/schema.org","@graph":[{"@type":"WebPage","@id":"https:\/\/naturvernforbundet.no\/osloogakershus\/slaattesider\/omslaatteng\/","url":"https:\/\/naturvernforbundet.no\/osloogakershus\/slaattesider\/omslaatteng\/","name":"Om sl\u00e5tteeng - Oslo og Akershus","isPartOf":{"@id":"https:\/\/naturvernforbundet.no\/osloogakershus\/#website"},"primaryImageOfPage":{"@id":"https:\/\/naturvernforbundet.no\/osloogakershus\/slaattesider\/omslaatteng\/#primaryimage"},"image":{"@id":"https:\/\/naturvernforbundet.no\/osloogakershus\/slaattesider\/omslaatteng\/#primaryimage"},"thumbnailUrl":"https:\/\/naturvernforbundet.no\/content\/uploads\/sites\/10\/2024\/11\/SlattPaVeset.png","datePublished":"2024-12-09T20:25:31+00:00","dateModified":"2024-12-16T18:06:59+00:00","breadcrumb":{"@id":"https:\/\/naturvernforbundet.no\/osloogakershus\/slaattesider\/omslaatteng\/#breadcrumb"},"inLanguage":"nb-NO","potentialAction":[{"@type":"ReadAction","target":["https:\/\/naturvernforbundet.no\/osloogakershus\/slaattesider\/omslaatteng\/"]}]},{"@type":"ImageObject","inLanguage":"nb-NO","@id":"https:\/\/naturvernforbundet.no\/osloogakershus\/slaattesider\/omslaatteng\/#primaryimage","url":"https:\/\/naturvernforbundet.no\/content\/uploads\/sites\/10\/2024\/11\/SlattPaVeset.png","contentUrl":"https:\/\/naturvernforbundet.no\/content\/uploads\/sites\/10\/2024\/11\/SlattPaVeset.png"},{"@type":"BreadcrumbList","@id":"https:\/\/naturvernforbundet.no\/osloogakershus\/slaattesider\/omslaatteng\/#breadcrumb","itemListElement":[{"@type":"ListItem","position":1,"name":"Till naturvernforbundet.no","item":"https:\/\/naturvernforbundet.no\/"},{"@type":"ListItem","position":2,"name":"Oslo og Akershus","item":"https:\/\/naturvernforbundet.no\/osloogakershus\/"},{"@type":"ListItem","position":3,"name":"Sl\u00e5tt og skj\u00f8tsel av blomsterenger","item":"https:\/\/naturvernforbundet.no\/osloogakershus\/slaattesider\/"},{"@type":"ListItem","position":4,"name":"Om sl\u00e5tteeng"}]},{"@type":"WebSite","@id":"https:\/\/naturvernforbundet.no\/osloogakershus\/#website","url":"https:\/\/naturvernforbundet.no\/osloogakershus\/","name":"Oslo og Akershus","description":"Bare enda et Naturvernforbundet Sites-nettsted","potentialAction":[{"@type":"SearchAction","target":{"@type":"EntryPoint","urlTemplate":"https:\/\/naturvernforbundet.no\/osloogakershus\/?s={search_term_string}"},"query-input":{"@type":"PropertyValueSpecification","valueRequired":true,"valueName":"search_term_string"}}],"inLanguage":"nb-NO"}]}},"_links":{"self":[{"href":"https:\/\/naturvernforbundet.no\/osloogakershus\/wp-json\/wp\/v2\/pages\/13851","targetHints":{"allow":["GET"]}}],"collection":[{"href":"https:\/\/naturvernforbundet.no\/osloogakershus\/wp-json\/wp\/v2\/pages"}],"about":[{"href":"https:\/\/naturvernforbundet.no\/osloogakershus\/wp-json\/wp\/v2\/types\/page"}],"author":[{"embeddable":true,"href":"https:\/\/naturvernforbundet.no\/osloogakershus\/wp-json\/wp\/v2\/users\/42"}],"replies":[{"embeddable":true,"href":"https:\/\/naturvernforbundet.no\/osloogakershus\/wp-json\/wp\/v2\/comments?post=13851"}],"version-history":[{"count":14,"href":"https:\/\/naturvernforbundet.no\/osloogakershus\/wp-json\/wp\/v2\/pages\/13851\/revisions"}],"predecessor-version":[{"id":14049,"href":"https:\/\/naturvernforbundet.no\/osloogakershus\/wp-json\/wp\/v2\/pages\/13851\/revisions\/14049"}],"up":[{"embeddable":true,"href":"https:\/\/naturvernforbundet.no\/osloogakershus\/wp-json\/wp\/v2\/pages\/13836"}],"wp:attachment":[{"href":"https:\/\/naturvernforbundet.no\/osloogakershus\/wp-json\/wp\/v2\/media?parent=13851"}],"wp:term":[{"taxonomy":"category","embeddable":true,"href":"https:\/\/naturvernforbundet.no\/osloogakershus\/wp-json\/wp\/v2\/categories?post=13851"}],"curies":[{"name":"wp","href":"https:\/\/api.w.org\/{rel}","templated":true}]}}