{"id":13913,"date":"2024-12-11T17:19:47","date_gmt":"2024-12-11T16:19:47","guid":{"rendered":"https:\/\/naturvernforbundet.no\/osloogakershus\/?page_id=13913"},"modified":"2024-12-16T19:08:04","modified_gmt":"2024-12-16T18:08:04","slug":"etablereeng","status":"publish","type":"page","link":"https:\/\/naturvernforbundet.no\/osloogakershus\/slaattesider\/etablereeng\/","title":{"rendered":"Etablere eng og samle fr\u00f8"},"content":{"rendered":"\t<div class=\"template-page alignfull wp-block-naturvern-hero\">\n\t\t<div class=\"hero__inner\">\n\t\t\t<div class=\"hero__inner_blocks\">\n\t\t\t\t\t\t\t\t\n<h1 class=\"wp-block-post-title\">Etablere eng og samle fr\u00f8<\/h1>\n\n\n<p>Etablerer vi en ny eng hjelper vi insektene, som p\u00e5 sin side kan best\u00f8ve plantene. Ogs\u00e5 fugler, sm\u00e5kryp og mennesker vil profitere p\u00e5 tiltaket<\/p>\n\n\n\n<div class=\"wp-block-buttons is-layout-flex wp-block-buttons-is-layout-flex\"><\/div>\n\n\t\t\t<\/div>\n\t\t\t\t\t<\/div>\n\t\t\t<\/div>\n\t\n\n\n<div class=\"wp-block-columns is-layout-flex wp-container-core-columns-is-layout-1 wp-block-columns-is-layout-flex\">\n<div class=\"wp-block-column is-layout-flow wp-block-column-is-layout-flow\" style=\"flex-basis:66.66%\">\n<figure class=\"wp-block-image size-full\"><div class=\"t2-image-credit\"><img loading=\"lazy\" decoding=\"async\" width=\"482\" height=\"650\" src=\"https:\/\/naturvernforbundet.no\/content\/uploads\/sites\/10\/2024\/11\/NyLitenEng.png\" alt=\"En ny liten eng\" class=\"wp-image-13798\" srcset=\"https:\/\/naturvernforbundet.no\/content\/uploads\/sites\/10\/2024\/11\/NyLitenEng.png 482w, https:\/\/naturvernforbundet.no\/content\/uploads\/sites\/10\/2024\/11\/NyLitenEng-222x300.png 222w\" sizes=\"auto, (max-width: 482px) 100vw, 482px\" \/><span class=\"t2-image-credit-name\">Karin Olsen<\/span><\/div><figcaption class=\"wp-element-caption\">En ny liten eng<\/figcaption><\/figure>\n<\/div>\n\n\n\n<div class=\"wp-block-column is-layout-flow wp-block-column-is-layout-flow\" style=\"flex-basis:33.33%\">\n<ul class=\"wp-block-list\">\n<li><a href=\"https:\/\/naturvernforbundet.no\/osloogakershus\/slaattesider\/\"><strong>Sl\u00e5tt og skj\u00f8tsel av blomsterenger<\/strong><\/a><\/li>\n\n\n\n<li><a href=\"https:\/\/naturvernforbundet.no\/osloogakershus\/slaattesider\/omslaatteng\/\">Om sl\u00e5tteeng<\/a><\/li>\n\n\n\n<li><a href=\"https:\/\/naturvernforbundet.no\/osloogakershus\/slaattesider\/ominsekter\/\">Om insekter<\/a><\/li>\n\n\n\n<li><a href=\"https:\/\/naturvernforbundet.no\/osloogakershus\/slaattesider\/fotogalleri\/\">Fotogalleri med engplanter<\/a><\/li>\n\n\n\n<li><a href=\"https:\/\/naturvernforbundet.no\/osloogakershus\/slaattesider\/sjeldneengarter\/\">Sjeldne engarter<\/a><\/li>\n\n\n\n<li><a href=\"https:\/\/naturvernforbundet.no\/osloogakershus\/slaattesider\/slaattedugnader\/\">\u00c5rvisse sl\u00e5ttedugnader<\/a><\/li>\n<\/ul>\n<\/div>\n<\/div>\n\n\n\n<p>Sm\u00e5 og store engflekker blir leveomr\u00e5de for forskjellige planter og insekter som har gjensidig nytte og avhengigheter. Er ikke avstanden mellom engene for lang vil artene kunne migrere til nye leveomr\u00e5der. Planter og dyr &laquo;lever av hverandre&raquo;, og mennesker f\u00e5r gleden av \u00e5 skape eller bevare en eng, eller simpelthen \u00e5 kunne nyte synet av insektene og en sl\u00e5tteeng i blomst.<\/p>\n\n\n\n<p>F\u00f8rst og fremst: <strong>Her spiller ikke st\u00f8rrelsen noen rolle!<\/strong><br>Selvf\u00f8lgelig er det fint med store enger, jo st\u00f8rre desto bedre. Men alle monner drar! Orker du ikke mer enn kanskje 1 m\u00b2, s\u00e5 er det flott det ogs\u00e5. Og \u00f8nsker du bare \u00e5 forskj\u00f8nne en balkong med engplanter, s\u00e5 gj\u00f8r noen krukker nytten.<\/p>\n\n\n\n<p><strong>Hvordan etablerer vi s\u00e5 en eng?<\/strong><\/p>\n\n\n\n<ol class=\"wp-block-list\" start=\"1\">\n<li><strong>Den enkleste m\u00e5ten:<\/strong> Eier man en gammel husmannsplass, en hytte p\u00e5 gammel ur\u00f8rt jord eller lignende, kan man bare slutte \u00e5 klippe plenen jevnlig med gressklipper. Blir gresset sl\u00e5tt sent i sesongen, en eller to ganger, vil fr\u00f8 som har ligget lenge i jorden f\u00e5 mulighet til \u00e5 spire. Etter hvert utvikler det seg da en blomstereng, der man senere kan sette inn flere planter i tillegg hvis man \u00f8nsker det.<\/li>\n\n\n\n<li>\u00d8nsker man bare noen blomster i en vanlig plen, kan man rufse opp plenen, og s\u00e5 noen fr\u00f8 i den \u00e5pne jorda og s\u00e5 klippe rundt det omr\u00e5det. Men plengresset vil nok lett kunne kvele blomsterplantene eller i hvert fall holde dem nede. S\u00e5 mulighetene er begrenset.<\/li>\n\n\n\n<li>Den beste metoden er \u00e5 fjerne vegetasjon, gjerne ned til 10-20 cm, fylle p\u00e5 med grus eller grov sand og blande det laget sammen med den underliggende matjorda.<\/li>\n<\/ol>\n\n\n\n<figure class=\"wp-block-image size-large\"><div class=\"t2-image-credit\"><img loading=\"lazy\" decoding=\"async\" width=\"1024\" height=\"512\" src=\"https:\/\/naturvernforbundet.no\/content\/uploads\/sites\/10\/2024\/12\/SolblomEng-e1734253257275-1024x512.png\" alt=\"Solblomeng\" class=\"wp-image-13985\" srcset=\"https:\/\/naturvernforbundet.no\/content\/uploads\/sites\/10\/2024\/12\/SolblomEng-e1734253257275-1024x512.png 1024w, https:\/\/naturvernforbundet.no\/content\/uploads\/sites\/10\/2024\/12\/SolblomEng-e1734253257275-300x150.png 300w, https:\/\/naturvernforbundet.no\/content\/uploads\/sites\/10\/2024\/12\/SolblomEng-e1734253257275-768x384.png 768w, https:\/\/naturvernforbundet.no\/content\/uploads\/sites\/10\/2024\/12\/SolblomEng-e1734253257275.png 1138w\" sizes=\"auto, (max-width: 1024px) 100vw, 1024px\" \/><span class=\"t2-image-credit-name\">Karin Olsen<\/span><\/div><figcaption class=\"wp-element-caption\">Solblomeng<\/figcaption><\/figure>\n\n\n\n<p><strong>S\u00e5 er det plantene:<\/strong><\/p>\n\n\n\n<ul class=\"wp-block-list\">\n<li>Man kan skaffe seg fr\u00f8 av gode norske fr\u00f8planter, blande dem med litt t\u00f8rr sand og s\u00e5 dem direkte p\u00e5 jorda. Rake dem forsiktig ned (ca. 1cm) og tr\u00e5kker til. Det er lurt \u00e5 s\u00e5 om v\u00e5ren eller sensommeren, august anbefales. Da kan man forvente en del fukt i jorda. Uansett m\u00e5 det sikkert vannes.<\/li>\n\n\n\n<li>Man kan s\u00e5 fr\u00f8 tidlig om v\u00e5ren i kasser. De fleste engplantene vil da spire i l\u00f8pet av noen uker, og kan prikles n\u00e5r det f\u00f8rste \u00abordentlige\u00bb bladparet har blitt passe stort. De priklede plantene (\u00abpluggplantene\u00bb) settes s\u00e5 etter noen uker ut i engen. 10 til 12 planter er passe per m\u00b2. Enkelte arter, som marian\u00f8kleblom, trenger en kuldeperiode, og s\u00e5s derfor om h\u00f8sten.<\/li>\n\n\n\n<li>Har man en avtale med en eier av en sl\u00e5tteeng, kan man hente h\u00f8y derifra, helst i tre omganger i l\u00f8pet av sommeren, og s\u00e5 legge ut alt sammen p\u00e5 engstykket om h\u00f8sten. Man tr\u00e5kker h\u00f8yet ned for \u00e5 f\u00e5 fr\u00f8ene til \u00e5 l\u00f8sne og s\u00e5 fjerner man restene omtrent i juni neste \u00e5r.<\/li>\n<\/ul>\n\n\n\n<p>Man f\u00e5r flest planter med den andre metoden. Den er mer tidskrevende, men gir raskest resultat.<br>Men husk: En \u00abekte\u00bb sl\u00e5tteeng er veldig gammel. Og og s\u00e5 etablering av en ny sl\u00e5tteeng trenger sin tid. T\u00e5lmodighet trengs.<br>Gress er jo som tidligere nevnt ogs\u00e5 en del av en sl\u00e5tteeng. Det kan v\u00e6re fint \u00e5 ha med i hvert fall noen gressplanter. Samler man h\u00f8y, f\u00f8lger gresset automatisk med.<br>Enggress er kortvokste arter med som regel smale blad. Gode arter er engkvein, sauesvingel, r\u00f8dsvingel og gulaks.<br>Plengress h\u00f8rer ikke med i en sl\u00e5tteeng!<\/p>\n\n\n\n<figure class=\"wp-block-image size-full\"><div class=\"t2-image-credit\"><img loading=\"lazy\" decoding=\"async\" width=\"597\" height=\"844\" src=\"https:\/\/naturvernforbundet.no\/content\/uploads\/sites\/10\/2024\/11\/Hesje.png\" alt=\"Hesje med h\u00f8y\" class=\"wp-image-13779\" srcset=\"https:\/\/naturvernforbundet.no\/content\/uploads\/sites\/10\/2024\/11\/Hesje.png 597w, https:\/\/naturvernforbundet.no\/content\/uploads\/sites\/10\/2024\/11\/Hesje-212x300.png 212w\" sizes=\"auto, (max-width: 597px) 100vw, 597px\" \/><span class=\"t2-image-credit-name\">Karin Olsen<\/span><\/div><figcaption class=\"wp-element-caption\">Hesje<\/figcaption><\/figure>\n\n\n\n<p><strong>\u00c5<\/strong> <strong>SAMLE FR\u00d8 FRA ENGPLANTER<\/strong> <\/p>\n\n\n\n<p><strong>En liten veiledning:<\/strong><br>Samle bare fr\u00f8 som er modne (dvs. at de l\u00f8sner lett fra fr\u00f8standen) og er t\u00f8rre. Legg dem i pustende papirposer (kaffefiltre er supre).<br>Oppbevar fr\u00f8ene kj\u00f8lig, helst under 15\u00b0, og t\u00f8rt.<br>Samle bare fr\u00f8 fra planter du er sikker p\u00e5 at du kjenner.<\/p>\n","protected":false},"excerpt":{"rendered":"","protected":false},"author":42,"featured_media":0,"parent":13836,"menu_order":0,"comment_status":"closed","ping_status":"closed","template":"","meta":{"_relevanssi_hide_post":"","_relevanssi_hide_content":"","_relevanssi_pin_for_all":"","_relevanssi_pin_keywords":"","_relevanssi_unpin_keywords":"","_relevanssi_related_keywords":"","_relevanssi_related_include_ids":"","_relevanssi_related_exclude_ids":"","_relevanssi_related_no_append":"","_relevanssi_related_not_related":"","_relevanssi_related_posts":"5150,823,9204,1740,170,3595","_relevanssi_noindex_reason":"","hide_logo":false,"footnotes":""},"categories":[],"class_list":["post-13913","page","type-page","status-publish","hentry"],"acf":[],"yoast_head":"<!-- This site is optimized with the Yoast SEO plugin v24.9 - https:\/\/yoast.com\/wordpress\/plugins\/seo\/ -->\n<title>Etablere eng og samle fr\u00f8 - Oslo og Akershus<\/title>\n<meta name=\"robots\" content=\"index, follow, max-snippet:-1, max-image-preview:large, max-video-preview:-1\" \/>\n<link rel=\"canonical\" href=\"https:\/\/naturvernforbundet.no\/osloogakershus\/slaattesider\/etablereeng\/\" \/>\n<meta property=\"og:locale\" content=\"nb_NO\" \/>\n<meta property=\"og:type\" content=\"article\" \/>\n<meta property=\"og:title\" content=\"Etablere eng og samle fr\u00f8 - Oslo og Akershus\" \/>\n<meta property=\"og:url\" content=\"https:\/\/naturvernforbundet.no\/osloogakershus\/slaattesider\/etablereeng\/\" \/>\n<meta property=\"og:site_name\" content=\"Oslo og Akershus\" \/>\n<meta property=\"article:modified_time\" content=\"2024-12-16T18:08:04+00:00\" \/>\n<meta property=\"og:image\" content=\"https:\/\/naturvernforbundet.no\/content\/uploads\/sites\/10\/2024\/11\/NyLitenEng.png\" \/>\n\t<meta property=\"og:image:width\" content=\"482\" \/>\n\t<meta property=\"og:image:height\" content=\"650\" \/>\n\t<meta property=\"og:image:type\" content=\"image\/png\" \/>\n<meta name=\"twitter:card\" content=\"summary_large_image\" \/>\n<meta name=\"twitter:label1\" content=\"Ansl. lesetid\" \/>\n\t<meta name=\"twitter:data1\" content=\"5 minutter\" \/>\n<script type=\"application\/ld+json\" class=\"yoast-schema-graph\">{\"@context\":\"https:\/\/schema.org\",\"@graph\":[{\"@type\":\"WebPage\",\"@id\":\"https:\/\/naturvernforbundet.no\/osloogakershus\/slaattesider\/etablereeng\/\",\"url\":\"https:\/\/naturvernforbundet.no\/osloogakershus\/slaattesider\/etablereeng\/\",\"name\":\"Etablere eng og samle fr\u00f8 - Oslo og Akershus\",\"isPartOf\":{\"@id\":\"https:\/\/naturvernforbundet.no\/osloogakershus\/#website\"},\"primaryImageOfPage\":{\"@id\":\"https:\/\/naturvernforbundet.no\/osloogakershus\/slaattesider\/etablereeng\/#primaryimage\"},\"image\":{\"@id\":\"https:\/\/naturvernforbundet.no\/osloogakershus\/slaattesider\/etablereeng\/#primaryimage\"},\"thumbnailUrl\":\"https:\/\/naturvernforbundet.no\/content\/uploads\/sites\/10\/2024\/11\/NyLitenEng.png\",\"datePublished\":\"2024-12-11T16:19:47+00:00\",\"dateModified\":\"2024-12-16T18:08:04+00:00\",\"breadcrumb\":{\"@id\":\"https:\/\/naturvernforbundet.no\/osloogakershus\/slaattesider\/etablereeng\/#breadcrumb\"},\"inLanguage\":\"nb-NO\",\"potentialAction\":[{\"@type\":\"ReadAction\",\"target\":[\"https:\/\/naturvernforbundet.no\/osloogakershus\/slaattesider\/etablereeng\/\"]}]},{\"@type\":\"ImageObject\",\"inLanguage\":\"nb-NO\",\"@id\":\"https:\/\/naturvernforbundet.no\/osloogakershus\/slaattesider\/etablereeng\/#primaryimage\",\"url\":\"https:\/\/naturvernforbundet.no\/content\/uploads\/sites\/10\/2024\/11\/NyLitenEng.png\",\"contentUrl\":\"https:\/\/naturvernforbundet.no\/content\/uploads\/sites\/10\/2024\/11\/NyLitenEng.png\"},{\"@type\":\"BreadcrumbList\",\"@id\":\"https:\/\/naturvernforbundet.no\/osloogakershus\/slaattesider\/etablereeng\/#breadcrumb\",\"itemListElement\":[{\"@type\":\"ListItem\",\"position\":1,\"name\":\"Till naturvernforbundet.no\",\"item\":\"https:\/\/naturvernforbundet.no\/\"},{\"@type\":\"ListItem\",\"position\":2,\"name\":\"Oslo og Akershus\",\"item\":\"https:\/\/naturvernforbundet.no\/osloogakershus\/\"},{\"@type\":\"ListItem\",\"position\":3,\"name\":\"Sl\u00e5tt og skj\u00f8tsel av blomsterenger\",\"item\":\"https:\/\/naturvernforbundet.no\/osloogakershus\/slaattesider\/\"},{\"@type\":\"ListItem\",\"position\":4,\"name\":\"Etablere eng og samle fr\u00f8\"}]},{\"@type\":\"WebSite\",\"@id\":\"https:\/\/naturvernforbundet.no\/osloogakershus\/#website\",\"url\":\"https:\/\/naturvernforbundet.no\/osloogakershus\/\",\"name\":\"Oslo og Akershus\",\"description\":\"Bare enda et Naturvernforbundet Sites-nettsted\",\"potentialAction\":[{\"@type\":\"SearchAction\",\"target\":{\"@type\":\"EntryPoint\",\"urlTemplate\":\"https:\/\/naturvernforbundet.no\/osloogakershus\/?s={search_term_string}\"},\"query-input\":{\"@type\":\"PropertyValueSpecification\",\"valueRequired\":true,\"valueName\":\"search_term_string\"}}],\"inLanguage\":\"nb-NO\"}]}<\/script>\n<!-- \/ Yoast SEO plugin. -->","yoast_head_json":{"title":"Etablere eng og samle fr\u00f8 - Oslo og Akershus","robots":{"index":"index","follow":"follow","max-snippet":"max-snippet:-1","max-image-preview":"max-image-preview:large","max-video-preview":"max-video-preview:-1"},"canonical":"https:\/\/naturvernforbundet.no\/osloogakershus\/slaattesider\/etablereeng\/","og_locale":"nb_NO","og_type":"article","og_title":"Etablere eng og samle fr\u00f8 - Oslo og Akershus","og_url":"https:\/\/naturvernforbundet.no\/osloogakershus\/slaattesider\/etablereeng\/","og_site_name":"Oslo og Akershus","article_modified_time":"2024-12-16T18:08:04+00:00","og_image":[{"width":482,"height":650,"url":"https:\/\/naturvernforbundet.no\/content\/uploads\/sites\/10\/2024\/11\/NyLitenEng.png","type":"image\/png"}],"twitter_card":"summary_large_image","twitter_misc":{"Ansl. lesetid":"5 minutter"},"schema":{"@context":"https:\/\/schema.org","@graph":[{"@type":"WebPage","@id":"https:\/\/naturvernforbundet.no\/osloogakershus\/slaattesider\/etablereeng\/","url":"https:\/\/naturvernforbundet.no\/osloogakershus\/slaattesider\/etablereeng\/","name":"Etablere eng og samle fr\u00f8 - Oslo og Akershus","isPartOf":{"@id":"https:\/\/naturvernforbundet.no\/osloogakershus\/#website"},"primaryImageOfPage":{"@id":"https:\/\/naturvernforbundet.no\/osloogakershus\/slaattesider\/etablereeng\/#primaryimage"},"image":{"@id":"https:\/\/naturvernforbundet.no\/osloogakershus\/slaattesider\/etablereeng\/#primaryimage"},"thumbnailUrl":"https:\/\/naturvernforbundet.no\/content\/uploads\/sites\/10\/2024\/11\/NyLitenEng.png","datePublished":"2024-12-11T16:19:47+00:00","dateModified":"2024-12-16T18:08:04+00:00","breadcrumb":{"@id":"https:\/\/naturvernforbundet.no\/osloogakershus\/slaattesider\/etablereeng\/#breadcrumb"},"inLanguage":"nb-NO","potentialAction":[{"@type":"ReadAction","target":["https:\/\/naturvernforbundet.no\/osloogakershus\/slaattesider\/etablereeng\/"]}]},{"@type":"ImageObject","inLanguage":"nb-NO","@id":"https:\/\/naturvernforbundet.no\/osloogakershus\/slaattesider\/etablereeng\/#primaryimage","url":"https:\/\/naturvernforbundet.no\/content\/uploads\/sites\/10\/2024\/11\/NyLitenEng.png","contentUrl":"https:\/\/naturvernforbundet.no\/content\/uploads\/sites\/10\/2024\/11\/NyLitenEng.png"},{"@type":"BreadcrumbList","@id":"https:\/\/naturvernforbundet.no\/osloogakershus\/slaattesider\/etablereeng\/#breadcrumb","itemListElement":[{"@type":"ListItem","position":1,"name":"Till naturvernforbundet.no","item":"https:\/\/naturvernforbundet.no\/"},{"@type":"ListItem","position":2,"name":"Oslo og Akershus","item":"https:\/\/naturvernforbundet.no\/osloogakershus\/"},{"@type":"ListItem","position":3,"name":"Sl\u00e5tt og skj\u00f8tsel av blomsterenger","item":"https:\/\/naturvernforbundet.no\/osloogakershus\/slaattesider\/"},{"@type":"ListItem","position":4,"name":"Etablere eng og samle fr\u00f8"}]},{"@type":"WebSite","@id":"https:\/\/naturvernforbundet.no\/osloogakershus\/#website","url":"https:\/\/naturvernforbundet.no\/osloogakershus\/","name":"Oslo og Akershus","description":"Bare enda et Naturvernforbundet Sites-nettsted","potentialAction":[{"@type":"SearchAction","target":{"@type":"EntryPoint","urlTemplate":"https:\/\/naturvernforbundet.no\/osloogakershus\/?s={search_term_string}"},"query-input":{"@type":"PropertyValueSpecification","valueRequired":true,"valueName":"search_term_string"}}],"inLanguage":"nb-NO"}]}},"_links":{"self":[{"href":"https:\/\/naturvernforbundet.no\/osloogakershus\/wp-json\/wp\/v2\/pages\/13913","targetHints":{"allow":["GET"]}}],"collection":[{"href":"https:\/\/naturvernforbundet.no\/osloogakershus\/wp-json\/wp\/v2\/pages"}],"about":[{"href":"https:\/\/naturvernforbundet.no\/osloogakershus\/wp-json\/wp\/v2\/types\/page"}],"author":[{"embeddable":true,"href":"https:\/\/naturvernforbundet.no\/osloogakershus\/wp-json\/wp\/v2\/users\/42"}],"replies":[{"embeddable":true,"href":"https:\/\/naturvernforbundet.no\/osloogakershus\/wp-json\/wp\/v2\/comments?post=13913"}],"version-history":[{"count":23,"href":"https:\/\/naturvernforbundet.no\/osloogakershus\/wp-json\/wp\/v2\/pages\/13913\/revisions"}],"predecessor-version":[{"id":14051,"href":"https:\/\/naturvernforbundet.no\/osloogakershus\/wp-json\/wp\/v2\/pages\/13913\/revisions\/14051"}],"up":[{"embeddable":true,"href":"https:\/\/naturvernforbundet.no\/osloogakershus\/wp-json\/wp\/v2\/pages\/13836"}],"wp:attachment":[{"href":"https:\/\/naturvernforbundet.no\/osloogakershus\/wp-json\/wp\/v2\/media?parent=13913"}],"wp:term":[{"taxonomy":"category","embeddable":true,"href":"https:\/\/naturvernforbundet.no\/osloogakershus\/wp-json\/wp\/v2\/categories?post=13913"}],"curies":[{"name":"wp","href":"https:\/\/api.w.org\/{rel}","templated":true}]}}