{"id":14034,"date":"2024-12-16T18:14:26","date_gmt":"2024-12-16T17:14:26","guid":{"rendered":"https:\/\/naturvernforbundet.no\/osloogakershus\/?page_id=14034"},"modified":"2025-06-17T12:52:26","modified_gmt":"2025-06-17T10:52:26","slug":"slaattedugnader","status":"publish","type":"page","link":"https:\/\/naturvernforbundet.no\/osloogakershus\/slaattesider\/slaattedugnader\/","title":{"rendered":"\u00c5rvisse sl\u00e5ttedugnader"},"content":{"rendered":"\t<div class=\"template-page alignfull wp-block-naturvern-hero\">\n\t\t<div class=\"hero__inner\">\n\t\t\t<div class=\"hero__inner_blocks\">\n\t\t\t\t\t\t\t\t\n<h1 class=\"wp-block-post-title\">\u00c5rvisse sl\u00e5ttedugnader<\/h1>\n\n\n<p><\/p>\n\n\n\n<div class=\"wp-block-buttons is-layout-flex wp-block-buttons-is-layout-flex\">\n<div class=\"wp-block-button\"><a class=\"wp-block-button__link wp-element-button\">Her kan du finne sl\u00e5ttedugnader du kan delta p\u00e5. Disse foreg\u00e5r vanligvis p\u00e5 samme tid hvert \u00e5r.<\/a><\/div>\n<\/div>\n\n\t\t\t<\/div>\n\t\t\t\t\t<\/div>\n\t\t\t<\/div>\n\t\n\n\n<ul class=\"wp-block-list\">\n<li><a href=\"https:\/\/naturvernforbundet.no\/osloogakershus\/slaattesider\/\"><strong>Sl\u00e5tt og skj\u00f8tsel av blomsterenger<\/strong><\/a><\/li>\n\n\n\n<li><a href=\"https:\/\/naturvernforbundet.no\/osloogakershus\/slaattesider\/omslaatteng\/\">Om sl\u00e5tteeng<\/a><\/li>\n\n\n\n<li><a href=\"https:\/\/naturvernforbundet.no\/osloogakershus\/slaattesider\/ominsekter\/\">Om insekter<\/a><\/li>\n\n\n\n<li><a href=\"https:\/\/naturvernforbundet.no\/osloogakershus\/slaattesider\/etablereeng\/\">Etablere eng og samle fr\u00f8<\/a><\/li>\n\n\n\n<li><a href=\"https:\/\/naturvernforbundet.no\/osloogakershus\/slaattesider\/fotogalleri\/\">Fotogalleri med engplanter<\/a><\/li>\n\n\n\n<li><a href=\"https:\/\/naturvernforbundet.no\/osloogakershus\/slaattesider\/sjeldneengarter\/\">Sjeldne engarter<\/a><\/li>\n<\/ul>\n\n\n\n<p>Dugnadene blir vanligvis annonsert p\u00e5 lagenes hjemmesider eller i <a href=\"https:\/\/naturvernforbundet.no\/osloogakershus\/event\/\" target=\"_blank\" rel=\"noreferrer noopener\">aktivitetslista<\/a>. Bruk linkene i tabellen for \u00e5 se skj\u00f8tselsplaner, faktaark og beskrivelser. Faktaarkene inneholder dynamiske kart hvor du kan se hvor enga ligger.<\/p>\n\n\n\n<p><\/p>\n\n\n\n<figure class=\"wp-block-table is-style-stripes\"><table><thead><tr><th>Lag<\/th><th>Sted<br>Faktaark<\/th><th>Type<\/th><th>Tid<br>(uke)<\/th><th>Info<\/th><\/tr><\/thead><tbody><tr><td><a href=\"https:\/\/naturvernforbundet.no\/osloogakershus\/lokallag\/asker\/\">Aske<\/a><a href=\"https:\/\/naturvernforbundet.no\/osloogakershus\/lokallag\/asker\/\" target=\"_blank\" rel=\"noreferrer noopener\">r<\/a><\/td><td><a href=\"https:\/\/faktaark.naturbase.no\/?id=UN-BN00047755\" target=\"_blank\" rel=\"noreferrer noopener\">Syverstadbr\u00e5ten<\/a><br><a href=\"https:\/\/lager.biofokus.no\/biofokus-notat\/biofokusnotat2018-51.pdf\" target=\"_blank\" rel=\"noreferrer noopener\">Eng<\/a><\/td><td>Maskinsl\u00e5tt, raking og rydding<\/td><td>34<\/td><td>Mulig \u00e5 sl\u00e5 med lj\u00e5. Utstyr finnes<\/td><\/tr><tr><td><a href=\"https:\/\/naturvernforbundet.no\/osloogakershus\/lokallag\/asker\/\" target=\"_blank\" rel=\"noreferrer noopener\">Asker<\/a><\/td><td><a href=\"https:\/\/faktaark.naturbase.no\/?id=BN00047821\" target=\"_blank\" rel=\"noreferrer noopener\">Svensrud<\/a><br><a href=\"https:\/\/felles.naturbase.no\/api\/dokument\/hent\/10141293.PDF\" target=\"_blank\" rel=\"noreferrer noopener\">Myrsl\u00e5tt<\/a><\/td><td>Lj\u00e5sl\u00e5tt, raking<\/td><td>33<\/td><td>Utstyr finnes<\/td><\/tr><tr><td><a href=\"https:\/\/naturvernforbundet.no\/osloogakershus\/lokallag\/baerum\/\" target=\"_blank\" rel=\"noreferrer noopener\">B\u00e6rum<\/a><\/td><td><a href=\"https:\/\/faktaark.naturbase.no\/?id=BN00046433\" target=\"_blank\" rel=\"noreferrer noopener\">Gjettumbr\u00e5tan<\/a><br><a href=\"https:\/\/lager.biofokus.no\/biofokus-notat\/biofokusnotat2021-19.pdf\" target=\"_blank\" rel=\"noreferrer noopener\">Eng<\/a><\/td><td>Maskinsl\u00e5tt, raking<\/td><td>32-33<\/td><td>Ev. to dager<\/td><\/tr><tr><td><\/td><td><\/td><td><\/td><td><\/td><td><\/td><\/tr><tr><td><\/td><td><\/td><td><\/td><td><\/td><td><\/td><\/tr><tr><td><\/td><td><\/td><td><\/td><td><\/td><td><\/td><\/tr><tr><td><\/td><td><\/td><td><\/td><td><\/td><td><\/td><\/tr><tr><td><\/td><td><\/td><td><\/td><td><\/td><td><\/td><\/tr><tr><td><\/td><td><\/td><td><\/td><td><\/td><td><\/td><\/tr><tr><td><\/td><td><\/td><td><\/td><td><\/td><td><\/td><\/tr><\/tbody><\/table><\/figure>\n\n\n\n<p>Meld inn endringer i lista til <a href=\"mailto:noa@naturvernforbundet.no\">NOA<\/a><\/p>\n","protected":false},"excerpt":{"rendered":"","protected":false},"author":42,"featured_media":0,"parent":13836,"menu_order":0,"comment_status":"closed","ping_status":"closed","template":"","meta":{"_relevanssi_hide_post":"","_relevanssi_hide_content":"","_relevanssi_pin_for_all":"","_relevanssi_pin_keywords":"","_relevanssi_unpin_keywords":"","_relevanssi_related_keywords":"","_relevanssi_related_include_ids":"","_relevanssi_related_exclude_ids":"","_relevanssi_related_no_append":"","_relevanssi_related_not_related":"","_relevanssi_related_posts":"6753,13447,3023,9151,3400,783","_relevanssi_noindex_reason":"","hide_logo":false,"footnotes":""},"categories":[],"class_list":["post-14034","page","type-page","status-publish","hentry"],"acf":[],"yoast_head":"<!-- This site is optimized with the Yoast SEO plugin v24.9 - https:\/\/yoast.com\/wordpress\/plugins\/seo\/ -->\n<title>\u00c5rvisse sl\u00e5ttedugnader - Oslo og Akershus<\/title>\n<meta name=\"robots\" content=\"index, follow, max-snippet:-1, max-image-preview:large, max-video-preview:-1\" \/>\n<link rel=\"canonical\" href=\"https:\/\/naturvernforbundet.no\/osloogakershus\/slaattesider\/slaattedugnader\/\" \/>\n<meta property=\"og:locale\" content=\"nb_NO\" \/>\n<meta property=\"og:type\" content=\"article\" \/>\n<meta property=\"og:title\" content=\"\u00c5rvisse sl\u00e5ttedugnader - Oslo og Akershus\" \/>\n<meta property=\"og:url\" content=\"https:\/\/naturvernforbundet.no\/osloogakershus\/slaattesider\/slaattedugnader\/\" \/>\n<meta property=\"og:site_name\" content=\"Oslo og Akershus\" \/>\n<meta property=\"article:modified_time\" content=\"2025-06-17T10:52:26+00:00\" \/>\n<meta name=\"twitter:card\" content=\"summary_large_image\" \/>\n<meta name=\"twitter:label1\" content=\"Ansl. lesetid\" \/>\n\t<meta name=\"twitter:data1\" content=\"1 minutt\" \/>\n<script type=\"application\/ld+json\" class=\"yoast-schema-graph\">{\"@context\":\"https:\/\/schema.org\",\"@graph\":[{\"@type\":\"WebPage\",\"@id\":\"https:\/\/naturvernforbundet.no\/osloogakershus\/slaattesider\/slaattedugnader\/\",\"url\":\"https:\/\/naturvernforbundet.no\/osloogakershus\/slaattesider\/slaattedugnader\/\",\"name\":\"\u00c5rvisse sl\u00e5ttedugnader - Oslo og Akershus\",\"isPartOf\":{\"@id\":\"https:\/\/naturvernforbundet.no\/osloogakershus\/#website\"},\"datePublished\":\"2024-12-16T17:14:26+00:00\",\"dateModified\":\"2025-06-17T10:52:26+00:00\",\"breadcrumb\":{\"@id\":\"https:\/\/naturvernforbundet.no\/osloogakershus\/slaattesider\/slaattedugnader\/#breadcrumb\"},\"inLanguage\":\"nb-NO\",\"potentialAction\":[{\"@type\":\"ReadAction\",\"target\":[\"https:\/\/naturvernforbundet.no\/osloogakershus\/slaattesider\/slaattedugnader\/\"]}]},{\"@type\":\"BreadcrumbList\",\"@id\":\"https:\/\/naturvernforbundet.no\/osloogakershus\/slaattesider\/slaattedugnader\/#breadcrumb\",\"itemListElement\":[{\"@type\":\"ListItem\",\"position\":1,\"name\":\"Till naturvernforbundet.no\",\"item\":\"https:\/\/naturvernforbundet.no\/\"},{\"@type\":\"ListItem\",\"position\":2,\"name\":\"Oslo og Akershus\",\"item\":\"https:\/\/naturvernforbundet.no\/osloogakershus\/\"},{\"@type\":\"ListItem\",\"position\":3,\"name\":\"Sl\u00e5tt og skj\u00f8tsel av blomsterenger\",\"item\":\"https:\/\/naturvernforbundet.no\/osloogakershus\/slaattesider\/\"},{\"@type\":\"ListItem\",\"position\":4,\"name\":\"\u00c5rvisse sl\u00e5ttedugnader\"}]},{\"@type\":\"WebSite\",\"@id\":\"https:\/\/naturvernforbundet.no\/osloogakershus\/#website\",\"url\":\"https:\/\/naturvernforbundet.no\/osloogakershus\/\",\"name\":\"Oslo og Akershus\",\"description\":\"Bare enda et Naturvernforbundet Sites-nettsted\",\"potentialAction\":[{\"@type\":\"SearchAction\",\"target\":{\"@type\":\"EntryPoint\",\"urlTemplate\":\"https:\/\/naturvernforbundet.no\/osloogakershus\/?s={search_term_string}\"},\"query-input\":{\"@type\":\"PropertyValueSpecification\",\"valueRequired\":true,\"valueName\":\"search_term_string\"}}],\"inLanguage\":\"nb-NO\"}]}<\/script>\n<!-- \/ Yoast SEO plugin. -->","yoast_head_json":{"title":"\u00c5rvisse sl\u00e5ttedugnader - Oslo og Akershus","robots":{"index":"index","follow":"follow","max-snippet":"max-snippet:-1","max-image-preview":"max-image-preview:large","max-video-preview":"max-video-preview:-1"},"canonical":"https:\/\/naturvernforbundet.no\/osloogakershus\/slaattesider\/slaattedugnader\/","og_locale":"nb_NO","og_type":"article","og_title":"\u00c5rvisse sl\u00e5ttedugnader - Oslo og Akershus","og_url":"https:\/\/naturvernforbundet.no\/osloogakershus\/slaattesider\/slaattedugnader\/","og_site_name":"Oslo og Akershus","article_modified_time":"2025-06-17T10:52:26+00:00","twitter_card":"summary_large_image","twitter_misc":{"Ansl. lesetid":"1 minutt"},"schema":{"@context":"https:\/\/schema.org","@graph":[{"@type":"WebPage","@id":"https:\/\/naturvernforbundet.no\/osloogakershus\/slaattesider\/slaattedugnader\/","url":"https:\/\/naturvernforbundet.no\/osloogakershus\/slaattesider\/slaattedugnader\/","name":"\u00c5rvisse sl\u00e5ttedugnader - Oslo og Akershus","isPartOf":{"@id":"https:\/\/naturvernforbundet.no\/osloogakershus\/#website"},"datePublished":"2024-12-16T17:14:26+00:00","dateModified":"2025-06-17T10:52:26+00:00","breadcrumb":{"@id":"https:\/\/naturvernforbundet.no\/osloogakershus\/slaattesider\/slaattedugnader\/#breadcrumb"},"inLanguage":"nb-NO","potentialAction":[{"@type":"ReadAction","target":["https:\/\/naturvernforbundet.no\/osloogakershus\/slaattesider\/slaattedugnader\/"]}]},{"@type":"BreadcrumbList","@id":"https:\/\/naturvernforbundet.no\/osloogakershus\/slaattesider\/slaattedugnader\/#breadcrumb","itemListElement":[{"@type":"ListItem","position":1,"name":"Till naturvernforbundet.no","item":"https:\/\/naturvernforbundet.no\/"},{"@type":"ListItem","position":2,"name":"Oslo og Akershus","item":"https:\/\/naturvernforbundet.no\/osloogakershus\/"},{"@type":"ListItem","position":3,"name":"Sl\u00e5tt og skj\u00f8tsel av blomsterenger","item":"https:\/\/naturvernforbundet.no\/osloogakershus\/slaattesider\/"},{"@type":"ListItem","position":4,"name":"\u00c5rvisse sl\u00e5ttedugnader"}]},{"@type":"WebSite","@id":"https:\/\/naturvernforbundet.no\/osloogakershus\/#website","url":"https:\/\/naturvernforbundet.no\/osloogakershus\/","name":"Oslo og Akershus","description":"Bare enda et Naturvernforbundet Sites-nettsted","potentialAction":[{"@type":"SearchAction","target":{"@type":"EntryPoint","urlTemplate":"https:\/\/naturvernforbundet.no\/osloogakershus\/?s={search_term_string}"},"query-input":{"@type":"PropertyValueSpecification","valueRequired":true,"valueName":"search_term_string"}}],"inLanguage":"nb-NO"}]}},"_links":{"self":[{"href":"https:\/\/naturvernforbundet.no\/osloogakershus\/wp-json\/wp\/v2\/pages\/14034","targetHints":{"allow":["GET"]}}],"collection":[{"href":"https:\/\/naturvernforbundet.no\/osloogakershus\/wp-json\/wp\/v2\/pages"}],"about":[{"href":"https:\/\/naturvernforbundet.no\/osloogakershus\/wp-json\/wp\/v2\/types\/page"}],"author":[{"embeddable":true,"href":"https:\/\/naturvernforbundet.no\/osloogakershus\/wp-json\/wp\/v2\/users\/42"}],"replies":[{"embeddable":true,"href":"https:\/\/naturvernforbundet.no\/osloogakershus\/wp-json\/wp\/v2\/comments?post=14034"}],"version-history":[{"count":14,"href":"https:\/\/naturvernforbundet.no\/osloogakershus\/wp-json\/wp\/v2\/pages\/14034\/revisions"}],"predecessor-version":[{"id":15346,"href":"https:\/\/naturvernforbundet.no\/osloogakershus\/wp-json\/wp\/v2\/pages\/14034\/revisions\/15346"}],"up":[{"embeddable":true,"href":"https:\/\/naturvernforbundet.no\/osloogakershus\/wp-json\/wp\/v2\/pages\/13836"}],"wp:attachment":[{"href":"https:\/\/naturvernforbundet.no\/osloogakershus\/wp-json\/wp\/v2\/media?parent=14034"}],"wp:term":[{"taxonomy":"category","embeddable":true,"href":"https:\/\/naturvernforbundet.no\/osloogakershus\/wp-json\/wp\/v2\/categories?post=14034"}],"curies":[{"name":"wp","href":"https:\/\/api.w.org\/{rel}","templated":true}]}}