{"id":1496,"date":"2022-09-26T10:51:39","date_gmt":"2022-09-26T08:51:39","guid":{"rendered":"https:\/\/naturvernforbundet.no\/osloogakershus\/?page_id=1496"},"modified":"2026-01-05T13:44:52","modified_gmt":"2026-01-05T12:44:52","slug":"fronsvollen","status":"publish","type":"page","link":"https:\/\/naturvernforbundet.no\/osloogakershus\/om-fylkeslaget\/fronsvollen\/","title":{"rendered":"Fr\u00f8nsvollen"},"content":{"rendered":"\t<div class=\"template-page has-media alignfull wp-block-naturvern-hero\">\n\t\t<div class=\"hero__inner\">\n\t\t\t<div class=\"hero__inner_blocks\">\n\t\t\t\t\t\t\t\t\n<h1 class=\"wp-block-post-title\">Fr\u00f8nsvollen<\/h1>\n\n\n<p>&nbsp;Fr\u00f8nsvollen er Naturvernforbundets samlingssted i Marka \u2013 en halvtime til fots nord for Frognerseteren i Nordmarka. <\/p>\n\n\n\n<div class=\"wp-block-buttons is-layout-flex wp-block-buttons-is-layout-flex\"><\/div>\n\n\t\t\t<\/div>\n\t\t\t\t\t<\/div>\n\t\t\t\t\t<div class=\"hero__image\">\n\t\t\t\t\t\t\t\t\t\t<img fetchpriority=\"high\" decoding=\"async\" width=\"1422\" height=\"800\" src=\"https:\/\/naturvernforbundet.no\/content\/uploads\/sites\/10\/2023\/09\/bilde-til-fronsvollen-nettside-hoved.jpeg\" class=\"attachment-ultra size-ultra\" alt=\"Fr\u00f8nsvollen.\" style=\"object-position: 50% 50%;\" loading=\"eager\" srcset=\"https:\/\/naturvernforbundet.no\/content\/uploads\/sites\/10\/2023\/09\/bilde-til-fronsvollen-nettside-hoved.jpeg 1422w, https:\/\/naturvernforbundet.no\/content\/uploads\/sites\/10\/2023\/09\/bilde-til-fronsvollen-nettside-hoved-300x169.jpeg 300w, https:\/\/naturvernforbundet.no\/content\/uploads\/sites\/10\/2023\/09\/bilde-til-fronsvollen-nettside-hoved-1024x576.jpeg 1024w, https:\/\/naturvernforbundet.no\/content\/uploads\/sites\/10\/2023\/09\/bilde-til-fronsvollen-nettside-hoved-768x432.jpeg 768w\" sizes=\"(max-width: 1422px) 100vw, 1422px\" \/>\t\t\t\t\t\t<\/div>\n\t\t\t<\/div>\n\t\n\n\n<p>Alle turg\u00e5ere er velkomne til \u00e5 spise matpakken p\u00e5 tunet. I helgene er det ofte \u00e5pent i stallen der en kan varme seg og f\u00e5 kaffe og toddy og en hyggelig prat med andre markaentusiaster. Stedet kan leies for overnatting av medlemmer. <\/p>\n\n\n\n<h2 class=\"wp-block-heading has-text-align-left\">Slik kommer du dit<\/h2>\n\n\n\n<p>Fr\u00f8nsvollen er tilgjengelig for alle og enhver \u2013 b\u00e5de til fots, p\u00e5 ski eller med sykkel.&nbsp;Hvis du vil f\u00f8lge vei helt fram: Ta T-banen til Frognerseteren, g\u00e5 ned til restaurant Sporten. P\u00e5 nedsiden av parkeringsplassen&nbsp; f\u00f8lger du lysl\u00f8ypa\/skogsbilveien mot Ullev\u00e5lseter. Like etter Fr\u00f8nsvolltr\u00e5kka tar du opp veien til Fr\u00f8nsvollen.<\/p>\n\n\n\n<p>Hvis du heller vil f\u00f8lge v\u00e5r \u00abeventyrsti\u00bb til Fr\u00f8nsvollen, f\u00f8lger du gr\u00f8nn linje p\u00e5 kartet under. F\u00f8lg veien fra Sporten i retning Tryvann. Etter 300 meter tar du traktorvei ned til h\u00f8yre og deretter gr\u00f8nnmerket sti til venstre. F\u00f8lg stien til Heggehullet, kryss Bomveien og g\u00e5 merket, bratt sti opp til Fr\u00f8nsvollen.<\/p>\n\n\n\n<p>Her finner du<a href=\"https:\/\/naturvernforbundet.no\/content\/uploads\/sites\/10\/2023\/03\/Eventyrsti.jpg\" target=\"_blank\" rel=\"noreferrer noopener\"> <strong>kart over eventyrstien<\/strong><\/a> fra Frognerseteren til Fr\u00f8nsvollen.<\/p>\n\n\n\n<h2 class=\"wp-block-heading\">Naturvernforbundet og Fr\u00f8nsvollen<\/h2>\n\n\n\n<p>Fr\u00f8nsvollen var tidligere en seter under forskjellige g\u00e5rder i Oslo. Les mer om <a href=\"https:\/\/no.wikipedia.org\/wiki\/Fr%C3%B8nsvollen\" target=\"_blank\" rel=\"noreferrer noopener\"><strong>Fr\u00f8nsvollen<\/strong><\/a>.&nbsp; Fr\u00f8nsvollen eies i dag av Oslo Kommune. Fra 2006 har Naturvernforbundets fylkeslag i Oslo og Akershus (NOA) driftet og tatt vare p\u00e5 stedet.&nbsp; Fr\u00f8nsvollen grenser opp mot flere skogomr\u00e5der som vi i NOA kaller eventyrskoger. Noen av disse er n\u00e5 vernet for friluftsform\u00e5l. Et av verneomr\u00e5dene er&nbsp;<a href=\"https:\/\/www.regjeringen.no\/contentassets\/4b3b84e500a246c589ca267488a909e0\/faktaark_skjennungsasen.pdf\" target=\"_blank\" rel=\"noreferrer noopener\"><strong>Skjennungs\u00e5sen<\/strong><\/a>, hvor Fr\u00f8nsvollen inng\u00e5r. Dette er gammel skog som p\u00e5 grunn av sin alder byr p\u00e5 helt spesielle opplevelser.<br><\/p>\n\n\n\n<p>P\u00e5 Fr\u00f8nsvollen arrangerer vi dugnader flere ganger i \u00e5ret hvor vi jobber for \u00e5 holde stedet i god stand. Vi arrangerer&nbsp; aktivitetsdager for familier og turer i eventyrskogen. Vi har en egen bir\u00f8ktergruppe. Om sommeren holdes kulturlandskapet vedlike n\u00e5r kyr fra Bogstad g\u00e5rd eller Kongsg\u00e5rden beiter p\u00e5 vollen.&nbsp;<\/p>\n\n\n\n<p>Vi \u00f8nsker at Fr\u00f8nsvollen skal v\u00e6re en trivelig m\u00f8teplass for medlemmer og alle andre som bruker Marka.<\/p>\n\n\n\n<div class=\"wp-block-buttons alignfull is-layout-flex wp-block-buttons-is-layout-flex\">\n<div class=\"wp-block-button aligncenter\"><a class=\"wp-block-button__link wp-element-button\" href=\"https:\/\/naturvernforbundet.no\/osloogakershus\/aktiviteter-pa-fronsvollen\/\">Aktiviteter gjennom \u00e5ret<\/a><\/div>\n<\/div>\n\n\n\n<figure class=\"wp-block-image size-large\"><img loading=\"lazy\" decoding=\"async\" width=\"1024\" height=\"576\" src=\"https:\/\/naturvernforbundet.no\/content\/uploads\/sites\/10\/2023\/11\/Fronsvollen-drone-mot-S_230607-\u2013-Kopi-1024x576.jpeg\" alt=\"\" class=\"wp-image-8984\" srcset=\"https:\/\/naturvernforbundet.no\/content\/uploads\/sites\/10\/2023\/11\/Fronsvollen-drone-mot-S_230607-\u2013-Kopi-1024x576.jpeg 1024w, https:\/\/naturvernforbundet.no\/content\/uploads\/sites\/10\/2023\/11\/Fronsvollen-drone-mot-S_230607-\u2013-Kopi-300x169.jpeg 300w, https:\/\/naturvernforbundet.no\/content\/uploads\/sites\/10\/2023\/11\/Fronsvollen-drone-mot-S_230607-\u2013-Kopi-768x432.jpeg 768w, https:\/\/naturvernforbundet.no\/content\/uploads\/sites\/10\/2023\/11\/Fronsvollen-drone-mot-S_230607-\u2013-Kopi.jpeg 1182w\" sizes=\"auto, (max-width: 1024px) 100vw, 1024px\" \/><\/figure>\n\n\n\n<h2 class=\"wp-block-heading has-text-align-left\">Aktiv p\u00e5 Fr\u00f8nsvollen?<\/h2>\n\n\n\n<p>Du kan bidra p\u00e5 Fr\u00f8nsvollen ved \u00e5 delta p\u00e5 dugnader, v\u00e6re med i biegruppa, eller v\u00e6re stallvakt. Vi synes selv og har f\u00e5tt respons p\u00e5 at dette er veldig hyggelige oppgaver! Send oss en\u00a0<a href=\"mailto:fv@naturvernforbundet.no\" target=\"_blank\" rel=\"noreferrer noopener\"><strong>e-post<\/strong><\/a> hvis du er interessert.\u00a0<a href=\"https:\/\/naturvernforbundet.no\/osloogakershus\/priser-for-leie-av-fronsvollen\/\" target=\"_blank\" rel=\"noreferrer noopener\"><strong>Les mer om det \u00e5 v\u00e6re stallvakt<\/strong>.<\/a><\/p>\n\n\n\n<h2 class=\"wp-block-heading has-text-align-left\">Overnatting<\/h2>\n\n\n\n<p>Medlemmer kan&nbsp;bestille overnatting og ukesopphold. Praktisk informasjon vedr\u00f8rende betingelser for leie, husordensregler og priser finner du i lenkene under. Det er 7 sengeplasser (og 2 ekstra madrasser) i v\u00e5ningshuset og muligheter for feltsenger i l\u00e5ven (uoppvarmet). I v\u00e5ningshuset er det ogs\u00e5 kj\u00f8kken, stue og bad med innlagt vann. I l\u00e5ven finner du oppholdsrom, vedbod, overnattingsrom, verksted og utedo. Bestillinger eller sp\u00f8rsm\u00e5l kan sendes p\u00e5&nbsp;<a href=\"mailto:fv@noa.no\" target=\"_blank\" rel=\"noreferrer noopener\"><strong>e-post<\/strong><\/a>. Informasjon om leie med stallvakt og beitevakt finner du under priser. <\/p>\n\n\n\n<div class=\"wp-block-buttons is-layout-flex wp-block-buttons-is-layout-flex\">\n<div class=\"wp-block-button aligncenter\"><a class=\"wp-block-button__link wp-element-button\" href=\"https:\/\/naturvernforbundet.no\/osloogakershus\/priser-for-leie-av-fronsvollen\/\" target=\"_blank\" rel=\"noreferrer noopener\">Priser<\/a><\/div>\n\n\n\n<div class=\"wp-block-button aligncenter\"><a class=\"wp-block-button__link wp-element-button\" href=\"https:\/\/naturvernforbundet.no\/osloogakershus\/betingelser-for-leie\/\" target=\"_blank\" rel=\"noreferrer noopener\">Betingelser &nbsp;og husordensregler ved leie<\/a><\/div>\n<\/div>\n\n\n\n<figure class=\"wp-block-image size-large\"><img loading=\"lazy\" decoding=\"async\" width=\"1024\" height=\"683\" src=\"https:\/\/naturvernforbundet.no\/content\/uploads\/sites\/10\/2023\/05\/Img_9656-1024x683.jpg\" alt=\"\" class=\"wp-image-6892\" srcset=\"https:\/\/naturvernforbundet.no\/content\/uploads\/sites\/10\/2023\/05\/Img_9656-1024x683.jpg 1024w, https:\/\/naturvernforbundet.no\/content\/uploads\/sites\/10\/2023\/05\/Img_9656-300x200.jpg 300w, https:\/\/naturvernforbundet.no\/content\/uploads\/sites\/10\/2023\/05\/Img_9656-768x512.jpg 768w, https:\/\/naturvernforbundet.no\/content\/uploads\/sites\/10\/2023\/05\/Img_9656-1536x1024.jpg 1536w, https:\/\/naturvernforbundet.no\/content\/uploads\/sites\/10\/2023\/05\/Img_9656-2048x1365.jpg 2048w, https:\/\/naturvernforbundet.no\/content\/uploads\/sites\/10\/2023\/05\/Img_9656-1920x1280.jpg 1920w\" sizes=\"auto, (max-width: 1024px) 100vw, 1024px\" \/><\/figure>\n\n\n\n<h3 class=\"wp-block-heading has-text-align-left\">Bookingkalender &#8211; Bestillinger sendes til\u00a0<a href=\"malto:fv@naturvernforbundet.no\">Fr\u00f8nsvollen<\/a> (fv@naturvernforbundet.no)<\/h3>\n\n\n\n\n\n<p>(Dersom kalenderen ikke vises, <a href=\"https:\/\/naturvernforbundet.no\/osloogakershus\/bookingkalender-fronsvollen\/\" target=\"_blank\" rel=\"noreferrer noopener\">trykk her<\/a>) <\/p>\n\n\n\n<figure class=\"wp-block-image size-large\"><img loading=\"lazy\" decoding=\"async\" width=\"1024\" height=\"576\" src=\"https:\/\/naturvernforbundet.no\/content\/uploads\/sites\/10\/2023\/05\/DSC_0015-1024x576.jpg\" alt=\"\" class=\"wp-image-6882\" srcset=\"https:\/\/naturvernforbundet.no\/content\/uploads\/sites\/10\/2023\/05\/DSC_0015-1024x576.jpg 1024w, https:\/\/naturvernforbundet.no\/content\/uploads\/sites\/10\/2023\/05\/DSC_0015-300x169.jpg 300w, https:\/\/naturvernforbundet.no\/content\/uploads\/sites\/10\/2023\/05\/DSC_0015-768x432.jpg 768w, https:\/\/naturvernforbundet.no\/content\/uploads\/sites\/10\/2023\/05\/DSC_0015-1536x864.jpg 1536w, https:\/\/naturvernforbundet.no\/content\/uploads\/sites\/10\/2023\/05\/DSC_0015-2048x1152.jpg 2048w, https:\/\/naturvernforbundet.no\/content\/uploads\/sites\/10\/2023\/05\/DSC_0015-1920x1080.jpg 1920w\" sizes=\"auto, (max-width: 1024px) 100vw, 1024px\" \/><\/figure>\n","protected":false},"excerpt":{"rendered":"","protected":false},"author":3,"featured_media":1500,"parent":1439,"menu_order":5,"comment_status":"closed","ping_status":"closed","template":"","meta":{"_relevanssi_hide_post":"","_relevanssi_hide_content":"","_relevanssi_pin_for_all":"","_relevanssi_pin_keywords":"","_relevanssi_unpin_keywords":"","_relevanssi_related_keywords":"","_relevanssi_related_include_ids":"","_relevanssi_related_exclude_ids":"","_relevanssi_related_no_append":"","_relevanssi_related_not_related":"","_relevanssi_related_posts":"10687,13312,1506,1502,8607,3587","_relevanssi_noindex_reason":"","hide_logo":false,"footnotes":""},"categories":[],"class_list":["post-1496","page","type-page","status-publish","has-post-thumbnail","hentry"],"acf":[],"yoast_head":"<!-- This site is optimized with the Yoast SEO plugin v24.9 - https:\/\/yoast.com\/wordpress\/plugins\/seo\/ -->\n<title>Fr\u00f8nsvollen - Oslo og Akershus<\/title>\n<meta name=\"robots\" content=\"index, follow, max-snippet:-1, max-image-preview:large, max-video-preview:-1\" \/>\n<link rel=\"canonical\" href=\"https:\/\/naturvernforbundet.no\/osloogakershus\/om-fylkeslaget\/fronsvollen\/\" \/>\n<meta property=\"og:locale\" content=\"nb_NO\" \/>\n<meta property=\"og:type\" content=\"article\" \/>\n<meta property=\"og:title\" content=\"Fr\u00f8nsvollen - Oslo og Akershus\" \/>\n<meta property=\"og:url\" content=\"https:\/\/naturvernforbundet.no\/osloogakershus\/om-fylkeslaget\/fronsvollen\/\" \/>\n<meta property=\"og:site_name\" content=\"Oslo og Akershus\" \/>\n<meta property=\"article:modified_time\" content=\"2026-01-05T12:44:52+00:00\" \/>\n<meta property=\"og:image\" content=\"https:\/\/naturvernforbundet.no\/content\/uploads\/sites\/10\/2022\/09\/fronsvollen-scaled.jpg\" \/>\n\t<meta property=\"og:image:width\" content=\"2560\" \/>\n\t<meta property=\"og:image:height\" content=\"1439\" \/>\n\t<meta property=\"og:image:type\" content=\"image\/jpeg\" \/>\n<meta name=\"twitter:card\" content=\"summary_large_image\" \/>\n<meta name=\"twitter:label1\" content=\"Ansl. lesetid\" \/>\n\t<meta name=\"twitter:data1\" content=\"4 minutter\" \/>\n<script type=\"application\/ld+json\" class=\"yoast-schema-graph\">{\"@context\":\"https:\/\/schema.org\",\"@graph\":[{\"@type\":\"WebPage\",\"@id\":\"https:\/\/naturvernforbundet.no\/osloogakershus\/om-fylkeslaget\/fronsvollen\/\",\"url\":\"https:\/\/naturvernforbundet.no\/osloogakershus\/om-fylkeslaget\/fronsvollen\/\",\"name\":\"Fr\u00f8nsvollen - Oslo og Akershus\",\"isPartOf\":{\"@id\":\"https:\/\/naturvernforbundet.no\/osloogakershus\/#website\"},\"primaryImageOfPage\":{\"@id\":\"https:\/\/naturvernforbundet.no\/osloogakershus\/om-fylkeslaget\/fronsvollen\/#primaryimage\"},\"image\":{\"@id\":\"https:\/\/naturvernforbundet.no\/osloogakershus\/om-fylkeslaget\/fronsvollen\/#primaryimage\"},\"thumbnailUrl\":\"https:\/\/naturvernforbundet.no\/content\/uploads\/sites\/10\/2022\/09\/fronsvollen-scaled.jpg\",\"datePublished\":\"2022-09-26T08:51:39+00:00\",\"dateModified\":\"2026-01-05T12:44:52+00:00\",\"breadcrumb\":{\"@id\":\"https:\/\/naturvernforbundet.no\/osloogakershus\/om-fylkeslaget\/fronsvollen\/#breadcrumb\"},\"inLanguage\":\"nb-NO\",\"potentialAction\":[{\"@type\":\"ReadAction\",\"target\":[\"https:\/\/naturvernforbundet.no\/osloogakershus\/om-fylkeslaget\/fronsvollen\/\"]}]},{\"@type\":\"ImageObject\",\"inLanguage\":\"nb-NO\",\"@id\":\"https:\/\/naturvernforbundet.no\/osloogakershus\/om-fylkeslaget\/fronsvollen\/#primaryimage\",\"url\":\"https:\/\/naturvernforbundet.no\/content\/uploads\/sites\/10\/2022\/09\/fronsvollen-scaled.jpg\",\"contentUrl\":\"https:\/\/naturvernforbundet.no\/content\/uploads\/sites\/10\/2022\/09\/fronsvollen-scaled.jpg\",\"width\":2560,\"height\":1439},{\"@type\":\"BreadcrumbList\",\"@id\":\"https:\/\/naturvernforbundet.no\/osloogakershus\/om-fylkeslaget\/fronsvollen\/#breadcrumb\",\"itemListElement\":[{\"@type\":\"ListItem\",\"position\":1,\"name\":\"Till naturvernforbundet.no\",\"item\":\"https:\/\/naturvernforbundet.no\/\"},{\"@type\":\"ListItem\",\"position\":2,\"name\":\"Oslo og Akershus\",\"item\":\"https:\/\/naturvernforbundet.no\/osloogakershus\/\"},{\"@type\":\"ListItem\",\"position\":3,\"name\":\"Om Naturvernforbundet Oslo og Akershus\",\"item\":\"https:\/\/naturvernforbundet.no\/osloogakershus\/om-fylkeslaget\/\"},{\"@type\":\"ListItem\",\"position\":4,\"name\":\"Fr\u00f8nsvollen\"}]},{\"@type\":\"WebSite\",\"@id\":\"https:\/\/naturvernforbundet.no\/osloogakershus\/#website\",\"url\":\"https:\/\/naturvernforbundet.no\/osloogakershus\/\",\"name\":\"Oslo og Akershus\",\"description\":\"Bare enda et Naturvernforbundet Sites-nettsted\",\"potentialAction\":[{\"@type\":\"SearchAction\",\"target\":{\"@type\":\"EntryPoint\",\"urlTemplate\":\"https:\/\/naturvernforbundet.no\/osloogakershus\/?s={search_term_string}\"},\"query-input\":{\"@type\":\"PropertyValueSpecification\",\"valueRequired\":true,\"valueName\":\"search_term_string\"}}],\"inLanguage\":\"nb-NO\"}]}<\/script>\n<!-- \/ Yoast SEO plugin. -->","yoast_head_json":{"title":"Fr\u00f8nsvollen - Oslo og Akershus","robots":{"index":"index","follow":"follow","max-snippet":"max-snippet:-1","max-image-preview":"max-image-preview:large","max-video-preview":"max-video-preview:-1"},"canonical":"https:\/\/naturvernforbundet.no\/osloogakershus\/om-fylkeslaget\/fronsvollen\/","og_locale":"nb_NO","og_type":"article","og_title":"Fr\u00f8nsvollen - Oslo og Akershus","og_url":"https:\/\/naturvernforbundet.no\/osloogakershus\/om-fylkeslaget\/fronsvollen\/","og_site_name":"Oslo og Akershus","article_modified_time":"2026-01-05T12:44:52+00:00","og_image":[{"width":2560,"height":1439,"url":"https:\/\/naturvernforbundet.no\/content\/uploads\/sites\/10\/2022\/09\/fronsvollen-scaled.jpg","type":"image\/jpeg"}],"twitter_card":"summary_large_image","twitter_misc":{"Ansl. lesetid":"4 minutter"},"schema":{"@context":"https:\/\/schema.org","@graph":[{"@type":"WebPage","@id":"https:\/\/naturvernforbundet.no\/osloogakershus\/om-fylkeslaget\/fronsvollen\/","url":"https:\/\/naturvernforbundet.no\/osloogakershus\/om-fylkeslaget\/fronsvollen\/","name":"Fr\u00f8nsvollen - Oslo og Akershus","isPartOf":{"@id":"https:\/\/naturvernforbundet.no\/osloogakershus\/#website"},"primaryImageOfPage":{"@id":"https:\/\/naturvernforbundet.no\/osloogakershus\/om-fylkeslaget\/fronsvollen\/#primaryimage"},"image":{"@id":"https:\/\/naturvernforbundet.no\/osloogakershus\/om-fylkeslaget\/fronsvollen\/#primaryimage"},"thumbnailUrl":"https:\/\/naturvernforbundet.no\/content\/uploads\/sites\/10\/2022\/09\/fronsvollen-scaled.jpg","datePublished":"2022-09-26T08:51:39+00:00","dateModified":"2026-01-05T12:44:52+00:00","breadcrumb":{"@id":"https:\/\/naturvernforbundet.no\/osloogakershus\/om-fylkeslaget\/fronsvollen\/#breadcrumb"},"inLanguage":"nb-NO","potentialAction":[{"@type":"ReadAction","target":["https:\/\/naturvernforbundet.no\/osloogakershus\/om-fylkeslaget\/fronsvollen\/"]}]},{"@type":"ImageObject","inLanguage":"nb-NO","@id":"https:\/\/naturvernforbundet.no\/osloogakershus\/om-fylkeslaget\/fronsvollen\/#primaryimage","url":"https:\/\/naturvernforbundet.no\/content\/uploads\/sites\/10\/2022\/09\/fronsvollen-scaled.jpg","contentUrl":"https:\/\/naturvernforbundet.no\/content\/uploads\/sites\/10\/2022\/09\/fronsvollen-scaled.jpg","width":2560,"height":1439},{"@type":"BreadcrumbList","@id":"https:\/\/naturvernforbundet.no\/osloogakershus\/om-fylkeslaget\/fronsvollen\/#breadcrumb","itemListElement":[{"@type":"ListItem","position":1,"name":"Till naturvernforbundet.no","item":"https:\/\/naturvernforbundet.no\/"},{"@type":"ListItem","position":2,"name":"Oslo og Akershus","item":"https:\/\/naturvernforbundet.no\/osloogakershus\/"},{"@type":"ListItem","position":3,"name":"Om Naturvernforbundet Oslo og Akershus","item":"https:\/\/naturvernforbundet.no\/osloogakershus\/om-fylkeslaget\/"},{"@type":"ListItem","position":4,"name":"Fr\u00f8nsvollen"}]},{"@type":"WebSite","@id":"https:\/\/naturvernforbundet.no\/osloogakershus\/#website","url":"https:\/\/naturvernforbundet.no\/osloogakershus\/","name":"Oslo og Akershus","description":"Bare enda et Naturvernforbundet Sites-nettsted","potentialAction":[{"@type":"SearchAction","target":{"@type":"EntryPoint","urlTemplate":"https:\/\/naturvernforbundet.no\/osloogakershus\/?s={search_term_string}"},"query-input":{"@type":"PropertyValueSpecification","valueRequired":true,"valueName":"search_term_string"}}],"inLanguage":"nb-NO"}]}},"_links":{"self":[{"href":"https:\/\/naturvernforbundet.no\/osloogakershus\/wp-json\/wp\/v2\/pages\/1496","targetHints":{"allow":["GET"]}}],"collection":[{"href":"https:\/\/naturvernforbundet.no\/osloogakershus\/wp-json\/wp\/v2\/pages"}],"about":[{"href":"https:\/\/naturvernforbundet.no\/osloogakershus\/wp-json\/wp\/v2\/types\/page"}],"author":[{"embeddable":true,"href":"https:\/\/naturvernforbundet.no\/osloogakershus\/wp-json\/wp\/v2\/users\/3"}],"replies":[{"embeddable":true,"href":"https:\/\/naturvernforbundet.no\/osloogakershus\/wp-json\/wp\/v2\/comments?post=1496"}],"version-history":[{"count":70,"href":"https:\/\/naturvernforbundet.no\/osloogakershus\/wp-json\/wp\/v2\/pages\/1496\/revisions"}],"predecessor-version":[{"id":16209,"href":"https:\/\/naturvernforbundet.no\/osloogakershus\/wp-json\/wp\/v2\/pages\/1496\/revisions\/16209"}],"up":[{"embeddable":true,"href":"https:\/\/naturvernforbundet.no\/osloogakershus\/wp-json\/wp\/v2\/pages\/1439"}],"wp:featuredmedia":[{"embeddable":true,"href":"https:\/\/naturvernforbundet.no\/osloogakershus\/wp-json\/wp\/v2\/media\/1500"}],"wp:attachment":[{"href":"https:\/\/naturvernforbundet.no\/osloogakershus\/wp-json\/wp\/v2\/media?parent=1496"}],"wp:term":[{"taxonomy":"category","embeddable":true,"href":"https:\/\/naturvernforbundet.no\/osloogakershus\/wp-json\/wp\/v2\/categories?post=1496"}],"curies":[{"name":"wp","href":"https:\/\/api.w.org\/{rel}","templated":true}]}}