{"id":1565,"date":"2022-09-27T09:48:56","date_gmt":"2022-09-27T07:48:56","guid":{"rendered":"https:\/\/naturvernforbundet.no\/osloogakershus\/?page_id=1565"},"modified":"2022-11-11T14:18:29","modified_gmt":"2022-11-11T13:18:29","slug":"gi-din-stotte-til-noa","status":"publish","type":"page","link":"https:\/\/naturvernforbundet.no\/osloogakershus\/om-fylkeslaget\/gi-din-stotte-til-noa\/","title":{"rendered":"Gi din st\u00f8tte til NOA"},"content":{"rendered":"\t<div class=\"template-page alignfull wp-block-naturvern-hero\">\n\t\t<div class=\"hero__inner\">\n\t\t\t<div class=\"hero__inner_blocks\">\n\t\t\t\t\t\t\t\t\n<h1 class=\"wp-block-post-title\">Gi din st\u00f8tte til NOA<\/h1>\n\n\n<p>NOA jobber for naturen, friluftslivet og det biologiske mangfoldet i Oslo og Akershus, og det er med st\u00f8tte fra alle dere at det er mulig for oss \u00e5 fortsette arbeidet!<\/p>\n\n\n\n<div class=\"wp-block-buttons is-layout-flex wp-block-buttons-is-layout-flex\"><\/div>\n\n\t\t\t<\/div>\n\t\t\t\t\t<\/div>\n\t\t\t<\/div>\n\t\n\n<div class=\"t2-featured-content-layout alignwide alignwide wp-block-t2-featured-content-layout\">\n<div class=\"t2-featured-single-post t2-featured-content is-post-type-post category-ukategorisert wp-block-t2-featured-single-post\"><a class=\"t2-post-link wp-block-t2-post-link\" href=\"https:\/\/naturvernforbundet.no\/osloogakershus\/gi-en-gave-til-noa\/\">\n<figure style=\"--t2-focal-point: 50% 50%;\" class=\"t2-post-featured-image has-image-ratio-4-3 wp-block-t2-post-featured-image\"><img loading=\"lazy\" decoding=\"async\" width=\"2560\" height=\"1703\" src=\"https:\/\/naturvernforbundet.no\/content\/uploads\/sites\/10\/2022\/09\/Naturvernforbundet055-scaled.jpg\" class=\"attachment-post-thumbnail size-post-thumbnail wp-post-image\" alt=\"mor og barn i natur\" srcset=\"https:\/\/naturvernforbundet.no\/content\/uploads\/sites\/10\/2022\/09\/Naturvernforbundet055-scaled.jpg 2560w, https:\/\/naturvernforbundet.no\/content\/uploads\/sites\/10\/2022\/09\/Naturvernforbundet055-300x200.jpg 300w, https:\/\/naturvernforbundet.no\/content\/uploads\/sites\/10\/2022\/09\/Naturvernforbundet055-1024x681.jpg 1024w, https:\/\/naturvernforbundet.no\/content\/uploads\/sites\/10\/2022\/09\/Naturvernforbundet055-768x511.jpg 768w, https:\/\/naturvernforbundet.no\/content\/uploads\/sites\/10\/2022\/09\/Naturvernforbundet055-1536x1022.jpg 1536w, https:\/\/naturvernforbundet.no\/content\/uploads\/sites\/10\/2022\/09\/Naturvernforbundet055-2048x1363.jpg 2048w, https:\/\/naturvernforbundet.no\/content\/uploads\/sites\/10\/2022\/09\/Naturvernforbundet055-1920x1277.jpg 1920w\" sizes=\"auto, (max-width: 2560px) 100vw, 2560px\" \/><\/figure>\n\n<div class=\"wp-block-group alignfull is-layout-flow wp-block-group-is-layout-flow\">\n\t<h2 class=\"t2-post-title wp-block-t2-post-title\">Gi en gave til NOA<\/h2>\n\t<p class=\"wp-block-naturvern-post-excerpt\">St\u00f8tt v\u00e5rt arbeid i Oslo og Akershus med en gave. Du kan gi en gave til NOA uavhengig om du er medlem.\u00a0<\/p>\n\t\t<div class=\"wp-block-naturvern-post-meta\">\n\t\t\t\t\t<span class=\"cat\">\n\t\t\t\t\t\t\t\t\t<span><span class=\"tag-link\" data-href=\"https:\/\/naturvernforbundet.no\/osloogakershus\/category\/ukategorisert\/\">Ukategorisert<\/span><\/span>\n\t\t\t\t\t\t\t<\/span>\n\t\t\t\t\t\t\t<span class=\"date\">27.09.2022<\/span>\n\t\t\t<\/div>\n\t\n<\/div>\n\n<\/a>\n<\/div>\n\n<div class=\"t2-featured-single-post t2-featured-content is-post-type-post category-ukategorisert wp-block-t2-featured-single-post\"><a class=\"t2-post-link wp-block-t2-post-link\" href=\"https:\/\/naturvernforbundet.no\/osloogakershus\/bli-sponsorbedrift\/\">\n<figure style=\"--t2-focal-point: 50% 50%;\" class=\"t2-post-featured-image has-image-ratio-4-3 wp-block-t2-post-featured-image\"><img loading=\"lazy\" decoding=\"async\" width=\"653\" height=\"437\" src=\"https:\/\/naturvernforbundet.no\/content\/uploads\/sites\/10\/2019\/03\/BlC3A5bC3A6rhumler-1.jpg2028articledisplay29.jpg\" class=\"attachment-post-thumbnail size-post-thumbnail wp-post-image\" alt=\"bie\" srcset=\"https:\/\/naturvernforbundet.no\/content\/uploads\/sites\/10\/2019\/03\/BlC3A5bC3A6rhumler-1.jpg2028articledisplay29.jpg 653w, https:\/\/naturvernforbundet.no\/content\/uploads\/sites\/10\/2019\/03\/BlC3A5bC3A6rhumler-1.jpg2028articledisplay29-300x201.jpg 300w\" sizes=\"auto, (max-width: 653px) 100vw, 653px\" \/><\/figure>\n\n<div class=\"wp-block-group alignfull is-layout-flow wp-block-group-is-layout-flow\">\n\t<h2 class=\"t2-post-title wp-block-t2-post-title\">Bli sponsorbedrift<\/h2>\n\t<p class=\"wp-block-naturvern-post-excerpt\"> Ved \u00e5 bli sponsorbedrift st\u00f8tter din bedrift NOA sitt arbeid for et gr\u00f8nnere fylke!<\/p>\n\t\t<div class=\"wp-block-naturvern-post-meta\">\n\t\t\t\t\t<span class=\"cat\">\n\t\t\t\t\t\t\t\t\t<span><span class=\"tag-link\" data-href=\"https:\/\/naturvernforbundet.no\/osloogakershus\/category\/ukategorisert\/\">Ukategorisert<\/span><\/span>\n\t\t\t\t\t\t\t<\/span>\n\t\t\t\t\t\t\t<span class=\"date\">27.09.2022<\/span>\n\t\t\t<\/div>\n\t\n<\/div>\n\n<\/a>\n<\/div>\n\n<div class=\"t2-featured-single-post t2-featured-content is-post-type-post category-ukategorisert wp-block-t2-featured-single-post\"><a class=\"t2-post-link wp-block-t2-post-link\" href=\"https:\/\/naturvernforbundet.no\/osloogakershus\/la-naturen-ga-i-arv\/\">\n<figure style=\"--t2-focal-point: 50% 50%;\" class=\"t2-post-featured-image has-image-ratio-4-3 wp-block-t2-post-featured-image\"><img loading=\"lazy\" decoding=\"async\" width=\"2510\" height=\"1670\" src=\"https:\/\/naturvernforbundet.no\/content\/uploads\/sites\/10\/2022\/09\/Naturvernforbundet_generasjon.jpg\" class=\"attachment-post-thumbnail size-post-thumbnail wp-post-image\" alt=\"\" srcset=\"https:\/\/naturvernforbundet.no\/content\/uploads\/sites\/10\/2022\/09\/Naturvernforbundet_generasjon.jpg 2510w, https:\/\/naturvernforbundet.no\/content\/uploads\/sites\/10\/2022\/09\/Naturvernforbundet_generasjon-300x200.jpg 300w, https:\/\/naturvernforbundet.no\/content\/uploads\/sites\/10\/2022\/09\/Naturvernforbundet_generasjon-1024x681.jpg 1024w, https:\/\/naturvernforbundet.no\/content\/uploads\/sites\/10\/2022\/09\/Naturvernforbundet_generasjon-768x511.jpg 768w, https:\/\/naturvernforbundet.no\/content\/uploads\/sites\/10\/2022\/09\/Naturvernforbundet_generasjon-1536x1022.jpg 1536w, https:\/\/naturvernforbundet.no\/content\/uploads\/sites\/10\/2022\/09\/Naturvernforbundet_generasjon-2048x1363.jpg 2048w, https:\/\/naturvernforbundet.no\/content\/uploads\/sites\/10\/2022\/09\/Naturvernforbundet_generasjon-1920x1277.jpg 1920w\" sizes=\"auto, (max-width: 2510px) 100vw, 2510px\" \/><\/figure>\n\n<div class=\"wp-block-group alignfull is-layout-flow wp-block-group-is-layout-flow\">\n\t<h2 class=\"t2-post-title wp-block-t2-post-title\">La naturen g\u00e5 i arv<\/h2>\n\t<p class=\"wp-block-naturvern-post-excerpt\">En testamentarisk gave til Naturvernforbundet i Oslo og Akershus er en investering i neste generasjons livskvalitet, og vi takker deg for at du vurderer dette.<\/p>\n\t\t<div class=\"wp-block-naturvern-post-meta\">\n\t\t\t\t\t<span class=\"cat\">\n\t\t\t\t\t\t\t\t\t<span><span class=\"tag-link\" data-href=\"https:\/\/naturvernforbundet.no\/osloogakershus\/category\/ukategorisert\/\">Ukategorisert<\/span><\/span>\n\t\t\t\t\t\t\t<\/span>\n\t\t\t\t\t\t\t<span class=\"date\">27.09.2022<\/span>\n\t\t\t<\/div>\n\t\n<\/div>\n\n<\/a>\n<\/div>\n<\/div>","protected":false},"excerpt":{"rendered":"","protected":false},"author":3,"featured_media":0,"parent":1439,"menu_order":0,"comment_status":"closed","ping_status":"closed","template":"","meta":{"_relevanssi_hide_post":"","_relevanssi_hide_content":"","_relevanssi_pin_for_all":"","_relevanssi_pin_keywords":"","_relevanssi_unpin_keywords":"","_relevanssi_related_keywords":"","_relevanssi_related_include_ids":"","_relevanssi_related_exclude_ids":"","_relevanssi_related_no_append":"","_relevanssi_related_not_related":"","_relevanssi_related_posts":"16153,15740,15946,16173,16134,16023","_relevanssi_noindex_reason":"","hide_logo":false,"footnotes":""},"categories":[],"class_list":["post-1565","page","type-page","status-publish","hentry"],"acf":[],"yoast_head":"<!-- This site is optimized with the Yoast SEO Premium plugin v24.9 (Yoast SEO v24.9) - https:\/\/yoast.com\/wordpress\/plugins\/seo\/ -->\n<title>Gi din st\u00f8tte til NOA - Oslo og Akershus<\/title>\n<meta name=\"robots\" content=\"index, follow, max-snippet:-1, max-image-preview:large, max-video-preview:-1\" \/>\n<link rel=\"canonical\" href=\"https:\/\/naturvernforbundet.no\/osloogakershus\/om-fylkeslaget\/gi-din-stotte-til-noa\/\" \/>\n<meta property=\"og:locale\" content=\"nb_NO\" \/>\n<meta property=\"og:type\" content=\"article\" \/>\n<meta property=\"og:title\" content=\"Gi din st\u00f8tte til NOA\" \/>\n<meta property=\"og:url\" content=\"https:\/\/naturvernforbundet.no\/osloogakershus\/om-fylkeslaget\/gi-din-stotte-til-noa\/\" \/>\n<meta property=\"og:site_name\" content=\"Oslo og Akershus\" \/>\n<meta property=\"article:modified_time\" content=\"2022-11-11T13:18:29+00:00\" \/>\n<meta name=\"twitter:card\" content=\"summary_large_image\" \/>\n<script type=\"application\/ld+json\" class=\"yoast-schema-graph\">{\"@context\":\"https:\/\/schema.org\",\"@graph\":[{\"@type\":\"WebPage\",\"@id\":\"https:\/\/naturvernforbundet.no\/osloogakershus\/om-fylkeslaget\/gi-din-stotte-til-noa\/\",\"url\":\"https:\/\/naturvernforbundet.no\/osloogakershus\/om-fylkeslaget\/gi-din-stotte-til-noa\/\",\"name\":\"Gi din st\u00f8tte til NOA - Oslo og Akershus\",\"isPartOf\":{\"@id\":\"https:\/\/naturvernforbundet.no\/osloogakershus\/#website\"},\"datePublished\":\"2022-09-27T07:48:56+00:00\",\"dateModified\":\"2022-11-11T13:18:29+00:00\",\"breadcrumb\":{\"@id\":\"https:\/\/naturvernforbundet.no\/osloogakershus\/om-fylkeslaget\/gi-din-stotte-til-noa\/#breadcrumb\"},\"inLanguage\":\"nb-NO\",\"potentialAction\":[{\"@type\":\"ReadAction\",\"target\":[\"https:\/\/naturvernforbundet.no\/osloogakershus\/om-fylkeslaget\/gi-din-stotte-til-noa\/\"]}]},{\"@type\":\"BreadcrumbList\",\"@id\":\"https:\/\/naturvernforbundet.no\/osloogakershus\/om-fylkeslaget\/gi-din-stotte-til-noa\/#breadcrumb\",\"itemListElement\":[{\"@type\":\"ListItem\",\"position\":1,\"name\":\"Till naturvernforbundet.no\",\"item\":\"https:\/\/naturvernforbundet.no\/\"},{\"@type\":\"ListItem\",\"position\":2,\"name\":\"Oslo og Akershus\",\"item\":\"https:\/\/naturvernforbundet.no\/osloogakershus\/\"},{\"@type\":\"ListItem\",\"position\":3,\"name\":\"Om Naturvernforbundet Oslo og Akershus\",\"item\":\"https:\/\/naturvernforbundet.no\/osloogakershus\/om-fylkeslaget\/\"},{\"@type\":\"ListItem\",\"position\":4,\"name\":\"Gi din st\u00f8tte til NOA\"}]},{\"@type\":\"WebSite\",\"@id\":\"https:\/\/naturvernforbundet.no\/osloogakershus\/#website\",\"url\":\"https:\/\/naturvernforbundet.no\/osloogakershus\/\",\"name\":\"Oslo og Akershus\",\"description\":\"Bare enda et Naturvernforbundet Sites-nettsted\",\"potentialAction\":[{\"@type\":\"SearchAction\",\"target\":{\"@type\":\"EntryPoint\",\"urlTemplate\":\"https:\/\/naturvernforbundet.no\/osloogakershus\/?s={search_term_string}\"},\"query-input\":{\"@type\":\"PropertyValueSpecification\",\"valueRequired\":true,\"valueName\":\"search_term_string\"}}],\"inLanguage\":\"nb-NO\"}]}<\/script>\n<!-- \/ Yoast SEO Premium plugin. -->","yoast_head_json":{"title":"Gi din st\u00f8tte til NOA - Oslo og Akershus","robots":{"index":"index","follow":"follow","max-snippet":"max-snippet:-1","max-image-preview":"max-image-preview:large","max-video-preview":"max-video-preview:-1"},"canonical":"https:\/\/naturvernforbundet.no\/osloogakershus\/om-fylkeslaget\/gi-din-stotte-til-noa\/","og_locale":"nb_NO","og_type":"article","og_title":"Gi din st\u00f8tte til NOA","og_url":"https:\/\/naturvernforbundet.no\/osloogakershus\/om-fylkeslaget\/gi-din-stotte-til-noa\/","og_site_name":"Oslo og Akershus","article_modified_time":"2022-11-11T13:18:29+00:00","twitter_card":"summary_large_image","schema":{"@context":"https:\/\/schema.org","@graph":[{"@type":"WebPage","@id":"https:\/\/naturvernforbundet.no\/osloogakershus\/om-fylkeslaget\/gi-din-stotte-til-noa\/","url":"https:\/\/naturvernforbundet.no\/osloogakershus\/om-fylkeslaget\/gi-din-stotte-til-noa\/","name":"Gi din st\u00f8tte til NOA - Oslo og Akershus","isPartOf":{"@id":"https:\/\/naturvernforbundet.no\/osloogakershus\/#website"},"datePublished":"2022-09-27T07:48:56+00:00","dateModified":"2022-11-11T13:18:29+00:00","breadcrumb":{"@id":"https:\/\/naturvernforbundet.no\/osloogakershus\/om-fylkeslaget\/gi-din-stotte-til-noa\/#breadcrumb"},"inLanguage":"nb-NO","potentialAction":[{"@type":"ReadAction","target":["https:\/\/naturvernforbundet.no\/osloogakershus\/om-fylkeslaget\/gi-din-stotte-til-noa\/"]}]},{"@type":"BreadcrumbList","@id":"https:\/\/naturvernforbundet.no\/osloogakershus\/om-fylkeslaget\/gi-din-stotte-til-noa\/#breadcrumb","itemListElement":[{"@type":"ListItem","position":1,"name":"Till naturvernforbundet.no","item":"https:\/\/naturvernforbundet.no\/"},{"@type":"ListItem","position":2,"name":"Oslo og Akershus","item":"https:\/\/naturvernforbundet.no\/osloogakershus\/"},{"@type":"ListItem","position":3,"name":"Om Naturvernforbundet Oslo og Akershus","item":"https:\/\/naturvernforbundet.no\/osloogakershus\/om-fylkeslaget\/"},{"@type":"ListItem","position":4,"name":"Gi din st\u00f8tte til NOA"}]},{"@type":"WebSite","@id":"https:\/\/naturvernforbundet.no\/osloogakershus\/#website","url":"https:\/\/naturvernforbundet.no\/osloogakershus\/","name":"Oslo og Akershus","description":"Bare enda et Naturvernforbundet Sites-nettsted","potentialAction":[{"@type":"SearchAction","target":{"@type":"EntryPoint","urlTemplate":"https:\/\/naturvernforbundet.no\/osloogakershus\/?s={search_term_string}"},"query-input":{"@type":"PropertyValueSpecification","valueRequired":true,"valueName":"search_term_string"}}],"inLanguage":"nb-NO"}]}},"_links":{"self":[{"href":"https:\/\/naturvernforbundet.no\/osloogakershus\/wp-json\/wp\/v2\/pages\/1565","targetHints":{"allow":["GET"]}}],"collection":[{"href":"https:\/\/naturvernforbundet.no\/osloogakershus\/wp-json\/wp\/v2\/pages"}],"about":[{"href":"https:\/\/naturvernforbundet.no\/osloogakershus\/wp-json\/wp\/v2\/types\/page"}],"author":[{"embeddable":true,"href":"https:\/\/naturvernforbundet.no\/osloogakershus\/wp-json\/wp\/v2\/users\/3"}],"replies":[{"embeddable":true,"href":"https:\/\/naturvernforbundet.no\/osloogakershus\/wp-json\/wp\/v2\/comments?post=1565"}],"version-history":[{"count":2,"href":"https:\/\/naturvernforbundet.no\/osloogakershus\/wp-json\/wp\/v2\/pages\/1565\/revisions"}],"predecessor-version":[{"id":1578,"href":"https:\/\/naturvernforbundet.no\/osloogakershus\/wp-json\/wp\/v2\/pages\/1565\/revisions\/1578"}],"up":[{"embeddable":true,"href":"https:\/\/naturvernforbundet.no\/osloogakershus\/wp-json\/wp\/v2\/pages\/1439"}],"wp:attachment":[{"href":"https:\/\/naturvernforbundet.no\/osloogakershus\/wp-json\/wp\/v2\/media?parent=1565"}],"wp:term":[{"taxonomy":"category","embeddable":true,"href":"https:\/\/naturvernforbundet.no\/osloogakershus\/wp-json\/wp\/v2\/categories?post=1565"}],"curies":[{"name":"wp","href":"https:\/\/api.w.org\/{rel}","templated":true}]}}