{"id":15808,"date":"2025-10-05T18:52:15","date_gmt":"2025-10-05T16:52:15","guid":{"rendered":"https:\/\/naturvernforbundet.no\/osloogakershus\/?page_id=15808"},"modified":"2025-10-06T15:31:21","modified_gmt":"2025-10-06T13:31:21","slug":"blomsterengene-pa-nygard-skjotsel-og-restaurering","status":"publish","type":"page","link":"https:\/\/naturvernforbundet.no\/osloogakershus\/om-nib\/blomsterengene-pa-nygard-skjotsel-og-restaurering\/","title":{"rendered":"Blomsterengene p\u00e5 Nyg\u00e5rd \u2013 skj\u00f8tsel og restaurering"},"content":{"rendered":"\t<div class=\"template-page alignfull wp-block-naturvern-hero\">\n\t\t<div class=\"hero__inner\">\n\t\t\t<div class=\"hero__inner_blocks\">\n\t\t\t\t\t\t\t\t\n<h1 class=\"wp-block-post-title\">Blomsterengene p\u00e5 Nyg\u00e5rd \u2013 skj\u00f8tsel og restaurering<\/h1>\n\n\n<p>Naturvernforbundet i B\u00e6rum har, i samarbeid med B\u00e6rum kommune, startet et langsiktig prosjekt for skj\u00f8tsel og restaurering av blomsterengene ved Nyg\u00e5rd. M\u00e5let er \u00e5 bevare det rike artsmangfoldet i omr\u00e5det.<\/p>\n\n\n\n<div class=\"wp-block-buttons is-layout-flex wp-block-buttons-is-layout-flex\"><\/div>\n\n\t\t\t<\/div>\n\t\t\t\t\t<\/div>\n\t\t\t<\/div>\n\t\n\n\n<figure class=\"wp-block-image size-large\"><div class=\"t2-image-credit\"><img loading=\"lazy\" decoding=\"async\" width=\"1024\" height=\"819\" src=\"https:\/\/naturvernforbundet.no\/content\/uploads\/sites\/10\/2025\/10\/Eng-pa-Nygard-20250601_200857-B-KB-1024x819.jpg\" alt=\"Blomstereng med hus i bakgrunnen\" class=\"wp-image-15810\" srcset=\"https:\/\/naturvernforbundet.no\/content\/uploads\/sites\/10\/2025\/10\/Eng-pa-Nygard-20250601_200857-B-KB-1024x819.jpg 1024w, https:\/\/naturvernforbundet.no\/content\/uploads\/sites\/10\/2025\/10\/Eng-pa-Nygard-20250601_200857-B-KB-300x240.jpg 300w, https:\/\/naturvernforbundet.no\/content\/uploads\/sites\/10\/2025\/10\/Eng-pa-Nygard-20250601_200857-B-KB-768x614.jpg 768w, https:\/\/naturvernforbundet.no\/content\/uploads\/sites\/10\/2025\/10\/Eng-pa-Nygard-20250601_200857-B-KB-1536x1229.jpg 1536w, https:\/\/naturvernforbundet.no\/content\/uploads\/sites\/10\/2025\/10\/Eng-pa-Nygard-20250601_200857-B-KB-2048x1638.jpg 2048w, https:\/\/naturvernforbundet.no\/content\/uploads\/sites\/10\/2025\/10\/Eng-pa-Nygard-20250601_200857-B-KB-1920x1536.jpg 1920w\" sizes=\"auto, (max-width: 1024px) 100vw, 1024px\" \/><span class=\"t2-image-credit-name\">Kristin Bjartnes<\/span><\/div><\/figure>\n\n\n\n<p>Nyg\u00e5rd ligger idyllisk til i B\u00e6rumsmarka, n\u00e6r Muren, og er et popul\u00e6rt serveringssted drevet av SommerSomVinter. Her er det daglig servering h\u00f8st, vinter og v\u00e5r.<\/p>\n\n\n\n<h2 class=\"wp-block-heading\">Artsmangfoldet p\u00e5 Nyg\u00e5rd<\/h2>\n\n\n\n<p>Omr\u00e5det rundt Nyg\u00e5rd har et imponerende artsmangfold. Det er registrert nesten 120 arter med karplanter, flere arter sopp, insekter og fugl. <\/p>\n\n\n\n<p>Det er arter som trives p\u00e5 t\u00f8rre omr\u00e5der, som engknoppurt og knollerteknapp, og arter som trives i fuktige partier som bekkeblom, ballblom og skogsivaks. Dette er et eldorado for sommerfugler og pollinerende insekter.<\/p>\n\n\n\n<p>Norsk Botanisk Forening har gjort en florakartlegging av engene, og entomolog Lars Ove Hansen fra Naturhistorisk Museum har tatt en del belegg av insekter.<\/p>\n\n\n\n<h2 class=\"wp-block-heading\">Eldre kulturlandskap<\/h2>\n\n\n\n<p>Rundt Nyg\u00e5rd er det et stort, eldre kulturlandskap som strekker seg i dalf\u00f8ret langs Murenveien, fra \u00d8verlandsg\u00e5rdene til Skuteh\u00f8gda. Her er det viktig \u00e5 unng\u00e5 gjengroing av flere hensyn, og jordene b\u00f8r restaureres og skj\u00f8ttes korrekt for \u00e5 sikre biologisk mangfold av karplanter og insekter.<\/p>\n\n\n\n<p>Kulturlandskapet har ogs\u00e5 stor opplevelsesverdi og brukes aktivt av lokalbefolkningen.<\/p>\n\n\n\n<p>For \u00e5 bedre forholdene for artsmangfoldet, har Naturvernforbundet i B\u00e6rum s\u00f8kt om og f\u00e5tt tildelt midler fra B\u00e6rum kommune.<\/p>\n\n\n\n<h2 class=\"wp-block-heading\">Gjennomf\u00f8rte tiltak <\/h2>\n\n\n\n<p>I perioden 2022\u20132024 har Gunnar Fimland fjernet 10\u201320 edelgran og gjennomf\u00f8rt kantrydding og sl\u00e5tt med lj\u00e5 p\u00e5 \u00f8stengene. I 2025 har dette arbeidet fortsatt.<\/p>\n\n\n\n<p>I 2025 har det ogs\u00e5 v\u00e6rt opprydding med hugst og fjerning av kratt p\u00e5 vestsiden av bekken. Enga inntil bekken ble sl\u00e5tt med ryddesag. Det har v\u00e6rt tungt arbeid, siden vegetasjonen er dominert av skogsivaks.<\/p>\n\n\n\n<p>P\u00e5 vestengene har vi utf\u00f8rt maskinell sl\u00e5tt, raking og bortkj\u00f8ring av h\u00f8y. Anleggsgartner Halvorsen AS har f\u00e5tt dette oppdraget.<\/p>\n\n\n\n<h3 class=\"wp-block-heading\">Last ned rapport:<\/h3>\n\n\n\n<p>\ud83d\udc49 <a href=\"https:\/\/naturvernforbundet.no\/content\/uploads\/sites\/10\/2025\/10\/Skjotsel-og-restaurering-av-blomsterengene-pa-Nygard-2024-2025.pdf\"><strong>Blomsterengene p\u00e5 markastua Nyg\u00e5rd. Skj\u00f8tsel og restaurering 2024\u20132025<\/strong><\/a><\/p>\n\n\n\n<h2 class=\"wp-block-heading\">Formidling og engasjement<\/h2>\n\n\n\n<p>I 2025 har vi arrangert turer med Drammen turlag,  Steinerskolen i B\u00e6rum, B\u00e6rum turlag og tre turer p\u00e5 Villblomstenes Dag.<\/p>\n\n\n\n<p>Det er laget to plakater i samarbeid med designbyr\u00e5 og sendt til n\u00e6rliggende skoler med invitasjon til skoletur i 2026.<\/p>\n\n\n\n<p>Prosjektet er ledet av Kristin Bjartnes, styremedlem i Naturvernforbundet i B\u00e6rum og medlem i Norsk Botanisk Forening.<\/p>\n\n\n\n<p><a href=\"https:\/\/naturvernforbundet.no\/osloogakershus\/bli-kjent-med-villblomstene-pa-nygard\/\">Les ogs\u00e5: Bli kjent med villblomstene p\u00e5 Nyg\u00e5rd<\/a><\/p>\n\n\n\n<figure class=\"wp-block-image size-large\"><img loading=\"lazy\" decoding=\"async\" width=\"724\" height=\"1024\" src=\"https:\/\/naturvernforbundet.no\/content\/uploads\/sites\/10\/2025\/10\/Blomsterplakat_A4_lysBaerumlogo-724x1024.jpg\" alt=\"Bilder av blomster p\u00e5 plakat\" class=\"wp-image-15817\" srcset=\"https:\/\/naturvernforbundet.no\/content\/uploads\/sites\/10\/2025\/10\/Blomsterplakat_A4_lysBaerumlogo-724x1024.jpg 724w, https:\/\/naturvernforbundet.no\/content\/uploads\/sites\/10\/2025\/10\/Blomsterplakat_A4_lysBaerumlogo-212x300.jpg 212w, https:\/\/naturvernforbundet.no\/content\/uploads\/sites\/10\/2025\/10\/Blomsterplakat_A4_lysBaerumlogo-768x1086.jpg 768w, https:\/\/naturvernforbundet.no\/content\/uploads\/sites\/10\/2025\/10\/Blomsterplakat_A4_lysBaerumlogo-1086x1536.jpg 1086w, https:\/\/naturvernforbundet.no\/content\/uploads\/sites\/10\/2025\/10\/Blomsterplakat_A4_lysBaerumlogo-1448x2048.jpg 1448w, https:\/\/naturvernforbundet.no\/content\/uploads\/sites\/10\/2025\/10\/Blomsterplakat_A4_lysBaerumlogo-1357x1920.jpg 1357w, https:\/\/naturvernforbundet.no\/content\/uploads\/sites\/10\/2025\/10\/Blomsterplakat_A4_lysBaerumlogo-scaled.jpg 1810w\" sizes=\"auto, (max-width: 724px) 100vw, 724px\" \/><\/figure>\n","protected":false},"excerpt":{"rendered":"","protected":false},"author":268,"featured_media":15810,"parent":3837,"menu_order":0,"comment_status":"closed","ping_status":"closed","template":"","meta":{"_relevanssi_hide_post":"","_relevanssi_hide_content":"","_relevanssi_pin_for_all":"","_relevanssi_pin_keywords":"","_relevanssi_unpin_keywords":"","_relevanssi_related_keywords":"","_relevanssi_related_include_ids":"","_relevanssi_related_exclude_ids":"","_relevanssi_related_no_append":"","_relevanssi_related_not_related":"","_relevanssi_related_posts":"3550,13284,2328,13267,2786,1912","_relevanssi_noindex_reason":"","hide_logo":false,"footnotes":""},"categories":[380,430],"class_list":["post-15808","page","type-page","status-publish","has-post-thumbnail","hentry","category-artsmangfold","category-prosjekter-baerum"],"acf":[],"yoast_head":"<!-- This site is optimized with the Yoast SEO Premium plugin v24.9 (Yoast SEO v24.9) - https:\/\/yoast.com\/wordpress\/plugins\/seo\/ -->\n<title>Blomsterengene p\u00e5 Nyg\u00e5rd \u2013 skj\u00f8tsel og restaurering - Oslo og Akershus<\/title>\n<meta name=\"description\" content=\"Blomsterengene p\u00e5 Nyg\u00e5rd - skj\u00f8tsel og restaurering - Blomsterengene p\u00e5 Nyg\u00e5rd \u2013 skj\u00f8tsel og restaurering Prosjekter Oslo og Akershus\" \/>\n<meta name=\"robots\" content=\"index, follow, max-snippet:-1, max-image-preview:large, max-video-preview:-1\" \/>\n<link rel=\"canonical\" href=\"https:\/\/naturvernforbundet.no\/osloogakershus\/om-nib\/blomsterengene-pa-nygard-skjotsel-og-restaurering\/\" \/>\n<meta property=\"og:locale\" content=\"nb_NO\" \/>\n<meta property=\"og:type\" content=\"article\" \/>\n<meta property=\"og:title\" content=\"Blomsterengene p\u00e5 Nyg\u00e5rd \u2013 skj\u00f8tsel og restaurering\" \/>\n<meta property=\"og:description\" content=\"Blomsterengene p\u00e5 Nyg\u00e5rd - skj\u00f8tsel og restaurering - Blomsterengene p\u00e5 Nyg\u00e5rd \u2013 skj\u00f8tsel og restaurering Prosjekter Oslo og Akershus\" \/>\n<meta property=\"og:url\" content=\"https:\/\/naturvernforbundet.no\/osloogakershus\/om-nib\/blomsterengene-pa-nygard-skjotsel-og-restaurering\/\" \/>\n<meta property=\"og:site_name\" content=\"Oslo og Akershus\" \/>\n<meta property=\"article:modified_time\" content=\"2025-10-06T13:31:21+00:00\" \/>\n<meta property=\"og:image\" content=\"https:\/\/naturvernforbundet.no\/content\/uploads\/sites\/10\/2025\/10\/Eng-pa-Nygard-20250601_200857-B-KB-scaled.jpg\" \/>\n\t<meta property=\"og:image:width\" content=\"2560\" \/>\n\t<meta property=\"og:image:height\" content=\"2048\" \/>\n\t<meta property=\"og:image:type\" content=\"image\/jpeg\" \/>\n<meta name=\"twitter:card\" content=\"summary_large_image\" \/>\n<meta name=\"twitter:label1\" content=\"Ansl. lesetid\" \/>\n\t<meta name=\"twitter:data1\" content=\"3 minutter\" \/>\n<script type=\"application\/ld+json\" class=\"yoast-schema-graph\">{\"@context\":\"https:\/\/schema.org\",\"@graph\":[{\"@type\":\"WebPage\",\"@id\":\"https:\/\/naturvernforbundet.no\/osloogakershus\/om-nib\/blomsterengene-pa-nygard-skjotsel-og-restaurering\/\",\"url\":\"https:\/\/naturvernforbundet.no\/osloogakershus\/om-nib\/blomsterengene-pa-nygard-skjotsel-og-restaurering\/\",\"name\":\"Blomsterengene p\u00e5 Nyg\u00e5rd \u2013 skj\u00f8tsel og restaurering - Oslo og Akershus\",\"isPartOf\":{\"@id\":\"https:\/\/naturvernforbundet.no\/osloogakershus\/#website\"},\"primaryImageOfPage\":{\"@id\":\"https:\/\/naturvernforbundet.no\/osloogakershus\/om-nib\/blomsterengene-pa-nygard-skjotsel-og-restaurering\/#primaryimage\"},\"image\":{\"@id\":\"https:\/\/naturvernforbundet.no\/osloogakershus\/om-nib\/blomsterengene-pa-nygard-skjotsel-og-restaurering\/#primaryimage\"},\"thumbnailUrl\":\"https:\/\/naturvernforbundet.no\/content\/uploads\/sites\/10\/2025\/10\/Eng-pa-Nygard-20250601_200857-B-KB-scaled.jpg\",\"datePublished\":\"2025-10-05T16:52:15+00:00\",\"dateModified\":\"2025-10-06T13:31:21+00:00\",\"description\":\"Blomsterengene p\u00e5 Nyg\u00e5rd - skj\u00f8tsel og restaurering - Blomsterengene p\u00e5 Nyg\u00e5rd \u2013 skj\u00f8tsel og restaurering Prosjekter Oslo og Akershus\",\"breadcrumb\":{\"@id\":\"https:\/\/naturvernforbundet.no\/osloogakershus\/om-nib\/blomsterengene-pa-nygard-skjotsel-og-restaurering\/#breadcrumb\"},\"inLanguage\":\"nb-NO\",\"potentialAction\":[{\"@type\":\"ReadAction\",\"target\":[\"https:\/\/naturvernforbundet.no\/osloogakershus\/om-nib\/blomsterengene-pa-nygard-skjotsel-og-restaurering\/\"]}]},{\"@type\":\"ImageObject\",\"inLanguage\":\"nb-NO\",\"@id\":\"https:\/\/naturvernforbundet.no\/osloogakershus\/om-nib\/blomsterengene-pa-nygard-skjotsel-og-restaurering\/#primaryimage\",\"url\":\"https:\/\/naturvernforbundet.no\/content\/uploads\/sites\/10\/2025\/10\/Eng-pa-Nygard-20250601_200857-B-KB-scaled.jpg\",\"contentUrl\":\"https:\/\/naturvernforbundet.no\/content\/uploads\/sites\/10\/2025\/10\/Eng-pa-Nygard-20250601_200857-B-KB-scaled.jpg\",\"width\":2560,\"height\":2048,\"caption\":\"Blomsterengene ved markastua Nyg\u00e5rd\"},{\"@type\":\"BreadcrumbList\",\"@id\":\"https:\/\/naturvernforbundet.no\/osloogakershus\/om-nib\/blomsterengene-pa-nygard-skjotsel-og-restaurering\/#breadcrumb\",\"itemListElement\":[{\"@type\":\"ListItem\",\"position\":1,\"name\":\"Till naturvernforbundet.no\",\"item\":\"https:\/\/naturvernforbundet.no\/\"},{\"@type\":\"ListItem\",\"position\":2,\"name\":\"Oslo og Akershus\",\"item\":\"https:\/\/naturvernforbundet.no\/osloogakershus\/\"},{\"@type\":\"ListItem\",\"position\":3,\"name\":\"Naturvernforbundet i B\u00e6rum\",\"item\":\"https:\/\/naturvernforbundet.no\/osloogakershus\/om-nib\/\"},{\"@type\":\"ListItem\",\"position\":4,\"name\":\"Blomsterengene p\u00e5 Nyg\u00e5rd \u2013 skj\u00f8tsel og restaurering\"}]},{\"@type\":\"WebSite\",\"@id\":\"https:\/\/naturvernforbundet.no\/osloogakershus\/#website\",\"url\":\"https:\/\/naturvernforbundet.no\/osloogakershus\/\",\"name\":\"Oslo og Akershus\",\"description\":\"Bare enda et Naturvernforbundet Sites-nettsted\",\"potentialAction\":[{\"@type\":\"SearchAction\",\"target\":{\"@type\":\"EntryPoint\",\"urlTemplate\":\"https:\/\/naturvernforbundet.no\/osloogakershus\/?s={search_term_string}\"},\"query-input\":{\"@type\":\"PropertyValueSpecification\",\"valueRequired\":true,\"valueName\":\"search_term_string\"}}],\"inLanguage\":\"nb-NO\"}]}<\/script>\n<!-- \/ Yoast SEO Premium plugin. -->","yoast_head_json":{"title":"Blomsterengene p\u00e5 Nyg\u00e5rd \u2013 skj\u00f8tsel og restaurering - Oslo og Akershus","description":"Blomsterengene p\u00e5 Nyg\u00e5rd - skj\u00f8tsel og restaurering - Blomsterengene p\u00e5 Nyg\u00e5rd \u2013 skj\u00f8tsel og restaurering Prosjekter Oslo og Akershus","robots":{"index":"index","follow":"follow","max-snippet":"max-snippet:-1","max-image-preview":"max-image-preview:large","max-video-preview":"max-video-preview:-1"},"canonical":"https:\/\/naturvernforbundet.no\/osloogakershus\/om-nib\/blomsterengene-pa-nygard-skjotsel-og-restaurering\/","og_locale":"nb_NO","og_type":"article","og_title":"Blomsterengene p\u00e5 Nyg\u00e5rd \u2013 skj\u00f8tsel og restaurering","og_description":"Blomsterengene p\u00e5 Nyg\u00e5rd - skj\u00f8tsel og restaurering - Blomsterengene p\u00e5 Nyg\u00e5rd \u2013 skj\u00f8tsel og restaurering Prosjekter Oslo og Akershus","og_url":"https:\/\/naturvernforbundet.no\/osloogakershus\/om-nib\/blomsterengene-pa-nygard-skjotsel-og-restaurering\/","og_site_name":"Oslo og Akershus","article_modified_time":"2025-10-06T13:31:21+00:00","og_image":[{"width":2560,"height":2048,"url":"https:\/\/naturvernforbundet.no\/content\/uploads\/sites\/10\/2025\/10\/Eng-pa-Nygard-20250601_200857-B-KB-scaled.jpg","type":"image\/jpeg"}],"twitter_card":"summary_large_image","twitter_misc":{"Ansl. lesetid":"3 minutter"},"schema":{"@context":"https:\/\/schema.org","@graph":[{"@type":"WebPage","@id":"https:\/\/naturvernforbundet.no\/osloogakershus\/om-nib\/blomsterengene-pa-nygard-skjotsel-og-restaurering\/","url":"https:\/\/naturvernforbundet.no\/osloogakershus\/om-nib\/blomsterengene-pa-nygard-skjotsel-og-restaurering\/","name":"Blomsterengene p\u00e5 Nyg\u00e5rd \u2013 skj\u00f8tsel og restaurering - Oslo og Akershus","isPartOf":{"@id":"https:\/\/naturvernforbundet.no\/osloogakershus\/#website"},"primaryImageOfPage":{"@id":"https:\/\/naturvernforbundet.no\/osloogakershus\/om-nib\/blomsterengene-pa-nygard-skjotsel-og-restaurering\/#primaryimage"},"image":{"@id":"https:\/\/naturvernforbundet.no\/osloogakershus\/om-nib\/blomsterengene-pa-nygard-skjotsel-og-restaurering\/#primaryimage"},"thumbnailUrl":"https:\/\/naturvernforbundet.no\/content\/uploads\/sites\/10\/2025\/10\/Eng-pa-Nygard-20250601_200857-B-KB-scaled.jpg","datePublished":"2025-10-05T16:52:15+00:00","dateModified":"2025-10-06T13:31:21+00:00","description":"Blomsterengene p\u00e5 Nyg\u00e5rd - skj\u00f8tsel og restaurering - Blomsterengene p\u00e5 Nyg\u00e5rd \u2013 skj\u00f8tsel og restaurering Prosjekter Oslo og Akershus","breadcrumb":{"@id":"https:\/\/naturvernforbundet.no\/osloogakershus\/om-nib\/blomsterengene-pa-nygard-skjotsel-og-restaurering\/#breadcrumb"},"inLanguage":"nb-NO","potentialAction":[{"@type":"ReadAction","target":["https:\/\/naturvernforbundet.no\/osloogakershus\/om-nib\/blomsterengene-pa-nygard-skjotsel-og-restaurering\/"]}]},{"@type":"ImageObject","inLanguage":"nb-NO","@id":"https:\/\/naturvernforbundet.no\/osloogakershus\/om-nib\/blomsterengene-pa-nygard-skjotsel-og-restaurering\/#primaryimage","url":"https:\/\/naturvernforbundet.no\/content\/uploads\/sites\/10\/2025\/10\/Eng-pa-Nygard-20250601_200857-B-KB-scaled.jpg","contentUrl":"https:\/\/naturvernforbundet.no\/content\/uploads\/sites\/10\/2025\/10\/Eng-pa-Nygard-20250601_200857-B-KB-scaled.jpg","width":2560,"height":2048,"caption":"Blomsterengene ved markastua Nyg\u00e5rd"},{"@type":"BreadcrumbList","@id":"https:\/\/naturvernforbundet.no\/osloogakershus\/om-nib\/blomsterengene-pa-nygard-skjotsel-og-restaurering\/#breadcrumb","itemListElement":[{"@type":"ListItem","position":1,"name":"Till naturvernforbundet.no","item":"https:\/\/naturvernforbundet.no\/"},{"@type":"ListItem","position":2,"name":"Oslo og Akershus","item":"https:\/\/naturvernforbundet.no\/osloogakershus\/"},{"@type":"ListItem","position":3,"name":"Naturvernforbundet i B\u00e6rum","item":"https:\/\/naturvernforbundet.no\/osloogakershus\/om-nib\/"},{"@type":"ListItem","position":4,"name":"Blomsterengene p\u00e5 Nyg\u00e5rd \u2013 skj\u00f8tsel og restaurering"}]},{"@type":"WebSite","@id":"https:\/\/naturvernforbundet.no\/osloogakershus\/#website","url":"https:\/\/naturvernforbundet.no\/osloogakershus\/","name":"Oslo og Akershus","description":"Bare enda et Naturvernforbundet Sites-nettsted","potentialAction":[{"@type":"SearchAction","target":{"@type":"EntryPoint","urlTemplate":"https:\/\/naturvernforbundet.no\/osloogakershus\/?s={search_term_string}"},"query-input":{"@type":"PropertyValueSpecification","valueRequired":true,"valueName":"search_term_string"}}],"inLanguage":"nb-NO"}]}},"_links":{"self":[{"href":"https:\/\/naturvernforbundet.no\/osloogakershus\/wp-json\/wp\/v2\/pages\/15808","targetHints":{"allow":["GET"]}}],"collection":[{"href":"https:\/\/naturvernforbundet.no\/osloogakershus\/wp-json\/wp\/v2\/pages"}],"about":[{"href":"https:\/\/naturvernforbundet.no\/osloogakershus\/wp-json\/wp\/v2\/types\/page"}],"author":[{"embeddable":true,"href":"https:\/\/naturvernforbundet.no\/osloogakershus\/wp-json\/wp\/v2\/users\/268"}],"replies":[{"embeddable":true,"href":"https:\/\/naturvernforbundet.no\/osloogakershus\/wp-json\/wp\/v2\/comments?post=15808"}],"version-history":[{"count":14,"href":"https:\/\/naturvernforbundet.no\/osloogakershus\/wp-json\/wp\/v2\/pages\/15808\/revisions"}],"predecessor-version":[{"id":15890,"href":"https:\/\/naturvernforbundet.no\/osloogakershus\/wp-json\/wp\/v2\/pages\/15808\/revisions\/15890"}],"up":[{"embeddable":true,"href":"https:\/\/naturvernforbundet.no\/osloogakershus\/wp-json\/wp\/v2\/pages\/3837"}],"wp:featuredmedia":[{"embeddable":true,"href":"https:\/\/naturvernforbundet.no\/osloogakershus\/wp-json\/wp\/v2\/media\/15810"}],"wp:attachment":[{"href":"https:\/\/naturvernforbundet.no\/osloogakershus\/wp-json\/wp\/v2\/media?parent=15808"}],"wp:term":[{"taxonomy":"category","embeddable":true,"href":"https:\/\/naturvernforbundet.no\/osloogakershus\/wp-json\/wp\/v2\/categories?post=15808"}],"curies":[{"name":"wp","href":"https:\/\/api.w.org\/{rel}","templated":true}]}}