{"id":15827,"date":"2025-10-05T18:53:16","date_gmt":"2025-10-05T16:53:16","guid":{"rendered":"https:\/\/naturvernforbundet.no\/osloogakershus\/?page_id=15827"},"modified":"2025-10-06T16:23:13","modified_gmt":"2025-10-06T14:23:13","slug":"kulturenga-pa-gjettumbratan","status":"publish","type":"page","link":"https:\/\/naturvernforbundet.no\/osloogakershus\/om-nib\/kulturenga-pa-gjettumbratan\/","title":{"rendered":"Kulturenga p\u00e5 Gjettumbr\u00e5tan"},"content":{"rendered":"\t<div class=\"template-page alignfull wp-block-naturvern-hero\">\n\t\t<div class=\"hero__inner\">\n\t\t\t<div class=\"hero__inner_blocks\">\n\t\t\t\t\t\t\t\t\n<h1 class=\"wp-block-post-title\">Kulturenga p\u00e5 Gjettumbr\u00e5tan<\/h1>\n\n\n<p>Naturvernforbundet i B\u00e6rum har sl\u00e5tt denne enga hvert \u00e5r siden 1998. Enga sl\u00e5s for \u00e5 reetablere det tidligere plantesamfunnet til en blomstereng.<\/p>\n\n\n\n<div class=\"wp-block-buttons is-layout-flex wp-block-buttons-is-layout-flex\"><\/div>\n\n\t\t\t<\/div>\n\t\t\t\t\t<\/div>\n\t\t\t<\/div>\n\t\n\n\n<figure class=\"wp-block-image size-large\"><div class=\"t2-image-credit\"><img loading=\"lazy\" decoding=\"async\" width=\"1024\" height=\"768\" src=\"https:\/\/naturvernforbundet.no\/content\/uploads\/sites\/10\/2025\/10\/Dugnad-Zsuzsa-Fey-IMG_20240812_172137-1024x768.jpg\" alt=\"Folk raker p\u00e5 enga. foto\" class=\"wp-image-15828\" srcset=\"https:\/\/naturvernforbundet.no\/content\/uploads\/sites\/10\/2025\/10\/Dugnad-Zsuzsa-Fey-IMG_20240812_172137-1024x768.jpg 1024w, https:\/\/naturvernforbundet.no\/content\/uploads\/sites\/10\/2025\/10\/Dugnad-Zsuzsa-Fey-IMG_20240812_172137-300x225.jpg 300w, https:\/\/naturvernforbundet.no\/content\/uploads\/sites\/10\/2025\/10\/Dugnad-Zsuzsa-Fey-IMG_20240812_172137-768x576.jpg 768w, https:\/\/naturvernforbundet.no\/content\/uploads\/sites\/10\/2025\/10\/Dugnad-Zsuzsa-Fey-IMG_20240812_172137-1536x1152.jpg 1536w, https:\/\/naturvernforbundet.no\/content\/uploads\/sites\/10\/2025\/10\/Dugnad-Zsuzsa-Fey-IMG_20240812_172137-2048x1536.jpg 2048w, https:\/\/naturvernforbundet.no\/content\/uploads\/sites\/10\/2025\/10\/Dugnad-Zsuzsa-Fey-IMG_20240812_172137-1920x1440.jpg 1920w\" sizes=\"auto, (max-width: 1024px) 100vw, 1024px\" \/><span class=\"t2-image-credit-name\">Zsuzsa Fey<\/span><\/div><\/figure>\n\n\n\n<p>Enga p\u00e5 Gjettumbr\u00e5tan er en levende blomstereng med et rikt mangfold av arter. Enga tilh\u00f8rer Nordre Gjettum g\u00e5rd og ligger gunstig til sydvendt p\u00e5 kalkrik grunn.<\/p>\n\n\n\n<p>En viktig \u00e5rsak til mangfoldet er at enga blir sl\u00e5tt regelmessig. Dermed kalles den for sl\u00e5tteng eller sl\u00e5ttemark og er definert som en utvalgt naturtype. Skj\u00f8tselen f\u00e5r st\u00f8tte fra B\u00e6rum kommune.<\/p>\n\n\n\n<h2 class=\"wp-block-heading\">Mange ulike karplanter p\u00e5 enga<\/h2>\n\n\n\n<p>Skj\u00f8tselen virker, i 2022 fant botaniker Anders Often 118 ulike karplanter p\u00e5 enga. N\u00e5 er b\u00e5de engsoleie, prestekrage, knollerteknapp, gulaks og bl\u00e5klokke vanlige p\u00e5 Gjettumbr\u00e5tan. Videre finnes kransmynte, fagerklokke, engknoppurt. <\/p>\n\n\n\n<p>Av sjeldne planter kan vi nevne maria n\u00f8kleblom og orkid\u00e9ene grov nattfiol, breiflangre og r\u00f8dflangre.<\/p>\n\n\n\n<div class=\"wp-block-group is-layout-grid wp-container-core-group-is-layout-1 wp-block-group-is-layout-grid\">\n<figure class=\"wp-block-image size-large\"><div class=\"t2-image-credit\"><img loading=\"lazy\" decoding=\"async\" width=\"768\" height=\"1024\" src=\"https:\/\/naturvernforbundet.no\/content\/uploads\/sites\/10\/2025\/10\/Blomster-Zsuzsa-Fey-IMG_20240608_131909_3-768x1024.jpg\" alt=\"\" class=\"wp-image-15830\" srcset=\"https:\/\/naturvernforbundet.no\/content\/uploads\/sites\/10\/2025\/10\/Blomster-Zsuzsa-Fey-IMG_20240608_131909_3-768x1024.jpg 768w, https:\/\/naturvernforbundet.no\/content\/uploads\/sites\/10\/2025\/10\/Blomster-Zsuzsa-Fey-IMG_20240608_131909_3-225x300.jpg 225w, https:\/\/naturvernforbundet.no\/content\/uploads\/sites\/10\/2025\/10\/Blomster-Zsuzsa-Fey-IMG_20240608_131909_3-1152x1536.jpg 1152w, https:\/\/naturvernforbundet.no\/content\/uploads\/sites\/10\/2025\/10\/Blomster-Zsuzsa-Fey-IMG_20240608_131909_3-1536x2048.jpg 1536w, https:\/\/naturvernforbundet.no\/content\/uploads\/sites\/10\/2025\/10\/Blomster-Zsuzsa-Fey-IMG_20240608_131909_3-1440x1920.jpg 1440w, https:\/\/naturvernforbundet.no\/content\/uploads\/sites\/10\/2025\/10\/Blomster-Zsuzsa-Fey-IMG_20240608_131909_3-scaled.jpg 1920w\" sizes=\"auto, (max-width: 768px) 100vw, 768px\" \/><span class=\"t2-image-credit-name\">Zsuzsa Fey<\/span><\/div><figcaption class=\"wp-element-caption\">Blomster<\/figcaption><\/figure>\n\n\n\n<figure class=\"wp-block-image size-large\"><div class=\"t2-image-credit\"><img loading=\"lazy\" decoding=\"async\" width=\"768\" height=\"1024\" src=\"https:\/\/naturvernforbundet.no\/content\/uploads\/sites\/10\/2025\/10\/Enga-slas-Zsuzsa-Fey-768x1024.jpg\" alt=\"Sl\u00e5tteng\" class=\"wp-image-15832\" srcset=\"https:\/\/naturvernforbundet.no\/content\/uploads\/sites\/10\/2025\/10\/Enga-slas-Zsuzsa-Fey-768x1024.jpg 768w, https:\/\/naturvernforbundet.no\/content\/uploads\/sites\/10\/2025\/10\/Enga-slas-Zsuzsa-Fey-225x300.jpg 225w, https:\/\/naturvernforbundet.no\/content\/uploads\/sites\/10\/2025\/10\/Enga-slas-Zsuzsa-Fey-1152x1536.jpg 1152w, https:\/\/naturvernforbundet.no\/content\/uploads\/sites\/10\/2025\/10\/Enga-slas-Zsuzsa-Fey-1536x2048.jpg 1536w, https:\/\/naturvernforbundet.no\/content\/uploads\/sites\/10\/2025\/10\/Enga-slas-Zsuzsa-Fey-1440x1920.jpg 1440w, https:\/\/naturvernforbundet.no\/content\/uploads\/sites\/10\/2025\/10\/Enga-slas-Zsuzsa-Fey-scaled.jpg 1920w\" sizes=\"auto, (max-width: 768px) 100vw, 768px\" \/><span class=\"t2-image-credit-name\">Zsuzsa Fey<\/span><\/div><figcaption class=\"wp-element-caption\">Enga under sl\u00e5tten<\/figcaption><\/figure>\n\n\n\n<figure class=\"wp-block-image size-large\"><div class=\"t2-image-credit\"><img loading=\"lazy\" decoding=\"async\" width=\"768\" height=\"1024\" src=\"https:\/\/naturvernforbundet.no\/content\/uploads\/sites\/10\/2025\/10\/Nattfiol-Zsuzsa-Fey-IMG_20240608_131807_1-768x1024.jpg\" alt=\"Nattfiol\" class=\"wp-image-15831\" srcset=\"https:\/\/naturvernforbundet.no\/content\/uploads\/sites\/10\/2025\/10\/Nattfiol-Zsuzsa-Fey-IMG_20240608_131807_1-768x1024.jpg 768w, https:\/\/naturvernforbundet.no\/content\/uploads\/sites\/10\/2025\/10\/Nattfiol-Zsuzsa-Fey-IMG_20240608_131807_1-225x300.jpg 225w, https:\/\/naturvernforbundet.no\/content\/uploads\/sites\/10\/2025\/10\/Nattfiol-Zsuzsa-Fey-IMG_20240608_131807_1-1152x1536.jpg 1152w, https:\/\/naturvernforbundet.no\/content\/uploads\/sites\/10\/2025\/10\/Nattfiol-Zsuzsa-Fey-IMG_20240608_131807_1-1536x2048.jpg 1536w, https:\/\/naturvernforbundet.no\/content\/uploads\/sites\/10\/2025\/10\/Nattfiol-Zsuzsa-Fey-IMG_20240608_131807_1-1440x1920.jpg 1440w, https:\/\/naturvernforbundet.no\/content\/uploads\/sites\/10\/2025\/10\/Nattfiol-Zsuzsa-Fey-IMG_20240608_131807_1-scaled.jpg 1920w\" sizes=\"auto, (max-width: 768px) 100vw, 768px\" \/><span class=\"t2-image-credit-name\">Zsuzsa Fey<\/span><\/div><figcaption class=\"wp-element-caption\">Nattfiol<\/figcaption><\/figure>\n<\/div>\n\n\n\n<h2 class=\"wp-block-heading\">Sl\u00e5tten<\/h2>\n\n\n\n<p>Det er Naturvernforbundet i B\u00e6rum og Asker som p\u00e5 dugnad har sl\u00e5tt og skj\u00f8ttet enga hvert \u00e5r siden 1998. Zsuzsa Fey har organisert og administrert sl\u00e5tten i mange \u00e5r. I 2021 fikk hun NiBs milj\u00f8vernpris for denne innsatsen. <\/p>\n\n\n\n<p>Jan H\u00e4usler fra Naturvernforbundet i Asker kommer med sl\u00e5maskin og sl\u00e5r enga. S\u00e5 m\u00e5 gresset t\u00f8rke p\u00e5 bakken noen dager, f\u00f8r dugnadsgjengen kommer for \u00e5 rake og fjerne gresset fra enga. Sl\u00e5tten skjer vanligvis i august, da det er viktig med t\u00f8rt og varmt v\u00e6r for at gresset skal t\u00f8rke.<\/p>\n\n\n\n<p>Disse dugnadene er veldig hyggelige, med kaffepause og kakeservering p\u00e5 enga.<\/p>\n\n\n\n<p><strong><a href=\"https:\/\/naturvernforbundet.no\/osloogakershus\/dugnader\/\">Se ogs\u00e5 mer informasjon om v\u00e5re dugnader her<\/a><\/strong><\/p>\n","protected":false},"excerpt":{"rendered":"","protected":false},"author":268,"featured_media":15828,"parent":3837,"menu_order":0,"comment_status":"closed","ping_status":"closed","template":"","meta":{"_relevanssi_hide_post":"","_relevanssi_hide_content":"","_relevanssi_pin_for_all":"","_relevanssi_pin_keywords":"","_relevanssi_unpin_keywords":"","_relevanssi_related_keywords":"","_relevanssi_related_include_ids":"","_relevanssi_related_exclude_ids":"","_relevanssi_related_no_append":"","_relevanssi_related_not_related":"","_relevanssi_related_posts":"304,2679,14167,13177,2882,1860","_relevanssi_noindex_reason":"","hide_logo":false,"footnotes":""},"categories":[380,430],"class_list":["post-15827","page","type-page","status-publish","has-post-thumbnail","hentry","category-artsmangfold","category-prosjekter-baerum"],"acf":[],"yoast_head":"<!-- This site is optimized with the Yoast SEO Premium plugin v24.9 (Yoast SEO v24.9) - https:\/\/yoast.com\/wordpress\/plugins\/seo\/ -->\n<title>Kulturenga p\u00e5 Gjettumbr\u00e5tan - Oslo og Akershus<\/title>\n<meta name=\"description\" content=\"Kulturenga p\u00e5 Gjettumbr\u00e5tan - Kulturenga p\u00e5 Gjettumbr\u00e5tan Prosjekter Oslo og Akershus\" \/>\n<meta name=\"robots\" content=\"index, follow, max-snippet:-1, max-image-preview:large, max-video-preview:-1\" \/>\n<link rel=\"canonical\" href=\"https:\/\/naturvernforbundet.no\/osloogakershus\/om-nib\/kulturenga-pa-gjettumbratan\/\" \/>\n<meta property=\"og:locale\" content=\"nb_NO\" \/>\n<meta property=\"og:type\" content=\"article\" \/>\n<meta property=\"og:title\" content=\"Kulturenga p\u00e5 Gjettumbr\u00e5tan\" \/>\n<meta property=\"og:description\" content=\"Kulturenga p\u00e5 Gjettumbr\u00e5tan - Kulturenga p\u00e5 Gjettumbr\u00e5tan Prosjekter Oslo og Akershus\" \/>\n<meta property=\"og:url\" content=\"https:\/\/naturvernforbundet.no\/osloogakershus\/om-nib\/kulturenga-pa-gjettumbratan\/\" \/>\n<meta property=\"og:site_name\" content=\"Oslo og Akershus\" \/>\n<meta property=\"article:modified_time\" content=\"2025-10-06T14:23:13+00:00\" \/>\n<meta property=\"og:image\" content=\"https:\/\/naturvernforbundet.no\/content\/uploads\/sites\/10\/2025\/10\/Dugnad-Zsuzsa-Fey-IMG_20240812_172137-scaled.jpg\" \/>\n\t<meta property=\"og:image:width\" content=\"2560\" \/>\n\t<meta property=\"og:image:height\" content=\"1920\" \/>\n\t<meta property=\"og:image:type\" content=\"image\/jpeg\" \/>\n<meta name=\"twitter:card\" content=\"summary_large_image\" \/>\n<meta name=\"twitter:label1\" content=\"Ansl. lesetid\" \/>\n\t<meta name=\"twitter:data1\" content=\"3 minutter\" \/>\n<script type=\"application\/ld+json\" class=\"yoast-schema-graph\">{\"@context\":\"https:\/\/schema.org\",\"@graph\":[{\"@type\":\"WebPage\",\"@id\":\"https:\/\/naturvernforbundet.no\/osloogakershus\/om-nib\/kulturenga-pa-gjettumbratan\/\",\"url\":\"https:\/\/naturvernforbundet.no\/osloogakershus\/om-nib\/kulturenga-pa-gjettumbratan\/\",\"name\":\"Kulturenga p\u00e5 Gjettumbr\u00e5tan - Oslo og Akershus\",\"isPartOf\":{\"@id\":\"https:\/\/naturvernforbundet.no\/osloogakershus\/#website\"},\"primaryImageOfPage\":{\"@id\":\"https:\/\/naturvernforbundet.no\/osloogakershus\/om-nib\/kulturenga-pa-gjettumbratan\/#primaryimage\"},\"image\":{\"@id\":\"https:\/\/naturvernforbundet.no\/osloogakershus\/om-nib\/kulturenga-pa-gjettumbratan\/#primaryimage\"},\"thumbnailUrl\":\"https:\/\/naturvernforbundet.no\/content\/uploads\/sites\/10\/2025\/10\/Dugnad-Zsuzsa-Fey-IMG_20240812_172137-scaled.jpg\",\"datePublished\":\"2025-10-05T16:53:16+00:00\",\"dateModified\":\"2025-10-06T14:23:13+00:00\",\"description\":\"Kulturenga p\u00e5 Gjettumbr\u00e5tan - Kulturenga p\u00e5 Gjettumbr\u00e5tan Prosjekter Oslo og Akershus\",\"breadcrumb\":{\"@id\":\"https:\/\/naturvernforbundet.no\/osloogakershus\/om-nib\/kulturenga-pa-gjettumbratan\/#breadcrumb\"},\"inLanguage\":\"nb-NO\",\"potentialAction\":[{\"@type\":\"ReadAction\",\"target\":[\"https:\/\/naturvernforbundet.no\/osloogakershus\/om-nib\/kulturenga-pa-gjettumbratan\/\"]}]},{\"@type\":\"ImageObject\",\"inLanguage\":\"nb-NO\",\"@id\":\"https:\/\/naturvernforbundet.no\/osloogakershus\/om-nib\/kulturenga-pa-gjettumbratan\/#primaryimage\",\"url\":\"https:\/\/naturvernforbundet.no\/content\/uploads\/sites\/10\/2025\/10\/Dugnad-Zsuzsa-Fey-IMG_20240812_172137-scaled.jpg\",\"contentUrl\":\"https:\/\/naturvernforbundet.no\/content\/uploads\/sites\/10\/2025\/10\/Dugnad-Zsuzsa-Fey-IMG_20240812_172137-scaled.jpg\",\"width\":2560,\"height\":1920,\"caption\":\"Folk raker p\u00e5 enga. foto\"},{\"@type\":\"BreadcrumbList\",\"@id\":\"https:\/\/naturvernforbundet.no\/osloogakershus\/om-nib\/kulturenga-pa-gjettumbratan\/#breadcrumb\",\"itemListElement\":[{\"@type\":\"ListItem\",\"position\":1,\"name\":\"Till naturvernforbundet.no\",\"item\":\"https:\/\/naturvernforbundet.no\/\"},{\"@type\":\"ListItem\",\"position\":2,\"name\":\"Oslo og Akershus\",\"item\":\"https:\/\/naturvernforbundet.no\/osloogakershus\/\"},{\"@type\":\"ListItem\",\"position\":3,\"name\":\"Naturvernforbundet i B\u00e6rum\",\"item\":\"https:\/\/naturvernforbundet.no\/osloogakershus\/om-nib\/\"},{\"@type\":\"ListItem\",\"position\":4,\"name\":\"Kulturenga p\u00e5 Gjettumbr\u00e5tan\"}]},{\"@type\":\"WebSite\",\"@id\":\"https:\/\/naturvernforbundet.no\/osloogakershus\/#website\",\"url\":\"https:\/\/naturvernforbundet.no\/osloogakershus\/\",\"name\":\"Oslo og Akershus\",\"description\":\"Bare enda et Naturvernforbundet Sites-nettsted\",\"potentialAction\":[{\"@type\":\"SearchAction\",\"target\":{\"@type\":\"EntryPoint\",\"urlTemplate\":\"https:\/\/naturvernforbundet.no\/osloogakershus\/?s={search_term_string}\"},\"query-input\":{\"@type\":\"PropertyValueSpecification\",\"valueRequired\":true,\"valueName\":\"search_term_string\"}}],\"inLanguage\":\"nb-NO\"}]}<\/script>\n<!-- \/ Yoast SEO Premium plugin. -->","yoast_head_json":{"title":"Kulturenga p\u00e5 Gjettumbr\u00e5tan - Oslo og Akershus","description":"Kulturenga p\u00e5 Gjettumbr\u00e5tan - Kulturenga p\u00e5 Gjettumbr\u00e5tan Prosjekter Oslo og Akershus","robots":{"index":"index","follow":"follow","max-snippet":"max-snippet:-1","max-image-preview":"max-image-preview:large","max-video-preview":"max-video-preview:-1"},"canonical":"https:\/\/naturvernforbundet.no\/osloogakershus\/om-nib\/kulturenga-pa-gjettumbratan\/","og_locale":"nb_NO","og_type":"article","og_title":"Kulturenga p\u00e5 Gjettumbr\u00e5tan","og_description":"Kulturenga p\u00e5 Gjettumbr\u00e5tan - Kulturenga p\u00e5 Gjettumbr\u00e5tan Prosjekter Oslo og Akershus","og_url":"https:\/\/naturvernforbundet.no\/osloogakershus\/om-nib\/kulturenga-pa-gjettumbratan\/","og_site_name":"Oslo og Akershus","article_modified_time":"2025-10-06T14:23:13+00:00","og_image":[{"width":2560,"height":1920,"url":"https:\/\/naturvernforbundet.no\/content\/uploads\/sites\/10\/2025\/10\/Dugnad-Zsuzsa-Fey-IMG_20240812_172137-scaled.jpg","type":"image\/jpeg"}],"twitter_card":"summary_large_image","twitter_misc":{"Ansl. lesetid":"3 minutter"},"schema":{"@context":"https:\/\/schema.org","@graph":[{"@type":"WebPage","@id":"https:\/\/naturvernforbundet.no\/osloogakershus\/om-nib\/kulturenga-pa-gjettumbratan\/","url":"https:\/\/naturvernforbundet.no\/osloogakershus\/om-nib\/kulturenga-pa-gjettumbratan\/","name":"Kulturenga p\u00e5 Gjettumbr\u00e5tan - Oslo og Akershus","isPartOf":{"@id":"https:\/\/naturvernforbundet.no\/osloogakershus\/#website"},"primaryImageOfPage":{"@id":"https:\/\/naturvernforbundet.no\/osloogakershus\/om-nib\/kulturenga-pa-gjettumbratan\/#primaryimage"},"image":{"@id":"https:\/\/naturvernforbundet.no\/osloogakershus\/om-nib\/kulturenga-pa-gjettumbratan\/#primaryimage"},"thumbnailUrl":"https:\/\/naturvernforbundet.no\/content\/uploads\/sites\/10\/2025\/10\/Dugnad-Zsuzsa-Fey-IMG_20240812_172137-scaled.jpg","datePublished":"2025-10-05T16:53:16+00:00","dateModified":"2025-10-06T14:23:13+00:00","description":"Kulturenga p\u00e5 Gjettumbr\u00e5tan - Kulturenga p\u00e5 Gjettumbr\u00e5tan Prosjekter Oslo og Akershus","breadcrumb":{"@id":"https:\/\/naturvernforbundet.no\/osloogakershus\/om-nib\/kulturenga-pa-gjettumbratan\/#breadcrumb"},"inLanguage":"nb-NO","potentialAction":[{"@type":"ReadAction","target":["https:\/\/naturvernforbundet.no\/osloogakershus\/om-nib\/kulturenga-pa-gjettumbratan\/"]}]},{"@type":"ImageObject","inLanguage":"nb-NO","@id":"https:\/\/naturvernforbundet.no\/osloogakershus\/om-nib\/kulturenga-pa-gjettumbratan\/#primaryimage","url":"https:\/\/naturvernforbundet.no\/content\/uploads\/sites\/10\/2025\/10\/Dugnad-Zsuzsa-Fey-IMG_20240812_172137-scaled.jpg","contentUrl":"https:\/\/naturvernforbundet.no\/content\/uploads\/sites\/10\/2025\/10\/Dugnad-Zsuzsa-Fey-IMG_20240812_172137-scaled.jpg","width":2560,"height":1920,"caption":"Folk raker p\u00e5 enga. foto"},{"@type":"BreadcrumbList","@id":"https:\/\/naturvernforbundet.no\/osloogakershus\/om-nib\/kulturenga-pa-gjettumbratan\/#breadcrumb","itemListElement":[{"@type":"ListItem","position":1,"name":"Till naturvernforbundet.no","item":"https:\/\/naturvernforbundet.no\/"},{"@type":"ListItem","position":2,"name":"Oslo og Akershus","item":"https:\/\/naturvernforbundet.no\/osloogakershus\/"},{"@type":"ListItem","position":3,"name":"Naturvernforbundet i B\u00e6rum","item":"https:\/\/naturvernforbundet.no\/osloogakershus\/om-nib\/"},{"@type":"ListItem","position":4,"name":"Kulturenga p\u00e5 Gjettumbr\u00e5tan"}]},{"@type":"WebSite","@id":"https:\/\/naturvernforbundet.no\/osloogakershus\/#website","url":"https:\/\/naturvernforbundet.no\/osloogakershus\/","name":"Oslo og Akershus","description":"Bare enda et Naturvernforbundet Sites-nettsted","potentialAction":[{"@type":"SearchAction","target":{"@type":"EntryPoint","urlTemplate":"https:\/\/naturvernforbundet.no\/osloogakershus\/?s={search_term_string}"},"query-input":{"@type":"PropertyValueSpecification","valueRequired":true,"valueName":"search_term_string"}}],"inLanguage":"nb-NO"}]}},"_links":{"self":[{"href":"https:\/\/naturvernforbundet.no\/osloogakershus\/wp-json\/wp\/v2\/pages\/15827","targetHints":{"allow":["GET"]}}],"collection":[{"href":"https:\/\/naturvernforbundet.no\/osloogakershus\/wp-json\/wp\/v2\/pages"}],"about":[{"href":"https:\/\/naturvernforbundet.no\/osloogakershus\/wp-json\/wp\/v2\/types\/page"}],"author":[{"embeddable":true,"href":"https:\/\/naturvernforbundet.no\/osloogakershus\/wp-json\/wp\/v2\/users\/268"}],"replies":[{"embeddable":true,"href":"https:\/\/naturvernforbundet.no\/osloogakershus\/wp-json\/wp\/v2\/comments?post=15827"}],"version-history":[{"count":6,"href":"https:\/\/naturvernforbundet.no\/osloogakershus\/wp-json\/wp\/v2\/pages\/15827\/revisions"}],"predecessor-version":[{"id":15899,"href":"https:\/\/naturvernforbundet.no\/osloogakershus\/wp-json\/wp\/v2\/pages\/15827\/revisions\/15899"}],"up":[{"embeddable":true,"href":"https:\/\/naturvernforbundet.no\/osloogakershus\/wp-json\/wp\/v2\/pages\/3837"}],"wp:featuredmedia":[{"embeddable":true,"href":"https:\/\/naturvernforbundet.no\/osloogakershus\/wp-json\/wp\/v2\/media\/15828"}],"wp:attachment":[{"href":"https:\/\/naturvernforbundet.no\/osloogakershus\/wp-json\/wp\/v2\/media?parent=15827"}],"wp:term":[{"taxonomy":"category","embeddable":true,"href":"https:\/\/naturvernforbundet.no\/osloogakershus\/wp-json\/wp\/v2\/categories?post=15827"}],"curies":[{"name":"wp","href":"https:\/\/api.w.org\/{rel}","templated":true}]}}