{"id":15837,"date":"2025-10-05T18:48:08","date_gmt":"2025-10-05T16:48:08","guid":{"rendered":"https:\/\/naturvernforbundet.no\/osloogakershus\/?page_id=15837"},"modified":"2025-10-05T19:04:18","modified_gmt":"2025-10-05T17:04:18","slug":"vare-prosjekter","status":"publish","type":"page","link":"https:\/\/naturvernforbundet.no\/osloogakershus\/om-nib\/vare-prosjekter\/","title":{"rendered":"V\u00e5re prosjekter"},"content":{"rendered":"\t<div class=\"template-page alignfull wp-block-naturvern-hero\">\n\t\t<div class=\"hero__inner\">\n\t\t\t<div class=\"hero__inner_blocks\">\n\t\t\t\t\t\t\t\t\n<h1 class=\"wp-block-post-title\">V\u00e5re prosjekter<\/h1>\n\n\n<p>Naturvernforbundet i B\u00e6rum har satt i gang noen prosjekter <br>for \u00e5 ta vare p\u00e5 naturmangfoldet i B\u00e6rum.<\/p>\n\n\n\n<div class=\"wp-block-buttons is-layout-flex wp-block-buttons-is-layout-flex\"><\/div>\n\n\t\t\t<\/div>\n\t\t\t\t\t<\/div>\n\t\t\t<\/div>\n\t\n\n<div class=\"t2-featured-content-layout alignwide alignwide wp-block-t2-featured-content-layout\">\n<div class=\"t2-featured-single-post t2-featured-content is-post-type-page category-artsmangfold category-prosjekter-baerum wp-block-t2-featured-single-post\"><a class=\"t2-post-link wp-block-t2-post-link\" href=\"https:\/\/naturvernforbundet.no\/osloogakershus\/om-nib\/kulturenga-pa-gjettumbratan\/\">\n<figure style=\"--t2-focal-point: 50% 50%;\" class=\"t2-post-featured-image has-image-ratio-4-3 wp-block-t2-post-featured-image\"><img loading=\"lazy\" decoding=\"async\" width=\"2560\" height=\"1920\" src=\"https:\/\/naturvernforbundet.no\/content\/uploads\/sites\/10\/2025\/10\/Dugnad-Zsuzsa-Fey-IMG_20240812_172137-scaled.jpg\" class=\"attachment-post-thumbnail size-post-thumbnail wp-post-image\" alt=\"Folk raker p\u00e5 enga. foto\" srcset=\"https:\/\/naturvernforbundet.no\/content\/uploads\/sites\/10\/2025\/10\/Dugnad-Zsuzsa-Fey-IMG_20240812_172137-scaled.jpg 2560w, https:\/\/naturvernforbundet.no\/content\/uploads\/sites\/10\/2025\/10\/Dugnad-Zsuzsa-Fey-IMG_20240812_172137-300x225.jpg 300w, https:\/\/naturvernforbundet.no\/content\/uploads\/sites\/10\/2025\/10\/Dugnad-Zsuzsa-Fey-IMG_20240812_172137-1024x768.jpg 1024w, https:\/\/naturvernforbundet.no\/content\/uploads\/sites\/10\/2025\/10\/Dugnad-Zsuzsa-Fey-IMG_20240812_172137-768x576.jpg 768w, https:\/\/naturvernforbundet.no\/content\/uploads\/sites\/10\/2025\/10\/Dugnad-Zsuzsa-Fey-IMG_20240812_172137-1536x1152.jpg 1536w, https:\/\/naturvernforbundet.no\/content\/uploads\/sites\/10\/2025\/10\/Dugnad-Zsuzsa-Fey-IMG_20240812_172137-2048x1536.jpg 2048w, https:\/\/naturvernforbundet.no\/content\/uploads\/sites\/10\/2025\/10\/Dugnad-Zsuzsa-Fey-IMG_20240812_172137-1920x1440.jpg 1920w\" sizes=\"auto, (max-width: 2560px) 100vw, 2560px\" \/><\/figure>\n\n<div class=\"wp-block-group alignfull is-layout-flow wp-block-group-is-layout-flow\">\n\t<h2 class=\"t2-post-title wp-block-t2-post-title\">Kulturenga p\u00e5 Gjettumbr\u00e5tan<\/h2>\n\t<p class=\"wp-block-naturvern-post-excerpt\"><\/p>\n\t\t<div class=\"wp-block-naturvern-post-meta\">\n\t\t\t\t\t<span class=\"cat\">\n\t\t\t\t\t\t\t\t\t<span><span class=\"tag-link\" data-href=\"https:\/\/naturvernforbundet.no\/osloogakershus\/category\/artsmangfold\/\">Artsmangfold<\/span><\/span>\n\t\t\t\t\t\t\t\t\t<span><span class=\"tag-link\" data-href=\"https:\/\/naturvernforbundet.no\/osloogakershus\/category\/baerum\/prosjekter-baerum\/\">Prosjekter<\/span><\/span>\n\t\t\t\t\t\t\t<\/span>\n\t\t\t\t\t<\/div>\n\t\n<\/div>\n\n<\/a>\n<\/div>\n\n<div class=\"t2-featured-single-post t2-featured-content is-post-type-page category-artsmangfold category-prosjekter-baerum wp-block-t2-featured-single-post\"><a class=\"t2-post-link wp-block-t2-post-link\" href=\"https:\/\/naturvernforbundet.no\/osloogakershus\/om-nib\/blomsterengene-pa-nygard-skjotsel-og-restaurering\/\">\n<figure style=\"--t2-focal-point: 50% 50%;\" class=\"t2-post-featured-image has-image-ratio-4-3 wp-block-t2-post-featured-image\"><img loading=\"lazy\" decoding=\"async\" width=\"2560\" height=\"2048\" src=\"https:\/\/naturvernforbundet.no\/content\/uploads\/sites\/10\/2025\/10\/Eng-pa-Nygard-20250601_200857-B-KB-scaled.jpg\" class=\"attachment-post-thumbnail size-post-thumbnail wp-post-image\" alt=\"Blomstereng med hus i bakgrunnen, foto\" srcset=\"https:\/\/naturvernforbundet.no\/content\/uploads\/sites\/10\/2025\/10\/Eng-pa-Nygard-20250601_200857-B-KB-scaled.jpg 2560w, https:\/\/naturvernforbundet.no\/content\/uploads\/sites\/10\/2025\/10\/Eng-pa-Nygard-20250601_200857-B-KB-300x240.jpg 300w, https:\/\/naturvernforbundet.no\/content\/uploads\/sites\/10\/2025\/10\/Eng-pa-Nygard-20250601_200857-B-KB-1024x819.jpg 1024w, https:\/\/naturvernforbundet.no\/content\/uploads\/sites\/10\/2025\/10\/Eng-pa-Nygard-20250601_200857-B-KB-768x614.jpg 768w, https:\/\/naturvernforbundet.no\/content\/uploads\/sites\/10\/2025\/10\/Eng-pa-Nygard-20250601_200857-B-KB-1536x1229.jpg 1536w, https:\/\/naturvernforbundet.no\/content\/uploads\/sites\/10\/2025\/10\/Eng-pa-Nygard-20250601_200857-B-KB-2048x1638.jpg 2048w, https:\/\/naturvernforbundet.no\/content\/uploads\/sites\/10\/2025\/10\/Eng-pa-Nygard-20250601_200857-B-KB-1920x1536.jpg 1920w\" sizes=\"auto, (max-width: 2560px) 100vw, 2560px\" \/><\/figure>\n\n<div class=\"wp-block-group alignfull is-layout-flow wp-block-group-is-layout-flow\">\n\t<h2 class=\"t2-post-title wp-block-t2-post-title\">Blomsterengene p\u00e5 Nyg\u00e5rd \u2013 skj\u00f8tsel og restaurering<\/h2>\n\t<p class=\"wp-block-naturvern-post-excerpt\"><\/p>\n\t\t<div class=\"wp-block-naturvern-post-meta\">\n\t\t\t\t\t<span class=\"cat\">\n\t\t\t\t\t\t\t\t\t<span><span class=\"tag-link\" data-href=\"https:\/\/naturvernforbundet.no\/osloogakershus\/category\/artsmangfold\/\">Artsmangfold<\/span><\/span>\n\t\t\t\t\t\t\t\t\t<span><span class=\"tag-link\" data-href=\"https:\/\/naturvernforbundet.no\/osloogakershus\/category\/baerum\/prosjekter-baerum\/\">Prosjekter<\/span><\/span>\n\t\t\t\t\t\t\t<\/span>\n\t\t\t\t\t<\/div>\n\t\n<\/div>\n\n<\/a>\n<\/div>\n<\/div>","protected":false},"excerpt":{"rendered":"","protected":false},"author":268,"featured_media":0,"parent":3837,"menu_order":0,"comment_status":"closed","ping_status":"closed","template":"","meta":{"_relevanssi_hide_post":"","_relevanssi_hide_content":"","_relevanssi_pin_for_all":"","_relevanssi_pin_keywords":"","_relevanssi_unpin_keywords":"","_relevanssi_related_keywords":"","_relevanssi_related_include_ids":"","_relevanssi_related_exclude_ids":"","_relevanssi_related_no_append":"","_relevanssi_related_not_related":"","_relevanssi_related_posts":"2975,668,676,657,14511,3250","_relevanssi_noindex_reason":"","hide_logo":false,"footnotes":""},"categories":[140,430],"class_list":["post-15837","page","type-page","status-publish","hentry","category-baerum","category-prosjekter-baerum"],"acf":[],"yoast_head":"<!-- This site is optimized with the Yoast SEO Premium plugin v24.9 (Yoast SEO v24.9) - https:\/\/yoast.com\/wordpress\/plugins\/seo\/ -->\n<title>V\u00e5re prosjekter - Oslo og Akershus<\/title>\n<meta name=\"description\" content=\"V\u00e5re prosjekter - V\u00e5re prosjekter B\u00e6rum Oslo og Akershus\" \/>\n<meta name=\"robots\" content=\"index, follow, max-snippet:-1, max-image-preview:large, max-video-preview:-1\" \/>\n<link rel=\"canonical\" href=\"https:\/\/naturvernforbundet.no\/osloogakershus\/om-nib\/vare-prosjekter\/\" \/>\n<meta property=\"og:locale\" content=\"nb_NO\" \/>\n<meta property=\"og:type\" content=\"article\" \/>\n<meta property=\"og:title\" content=\"V\u00e5re prosjekter\" \/>\n<meta property=\"og:description\" content=\"V\u00e5re prosjekter - V\u00e5re prosjekter B\u00e6rum Oslo og Akershus\" \/>\n<meta property=\"og:url\" content=\"https:\/\/naturvernforbundet.no\/osloogakershus\/om-nib\/vare-prosjekter\/\" \/>\n<meta property=\"og:site_name\" content=\"Oslo og Akershus\" \/>\n<meta property=\"article:modified_time\" content=\"2025-10-05T17:04:18+00:00\" \/>\n<meta name=\"twitter:card\" content=\"summary_large_image\" \/>\n<meta name=\"twitter:label1\" content=\"Ansl. lesetid\" \/>\n\t<meta name=\"twitter:data1\" content=\"1 minutt\" \/>\n<script type=\"application\/ld+json\" class=\"yoast-schema-graph\">{\"@context\":\"https:\/\/schema.org\",\"@graph\":[{\"@type\":\"WebPage\",\"@id\":\"https:\/\/naturvernforbundet.no\/osloogakershus\/om-nib\/vare-prosjekter\/\",\"url\":\"https:\/\/naturvernforbundet.no\/osloogakershus\/om-nib\/vare-prosjekter\/\",\"name\":\"V\u00e5re prosjekter - Oslo og Akershus\",\"isPartOf\":{\"@id\":\"https:\/\/naturvernforbundet.no\/osloogakershus\/#website\"},\"datePublished\":\"2025-10-05T16:48:08+00:00\",\"dateModified\":\"2025-10-05T17:04:18+00:00\",\"description\":\"V\u00e5re prosjekter - V\u00e5re prosjekter B\u00e6rum Oslo og Akershus\",\"breadcrumb\":{\"@id\":\"https:\/\/naturvernforbundet.no\/osloogakershus\/om-nib\/vare-prosjekter\/#breadcrumb\"},\"inLanguage\":\"nb-NO\",\"potentialAction\":[{\"@type\":\"ReadAction\",\"target\":[\"https:\/\/naturvernforbundet.no\/osloogakershus\/om-nib\/vare-prosjekter\/\"]}]},{\"@type\":\"BreadcrumbList\",\"@id\":\"https:\/\/naturvernforbundet.no\/osloogakershus\/om-nib\/vare-prosjekter\/#breadcrumb\",\"itemListElement\":[{\"@type\":\"ListItem\",\"position\":1,\"name\":\"Till naturvernforbundet.no\",\"item\":\"https:\/\/naturvernforbundet.no\/\"},{\"@type\":\"ListItem\",\"position\":2,\"name\":\"Oslo og Akershus\",\"item\":\"https:\/\/naturvernforbundet.no\/osloogakershus\/\"},{\"@type\":\"ListItem\",\"position\":3,\"name\":\"Naturvernforbundet i B\u00e6rum\",\"item\":\"https:\/\/naturvernforbundet.no\/osloogakershus\/om-nib\/\"},{\"@type\":\"ListItem\",\"position\":4,\"name\":\"V\u00e5re prosjekter\"}]},{\"@type\":\"WebSite\",\"@id\":\"https:\/\/naturvernforbundet.no\/osloogakershus\/#website\",\"url\":\"https:\/\/naturvernforbundet.no\/osloogakershus\/\",\"name\":\"Oslo og Akershus\",\"description\":\"Bare enda et Naturvernforbundet Sites-nettsted\",\"potentialAction\":[{\"@type\":\"SearchAction\",\"target\":{\"@type\":\"EntryPoint\",\"urlTemplate\":\"https:\/\/naturvernforbundet.no\/osloogakershus\/?s={search_term_string}\"},\"query-input\":{\"@type\":\"PropertyValueSpecification\",\"valueRequired\":true,\"valueName\":\"search_term_string\"}}],\"inLanguage\":\"nb-NO\"}]}<\/script>\n<!-- \/ Yoast SEO Premium plugin. -->","yoast_head_json":{"title":"V\u00e5re prosjekter - Oslo og Akershus","description":"V\u00e5re prosjekter - V\u00e5re prosjekter B\u00e6rum Oslo og Akershus","robots":{"index":"index","follow":"follow","max-snippet":"max-snippet:-1","max-image-preview":"max-image-preview:large","max-video-preview":"max-video-preview:-1"},"canonical":"https:\/\/naturvernforbundet.no\/osloogakershus\/om-nib\/vare-prosjekter\/","og_locale":"nb_NO","og_type":"article","og_title":"V\u00e5re prosjekter","og_description":"V\u00e5re prosjekter - V\u00e5re prosjekter B\u00e6rum Oslo og Akershus","og_url":"https:\/\/naturvernforbundet.no\/osloogakershus\/om-nib\/vare-prosjekter\/","og_site_name":"Oslo og Akershus","article_modified_time":"2025-10-05T17:04:18+00:00","twitter_card":"summary_large_image","twitter_misc":{"Ansl. lesetid":"1 minutt"},"schema":{"@context":"https:\/\/schema.org","@graph":[{"@type":"WebPage","@id":"https:\/\/naturvernforbundet.no\/osloogakershus\/om-nib\/vare-prosjekter\/","url":"https:\/\/naturvernforbundet.no\/osloogakershus\/om-nib\/vare-prosjekter\/","name":"V\u00e5re prosjekter - Oslo og Akershus","isPartOf":{"@id":"https:\/\/naturvernforbundet.no\/osloogakershus\/#website"},"datePublished":"2025-10-05T16:48:08+00:00","dateModified":"2025-10-05T17:04:18+00:00","description":"V\u00e5re prosjekter - V\u00e5re prosjekter B\u00e6rum Oslo og Akershus","breadcrumb":{"@id":"https:\/\/naturvernforbundet.no\/osloogakershus\/om-nib\/vare-prosjekter\/#breadcrumb"},"inLanguage":"nb-NO","potentialAction":[{"@type":"ReadAction","target":["https:\/\/naturvernforbundet.no\/osloogakershus\/om-nib\/vare-prosjekter\/"]}]},{"@type":"BreadcrumbList","@id":"https:\/\/naturvernforbundet.no\/osloogakershus\/om-nib\/vare-prosjekter\/#breadcrumb","itemListElement":[{"@type":"ListItem","position":1,"name":"Till naturvernforbundet.no","item":"https:\/\/naturvernforbundet.no\/"},{"@type":"ListItem","position":2,"name":"Oslo og Akershus","item":"https:\/\/naturvernforbundet.no\/osloogakershus\/"},{"@type":"ListItem","position":3,"name":"Naturvernforbundet i B\u00e6rum","item":"https:\/\/naturvernforbundet.no\/osloogakershus\/om-nib\/"},{"@type":"ListItem","position":4,"name":"V\u00e5re prosjekter"}]},{"@type":"WebSite","@id":"https:\/\/naturvernforbundet.no\/osloogakershus\/#website","url":"https:\/\/naturvernforbundet.no\/osloogakershus\/","name":"Oslo og Akershus","description":"Bare enda et Naturvernforbundet Sites-nettsted","potentialAction":[{"@type":"SearchAction","target":{"@type":"EntryPoint","urlTemplate":"https:\/\/naturvernforbundet.no\/osloogakershus\/?s={search_term_string}"},"query-input":{"@type":"PropertyValueSpecification","valueRequired":true,"valueName":"search_term_string"}}],"inLanguage":"nb-NO"}]}},"_links":{"self":[{"href":"https:\/\/naturvernforbundet.no\/osloogakershus\/wp-json\/wp\/v2\/pages\/15837","targetHints":{"allow":["GET"]}}],"collection":[{"href":"https:\/\/naturvernforbundet.no\/osloogakershus\/wp-json\/wp\/v2\/pages"}],"about":[{"href":"https:\/\/naturvernforbundet.no\/osloogakershus\/wp-json\/wp\/v2\/types\/page"}],"author":[{"embeddable":true,"href":"https:\/\/naturvernforbundet.no\/osloogakershus\/wp-json\/wp\/v2\/users\/268"}],"replies":[{"embeddable":true,"href":"https:\/\/naturvernforbundet.no\/osloogakershus\/wp-json\/wp\/v2\/comments?post=15837"}],"version-history":[{"count":5,"href":"https:\/\/naturvernforbundet.no\/osloogakershus\/wp-json\/wp\/v2\/pages\/15837\/revisions"}],"predecessor-version":[{"id":15847,"href":"https:\/\/naturvernforbundet.no\/osloogakershus\/wp-json\/wp\/v2\/pages\/15837\/revisions\/15847"}],"up":[{"embeddable":true,"href":"https:\/\/naturvernforbundet.no\/osloogakershus\/wp-json\/wp\/v2\/pages\/3837"}],"wp:attachment":[{"href":"https:\/\/naturvernforbundet.no\/osloogakershus\/wp-json\/wp\/v2\/media?parent=15837"}],"wp:term":[{"taxonomy":"category","embeddable":true,"href":"https:\/\/naturvernforbundet.no\/osloogakershus\/wp-json\/wp\/v2\/categories?post=15837"}],"curies":[{"name":"wp","href":"https:\/\/api.w.org\/{rel}","templated":true}]}}