{"id":15972,"date":"2025-11-03T15:15:15","date_gmt":"2025-11-03T14:15:15","guid":{"rendered":"https:\/\/naturvernforbundet.no\/osloogakershus\/?page_id=15972"},"modified":"2025-11-10T09:37:54","modified_gmt":"2025-11-10T08:37:54","slug":"vare-prosjekter","status":"publish","type":"page","link":"https:\/\/naturvernforbundet.no\/osloogakershus\/vare-prosjekter\/","title":{"rendered":"V\u00e5re prosjekter"},"content":{"rendered":"\t<div class=\"template-page has-media alignfull wp-block-naturvern-hero\">\n\t\t<div class=\"hero__inner\">\n\t\t\t<div class=\"hero__inner_blocks\">\n\t\t\t\t\t\t\t\t\n<h1 class=\"wp-block-post-title\">V\u00e5re prosjekter<\/h1>\n\n\n<p>Bli kjent med Naturvernforbundet i Oslo og Akershus sine prosjekter. <\/p>\n\n\t\t\t<\/div>\n\t\t\t\t\t<\/div>\n\t\t\t\t\t<div class=\"hero__image\">\n\t\t\t\t\t\t\t\t\t\t<img fetchpriority=\"high\" decoding=\"async\" width=\"1920\" height=\"1440\" src=\"https:\/\/naturvernforbundet.no\/content\/uploads\/sites\/10\/2023\/06\/Strand-Bygdoy-1920x1440.jpg\" class=\"attachment-ultra size-ultra\" alt=\"Naturpust p\u00e5 Bygd\u00f8y. Paradisbukta. H\u00f8st 2022.\" style=\"object-position: 50% 50%;\" loading=\"eager\" srcset=\"https:\/\/naturvernforbundet.no\/content\/uploads\/sites\/10\/2023\/06\/Strand-Bygdoy-1920x1440.jpg 1920w, https:\/\/naturvernforbundet.no\/content\/uploads\/sites\/10\/2023\/06\/Strand-Bygdoy-300x225.jpg 300w, https:\/\/naturvernforbundet.no\/content\/uploads\/sites\/10\/2023\/06\/Strand-Bygdoy-1024x768.jpg 1024w, https:\/\/naturvernforbundet.no\/content\/uploads\/sites\/10\/2023\/06\/Strand-Bygdoy-768x576.jpg 768w, https:\/\/naturvernforbundet.no\/content\/uploads\/sites\/10\/2023\/06\/Strand-Bygdoy-1536x1152.jpg 1536w, https:\/\/naturvernforbundet.no\/content\/uploads\/sites\/10\/2023\/06\/Strand-Bygdoy-2048x1536.jpg 2048w\" sizes=\"(max-width: 1920px) 100vw, 1920px\" \/>\t\t\t\t\t\t<\/div>\n\t\t\t<\/div>\n\t\n\n\n<div class=\"wp-block-group is-layout-constrained wp-block-group-is-layout-constrained\">\n\t\t<div class=\"t2-factbox wp-block-t2-factbox\" id=\"t2-factbox\">\n\t\t\t<div class=\"t2-factbox__content\">\n\t\t\t\t<div class=\"t2-factbox__blocks t2-factbox__inner-container\">\n\t\t\t\t\t\n\n<p class=\"has-text-align-center\">St\u00f8tt v\u00e5rt arbeid &#8211; p\u00e5 Vipps! Du finner oss p\u00e5 #81134<\/p>\n\n\n\n<p><\/p>\n\n\n\t\t\t\t<\/div>\n\t\t\t\t\n\t\t\t<\/div>\n\t\t\t\n\t\t<\/div><\/div>\n\n\n\n<div class=\"wp-block-columns alignwide is-layout-flex wp-container-core-columns-is-layout-1 wp-block-columns-is-layout-flex\">\n<div class=\"wp-block-column is-layout-flow wp-block-column-is-layout-flow\"><div class=\"t2-featured-single-post t2-featured-content is-post-type-post category-prosjekter tag-formidling tag-naernaturen tag-naernaturskolen tag-prosjekter tag-undervisning wp-block-t2-featured-single-post\"><a class=\"t2-post-link wp-block-t2-post-link\" href=\"https:\/\/naturvernforbundet.no\/osloogakershus\/naernaturskolen\/\">\n<figure style=\"--t2-focal-point: 50% 50%;\" class=\"t2-post-featured-image has-image-ratio-4-3 wp-block-t2-post-featured-image\"><img loading=\"lazy\" decoding=\"async\" width=\"2560\" height=\"1624\" src=\"https:\/\/naturvernforbundet.no\/content\/uploads\/sites\/10\/2025\/09\/skadalen-11-scaled.jpg\" class=\"attachment-post-thumbnail size-post-thumbnail wp-post-image\" alt=\"Elever svarer p\u00e5 oppgave under skogl\u00f8ype i Sk\u00e5dalen\" srcset=\"https:\/\/naturvernforbundet.no\/content\/uploads\/sites\/10\/2025\/09\/skadalen-11-scaled.jpg 2560w, https:\/\/naturvernforbundet.no\/content\/uploads\/sites\/10\/2025\/09\/skadalen-11-300x190.jpg 300w, https:\/\/naturvernforbundet.no\/content\/uploads\/sites\/10\/2025\/09\/skadalen-11-1024x650.jpg 1024w, https:\/\/naturvernforbundet.no\/content\/uploads\/sites\/10\/2025\/09\/skadalen-11-768x487.jpg 768w, https:\/\/naturvernforbundet.no\/content\/uploads\/sites\/10\/2025\/09\/skadalen-11-1536x975.jpg 1536w, https:\/\/naturvernforbundet.no\/content\/uploads\/sites\/10\/2025\/09\/skadalen-11-2048x1299.jpg 2048w, https:\/\/naturvernforbundet.no\/content\/uploads\/sites\/10\/2025\/09\/skadalen-11-1920x1218.jpg 1920w\" sizes=\"auto, (max-width: 2560px) 100vw, 2560px\" \/><\/figure>\n\n<div class=\"wp-block-group alignfull is-layout-flow wp-block-group-is-layout-flow\">\n\t<h2 class=\"t2-post-title wp-block-t2-post-title\">N\u00e6rnaturskolen<\/h2>\n\t<p class=\"wp-block-naturvern-post-excerpt\">N\u00e6rnaturskolen er NOAs nye satsing for \u00e5 gi barn og unge et n\u00e6rere forhold til naturen i n\u00e6rmilj\u00f8et.<\/p>\n\t\t<div class=\"wp-block-naturvern-post-meta\">\n\t\t\t\t\t<span class=\"cat\">\n\t\t\t\t\t\t\t\t\t<span><span class=\"tag-link\" data-href=\"https:\/\/naturvernforbundet.no\/osloogakershus\/category\/prosjekter\/\">Prosjekter<\/span><\/span>\n\t\t\t\t\t\t\t<\/span>\n\t\t\t\t\t\t\t<span class=\"date\">06.11.2025<\/span>\n\t\t\t<\/div>\n\t\n<\/div>\n\n<\/a>\n<\/div><\/div>\n\n\n\n<div class=\"wp-block-column is-layout-flow wp-block-column-is-layout-flow\"><div class=\"t2-featured-single-post t2-featured-content is-post-type-post category-prosjekter tag-naturglede tag-naturpust tag-prosjekter tag-samarbeid tag-smakpanaturen wp-block-t2-featured-single-post\"><a class=\"t2-post-link wp-block-t2-post-link\" href=\"https:\/\/naturvernforbundet.no\/osloogakershus\/naturglede\/\">\n<figure style=\"--t2-focal-point: 50% 50%;\" class=\"t2-post-featured-image has-image-ratio-4-3 wp-block-t2-post-featured-image\"><img loading=\"lazy\" decoding=\"async\" width=\"1512\" height=\"2016\" src=\"https:\/\/naturvernforbundet.no\/content\/uploads\/sites\/10\/2023\/05\/naturpust-sognsvann.jpg\" class=\"attachment-post-thumbnail size-post-thumbnail wp-post-image\" alt=\"\" srcset=\"https:\/\/naturvernforbundet.no\/content\/uploads\/sites\/10\/2023\/05\/naturpust-sognsvann.jpg 1512w, https:\/\/naturvernforbundet.no\/content\/uploads\/sites\/10\/2023\/05\/naturpust-sognsvann-225x300.jpg 225w, https:\/\/naturvernforbundet.no\/content\/uploads\/sites\/10\/2023\/05\/naturpust-sognsvann-768x1024.jpg 768w, https:\/\/naturvernforbundet.no\/content\/uploads\/sites\/10\/2023\/05\/naturpust-sognsvann-1152x1536.jpg 1152w, https:\/\/naturvernforbundet.no\/content\/uploads\/sites\/10\/2023\/05\/naturpust-sognsvann-1440x1920.jpg 1440w\" sizes=\"auto, (max-width: 1512px) 100vw, 1512px\" \/><\/figure>\n\n<div class=\"wp-block-group alignfull is-layout-flow wp-block-group-is-layout-flow\">\n\t<h2 class=\"t2-post-title wp-block-t2-post-title\">Naturglede<\/h2>\n\t<p class=\"wp-block-naturvern-post-excerpt\">Bli med ut i naturen og l\u00e6r hvordan vi kan ta vare p\u00e5 den.<\/p>\n\t\t<div class=\"wp-block-naturvern-post-meta\">\n\t\t\t\t\t<span class=\"cat\">\n\t\t\t\t\t\t\t\t\t<span><span class=\"tag-link\" data-href=\"https:\/\/naturvernforbundet.no\/osloogakershus\/category\/prosjekter\/\">Prosjekter<\/span><\/span>\n\t\t\t\t\t\t\t<\/span>\n\t\t\t\t\t\t\t<span class=\"date\">06.11.2025<\/span>\n\t\t\t<\/div>\n\t\n<\/div>\n\n<\/a>\n<\/div><\/div>\n\n\n\n<div class=\"wp-block-column is-layout-flow wp-block-column-is-layout-flow\"><div class=\"t2-featured-single-post t2-featured-content is-post-type-post category-prosjekter tag-oslofjorden tag-prosjekter wp-block-t2-featured-single-post\"><a class=\"t2-post-link wp-block-t2-post-link\" href=\"https:\/\/naturvernforbundet.no\/osloogakershus\/vi-skal-redde-oslofjorden\/\">\n<figure style=\"--t2-focal-point: 50% 50%;\" class=\"t2-post-featured-image has-image-ratio-4-3 wp-block-t2-post-featured-image\"><img loading=\"lazy\" decoding=\"async\" width=\"2045\" height=\"1870\" src=\"https:\/\/naturvernforbundet.no\/content\/uploads\/sites\/10\/2025\/11\/processed-41382D32-65A1-4105-B4E5-54B7D27F6BD3.jpeg\" class=\"attachment-post-thumbnail size-post-thumbnail wp-post-image\" alt=\"\" srcset=\"https:\/\/naturvernforbundet.no\/content\/uploads\/sites\/10\/2025\/11\/processed-41382D32-65A1-4105-B4E5-54B7D27F6BD3.jpeg 2045w, https:\/\/naturvernforbundet.no\/content\/uploads\/sites\/10\/2025\/11\/processed-41382D32-65A1-4105-B4E5-54B7D27F6BD3-300x274.jpeg 300w, https:\/\/naturvernforbundet.no\/content\/uploads\/sites\/10\/2025\/11\/processed-41382D32-65A1-4105-B4E5-54B7D27F6BD3-1024x936.jpeg 1024w, https:\/\/naturvernforbundet.no\/content\/uploads\/sites\/10\/2025\/11\/processed-41382D32-65A1-4105-B4E5-54B7D27F6BD3-768x702.jpeg 768w, https:\/\/naturvernforbundet.no\/content\/uploads\/sites\/10\/2025\/11\/processed-41382D32-65A1-4105-B4E5-54B7D27F6BD3-1536x1405.jpeg 1536w, https:\/\/naturvernforbundet.no\/content\/uploads\/sites\/10\/2025\/11\/processed-41382D32-65A1-4105-B4E5-54B7D27F6BD3-1920x1756.jpeg 1920w\" sizes=\"auto, (max-width: 2045px) 100vw, 2045px\" \/><\/figure>\n\n<div class=\"wp-block-group alignfull is-layout-flow wp-block-group-is-layout-flow\">\n\t<h2 class=\"t2-post-title wp-block-t2-post-title\">Vi skal redde Oslofjorden<\/h2>\n\t<p class=\"wp-block-naturvern-post-excerpt\">Denne gjengen skal de neste tre \u00e5rene jobbe med \u00e5 redde Oslofjorden. Vi trenger ogs\u00e5 din hjelp! <\/p>\n\t\t<div class=\"wp-block-naturvern-post-meta\">\n\t\t\t\t\t<span class=\"cat\">\n\t\t\t\t\t\t\t\t\t<span><span class=\"tag-link\" data-href=\"https:\/\/naturvernforbundet.no\/osloogakershus\/category\/prosjekter\/\">Prosjekter<\/span><\/span>\n\t\t\t\t\t\t\t<\/span>\n\t\t\t\t\t\t\t<span class=\"date\">03.11.2025<\/span>\n\t\t\t<\/div>\n\t\n<\/div>\n\n<\/a>\n<\/div><\/div>\n<\/div>\n\n\n\n<div class=\"wp-block-columns alignwide is-layout-flex wp-container-core-columns-is-layout-2 wp-block-columns-is-layout-flex\">\n<div class=\"wp-block-column is-layout-flow wp-block-column-is-layout-flow\"><div class=\"t2-featured-single-post t2-featured-content is-post-type-post category-prosjekter tag-kulturminner tag-marka tag-prosjekter wp-block-t2-featured-single-post\"><a class=\"t2-post-link wp-block-t2-post-link\" href=\"https:\/\/naturvernforbundet.no\/osloogakershus\/kulturminner-i-oslomarka\/\">\n<figure style=\"--t2-focal-point: 50% 50%;\" class=\"t2-post-featured-image has-image-ratio-4-3 wp-block-t2-post-featured-image\"><img loading=\"lazy\" decoding=\"async\" width=\"2560\" height=\"1152\" src=\"https:\/\/naturvernforbundet.no\/content\/uploads\/sites\/10\/2025\/09\/Kistedammen-ved-St.G.jpg\" class=\"attachment-post-thumbnail size-post-thumbnail wp-post-image\" alt=\"\" srcset=\"https:\/\/naturvernforbundet.no\/content\/uploads\/sites\/10\/2025\/09\/Kistedammen-ved-St.G.jpg 2560w, https:\/\/naturvernforbundet.no\/content\/uploads\/sites\/10\/2025\/09\/Kistedammen-ved-St.G-300x135.jpg 300w, https:\/\/naturvernforbundet.no\/content\/uploads\/sites\/10\/2025\/09\/Kistedammen-ved-St.G-1024x461.jpg 1024w, https:\/\/naturvernforbundet.no\/content\/uploads\/sites\/10\/2025\/09\/Kistedammen-ved-St.G-768x346.jpg 768w, https:\/\/naturvernforbundet.no\/content\/uploads\/sites\/10\/2025\/09\/Kistedammen-ved-St.G-1536x691.jpg 1536w, https:\/\/naturvernforbundet.no\/content\/uploads\/sites\/10\/2025\/09\/Kistedammen-ved-St.G-2048x922.jpg 2048w, https:\/\/naturvernforbundet.no\/content\/uploads\/sites\/10\/2025\/09\/Kistedammen-ved-St.G-1920x864.jpg 1920w\" sizes=\"auto, (max-width: 2560px) 100vw, 2560px\" \/><\/figure>\n\n<div class=\"wp-block-group alignfull is-layout-flow wp-block-group-is-layout-flow\">\n\t<h2 class=\"t2-post-title wp-block-t2-post-title\">Kulturminner i Oslomarka<\/h2>\n\t<p class=\"wp-block-naturvern-post-excerpt\"><\/p>\n\t\t<div class=\"wp-block-naturvern-post-meta\">\n\t\t\t\t\t<span class=\"cat\">\n\t\t\t\t\t\t\t\t\t<span><span class=\"tag-link\" data-href=\"https:\/\/naturvernforbundet.no\/osloogakershus\/category\/prosjekter\/\">Prosjekter<\/span><\/span>\n\t\t\t\t\t\t\t<\/span>\n\t\t\t\t\t\t\t<span class=\"date\">25.09.2025<\/span>\n\t\t\t<\/div>\n\t\n<\/div>\n\n<\/a>\n<\/div><\/div>\n\n\n\n<div class=\"wp-block-column is-layout-flow wp-block-column-is-layout-flow\"><div class=\"t2-featured-single-post t2-featured-content is-post-type-post category-prosjekter tag-blomstereng tag-fremmedarter tag-naturrestaurering tag-prosjekter wp-block-t2-featured-single-post\"><a class=\"t2-post-link wp-block-t2-post-link\" href=\"https:\/\/naturvernforbundet.no\/osloogakershus\/naturrestaurering\/\">\n<figure style=\"--t2-focal-point: 50% 50%;\" class=\"t2-post-featured-image has-image-ratio-4-3 wp-block-t2-post-featured-image\"><img loading=\"lazy\" decoding=\"async\" width=\"2560\" height=\"2560\" src=\"https:\/\/naturvernforbundet.no\/content\/uploads\/sites\/10\/2025\/11\/shared-image-1-scaled.jpeg\" class=\"attachment-post-thumbnail size-post-thumbnail wp-post-image\" alt=\"\" srcset=\"https:\/\/naturvernforbundet.no\/content\/uploads\/sites\/10\/2025\/11\/shared-image-1-scaled.jpeg 2560w, https:\/\/naturvernforbundet.no\/content\/uploads\/sites\/10\/2025\/11\/shared-image-1-300x300.jpeg 300w, https:\/\/naturvernforbundet.no\/content\/uploads\/sites\/10\/2025\/11\/shared-image-1-1024x1024.jpeg 1024w, https:\/\/naturvernforbundet.no\/content\/uploads\/sites\/10\/2025\/11\/shared-image-1-150x150.jpeg 150w, https:\/\/naturvernforbundet.no\/content\/uploads\/sites\/10\/2025\/11\/shared-image-1-768x768.jpeg 768w, https:\/\/naturvernforbundet.no\/content\/uploads\/sites\/10\/2025\/11\/shared-image-1-1536x1536.jpeg 1536w, https:\/\/naturvernforbundet.no\/content\/uploads\/sites\/10\/2025\/11\/shared-image-1-2048x2048.jpeg 2048w, https:\/\/naturvernforbundet.no\/content\/uploads\/sites\/10\/2025\/11\/shared-image-1-1920x1920.jpeg 1920w\" sizes=\"auto, (max-width: 2560px) 100vw, 2560px\" \/><\/figure>\n\n<div class=\"wp-block-group alignfull is-layout-flow wp-block-group-is-layout-flow\">\n\t<h2 class=\"t2-post-title wp-block-t2-post-title\">Naturrestaurering<\/h2>\n\t<p class=\"wp-block-naturvern-post-excerpt\"><\/p>\n\t\t<div class=\"wp-block-naturvern-post-meta\">\n\t\t\t\t\t<span class=\"cat\">\n\t\t\t\t\t\t\t\t\t<span><span class=\"tag-link\" data-href=\"https:\/\/naturvernforbundet.no\/osloogakershus\/category\/prosjekter\/\">Prosjekter<\/span><\/span>\n\t\t\t\t\t\t\t<\/span>\n\t\t\t\t\t\t\t<span class=\"date\">06.11.2025<\/span>\n\t\t\t<\/div>\n\t\n<\/div>\n\n<\/a>\n<\/div><\/div>\n\n\n\n<div class=\"wp-block-column is-layout-flow wp-block-column-is-layout-flow\"><\/div>\n<\/div>\n","protected":false},"excerpt":{"rendered":"","protected":false},"author":341,"featured_media":0,"parent":0,"menu_order":0,"comment_status":"closed","ping_status":"closed","template":"","meta":{"_relevanssi_hide_post":"","_relevanssi_hide_content":"","_relevanssi_pin_for_all":"","_relevanssi_pin_keywords":"","_relevanssi_unpin_keywords":"","_relevanssi_related_keywords":"","_relevanssi_related_include_ids":"","_relevanssi_related_exclude_ids":"","_relevanssi_related_no_append":"","_relevanssi_related_not_related":"","_relevanssi_related_posts":"3019,10179,2939,108,14433,2968","_relevanssi_noindex_reason":"","hide_logo":false,"footnotes":""},"categories":[],"class_list":["post-15972","page","type-page","status-publish","hentry"],"acf":[],"yoast_head":"<!-- This site is optimized with the Yoast SEO Premium plugin v24.9 (Yoast SEO v24.9) - https:\/\/yoast.com\/wordpress\/plugins\/seo\/ -->\n<title>V\u00e5re prosjekter - Oslo og Akershus<\/title>\n<meta name=\"robots\" content=\"index, follow, max-snippet:-1, max-image-preview:large, max-video-preview:-1\" \/>\n<link rel=\"canonical\" href=\"https:\/\/naturvernforbundet.no\/osloogakershus\/vare-prosjekter\/\" \/>\n<meta property=\"og:locale\" content=\"nb_NO\" \/>\n<meta property=\"og:type\" content=\"article\" \/>\n<meta property=\"og:title\" content=\"V\u00e5re prosjekter\" \/>\n<meta property=\"og:url\" content=\"https:\/\/naturvernforbundet.no\/osloogakershus\/vare-prosjekter\/\" \/>\n<meta property=\"og:site_name\" content=\"Oslo og Akershus\" \/>\n<meta property=\"article:modified_time\" content=\"2025-11-10T08:37:54+00:00\" \/>\n<meta name=\"twitter:card\" content=\"summary_large_image\" \/>\n<meta name=\"twitter:label1\" content=\"Ansl. lesetid\" \/>\n\t<meta name=\"twitter:data1\" content=\"1 minutt\" \/>\n<script type=\"application\/ld+json\" class=\"yoast-schema-graph\">{\"@context\":\"https:\/\/schema.org\",\"@graph\":[{\"@type\":\"WebPage\",\"@id\":\"https:\/\/naturvernforbundet.no\/osloogakershus\/vare-prosjekter\/\",\"url\":\"https:\/\/naturvernforbundet.no\/osloogakershus\/vare-prosjekter\/\",\"name\":\"V\u00e5re prosjekter - Oslo og Akershus\",\"isPartOf\":{\"@id\":\"https:\/\/naturvernforbundet.no\/osloogakershus\/#website\"},\"datePublished\":\"2025-11-03T14:15:15+00:00\",\"dateModified\":\"2025-11-10T08:37:54+00:00\",\"breadcrumb\":{\"@id\":\"https:\/\/naturvernforbundet.no\/osloogakershus\/vare-prosjekter\/#breadcrumb\"},\"inLanguage\":\"nb-NO\",\"potentialAction\":[{\"@type\":\"ReadAction\",\"target\":[\"https:\/\/naturvernforbundet.no\/osloogakershus\/vare-prosjekter\/\"]}]},{\"@type\":\"BreadcrumbList\",\"@id\":\"https:\/\/naturvernforbundet.no\/osloogakershus\/vare-prosjekter\/#breadcrumb\",\"itemListElement\":[{\"@type\":\"ListItem\",\"position\":1,\"name\":\"Till naturvernforbundet.no\",\"item\":\"https:\/\/naturvernforbundet.no\/\"},{\"@type\":\"ListItem\",\"position\":2,\"name\":\"Oslo og Akershus\",\"item\":\"https:\/\/naturvernforbundet.no\/osloogakershus\/\"},{\"@type\":\"ListItem\",\"position\":3,\"name\":\"V\u00e5re prosjekter\"}]},{\"@type\":\"WebSite\",\"@id\":\"https:\/\/naturvernforbundet.no\/osloogakershus\/#website\",\"url\":\"https:\/\/naturvernforbundet.no\/osloogakershus\/\",\"name\":\"Oslo og Akershus\",\"description\":\"Bare enda et Naturvernforbundet Sites-nettsted\",\"potentialAction\":[{\"@type\":\"SearchAction\",\"target\":{\"@type\":\"EntryPoint\",\"urlTemplate\":\"https:\/\/naturvernforbundet.no\/osloogakershus\/?s={search_term_string}\"},\"query-input\":{\"@type\":\"PropertyValueSpecification\",\"valueRequired\":true,\"valueName\":\"search_term_string\"}}],\"inLanguage\":\"nb-NO\"}]}<\/script>\n<!-- \/ Yoast SEO Premium plugin. -->","yoast_head_json":{"title":"V\u00e5re prosjekter - Oslo og Akershus","robots":{"index":"index","follow":"follow","max-snippet":"max-snippet:-1","max-image-preview":"max-image-preview:large","max-video-preview":"max-video-preview:-1"},"canonical":"https:\/\/naturvernforbundet.no\/osloogakershus\/vare-prosjekter\/","og_locale":"nb_NO","og_type":"article","og_title":"V\u00e5re prosjekter","og_url":"https:\/\/naturvernforbundet.no\/osloogakershus\/vare-prosjekter\/","og_site_name":"Oslo og Akershus","article_modified_time":"2025-11-10T08:37:54+00:00","twitter_card":"summary_large_image","twitter_misc":{"Ansl. lesetid":"1 minutt"},"schema":{"@context":"https:\/\/schema.org","@graph":[{"@type":"WebPage","@id":"https:\/\/naturvernforbundet.no\/osloogakershus\/vare-prosjekter\/","url":"https:\/\/naturvernforbundet.no\/osloogakershus\/vare-prosjekter\/","name":"V\u00e5re prosjekter - Oslo og Akershus","isPartOf":{"@id":"https:\/\/naturvernforbundet.no\/osloogakershus\/#website"},"datePublished":"2025-11-03T14:15:15+00:00","dateModified":"2025-11-10T08:37:54+00:00","breadcrumb":{"@id":"https:\/\/naturvernforbundet.no\/osloogakershus\/vare-prosjekter\/#breadcrumb"},"inLanguage":"nb-NO","potentialAction":[{"@type":"ReadAction","target":["https:\/\/naturvernforbundet.no\/osloogakershus\/vare-prosjekter\/"]}]},{"@type":"BreadcrumbList","@id":"https:\/\/naturvernforbundet.no\/osloogakershus\/vare-prosjekter\/#breadcrumb","itemListElement":[{"@type":"ListItem","position":1,"name":"Till naturvernforbundet.no","item":"https:\/\/naturvernforbundet.no\/"},{"@type":"ListItem","position":2,"name":"Oslo og Akershus","item":"https:\/\/naturvernforbundet.no\/osloogakershus\/"},{"@type":"ListItem","position":3,"name":"V\u00e5re prosjekter"}]},{"@type":"WebSite","@id":"https:\/\/naturvernforbundet.no\/osloogakershus\/#website","url":"https:\/\/naturvernforbundet.no\/osloogakershus\/","name":"Oslo og Akershus","description":"Bare enda et Naturvernforbundet Sites-nettsted","potentialAction":[{"@type":"SearchAction","target":{"@type":"EntryPoint","urlTemplate":"https:\/\/naturvernforbundet.no\/osloogakershus\/?s={search_term_string}"},"query-input":{"@type":"PropertyValueSpecification","valueRequired":true,"valueName":"search_term_string"}}],"inLanguage":"nb-NO"}]}},"_links":{"self":[{"href":"https:\/\/naturvernforbundet.no\/osloogakershus\/wp-json\/wp\/v2\/pages\/15972","targetHints":{"allow":["GET"]}}],"collection":[{"href":"https:\/\/naturvernforbundet.no\/osloogakershus\/wp-json\/wp\/v2\/pages"}],"about":[{"href":"https:\/\/naturvernforbundet.no\/osloogakershus\/wp-json\/wp\/v2\/types\/page"}],"author":[{"embeddable":true,"href":"https:\/\/naturvernforbundet.no\/osloogakershus\/wp-json\/wp\/v2\/users\/341"}],"replies":[{"embeddable":true,"href":"https:\/\/naturvernforbundet.no\/osloogakershus\/wp-json\/wp\/v2\/comments?post=15972"}],"version-history":[{"count":8,"href":"https:\/\/naturvernforbundet.no\/osloogakershus\/wp-json\/wp\/v2\/pages\/15972\/revisions"}],"predecessor-version":[{"id":16064,"href":"https:\/\/naturvernforbundet.no\/osloogakershus\/wp-json\/wp\/v2\/pages\/15972\/revisions\/16064"}],"wp:attachment":[{"href":"https:\/\/naturvernforbundet.no\/osloogakershus\/wp-json\/wp\/v2\/media?parent=15972"}],"wp:term":[{"taxonomy":"category","embeddable":true,"href":"https:\/\/naturvernforbundet.no\/osloogakershus\/wp-json\/wp\/v2\/categories?post=15972"}],"curies":[{"name":"wp","href":"https:\/\/api.w.org\/{rel}","templated":true}]}}