{"id":16429,"date":"2026-01-16T08:52:53","date_gmt":"2026-01-16T07:52:53","guid":{"rendered":"https:\/\/naturvernforbundet.no\/osloogakershus\/?page_id=16429"},"modified":"2026-03-22T16:00:14","modified_gmt":"2026-03-22T15:00:14","slug":"prosjekter-og-dugnader","status":"publish","type":"page","link":"https:\/\/naturvernforbundet.no\/osloogakershus\/naturvernforbundet-i-oslo-vest\/prosjekter-og-dugnader\/","title":{"rendered":"Prosjekter og dugnader"},"content":{"rendered":"\t<div class=\"template-page alignfull wp-block-naturvern-hero\">\n\t\t<div class=\"hero__inner\">\n\t\t\t<div class=\"hero__inner_blocks\">\n\t\t\t\t\t\t\t\t\n<h1 class=\"wp-block-post-title\">Prosjekter og dugnader<\/h1>\n\n\n<p>Bli med p\u00e5 dugnad- det er b\u00e5de hyggelig sosialt og viktig for n\u00e6rnaturen! <\/p>\n\n\n\n<div class=\"wp-block-buttons is-layout-flex wp-block-buttons-is-layout-flex\">\n<div class=\"wp-block-button\"><a class=\"wp-block-button__link wp-element-button\">det informeres om dugnader p\u00e5 facebook, nettsiden eller i mail til medlemmene<\/a><\/div>\n<\/div>\n\n\t\t\t<\/div>\n\t\t\t\t\t<\/div>\n\t\t\t<\/div>\n\t\n\n\n<figure class=\"wp-block-image size-large\"><img loading=\"lazy\" decoding=\"async\" width=\"1024\" height=\"768\" src=\"https:\/\/naturvernforbundet.no\/content\/uploads\/sites\/10\/2026\/01\/IMG_5866-1024x768.jpeg\" alt=\"\" class=\"wp-image-16588\" srcset=\"https:\/\/naturvernforbundet.no\/content\/uploads\/sites\/10\/2026\/01\/IMG_5866-1024x768.jpeg 1024w, https:\/\/naturvernforbundet.no\/content\/uploads\/sites\/10\/2026\/01\/IMG_5866-300x225.jpeg 300w, https:\/\/naturvernforbundet.no\/content\/uploads\/sites\/10\/2026\/01\/IMG_5866-768x576.jpeg 768w, https:\/\/naturvernforbundet.no\/content\/uploads\/sites\/10\/2026\/01\/IMG_5866-1536x1152.jpeg 1536w, https:\/\/naturvernforbundet.no\/content\/uploads\/sites\/10\/2026\/01\/IMG_5866-2048x1536.jpeg 2048w, https:\/\/naturvernforbundet.no\/content\/uploads\/sites\/10\/2026\/01\/IMG_5866-1920x1440.jpeg 1920w\" sizes=\"auto, (max-width: 1024px) 100vw, 1024px\" \/><\/figure>\n\n\n\n<p><strong>Sl\u00e5tteng ved Huseby<\/strong>&#8211; fjerning av fremmedarter gjennom flere \u00e5r, som har f\u00f8rt til at flere opprinnelige vekster dukker opp igjen. Foreg\u00e5r i august\/ september.<\/p>\n\n\n\n<p>Samarbeid med Ullern vgs. <\/p>\n\n\n\n<p><strong>Strandrydding p\u00e5 Bygd\u00f8ys \u00f8stkyst<\/strong> &#8211; forg\u00e5r p\u00e5 v\u00e5rparten.  <\/p>\n\n\n\n<p><strong>Strandrydding p\u00e5 Frognerstranda<\/strong> &#8211; foreg\u00e5r p\u00e5 v\u00e5rparten i samarbeid med Rusel\u00f8kka Skillebekk beboerforening. <\/p>\n\n\n\n<p><strong>Strandrydding i Bestumkilen<\/strong>&#8211; foreg\u00e5r om h\u00f8sten i samarbeid med Milj\u00f8forum Sk\u00f8yen, Nabolagsfabrikken p\u00e5 Sk\u00f8yen og Svanehjelpen.<\/p>\n\n\n\n<p><\/p>\n","protected":false},"excerpt":{"rendered":"","protected":false},"author":3,"featured_media":0,"parent":16147,"menu_order":0,"comment_status":"closed","ping_status":"closed","template":"","meta":{"_relevanssi_hide_post":"","_relevanssi_hide_content":"","_relevanssi_pin_for_all":"","_relevanssi_pin_keywords":"","_relevanssi_unpin_keywords":"","_relevanssi_related_keywords":"","_relevanssi_related_include_ids":"","_relevanssi_related_exclude_ids":"","_relevanssi_related_no_append":"","_relevanssi_related_not_related":"","_relevanssi_related_posts":"3047,2703,13485,3145,714,2046","_relevanssi_noindex_reason":"","hide_logo":false,"footnotes":""},"categories":[],"class_list":["post-16429","page","type-page","status-publish","hentry"],"acf":[],"yoast_head":"<!-- This site is optimized with the Yoast SEO Premium plugin v24.9 (Yoast SEO v24.9) - https:\/\/yoast.com\/wordpress\/plugins\/seo\/ -->\n<title>Prosjekter og dugnader - Oslo og Akershus<\/title>\n<meta name=\"robots\" content=\"index, follow, max-snippet:-1, max-image-preview:large, max-video-preview:-1\" \/>\n<link rel=\"canonical\" href=\"https:\/\/naturvernforbundet.no\/osloogakershus\/naturvernforbundet-i-oslo-vest\/prosjekter-og-dugnader\/\" \/>\n<meta property=\"og:locale\" content=\"nb_NO\" \/>\n<meta property=\"og:type\" content=\"article\" \/>\n<meta property=\"og:title\" content=\"Prosjekter og dugnader\" \/>\n<meta property=\"og:url\" content=\"https:\/\/naturvernforbundet.no\/osloogakershus\/naturvernforbundet-i-oslo-vest\/prosjekter-og-dugnader\/\" \/>\n<meta property=\"og:site_name\" content=\"Oslo og Akershus\" \/>\n<meta property=\"article:modified_time\" content=\"2026-03-22T15:00:14+00:00\" \/>\n<meta property=\"og:image\" content=\"https:\/\/naturvernforbundet.no\/content\/uploads\/sites\/10\/2026\/01\/IMG_5866-scaled.jpeg\" \/>\n\t<meta property=\"og:image:width\" content=\"2560\" \/>\n\t<meta property=\"og:image:height\" content=\"1920\" \/>\n\t<meta property=\"og:image:type\" content=\"image\/jpeg\" \/>\n<meta name=\"twitter:card\" content=\"summary_large_image\" \/>\n<meta name=\"twitter:label1\" content=\"Ansl. lesetid\" \/>\n\t<meta name=\"twitter:data1\" content=\"1 minutt\" \/>\n<script type=\"application\/ld+json\" class=\"yoast-schema-graph\">{\"@context\":\"https:\/\/schema.org\",\"@graph\":[{\"@type\":\"WebPage\",\"@id\":\"https:\/\/naturvernforbundet.no\/osloogakershus\/naturvernforbundet-i-oslo-vest\/prosjekter-og-dugnader\/\",\"url\":\"https:\/\/naturvernforbundet.no\/osloogakershus\/naturvernforbundet-i-oslo-vest\/prosjekter-og-dugnader\/\",\"name\":\"Prosjekter og dugnader - Oslo og Akershus\",\"isPartOf\":{\"@id\":\"https:\/\/naturvernforbundet.no\/osloogakershus\/#website\"},\"primaryImageOfPage\":{\"@id\":\"https:\/\/naturvernforbundet.no\/osloogakershus\/naturvernforbundet-i-oslo-vest\/prosjekter-og-dugnader\/#primaryimage\"},\"image\":{\"@id\":\"https:\/\/naturvernforbundet.no\/osloogakershus\/naturvernforbundet-i-oslo-vest\/prosjekter-og-dugnader\/#primaryimage\"},\"thumbnailUrl\":\"https:\/\/naturvernforbundet.no\/content\/uploads\/sites\/10\/2026\/01\/IMG_5866-1024x768.jpeg\",\"datePublished\":\"2026-01-16T07:52:53+00:00\",\"dateModified\":\"2026-03-22T15:00:14+00:00\",\"breadcrumb\":{\"@id\":\"https:\/\/naturvernforbundet.no\/osloogakershus\/naturvernforbundet-i-oslo-vest\/prosjekter-og-dugnader\/#breadcrumb\"},\"inLanguage\":\"nb-NO\",\"potentialAction\":[{\"@type\":\"ReadAction\",\"target\":[\"https:\/\/naturvernforbundet.no\/osloogakershus\/naturvernforbundet-i-oslo-vest\/prosjekter-og-dugnader\/\"]}]},{\"@type\":\"ImageObject\",\"inLanguage\":\"nb-NO\",\"@id\":\"https:\/\/naturvernforbundet.no\/osloogakershus\/naturvernforbundet-i-oslo-vest\/prosjekter-og-dugnader\/#primaryimage\",\"url\":\"https:\/\/naturvernforbundet.no\/content\/uploads\/sites\/10\/2026\/01\/IMG_5866-1024x768.jpeg\",\"contentUrl\":\"https:\/\/naturvernforbundet.no\/content\/uploads\/sites\/10\/2026\/01\/IMG_5866-1024x768.jpeg\"},{\"@type\":\"BreadcrumbList\",\"@id\":\"https:\/\/naturvernforbundet.no\/osloogakershus\/naturvernforbundet-i-oslo-vest\/prosjekter-og-dugnader\/#breadcrumb\",\"itemListElement\":[{\"@type\":\"ListItem\",\"position\":1,\"name\":\"Till naturvernforbundet.no\",\"item\":\"https:\/\/naturvernforbundet.no\/\"},{\"@type\":\"ListItem\",\"position\":2,\"name\":\"Oslo og Akershus\",\"item\":\"https:\/\/naturvernforbundet.no\/osloogakershus\/\"},{\"@type\":\"ListItem\",\"position\":3,\"name\":\"Naturvernforbundet i Oslo Vest\",\"item\":\"https:\/\/naturvernforbundet.no\/osloogakershus\/naturvernforbundet-i-oslo-vest\/\"},{\"@type\":\"ListItem\",\"position\":4,\"name\":\"Prosjekter og dugnader\"}]},{\"@type\":\"WebSite\",\"@id\":\"https:\/\/naturvernforbundet.no\/osloogakershus\/#website\",\"url\":\"https:\/\/naturvernforbundet.no\/osloogakershus\/\",\"name\":\"Oslo og Akershus\",\"description\":\"Bare enda et Naturvernforbundet Sites-nettsted\",\"potentialAction\":[{\"@type\":\"SearchAction\",\"target\":{\"@type\":\"EntryPoint\",\"urlTemplate\":\"https:\/\/naturvernforbundet.no\/osloogakershus\/?s={search_term_string}\"},\"query-input\":{\"@type\":\"PropertyValueSpecification\",\"valueRequired\":true,\"valueName\":\"search_term_string\"}}],\"inLanguage\":\"nb-NO\"}]}<\/script>\n<!-- \/ Yoast SEO Premium plugin. -->","yoast_head_json":{"title":"Prosjekter og dugnader - Oslo og Akershus","robots":{"index":"index","follow":"follow","max-snippet":"max-snippet:-1","max-image-preview":"max-image-preview:large","max-video-preview":"max-video-preview:-1"},"canonical":"https:\/\/naturvernforbundet.no\/osloogakershus\/naturvernforbundet-i-oslo-vest\/prosjekter-og-dugnader\/","og_locale":"nb_NO","og_type":"article","og_title":"Prosjekter og dugnader","og_url":"https:\/\/naturvernforbundet.no\/osloogakershus\/naturvernforbundet-i-oslo-vest\/prosjekter-og-dugnader\/","og_site_name":"Oslo og Akershus","article_modified_time":"2026-03-22T15:00:14+00:00","og_image":[{"width":2560,"height":1920,"url":"https:\/\/naturvernforbundet.no\/content\/uploads\/sites\/10\/2026\/01\/IMG_5866-scaled.jpeg","type":"image\/jpeg"}],"twitter_card":"summary_large_image","twitter_misc":{"Ansl. lesetid":"1 minutt"},"schema":{"@context":"https:\/\/schema.org","@graph":[{"@type":"WebPage","@id":"https:\/\/naturvernforbundet.no\/osloogakershus\/naturvernforbundet-i-oslo-vest\/prosjekter-og-dugnader\/","url":"https:\/\/naturvernforbundet.no\/osloogakershus\/naturvernforbundet-i-oslo-vest\/prosjekter-og-dugnader\/","name":"Prosjekter og dugnader - Oslo og Akershus","isPartOf":{"@id":"https:\/\/naturvernforbundet.no\/osloogakershus\/#website"},"primaryImageOfPage":{"@id":"https:\/\/naturvernforbundet.no\/osloogakershus\/naturvernforbundet-i-oslo-vest\/prosjekter-og-dugnader\/#primaryimage"},"image":{"@id":"https:\/\/naturvernforbundet.no\/osloogakershus\/naturvernforbundet-i-oslo-vest\/prosjekter-og-dugnader\/#primaryimage"},"thumbnailUrl":"https:\/\/naturvernforbundet.no\/content\/uploads\/sites\/10\/2026\/01\/IMG_5866-1024x768.jpeg","datePublished":"2026-01-16T07:52:53+00:00","dateModified":"2026-03-22T15:00:14+00:00","breadcrumb":{"@id":"https:\/\/naturvernforbundet.no\/osloogakershus\/naturvernforbundet-i-oslo-vest\/prosjekter-og-dugnader\/#breadcrumb"},"inLanguage":"nb-NO","potentialAction":[{"@type":"ReadAction","target":["https:\/\/naturvernforbundet.no\/osloogakershus\/naturvernforbundet-i-oslo-vest\/prosjekter-og-dugnader\/"]}]},{"@type":"ImageObject","inLanguage":"nb-NO","@id":"https:\/\/naturvernforbundet.no\/osloogakershus\/naturvernforbundet-i-oslo-vest\/prosjekter-og-dugnader\/#primaryimage","url":"https:\/\/naturvernforbundet.no\/content\/uploads\/sites\/10\/2026\/01\/IMG_5866-1024x768.jpeg","contentUrl":"https:\/\/naturvernforbundet.no\/content\/uploads\/sites\/10\/2026\/01\/IMG_5866-1024x768.jpeg"},{"@type":"BreadcrumbList","@id":"https:\/\/naturvernforbundet.no\/osloogakershus\/naturvernforbundet-i-oslo-vest\/prosjekter-og-dugnader\/#breadcrumb","itemListElement":[{"@type":"ListItem","position":1,"name":"Till naturvernforbundet.no","item":"https:\/\/naturvernforbundet.no\/"},{"@type":"ListItem","position":2,"name":"Oslo og Akershus","item":"https:\/\/naturvernforbundet.no\/osloogakershus\/"},{"@type":"ListItem","position":3,"name":"Naturvernforbundet i Oslo Vest","item":"https:\/\/naturvernforbundet.no\/osloogakershus\/naturvernforbundet-i-oslo-vest\/"},{"@type":"ListItem","position":4,"name":"Prosjekter og dugnader"}]},{"@type":"WebSite","@id":"https:\/\/naturvernforbundet.no\/osloogakershus\/#website","url":"https:\/\/naturvernforbundet.no\/osloogakershus\/","name":"Oslo og Akershus","description":"Bare enda et Naturvernforbundet Sites-nettsted","potentialAction":[{"@type":"SearchAction","target":{"@type":"EntryPoint","urlTemplate":"https:\/\/naturvernforbundet.no\/osloogakershus\/?s={search_term_string}"},"query-input":{"@type":"PropertyValueSpecification","valueRequired":true,"valueName":"search_term_string"}}],"inLanguage":"nb-NO"}]}},"_links":{"self":[{"href":"https:\/\/naturvernforbundet.no\/osloogakershus\/wp-json\/wp\/v2\/pages\/16429","targetHints":{"allow":["GET"]}}],"collection":[{"href":"https:\/\/naturvernforbundet.no\/osloogakershus\/wp-json\/wp\/v2\/pages"}],"about":[{"href":"https:\/\/naturvernforbundet.no\/osloogakershus\/wp-json\/wp\/v2\/types\/page"}],"author":[{"embeddable":true,"href":"https:\/\/naturvernforbundet.no\/osloogakershus\/wp-json\/wp\/v2\/users\/3"}],"replies":[{"embeddable":true,"href":"https:\/\/naturvernforbundet.no\/osloogakershus\/wp-json\/wp\/v2\/comments?post=16429"}],"version-history":[{"count":14,"href":"https:\/\/naturvernforbundet.no\/osloogakershus\/wp-json\/wp\/v2\/pages\/16429\/revisions"}],"predecessor-version":[{"id":17041,"href":"https:\/\/naturvernforbundet.no\/osloogakershus\/wp-json\/wp\/v2\/pages\/16429\/revisions\/17041"}],"up":[{"embeddable":true,"href":"https:\/\/naturvernforbundet.no\/osloogakershus\/wp-json\/wp\/v2\/pages\/16147"}],"wp:attachment":[{"href":"https:\/\/naturvernforbundet.no\/osloogakershus\/wp-json\/wp\/v2\/media?parent=16429"}],"wp:term":[{"taxonomy":"category","embeddable":true,"href":"https:\/\/naturvernforbundet.no\/osloogakershus\/wp-json\/wp\/v2\/categories?post=16429"}],"curies":[{"name":"wp","href":"https:\/\/api.w.org\/{rel}","templated":true}]}}