{"id":4098,"date":"2022-11-11T14:17:25","date_gmt":"2022-11-11T13:17:25","guid":{"rendered":"https:\/\/naturvernforbundet.no\/osloogakershus\/?page_id=4098"},"modified":"2022-11-21T18:36:57","modified_gmt":"2022-11-21T17:36:57","slug":"bynatur","status":"publish","type":"page","link":"https:\/\/naturvernforbundet.no\/osloogakershus\/laer-mer\/bynatur\/","title":{"rendered":"Bynatur"},"content":{"rendered":"\t<div class=\"template-page has-media alignfull wp-block-naturvern-hero\">\n\t\t<div class=\"hero__inner\">\n\t\t\t<div class=\"hero__inner_blocks\">\n\t\t\t\t\t\t\t\t\n<h1 class=\"wp-block-post-title\">Bynatur<\/h1>\n\n\n<p><\/p>\n\n\n\n<div class=\"wp-block-buttons is-layout-flex wp-block-buttons-is-layout-flex\"><\/div>\n\n\t\t\t<\/div>\n\t\t\t\t\t<\/div>\n\t\t\t\t\t<div class=\"hero__image\">\n\t\t\t\t\t\t\t\t\t\t<img fetchpriority=\"high\" decoding=\"async\" width=\"480\" height=\"366\" src=\"https:\/\/naturvernforbundet.no\/content\/uploads\/sites\/10\/2018\/08\/VedAkerselva.jpg2028mobile48029.jpg\" class=\"attachment-ultra size-ultra\" alt=\"\" style=\"object-position: 50% 50%;\" loading=\"eager\" srcset=\"https:\/\/naturvernforbundet.no\/content\/uploads\/sites\/10\/2018\/08\/VedAkerselva.jpg2028mobile48029.jpg 480w, https:\/\/naturvernforbundet.no\/content\/uploads\/sites\/10\/2018\/08\/VedAkerselva.jpg2028mobile48029-300x229.jpg 300w\" sizes=\"(max-width: 480px) 100vw, 480px\" \/>\t\t\t\t\t\t<\/div>\n\t\t\t<\/div>\n\t\n\n\n<h1 class=\"wp-block-heading\"><\/h1>\n\n\n\n<h2 class=\"wp-block-heading\">Hva slags by vil du ha? Hva er en fornuftig forvaltning av arealene vi har, og hva er b\u00e6rekraftige svar p\u00e5 utfordringene innenfor klima- og milj\u00f8trusselen?<\/h2>\n\n\n\n<p>Naturvernforbundet i Oslo og Akershus (NOA) \u00f8nsker \u00e5 rette oppmerksomheten mot viktigheten av \u00f8kt vern av natur og biologisk mangfold i urbane omr\u00e5der. Oslo regionen er et av omr\u00e5dene i landet med st\u00f8rst biologisk mangfold. Samtidig setter befolkningsvekst, \u00f8kt byggingsvirksomhet, forvaltning og bruk av gr\u00f8ntomr\u00e5der press p\u00e5 bynaturen. Dette er tema som engasjerer mange innbyggere i Oslo og Akershus, og som NOA tar tak i.<\/p>\n\n\n\n<p>Oslo er en av Europas raskest voksende byer. Oslo kommune har tatt FNs b\u00e6rekraftsm\u00e5l seri\u00f8st og planlegger \u00e5 kutte byens samlede CO2 utslipp med 50 % innen 2020, med et langsiktig m\u00e5l om \u00e5 bli en \u2018nullutslippsby\u2019 innen 2050. I lys av kommunens klimastrategi, har det blitt \u00e5pnet opp for \u00f8kt boligbygging og fortetting i sentrum og byn\u00e6re omr\u00e5der. Presset p\u00e5 parker, privathager og \u2018ville\u2019 naturomr\u00e5der i b\u00e5de urbane omr\u00e5der og villastr\u00f8k blir stadig st\u00f8rre n\u00e5r Oslo kommunes fortettingspolitikk forenes med opportunistiske eiendomsutviklere. Konsekvensene av byfortetting p\u00e5 naturmangfold, p\u00e5 innbyggernes tilgang til rekreasjonsomr\u00e5der, utemilj\u00f8er i umiddelbar n\u00e6rhet til boomr\u00e5dene, innbyggernes mentale helse og trivsel har i stor grad blitt neglisjert i byutviklingen.<\/p>\n\n\n\n<p>Osloregionen har landets rikeste biologiske mangfold. Samtidig er Osloregionen landets tettest befolkede omr\u00e5de og omr\u00e5det hvor det bygges mest p\u00e5 landsbasis. Oslo har derfor et spesielt ansvar til \u00e5 ivareta gr\u00f8ntomr\u00e5der og naturmangfold i byutviklingen. I de senere \u00e5rene har biologisk mangfold, bevaring av gr\u00f8ntomr\u00e5der og innbyggerens medvirkning f\u00e5tt mer oppmerksomhet i offentlig debatt, og p\u00e5 en del omr\u00e5der har teori blitt omgjort til handling. Likevel fortsetter utbygging og fortetting av urbane omr\u00e5der og villastr\u00f8k i en s\u00e5 stor grad og i et s\u00e5pass raskt tempo at den totale effekten av Oslos byutvikling ikke n\u00f8dvendigvis kan ansees for \u00e5 v\u00e6re <em>\u00f8kologisk <\/em>og <em>sosialt <\/em>b\u00e6rekraftig. Oslo b\u00f8r derfor sette mye st\u00f8rre fokus p\u00e5<em> by\u00f8kologi og innbyggernes medvirkning <\/em>i m\u00e5let om \u00e5 tilrettelegge for en b\u00e6rekraftig byutvikling og i \u00e5 innfri FNs b\u00e6rekraftsm\u00e5l.<\/p>\n\n\n\n<p>By\u00f8kologi omhandler samspillet mellom menneskelige aktiviteter, de sosiale og naturlige prosesser i urbane omr\u00e5der. NOAs By\u00f8kologiske arbeidsgruppevil rette fokus p\u00e5 hvordan vi kan tilrettelegge for en b\u00e6rekraftig byutvikling som i st\u00f8rre grad ivaretar samspillet og sammenhengene mellom innbyggerne, sosiale praksiser og naturen i byen. Gjennom igangsetting av <em>prosjekter, holdningskampanjer <\/em>og <em>formidling <\/em>\u00f8nsker NOA \u00e5 bidra til \u00e5 tilrettelegge for <em>\u00f8kt lokal medvirkning i byutviklingen <\/em>som ivaretar byens artsmangfold, innbyggernes trivsel, bruk og tilgang til gr\u00f8ntomr\u00e5der.<\/p>\n\n\n\n<div class=\"wp-block-columns is-layout-flex wp-container-core-columns-is-layout-1 wp-block-columns-is-layout-flex\">\n<div class=\"wp-block-column is-layout-flow wp-block-column-is-layout-flow\"><div class=\"t2-featured-query-post t2-featured-content is-post-type-post category-aktivitet-arrangement category-arrangement-og-dugnader category-bynatur category-fjorden category-forurensning category-ukategorisert local-oslo-vest wp-block-t2-featured-query-post\"><a class=\"t2-post-link wp-block-t2-post-link\" href=\"https:\/\/naturvernforbundet.no\/osloogakershus\/strandrydding-pa-bygdoys-ostkyst\/\">\n<figure style=\"--t2-focal-point: 50% 50%;\" class=\"t2-post-featured-image has-image-ratio-4-3 wp-block-t2-post-featured-image\"><img loading=\"lazy\" decoding=\"async\" width=\"2560\" height=\"1920\" src=\"https:\/\/naturvernforbundet.no\/content\/uploads\/sites\/10\/2026\/04\/IMG_5803-scaled.jpeg\" class=\"attachment-post-thumbnail size-post-thumbnail wp-post-image\" alt=\"\" srcset=\"https:\/\/naturvernforbundet.no\/content\/uploads\/sites\/10\/2026\/04\/IMG_5803-scaled.jpeg 2560w, https:\/\/naturvernforbundet.no\/content\/uploads\/sites\/10\/2026\/04\/IMG_5803-300x225.jpeg 300w, https:\/\/naturvernforbundet.no\/content\/uploads\/sites\/10\/2026\/04\/IMG_5803-1024x768.jpeg 1024w, https:\/\/naturvernforbundet.no\/content\/uploads\/sites\/10\/2026\/04\/IMG_5803-768x576.jpeg 768w, https:\/\/naturvernforbundet.no\/content\/uploads\/sites\/10\/2026\/04\/IMG_5803-1536x1152.jpeg 1536w, https:\/\/naturvernforbundet.no\/content\/uploads\/sites\/10\/2026\/04\/IMG_5803-2048x1536.jpeg 2048w, https:\/\/naturvernforbundet.no\/content\/uploads\/sites\/10\/2026\/04\/IMG_5803-1920x1440.jpeg 1920w\" sizes=\"auto, (max-width: 2560px) 100vw, 2560px\" \/><\/figure>\n\n<div class=\"wp-block-group alignfull is-layout-flow wp-block-group-is-layout-flow\">\n\t<h2 class=\"t2-post-title wp-block-t2-post-title\">Strandrydding p\u00e5 Bygd\u00f8ys \u00f8stkyst<\/h2>\n\t<p class=\"wp-block-naturvern-post-excerpt\">11. april kl.10-11.30 <\/p>\n\t\t<div class=\"wp-block-naturvern-post-meta\">\n\t\t\t\t\t<span class=\"cat\">\n\t\t\t\t\t\t\t\t\t<span><span class=\"tag-link\" data-href=\"https:\/\/naturvernforbundet.no\/osloogakershus\/category\/aktivitet-arrangement\/\">Aktivitet, arrangement<\/span><\/span>\n\t\t\t\t\t\t\t\t\t<span><span class=\"tag-link\" data-href=\"https:\/\/naturvernforbundet.no\/osloogakershus\/category\/arrangement-og-dugnader\/\">Arrangement og dugnader<\/span><\/span>\n\t\t\t\t\t\t\t\t\t<span><span class=\"tag-link\" data-href=\"https:\/\/naturvernforbundet.no\/osloogakershus\/category\/bynatur\/\">Bynatur<\/span><\/span>\n\t\t\t\t\t\t\t\t\t<span><span class=\"tag-link\" data-href=\"https:\/\/naturvernforbundet.no\/osloogakershus\/category\/fjorden\/\">Fjorden<\/span><\/span>\n\t\t\t\t\t\t\t\t\t<span><span class=\"tag-link\" data-href=\"https:\/\/naturvernforbundet.no\/osloogakershus\/category\/forurensning\/\">forurensning<\/span><\/span>\n\t\t\t\t\t\t\t\t\t<span><span class=\"tag-link\" data-href=\"https:\/\/naturvernforbundet.no\/osloogakershus\/category\/ukategorisert\/\">Ukategorisert<\/span><\/span>\n\t\t\t\t\t\t\t<\/span>\n\t\t\t\t\t\t\t<span class=\"date\">07.04.2026<\/span>\n\t\t\t<\/div>\n\t\n<\/div>\n\n<\/a>\n<\/div><\/div>\n\n\n\n<div class=\"wp-block-column is-layout-flow wp-block-column-is-layout-flow\"><div class=\"t2-featured-query-post t2-featured-content is-post-type-post category-aktivitet-arrangement category-arrangement-og-dugnader category-bynatur category-fjorden category-friluftsliv category-klima-og-lokalmiljo category-natur category-ukategorisert local-oslo-vest wp-block-t2-featured-query-post\"><a class=\"t2-post-link wp-block-t2-post-link\" href=\"https:\/\/naturvernforbundet.no\/osloogakershus\/strandrydding-i-bestumkilen\/\">\n<figure style=\"--t2-focal-point: 50% 50%;\" class=\"t2-post-featured-image has-image-ratio-4-3 wp-block-t2-post-featured-image\"><img loading=\"lazy\" decoding=\"async\" width=\"2408\" height=\"1098\" src=\"https:\/\/naturvernforbundet.no\/content\/uploads\/sites\/10\/2025\/09\/Skjermbilde-2025-09-12-kl.-08.14.50.png\" class=\"attachment-post-thumbnail size-post-thumbnail wp-post-image\" alt=\"\" srcset=\"https:\/\/naturvernforbundet.no\/content\/uploads\/sites\/10\/2025\/09\/Skjermbilde-2025-09-12-kl.-08.14.50.png 2408w, https:\/\/naturvernforbundet.no\/content\/uploads\/sites\/10\/2025\/09\/Skjermbilde-2025-09-12-kl.-08.14.50-300x137.png 300w, https:\/\/naturvernforbundet.no\/content\/uploads\/sites\/10\/2025\/09\/Skjermbilde-2025-09-12-kl.-08.14.50-1024x467.png 1024w, https:\/\/naturvernforbundet.no\/content\/uploads\/sites\/10\/2025\/09\/Skjermbilde-2025-09-12-kl.-08.14.50-768x350.png 768w, https:\/\/naturvernforbundet.no\/content\/uploads\/sites\/10\/2025\/09\/Skjermbilde-2025-09-12-kl.-08.14.50-1536x700.png 1536w, https:\/\/naturvernforbundet.no\/content\/uploads\/sites\/10\/2025\/09\/Skjermbilde-2025-09-12-kl.-08.14.50-2048x934.png 2048w, https:\/\/naturvernforbundet.no\/content\/uploads\/sites\/10\/2025\/09\/Skjermbilde-2025-09-12-kl.-08.14.50-1920x875.png 1920w\" sizes=\"auto, (max-width: 2408px) 100vw, 2408px\" \/><\/figure>\n\n<div class=\"wp-block-group alignfull is-layout-flow wp-block-group-is-layout-flow\">\n\t<h2 class=\"t2-post-title wp-block-t2-post-title\">Strandrydding i Bestumkilen<\/h2>\n\t<p class=\"wp-block-naturvern-post-excerpt\">l\u00f8rdag 13. september kl.13-16, oppm\u00f8te ved stranden<\/p>\n\t\t<div class=\"wp-block-naturvern-post-meta\">\n\t\t\t\t\t<span class=\"cat\">\n\t\t\t\t\t\t\t\t\t<span><span class=\"tag-link\" data-href=\"https:\/\/naturvernforbundet.no\/osloogakershus\/category\/aktivitet-arrangement\/\">Aktivitet, arrangement<\/span><\/span>\n\t\t\t\t\t\t\t\t\t<span><span class=\"tag-link\" data-href=\"https:\/\/naturvernforbundet.no\/osloogakershus\/category\/arrangement-og-dugnader\/\">Arrangement og dugnader<\/span><\/span>\n\t\t\t\t\t\t\t\t\t<span><span class=\"tag-link\" data-href=\"https:\/\/naturvernforbundet.no\/osloogakershus\/category\/bynatur\/\">Bynatur<\/span><\/span>\n\t\t\t\t\t\t\t\t\t<span><span class=\"tag-link\" data-href=\"https:\/\/naturvernforbundet.no\/osloogakershus\/category\/fjorden\/\">Fjorden<\/span><\/span>\n\t\t\t\t\t\t\t\t\t<span><span class=\"tag-link\" data-href=\"https:\/\/naturvernforbundet.no\/osloogakershus\/category\/friluftsliv\/\">Friluftsliv<\/span><\/span>\n\t\t\t\t\t\t\t\t\t<span><span class=\"tag-link\" data-href=\"https:\/\/naturvernforbundet.no\/osloogakershus\/category\/klima-og-lokalmiljo\/\">Klima og lokalmilj\u00f8<\/span><\/span>\n\t\t\t\t\t\t\t\t\t<span><span class=\"tag-link\" data-href=\"https:\/\/naturvernforbundet.no\/osloogakershus\/category\/natur\/\">Natur<\/span><\/span>\n\t\t\t\t\t\t\t\t\t<span><span class=\"tag-link\" data-href=\"https:\/\/naturvernforbundet.no\/osloogakershus\/category\/ukategorisert\/\">Ukategorisert<\/span><\/span>\n\t\t\t\t\t\t\t<\/span>\n\t\t\t\t\t\t\t<span class=\"date\">12.09.2025<\/span>\n\t\t\t<\/div>\n\t\n<\/div>\n\n<\/a>\n<\/div><\/div>\n\n\n\n<div class=\"wp-block-column is-layout-flow wp-block-column-is-layout-flow\"><div class=\"t2-featured-query-post t2-featured-content is-post-type-post category-artsmangfold category-bynatur category-friluftsliv category-natur category-naturkunnskap category-ukategorisert local-oslo-vest wp-block-t2-featured-query-post\"><a class=\"t2-post-link wp-block-t2-post-link\" href=\"https:\/\/naturvernforbundet.no\/osloogakershus\/vartur-langs-maerradalsbekken\/\">\n<figure style=\"--t2-focal-point: 50% 50%;\" class=\"t2-post-featured-image has-image-ratio-4-3 wp-block-t2-post-featured-image\"><img loading=\"lazy\" decoding=\"async\" width=\"2560\" height=\"1920\" src=\"https:\/\/naturvernforbundet.no\/content\/uploads\/sites\/10\/2025\/05\/IMG_6162-scaled.jpeg\" class=\"attachment-post-thumbnail size-post-thumbnail wp-post-image\" alt=\"\" srcset=\"https:\/\/naturvernforbundet.no\/content\/uploads\/sites\/10\/2025\/05\/IMG_6162-scaled.jpeg 2560w, https:\/\/naturvernforbundet.no\/content\/uploads\/sites\/10\/2025\/05\/IMG_6162-300x225.jpeg 300w, https:\/\/naturvernforbundet.no\/content\/uploads\/sites\/10\/2025\/05\/IMG_6162-1024x768.jpeg 1024w, https:\/\/naturvernforbundet.no\/content\/uploads\/sites\/10\/2025\/05\/IMG_6162-768x576.jpeg 768w, https:\/\/naturvernforbundet.no\/content\/uploads\/sites\/10\/2025\/05\/IMG_6162-1536x1152.jpeg 1536w, https:\/\/naturvernforbundet.no\/content\/uploads\/sites\/10\/2025\/05\/IMG_6162-2048x1536.jpeg 2048w, https:\/\/naturvernforbundet.no\/content\/uploads\/sites\/10\/2025\/05\/IMG_6162-1920x1440.jpeg 1920w\" sizes=\"auto, (max-width: 2560px) 100vw, 2560px\" \/><\/figure>\n\n<div class=\"wp-block-group alignfull is-layout-flow wp-block-group-is-layout-flow\">\n\t<h2 class=\"t2-post-title wp-block-t2-post-title\">V\u00e5rtur langs M\u00e6rradalsbekken<\/h2>\n\t<p class=\"wp-block-naturvern-post-excerpt\">14. mai kl.18 <br>fra Ankerveien ved Bogstad camping til Radiumhospitalet <\/p>\n\t\t<div class=\"wp-block-naturvern-post-meta\">\n\t\t\t\t\t<span class=\"cat\">\n\t\t\t\t\t\t\t\t\t<span><span class=\"tag-link\" data-href=\"https:\/\/naturvernforbundet.no\/osloogakershus\/category\/artsmangfold\/\">Artsmangfold<\/span><\/span>\n\t\t\t\t\t\t\t\t\t<span><span class=\"tag-link\" data-href=\"https:\/\/naturvernforbundet.no\/osloogakershus\/category\/bynatur\/\">Bynatur<\/span><\/span>\n\t\t\t\t\t\t\t\t\t<span><span class=\"tag-link\" data-href=\"https:\/\/naturvernforbundet.no\/osloogakershus\/category\/friluftsliv\/\">Friluftsliv<\/span><\/span>\n\t\t\t\t\t\t\t\t\t<span><span class=\"tag-link\" data-href=\"https:\/\/naturvernforbundet.no\/osloogakershus\/category\/natur\/\">Natur<\/span><\/span>\n\t\t\t\t\t\t\t\t\t<span><span class=\"tag-link\" data-href=\"https:\/\/naturvernforbundet.no\/osloogakershus\/category\/naturkunnskap\/\">Naturkunnskap<\/span><\/span>\n\t\t\t\t\t\t\t\t\t<span><span class=\"tag-link\" data-href=\"https:\/\/naturvernforbundet.no\/osloogakershus\/category\/ukategorisert\/\">Ukategorisert<\/span><\/span>\n\t\t\t\t\t\t\t<\/span>\n\t\t\t\t\t\t\t<span class=\"date\">03.05.2025<\/span>\n\t\t\t<\/div>\n\t\n<\/div>\n\n<\/a>\n<\/div><\/div>\n<\/div>\n","protected":false},"excerpt":{"rendered":"","protected":false},"author":261,"featured_media":0,"parent":1440,"menu_order":0,"comment_status":"closed","ping_status":"closed","template":"","meta":{"_relevanssi_hide_post":"","_relevanssi_hide_content":"","_relevanssi_pin_for_all":"","_relevanssi_pin_keywords":"","_relevanssi_unpin_keywords":"","_relevanssi_related_keywords":"","_relevanssi_related_include_ids":"","_relevanssi_related_exclude_ids":"","_relevanssi_related_no_append":"","_relevanssi_related_not_related":"","_relevanssi_related_posts":"","_relevanssi_noindex_reason":"","hide_logo":false,"footnotes":""},"categories":[],"class_list":["post-4098","page","type-page","status-publish","hentry"],"acf":[],"yoast_head":"<!-- This site is optimized with the Yoast SEO plugin v24.9 - https:\/\/yoast.com\/wordpress\/plugins\/seo\/ -->\n<title>Bynatur - Oslo og Akershus<\/title>\n<meta name=\"robots\" content=\"index, follow, max-snippet:-1, max-image-preview:large, max-video-preview:-1\" \/>\n<link rel=\"canonical\" href=\"https:\/\/naturvernforbundet.no\/osloogakershus\/laer-mer\/bynatur\/\" \/>\n<meta property=\"og:locale\" content=\"nb_NO\" \/>\n<meta property=\"og:type\" content=\"article\" \/>\n<meta property=\"og:title\" content=\"Bynatur - Oslo og Akershus\" \/>\n<meta property=\"og:url\" content=\"https:\/\/naturvernforbundet.no\/osloogakershus\/laer-mer\/bynatur\/\" \/>\n<meta property=\"og:site_name\" content=\"Oslo og Akershus\" \/>\n<meta property=\"article:modified_time\" content=\"2022-11-21T17:36:57+00:00\" \/>\n<meta name=\"twitter:card\" content=\"summary_large_image\" \/>\n<meta name=\"twitter:label1\" content=\"Ansl. lesetid\" \/>\n\t<meta name=\"twitter:data1\" content=\"3 minutter\" \/>\n<script type=\"application\/ld+json\" class=\"yoast-schema-graph\">{\"@context\":\"https:\/\/schema.org\",\"@graph\":[{\"@type\":\"WebPage\",\"@id\":\"https:\/\/naturvernforbundet.no\/osloogakershus\/laer-mer\/bynatur\/\",\"url\":\"https:\/\/naturvernforbundet.no\/osloogakershus\/laer-mer\/bynatur\/\",\"name\":\"Bynatur - Oslo og Akershus\",\"isPartOf\":{\"@id\":\"https:\/\/naturvernforbundet.no\/osloogakershus\/#website\"},\"datePublished\":\"2022-11-11T13:17:25+00:00\",\"dateModified\":\"2022-11-21T17:36:57+00:00\",\"breadcrumb\":{\"@id\":\"https:\/\/naturvernforbundet.no\/osloogakershus\/laer-mer\/bynatur\/#breadcrumb\"},\"inLanguage\":\"nb-NO\",\"potentialAction\":[{\"@type\":\"ReadAction\",\"target\":[\"https:\/\/naturvernforbundet.no\/osloogakershus\/laer-mer\/bynatur\/\"]}]},{\"@type\":\"BreadcrumbList\",\"@id\":\"https:\/\/naturvernforbundet.no\/osloogakershus\/laer-mer\/bynatur\/#breadcrumb\",\"itemListElement\":[{\"@type\":\"ListItem\",\"position\":1,\"name\":\"Till naturvernforbundet.no\",\"item\":\"https:\/\/naturvernforbundet.no\/\"},{\"@type\":\"ListItem\",\"position\":2,\"name\":\"Oslo og Akershus\",\"item\":\"https:\/\/naturvernforbundet.no\/osloogakershus\/\"},{\"@type\":\"ListItem\",\"position\":3,\"name\":\"L\u00e6r mer\",\"item\":\"https:\/\/naturvernforbundet.no\/osloogakershus\/laer-mer\/\"},{\"@type\":\"ListItem\",\"position\":4,\"name\":\"Bynatur\"}]},{\"@type\":\"WebSite\",\"@id\":\"https:\/\/naturvernforbundet.no\/osloogakershus\/#website\",\"url\":\"https:\/\/naturvernforbundet.no\/osloogakershus\/\",\"name\":\"Oslo og Akershus\",\"description\":\"Bare enda et Naturvernforbundet Sites-nettsted\",\"potentialAction\":[{\"@type\":\"SearchAction\",\"target\":{\"@type\":\"EntryPoint\",\"urlTemplate\":\"https:\/\/naturvernforbundet.no\/osloogakershus\/?s={search_term_string}\"},\"query-input\":{\"@type\":\"PropertyValueSpecification\",\"valueRequired\":true,\"valueName\":\"search_term_string\"}}],\"inLanguage\":\"nb-NO\"}]}<\/script>\n<!-- \/ Yoast SEO plugin. -->","yoast_head_json":{"title":"Bynatur - Oslo og Akershus","robots":{"index":"index","follow":"follow","max-snippet":"max-snippet:-1","max-image-preview":"max-image-preview:large","max-video-preview":"max-video-preview:-1"},"canonical":"https:\/\/naturvernforbundet.no\/osloogakershus\/laer-mer\/bynatur\/","og_locale":"nb_NO","og_type":"article","og_title":"Bynatur - Oslo og Akershus","og_url":"https:\/\/naturvernforbundet.no\/osloogakershus\/laer-mer\/bynatur\/","og_site_name":"Oslo og Akershus","article_modified_time":"2022-11-21T17:36:57+00:00","twitter_card":"summary_large_image","twitter_misc":{"Ansl. lesetid":"3 minutter"},"schema":{"@context":"https:\/\/schema.org","@graph":[{"@type":"WebPage","@id":"https:\/\/naturvernforbundet.no\/osloogakershus\/laer-mer\/bynatur\/","url":"https:\/\/naturvernforbundet.no\/osloogakershus\/laer-mer\/bynatur\/","name":"Bynatur - Oslo og Akershus","isPartOf":{"@id":"https:\/\/naturvernforbundet.no\/osloogakershus\/#website"},"datePublished":"2022-11-11T13:17:25+00:00","dateModified":"2022-11-21T17:36:57+00:00","breadcrumb":{"@id":"https:\/\/naturvernforbundet.no\/osloogakershus\/laer-mer\/bynatur\/#breadcrumb"},"inLanguage":"nb-NO","potentialAction":[{"@type":"ReadAction","target":["https:\/\/naturvernforbundet.no\/osloogakershus\/laer-mer\/bynatur\/"]}]},{"@type":"BreadcrumbList","@id":"https:\/\/naturvernforbundet.no\/osloogakershus\/laer-mer\/bynatur\/#breadcrumb","itemListElement":[{"@type":"ListItem","position":1,"name":"Till naturvernforbundet.no","item":"https:\/\/naturvernforbundet.no\/"},{"@type":"ListItem","position":2,"name":"Oslo og Akershus","item":"https:\/\/naturvernforbundet.no\/osloogakershus\/"},{"@type":"ListItem","position":3,"name":"L\u00e6r mer","item":"https:\/\/naturvernforbundet.no\/osloogakershus\/laer-mer\/"},{"@type":"ListItem","position":4,"name":"Bynatur"}]},{"@type":"WebSite","@id":"https:\/\/naturvernforbundet.no\/osloogakershus\/#website","url":"https:\/\/naturvernforbundet.no\/osloogakershus\/","name":"Oslo og Akershus","description":"Bare enda et Naturvernforbundet Sites-nettsted","potentialAction":[{"@type":"SearchAction","target":{"@type":"EntryPoint","urlTemplate":"https:\/\/naturvernforbundet.no\/osloogakershus\/?s={search_term_string}"},"query-input":{"@type":"PropertyValueSpecification","valueRequired":true,"valueName":"search_term_string"}}],"inLanguage":"nb-NO"}]}},"_links":{"self":[{"href":"https:\/\/naturvernforbundet.no\/osloogakershus\/wp-json\/wp\/v2\/pages\/4098","targetHints":{"allow":["GET"]}}],"collection":[{"href":"https:\/\/naturvernforbundet.no\/osloogakershus\/wp-json\/wp\/v2\/pages"}],"about":[{"href":"https:\/\/naturvernforbundet.no\/osloogakershus\/wp-json\/wp\/v2\/types\/page"}],"author":[{"embeddable":true,"href":"https:\/\/naturvernforbundet.no\/osloogakershus\/wp-json\/wp\/v2\/users\/261"}],"replies":[{"embeddable":true,"href":"https:\/\/naturvernforbundet.no\/osloogakershus\/wp-json\/wp\/v2\/comments?post=4098"}],"version-history":[{"count":5,"href":"https:\/\/naturvernforbundet.no\/osloogakershus\/wp-json\/wp\/v2\/pages\/4098\/revisions"}],"predecessor-version":[{"id":4523,"href":"https:\/\/naturvernforbundet.no\/osloogakershus\/wp-json\/wp\/v2\/pages\/4098\/revisions\/4523"}],"up":[{"embeddable":true,"href":"https:\/\/naturvernforbundet.no\/osloogakershus\/wp-json\/wp\/v2\/pages\/1440"}],"wp:attachment":[{"href":"https:\/\/naturvernforbundet.no\/osloogakershus\/wp-json\/wp\/v2\/media?parent=4098"}],"wp:term":[{"taxonomy":"category","embeddable":true,"href":"https:\/\/naturvernforbundet.no\/osloogakershus\/wp-json\/wp\/v2\/categories?post=4098"}],"curies":[{"name":"wp","href":"https:\/\/api.w.org\/{rel}","templated":true}]}}