{"id":4973,"date":"2022-11-22T12:52:14","date_gmt":"2022-11-22T11:52:14","guid":{"rendered":"https:\/\/naturvernforbundet.no\/osloogakershus\/?page_id=4973"},"modified":"2026-03-18T09:47:51","modified_gmt":"2026-03-18T08:47:51","slug":"nottekraka-medlemsblad","status":"publish","type":"page","link":"https:\/\/naturvernforbundet.no\/osloogakershus\/nottekraka-medlemsblad\/","title":{"rendered":"N\u00f8ttekr\u00e5ka medlemsblad i PDF"},"content":{"rendered":"\t<div class=\"template-page alignfull wp-block-naturvern-hero\">\n\t\t<div class=\"hero__inner\">\n\t\t\t<div class=\"hero__inner_blocks\">\n\t\t\t\t\t\t\t\t\n<h1 class=\"wp-block-post-title\">N\u00f8ttekr\u00e5ka medlemsblad i PDF<\/h1>\n\n\n<p>Her finner du de siste numrene av N\u00f8ttekr\u00e5ka i PDF-format<\/p>\n\n\n\n<div class=\"wp-block-buttons is-layout-flex wp-block-buttons-is-layout-flex\"><\/div>\n\n\t\t\t<\/div>\n\t\t\t\t\t<\/div>\n\t\t\t<\/div>\n\t\n\n\n<h2 class=\"wp-block-heading\">Last ned<\/h2>\n\n\n\n<p><strong><a href=\"https:\/\/naturvernforbundet.no\/content\/uploads\/sites\/10\/2026\/03\/Nottekraka_0126_WEB.pdf\">N\u00f8ttekr\u00e5ka 2026 med \u00e5rsmelding for 2025.pdf<\/a><\/strong><\/p>\n\n\n\n<p><a href=\"https:\/\/naturvernforbundet.no\/content\/uploads\/sites\/10\/2025\/02\/Nottekraka_0125-til-nettsiden.pdf\"><strong>N\u00f8ttekr\u00e5ka 2025 med \u00e5rsmelding for 2024.pdf<\/strong><\/a><\/p>\n\n\n\n<p><a href=\"https:\/\/naturvernforbundet.no\/content\/uploads\/sites\/10\/2024\/02\/Nottekraka_0124-nettpublikasjon.pdf\"><strong>N\u00f8ttekr\u00e5ka 2024 med \u00e5rsmelding for 2023.pdf<\/strong><\/a><\/p>\n\n\n\n<p><a href=\"https:\/\/naturvernforbundet.no\/content\/uploads\/sites\/10\/2023\/02\/Nottekraka_0123_NETT.pdf\"><strong>N\u00f8ttekr\u00e5ka 2023 med \u00e5rsmelding for 2022.pdf<\/strong><\/a><\/p>\n\n\n\n<p><strong><a href=\"https:\/\/naturvernforbundet.no\/content\/uploads\/sites\/10\/2023\/01\/Nettversjon-NK-2022-2.pdf\">N\u00f8ttekr\u00e5ka 2022\/Nr. 2 &#8211; 50 \u00e5rs jubileumsnummer.pdf <\/a><\/strong><\/p>\n\n\n\n<p><strong><a href=\"https:\/\/naturvernforbundet.no\/content\/uploads\/sites\/10\/2023\/01\/Nettversjon-NK-2022-1.pdf\">N\u00f8ttekr\u00e5ka 2022\/Nr. 1  med \u00e5rsmeldingen for 2021.pdf<\/a><\/strong><\/p>\n\n\n\n<p><strong><a href=\"https:\/\/naturvernforbundet.no\/content\/uploads\/sites\/10\/2023\/01\/Nottekraka_2021_NETT.pdf\">N\u00f8ttekr\u00e5ka 2021 med \u00e5rsmeldingen for 2020.pdf<\/a><\/strong><\/p>\n\n\n\n<p><a href=\"https:\/\/naturvernforbundet.no\/content\/uploads\/sites\/10\/2023\/01\/NK-1-2020-web.pdf\"><strong>N\u00f8ttekr\u00e5ka 2020 med \u00e5rsmeldingen for 2019.pdf <\/strong><\/a><\/p>\n\n\n\n<p><a href=\"https:\/\/naturvernforbundet.no\/content\/uploads\/sites\/10\/2023\/01\/NK-1-2019.pdf\"><strong>N\u00f8ttekr\u00e5ka 2019 med \u00e5rsmeldingen for 2018.pdf<\/strong><\/a><\/p>\n\n\n\n<p><a href=\"https:\/\/naturvernforbundet.no\/content\/uploads\/sites\/10\/2023\/01\/NK-1-2018-WEB.pdf\"><strong>N\u00f8ttekr\u00e5ka 2018 med \u00e5rsmeldingen for 2017.pdf<\/strong><\/a><\/p>\n\n\n\n<p><a href=\"https:\/\/naturvernforbundet.no\/content\/uploads\/sites\/10\/2023\/01\/NK-1-2017-web.pdf\"><strong>N\u00f8ttekr\u00e5ka 2017\/Nr.&nbsp;2.pdf<\/strong><\/a><\/p>\n\n\n\n<p><a href=\"https:\/\/naturvernforbundet.no\/content\/uploads\/sites\/10\/2023\/01\/NK-1-2017-web.pdf\"><strong>N\u00f8ttekr\u00e5ka 2017\/Nr.&nbsp;1 med \u00e5rsmeldingen for 2016.pdf<\/strong><\/a><\/p>\n\n\n\n<p><strong><a href=\"https:\/\/naturvernforbundet.no\/content\/uploads\/sites\/10\/2023\/01\/NK-nr-2-2016-Web.pdf\">N\u00f8ttekr\u00e5ka 2016\/Nr.&nbsp;2<\/a><\/strong><\/p>\n\n\n\n<p><a href=\"https:\/\/naturvernforbundet.no\/content\/uploads\/sites\/10\/2023\/01\/Nottekraka-nr1-2016-web.pdf\"><strong>N\u00f8ttekr\u00e5ka 2016\/Nr.&nbsp;1 med \u00e5rsmeldingen for 2015.pdf<\/strong><\/a><\/p>\n\n\n\n<p><a href=\"https:\/\/naturvernforbundet.no\/content\/uploads\/sites\/10\/2023\/01\/NK-nr-2-2015-web.pdf\"><strong>N\u00f8ttekr\u00e5ka 2015\/Nr.&nbsp;2.pdf<\/strong><\/a><\/p>\n\n\n\n<p><strong><a href=\"https:\/\/naturvernforbundet.no\/content\/uploads\/sites\/10\/2023\/01\/NK-nr-1-2015-web.pdf\">N\u00f8ttekr\u00e5ka 2015\/Nr.&nbsp;1.pdf<\/a> <\/strong><\/p>\n\n\n\n<p><a href=\"https:\/\/naturvernforbundet.no\/content\/uploads\/sites\/10\/2023\/01\/NK-nr-2-2014-web.pdf\" rel=\"sponsored nofollow\"><strong>N\u00f8ttekr\u00e5ka 2014\/Nr.&nbsp;2.pdf <\/strong><\/a><\/p>\n\n\n\n<p><a href=\"https:\/\/naturvernforbundet.no\/content\/uploads\/sites\/10\/2023\/01\/NK-nr-1-2014-web.pdf\"><strong>N\u00f8ttekr\u00e5ka 2014\/Nr.&nbsp;1.pdf<\/strong><\/a><\/p>\n\n\n\n<p><a href=\"https:\/\/naturvernforbundet.no\/content\/uploads\/sites\/10\/2023\/01\/NK-nr-2-2013-web.pdf\"><strong>N\u00f8ttekr\u00e5ka 2013\/Nr.2.pdf <\/strong>(St\u00f8rrelse 13MB)<\/a><\/p>\n\n\n\n<p><a href=\"https:\/\/naturvernforbundet.no\/content\/uploads\/sites\/10\/2023\/01\/Nottekraka_nr1_2013web.pdf\"><strong>N\u00f8ttekr\u00e5ka 2013\/Nr.&nbsp;1.pdf<\/strong><\/a><\/p>\n\n\n\n<p><strong><a href=\"https:\/\/naturvernforbundet.no\/content\/uploads\/sites\/10\/2023\/01\/NK-nr-2-2012.pdf\">N\u00f8ttekr\u00e5ka 2012\/Nr.&nbsp;2.pdf<\/a><\/strong><\/p>\n\n\n\n<p><strong><a href=\"https:\/\/naturvernforbundet.no\/content\/uploads\/sites\/10\/2023\/01\/NK-nr-1-2012.pdf\">N\u00f8ttekr\u00e5ka 2012\/Nr.&nbsp;1.pdf<\/a><\/strong><\/p>\n\n\n\n<p><strong><a href=\"https:\/\/naturvernforbundet.no\/content\/uploads\/sites\/10\/2023\/01\/NK-nr-2-2011.pdf\">N\u00f8ttekr\u00e5ka 2011\/Nr.&nbsp;2.pdf<\/a><\/strong><\/p>\n\n\n\n<p><strong><a href=\"https:\/\/naturvernforbundet.no\/content\/uploads\/sites\/10\/2023\/01\/Nottekraka-_nr1_2011web.pdf\">N\u00f8ttekr\u00e5ka 2011\/Nr.&nbsp;1.pdf <\/a><\/strong><\/p>\n\n\n\n<p><strong><a href=\"https:\/\/naturvernforbundet.no\/content\/uploads\/sites\/10\/2023\/01\/NK-nr-2-2010-web.pdf\">N\u00f8ttekr\u00e5ka 2010\/Nr.&nbsp;2.pdf<\/a><\/strong><\/p>\n\n\n\n<p><strong><a href=\"https:\/\/naturvernforbundet.no\/content\/uploads\/sites\/10\/2023\/01\/Nottekraka1_2010.pdf\">N\u00f8ttekr\u00e5ka 2010\/Nr.&nbsp;1.pdf<\/a><\/strong><\/p>\n\n\n\n<p><strong><a href=\"https:\/\/naturvernforbundet.no\/content\/uploads\/sites\/10\/2023\/01\/Nottekraka-nr-2-2009-web.pdf\">N\u00f8ttekr\u00e5ka 2009\/Nr.&nbsp;2.pdf<\/a><\/strong><\/p>\n\n\n\n<p><strong><a href=\"https:\/\/naturvernforbundet.no\/content\/uploads\/sites\/10\/2023\/01\/Nottekraka_nr_1_2009_web.pdf\">N\u00f8ttekr\u00e5ka 2009\/Nr.&nbsp;1.pdf<\/a><\/strong><\/p>\n\n\n\n<p><strong><a href=\"https:\/\/naturvernforbundet.no\/content\/uploads\/sites\/10\/2023\/01\/Nottekraka_1_2008_web.pdf\">N\u00f8ttekr\u00e5ka 2008.pdf<\/a><\/strong><\/p>\n\n\n\n<p><strong><a href=\"https:\/\/naturvernforbundet.no\/content\/uploads\/sites\/10\/2023\/01\/Nottekraka-nr-2-2007-lav.pdf\">N\u00f8ttekr\u00e5ka 2007\/Nr.&nbsp;2.pdf<\/a><\/strong><\/p>\n\n\n\n<p><strong><a href=\"https:\/\/naturvernforbundet.no\/content\/uploads\/sites\/10\/2023\/01\/Nottekraka-1-2007-lav.pdf\">N\u00f8ttekr\u00e5ka 2007\/Nr.&nbsp;1.pdf<\/a><\/strong><\/p>\n\n\n\n<p><strong><a href=\"https:\/\/naturvernforbundet.no\/content\/uploads\/sites\/10\/2023\/01\/Nottekraka-2-2006-lav.pdf\">N\u00f8ttekr\u00e5ka 2006\/Nr.&nbsp;2.pdf<\/a><\/strong><\/p>\n\n\n\n<p><strong><a href=\"https:\/\/naturvernforbundet.no\/content\/uploads\/sites\/10\/2023\/01\/Nottekraka1-2006-lav.pdf\">N\u00f8ttekr\u00e5ka 2006\/Nr.&nbsp;1.pdf<\/a><\/strong><\/p>\n\n\n\n<p><strong><a href=\"https:\/\/naturvernforbundet.no\/content\/uploads\/sites\/10\/2023\/01\/Nottekraka-2-2005-lav.pdf\">N\u00f8ttekr\u00e5ka 2005\/Nr.&nbsp;2.pdf<\/a><\/strong><\/p>\n\n\n\n<p><strong><a href=\"https:\/\/naturvernforbundet.no\/content\/uploads\/sites\/10\/2023\/01\/Nottekraka-1-05-lav.pdf\">N\u00f8ttekr\u00e5ka 2005\/Nr. 1.pdf<\/a><\/strong><\/p>\n\n\n\n<p><strong><a href=\"https:\/\/naturvernforbundet.no\/content\/uploads\/sites\/10\/2023\/01\/NK-2002-2-jubileum.pdf\">N\u00f8ttekr\u00e5ka 2002\/jubileumsnummer med sakshistorie 1972-2002<\/a><\/strong><\/p>\n","protected":false},"excerpt":{"rendered":"","protected":false},"author":268,"featured_media":0,"parent":0,"menu_order":0,"comment_status":"closed","ping_status":"closed","template":"","meta":{"_relevanssi_hide_post":"","_relevanssi_hide_content":"","_relevanssi_pin_for_all":"","_relevanssi_pin_keywords":"","_relevanssi_unpin_keywords":"","_relevanssi_related_keywords":"","_relevanssi_related_include_ids":"","_relevanssi_related_exclude_ids":"","_relevanssi_related_no_append":"","_relevanssi_related_not_related":"","_relevanssi_related_posts":"14229,14242,14361,14152,9535,14211","_relevanssi_noindex_reason":"","hide_logo":false,"footnotes":""},"categories":[140,90],"class_list":["post-4973","page","type-page","status-publish","hentry","category-baerum","category-medlemsblad"],"acf":[],"yoast_head":"<!-- This site is optimized with the Yoast SEO Premium plugin v24.9 (Yoast SEO v24.9) - https:\/\/yoast.com\/wordpress\/plugins\/seo\/ -->\n<title>N\u00f8ttekr\u00e5ka medlemsblad i PDF - Oslo og Akershus<\/title>\n<meta name=\"robots\" content=\"index, follow, max-snippet:-1, max-image-preview:large, max-video-preview:-1\" \/>\n<link rel=\"canonical\" href=\"https:\/\/naturvernforbundet.no\/osloogakershus\/nottekraka-medlemsblad\/\" \/>\n<meta property=\"og:locale\" content=\"nb_NO\" \/>\n<meta property=\"og:type\" content=\"article\" \/>\n<meta property=\"og:title\" content=\"N\u00f8ttekr\u00e5ka medlemsblad i PDF\" \/>\n<meta property=\"og:url\" content=\"https:\/\/naturvernforbundet.no\/osloogakershus\/nottekraka-medlemsblad\/\" \/>\n<meta property=\"og:site_name\" content=\"Oslo og Akershus\" \/>\n<meta property=\"article:modified_time\" content=\"2026-03-18T08:47:51+00:00\" \/>\n<meta name=\"twitter:card\" content=\"summary_large_image\" \/>\n<meta name=\"twitter:label1\" content=\"Ansl. lesetid\" \/>\n\t<meta name=\"twitter:data1\" content=\"1 minutt\" \/>\n<script type=\"application\/ld+json\" class=\"yoast-schema-graph\">{\"@context\":\"https:\/\/schema.org\",\"@graph\":[{\"@type\":\"WebPage\",\"@id\":\"https:\/\/naturvernforbundet.no\/osloogakershus\/nottekraka-medlemsblad\/\",\"url\":\"https:\/\/naturvernforbundet.no\/osloogakershus\/nottekraka-medlemsblad\/\",\"name\":\"N\u00f8ttekr\u00e5ka medlemsblad i PDF - Oslo og Akershus\",\"isPartOf\":{\"@id\":\"https:\/\/naturvernforbundet.no\/osloogakershus\/#website\"},\"datePublished\":\"2022-11-22T11:52:14+00:00\",\"dateModified\":\"2026-03-18T08:47:51+00:00\",\"breadcrumb\":{\"@id\":\"https:\/\/naturvernforbundet.no\/osloogakershus\/nottekraka-medlemsblad\/#breadcrumb\"},\"inLanguage\":\"nb-NO\",\"potentialAction\":[{\"@type\":\"ReadAction\",\"target\":[\"https:\/\/naturvernforbundet.no\/osloogakershus\/nottekraka-medlemsblad\/\"]}]},{\"@type\":\"BreadcrumbList\",\"@id\":\"https:\/\/naturvernforbundet.no\/osloogakershus\/nottekraka-medlemsblad\/#breadcrumb\",\"itemListElement\":[{\"@type\":\"ListItem\",\"position\":1,\"name\":\"Till naturvernforbundet.no\",\"item\":\"https:\/\/naturvernforbundet.no\/\"},{\"@type\":\"ListItem\",\"position\":2,\"name\":\"Oslo og Akershus\",\"item\":\"https:\/\/naturvernforbundet.no\/osloogakershus\/\"},{\"@type\":\"ListItem\",\"position\":3,\"name\":\"N\u00f8ttekr\u00e5ka medlemsblad i PDF\"}]},{\"@type\":\"WebSite\",\"@id\":\"https:\/\/naturvernforbundet.no\/osloogakershus\/#website\",\"url\":\"https:\/\/naturvernforbundet.no\/osloogakershus\/\",\"name\":\"Oslo og Akershus\",\"description\":\"Bare enda et Naturvernforbundet Sites-nettsted\",\"potentialAction\":[{\"@type\":\"SearchAction\",\"target\":{\"@type\":\"EntryPoint\",\"urlTemplate\":\"https:\/\/naturvernforbundet.no\/osloogakershus\/?s={search_term_string}\"},\"query-input\":{\"@type\":\"PropertyValueSpecification\",\"valueRequired\":true,\"valueName\":\"search_term_string\"}}],\"inLanguage\":\"nb-NO\"}]}<\/script>\n<!-- \/ Yoast SEO Premium plugin. -->","yoast_head_json":{"title":"N\u00f8ttekr\u00e5ka medlemsblad i PDF - Oslo og Akershus","robots":{"index":"index","follow":"follow","max-snippet":"max-snippet:-1","max-image-preview":"max-image-preview:large","max-video-preview":"max-video-preview:-1"},"canonical":"https:\/\/naturvernforbundet.no\/osloogakershus\/nottekraka-medlemsblad\/","og_locale":"nb_NO","og_type":"article","og_title":"N\u00f8ttekr\u00e5ka medlemsblad i PDF","og_url":"https:\/\/naturvernforbundet.no\/osloogakershus\/nottekraka-medlemsblad\/","og_site_name":"Oslo og Akershus","article_modified_time":"2026-03-18T08:47:51+00:00","twitter_card":"summary_large_image","twitter_misc":{"Ansl. lesetid":"1 minutt"},"schema":{"@context":"https:\/\/schema.org","@graph":[{"@type":"WebPage","@id":"https:\/\/naturvernforbundet.no\/osloogakershus\/nottekraka-medlemsblad\/","url":"https:\/\/naturvernforbundet.no\/osloogakershus\/nottekraka-medlemsblad\/","name":"N\u00f8ttekr\u00e5ka medlemsblad i PDF - Oslo og Akershus","isPartOf":{"@id":"https:\/\/naturvernforbundet.no\/osloogakershus\/#website"},"datePublished":"2022-11-22T11:52:14+00:00","dateModified":"2026-03-18T08:47:51+00:00","breadcrumb":{"@id":"https:\/\/naturvernforbundet.no\/osloogakershus\/nottekraka-medlemsblad\/#breadcrumb"},"inLanguage":"nb-NO","potentialAction":[{"@type":"ReadAction","target":["https:\/\/naturvernforbundet.no\/osloogakershus\/nottekraka-medlemsblad\/"]}]},{"@type":"BreadcrumbList","@id":"https:\/\/naturvernforbundet.no\/osloogakershus\/nottekraka-medlemsblad\/#breadcrumb","itemListElement":[{"@type":"ListItem","position":1,"name":"Till naturvernforbundet.no","item":"https:\/\/naturvernforbundet.no\/"},{"@type":"ListItem","position":2,"name":"Oslo og Akershus","item":"https:\/\/naturvernforbundet.no\/osloogakershus\/"},{"@type":"ListItem","position":3,"name":"N\u00f8ttekr\u00e5ka medlemsblad i PDF"}]},{"@type":"WebSite","@id":"https:\/\/naturvernforbundet.no\/osloogakershus\/#website","url":"https:\/\/naturvernforbundet.no\/osloogakershus\/","name":"Oslo og Akershus","description":"Bare enda et Naturvernforbundet Sites-nettsted","potentialAction":[{"@type":"SearchAction","target":{"@type":"EntryPoint","urlTemplate":"https:\/\/naturvernforbundet.no\/osloogakershus\/?s={search_term_string}"},"query-input":{"@type":"PropertyValueSpecification","valueRequired":true,"valueName":"search_term_string"}}],"inLanguage":"nb-NO"}]}},"_links":{"self":[{"href":"https:\/\/naturvernforbundet.no\/osloogakershus\/wp-json\/wp\/v2\/pages\/4973","targetHints":{"allow":["GET"]}}],"collection":[{"href":"https:\/\/naturvernforbundet.no\/osloogakershus\/wp-json\/wp\/v2\/pages"}],"about":[{"href":"https:\/\/naturvernforbundet.no\/osloogakershus\/wp-json\/wp\/v2\/types\/page"}],"author":[{"embeddable":true,"href":"https:\/\/naturvernforbundet.no\/osloogakershus\/wp-json\/wp\/v2\/users\/268"}],"replies":[{"embeddable":true,"href":"https:\/\/naturvernforbundet.no\/osloogakershus\/wp-json\/wp\/v2\/comments?post=4973"}],"version-history":[{"count":19,"href":"https:\/\/naturvernforbundet.no\/osloogakershus\/wp-json\/wp\/v2\/pages\/4973\/revisions"}],"predecessor-version":[{"id":17032,"href":"https:\/\/naturvernforbundet.no\/osloogakershus\/wp-json\/wp\/v2\/pages\/4973\/revisions\/17032"}],"wp:attachment":[{"href":"https:\/\/naturvernforbundet.no\/osloogakershus\/wp-json\/wp\/v2\/media?parent=4973"}],"wp:term":[{"taxonomy":"category","embeddable":true,"href":"https:\/\/naturvernforbundet.no\/osloogakershus\/wp-json\/wp\/v2\/categories?post=4973"}],"curies":[{"name":"wp","href":"https:\/\/api.w.org\/{rel}","templated":true}]}}