{"id":5412,"date":"2023-01-17T10:44:16","date_gmt":"2023-01-17T09:44:16","guid":{"rendered":"https:\/\/naturvernforbundet.no\/osloogakershus\/?page_id=5412"},"modified":"2023-01-28T14:36:41","modified_gmt":"2023-01-28T13:36:41","slug":"tidligere-saker","status":"publish","type":"page","link":"https:\/\/naturvernforbundet.no\/osloogakershus\/lillestrom-3\/tidligere-saker\/","title":{"rendered":"Tidligere saker"},"content":{"rendered":"\t<div class=\"template-page alignfull wp-block-naturvern-hero\">\n\t\t<div class=\"hero__inner\">\n\t\t\t<div class=\"hero__inner_blocks\">\n\t\t\t\t\t\t\t\t\n<h1 class=\"wp-block-post-title\">Tidligere saker<\/h1>\n\n\n<p>Lurer du p\u00e5 hva Naturvernforbundet i Lillestr\u00f8m har jobbet med siden oppstart i 2020? Her er et arkiv over v\u00e5re tidligere saker. <\/p>\n\n\n\n<div class=\"wp-block-buttons is-layout-flex wp-block-buttons-is-layout-flex\"><\/div>\n\n\t\t\t<\/div>\n\t\t\t\t\t<\/div>\n\t\t\t<\/div>\n\t\n\n<div class=\"t2-featured-content-layout alignwide alignwide wp-block-t2-featured-content-layout\">\n<div class=\"t2-featured-single-post t2-featured-content is-post-type-post category-organisasjon local-lillestrom wp-block-t2-featured-single-post\"><a class=\"t2-post-link wp-block-t2-post-link\" href=\"https:\/\/naturvernforbundet.no\/osloogakershus\/naturvernforbundet-i-lillestrom-er-stiftet\/\">\n<figure style=\"--t2-focal-point: 50% 50%;\" class=\"t2-post-featured-image has-image-ratio-4-3 wp-block-t2-post-featured-image\"><img loading=\"lazy\" decoding=\"async\" width=\"653\" height=\"466\" src=\"https:\/\/naturvernforbundet.no\/content\/uploads\/sites\/10\/2020\/05\/Sorum-fet-skedsmo-vaapenskjold-small-wpv_800x_center_center.jpg2028articledisplay29.jpg\" class=\"attachment-post-thumbnail size-post-thumbnail wp-post-image\" alt=\"\" srcset=\"https:\/\/naturvernforbundet.no\/content\/uploads\/sites\/10\/2020\/05\/Sorum-fet-skedsmo-vaapenskjold-small-wpv_800x_center_center.jpg2028articledisplay29.jpg 653w, https:\/\/naturvernforbundet.no\/content\/uploads\/sites\/10\/2020\/05\/Sorum-fet-skedsmo-vaapenskjold-small-wpv_800x_center_center.jpg2028articledisplay29-300x214.jpg 300w\" sizes=\"auto, (max-width: 653px) 100vw, 653px\" \/><\/figure>\n\n<div class=\"wp-block-group alignfull is-layout-flow wp-block-group-is-layout-flow\">\n\t<h2 class=\"t2-post-title wp-block-t2-post-title\">Naturvernforbundet i Lillestr\u00f8m er stiftet<\/h2>\n\t<p class=\"wp-block-naturvern-post-excerpt\"><\/p>\n\t\t<div class=\"wp-block-naturvern-post-meta\">\n\t\t\t\t\t<span class=\"cat\">\n\t\t\t\t\t\t\t\t\t<span><span class=\"tag-link\" data-href=\"https:\/\/naturvernforbundet.no\/osloogakershus\/category\/organisasjon\/\">Organisasjon<\/span><\/span>\n\t\t\t\t\t\t\t<\/span>\n\t\t\t\t\t\t\t<span class=\"date\">16.05.2020<\/span>\n\t\t\t<\/div>\n\t\n<\/div>\n\n<\/a>\n<\/div>\n\n<div class=\"t2-featured-single-post t2-featured-content is-post-type-post category-natur local-lillestrom wp-block-t2-featured-single-post\"><a class=\"t2-post-link wp-block-t2-post-link\" href=\"https:\/\/naturvernforbundet.no\/osloogakershus\/vi-er-skeptiske-til-krogstad-miljopark\/\">\n<figure style=\"--t2-focal-point: 50% 50%;\" class=\"t2-post-featured-image has-image-ratio-4-3 wp-block-t2-post-featured-image\"><img loading=\"lazy\" decoding=\"async\" width=\"653\" height=\"343\" src=\"https:\/\/naturvernforbundet.no\/content\/uploads\/sites\/10\/2022\/03\/biogassanlegg-1.jpg2028articledisplay29.jpg\" class=\"attachment-post-thumbnail size-post-thumbnail wp-post-image\" alt=\"\" srcset=\"https:\/\/naturvernforbundet.no\/content\/uploads\/sites\/10\/2022\/03\/biogassanlegg-1.jpg2028articledisplay29.jpg 653w, https:\/\/naturvernforbundet.no\/content\/uploads\/sites\/10\/2022\/03\/biogassanlegg-1.jpg2028articledisplay29-300x158.jpg 300w\" sizes=\"auto, (max-width: 653px) 100vw, 653px\" \/><\/figure>\n\n<div class=\"wp-block-group alignfull is-layout-flow wp-block-group-is-layout-flow\">\n\t<h2 class=\"t2-post-title wp-block-t2-post-title\">Vi er skeptiske til Krogstad milj\u00f8park<\/h2>\n\t<p class=\"wp-block-naturvern-post-excerpt\">Naturvernforbundet er kritisk til at det kan lages en ny s\u00e5kalt infrastrukturkorridor tvers gjennom uber\u00f8rt natur og villmark uten noen politisk behandling eller reguleringsplan.<\/p>\n\t\t<div class=\"wp-block-naturvern-post-meta\">\n\t\t\t\t\t<span class=\"cat\">\n\t\t\t\t\t\t\t\t\t<span><span class=\"tag-link\" data-href=\"https:\/\/naturvernforbundet.no\/osloogakershus\/category\/natur\/\">Natur<\/span><\/span>\n\t\t\t\t\t\t\t<\/span>\n\t\t\t\t\t\t\t<span class=\"date\">28.03.2022<\/span>\n\t\t\t<\/div>\n\t\n<\/div>\n\n<\/a>\n<\/div>\n\n<div class=\"t2-featured-single-post t2-featured-content is-post-type-post wp-block-t2-featured-single-post\"><a class=\"t2-post-link wp-block-t2-post-link\" href=\"https:\/\/naturvernforbundet.no\/osloogakershus\/ulovlig-skytebane-fortsatt-i-bruk-pa-korpasen-ved-leirsund\/\">\n<figure style=\"--t2-focal-point: 50% 50%;\" class=\"t2-post-featured-image has-image-ratio-4-3 wp-block-t2-post-featured-image\"><img loading=\"lazy\" decoding=\"async\" width=\"653\" height=\"469\" src=\"https:\/\/naturvernforbundet.no\/content\/uploads\/sites\/10\/2021\/09\/KorpC3A5sen_kart.jpg2028articledisplay29.jpg\" class=\"attachment-post-thumbnail size-post-thumbnail wp-post-image\" alt=\"\" srcset=\"https:\/\/naturvernforbundet.no\/content\/uploads\/sites\/10\/2021\/09\/KorpC3A5sen_kart.jpg2028articledisplay29.jpg 653w, https:\/\/naturvernforbundet.no\/content\/uploads\/sites\/10\/2021\/09\/KorpC3A5sen_kart.jpg2028articledisplay29-300x215.jpg 300w\" sizes=\"auto, (max-width: 653px) 100vw, 653px\" \/><\/figure>\n\n<div class=\"wp-block-group alignfull is-layout-flow wp-block-group-is-layout-flow\">\n\t<h2 class=\"t2-post-title wp-block-t2-post-title\">Ulovlig skytebane fortsatt i bruk p\u00e5 Korp\u00e5sen ved Leirsund<\/h2>\n\t<p class=\"wp-block-naturvern-post-excerpt\">Skytebanen til Lillestr\u00f8m og omegn pistolklubb er ulovlig oppf\u00f8rt, og kommunen har varslet tvangsmulkt, men fortsatt er den i full bruk.<\/p>\n\t\t<div class=\"wp-block-naturvern-post-meta\">\n\t\t\t\t\t\t\t<span class=\"date\">05.09.2021<\/span>\n\t\t\t<\/div>\n\t\n<\/div>\n\n<\/a>\n<\/div>\n\n<div class=\"t2-featured-single-post t2-featured-content is-post-type-post category-natur local-lillestrom wp-block-t2-featured-single-post\"><a class=\"t2-post-link wp-block-t2-post-link\" href=\"https:\/\/naturvernforbundet.no\/osloogakershus\/frogner-naeringspark-nok-en-gang-trues-raviner\/\">\n<figure style=\"--t2-focal-point: 50% 50%;\" class=\"t2-post-featured-image has-image-ratio-4-3 wp-block-t2-post-featured-image\"><img loading=\"lazy\" decoding=\"async\" width=\"653\" height=\"489\" src=\"https:\/\/naturvernforbundet.no\/content\/uploads\/sites\/10\/2021\/12\/DJI_0124_1200.jpg2028articledisplay29.jpg\" class=\"attachment-post-thumbnail size-post-thumbnail wp-post-image\" alt=\"\" srcset=\"https:\/\/naturvernforbundet.no\/content\/uploads\/sites\/10\/2021\/12\/DJI_0124_1200.jpg2028articledisplay29.jpg 653w, https:\/\/naturvernforbundet.no\/content\/uploads\/sites\/10\/2021\/12\/DJI_0124_1200.jpg2028articledisplay29-300x225.jpg 300w\" sizes=\"auto, (max-width: 653px) 100vw, 653px\" \/><\/figure>\n\n<div class=\"wp-block-group alignfull is-layout-flow wp-block-group-is-layout-flow\">\n\t<h2 class=\"t2-post-title wp-block-t2-post-title\">Frogner n\u00e6ringspark &#8211; nok en gang trues raviner<\/h2>\n\t<p class=\"wp-block-naturvern-post-excerpt\">Utbyggingsplanene for Frogner n\u00e6ringspark har m\u00f8tt massiv motstand fra en rekke offentlige instanser, men det er likevel fare for at kommunestyret sier ja.<\/p>\n\t\t<div class=\"wp-block-naturvern-post-meta\">\n\t\t\t\t\t<span class=\"cat\">\n\t\t\t\t\t\t\t\t\t<span><span class=\"tag-link\" data-href=\"https:\/\/naturvernforbundet.no\/osloogakershus\/category\/natur\/\">Natur<\/span><\/span>\n\t\t\t\t\t\t\t<\/span>\n\t\t\t\t\t\t\t<span class=\"date\">09.12.2021<\/span>\n\t\t\t<\/div>\n\t\n<\/div>\n\n<\/a>\n<\/div>\n\n<div class=\"t2-featured-single-post t2-featured-content is-post-type-post category-ukategorisert local-lillestrom wp-block-t2-featured-single-post\"><a class=\"t2-post-link wp-block-t2-post-link\" href=\"https:\/\/naturvernforbundet.no\/osloogakershus\/deponisaken-opp-pa-nytt\/\">\n<figure style=\"--t2-focal-point: 50% 50%;\" class=\"t2-post-featured-image has-image-ratio-4-3 wp-block-t2-post-featured-image\"><img loading=\"lazy\" decoding=\"async\" width=\"490\" height=\"544\" src=\"https:\/\/naturvernforbundet.no\/content\/uploads\/sites\/10\/2021\/11\/deponi.png\" class=\"attachment-post-thumbnail size-post-thumbnail wp-post-image\" alt=\"\" srcset=\"https:\/\/naturvernforbundet.no\/content\/uploads\/sites\/10\/2021\/11\/deponi.png 490w, https:\/\/naturvernforbundet.no\/content\/uploads\/sites\/10\/2021\/11\/deponi-270x300.png 270w\" sizes=\"auto, (max-width: 490px) 100vw, 490px\" \/><\/figure>\n\n<div class=\"wp-block-group alignfull is-layout-flow wp-block-group-is-layout-flow\">\n\t<h2 class=\"t2-post-title wp-block-t2-post-title\">Deponisaken opp p\u00e5 nytt<\/h2>\n\t<p class=\"wp-block-naturvern-post-excerpt\">Planene om deponi ved J\u00f8lsen\/Asak har n\u00e5 blitt fremmet p\u00e5 nytt. I tillegg har utbygger p\u00e5klaget opphevingsvedtaket i Lillestr\u00f8m kommune.<\/p>\n\t\t<div class=\"wp-block-naturvern-post-meta\">\n\t\t\t\t\t<span class=\"cat\">\n\t\t\t\t\t\t\t\t\t<span><span class=\"tag-link\" data-href=\"https:\/\/naturvernforbundet.no\/osloogakershus\/category\/ukategorisert\/\">Ukategorisert<\/span><\/span>\n\t\t\t\t\t\t\t<\/span>\n\t\t\t\t\t\t\t<span class=\"date\">20.11.2021<\/span>\n\t\t\t<\/div>\n\t\n<\/div>\n\n<\/a>\n<\/div>\n\n<div class=\"t2-featured-single-post t2-featured-content is-post-type-post wp-block-t2-featured-single-post\"><a class=\"t2-post-link wp-block-t2-post-link\" href=\"https:\/\/naturvernforbundet.no\/osloogakershus\/jolsendeponiet-en-delseier-men-med-bismak\/\">\n<figure style=\"--t2-focal-point: 50% 50%;\" class=\"t2-post-featured-image has-image-ratio-4-3 wp-block-t2-post-featured-image\"><img loading=\"lazy\" decoding=\"async\" width=\"653\" height=\"490\" src=\"https:\/\/naturvernforbundet.no\/content\/uploads\/sites\/10\/2020\/10\/P9230461_1200.jpg2028articledisplay29.jpg\" class=\"attachment-post-thumbnail size-post-thumbnail wp-post-image\" alt=\"\" srcset=\"https:\/\/naturvernforbundet.no\/content\/uploads\/sites\/10\/2020\/10\/P9230461_1200.jpg2028articledisplay29.jpg 653w, https:\/\/naturvernforbundet.no\/content\/uploads\/sites\/10\/2020\/10\/P9230461_1200.jpg2028articledisplay29-300x225.jpg 300w\" sizes=\"auto, (max-width: 653px) 100vw, 653px\" \/><\/figure>\n\n<div class=\"wp-block-group alignfull is-layout-flow wp-block-group-is-layout-flow\">\n\t<h2 class=\"t2-post-title wp-block-t2-post-title\">J\u00f8lsendeponiet &#8211; en delseier, men med bismak<\/h2>\n\t<p class=\"wp-block-naturvern-post-excerpt\">I april 2021 vedtok Lillestr\u00f8m kommunestyre \u00e5 oppheve den fam\u00f8se reguleringsplanen om deponi som Fet vedtok i 2019. Men saken er p\u00e5 ingen m\u00e5te vunnet.<\/p>\n\t\t<div class=\"wp-block-naturvern-post-meta\">\n\t\t\t\t\t\t\t<span class=\"date\">29.04.2021<\/span>\n\t\t\t<\/div>\n\t\n<\/div>\n\n<\/a>\n<\/div>\n\n\n\n<div class=\"t2-featured-single-post t2-featured-content is-post-type-post category-ukategorisert local-lillestrom wp-block-t2-featured-single-post\"><a class=\"t2-post-link wp-block-t2-post-link\" href=\"https:\/\/naturvernforbundet.no\/osloogakershus\/demningene-ved-ryggevanna-kan-bli-staende\/\">\n<figure style=\"--t2-focal-point: 50% 50%;\" class=\"t2-post-featured-image has-image-ratio-4-3 wp-block-t2-post-featured-image\"><img loading=\"lazy\" decoding=\"async\" width=\"1169\" height=\"826\" src=\"https:\/\/naturvernforbundet.no\/content\/uploads\/sites\/10\/2021\/02\/Ryggevann_20201031_2.jpg\" class=\"attachment-post-thumbnail size-post-thumbnail wp-post-image\" alt=\"\" srcset=\"https:\/\/naturvernforbundet.no\/content\/uploads\/sites\/10\/2021\/02\/Ryggevann_20201031_2.jpg 1169w, https:\/\/naturvernforbundet.no\/content\/uploads\/sites\/10\/2021\/02\/Ryggevann_20201031_2-300x212.jpg 300w, https:\/\/naturvernforbundet.no\/content\/uploads\/sites\/10\/2021\/02\/Ryggevann_20201031_2-1024x724.jpg 1024w, https:\/\/naturvernforbundet.no\/content\/uploads\/sites\/10\/2021\/02\/Ryggevann_20201031_2-768x543.jpg 768w\" sizes=\"auto, (max-width: 1169px) 100vw, 1169px\" \/><\/figure>\n\n<div class=\"wp-block-group alignfull is-layout-flow wp-block-group-is-layout-flow\">\n\t<h2 class=\"t2-post-title wp-block-t2-post-title\">Demningene ved Ryggevanna kan bli st\u00e5ende<\/h2>\n\t<p class=\"wp-block-naturvern-post-excerpt\">Vi har jobbet sammen med mange friluftsorganisasjoner for \u00e5 bevare dammene ved Ryggevanna s\u00f8r i Romeriks\u00e5sene.<\/p>\n\t\t<div class=\"wp-block-naturvern-post-meta\">\n\t\t\t\t\t<span class=\"cat\">\n\t\t\t\t\t\t\t\t\t<span><span class=\"tag-link\" data-href=\"https:\/\/naturvernforbundet.no\/osloogakershus\/category\/ukategorisert\/\">Ukategorisert<\/span><\/span>\n\t\t\t\t\t\t\t<\/span>\n\t\t\t\t\t\t\t<span class=\"date\">19.02.2021<\/span>\n\t\t\t<\/div>\n\t\n<\/div>\n\n<\/a>\n<\/div>\n\n\n<\/div>","protected":false},"excerpt":{"rendered":"","protected":false},"author":3,"featured_media":0,"parent":5106,"menu_order":0,"comment_status":"closed","ping_status":"closed","template":"","meta":{"_relevanssi_hide_post":"","_relevanssi_hide_content":"","_relevanssi_pin_for_all":"","_relevanssi_pin_keywords":"","_relevanssi_unpin_keywords":"","_relevanssi_related_keywords":"","_relevanssi_related_include_ids":"","_relevanssi_related_exclude_ids":"","_relevanssi_related_no_append":"","_relevanssi_related_not_related":"","_relevanssi_related_posts":"13387,10715,13327,10469,8498,9832","_relevanssi_noindex_reason":"","hide_logo":false,"footnotes":""},"categories":[],"class_list":["post-5412","page","type-page","status-publish","hentry"],"acf":[],"yoast_head":"<!-- This site is optimized with the Yoast SEO Premium plugin v24.9 (Yoast SEO v24.9) - https:\/\/yoast.com\/wordpress\/plugins\/seo\/ -->\n<title>Tidligere saker - Oslo og Akershus<\/title>\n<meta name=\"robots\" content=\"index, follow, max-snippet:-1, max-image-preview:large, max-video-preview:-1\" \/>\n<link rel=\"canonical\" href=\"https:\/\/naturvernforbundet.no\/osloogakershus\/lillestrom-3\/tidligere-saker\/\" \/>\n<meta property=\"og:locale\" content=\"nb_NO\" \/>\n<meta property=\"og:type\" content=\"article\" \/>\n<meta property=\"og:title\" content=\"Tidligere saker\" \/>\n<meta property=\"og:url\" content=\"https:\/\/naturvernforbundet.no\/osloogakershus\/lillestrom-3\/tidligere-saker\/\" \/>\n<meta property=\"og:site_name\" content=\"Oslo og Akershus\" \/>\n<meta property=\"article:modified_time\" content=\"2023-01-28T13:36:41+00:00\" \/>\n<meta name=\"twitter:card\" content=\"summary_large_image\" \/>\n<meta name=\"twitter:label1\" content=\"Ansl. lesetid\" \/>\n\t<meta name=\"twitter:data1\" content=\"1 minutt\" \/>\n<script type=\"application\/ld+json\" class=\"yoast-schema-graph\">{\"@context\":\"https:\/\/schema.org\",\"@graph\":[{\"@type\":\"WebPage\",\"@id\":\"https:\/\/naturvernforbundet.no\/osloogakershus\/lillestrom-3\/tidligere-saker\/\",\"url\":\"https:\/\/naturvernforbundet.no\/osloogakershus\/lillestrom-3\/tidligere-saker\/\",\"name\":\"Tidligere saker - Oslo og Akershus\",\"isPartOf\":{\"@id\":\"https:\/\/naturvernforbundet.no\/osloogakershus\/#website\"},\"datePublished\":\"2023-01-17T09:44:16+00:00\",\"dateModified\":\"2023-01-28T13:36:41+00:00\",\"breadcrumb\":{\"@id\":\"https:\/\/naturvernforbundet.no\/osloogakershus\/lillestrom-3\/tidligere-saker\/#breadcrumb\"},\"inLanguage\":\"nb-NO\",\"potentialAction\":[{\"@type\":\"ReadAction\",\"target\":[\"https:\/\/naturvernforbundet.no\/osloogakershus\/lillestrom-3\/tidligere-saker\/\"]}]},{\"@type\":\"BreadcrumbList\",\"@id\":\"https:\/\/naturvernforbundet.no\/osloogakershus\/lillestrom-3\/tidligere-saker\/#breadcrumb\",\"itemListElement\":[{\"@type\":\"ListItem\",\"position\":1,\"name\":\"Till naturvernforbundet.no\",\"item\":\"https:\/\/naturvernforbundet.no\/\"},{\"@type\":\"ListItem\",\"position\":2,\"name\":\"Oslo og Akershus\",\"item\":\"https:\/\/naturvernforbundet.no\/osloogakershus\/\"},{\"@type\":\"ListItem\",\"position\":3,\"name\":\"Lillestr\u00f8m\",\"item\":\"https:\/\/naturvernforbundet.no\/osloogakershus\/?page_id=5106\"},{\"@type\":\"ListItem\",\"position\":4,\"name\":\"Tidligere saker\"}]},{\"@type\":\"WebSite\",\"@id\":\"https:\/\/naturvernforbundet.no\/osloogakershus\/#website\",\"url\":\"https:\/\/naturvernforbundet.no\/osloogakershus\/\",\"name\":\"Oslo og Akershus\",\"description\":\"Bare enda et Naturvernforbundet Sites-nettsted\",\"potentialAction\":[{\"@type\":\"SearchAction\",\"target\":{\"@type\":\"EntryPoint\",\"urlTemplate\":\"https:\/\/naturvernforbundet.no\/osloogakershus\/?s={search_term_string}\"},\"query-input\":{\"@type\":\"PropertyValueSpecification\",\"valueRequired\":true,\"valueName\":\"search_term_string\"}}],\"inLanguage\":\"nb-NO\"}]}<\/script>\n<!-- \/ Yoast SEO Premium plugin. -->","yoast_head_json":{"title":"Tidligere saker - Oslo og Akershus","robots":{"index":"index","follow":"follow","max-snippet":"max-snippet:-1","max-image-preview":"max-image-preview:large","max-video-preview":"max-video-preview:-1"},"canonical":"https:\/\/naturvernforbundet.no\/osloogakershus\/lillestrom-3\/tidligere-saker\/","og_locale":"nb_NO","og_type":"article","og_title":"Tidligere saker","og_url":"https:\/\/naturvernforbundet.no\/osloogakershus\/lillestrom-3\/tidligere-saker\/","og_site_name":"Oslo og Akershus","article_modified_time":"2023-01-28T13:36:41+00:00","twitter_card":"summary_large_image","twitter_misc":{"Ansl. lesetid":"1 minutt"},"schema":{"@context":"https:\/\/schema.org","@graph":[{"@type":"WebPage","@id":"https:\/\/naturvernforbundet.no\/osloogakershus\/lillestrom-3\/tidligere-saker\/","url":"https:\/\/naturvernforbundet.no\/osloogakershus\/lillestrom-3\/tidligere-saker\/","name":"Tidligere saker - Oslo og Akershus","isPartOf":{"@id":"https:\/\/naturvernforbundet.no\/osloogakershus\/#website"},"datePublished":"2023-01-17T09:44:16+00:00","dateModified":"2023-01-28T13:36:41+00:00","breadcrumb":{"@id":"https:\/\/naturvernforbundet.no\/osloogakershus\/lillestrom-3\/tidligere-saker\/#breadcrumb"},"inLanguage":"nb-NO","potentialAction":[{"@type":"ReadAction","target":["https:\/\/naturvernforbundet.no\/osloogakershus\/lillestrom-3\/tidligere-saker\/"]}]},{"@type":"BreadcrumbList","@id":"https:\/\/naturvernforbundet.no\/osloogakershus\/lillestrom-3\/tidligere-saker\/#breadcrumb","itemListElement":[{"@type":"ListItem","position":1,"name":"Till naturvernforbundet.no","item":"https:\/\/naturvernforbundet.no\/"},{"@type":"ListItem","position":2,"name":"Oslo og Akershus","item":"https:\/\/naturvernforbundet.no\/osloogakershus\/"},{"@type":"ListItem","position":3,"name":"Lillestr\u00f8m","item":"https:\/\/naturvernforbundet.no\/osloogakershus\/?page_id=5106"},{"@type":"ListItem","position":4,"name":"Tidligere saker"}]},{"@type":"WebSite","@id":"https:\/\/naturvernforbundet.no\/osloogakershus\/#website","url":"https:\/\/naturvernforbundet.no\/osloogakershus\/","name":"Oslo og Akershus","description":"Bare enda et Naturvernforbundet Sites-nettsted","potentialAction":[{"@type":"SearchAction","target":{"@type":"EntryPoint","urlTemplate":"https:\/\/naturvernforbundet.no\/osloogakershus\/?s={search_term_string}"},"query-input":{"@type":"PropertyValueSpecification","valueRequired":true,"valueName":"search_term_string"}}],"inLanguage":"nb-NO"}]}},"_links":{"self":[{"href":"https:\/\/naturvernforbundet.no\/osloogakershus\/wp-json\/wp\/v2\/pages\/5412","targetHints":{"allow":["GET"]}}],"collection":[{"href":"https:\/\/naturvernforbundet.no\/osloogakershus\/wp-json\/wp\/v2\/pages"}],"about":[{"href":"https:\/\/naturvernforbundet.no\/osloogakershus\/wp-json\/wp\/v2\/types\/page"}],"author":[{"embeddable":true,"href":"https:\/\/naturvernforbundet.no\/osloogakershus\/wp-json\/wp\/v2\/users\/3"}],"replies":[{"embeddable":true,"href":"https:\/\/naturvernforbundet.no\/osloogakershus\/wp-json\/wp\/v2\/comments?post=5412"}],"version-history":[{"count":14,"href":"https:\/\/naturvernforbundet.no\/osloogakershus\/wp-json\/wp\/v2\/pages\/5412\/revisions"}],"predecessor-version":[{"id":5695,"href":"https:\/\/naturvernforbundet.no\/osloogakershus\/wp-json\/wp\/v2\/pages\/5412\/revisions\/5695"}],"up":[{"embeddable":true,"href":"https:\/\/naturvernforbundet.no\/osloogakershus\/wp-json\/wp\/v2\/pages\/5106"}],"wp:attachment":[{"href":"https:\/\/naturvernforbundet.no\/osloogakershus\/wp-json\/wp\/v2\/media?parent=5412"}],"wp:term":[{"taxonomy":"category","embeddable":true,"href":"https:\/\/naturvernforbundet.no\/osloogakershus\/wp-json\/wp\/v2\/categories?post=5412"}],"curies":[{"name":"wp","href":"https:\/\/api.w.org\/{rel}","templated":true}]}}