{"id":7539,"date":"2023-07-12T10:40:00","date_gmt":"2023-07-12T08:40:00","guid":{"rendered":"https:\/\/naturvernforbundet.no\/osloogakershus\/?page_id=7539"},"modified":"2024-05-21T10:39:41","modified_gmt":"2024-05-21T08:39:41","slug":"noas-naturkart","status":"publish","type":"page","link":"https:\/\/naturvernforbundet.no\/osloogakershus\/noas-naturkart\/","title":{"rendered":"NOAs Natur- og eventyrskogkart"},"content":{"rendered":"\t<div class=\"template-page alignfull wp-block-naturvern-hero\">\n\t\t<div class=\"hero__inner\">\n\t\t\t<div class=\"hero__inner_blocks\">\n\t\t\t\t\t\t\t\t\n<h1 class=\"wp-block-post-title\">NOAs Natur- og eventyrskogkart<\/h1>\n\n\n<div class=\"wp-block-buttons is-layout-flex wp-block-buttons-is-layout-flex\">\n<div class=\"wp-block-button\"><a class=\"wp-block-button__link wp-element-button\" href=\"https:\/\/naturvernforbundet.no\/dokumenter\/naturkart-for-oslo-og-akershus\/\" target=\"_blank\" rel=\"noreferrer noopener\">NOAs naturkart<\/a><\/div>\n<\/div>\n\n\t\t\t<\/div>\n\t\t\t\t\t<\/div>\n\t\t\t<\/div>\n\t\n\n\n<p>Er du nysgjerrig p\u00e5 hva som finnes av naturverdier i nabolaget ditt? Hilde Friis Sol\u00e5s og NOA har kartlagt gr\u00f8nne omr\u00e5der i hele Oslo, og naturkartene gir en fin oversikt over dyr og planter b\u00e5de i parkene, gr\u00f8ntomr\u00e5dene og den byn\u00e6re Oslomarka.  Vi har ogs\u00e5 kartlagt vegetasjonen, og du kan bruke flere av naturkartene, i kombinasjon med faktaarket &laquo;b\u00e6rtur&raquo; til \u00e5 finne de aller beste tytteb\u00e6r og bl\u00e5b\u00e6rstedene i din n\u00e6rskog.<\/p>\n\n\n\n<p><\/p>\n\n\n\n<p>Eventyrskogkartene dekker noen av de fineste eventyrskogene i Marka. Les mer om Eventyrskogene <a href=\"https:\/\/naturvernforbundet.no\/osloogakershus\/hva-er-en-eventyrskog\/\">her<\/a>. <\/p>\n\n\n<ul class=\"t2-link-list has-1-items has-auto-columns wp-block-t2-link-list\">\n\t<li class=\"t2-link-list-item wp-block-t2-link-list-item\">\n\t\t<a\n\t\t\thref=\"https:\/\/naturvernforbundet.no\/dokumenter\/naturkart-for-oslo-og-akershus\/\"\n\t\t\tclass=\"t2-link-list-item__link t2-link-list__icon--left\"\n\t\t\taria-describedby=\"link-list-item\" rel=\"noreferrer noopener\" target=\"_blank\"\t\t>\n\t\t\t<span class=\"t2-link-list-item__icon\"><span class=\"t2-link-list-item__icon-box\"><\/span><svg xmlns=\"http:\/\/www.w3.org\/2000\/svg\" viewBox=\"0 0 24 24\" height=\"24\" width=\"24\" class=\"t2-icon t2-icon-linkexternal\" aria-hidden=\"true\" focusable=\"false\"><path d=\"M5 21c-.5 0-1-.2-1.4-.6S3 19.6 3 19V5c0-.6.2-1 .6-1.4S4.5 3 5 3h6c.3 0 .5.1.7.3.2.2.3.4.3.7 0 .3-.1.5-.3.7-.2.2-.4.3-.7.3H5v14h14v-6c0-.3.1-.5.3-.7.2-.2.4-.3.7-.3s.5.1.7.3c.2.2.3.4.3.7v6c0 .6-.2 1-.6 1.4s-.8.6-1.4.6H5zm4-6c-.2-.2-.3-.4-.3-.7s.1-.5.3-.7L17.6 5H15c-.3 0-.5-.1-.7-.3-.2-.2-.3-.4-.3-.7 0-.3.1-.5.3-.7.2-.2.4-.3.7-.3h5c.3 0 .5.1.7.3.2.2.3.4.3.7v5c0 .3-.1.5-.3.7-.2.2-.4.3-.7.3s-.5-.1-.7-.3c-.2-.2-.3-.4-.3-.7V6.4L10.4 15c-.2.2-.4.3-.7.3s-.5-.1-.7-.3z\"\/><\/svg><\/span>\t\t\t<div class=\"t2-link-list-item__content\">\n\n\t\t\t\t\n\t\t\t\t<span class=\"t2-link-list-item__text\">\n\t\t\t\t\tHer ligger alle NOAs naturkart\t\t\t\t<\/span>\n\t\t\t\t<span id=\"link-list-item\" class=\"t2-link-list-item__description\">Ved \u00e5 trykke p\u00e5 lenken finner du en oversikt over alle naturkartene. Her kan du trykke deg inn p\u00e5 hvert enkelt og laste dem ned om du \u00f8nsker. <\/span>\t\t\t<\/div>\n\t\t<\/a>\n\t<\/li>\n\t\n<\/ul>\n\n\n<div class=\"wp-block-columns is-layout-flex wp-container-core-columns-is-layout-1 wp-block-columns-is-layout-flex\">\n<div class=\"wp-block-column is-layout-flow wp-block-column-is-layout-flow\">\n<figure class=\"wp-block-image size-large\"><img loading=\"lazy\" decoding=\"async\" width=\"744\" height=\"1024\" src=\"https:\/\/naturvernforbundet.no\/content\/uploads\/sites\/10\/2023\/07\/Skjermbilde-2023-07-12-kl.-10.18.36-2-744x1024.png\" alt=\"\" class=\"wp-image-7564\" srcset=\"https:\/\/naturvernforbundet.no\/content\/uploads\/sites\/10\/2023\/07\/Skjermbilde-2023-07-12-kl.-10.18.36-2-744x1024.png 744w, https:\/\/naturvernforbundet.no\/content\/uploads\/sites\/10\/2023\/07\/Skjermbilde-2023-07-12-kl.-10.18.36-2-218x300.png 218w, https:\/\/naturvernforbundet.no\/content\/uploads\/sites\/10\/2023\/07\/Skjermbilde-2023-07-12-kl.-10.18.36-2-768x1057.png 768w, https:\/\/naturvernforbundet.no\/content\/uploads\/sites\/10\/2023\/07\/Skjermbilde-2023-07-12-kl.-10.18.36-2.png 800w\" sizes=\"auto, (max-width: 744px) 100vw, 744px\" \/><\/figure>\n<\/div>\n\n\n\n<div class=\"wp-block-column is-layout-flow wp-block-column-is-layout-flow\">\n<figure class=\"wp-block-image size-large\"><img loading=\"lazy\" decoding=\"async\" width=\"745\" height=\"1024\" src=\"https:\/\/naturvernforbundet.no\/content\/uploads\/sites\/10\/2023\/07\/Skjermbilde-2023-07-12-kl.-10.19.21-1-745x1024.png\" alt=\"\" class=\"wp-image-7565\" srcset=\"https:\/\/naturvernforbundet.no\/content\/uploads\/sites\/10\/2023\/07\/Skjermbilde-2023-07-12-kl.-10.19.21-1-745x1024.png 745w, https:\/\/naturvernforbundet.no\/content\/uploads\/sites\/10\/2023\/07\/Skjermbilde-2023-07-12-kl.-10.19.21-1-218x300.png 218w, https:\/\/naturvernforbundet.no\/content\/uploads\/sites\/10\/2023\/07\/Skjermbilde-2023-07-12-kl.-10.19.21-1-768x1055.png 768w, https:\/\/naturvernforbundet.no\/content\/uploads\/sites\/10\/2023\/07\/Skjermbilde-2023-07-12-kl.-10.19.21-1.png 800w\" sizes=\"auto, (max-width: 745px) 100vw, 745px\" \/><\/figure>\n<\/div>\n\n\n\n<div class=\"wp-block-column is-layout-flow wp-block-column-is-layout-flow\">\n<figure class=\"wp-block-image size-large\"><img loading=\"lazy\" decoding=\"async\" width=\"750\" height=\"1024\" src=\"https:\/\/naturvernforbundet.no\/content\/uploads\/sites\/10\/2023\/07\/Skjermbilde-2023-07-12-kl.-10.19.47-750x1024.png\" alt=\"\" class=\"wp-image-7566\" srcset=\"https:\/\/naturvernforbundet.no\/content\/uploads\/sites\/10\/2023\/07\/Skjermbilde-2023-07-12-kl.-10.19.47-750x1024.png 750w, https:\/\/naturvernforbundet.no\/content\/uploads\/sites\/10\/2023\/07\/Skjermbilde-2023-07-12-kl.-10.19.47-220x300.png 220w, https:\/\/naturvernforbundet.no\/content\/uploads\/sites\/10\/2023\/07\/Skjermbilde-2023-07-12-kl.-10.19.47-768x1049.png 768w, https:\/\/naturvernforbundet.no\/content\/uploads\/sites\/10\/2023\/07\/Skjermbilde-2023-07-12-kl.-10.19.47.png 880w\" sizes=\"auto, (max-width: 750px) 100vw, 750px\" \/><\/figure>\n<\/div>\n<\/div>\n","protected":false},"excerpt":{"rendered":"","protected":false},"author":341,"featured_media":0,"parent":0,"menu_order":0,"comment_status":"closed","ping_status":"closed","template":"","meta":{"_relevanssi_hide_post":"","_relevanssi_hide_content":"","_relevanssi_pin_for_all":"","_relevanssi_pin_keywords":"","_relevanssi_unpin_keywords":"","_relevanssi_related_keywords":"","_relevanssi_related_include_ids":"","_relevanssi_related_exclude_ids":"","_relevanssi_related_no_append":"","_relevanssi_related_not_related":"","_relevanssi_related_posts":"","_relevanssi_noindex_reason":"","hide_logo":false,"footnotes":""},"categories":[175,25],"class_list":["post-7539","page","type-page","status-publish","hentry","category-friluftsliv","category-marka"],"acf":[],"yoast_head":"<!-- This site is optimized with the Yoast SEO plugin v24.9 - https:\/\/yoast.com\/wordpress\/plugins\/seo\/ -->\n<title>NOAs Natur- og eventyrskogkart - Oslo og Akershus<\/title>\n<meta name=\"robots\" content=\"index, follow, max-snippet:-1, max-image-preview:large, max-video-preview:-1\" \/>\n<link rel=\"canonical\" href=\"https:\/\/naturvernforbundet.no\/osloogakershus\/noas-naturkart\/\" \/>\n<meta property=\"og:locale\" content=\"nb_NO\" \/>\n<meta property=\"og:type\" content=\"article\" \/>\n<meta property=\"og:title\" content=\"NOAs Natur- og eventyrskogkart - Oslo og Akershus\" \/>\n<meta property=\"og:url\" content=\"https:\/\/naturvernforbundet.no\/osloogakershus\/noas-naturkart\/\" \/>\n<meta property=\"og:site_name\" content=\"Oslo og Akershus\" \/>\n<meta property=\"article:modified_time\" content=\"2024-05-21T08:39:41+00:00\" \/>\n<meta property=\"og:image\" content=\"https:\/\/naturvernforbundet.no\/content\/uploads\/sites\/10\/2023\/07\/Skjermbilde-2023-07-12-kl.-10.18.36-2-744x1024.png\" \/>\n<meta name=\"twitter:card\" content=\"summary_large_image\" \/>\n<meta name=\"twitter:label1\" content=\"Ansl. lesetid\" \/>\n\t<meta name=\"twitter:data1\" content=\"2 minutter\" \/>\n<script type=\"application\/ld+json\" class=\"yoast-schema-graph\">{\"@context\":\"https:\/\/schema.org\",\"@graph\":[{\"@type\":\"WebPage\",\"@id\":\"https:\/\/naturvernforbundet.no\/osloogakershus\/noas-naturkart\/\",\"url\":\"https:\/\/naturvernforbundet.no\/osloogakershus\/noas-naturkart\/\",\"name\":\"NOAs Natur- og eventyrskogkart - Oslo og Akershus\",\"isPartOf\":{\"@id\":\"https:\/\/naturvernforbundet.no\/osloogakershus\/#website\"},\"primaryImageOfPage\":{\"@id\":\"https:\/\/naturvernforbundet.no\/osloogakershus\/noas-naturkart\/#primaryimage\"},\"image\":{\"@id\":\"https:\/\/naturvernforbundet.no\/osloogakershus\/noas-naturkart\/#primaryimage\"},\"thumbnailUrl\":\"https:\/\/naturvernforbundet.no\/content\/uploads\/sites\/10\/2023\/07\/Skjermbilde-2023-07-12-kl.-10.18.36-2-744x1024.png\",\"datePublished\":\"2023-07-12T08:40:00+00:00\",\"dateModified\":\"2024-05-21T08:39:41+00:00\",\"breadcrumb\":{\"@id\":\"https:\/\/naturvernforbundet.no\/osloogakershus\/noas-naturkart\/#breadcrumb\"},\"inLanguage\":\"nb-NO\",\"potentialAction\":[{\"@type\":\"ReadAction\",\"target\":[\"https:\/\/naturvernforbundet.no\/osloogakershus\/noas-naturkart\/\"]}]},{\"@type\":\"ImageObject\",\"inLanguage\":\"nb-NO\",\"@id\":\"https:\/\/naturvernforbundet.no\/osloogakershus\/noas-naturkart\/#primaryimage\",\"url\":\"https:\/\/naturvernforbundet.no\/content\/uploads\/sites\/10\/2023\/07\/Skjermbilde-2023-07-12-kl.-10.18.36-2-744x1024.png\",\"contentUrl\":\"https:\/\/naturvernforbundet.no\/content\/uploads\/sites\/10\/2023\/07\/Skjermbilde-2023-07-12-kl.-10.18.36-2-744x1024.png\"},{\"@type\":\"BreadcrumbList\",\"@id\":\"https:\/\/naturvernforbundet.no\/osloogakershus\/noas-naturkart\/#breadcrumb\",\"itemListElement\":[{\"@type\":\"ListItem\",\"position\":1,\"name\":\"Till naturvernforbundet.no\",\"item\":\"https:\/\/naturvernforbundet.no\/\"},{\"@type\":\"ListItem\",\"position\":2,\"name\":\"Oslo og Akershus\",\"item\":\"https:\/\/naturvernforbundet.no\/osloogakershus\/\"},{\"@type\":\"ListItem\",\"position\":3,\"name\":\"NOAs Natur- og eventyrskogkart\"}]},{\"@type\":\"WebSite\",\"@id\":\"https:\/\/naturvernforbundet.no\/osloogakershus\/#website\",\"url\":\"https:\/\/naturvernforbundet.no\/osloogakershus\/\",\"name\":\"Oslo og Akershus\",\"description\":\"Bare enda et Naturvernforbundet Sites-nettsted\",\"potentialAction\":[{\"@type\":\"SearchAction\",\"target\":{\"@type\":\"EntryPoint\",\"urlTemplate\":\"https:\/\/naturvernforbundet.no\/osloogakershus\/?s={search_term_string}\"},\"query-input\":{\"@type\":\"PropertyValueSpecification\",\"valueRequired\":true,\"valueName\":\"search_term_string\"}}],\"inLanguage\":\"nb-NO\"}]}<\/script>\n<!-- \/ Yoast SEO plugin. -->","yoast_head_json":{"title":"NOAs Natur- og eventyrskogkart - Oslo og Akershus","robots":{"index":"index","follow":"follow","max-snippet":"max-snippet:-1","max-image-preview":"max-image-preview:large","max-video-preview":"max-video-preview:-1"},"canonical":"https:\/\/naturvernforbundet.no\/osloogakershus\/noas-naturkart\/","og_locale":"nb_NO","og_type":"article","og_title":"NOAs Natur- og eventyrskogkart - Oslo og Akershus","og_url":"https:\/\/naturvernforbundet.no\/osloogakershus\/noas-naturkart\/","og_site_name":"Oslo og Akershus","article_modified_time":"2024-05-21T08:39:41+00:00","og_image":[{"url":"https:\/\/naturvernforbundet.no\/content\/uploads\/sites\/10\/2023\/07\/Skjermbilde-2023-07-12-kl.-10.18.36-2-744x1024.png","type":"","width":"","height":""}],"twitter_card":"summary_large_image","twitter_misc":{"Ansl. lesetid":"2 minutter"},"schema":{"@context":"https:\/\/schema.org","@graph":[{"@type":"WebPage","@id":"https:\/\/naturvernforbundet.no\/osloogakershus\/noas-naturkart\/","url":"https:\/\/naturvernforbundet.no\/osloogakershus\/noas-naturkart\/","name":"NOAs Natur- og eventyrskogkart - Oslo og Akershus","isPartOf":{"@id":"https:\/\/naturvernforbundet.no\/osloogakershus\/#website"},"primaryImageOfPage":{"@id":"https:\/\/naturvernforbundet.no\/osloogakershus\/noas-naturkart\/#primaryimage"},"image":{"@id":"https:\/\/naturvernforbundet.no\/osloogakershus\/noas-naturkart\/#primaryimage"},"thumbnailUrl":"https:\/\/naturvernforbundet.no\/content\/uploads\/sites\/10\/2023\/07\/Skjermbilde-2023-07-12-kl.-10.18.36-2-744x1024.png","datePublished":"2023-07-12T08:40:00+00:00","dateModified":"2024-05-21T08:39:41+00:00","breadcrumb":{"@id":"https:\/\/naturvernforbundet.no\/osloogakershus\/noas-naturkart\/#breadcrumb"},"inLanguage":"nb-NO","potentialAction":[{"@type":"ReadAction","target":["https:\/\/naturvernforbundet.no\/osloogakershus\/noas-naturkart\/"]}]},{"@type":"ImageObject","inLanguage":"nb-NO","@id":"https:\/\/naturvernforbundet.no\/osloogakershus\/noas-naturkart\/#primaryimage","url":"https:\/\/naturvernforbundet.no\/content\/uploads\/sites\/10\/2023\/07\/Skjermbilde-2023-07-12-kl.-10.18.36-2-744x1024.png","contentUrl":"https:\/\/naturvernforbundet.no\/content\/uploads\/sites\/10\/2023\/07\/Skjermbilde-2023-07-12-kl.-10.18.36-2-744x1024.png"},{"@type":"BreadcrumbList","@id":"https:\/\/naturvernforbundet.no\/osloogakershus\/noas-naturkart\/#breadcrumb","itemListElement":[{"@type":"ListItem","position":1,"name":"Till naturvernforbundet.no","item":"https:\/\/naturvernforbundet.no\/"},{"@type":"ListItem","position":2,"name":"Oslo og Akershus","item":"https:\/\/naturvernforbundet.no\/osloogakershus\/"},{"@type":"ListItem","position":3,"name":"NOAs Natur- og eventyrskogkart"}]},{"@type":"WebSite","@id":"https:\/\/naturvernforbundet.no\/osloogakershus\/#website","url":"https:\/\/naturvernforbundet.no\/osloogakershus\/","name":"Oslo og Akershus","description":"Bare enda et Naturvernforbundet Sites-nettsted","potentialAction":[{"@type":"SearchAction","target":{"@type":"EntryPoint","urlTemplate":"https:\/\/naturvernforbundet.no\/osloogakershus\/?s={search_term_string}"},"query-input":{"@type":"PropertyValueSpecification","valueRequired":true,"valueName":"search_term_string"}}],"inLanguage":"nb-NO"}]}},"_links":{"self":[{"href":"https:\/\/naturvernforbundet.no\/osloogakershus\/wp-json\/wp\/v2\/pages\/7539","targetHints":{"allow":["GET"]}}],"collection":[{"href":"https:\/\/naturvernforbundet.no\/osloogakershus\/wp-json\/wp\/v2\/pages"}],"about":[{"href":"https:\/\/naturvernforbundet.no\/osloogakershus\/wp-json\/wp\/v2\/types\/page"}],"author":[{"embeddable":true,"href":"https:\/\/naturvernforbundet.no\/osloogakershus\/wp-json\/wp\/v2\/users\/341"}],"replies":[{"embeddable":true,"href":"https:\/\/naturvernforbundet.no\/osloogakershus\/wp-json\/wp\/v2\/comments?post=7539"}],"version-history":[{"count":14,"href":"https:\/\/naturvernforbundet.no\/osloogakershus\/wp-json\/wp\/v2\/pages\/7539\/revisions"}],"predecessor-version":[{"id":10438,"href":"https:\/\/naturvernforbundet.no\/osloogakershus\/wp-json\/wp\/v2\/pages\/7539\/revisions\/10438"}],"wp:attachment":[{"href":"https:\/\/naturvernforbundet.no\/osloogakershus\/wp-json\/wp\/v2\/media?parent=7539"}],"wp:term":[{"taxonomy":"category","embeddable":true,"href":"https:\/\/naturvernforbundet.no\/osloogakershus\/wp-json\/wp\/v2\/categories?post=7539"}],"curies":[{"name":"wp","href":"https:\/\/api.w.org\/{rel}","templated":true}]}}