{"id":8771,"date":"2024-01-10T14:26:36","date_gmt":"2024-01-10T13:26:36","guid":{"rendered":"https:\/\/naturvernforbundet.no\/osloogakershus\/?page_id=8771"},"modified":"2025-03-05T13:51:36","modified_gmt":"2025-03-05T12:51:36","slug":"opplegg-for-skoler-og-barnehager","status":"publish","type":"page","link":"https:\/\/naturvernforbundet.no\/osloogakershus\/opplegg-for-skoler-og-barnehager\/","title":{"rendered":"Opplegg for skoler og barnehager"},"content":{"rendered":"\t<div class=\"template-page has-media alignfull wp-block-naturvern-hero\">\n\t\t<div class=\"hero__inner\">\n\t\t\t<div class=\"hero__inner_blocks\">\n\t\t\t\t\t\t\t\t\n<h1 class=\"wp-block-post-title\">Opplegg for skoler og barnehager<\/h1>\n\n\n<p>Lek og l\u00e6ring i skogen med Naturvernforbundet i Oslo og Akershus. Bli med p\u00e5 tur og l\u00e6r om naturen. Vi tilpasser opplegget etter alder og \u00f8nsker. <\/p>\n\n\n\n<div class=\"wp-block-buttons is-layout-flex wp-block-buttons-is-layout-flex\"><\/div>\n\n\t\t\t<\/div>\n\t\t\t\t\t<\/div>\n\t\t\t\t\t<div class=\"hero__image\">\n\t\t\t\t\t\t\t\t\t\t<img fetchpriority=\"high\" decoding=\"async\" width=\"1290\" height=\"800\" src=\"https:\/\/naturvernforbundet.no\/content\/uploads\/sites\/10\/2023\/10\/illustrasjonsbilde-2-formidling-ss-skole-kopi.jpeg\" class=\"attachment-ultra size-ultra\" alt=\"Elever g\u00e5r natursti i Sk\u00e5dalen\" style=\"object-position: 50% 50%;\" loading=\"eager\" srcset=\"https:\/\/naturvernforbundet.no\/content\/uploads\/sites\/10\/2023\/10\/illustrasjonsbilde-2-formidling-ss-skole-kopi.jpeg 1290w, https:\/\/naturvernforbundet.no\/content\/uploads\/sites\/10\/2023\/10\/illustrasjonsbilde-2-formidling-ss-skole-kopi-300x186.jpeg 300w, https:\/\/naturvernforbundet.no\/content\/uploads\/sites\/10\/2023\/10\/illustrasjonsbilde-2-formidling-ss-skole-kopi-1024x635.jpeg 1024w, https:\/\/naturvernforbundet.no\/content\/uploads\/sites\/10\/2023\/10\/illustrasjonsbilde-2-formidling-ss-skole-kopi-768x476.jpeg 768w\" sizes=\"(max-width: 1290px) 100vw, 1290px\" \/>\t\t\t\t\t\t<\/div>\n\t\t\t<\/div>\n\t\n\n\n<div class=\"wp-block-buttons is-content-justification-center is-layout-flex wp-container-core-buttons-is-layout-2 wp-block-buttons-is-layout-flex\">\n<div class=\"wp-block-button is-style-pink\"><a class=\"wp-block-button__link wp-element-button\" href=\"https:\/\/outlook.office365.com\/owa\/calendar\/Bookingforskolerogbarnehager@naturvernforbundet.no\/bookings\/\" target=\"_blank\" rel=\"noreferrer noopener\">Meld din klasse\/barnehage p\u00e5 her! <\/a><\/div>\n<\/div>\n\n\n\n<p>Naturvernforbundet i Oslo og Akershus \u00f8nsker barnehager og skoleklasser velkommen til Markaporten S\u00f8ndre Sand\u00e5s ved Sognsvann.&nbsp;&nbsp;<\/p>\n\n\n\n<p>Vi tilbyr ulike opplegg tilpasset alder med\/eller uten tur i skogen. Man kan bruke v\u00e5rt uteomr\u00e5de, samt l\u00e5ven for \u00e5 spise mat p\u00e5 vei inn eller ut av Marka.<\/p>\n\n\n\n<p>Opplegget varer fra kl. 10.00 &#8211; 13.00. <\/p>\n\n\n\n<p>Vi kan ha opplegg for en barnehage (aldersgruppen 4 &#8211; 6 \u00e5r), klasse eller klassetrinn (maks 60 elever per gang)<strong>. <\/strong>V\u00e5rt hovedtema er naturen og dens betydning. Vi vil legge opp til oppgaver b\u00e5de i skogen og tilbake p\u00e5 tunet v\u00e5rt som inkluderer ulike fag, naturutstilling, insektsjakt, s\u00f8ppelrydding, artsbestemmelse og lignende. <\/p>\n\n\n\n<p>Meld din skoleklasse eller barnehage p\u00e5 opplegget ved \u00e5 fylle ut v\u00e5rt booking-skjema <a href=\"https:\/\/outlook.office365.com\/owa\/calendar\/Bookingforskolerogbarnehager@naturvernforbundet.no\/bookings\/\" target=\"_blank\" rel=\"noreferrer noopener\">HER<\/a>. <\/p>\n\n\n\n<h2 class=\"wp-block-heading\">Eksempel p\u00e5 opplegg <\/h2>\n\n\n\n<p><strong>10.00 &#8211; 11.30: <\/strong>Tur til omr\u00e5det s\u00f8r for Svartkulp: Elevene f\u00e5r en oppgave, gjerne noe som er relevant for det dere jobber med p\u00e5 skolen (det kan for eksempel v\u00e6re \u00e5 samle h\u00f8sttegn fra naturen). Vi har matpause i skogen, med frilek etterp\u00e5. <\/p>\n\n\n\n<p><strong>12.00<\/strong>: Retur til Markaporten S\u00f8ndre Sand\u00e5s: Her deles elevene inn i mindre grupper p\u00e5 maks 10 elever. Vi har 5 &#8211; 6 poster, der hver post varer omtrent 15 minutter. Postene vil omfatte naturutstilling, s\u00f8ppelryddekonkurranse, natursti med bind for \u00f8ynene, en post der vi ser p\u00e5 det elevene har tatt med fra skogen, og insektsjakt. <\/p>\n\n\n\n<p><strong>Etterarbeid:<\/strong> Vi sender gjerne sp\u00f8rsm\u00e5l i etterkant som tar opp det vi har snakket om i l\u00f8pet av dagen, som kan brukes som del av undervisningen. <\/p>\n\n\n\n<p>Vi holder til p\u00e5 S\u00f8ndre Sand\u00e5s, Sognsveien 231, 0863 Oslo. Man kommer seg hit ved \u00e5 ta t-bane linje 5 til siste stasjon Sognsvann. <\/p>\n\n\n\n<div class=\"wp-block-group is-layout-constrained wp-block-group-is-layout-constrained\">\n<div class=\"wp-block-columns is-layout-flex wp-container-core-columns-is-layout-1 wp-block-columns-is-layout-flex\">\n<div class=\"wp-block-column is-layout-flow wp-block-column-is-layout-flow\" style=\"flex-basis:100%\">\n<p><\/p>\n\n\n\n<figure class=\"wp-block-image size-large\"><div class=\"t2-image-credit\"><img loading=\"lazy\" decoding=\"async\" width=\"768\" height=\"1024\" src=\"https:\/\/naturvernforbundet.no\/content\/uploads\/sites\/10\/2024\/02\/IMG_3056-768x1024.jpg\" alt=\"\" class=\"wp-image-9496\" srcset=\"https:\/\/naturvernforbundet.no\/content\/uploads\/sites\/10\/2024\/02\/IMG_3056-768x1024.jpg 768w, https:\/\/naturvernforbundet.no\/content\/uploads\/sites\/10\/2024\/02\/IMG_3056-225x300.jpg 225w, https:\/\/naturvernforbundet.no\/content\/uploads\/sites\/10\/2024\/02\/IMG_3056-1152x1536.jpg 1152w, https:\/\/naturvernforbundet.no\/content\/uploads\/sites\/10\/2024\/02\/IMG_3056-1536x2048.jpg 1536w, https:\/\/naturvernforbundet.no\/content\/uploads\/sites\/10\/2024\/02\/IMG_3056-1440x1920.jpg 1440w, https:\/\/naturvernforbundet.no\/content\/uploads\/sites\/10\/2024\/02\/IMG_3056-scaled.jpg 1920w\" sizes=\"auto, (max-width: 768px) 100vw, 768px\" \/><span class=\"t2-image-credit-name\">Helene Lode<\/span><\/div><\/figure>\n<\/div>\n\n\n\n<div class=\"wp-block-column is-layout-flow wp-block-column-is-layout-flow\" style=\"flex-basis:100%\">\n<p><\/p>\n\n\n\n<figure class=\"wp-block-image size-large\"><div class=\"t2-image-credit\"><img loading=\"lazy\" decoding=\"async\" width=\"768\" height=\"1024\" src=\"https:\/\/naturvernforbundet.no\/content\/uploads\/sites\/10\/2024\/02\/IMG_3382-768x1024.jpg\" alt=\"\" class=\"wp-image-9495\" srcset=\"https:\/\/naturvernforbundet.no\/content\/uploads\/sites\/10\/2024\/02\/IMG_3382-768x1024.jpg 768w, https:\/\/naturvernforbundet.no\/content\/uploads\/sites\/10\/2024\/02\/IMG_3382-225x300.jpg 225w, https:\/\/naturvernforbundet.no\/content\/uploads\/sites\/10\/2024\/02\/IMG_3382-1152x1536.jpg 1152w, https:\/\/naturvernforbundet.no\/content\/uploads\/sites\/10\/2024\/02\/IMG_3382-1536x2048.jpg 1536w, https:\/\/naturvernforbundet.no\/content\/uploads\/sites\/10\/2024\/02\/IMG_3382-1440x1920.jpg 1440w, https:\/\/naturvernforbundet.no\/content\/uploads\/sites\/10\/2024\/02\/IMG_3382-scaled.jpg 1920w\" sizes=\"auto, (max-width: 768px) 100vw, 768px\" \/><span class=\"t2-image-credit-name\">Helene Lode<\/span><\/div><\/figure>\n<\/div>\n<\/div>\n<\/div>\n","protected":false},"excerpt":{"rendered":"","protected":false},"author":341,"featured_media":9685,"parent":0,"menu_order":0,"comment_status":"closed","ping_status":"closed","template":"","meta":{"_relevanssi_hide_post":"","_relevanssi_hide_content":"","_relevanssi_pin_for_all":"","_relevanssi_pin_keywords":"","_relevanssi_unpin_keywords":"","_relevanssi_related_keywords":"","_relevanssi_related_include_ids":"","_relevanssi_related_exclude_ids":"","_relevanssi_related_no_append":"","_relevanssi_related_not_related":"","_relevanssi_related_posts":"2968,2224,2182,2233,1925,2090","_relevanssi_noindex_reason":"","hide_logo":false,"footnotes":""},"categories":[],"class_list":["post-8771","page","type-page","status-publish","has-post-thumbnail","hentry"],"acf":[],"yoast_head":"<!-- This site is optimized with the Yoast SEO plugin v24.9 - https:\/\/yoast.com\/wordpress\/plugins\/seo\/ -->\n<title>Opplegg for skoler og barnehager - Oslo og Akershus<\/title>\n<meta name=\"robots\" content=\"index, follow, max-snippet:-1, max-image-preview:large, max-video-preview:-1\" \/>\n<link rel=\"canonical\" href=\"https:\/\/naturvernforbundet.no\/osloogakershus\/opplegg-for-skoler-og-barnehager\/\" \/>\n<meta property=\"og:locale\" content=\"nb_NO\" \/>\n<meta property=\"og:type\" content=\"article\" \/>\n<meta property=\"og:title\" content=\"Opplegg for skoler og barnehager - Oslo og Akershus\" \/>\n<meta property=\"og:url\" content=\"https:\/\/naturvernforbundet.no\/osloogakershus\/opplegg-for-skoler-og-barnehager\/\" \/>\n<meta property=\"og:site_name\" content=\"Oslo og Akershus\" \/>\n<meta property=\"article:modified_time\" content=\"2025-03-05T12:51:36+00:00\" \/>\n<meta property=\"og:image\" content=\"https:\/\/naturvernforbundet.no\/content\/uploads\/sites\/10\/2024\/02\/illustrasjonsbilde-2-formidling-ss-skole-kopi.jpeg\" \/>\n\t<meta property=\"og:image:width\" content=\"1290\" \/>\n\t<meta property=\"og:image:height\" content=\"800\" \/>\n\t<meta property=\"og:image:type\" content=\"image\/jpeg\" \/>\n<meta name=\"twitter:card\" content=\"summary_large_image\" \/>\n<meta name=\"twitter:label1\" content=\"Ansl. lesetid\" \/>\n\t<meta name=\"twitter:data1\" content=\"3 minutter\" \/>\n<script type=\"application\/ld+json\" class=\"yoast-schema-graph\">{\"@context\":\"https:\/\/schema.org\",\"@graph\":[{\"@type\":\"WebPage\",\"@id\":\"https:\/\/naturvernforbundet.no\/osloogakershus\/opplegg-for-skoler-og-barnehager\/\",\"url\":\"https:\/\/naturvernforbundet.no\/osloogakershus\/opplegg-for-skoler-og-barnehager\/\",\"name\":\"Opplegg for skoler og barnehager - Oslo og Akershus\",\"isPartOf\":{\"@id\":\"https:\/\/naturvernforbundet.no\/osloogakershus\/#website\"},\"primaryImageOfPage\":{\"@id\":\"https:\/\/naturvernforbundet.no\/osloogakershus\/opplegg-for-skoler-og-barnehager\/#primaryimage\"},\"image\":{\"@id\":\"https:\/\/naturvernforbundet.no\/osloogakershus\/opplegg-for-skoler-og-barnehager\/#primaryimage\"},\"thumbnailUrl\":\"https:\/\/naturvernforbundet.no\/content\/uploads\/sites\/10\/2024\/02\/illustrasjonsbilde-2-formidling-ss-skole-kopi.jpeg\",\"datePublished\":\"2024-01-10T13:26:36+00:00\",\"dateModified\":\"2025-03-05T12:51:36+00:00\",\"breadcrumb\":{\"@id\":\"https:\/\/naturvernforbundet.no\/osloogakershus\/opplegg-for-skoler-og-barnehager\/#breadcrumb\"},\"inLanguage\":\"nb-NO\",\"potentialAction\":[{\"@type\":\"ReadAction\",\"target\":[\"https:\/\/naturvernforbundet.no\/osloogakershus\/opplegg-for-skoler-og-barnehager\/\"]}]},{\"@type\":\"ImageObject\",\"inLanguage\":\"nb-NO\",\"@id\":\"https:\/\/naturvernforbundet.no\/osloogakershus\/opplegg-for-skoler-og-barnehager\/#primaryimage\",\"url\":\"https:\/\/naturvernforbundet.no\/content\/uploads\/sites\/10\/2024\/02\/illustrasjonsbilde-2-formidling-ss-skole-kopi.jpeg\",\"contentUrl\":\"https:\/\/naturvernforbundet.no\/content\/uploads\/sites\/10\/2024\/02\/illustrasjonsbilde-2-formidling-ss-skole-kopi.jpeg\",\"width\":1290,\"height\":800,\"caption\":\"Elever g\u00e5r gjennom natursti i Sk\u00e5dalen.\"},{\"@type\":\"BreadcrumbList\",\"@id\":\"https:\/\/naturvernforbundet.no\/osloogakershus\/opplegg-for-skoler-og-barnehager\/#breadcrumb\",\"itemListElement\":[{\"@type\":\"ListItem\",\"position\":1,\"name\":\"Till naturvernforbundet.no\",\"item\":\"https:\/\/naturvernforbundet.no\/\"},{\"@type\":\"ListItem\",\"position\":2,\"name\":\"Oslo og Akershus\",\"item\":\"https:\/\/naturvernforbundet.no\/osloogakershus\/\"},{\"@type\":\"ListItem\",\"position\":3,\"name\":\"Opplegg for skoler og barnehager\"}]},{\"@type\":\"WebSite\",\"@id\":\"https:\/\/naturvernforbundet.no\/osloogakershus\/#website\",\"url\":\"https:\/\/naturvernforbundet.no\/osloogakershus\/\",\"name\":\"Oslo og Akershus\",\"description\":\"Bare enda et Naturvernforbundet Sites-nettsted\",\"potentialAction\":[{\"@type\":\"SearchAction\",\"target\":{\"@type\":\"EntryPoint\",\"urlTemplate\":\"https:\/\/naturvernforbundet.no\/osloogakershus\/?s={search_term_string}\"},\"query-input\":{\"@type\":\"PropertyValueSpecification\",\"valueRequired\":true,\"valueName\":\"search_term_string\"}}],\"inLanguage\":\"nb-NO\"}]}<\/script>\n<!-- \/ Yoast SEO plugin. -->","yoast_head_json":{"title":"Opplegg for skoler og barnehager - Oslo og Akershus","robots":{"index":"index","follow":"follow","max-snippet":"max-snippet:-1","max-image-preview":"max-image-preview:large","max-video-preview":"max-video-preview:-1"},"canonical":"https:\/\/naturvernforbundet.no\/osloogakershus\/opplegg-for-skoler-og-barnehager\/","og_locale":"nb_NO","og_type":"article","og_title":"Opplegg for skoler og barnehager - Oslo og Akershus","og_url":"https:\/\/naturvernforbundet.no\/osloogakershus\/opplegg-for-skoler-og-barnehager\/","og_site_name":"Oslo og Akershus","article_modified_time":"2025-03-05T12:51:36+00:00","og_image":[{"width":1290,"height":800,"url":"https:\/\/naturvernforbundet.no\/content\/uploads\/sites\/10\/2024\/02\/illustrasjonsbilde-2-formidling-ss-skole-kopi.jpeg","type":"image\/jpeg"}],"twitter_card":"summary_large_image","twitter_misc":{"Ansl. lesetid":"3 minutter"},"schema":{"@context":"https:\/\/schema.org","@graph":[{"@type":"WebPage","@id":"https:\/\/naturvernforbundet.no\/osloogakershus\/opplegg-for-skoler-og-barnehager\/","url":"https:\/\/naturvernforbundet.no\/osloogakershus\/opplegg-for-skoler-og-barnehager\/","name":"Opplegg for skoler og barnehager - Oslo og Akershus","isPartOf":{"@id":"https:\/\/naturvernforbundet.no\/osloogakershus\/#website"},"primaryImageOfPage":{"@id":"https:\/\/naturvernforbundet.no\/osloogakershus\/opplegg-for-skoler-og-barnehager\/#primaryimage"},"image":{"@id":"https:\/\/naturvernforbundet.no\/osloogakershus\/opplegg-for-skoler-og-barnehager\/#primaryimage"},"thumbnailUrl":"https:\/\/naturvernforbundet.no\/content\/uploads\/sites\/10\/2024\/02\/illustrasjonsbilde-2-formidling-ss-skole-kopi.jpeg","datePublished":"2024-01-10T13:26:36+00:00","dateModified":"2025-03-05T12:51:36+00:00","breadcrumb":{"@id":"https:\/\/naturvernforbundet.no\/osloogakershus\/opplegg-for-skoler-og-barnehager\/#breadcrumb"},"inLanguage":"nb-NO","potentialAction":[{"@type":"ReadAction","target":["https:\/\/naturvernforbundet.no\/osloogakershus\/opplegg-for-skoler-og-barnehager\/"]}]},{"@type":"ImageObject","inLanguage":"nb-NO","@id":"https:\/\/naturvernforbundet.no\/osloogakershus\/opplegg-for-skoler-og-barnehager\/#primaryimage","url":"https:\/\/naturvernforbundet.no\/content\/uploads\/sites\/10\/2024\/02\/illustrasjonsbilde-2-formidling-ss-skole-kopi.jpeg","contentUrl":"https:\/\/naturvernforbundet.no\/content\/uploads\/sites\/10\/2024\/02\/illustrasjonsbilde-2-formidling-ss-skole-kopi.jpeg","width":1290,"height":800,"caption":"Elever g\u00e5r gjennom natursti i Sk\u00e5dalen."},{"@type":"BreadcrumbList","@id":"https:\/\/naturvernforbundet.no\/osloogakershus\/opplegg-for-skoler-og-barnehager\/#breadcrumb","itemListElement":[{"@type":"ListItem","position":1,"name":"Till naturvernforbundet.no","item":"https:\/\/naturvernforbundet.no\/"},{"@type":"ListItem","position":2,"name":"Oslo og Akershus","item":"https:\/\/naturvernforbundet.no\/osloogakershus\/"},{"@type":"ListItem","position":3,"name":"Opplegg for skoler og barnehager"}]},{"@type":"WebSite","@id":"https:\/\/naturvernforbundet.no\/osloogakershus\/#website","url":"https:\/\/naturvernforbundet.no\/osloogakershus\/","name":"Oslo og Akershus","description":"Bare enda et Naturvernforbundet Sites-nettsted","potentialAction":[{"@type":"SearchAction","target":{"@type":"EntryPoint","urlTemplate":"https:\/\/naturvernforbundet.no\/osloogakershus\/?s={search_term_string}"},"query-input":{"@type":"PropertyValueSpecification","valueRequired":true,"valueName":"search_term_string"}}],"inLanguage":"nb-NO"}]}},"_links":{"self":[{"href":"https:\/\/naturvernforbundet.no\/osloogakershus\/wp-json\/wp\/v2\/pages\/8771","targetHints":{"allow":["GET"]}}],"collection":[{"href":"https:\/\/naturvernforbundet.no\/osloogakershus\/wp-json\/wp\/v2\/pages"}],"about":[{"href":"https:\/\/naturvernforbundet.no\/osloogakershus\/wp-json\/wp\/v2\/types\/page"}],"author":[{"embeddable":true,"href":"https:\/\/naturvernforbundet.no\/osloogakershus\/wp-json\/wp\/v2\/users\/341"}],"replies":[{"embeddable":true,"href":"https:\/\/naturvernforbundet.no\/osloogakershus\/wp-json\/wp\/v2\/comments?post=8771"}],"version-history":[{"count":37,"href":"https:\/\/naturvernforbundet.no\/osloogakershus\/wp-json\/wp\/v2\/pages\/8771\/revisions"}],"predecessor-version":[{"id":14536,"href":"https:\/\/naturvernforbundet.no\/osloogakershus\/wp-json\/wp\/v2\/pages\/8771\/revisions\/14536"}],"wp:featuredmedia":[{"embeddable":true,"href":"https:\/\/naturvernforbundet.no\/osloogakershus\/wp-json\/wp\/v2\/media\/9685"}],"wp:attachment":[{"href":"https:\/\/naturvernforbundet.no\/osloogakershus\/wp-json\/wp\/v2\/media?parent=8771"}],"wp:term":[{"taxonomy":"category","embeddable":true,"href":"https:\/\/naturvernforbundet.no\/osloogakershus\/wp-json\/wp\/v2\/categories?post=8771"}],"curies":[{"name":"wp","href":"https:\/\/api.w.org\/{rel}","templated":true}]}}