{"id":1254,"date":"2024-09-04T08:19:59","date_gmt":"2024-09-04T06:19:59","guid":{"rendered":"https:\/\/naturvernforbundet.no\/ostfold\/?page_id=1254"},"modified":"2025-01-24T17:28:17","modified_gmt":"2025-01-24T16:28:17","slug":"horingsuttalelser-og-innspill","status":"publish","type":"page","link":"https:\/\/naturvernforbundet.no\/ostfold\/horingsuttalelser-og-innspill\/","title":{"rendered":"H\u00f8ringsuttalelser og innspill"},"content":{"rendered":"\t<div class=\"template-page alignfull wp-block-naturvern-hero\">\n\t\t<div class=\"hero__inner\">\n\t\t\t<div class=\"hero__inner_blocks\">\n\t\t\t\t\t\t\t\t\n<h1 class=\"wp-block-post-title\">H\u00f8ringsuttalelser og innspill<\/h1>\n\n\n<p>Her finner du h\u00f8ringsuttalelser og inspill fra <br>Naturvernforbundet i \u00d8stfold.<\/p>\n\n\t\t\t<\/div>\n\t\t\t\t\t<\/div>\n\t\t\t<\/div>\n\t\n\n\n<p><\/p>\n\n\n<div class=\"t2-featured-content-layout alignwide alignwide wp-block-t2-featured-content-layout\">\n<div class=\"t2-featured-single-post t2-featured-content is-post-type-post category-brev-og-horinger category-horingsuttalelser tag-horingsinnspill tag-horingsuttalelse tag-vikenpark wp-block-t2-featured-single-post\"><a class=\"t2-post-link wp-block-t2-post-link\" href=\"https:\/\/naturvernforbundet.no\/ostfold\/horingsinnspill-til-omraderegulering-for-viken-park\/\">\n<figure style=\"--t2-focal-point: 50% 50%;\" class=\"t2-post-featured-image has-image-ratio-4-3 wp-block-t2-post-featured-image\"><img loading=\"lazy\" decoding=\"async\" width=\"2560\" height=\"1441\" src=\"https:\/\/naturvernforbundet.no\/content\/uploads\/sites\/22\/2024\/09\/image0-scaled.jpeg\" class=\"attachment-post-thumbnail size-post-thumbnail wp-post-image\" alt=\"\" srcset=\"https:\/\/naturvernforbundet.no\/content\/uploads\/sites\/22\/2024\/09\/image0-scaled.jpeg 2560w, https:\/\/naturvernforbundet.no\/content\/uploads\/sites\/22\/2024\/09\/image0-300x169.jpeg 300w, https:\/\/naturvernforbundet.no\/content\/uploads\/sites\/22\/2024\/09\/image0-1024x576.jpeg 1024w, https:\/\/naturvernforbundet.no\/content\/uploads\/sites\/22\/2024\/09\/image0-768x432.jpeg 768w, https:\/\/naturvernforbundet.no\/content\/uploads\/sites\/22\/2024\/09\/image0-1536x864.jpeg 1536w, https:\/\/naturvernforbundet.no\/content\/uploads\/sites\/22\/2024\/09\/image0-2048x1153.jpeg 2048w, https:\/\/naturvernforbundet.no\/content\/uploads\/sites\/22\/2024\/09\/image0-1920x1080.jpeg 1920w\" sizes=\"auto, (max-width: 2560px) 100vw, 2560px\" \/><\/figure>\n\n<div class=\"wp-block-group alignfull is-layout-flow wp-block-group-is-layout-flow\">\n\t<h2 class=\"t2-post-title wp-block-t2-post-title\">H\u00f8ringsuttalelser, innspill og klager<\/h2>\n\t<p class=\"wp-block-naturvern-post-excerpt\">Her finner du h\u00f8ringsuttalelser fra fylkeslaget til Naturvernforbundet i \u00d8stfold.<\/p>\n\t\t<div class=\"wp-block-naturvern-post-meta\">\n\t\t\t\t\t<span class=\"cat\">\n\t\t\t\t\t\t\t\t\t<span><span class=\"tag-link\" data-href=\"https:\/\/naturvernforbundet.no\/ostfold\/category\/brev-og-horinger\/\">Brev og h\u00f8ringer<\/span><\/span>\n\t\t\t\t\t\t\t\t\t<span><span class=\"tag-link\" data-href=\"https:\/\/naturvernforbundet.no\/ostfold\/category\/horingsuttalelser\/\">H\u00f8ringsuttalelser<\/span><\/span>\n\t\t\t\t\t\t\t<\/span>\n\t\t\t\t\t\t\t<span class=\"date\">09.01.2025<\/span>\n\t\t\t<\/div>\n\t\n<\/div>\n\n<\/a>\n<\/div>\n<\/div>","protected":false},"excerpt":{"rendered":"","protected":false},"author":394,"featured_media":0,"parent":0,"menu_order":0,"comment_status":"closed","ping_status":"closed","template":"","meta":{"_relevanssi_hide_post":"","_relevanssi_hide_content":"","_relevanssi_pin_for_all":"","_relevanssi_pin_keywords":"","_relevanssi_unpin_keywords":"","_relevanssi_related_keywords":"","_relevanssi_related_include_ids":"","_relevanssi_related_exclude_ids":"","_relevanssi_related_no_append":"","_relevanssi_related_not_related":"","_relevanssi_related_posts":"23,440,167,186,464,121","_relevanssi_noindex_reason":"","hide_logo":false,"footnotes":""},"categories":[84],"class_list":["post-1254","page","type-page","status-publish","hentry","category-horingsuttalelser"],"acf":[],"yoast_head":"<!-- This site is optimized with the Yoast SEO plugin v24.9 - https:\/\/yoast.com\/wordpress\/plugins\/seo\/ -->\n<title>H\u00f8ringsuttalelser og innspill - \u00d8stfold<\/title>\n<meta name=\"description\" content=\"H\u00f8ringsuttalelser og innspill fra Naturvernforbundet i \u00d8stfold.\" \/>\n<meta name=\"robots\" content=\"index, follow, max-snippet:-1, max-image-preview:large, max-video-preview:-1\" \/>\n<link rel=\"canonical\" href=\"https:\/\/naturvernforbundet.no\/ostfold\/horingsuttalelser-og-innspill\/\" \/>\n<meta property=\"og:locale\" content=\"nb_NO\" \/>\n<meta property=\"og:type\" content=\"article\" \/>\n<meta property=\"og:title\" content=\"H\u00f8ringsuttalelser og innspill - \u00d8stfold\" \/>\n<meta property=\"og:description\" content=\"H\u00f8ringsuttalelser og innspill fra Naturvernforbundet i \u00d8stfold.\" \/>\n<meta property=\"og:url\" content=\"https:\/\/naturvernforbundet.no\/ostfold\/horingsuttalelser-og-innspill\/\" \/>\n<meta property=\"og:site_name\" content=\"\u00d8stfold\" \/>\n<meta property=\"article:modified_time\" content=\"2025-01-24T16:28:17+00:00\" \/>\n<meta name=\"twitter:card\" content=\"summary_large_image\" \/>\n<meta name=\"twitter:label1\" content=\"Ansl. lesetid\" \/>\n\t<meta name=\"twitter:data1\" content=\"1 minutt\" \/>\n<script type=\"application\/ld+json\" class=\"yoast-schema-graph\">{\"@context\":\"https:\/\/schema.org\",\"@graph\":[{\"@type\":\"WebPage\",\"@id\":\"https:\/\/naturvernforbundet.no\/ostfold\/horingsuttalelser-og-innspill\/\",\"url\":\"https:\/\/naturvernforbundet.no\/ostfold\/horingsuttalelser-og-innspill\/\",\"name\":\"H\u00f8ringsuttalelser og innspill - \u00d8stfold\",\"isPartOf\":{\"@id\":\"https:\/\/naturvernforbundet.no\/ostfold\/#website\"},\"datePublished\":\"2024-09-04T06:19:59+00:00\",\"dateModified\":\"2025-01-24T16:28:17+00:00\",\"description\":\"H\u00f8ringsuttalelser og innspill fra Naturvernforbundet i \u00d8stfold.\",\"breadcrumb\":{\"@id\":\"https:\/\/naturvernforbundet.no\/ostfold\/horingsuttalelser-og-innspill\/#breadcrumb\"},\"inLanguage\":\"nb-NO\",\"potentialAction\":[{\"@type\":\"ReadAction\",\"target\":[\"https:\/\/naturvernforbundet.no\/ostfold\/horingsuttalelser-og-innspill\/\"]}]},{\"@type\":\"BreadcrumbList\",\"@id\":\"https:\/\/naturvernforbundet.no\/ostfold\/horingsuttalelser-og-innspill\/#breadcrumb\",\"itemListElement\":[{\"@type\":\"ListItem\",\"position\":1,\"name\":\"Till naturvernforbundet.no\",\"item\":\"https:\/\/naturvernforbundet.no\/\"},{\"@type\":\"ListItem\",\"position\":2,\"name\":\"\u00d8stfold\",\"item\":\"https:\/\/naturvernforbundet.no\/ostfold\/\"},{\"@type\":\"ListItem\",\"position\":3,\"name\":\"H\u00f8ringsuttalelser og innspill\"}]},{\"@type\":\"WebSite\",\"@id\":\"https:\/\/naturvernforbundet.no\/ostfold\/#website\",\"url\":\"https:\/\/naturvernforbundet.no\/ostfold\/\",\"name\":\"\u00d8stfold\",\"description\":\"Naturvernforbundet i \u00d8stfold\",\"potentialAction\":[{\"@type\":\"SearchAction\",\"target\":{\"@type\":\"EntryPoint\",\"urlTemplate\":\"https:\/\/naturvernforbundet.no\/ostfold\/?s={search_term_string}\"},\"query-input\":{\"@type\":\"PropertyValueSpecification\",\"valueRequired\":true,\"valueName\":\"search_term_string\"}}],\"inLanguage\":\"nb-NO\"}]}<\/script>\n<!-- \/ Yoast SEO plugin. -->","yoast_head_json":{"title":"H\u00f8ringsuttalelser og innspill - \u00d8stfold","description":"H\u00f8ringsuttalelser og innspill fra Naturvernforbundet i \u00d8stfold.","robots":{"index":"index","follow":"follow","max-snippet":"max-snippet:-1","max-image-preview":"max-image-preview:large","max-video-preview":"max-video-preview:-1"},"canonical":"https:\/\/naturvernforbundet.no\/ostfold\/horingsuttalelser-og-innspill\/","og_locale":"nb_NO","og_type":"article","og_title":"H\u00f8ringsuttalelser og innspill - \u00d8stfold","og_description":"H\u00f8ringsuttalelser og innspill fra Naturvernforbundet i \u00d8stfold.","og_url":"https:\/\/naturvernforbundet.no\/ostfold\/horingsuttalelser-og-innspill\/","og_site_name":"\u00d8stfold","article_modified_time":"2025-01-24T16:28:17+00:00","twitter_card":"summary_large_image","twitter_misc":{"Ansl. lesetid":"1 minutt"},"schema":{"@context":"https:\/\/schema.org","@graph":[{"@type":"WebPage","@id":"https:\/\/naturvernforbundet.no\/ostfold\/horingsuttalelser-og-innspill\/","url":"https:\/\/naturvernforbundet.no\/ostfold\/horingsuttalelser-og-innspill\/","name":"H\u00f8ringsuttalelser og innspill - \u00d8stfold","isPartOf":{"@id":"https:\/\/naturvernforbundet.no\/ostfold\/#website"},"datePublished":"2024-09-04T06:19:59+00:00","dateModified":"2025-01-24T16:28:17+00:00","description":"H\u00f8ringsuttalelser og innspill fra Naturvernforbundet i \u00d8stfold.","breadcrumb":{"@id":"https:\/\/naturvernforbundet.no\/ostfold\/horingsuttalelser-og-innspill\/#breadcrumb"},"inLanguage":"nb-NO","potentialAction":[{"@type":"ReadAction","target":["https:\/\/naturvernforbundet.no\/ostfold\/horingsuttalelser-og-innspill\/"]}]},{"@type":"BreadcrumbList","@id":"https:\/\/naturvernforbundet.no\/ostfold\/horingsuttalelser-og-innspill\/#breadcrumb","itemListElement":[{"@type":"ListItem","position":1,"name":"Till naturvernforbundet.no","item":"https:\/\/naturvernforbundet.no\/"},{"@type":"ListItem","position":2,"name":"\u00d8stfold","item":"https:\/\/naturvernforbundet.no\/ostfold\/"},{"@type":"ListItem","position":3,"name":"H\u00f8ringsuttalelser og innspill"}]},{"@type":"WebSite","@id":"https:\/\/naturvernforbundet.no\/ostfold\/#website","url":"https:\/\/naturvernforbundet.no\/ostfold\/","name":"\u00d8stfold","description":"Naturvernforbundet i \u00d8stfold","potentialAction":[{"@type":"SearchAction","target":{"@type":"EntryPoint","urlTemplate":"https:\/\/naturvernforbundet.no\/ostfold\/?s={search_term_string}"},"query-input":{"@type":"PropertyValueSpecification","valueRequired":true,"valueName":"search_term_string"}}],"inLanguage":"nb-NO"}]}},"_links":{"self":[{"href":"https:\/\/naturvernforbundet.no\/ostfold\/wp-json\/wp\/v2\/pages\/1254","targetHints":{"allow":["GET"]}}],"collection":[{"href":"https:\/\/naturvernforbundet.no\/ostfold\/wp-json\/wp\/v2\/pages"}],"about":[{"href":"https:\/\/naturvernforbundet.no\/ostfold\/wp-json\/wp\/v2\/types\/page"}],"author":[{"embeddable":true,"href":"https:\/\/naturvernforbundet.no\/ostfold\/wp-json\/wp\/v2\/users\/394"}],"replies":[{"embeddable":true,"href":"https:\/\/naturvernforbundet.no\/ostfold\/wp-json\/wp\/v2\/comments?post=1254"}],"version-history":[{"count":7,"href":"https:\/\/naturvernforbundet.no\/ostfold\/wp-json\/wp\/v2\/pages\/1254\/revisions"}],"predecessor-version":[{"id":1659,"href":"https:\/\/naturvernforbundet.no\/ostfold\/wp-json\/wp\/v2\/pages\/1254\/revisions\/1659"}],"wp:attachment":[{"href":"https:\/\/naturvernforbundet.no\/ostfold\/wp-json\/wp\/v2\/media?parent=1254"}],"wp:term":[{"taxonomy":"category","embeddable":true,"href":"https:\/\/naturvernforbundet.no\/ostfold\/wp-json\/wp\/v2\/categories?post=1254"}],"curies":[{"name":"wp","href":"https:\/\/api.w.org\/{rel}","templated":true}]}}