{"id":1279,"date":"2024-09-04T17:48:48","date_gmt":"2024-09-04T15:48:48","guid":{"rendered":"https:\/\/naturvernforbundet.no\/ostfold\/?page_id=1279"},"modified":"2024-09-05T16:05:55","modified_gmt":"2024-09-05T14:05:55","slug":"kampanjer","status":"publish","type":"page","link":"https:\/\/naturvernforbundet.no\/ostfold\/kampanjer\/","title":{"rendered":"Kampanjer"},"content":{"rendered":"\t<div class=\"template-page alignfull wp-block-naturvern-hero\">\n\t\t<div class=\"hero__inner\">\n\t\t\t<div class=\"hero__inner_blocks\">\n\t\t\t\t\t\t\t\t\n<h1 class=\"wp-block-post-title\">Kampanjer<\/h1>\n\n\n<p>Aktuelle kampanjer i \u00d8stfold.<\/p>\n\n\t\t\t<\/div>\n\t\t\t\t\t<\/div>\n\t\t\t<\/div>\n\t\n\n\n<div class=\"wp-block-columns is-layout-flex wp-container-core-columns-is-layout-1 wp-block-columns-is-layout-flex\">\n<div class=\"wp-block-column is-layout-flow wp-block-column-is-layout-flow\" style=\"flex-basis:49.98%\"><div class=\"t2-featured-query-post t2-featured-content is-post-type-post category-aktiviteter category-horingsuttalelser category-kampanjer category-lokallag category-nyheter category-viken-park tag-skog tag-toftebergskogen tag-vikenpark local-fredrikstad_hvaler wp-block-t2-featured-query-post\"><a class=\"t2-post-link wp-block-t2-post-link\" href=\"https:\/\/naturvernforbundet.no\/ostfold\/underskriftskampanje-la-skogen-leve\/\">\n<figure style=\"--t2-focal-point: 50% 50%;\" class=\"t2-post-featured-image has-image-ratio-4-3 wp-block-t2-post-featured-image\"><img loading=\"lazy\" decoding=\"async\" width=\"2000\" height=\"1333\" src=\"https:\/\/naturvernforbundet.no\/content\/uploads\/sites\/22\/2024\/09\/498d65e4-bb0f-41c2-9dc3-5379c52878ac.jpeg\" class=\"attachment-post-thumbnail size-post-thumbnail wp-post-image\" alt=\"\" srcset=\"https:\/\/naturvernforbundet.no\/content\/uploads\/sites\/22\/2024\/09\/498d65e4-bb0f-41c2-9dc3-5379c52878ac.jpeg 2000w, https:\/\/naturvernforbundet.no\/content\/uploads\/sites\/22\/2024\/09\/498d65e4-bb0f-41c2-9dc3-5379c52878ac-300x200.jpeg 300w, https:\/\/naturvernforbundet.no\/content\/uploads\/sites\/22\/2024\/09\/498d65e4-bb0f-41c2-9dc3-5379c52878ac-1024x682.jpeg 1024w, https:\/\/naturvernforbundet.no\/content\/uploads\/sites\/22\/2024\/09\/498d65e4-bb0f-41c2-9dc3-5379c52878ac-768x512.jpeg 768w, https:\/\/naturvernforbundet.no\/content\/uploads\/sites\/22\/2024\/09\/498d65e4-bb0f-41c2-9dc3-5379c52878ac-1536x1024.jpeg 1536w, https:\/\/naturvernforbundet.no\/content\/uploads\/sites\/22\/2024\/09\/498d65e4-bb0f-41c2-9dc3-5379c52878ac-1920x1280.jpeg 1920w\" sizes=\"auto, (max-width: 2000px) 100vw, 2000px\" \/><\/figure>\n\n<div class=\"wp-block-group alignfull is-layout-flow wp-block-group-is-layout-flow\">\n\t<h2 class=\"t2-post-title wp-block-t2-post-title\">Underskriftskampanje: La skogen leve!<\/h2>\n\t<p class=\"wp-block-naturvern-post-excerpt\">I skogen p\u00e5 Tofteberg i Fredrikstad planlegges n\u00e5 et av Norges st\u00f8rste naturinngrep &#8211; Viken Park.<\/p>\n\t\t<div class=\"wp-block-naturvern-post-meta\">\n\t\t\t\t\t<span class=\"cat\">\n\t\t\t\t\t\t\t\t\t<span><span class=\"tag-link\" data-href=\"https:\/\/naturvernforbundet.no\/ostfold\/category\/aktiviteter\/\">Aktiviteter<\/span><\/span>\n\t\t\t\t\t\t\t\t\t<span><span class=\"tag-link\" data-href=\"https:\/\/naturvernforbundet.no\/ostfold\/category\/horingsuttalelser\/\">H\u00f8ringsuttalelser<\/span><\/span>\n\t\t\t\t\t\t\t\t\t<span><span class=\"tag-link\" data-href=\"https:\/\/naturvernforbundet.no\/ostfold\/category\/kampanjer\/\">Kampanjer<\/span><\/span>\n\t\t\t\t\t\t\t\t\t<span><span class=\"tag-link\" data-href=\"https:\/\/naturvernforbundet.no\/ostfold\/category\/lokallag\/\">Lokallag<\/span><\/span>\n\t\t\t\t\t\t\t\t\t<span><span class=\"tag-link\" data-href=\"https:\/\/naturvernforbundet.no\/ostfold\/category\/nyheter\/\">Nyheter<\/span><\/span>\n\t\t\t\t\t\t\t\t\t<span><span class=\"tag-link\" data-href=\"https:\/\/naturvernforbundet.no\/ostfold\/category\/viken-park\/\">Viken Park<\/span><\/span>\n\t\t\t\t\t\t\t<\/span>\n\t\t\t\t\t\t\t<span class=\"date\">05.09.2024<\/span>\n\t\t\t<\/div>\n\t\n<\/div>\n\n<\/a>\n<\/div><\/div>\n\n\n\n<div class=\"wp-block-column is-layout-flow wp-block-column-is-layout-flow\" style=\"flex-basis:50.02%\"><div class=\"t2-featured-query-post t2-featured-content is-post-type-page category-viken-park wp-block-t2-featured-query-post\"><a class=\"t2-post-link wp-block-t2-post-link\" href=\"https:\/\/naturvernforbundet.no\/ostfold\/viken-park\/\">\n<figure class=\"t2-post-featured-image has-image-ratio-4-3 wp-block-t2-post-featured-image\"><div class=\"t2-post-featured-image__fallback\">V<\/div><\/figure>\n\n<div class=\"wp-block-group alignfull is-layout-flow wp-block-group-is-layout-flow\">\n\t<h2 class=\"t2-post-title wp-block-t2-post-title\">Viken Park<\/h2>\n\t<p class=\"wp-block-naturvern-post-excerpt\"><\/p>\n\t\t<div class=\"wp-block-naturvern-post-meta\">\n\t\t\t\t\t<span class=\"cat\">\n\t\t\t\t\t\t\t\t\t<span><span class=\"tag-link\" data-href=\"https:\/\/naturvernforbundet.no\/ostfold\/category\/viken-park\/\">Viken Park<\/span><\/span>\n\t\t\t\t\t\t\t<\/span>\n\t\t\t\t\t<\/div>\n\t\n<\/div>\n\n<\/a>\n<\/div><\/div>\n<\/div>\n","protected":false},"excerpt":{"rendered":"","protected":false},"author":394,"featured_media":0,"parent":0,"menu_order":0,"comment_status":"closed","ping_status":"closed","template":"","meta":{"_relevanssi_hide_post":"","_relevanssi_hide_content":"","_relevanssi_pin_for_all":"","_relevanssi_pin_keywords":"","_relevanssi_unpin_keywords":"","_relevanssi_related_keywords":"","_relevanssi_related_include_ids":"","_relevanssi_related_exclude_ids":"","_relevanssi_related_no_append":"","_relevanssi_related_not_related":"","_relevanssi_related_posts":"896,58,234,194,1035,92","_relevanssi_noindex_reason":"","hide_logo":false,"footnotes":""},"categories":[84,89,83,4],"class_list":["post-1279","page","type-page","status-publish","hentry","category-horingsuttalelser","category-kampanjer","category-klima","category-nyheter"],"acf":[],"yoast_head":"<!-- This site is optimized with the Yoast SEO plugin v24.9 - https:\/\/yoast.com\/wordpress\/plugins\/seo\/ -->\n<title>Kampanjer - \u00d8stfold<\/title>\n<meta name=\"robots\" content=\"index, follow, max-snippet:-1, max-image-preview:large, max-video-preview:-1\" \/>\n<link rel=\"canonical\" href=\"https:\/\/naturvernforbundet.no\/ostfold\/kampanjer\/\" \/>\n<meta property=\"og:locale\" content=\"nb_NO\" \/>\n<meta property=\"og:type\" content=\"article\" \/>\n<meta property=\"og:title\" content=\"Kampanjer - \u00d8stfold\" \/>\n<meta property=\"og:url\" content=\"https:\/\/naturvernforbundet.no\/ostfold\/kampanjer\/\" \/>\n<meta property=\"og:site_name\" content=\"\u00d8stfold\" \/>\n<meta property=\"article:modified_time\" content=\"2024-09-05T14:05:55+00:00\" \/>\n<meta name=\"twitter:card\" content=\"summary_large_image\" \/>\n<meta name=\"twitter:label1\" content=\"Ansl. lesetid\" \/>\n\t<meta name=\"twitter:data1\" content=\"1 minutt\" \/>\n<script type=\"application\/ld+json\" class=\"yoast-schema-graph\">{\"@context\":\"https:\/\/schema.org\",\"@graph\":[{\"@type\":\"WebPage\",\"@id\":\"https:\/\/naturvernforbundet.no\/ostfold\/kampanjer\/\",\"url\":\"https:\/\/naturvernforbundet.no\/ostfold\/kampanjer\/\",\"name\":\"Kampanjer - \u00d8stfold\",\"isPartOf\":{\"@id\":\"https:\/\/naturvernforbundet.no\/ostfold\/#website\"},\"datePublished\":\"2024-09-04T15:48:48+00:00\",\"dateModified\":\"2024-09-05T14:05:55+00:00\",\"breadcrumb\":{\"@id\":\"https:\/\/naturvernforbundet.no\/ostfold\/kampanjer\/#breadcrumb\"},\"inLanguage\":\"nb-NO\",\"potentialAction\":[{\"@type\":\"ReadAction\",\"target\":[\"https:\/\/naturvernforbundet.no\/ostfold\/kampanjer\/\"]}]},{\"@type\":\"BreadcrumbList\",\"@id\":\"https:\/\/naturvernforbundet.no\/ostfold\/kampanjer\/#breadcrumb\",\"itemListElement\":[{\"@type\":\"ListItem\",\"position\":1,\"name\":\"Till naturvernforbundet.no\",\"item\":\"https:\/\/naturvernforbundet.no\/\"},{\"@type\":\"ListItem\",\"position\":2,\"name\":\"\u00d8stfold\",\"item\":\"https:\/\/naturvernforbundet.no\/ostfold\/\"},{\"@type\":\"ListItem\",\"position\":3,\"name\":\"Kampanjer\"}]},{\"@type\":\"WebSite\",\"@id\":\"https:\/\/naturvernforbundet.no\/ostfold\/#website\",\"url\":\"https:\/\/naturvernforbundet.no\/ostfold\/\",\"name\":\"\u00d8stfold\",\"description\":\"Naturvernforbundet i \u00d8stfold\",\"potentialAction\":[{\"@type\":\"SearchAction\",\"target\":{\"@type\":\"EntryPoint\",\"urlTemplate\":\"https:\/\/naturvernforbundet.no\/ostfold\/?s={search_term_string}\"},\"query-input\":{\"@type\":\"PropertyValueSpecification\",\"valueRequired\":true,\"valueName\":\"search_term_string\"}}],\"inLanguage\":\"nb-NO\"}]}<\/script>\n<!-- \/ Yoast SEO plugin. -->","yoast_head_json":{"title":"Kampanjer - \u00d8stfold","robots":{"index":"index","follow":"follow","max-snippet":"max-snippet:-1","max-image-preview":"max-image-preview:large","max-video-preview":"max-video-preview:-1"},"canonical":"https:\/\/naturvernforbundet.no\/ostfold\/kampanjer\/","og_locale":"nb_NO","og_type":"article","og_title":"Kampanjer - \u00d8stfold","og_url":"https:\/\/naturvernforbundet.no\/ostfold\/kampanjer\/","og_site_name":"\u00d8stfold","article_modified_time":"2024-09-05T14:05:55+00:00","twitter_card":"summary_large_image","twitter_misc":{"Ansl. lesetid":"1 minutt"},"schema":{"@context":"https:\/\/schema.org","@graph":[{"@type":"WebPage","@id":"https:\/\/naturvernforbundet.no\/ostfold\/kampanjer\/","url":"https:\/\/naturvernforbundet.no\/ostfold\/kampanjer\/","name":"Kampanjer - \u00d8stfold","isPartOf":{"@id":"https:\/\/naturvernforbundet.no\/ostfold\/#website"},"datePublished":"2024-09-04T15:48:48+00:00","dateModified":"2024-09-05T14:05:55+00:00","breadcrumb":{"@id":"https:\/\/naturvernforbundet.no\/ostfold\/kampanjer\/#breadcrumb"},"inLanguage":"nb-NO","potentialAction":[{"@type":"ReadAction","target":["https:\/\/naturvernforbundet.no\/ostfold\/kampanjer\/"]}]},{"@type":"BreadcrumbList","@id":"https:\/\/naturvernforbundet.no\/ostfold\/kampanjer\/#breadcrumb","itemListElement":[{"@type":"ListItem","position":1,"name":"Till naturvernforbundet.no","item":"https:\/\/naturvernforbundet.no\/"},{"@type":"ListItem","position":2,"name":"\u00d8stfold","item":"https:\/\/naturvernforbundet.no\/ostfold\/"},{"@type":"ListItem","position":3,"name":"Kampanjer"}]},{"@type":"WebSite","@id":"https:\/\/naturvernforbundet.no\/ostfold\/#website","url":"https:\/\/naturvernforbundet.no\/ostfold\/","name":"\u00d8stfold","description":"Naturvernforbundet i \u00d8stfold","potentialAction":[{"@type":"SearchAction","target":{"@type":"EntryPoint","urlTemplate":"https:\/\/naturvernforbundet.no\/ostfold\/?s={search_term_string}"},"query-input":{"@type":"PropertyValueSpecification","valueRequired":true,"valueName":"search_term_string"}}],"inLanguage":"nb-NO"}]}},"_links":{"self":[{"href":"https:\/\/naturvernforbundet.no\/ostfold\/wp-json\/wp\/v2\/pages\/1279","targetHints":{"allow":["GET"]}}],"collection":[{"href":"https:\/\/naturvernforbundet.no\/ostfold\/wp-json\/wp\/v2\/pages"}],"about":[{"href":"https:\/\/naturvernforbundet.no\/ostfold\/wp-json\/wp\/v2\/types\/page"}],"author":[{"embeddable":true,"href":"https:\/\/naturvernforbundet.no\/ostfold\/wp-json\/wp\/v2\/users\/394"}],"replies":[{"embeddable":true,"href":"https:\/\/naturvernforbundet.no\/ostfold\/wp-json\/wp\/v2\/comments?post=1279"}],"version-history":[{"count":6,"href":"https:\/\/naturvernforbundet.no\/ostfold\/wp-json\/wp\/v2\/pages\/1279\/revisions"}],"predecessor-version":[{"id":1394,"href":"https:\/\/naturvernforbundet.no\/ostfold\/wp-json\/wp\/v2\/pages\/1279\/revisions\/1394"}],"wp:attachment":[{"href":"https:\/\/naturvernforbundet.no\/ostfold\/wp-json\/wp\/v2\/media?parent=1279"}],"wp:term":[{"taxonomy":"category","embeddable":true,"href":"https:\/\/naturvernforbundet.no\/ostfold\/wp-json\/wp\/v2\/categories?post=1279"}],"curies":[{"name":"wp","href":"https:\/\/api.w.org\/{rel}","templated":true}]}}